{"id":239,"date":"2018-04-11T13:34:59","date_gmt":"2018-04-11T11:34:59","guid":{"rendered":"http:\/\/cyklos.stage.tankbar.cloud\/?page_id=239"},"modified":"2022-03-22T08:36:55","modified_gmt":"2022-03-22T07:36:55","slug":"hankkeet","status":"publish","type":"page","link":"https:\/\/cyklos.stage.tankbar.cloud\/fi\/hankkeet\/","title":{"rendered":"Referensobjekt"},"content":{"rendered":"","protected":false},"excerpt":{"rendered":"","protected":false},"author":1,"featured_media":0,"parent":0,"menu_order":0,"comment_status":"closed","ping_status":"closed","template":"templates\/reference.php","meta":{"_acf_changed":false,"footnotes":""},"class_list":["post-239","page","type-page","status-publish","hentry"],"acf":[],"yoast_head":"<!-- This site is optimized with the Yoast SEO plugin v27.2 - https:\/\/yoast.com\/product\/yoast-seo-wordpress\/ -->\n<title>Hankkeet - Py\u00f6r\u00e4pys\u00e4k\u00f6inti projekteja Cyklokselta | Cyklos - Suomi<\/title>\n<meta name=\"description\" content=\"Sivulla on poimintoja erilaisista hankkeista johon olemme toimittaneet Cykloksen py\u00f6r\u00e4pys\u00e4k\u00f6intiratkaisuja\" \/>\n<meta name=\"robots\" content=\"noindex, follow, max-snippet:-1, max-image-preview:large, max-video-preview:-1\" \/>\n<meta property=\"og:locale\" content=\"fi_FI\" \/>\n<meta property=\"og:type\" content=\"article\" \/>\n<meta property=\"og:title\" content=\"Hankkeet - Py\u00f6r\u00e4pys\u00e4k\u00f6inti projekteja Cyklokselta | Cyklos - Suomi\" \/>\n<meta property=\"og:description\" content=\"Sivulla on poimintoja erilaisista hankkeista johon olemme toimittaneet Cykloksen py\u00f6r\u00e4pys\u00e4k\u00f6intiratkaisuja\" \/>\n<meta property=\"og:url\" content=\"https:\/\/cyklos.stage.tankbar.cloud\/fi\/hankkeet\/\" \/>\n<meta property=\"og:site_name\" content=\"Cyklos | Finland\" \/>\n<meta property=\"article:modified_time\" content=\"2022-03-22T07:36:55+00:00\" \/>\n<meta name=\"twitter:card\" content=\"summary_large_image\" \/>\n<script type=\"application\/ld+json\" class=\"yoast-schema-graph\">{\"@context\":\"https:\/\/schema.org\",\"@graph\":[{\"@type\":\"WebPage\",\"@id\":\"https:\/\/cyklos.stage.tankbar.cloud\/fi\/hankkeet\/\",\"url\":\"https:\/\/cyklos.stage.tankbar.cloud\/fi\/hankkeet\/\",\"name\":\"Hankkeet - Py\u00f6r\u00e4pys\u00e4k\u00f6inti projekteja Cyklokselta | Cyklos - Suomi\",\"isPartOf\":{\"@id\":\"https:\/\/cyklos.stage.tankbar.cloud\/fi\/#website\"},\"datePublished\":\"2018-04-11T11:34:59+00:00\",\"dateModified\":\"2022-03-22T07:36:55+00:00\",\"description\":\"Sivulla on poimintoja erilaisista hankkeista johon olemme toimittaneet Cykloksen py\u00f6r\u00e4pys\u00e4k\u00f6intiratkaisuja\",\"breadcrumb\":{\"@id\":\"https:\/\/cyklos.stage.tankbar.cloud\/fi\/hankkeet\/#breadcrumb\"},\"inLanguage\":\"fi\",\"potentialAction\":[{\"@type\":\"ReadAction\",\"target\":[\"https:\/\/cyklos.stage.tankbar.cloud\/fi\/hankkeet\/\"]}]},{\"@type\":\"BreadcrumbList\",\"@id\":\"https:\/\/cyklos.stage.tankbar.cloud\/fi\/hankkeet\/#breadcrumb\",\"itemListElement\":[{\"@type\":\"ListItem\",\"position\":1,\"name\":\"Home\",\"item\":\"https:\/\/cyklos.stage.tankbar.cloud\/fi\/\"},{\"@type\":\"ListItem\",\"position\":2,\"name\":\"Referensobjekt\"}]},{\"@type\":\"WebSite\",\"@id\":\"https:\/\/cyklos.stage.tankbar.cloud\/fi\/#website\",\"url\":\"https:\/\/cyklos.stage.tankbar.cloud\/fi\/\",\"name\":\"Cyklos | Finland\",\"description\":\"Tulevaisuuden liikenne alkaa meilt\u00e4!\",\"potentialAction\":[{\"@type\":\"SearchAction\",\"target\":{\"@type\":\"EntryPoint\",\"urlTemplate\":\"https:\/\/cyklos.stage.tankbar.cloud\/fi\/?s={search_term_string}\"},\"query-input\":{\"@type\":\"PropertyValueSpecification\",\"valueRequired\":true,\"valueName\":\"search_term_string\"}}],\"inLanguage\":\"fi\"}]}<\/script>\n<!-- \/ Yoast SEO plugin. -->","yoast_head_json":{"title":"Hankkeet - Py\u00f6r\u00e4pys\u00e4k\u00f6inti projekteja Cyklokselta | Cyklos - Suomi","description":"Sivulla on poimintoja erilaisista hankkeista johon olemme toimittaneet Cykloksen py\u00f6r\u00e4pys\u00e4k\u00f6intiratkaisuja","robots":{"index":"noindex","follow":"follow","max-snippet":"max-snippet:-1","max-image-preview":"max-image-preview:large","max-video-preview":"max-video-preview:-1"},"og_locale":"fi_FI","og_type":"article","og_title":"Hankkeet - Py\u00f6r\u00e4pys\u00e4k\u00f6inti projekteja Cyklokselta | Cyklos - Suomi","og_description":"Sivulla on poimintoja erilaisista hankkeista johon olemme toimittaneet Cykloksen py\u00f6r\u00e4pys\u00e4k\u00f6intiratkaisuja","og_url":"https:\/\/cyklos.stage.tankbar.cloud\/fi\/hankkeet\/","og_site_name":"Cyklos | Finland","article_modified_time":"2022-03-22T07:36:55+00:00","twitter_card":"summary_large_image","schema":{"@context":"https:\/\/schema.org","@graph":[{"@type":"WebPage","@id":"https:\/\/cyklos.stage.tankbar.cloud\/fi\/hankkeet\/","url":"https:\/\/cyklos.stage.tankbar.cloud\/fi\/hankkeet\/","name":"Hankkeet - Py\u00f6r\u00e4pys\u00e4k\u00f6inti projekteja Cyklokselta | Cyklos - Suomi","isPartOf":{"@id":"https:\/\/cyklos.stage.tankbar.cloud\/fi\/#website"},"datePublished":"2018-04-11T11:34:59+00:00","dateModified":"2022-03-22T07:36:55+00:00","description":"Sivulla on poimintoja erilaisista hankkeista johon olemme toimittaneet Cykloksen py\u00f6r\u00e4pys\u00e4k\u00f6intiratkaisuja","breadcrumb":{"@id":"https:\/\/cyklos.stage.tankbar.cloud\/fi\/hankkeet\/#breadcrumb"},"inLanguage":"fi","potentialAction":[{"@type":"ReadAction","target":["https:\/\/cyklos.stage.tankbar.cloud\/fi\/hankkeet\/"]}]},{"@type":"BreadcrumbList","@id":"https:\/\/cyklos.stage.tankbar.cloud\/fi\/hankkeet\/#breadcrumb","itemListElement":[{"@type":"ListItem","position":1,"name":"Home","item":"https:\/\/cyklos.stage.tankbar.cloud\/fi\/"},{"@type":"ListItem","position":2,"name":"Referensobjekt"}]},{"@type":"WebSite","@id":"https:\/\/cyklos.stage.tankbar.cloud\/fi\/#website","url":"https:\/\/cyklos.stage.tankbar.cloud\/fi\/","name":"Cyklos | Finland","description":"Tulevaisuuden liikenne alkaa meilt\u00e4!","potentialAction":[{"@type":"SearchAction","target":{"@type":"EntryPoint","urlTemplate":"https:\/\/cyklos.stage.tankbar.cloud\/fi\/?s={search_term_string}"},"query-input":{"@type":"PropertyValueSpecification","valueRequired":true,"valueName":"search_term_string"}}],"inLanguage":"fi"}]}},"_links":{"self":[{"href":"https:\/\/cyklos.stage.tankbar.cloud\/fi\/wp-json\/wp\/v2\/pages\/239","targetHints":{"allow":["GET"]}}],"collection":[{"href":"https:\/\/cyklos.stage.tankbar.cloud\/fi\/wp-json\/wp\/v2\/pages"}],"about":[{"href":"https:\/\/cyklos.stage.tankbar.cloud\/fi\/wp-json\/wp\/v2\/types\/page"}],"author":[{"embeddable":true,"href":"https:\/\/cyklos.stage.tankbar.cloud\/fi\/wp-json\/wp\/v2\/users\/1"}],"replies":[{"embeddable":true,"href":"https:\/\/cyklos.stage.tankbar.cloud\/fi\/wp-json\/wp\/v2\/comments?post=239"}],"version-history":[{"count":22,"href":"https:\/\/cyklos.stage.tankbar.cloud\/fi\/wp-json\/wp\/v2\/pages\/239\/revisions"}],"predecessor-version":[{"id":32598,"href":"https:\/\/cyklos.stage.tankbar.cloud\/fi\/wp-json\/wp\/v2\/pages\/239\/revisions\/32598"}],"wp:attachment":[{"href":"https:\/\/cyklos.stage.tankbar.cloud\/fi\/wp-json\/wp\/v2\/media?parent=239"}],"curies":[{"name":"wp","href":"https:\/\/api.w.org\/{rel}","templated":true}]}}