{"id":245,"date":"2018-05-07T15:08:46","date_gmt":"2018-05-07T13:08:46","guid":{"rendered":"http:\/\/cyklos.stage.tankbar.cloud\/?page_id=245"},"modified":"2024-05-24T10:23:52","modified_gmt":"2024-05-24T08:23:52","slug":"tietoa-ja-tekniikka","status":"publish","type":"page","link":"https:\/\/cyklos.stage.tankbar.cloud\/fi\/tietoa-ja-tekniikka\/","title":{"rendered":"Tietoa ja tekniikkaa"},"content":{"rendered":"<div class=\"wpb-content-wrapper\"><p>[vc_row][vc_column][vc_column_text]<\/p>\n<h3>Digitaalinen esite<\/h3>\n<p>[\/vc_column_text][\/vc_column][\/vc_row][vc_row][vc_column width=&#8221;1\/2&#8243;][vc_column_text]Tutustu Cyklosin <a href=\"https:\/\/cyklos.stage.tankbar.cloud\/fi\/wp-content\/uploads\/sites\/8\/2023\/01\/Cyklos-Tuotekatalogi-2023-1.pdf\">koko py\u00f6r\u00e4pys\u00e4k\u00f6intivalikoimaan<\/a> k\u00e4tev\u00e4ss\u00e4 digitaalisessa muodossa. Napsauta linkki\u00e4 tai esitteen kuvaa. Se latautuu tietokoneellesi, tablettiisi tai \u00e4lypuhelimeesi.[\/vc_column_text][\/vc_column][vc_column width=&#8221;1\/2&#8243;][vc_single_image image=&#8221;33392&#8243; img_size=&#8221;full&#8221; onclick=&#8221;custom_link&#8221; link=&#8221;https:\/\/www.cyklos.se\/wp-content\/uploads\/sites\/8\/2023\/01\/Cyklos-Tuotekatalogi-2023-1.pdf&#8221;][\/vc_column][\/vc_row][vc_row][vc_column width=&#8221;2\/3&#8243;][vc_column_text]<\/p>\n<h3>Arkkitehtipalvelu<\/h3>\n<p>[\/vc_column_text][\/vc_column][vc_column width=&#8221;1\/3&#8243;][\/vc_column][\/vc_row][vc_row][vc_column width=&#8221;1\/2&#8243;][vc_column_text]Etsitk\u00f6 piirustuksia, tuoteselostustekstej\u00e4, asennusohjeita, hinnastoa tai kuvia? K\u00e4y rekister\u00f6itym\u00e4ss\u00e4 ja luo oma tili meid\u00e4n <a href=\"https:\/\/cyklos.stage.tankbar.cloud\/fi\/kirjaudu-sisaan-arkkitehtipalveluun\/\">arkkitehtipalveluumme<\/a>! Sielt\u00e4 l\u00f6yd\u00e4t kaiken tarvittavan ja tiedot ovat saatavana ymp\u00e4ri vuorokauden. Arkkitehtipalvelu on ilmainen.[\/vc_column_text][\/vc_column][vc_column width=&#8221;1\/2&#8243;][vc_video link=&#8221;https:\/\/youtu.be\/vE8OceJzrtk&#8221;][\/vc_column][\/vc_row][vc_row][vc_column][vc_column_text]<\/p>\n<h3>Tuote-esitteet<\/h3>\n<p>[\/vc_column_text][\/vc_column][\/vc_row][vc_row][vc_column width=&#8221;1\/2&#8243;][vc_column_text]Tuote-esitteet l\u00f6ytyv\u00e4t tuotesivuilta, mutta olemme my\u00f6s koonneet kaikki tuotteet yhteen tiedostoon, <a href=\"https:\/\/drive.google.com\/file\/d\/16QAWGqeF836uW67MrFkstpwE7rRwXtL0\/view?usp=sharing\">Tuotteet ja esitteet<\/a>.[\/vc_column_text][\/vc_column][vc_column width=&#8221;1\/2&#8243;][vc_single_image image=&#8221;32499&#8243; img_size=&#8221;medium&#8221;][\/vc_column][\/vc_row][vc_row][vc_column width=&#8221;1\/2&#8243;][vc_column_text]<\/p>\n<h3>Oppaat<\/h3>\n<p>[\/vc_column_text][\/vc_column][vc_column width=&#8221;1\/2&#8243;][\/vc_column][\/vc_row][vc_row][vc_column width=&#8221;1\/2&#8243;][vc_column_text]Haluamme Cykloksella helpottaa ty\u00f6t\u00e4nne mahdollisimman paljon. Ty\u00f6skenteletp\u00e4 sitten kunnalla tai arkkitehtitoimistolla, tiedon saanti pit\u00e4\u00e4 olla yht\u00e4 helppoa. Onko teill\u00e4 ajankohtainen hankinta tai suunnitteluty\u00f6 k\u00e4ynniss\u00e4? Tarvitsetteko p\u00e4\u00e4t\u00f6ksen tekoa varten apua? Onko teill\u00e4 erityisi\u00e4 ajatuksia koskien py\u00f6r\u00e4pys\u00e4k\u00f6inti\u00e4 ja sen hankintaa, tai jopa ihan alkuvaiheen suunnittelua? Helpottaaksemme teid\u00e4n ty\u00f6t\u00e4nne, olemme luoneet teille Py\u00f6r\u00e4pys\u00e4k\u00f6intioppaan sek\u00e4 yksityiskohtaisemman Py\u00f6r\u00e4tallioppaan!<\/p>\n<p><a href=\"\/fi\/whitepapers\/pyorapysakointiopas\/\">Py\u00f6r\u00e4pys\u00e4k\u00f6intiopas<\/a> | <a href=\"\/fi\/whitepapers\/pyoratalliopas\/\">Py\u00f6r\u00e4talliopas<\/a> | <a href=\"\/fi\/whitepapers\/pyoranhuoltopisteen-opas\/\">Py\u00f6r\u00e4nhuoltopisteen opas<\/a>[\/vc_column_text][\/vc_column][vc_column width=&#8221;1\/6&#8243;][vc_single_image image=&#8221;31339&#8243; img_size=&#8221;medium&#8221; onclick=&#8221;custom_link&#8221; link=&#8221;https:\/\/cyklos.stage.tankbar.cloud\/fi\/whitepapers\/pyorapysakointiopas\/&#8221;][\/vc_column][vc_column width=&#8221;1\/6&#8243;][vc_single_image image=&#8221;33422&#8243; img_size=&#8221;medium&#8221; onclick=&#8221;custom_link&#8221; link=&#8221;https:\/\/cyklos.stage.tankbar.cloud\/fi\/whitepapers\/pyoratalliopas\/&#8221;][\/vc_column][vc_column width=&#8221;1\/6&#8243;][vc_single_image image=&#8221;33344&#8243; img_size=&#8221;medium&#8221; onclick=&#8221;custom_link&#8221; link=&#8221;https:\/\/cyklos.stage.tankbar.cloud\/fi\/whitepapers\/pyoranhuoltopisteen-opas\/&#8221;][\/vc_column][\/vc_row][vc_row][vc_column][vc_column_text]<\/p>\n<h3>BIM-Objektit \/ 3D tiedostot suunnitteluun<\/h3>\n<p>[\/vc_column_text][\/vc_column][\/vc_row][vc_row][vc_column width=&#8221;1\/2&#8243;][vc_column_text]Lataa BIM-objekteja tuotteistamme, bimobjects sivuilta l\u00f6ytyy 12 eri tiedostomuotoa tuotteista (my\u00f6s yleisimm\u00e4t IFC, DWG jne.). Eri tiedostomuodot kaikille suunnittelijoille, jotta p\u00e4\u00e4sette heti eteenp\u00e4in suunnittelussa. Haluatteko n\u00e4hd\u00e4 milt\u00e4 tuote n\u00e4ytt\u00e4\u00e4 3D:n\u00e4? Vieraile sivuilla, valitse tuote ja sen j\u00e4lkeen voit py\u00f6ritell\u00e4 mallia. Lis\u00e4\u00e4mme koko ajan uusia tuotteita sivuille.[\/vc_column_text][\/vc_column][vc_column width=&#8221;1\/2&#8243;][vc_single_image image=&#8221;948&#8243; img_size=&#8221;medium&#8221; onclick=&#8221;custom_link&#8221; link=&#8221;https:\/\/www.bimobject.com\/fi\/cyklos&#8221;][\/vc_column][\/vc_row][vc_row][vc_column][vc_column_text]<\/p>\n<h3>Sertifikaatit<\/h3>\n<p>[\/vc_column_text][vc_row_inner][vc_column_inner width=&#8221;1\/2&#8243;][vc_column_text]<a href=\"https:\/\/cyklos.stage.tankbar.cloud\/fi\/wp-content\/uploads\/sites\/8\/2018\/11\/10118-01en.pdf\">Katokset ja tallit<\/a> ovat CE-merkittyj\u00e4 ja auditoitu Inspecta\/Kiwa EN 1090-1:2009 A1:2011 mukaan.[\/vc_column_text][\/vc_column_inner][vc_column_inner width=&#8221;1\/2&#8243;][vc_single_image image=&#8221;1318&#8243; img_size=&#8221;70&#215;130&#8243;][\/vc_column_inner][\/vc_row_inner][vc_row_inner][vc_column_inner width=&#8221;1\/2&#8243;][vc_column_text]Cyklokselle\u00a0on my\u00f6nnetty <strong>Luotettava kumppani-tunnus<\/strong>, Tilaajavastuu. Yrityksemme raportti saatavana ilmaiseksi tilaajavastuu palvelusta (www.tilaajavastuu.fi).[\/vc_column_text][\/vc_column_inner][vc_column_inner width=&#8221;1\/2&#8243;][vc_single_image image=&#8221;31267&#8243; img_size=&#8221;medium&#8221;][\/vc_column_inner][\/vc_row_inner][\/vc_column][\/vc_row][vc_row css=&#8221;.vc_custom_1525338423248{margin-bottom: 60px !important;}&#8221;][vc_column width=&#8221;1\/2&#8243;][vc_column_text]<em>Tuotteemme jotka on hyv\u00e4ksytty \u201d<a href=\"https:\/\/byggvarubedomningen.se\/in-english\/\">Byggvarubed\u00f6mningen<\/a>\u00ae\u201d kautta l\u00f6ytyy tuotesivuilta, mm. DELTA, OPTIMA, LINK, FLOW, KAPPA jne.<br \/>\nByggvarubed\u00f6mningen on\u00a0ymp\u00e4rist\u00f6sertifikaatti rakennustarvikkeille, kest\u00e4v\u00e4\u00e4n ja pitk\u00e4aikaiseen rakentamiseen.<\/em>[\/vc_column_text][\/vc_column][vc_column width=&#8221;1\/2&#8243;][vc_row_inner][vc_column_inner][vc_single_image image=&#8221;33609&#8243; img_size=&#8221;medium&#8221; css=&#8221;&#8221;][\/vc_column_inner][\/vc_row_inner][\/vc_column][\/vc_row][vc_row css=&#8221;.vc_custom_1525338423248{margin-bottom: 60px !important;}&#8221;][vc_column width=&#8221;1\/2&#8243;][vc_column_text]Tuotteemme on arvoitu Ruotsissa <a href=\"https:\/\/www.sundahus.se\/om-oss\/\">SundaHus<\/a> kautta. SundaHus tarkistaa tuotteiden elinkaaren, jotta ne edist\u00e4v\u00e4t ihmisten terveytt\u00e4 sek\u00e4 ymp\u00e4rist\u00f6n hyvinvointia. T\u00e4m\u00e4 tarjoaa kiinteist\u00f6n omistajille turvallisuutta sek\u00e4 nyt, ett\u00e4 tulevaisuudessa.[\/vc_column_text][\/vc_column][vc_column width=&#8221;1\/2&#8243;][vc_single_image image=&#8221;33611&#8243; img_size=&#8221;130&#215;140&#8243; css=&#8221;&#8221;][\/vc_column][\/vc_row][vc_row][vc_column][vc_column_text]<\/p>\n<h3 style=\"text-align: left;\">Kysymyksi\u00e4<\/h3>\n<h3><\/h3>\n<p>[\/vc_column_text][\/vc_column][vc_column width=&#8221;1\/2&#8243;][vc_toggle title=&#8221;Mit\u00e4 tarkoittaa kuljetusehto EXW?&#8221; size=&#8221;sm&#8221; el_id=&#8221;1527000901182-e4475b23-6cab&#8221;]EXW tarkoittaa ett\u00e4 asikas\/tilaaja maksaa rahdin kustannukset tehtaalta toimitusosoitteeseen.<\/p>\n<p>[\/vc_toggle][vc_toggle title=&#8221;Kuinka tarjousj\u00e4rjestelm\u00e4 toimii?&#8221; size=&#8221;sm&#8221; el_id=&#8221;1527000911620-0ca16384-6d51&#8243;]Se toimii tavanomaisen e-myym\u00e4l\u00e4n tavoin. Tuotteet laitetaan \u201dasiakaskoriin\u201d, ja lopuksi l\u00e4hetet\u00e4\u00e4n tarjouspyynt\u00f6. T\u00e4m\u00e4n j\u00e4lkeen saat meilt\u00e4 kysytyist\u00e4 tuotteista tarjouksen antamaasi s\u00e4hk\u00f6postiosoitteeseen. Tarkemmat menettelyohjeet l\u00f6yd\u00e4t Tarjoussivulta.[\/vc_toggle][vc_toggle title=&#8221;Kuinka pitk\u00e4 tavallinen polkupy\u00f6r\u00e4 on?&#8221; size=&#8221;sm&#8221; el_id=&#8221;1527000911395-1947e9e6-61bf&#8221;]Tavanomainen mitta on 1850 mm.[\/vc_toggle][vc_toggle title=&#8221;Mit\u00e4 kaikki lyhenteet ja k\u00e4sitteet tarkoittavat?&#8221; size=&#8221;sm&#8221; el_id=&#8221;1527000911053-62132d98-5123&#8243;]jm \u2013 juoksumetri<br \/>\np \u2013 paikat<br \/>\nyksipuol.as. \u2013 yksipuolinen asennus (sis\u00e4\u00e4nk\u00e4ynti yhdelt\u00e4 puolelta)<br \/>\nkaksipuol.as \u2013 kaksipuolinen asennus (sis\u00e4\u00e4nk\u00e4ynti kahdelta puolelta)<br \/>\nKS \u2013 kuumasinkitty<br \/>\nPK \u2013 polykarbonaatti<br \/>\nRAL \u2013 RAL on v\u00e4rij\u00e4rjestelm\u00e4, jolla n\u00e4ytet\u00e4\u00e4n eri v\u00e4rit.<br \/>\n\u00d8 \u2013 halkaisija<br \/>\nk\/k \u2013 et\u00e4isyys keskirei\u00e4st\u00e4 keskireik\u00e4\u00e4n<br \/>\nsedum \u2013 maksaruohojen tieteellinen nimi, maksaruoho- tai viherkatto<br \/>\nsedum-katto \u2013 katto, jonka p\u00e4\u00e4ll\u00e4 kasvaa maksaruohoa[\/vc_toggle][\/vc_column][vc_column width=&#8221;1\/2&#8243;][vc_toggle title=&#8221;Mit\u00e4 etua on kuumasinkityksest\u00e4 verratuna muihin ruosteensuojamenetelmiin?&#8221; size=&#8221;sm&#8221; el_id=&#8221;1527000123724-e5a966c8-1648&#8243;]Kuumasinkitty ter\u00e4s on hyvin kest\u00e4v\u00e4\u00e4, ja k\u00e4yt\u00e4nn\u00f6ss\u00e4 kuumasinkitys on huoltovapaa pintak\u00e4sittely. Vahva korroosiosuoja, jolla on pitk\u00e4 elinik\u00e4 verrattuna muihin pintak\u00e4sittelyihin. Kuumasinkityn pinnan pienet vauriot korjautuvat itsest\u00e4\u00e4n. Kuumasinkitty pinta voidaan jauhemaalata halutun v\u00e4riseksi.[\/vc_toggle][vc_toggle title=&#8221;Kuinka kauan kuumasinkitty pinta kest\u00e4\u00e4?&#8221; size=&#8221;sm&#8221; el_id=&#8221;1527000905660-844953b4-a00b&#8221;]Kuumasinkitty pinta on yleens\u00e4 70 \u03bcm paksu. Kulumista tapahtuu Ruotsissa ja Suomessa 1,5 \u03bcm vuodessa. Pinta kest\u00e4\u00e4 siten 50 vuotta. Joillakin Ruotsin l\u00e4nsirannikon alueilla kulutus on suurempi: noin 3,5 \u03bcm vuodessa. Pinta kest\u00e4\u00e4 silloin 20\u201325 vuotta, jos valitaan saman paksuinen kuumasinkitys.[\/vc_toggle][vc_toggle title=&#8221;Kuinka suuret ovat valmiit betoniperustukset?&#8221; size=&#8221;sm&#8221; el_id=&#8221;1527000909395-14e23474-0196&#8243;]Suuret pohjat, joita k\u00e4ytet\u00e4\u00e4n py\u00f6r\u00e4katoksen ja s\u00e4\u00e4suojan kiinnitykseen, ovat 250 mm syvi\u00e4. Paino n. 400 kg.<br \/>\nPienet pohjat, joita k\u00e4ytet\u00e4\u00e4n DELTA- ja OMEGA-py\u00f6r\u00e4telineen kiinnitykseen, ovat 90 mm syvi\u00e4.[\/vc_toggle][vc_toggle title=&#8221;Ovatko betoniperustukset esiporattuja?&#8221; size=&#8221;sm&#8221; el_id=&#8221;1527000904807-f7c9290f-b030&#8243;]Eiv\u00e4t. Asennuksen helpottamiseksi py\u00f6r\u00e4teline tai s\u00e4\u00e4suoja porataan ja pultataan ly\u00f6ntiankkureilla paikalleen asennuspaikalla.[\/vc_toggle][\/vc_column][\/vc_row][vc_row][vc_column css=&#8221;.vc_custom_1529391890654{padding-top: 30px !important;}&#8221;][vc_column_text]<\/p>\n<h3 style=\"text-align: left;\">Kysymyksi\u00e4 py\u00f6r\u00e4telineist\u00e4<\/h3>\n<p>[\/vc_column_text][\/vc_column][\/vc_row][vc_row][vc_column width=&#8221;1\/2&#8243;][vc_toggle title=&#8221;Mink\u00e4 py\u00f6r\u00e4telinemallin valitsen?&#8221; size=&#8221;sm&#8221; el_id=&#8221;1527149585557-0fd6d962-131b&#8221;]Py\u00f6r\u00e4telineen valinta riippuu pys\u00e4k\u00f6intitarpeesta, olosuhteista ja makuasioista.<br \/>\nOpastamme asiakkaitamme n\u00e4in:<br \/>\nDELTA \u2013 jos haluat runkolukon, mahdollisuuden viistopys\u00e4k\u00f6intiin, jos tilasta on pulaa tai jos haluat sein\u00e4asennuksen. Luo j\u00e4rjestyst\u00e4 pys\u00e4k\u00f6intiin. Suosituin py\u00f6r\u00e4telineemme!<br \/>\nBETA \u2013 py\u00f6r\u00e4tolppa, ilmava, antaa mahdollisuuden lukita lukkokettingill\u00e4 sek\u00e4 py\u00f6r\u00e4n ett\u00e4 moottoripy\u00f6r\u00e4n.<br \/>\nOMEGA \u2013 py\u00f6r\u00e4tolppa, ilmava, suuri rengas, jolla py\u00f6r\u00e4 lukitaan rungostaan, lukkokettinki lis\u00e4tarvikkeena.<br \/>\nLUX \u2013 kun haluat tyylik\u00e4st\u00e4 muotoilua ja mahdollisuuden valaistukseen. K\u00e4ytet\u00e4\u00e4n usein sis\u00e4\u00e4nk\u00e4ynnin luona, toreilla ja k\u00e4velykaduilla.<br \/>\nXERXES \u2013 kun tarve on saada monta py\u00f6r\u00e4\u00e4 pieneen tilaan. Paikkana on usein py\u00f6r\u00e4varasto, tuote on suosittu my\u00f6s ulkona.<br \/>\nZETA \u2013 kun tarvitset tilap\u00e4isen py\u00f6r\u00e4pys\u00e4k\u00f6intipaikan. Helppo kuljettaa ja varastoida. K\u00e4yt\u00f6ss\u00e4 usein rakennuspaikoilla ja tapahtumissa.<br \/>\nROTOFLEX \u2013 kun py\u00f6r\u00e4varastossa on tilanpuute, ja haluat ripustaa py\u00f6r\u00e4t yl\u00f6s ja pystysuuntaan.[\/vc_toggle][vc_toggle title=&#8221;Mik\u00e4 py\u00f6r\u00e4teline sopii sis\u00e4tiloihin?&#8221; size=&#8221;sm&#8221; el_id=&#8221;1527149631426-7ea9cd71-3e4c&#8221;]Usein py\u00f6r\u00e4varastossa vallitsee tilanpuute ja huono j\u00e4rjestys. Jos tilaa on runsaasti, suosittelemme DELTA-mallin sein\u00e4versiota. DELTA luo j\u00e4rjestyst\u00e4 tilaan, sen voi asettaa viistoon, ja mukana on arvostettu runkolukitusmahdollisuus. Jos on tarve saada tilaa useammalle py\u00f6r\u00e4lle, XERXES on hyv\u00e4 valinta. Jos lattiapinta-ala on rajallinen, ROTOFLEX voi ratkaista s\u00e4ilytysongelman, sill\u00e4 sen avulla py\u00f6r\u00e4t ripustetaan yl\u00f6s.<\/p>\n<p>Nyt my\u00f6s kaksikerroksinen py\u00f6r\u00e4telineemme OPTIMA[\/vc_toggle][vc_toggle title=&#8221;Mik\u00e4 ero on py\u00f6r\u00e4pollarilla ja py\u00f6r\u00e4telineell\u00e4?&#8221; size=&#8221;sm&#8221; el_id=&#8221;1527149646016-00e2798a-aa78&#8243;]Py\u00f6r\u00e4tolppa\/py\u00f6r\u00e4pollari on vapaasti seisova, telineess\u00e4 py\u00f6r\u00e4paikat ovat riviss\u00e4. Py\u00f6r\u00e4telinett\u00e4 k\u00e4ytet\u00e4\u00e4n usein silloin, kun py\u00f6r\u00e4 halutaan pys\u00e4k\u00f6id\u00e4 pidemm\u00e4ksi ajaksi, kun taas tolppa soveltuu parhaiten lyhytaikaiseen pys\u00e4k\u00f6intiin.[\/vc_toggle][vc_toggle title=&#8221;Saako py\u00f6r\u00e4telineen erilaisissa RAL-s\u00e4vyiss\u00e4?&#8221; size=&#8221;sm&#8221; el_id=&#8221;1527149673211-b4adccfd-99ab&#8221;]Kyll\u00e4, niit\u00e4 saa kaikissa RAL-v\u00e4reiss\u00e4. Perusmalli on musta RAL 9005.[\/vc_toggle][\/vc_column][vc_column width=&#8221;1\/2&#8243;][vc_toggle title=&#8221;Miten menetell\u00e4\u00e4n jos py\u00f6r\u00e4teline on asennettava kaltevaan kohteeseen?&#8221; size=&#8221;sm&#8221; el_id=&#8221;1527149778368-f27cb29b-a991&#8243;]Yli 2,5 % kaltevuus ei ole suositeltava DELTA-telineen asennukseen. Kahden metrin pituinen teline p\u00e4\u00e4tyy silloin asentoon, jossa ala- ja yl\u00e4osan v\u00e4lill\u00e4 on 5 cm:n ero. Jos kaltevuus on yli 2,5 %, voidaan k\u00e4ytt\u00e4\u00e4 porrasmenetelm\u00e4\u00e4 ja kahta ulkotolppaa keskitolppien sijasta. Toisin sanoen asennettaessa DELTA kaltevaan asentoon, pitk\u00e4 teline jaetaan useampaan osaan. Silloin korkeusero telinett\u00e4 kohti ei muodostu liian suureksi.<\/p>\n<p>Kannattaa my\u00f6s harkita DELTAn sijaan BETA- tai OMEGA-py\u00f6r\u00e4tolppaa.[\/vc_toggle][vc_toggle title=&#8221;Onko mahdollista yhdist\u00e4\u00e4 samaan pituuteen yksi- tai kaksipuolinen asennus?&#8221; size=&#8221;sm&#8221; el_id=&#8221;1527150200562-2be64c6a-8b8d&#8221;]Kyll\u00e4 on, eik\u00e4 se aiheuta lis\u00e4kustannuksia.[\/vc_toggle][vc_toggle title=&#8221;Mit\u00e4 k\/k mittaa suosittelette?&#8221; size=&#8221;sm&#8221; el_id=&#8221;1527150244169-7c524984-91b3&#8243;]Se riippuu py\u00f6r\u00e4telinetyypist\u00e4, sijoituspaikasta ja toiveista. Suositeltu k\/k-mitta on alkaen 400\u2013700 mm. Viistoasennuksessa k\/k-mitta on pienempi. T\u00e4n\u00e4 p\u00e4iv\u00e4n\u00e4 monssa kohteissa vaaditaan jo 600-700mm jakoa keskustaymp\u00e4rist\u00f6iss\u00e4.<br \/>\nVinkki, yhdist\u00e4 erilaiset k\/k mitat kohteessa![\/vc_toggle][\/vc_column][\/vc_row][vc_row][vc_column css=&#8221;.vc_custom_1529391947528{padding-top: 30px !important;}&#8221;][vc_column_text]<\/p>\n<h3 style=\"text-align: left;\">Kysymyksi\u00e4 py\u00f6r\u00e4katoksista<\/h3>\n<p>[\/vc_column_text][\/vc_column][\/vc_row][vc_row][vc_column width=&#8221;1\/2&#8243;][vc_toggle title=&#8221;Mink\u00e4 katoksen valitsen?&#8221; size=&#8221;sm&#8221; el_id=&#8221;1527150373716-4fee2e85-a07f&#8221;]Kun py\u00f6r\u00e4t halutaan suojata lumelta ja sateelta, suosittelisimme silloin KAPPA, jos py\u00f6r\u00e4t tuodaan sis\u00e4\u00e4n vain toiselta sivulta, ja YPSILON, jos py\u00f6r\u00e4t tuodaan sis\u00e4\u00e4n molemmilta sivuilta.<br \/>\nJos haluat kehittyneemm\u00e4n katoksen esimerkiksi s\u00e4hk\u00f6autojen latausasemalle tai odotuspaikalle, kannattaa tutustua malliin LIGHT. Siihen voi yhdist\u00e4\u00e4 my\u00f6s aurinkopaneelit \u2013 SUNLIGHT!<br \/>\nJos haluat s\u00e4\u00e4suojaan sein\u00e4t tai kenties lukitusmahdollisuuden koko tilaan, paras valinta on YARD. Valinta voi riippua my\u00f6s makuasioista.[\/vc_toggle][vc_toggle title=&#8221;Voidaanko katosta\/s\u00e4\u00e4suoja k\u00e4ytt\u00e4\u00e4 muissa kohteissa?&#8221; size=&#8221;sm&#8221; el_id=&#8221;1527150399628-b0d220d2-6bc5&#8243;]S\u00e4\u00e4suojan alla voi toki s\u00e4ilytt\u00e4\u00e4 vaikkapa lastenvaunuja tai moottoripy\u00f6ri\u00e4.<br \/>\nLIGHT-katos sopii my\u00f6s s\u00e4hk\u00f6autojen latausasemien, istuinpenkkien, odotustilojen ym. suojaksi. Esimerkiksi Vantaalla on KAPPA katos viherkatolla koirapuiston sis\u00e4ll\u00e4 s\u00e4\u00e4suojana.[\/vc_toggle][\/vc_column][vc_column width=&#8221;1\/2&#8243;][vc_toggle title=&#8221;Onko Cyklosella maksaruohokatos (sedum) toimittajaa?&#8221; size=&#8221;sm&#8221; css=&#8221;&#8221; el_id=&#8221;1527150421135-27bc1e9e-9f3c&#8221;]Ota yhteytt\u00e4, jos haluat lis\u00e4tietoa oman alueesi toimittajasta.[\/vc_toggle][\/vc_column][\/vc_row]<\/p>\n<\/div>","protected":false},"excerpt":{"rendered":"<p>[vc_row][vc_column][vc_column_text] Digitaalinen esite [\/vc_column_text][\/vc_column][\/vc_row][vc_row][vc_column width=&#8221;1\/2&#8243;][vc_column_text]Tutustu Cyklosin koko py\u00f6r\u00e4pys\u00e4k\u00f6intivalikoimaan k\u00e4tev\u00e4ss\u00e4 digitaalisessa muodossa. Napsauta linkki\u00e4 tai esitteen kuvaa. Se latautuu [&hellip;]<\/p>\n","protected":false},"author":1,"featured_media":0,"parent":0,"menu_order":0,"comment_status":"closed","ping_status":"closed","template":"templates\/subpage.php","meta":{"_acf_changed":false,"footnotes":""},"class_list":["post-245","page","type-page","status-publish","hentry"],"acf":[],"yoast_head":"<!-- This site is optimized with the Yoast SEO plugin v27.2 - https:\/\/yoast.com\/product\/yoast-seo-wordpress\/ -->\n<title>Suunnitteluapu py\u00f6r\u00e4pys\u00e4k\u00f6innin suunnittelussa | Cyklos - Suomi<\/title>\n<meta name=\"description\" content=\"Cyklos antaa my\u00f6s suunnitteluapua py\u00f6r\u00e4pys\u00e4k\u00f6innin suunnittelussa. Apuna ovat meid\u00e4n tietopankkimme sek\u00e4 erilaiset tiedostot, esim. 3D BIM objektit.\" \/>\n<meta name=\"robots\" content=\"noindex, follow, max-snippet:-1, max-image-preview:large, max-video-preview:-1\" \/>\n<meta property=\"og:locale\" content=\"fi_FI\" \/>\n<meta property=\"og:type\" content=\"article\" \/>\n<meta property=\"og:title\" content=\"Suunnitteluapu py\u00f6r\u00e4pys\u00e4k\u00f6innin suunnittelussa | Cyklos - Suomi\" \/>\n<meta property=\"og:description\" content=\"Cyklos antaa my\u00f6s suunnitteluapua py\u00f6r\u00e4pys\u00e4k\u00f6innin suunnittelussa. Apuna ovat meid\u00e4n tietopankkimme sek\u00e4 erilaiset tiedostot, esim. 3D BIM objektit.\" \/>\n<meta property=\"og:url\" content=\"https:\/\/cyklos.stage.tankbar.cloud\/fi\/tietoa-ja-tekniikka\/\" \/>\n<meta property=\"og:site_name\" content=\"Cyklos | Finland\" \/>\n<meta property=\"article:modified_time\" content=\"2024-05-24T08:23:52+00:00\" \/>\n<meta name=\"twitter:card\" content=\"summary_large_image\" \/>\n<meta name=\"twitter:label1\" content=\"Arvioitu lukuaika\" \/>\n\t<meta name=\"twitter:data1\" content=\"9 minuuttia\" \/>\n<script type=\"application\/ld+json\" class=\"yoast-schema-graph\">{\"@context\":\"https:\/\/schema.org\",\"@graph\":[{\"@type\":\"WebPage\",\"@id\":\"https:\/\/cyklos.stage.tankbar.cloud\/fi\/tietoa-ja-tekniikka\/\",\"url\":\"https:\/\/cyklos.stage.tankbar.cloud\/fi\/tietoa-ja-tekniikka\/\",\"name\":\"Suunnitteluapu py\u00f6r\u00e4pys\u00e4k\u00f6innin suunnittelussa | Cyklos - Suomi\",\"isPartOf\":{\"@id\":\"https:\/\/cyklos.stage.tankbar.cloud\/fi\/#website\"},\"datePublished\":\"2018-05-07T13:08:46+00:00\",\"dateModified\":\"2024-05-24T08:23:52+00:00\",\"description\":\"Cyklos antaa my\u00f6s suunnitteluapua py\u00f6r\u00e4pys\u00e4k\u00f6innin suunnittelussa. Apuna ovat meid\u00e4n tietopankkimme sek\u00e4 erilaiset tiedostot, esim. 3D BIM objektit.\",\"breadcrumb\":{\"@id\":\"https:\/\/cyklos.stage.tankbar.cloud\/fi\/tietoa-ja-tekniikka\/#breadcrumb\"},\"inLanguage\":\"fi\",\"potentialAction\":[{\"@type\":\"ReadAction\",\"target\":[\"https:\/\/cyklos.stage.tankbar.cloud\/fi\/tietoa-ja-tekniikka\/\"]}]},{\"@type\":\"BreadcrumbList\",\"@id\":\"https:\/\/cyklos.stage.tankbar.cloud\/fi\/tietoa-ja-tekniikka\/#breadcrumb\",\"itemListElement\":[{\"@type\":\"ListItem\",\"position\":1,\"name\":\"Home\",\"item\":\"https:\/\/cyklos.stage.tankbar.cloud\/fi\/\"},{\"@type\":\"ListItem\",\"position\":2,\"name\":\"Tietoa ja tekniikkaa\"}]},{\"@type\":\"WebSite\",\"@id\":\"https:\/\/cyklos.stage.tankbar.cloud\/fi\/#website\",\"url\":\"https:\/\/cyklos.stage.tankbar.cloud\/fi\/\",\"name\":\"Cyklos | Finland\",\"description\":\"Tulevaisuuden liikenne alkaa meilt\u00e4!\",\"potentialAction\":[{\"@type\":\"SearchAction\",\"target\":{\"@type\":\"EntryPoint\",\"urlTemplate\":\"https:\/\/cyklos.stage.tankbar.cloud\/fi\/?s={search_term_string}\"},\"query-input\":{\"@type\":\"PropertyValueSpecification\",\"valueRequired\":true,\"valueName\":\"search_term_string\"}}],\"inLanguage\":\"fi\"}]}<\/script>\n<!-- \/ Yoast SEO plugin. -->","yoast_head_json":{"title":"Suunnitteluapu py\u00f6r\u00e4pys\u00e4k\u00f6innin suunnittelussa | Cyklos - Suomi","description":"Cyklos antaa my\u00f6s suunnitteluapua py\u00f6r\u00e4pys\u00e4k\u00f6innin suunnittelussa. Apuna ovat meid\u00e4n tietopankkimme sek\u00e4 erilaiset tiedostot, esim. 3D BIM objektit.","robots":{"index":"noindex","follow":"follow","max-snippet":"max-snippet:-1","max-image-preview":"max-image-preview:large","max-video-preview":"max-video-preview:-1"},"og_locale":"fi_FI","og_type":"article","og_title":"Suunnitteluapu py\u00f6r\u00e4pys\u00e4k\u00f6innin suunnittelussa | Cyklos - Suomi","og_description":"Cyklos antaa my\u00f6s suunnitteluapua py\u00f6r\u00e4pys\u00e4k\u00f6innin suunnittelussa. Apuna ovat meid\u00e4n tietopankkimme sek\u00e4 erilaiset tiedostot, esim. 3D BIM objektit.","og_url":"https:\/\/cyklos.stage.tankbar.cloud\/fi\/tietoa-ja-tekniikka\/","og_site_name":"Cyklos | Finland","article_modified_time":"2024-05-24T08:23:52+00:00","twitter_card":"summary_large_image","twitter_misc":{"Arvioitu lukuaika":"9 minuuttia"},"schema":{"@context":"https:\/\/schema.org","@graph":[{"@type":"WebPage","@id":"https:\/\/cyklos.stage.tankbar.cloud\/fi\/tietoa-ja-tekniikka\/","url":"https:\/\/cyklos.stage.tankbar.cloud\/fi\/tietoa-ja-tekniikka\/","name":"Suunnitteluapu py\u00f6r\u00e4pys\u00e4k\u00f6innin suunnittelussa | Cyklos - Suomi","isPartOf":{"@id":"https:\/\/cyklos.stage.tankbar.cloud\/fi\/#website"},"datePublished":"2018-05-07T13:08:46+00:00","dateModified":"2024-05-24T08:23:52+00:00","description":"Cyklos antaa my\u00f6s suunnitteluapua py\u00f6r\u00e4pys\u00e4k\u00f6innin suunnittelussa. Apuna ovat meid\u00e4n tietopankkimme sek\u00e4 erilaiset tiedostot, esim. 3D BIM objektit.","breadcrumb":{"@id":"https:\/\/cyklos.stage.tankbar.cloud\/fi\/tietoa-ja-tekniikka\/#breadcrumb"},"inLanguage":"fi","potentialAction":[{"@type":"ReadAction","target":["https:\/\/cyklos.stage.tankbar.cloud\/fi\/tietoa-ja-tekniikka\/"]}]},{"@type":"BreadcrumbList","@id":"https:\/\/cyklos.stage.tankbar.cloud\/fi\/tietoa-ja-tekniikka\/#breadcrumb","itemListElement":[{"@type":"ListItem","position":1,"name":"Home","item":"https:\/\/cyklos.stage.tankbar.cloud\/fi\/"},{"@type":"ListItem","position":2,"name":"Tietoa ja tekniikkaa"}]},{"@type":"WebSite","@id":"https:\/\/cyklos.stage.tankbar.cloud\/fi\/#website","url":"https:\/\/cyklos.stage.tankbar.cloud\/fi\/","name":"Cyklos | Finland","description":"Tulevaisuuden liikenne alkaa meilt\u00e4!","potentialAction":[{"@type":"SearchAction","target":{"@type":"EntryPoint","urlTemplate":"https:\/\/cyklos.stage.tankbar.cloud\/fi\/?s={search_term_string}"},"query-input":{"@type":"PropertyValueSpecification","valueRequired":true,"valueName":"search_term_string"}}],"inLanguage":"fi"}]}},"_links":{"self":[{"href":"https:\/\/cyklos.stage.tankbar.cloud\/fi\/wp-json\/wp\/v2\/pages\/245","targetHints":{"allow":["GET"]}}],"collection":[{"href":"https:\/\/cyklos.stage.tankbar.cloud\/fi\/wp-json\/wp\/v2\/pages"}],"about":[{"href":"https:\/\/cyklos.stage.tankbar.cloud\/fi\/wp-json\/wp\/v2\/types\/page"}],"author":[{"embeddable":true,"href":"https:\/\/cyklos.stage.tankbar.cloud\/fi\/wp-json\/wp\/v2\/users\/1"}],"replies":[{"embeddable":true,"href":"https:\/\/cyklos.stage.tankbar.cloud\/fi\/wp-json\/wp\/v2\/comments?post=245"}],"version-history":[{"count":15,"href":"https:\/\/cyklos.stage.tankbar.cloud\/fi\/wp-json\/wp\/v2\/pages\/245\/revisions"}],"predecessor-version":[{"id":33613,"href":"https:\/\/cyklos.stage.tankbar.cloud\/fi\/wp-json\/wp\/v2\/pages\/245\/revisions\/33613"}],"wp:attachment":[{"href":"https:\/\/cyklos.stage.tankbar.cloud\/fi\/wp-json\/wp\/v2\/media?parent=245"}],"curies":[{"name":"wp","href":"https:\/\/api.w.org\/{rel}","templated":true}]}}