{"id":300,"date":"2018-04-12T17:11:31","date_gmt":"2018-04-12T15:11:31","guid":{"rendered":"http:\/\/cyklos.stage.tankbar.cloud\/?page_id=300"},"modified":"2025-04-02T14:32:03","modified_gmt":"2025-04-02T12:32:03","slug":"start","status":"publish","type":"page","link":"https:\/\/cyklos.stage.tankbar.cloud\/fi\/","title":{"rendered":"Cyklos"},"content":{"rendered":"","protected":false},"excerpt":{"rendered":"","protected":false},"author":1,"featured_media":33497,"parent":0,"menu_order":0,"comment_status":"closed","ping_status":"closed","template":"templates\/homepage.php","meta":{"_acf_changed":false,"footnotes":""},"class_list":["post-300","page","type-page","status-publish","has-post-thumbnail","hentry"],"acf":[],"yoast_head":"<!-- This site is optimized with the Yoast SEO plugin v27.2 - https:\/\/yoast.com\/product\/yoast-seo-wordpress\/ -->\n<title>Py\u00f6r\u00e4telineet julkiseen py\u00f6r\u00e4pys\u00e4k\u00f6intiin | Cyklos - Suomi<\/title>\n<meta name=\"description\" content=\"Py\u00f6r\u00e4telineet, py\u00f6r\u00e4katokset, py\u00f6r\u00e4tallit ja huoltopisteet tyylikk\u00e4\u00e4ll\u00e4 muotoilulla julkiseen ymp\u00e4rist\u00f6\u00f6n. Ratkaisut py\u00f6r\u00e4pys\u00e4k\u00f6intiin!\" \/>\n<meta name=\"robots\" content=\"noindex, follow, max-snippet:-1, max-image-preview:large, max-video-preview:-1\" \/>\n<meta property=\"og:locale\" content=\"fi_FI\" \/>\n<meta property=\"og:type\" content=\"article\" \/>\n<meta property=\"og:title\" content=\"Py\u00f6r\u00e4telineet julkiseen py\u00f6r\u00e4pys\u00e4k\u00f6intiin | Cyklos - Suomi\" \/>\n<meta property=\"og:description\" content=\"Py\u00f6r\u00e4telineet, py\u00f6r\u00e4katokset, py\u00f6r\u00e4tallit ja huoltopisteet tyylikk\u00e4\u00e4ll\u00e4 muotoilulla julkiseen ymp\u00e4rist\u00f6\u00f6n. Ratkaisut py\u00f6r\u00e4pys\u00e4k\u00f6intiin!\" \/>\n<meta property=\"og:url\" content=\"https:\/\/cyklos.stage.tankbar.cloud\/fi\/\" \/>\n<meta property=\"og:site_name\" content=\"Cyklos | Finland\" \/>\n<meta property=\"article:modified_time\" content=\"2025-04-02T12:32:03+00:00\" \/>\n<meta property=\"og:image\" content=\"https:\/\/cyklos.stage.tankbar.cloud\/fi\/wp-content\/uploads\/sites\/8\/2023\/09\/230612_230613_Cyklos_Vaasa-23-scaled-e1693816442215.jpg\" \/>\n\t<meta property=\"og:image:width\" content=\"1894\" \/>\n\t<meta property=\"og:image:height\" content=\"1706\" \/>\n\t<meta property=\"og:image:type\" content=\"image\/jpeg\" \/>\n<meta name=\"twitter:card\" content=\"summary_large_image\" \/>\n<meta name=\"twitter:label1\" content=\"Arvioitu lukuaika\" \/>\n\t<meta name=\"twitter:data1\" content=\"1 minuutti\" \/>\n<script type=\"application\/ld+json\" class=\"yoast-schema-graph\">{\"@context\":\"https:\/\/schema.org\",\"@graph\":[{\"@type\":\"WebPage\",\"@id\":\"https:\/\/cyklos.stage.tankbar.cloud\/fi\/\",\"url\":\"https:\/\/cyklos.stage.tankbar.cloud\/fi\/\",\"name\":\"Py\u00f6r\u00e4telineet julkiseen py\u00f6r\u00e4pys\u00e4k\u00f6intiin | Cyklos - Suomi\",\"isPartOf\":{\"@id\":\"https:\/\/cyklos.stage.tankbar.cloud\/fi\/#website\"},\"primaryImageOfPage\":{\"@id\":\"https:\/\/cyklos.stage.tankbar.cloud\/fi\/#primaryimage\"},\"image\":{\"@id\":\"https:\/\/cyklos.stage.tankbar.cloud\/fi\/#primaryimage\"},\"thumbnailUrl\":\"https:\/\/www.cyklos.se\/wp-content\/uploads\/sites\/8\/2023\/09\/230612_230613_Cyklos_Vaasa-23-scaled-e1693816442215.jpg\",\"datePublished\":\"2018-04-12T15:11:31+00:00\",\"dateModified\":\"2025-04-02T12:32:03+00:00\",\"description\":\"Py\u00f6r\u00e4telineet, py\u00f6r\u00e4katokset, py\u00f6r\u00e4tallit ja huoltopisteet tyylikk\u00e4\u00e4ll\u00e4 muotoilulla julkiseen ymp\u00e4rist\u00f6\u00f6n. Ratkaisut py\u00f6r\u00e4pys\u00e4k\u00f6intiin!\",\"breadcrumb\":{\"@id\":\"https:\/\/cyklos.stage.tankbar.cloud\/fi\/#breadcrumb\"},\"inLanguage\":\"fi\",\"potentialAction\":[{\"@type\":\"ReadAction\",\"target\":[\"https:\/\/cyklos.stage.tankbar.cloud\/fi\/\"]}]},{\"@type\":\"ImageObject\",\"inLanguage\":\"fi\",\"@id\":\"https:\/\/cyklos.stage.tankbar.cloud\/fi\/#primaryimage\",\"url\":\"https:\/\/www.cyklos.se\/wp-content\/uploads\/sites\/8\/2023\/09\/230612_230613_Cyklos_Vaasa-23-scaled-e1693816442215.jpg\",\"contentUrl\":\"https:\/\/www.cyklos.se\/wp-content\/uploads\/sites\/8\/2023\/09\/230612_230613_Cyklos_Vaasa-23-scaled-e1693816442215.jpg\",\"width\":1894,\"height\":1706},{\"@type\":\"BreadcrumbList\",\"@id\":\"https:\/\/cyklos.stage.tankbar.cloud\/fi\/#breadcrumb\",\"itemListElement\":[{\"@type\":\"ListItem\",\"position\":1,\"name\":\"Home\",\"item\":\"https:\/\/cyklos.stage.tankbar.cloud\/fi\/\"},{\"@type\":\"ListItem\",\"position\":2,\"name\":\"Cyklos\"}]},{\"@type\":\"WebSite\",\"@id\":\"https:\/\/cyklos.stage.tankbar.cloud\/fi\/#website\",\"url\":\"https:\/\/cyklos.stage.tankbar.cloud\/fi\/\",\"name\":\"Cyklos | Finland\",\"description\":\"Tulevaisuuden liikenne alkaa meilt\u00e4!\",\"potentialAction\":[{\"@type\":\"SearchAction\",\"target\":{\"@type\":\"EntryPoint\",\"urlTemplate\":\"https:\/\/cyklos.stage.tankbar.cloud\/fi\/?s={search_term_string}\"},\"query-input\":{\"@type\":\"PropertyValueSpecification\",\"valueRequired\":true,\"valueName\":\"search_term_string\"}}],\"inLanguage\":\"fi\"}]}<\/script>\n<!-- \/ Yoast SEO plugin. -->","yoast_head_json":{"title":"Py\u00f6r\u00e4telineet julkiseen py\u00f6r\u00e4pys\u00e4k\u00f6intiin | Cyklos - Suomi","description":"Py\u00f6r\u00e4telineet, py\u00f6r\u00e4katokset, py\u00f6r\u00e4tallit ja huoltopisteet tyylikk\u00e4\u00e4ll\u00e4 muotoilulla julkiseen ymp\u00e4rist\u00f6\u00f6n. Ratkaisut py\u00f6r\u00e4pys\u00e4k\u00f6intiin!","robots":{"index":"noindex","follow":"follow","max-snippet":"max-snippet:-1","max-image-preview":"max-image-preview:large","max-video-preview":"max-video-preview:-1"},"og_locale":"fi_FI","og_type":"article","og_title":"Py\u00f6r\u00e4telineet julkiseen py\u00f6r\u00e4pys\u00e4k\u00f6intiin | Cyklos - Suomi","og_description":"Py\u00f6r\u00e4telineet, py\u00f6r\u00e4katokset, py\u00f6r\u00e4tallit ja huoltopisteet tyylikk\u00e4\u00e4ll\u00e4 muotoilulla julkiseen ymp\u00e4rist\u00f6\u00f6n. Ratkaisut py\u00f6r\u00e4pys\u00e4k\u00f6intiin!","og_url":"https:\/\/cyklos.stage.tankbar.cloud\/fi\/","og_site_name":"Cyklos | Finland","article_modified_time":"2025-04-02T12:32:03+00:00","og_image":[{"width":1894,"height":1706,"url":"https:\/\/cyklos.stage.tankbar.cloud\/fi\/wp-content\/uploads\/sites\/8\/2023\/09\/230612_230613_Cyklos_Vaasa-23-scaled-e1693816442215.jpg","type":"image\/jpeg"}],"twitter_card":"summary_large_image","twitter_misc":{"Arvioitu lukuaika":"1 minuutti"},"schema":{"@context":"https:\/\/schema.org","@graph":[{"@type":"WebPage","@id":"https:\/\/cyklos.stage.tankbar.cloud\/fi\/","url":"https:\/\/cyklos.stage.tankbar.cloud\/fi\/","name":"Py\u00f6r\u00e4telineet julkiseen py\u00f6r\u00e4pys\u00e4k\u00f6intiin | Cyklos - Suomi","isPartOf":{"@id":"https:\/\/cyklos.stage.tankbar.cloud\/fi\/#website"},"primaryImageOfPage":{"@id":"https:\/\/cyklos.stage.tankbar.cloud\/fi\/#primaryimage"},"image":{"@id":"https:\/\/cyklos.stage.tankbar.cloud\/fi\/#primaryimage"},"thumbnailUrl":"https:\/\/www.cyklos.se\/wp-content\/uploads\/sites\/8\/2023\/09\/230612_230613_Cyklos_Vaasa-23-scaled-e1693816442215.jpg","datePublished":"2018-04-12T15:11:31+00:00","dateModified":"2025-04-02T12:32:03+00:00","description":"Py\u00f6r\u00e4telineet, py\u00f6r\u00e4katokset, py\u00f6r\u00e4tallit ja huoltopisteet tyylikk\u00e4\u00e4ll\u00e4 muotoilulla julkiseen ymp\u00e4rist\u00f6\u00f6n. Ratkaisut py\u00f6r\u00e4pys\u00e4k\u00f6intiin!","breadcrumb":{"@id":"https:\/\/cyklos.stage.tankbar.cloud\/fi\/#breadcrumb"},"inLanguage":"fi","potentialAction":[{"@type":"ReadAction","target":["https:\/\/cyklos.stage.tankbar.cloud\/fi\/"]}]},{"@type":"ImageObject","inLanguage":"fi","@id":"https:\/\/cyklos.stage.tankbar.cloud\/fi\/#primaryimage","url":"https:\/\/www.cyklos.se\/wp-content\/uploads\/sites\/8\/2023\/09\/230612_230613_Cyklos_Vaasa-23-scaled-e1693816442215.jpg","contentUrl":"https:\/\/www.cyklos.se\/wp-content\/uploads\/sites\/8\/2023\/09\/230612_230613_Cyklos_Vaasa-23-scaled-e1693816442215.jpg","width":1894,"height":1706},{"@type":"BreadcrumbList","@id":"https:\/\/cyklos.stage.tankbar.cloud\/fi\/#breadcrumb","itemListElement":[{"@type":"ListItem","position":1,"name":"Home","item":"https:\/\/cyklos.stage.tankbar.cloud\/fi\/"},{"@type":"ListItem","position":2,"name":"Cyklos"}]},{"@type":"WebSite","@id":"https:\/\/cyklos.stage.tankbar.cloud\/fi\/#website","url":"https:\/\/cyklos.stage.tankbar.cloud\/fi\/","name":"Cyklos | Finland","description":"Tulevaisuuden liikenne alkaa meilt\u00e4!","potentialAction":[{"@type":"SearchAction","target":{"@type":"EntryPoint","urlTemplate":"https:\/\/cyklos.stage.tankbar.cloud\/fi\/?s={search_term_string}"},"query-input":{"@type":"PropertyValueSpecification","valueRequired":true,"valueName":"search_term_string"}}],"inLanguage":"fi"}]}},"_links":{"self":[{"href":"https:\/\/cyklos.stage.tankbar.cloud\/fi\/wp-json\/wp\/v2\/pages\/300","targetHints":{"allow":["GET"]}}],"collection":[{"href":"https:\/\/cyklos.stage.tankbar.cloud\/fi\/wp-json\/wp\/v2\/pages"}],"about":[{"href":"https:\/\/cyklos.stage.tankbar.cloud\/fi\/wp-json\/wp\/v2\/types\/page"}],"author":[{"embeddable":true,"href":"https:\/\/cyklos.stage.tankbar.cloud\/fi\/wp-json\/wp\/v2\/users\/1"}],"replies":[{"embeddable":true,"href":"https:\/\/cyklos.stage.tankbar.cloud\/fi\/wp-json\/wp\/v2\/comments?post=300"}],"version-history":[{"count":18,"href":"https:\/\/cyklos.stage.tankbar.cloud\/fi\/wp-json\/wp\/v2\/pages\/300\/revisions"}],"predecessor-version":[{"id":33681,"href":"https:\/\/cyklos.stage.tankbar.cloud\/fi\/wp-json\/wp\/v2\/pages\/300\/revisions\/33681"}],"wp:featuredmedia":[{"embeddable":true,"href":"https:\/\/cyklos.stage.tankbar.cloud\/fi\/wp-json\/wp\/v2\/media\/33497"}],"wp:attachment":[{"href":"https:\/\/cyklos.stage.tankbar.cloud\/fi\/wp-json\/wp\/v2\/media?parent=300"}],"curies":[{"name":"wp","href":"https:\/\/api.w.org\/{rel}","templated":true}]}}