{"id":359,"date":"2018-04-24T09:34:18","date_gmt":"2018-04-24T07:34:18","guid":{"rendered":"http:\/\/cyklos.stage.tankbar.cloud\/?page_id=359"},"modified":"2023-04-13T10:40:24","modified_gmt":"2023-04-13T08:40:24","slug":"ota-yhteytta","status":"publish","type":"page","link":"https:\/\/cyklos.stage.tankbar.cloud\/fi\/ota-yhteytta\/","title":{"rendered":"Ota yhteytt\u00e4"},"content":{"rendered":"<div class=\"wpb-content-wrapper\"><p>[vc_row css=&#8221;.vc_custom_1525076611148{padding-top: 60px !important;}&#8221;][vc_column width=&#8221;1\/4&#8243;][\/vc_column][vc_column width=&#8221;1\/2&#8243;][vc_column_text]<\/p>\n<h1 style=\"text-align: center;\">Ota yhteytt\u00e4<\/h1>\n<p style=\"text-align: center;\">Ota yhteytt\u00e4 niin kerromme puhelimitse tai s\u00e4hk\u00f6postitse lis\u00e4\u00e4 meid\u00e4n tuotteistamme. Yhteystiedot alempana.<\/p>\n<p>[\/vc_column_text][\/vc_column][vc_column width=&#8221;1\/4&#8243;][\/vc_column][\/vc_row]<\/p>\n<\/div>","protected":false},"excerpt":{"rendered":"<p>[vc_row css=&#8221;.vc_custom_1525076611148{padding-top: 60px !important;}&#8221;][vc_column width=&#8221;1\/4&#8243;][\/vc_column][vc_column width=&#8221;1\/2&#8243;][vc_column_text] Ota yhteytt\u00e4 Ota yhteytt\u00e4 niin kerromme puhelimitse tai s\u00e4hk\u00f6postitse lis\u00e4\u00e4 meid\u00e4n tuotteistamme. [&hellip;]<\/p>\n","protected":false},"author":1,"featured_media":0,"parent":0,"menu_order":0,"comment_status":"closed","ping_status":"closed","template":"templates\/contact.php","meta":{"_acf_changed":false,"footnotes":""},"class_list":["post-359","page","type-page","status-publish","hentry"],"acf":[],"yoast_head":"<!-- This site is optimized with the Yoast SEO plugin v27.2 - https:\/\/yoast.com\/product\/yoast-seo-wordpress\/ -->\n<title>Ota yhteytt\u00e4 - Cyklos | Finland<\/title>\n<meta name=\"robots\" content=\"noindex, follow, max-snippet:-1, max-image-preview:large, max-video-preview:-1\" \/>\n<meta property=\"og:locale\" content=\"fi_FI\" \/>\n<meta property=\"og:type\" content=\"article\" \/>\n<meta property=\"og:title\" content=\"Ota yhteytt\u00e4 - Cyklos | Finland\" \/>\n<meta property=\"og:description\" content=\"[vc_row css=&#8221;.vc_custom_1525076611148{padding-top: 60px !important;}&#8221;][vc_column width=&#8221;1\/4&#8243;][\/vc_column][vc_column width=&#8221;1\/2&#8243;][vc_column_text] Ota yhteytt\u00e4 Ota yhteytt\u00e4 niin kerromme puhelimitse tai s\u00e4hk\u00f6postitse lis\u00e4\u00e4 meid\u00e4n tuotteistamme. [&hellip;]\" \/>\n<meta property=\"og:url\" content=\"https:\/\/cyklos.stage.tankbar.cloud\/fi\/ota-yhteytta\/\" \/>\n<meta property=\"og:site_name\" content=\"Cyklos | Finland\" \/>\n<meta property=\"article:modified_time\" content=\"2023-04-13T08:40:24+00:00\" \/>\n<meta name=\"twitter:card\" content=\"summary_large_image\" \/>\n<meta name=\"twitter:label1\" content=\"Arvioitu lukuaika\" \/>\n\t<meta name=\"twitter:data1\" content=\"1 minuutti\" \/>\n<script type=\"application\/ld+json\" class=\"yoast-schema-graph\">{\"@context\":\"https:\/\/schema.org\",\"@graph\":[{\"@type\":\"WebPage\",\"@id\":\"https:\/\/cyklos.stage.tankbar.cloud\/fi\/ota-yhteytta\/\",\"url\":\"https:\/\/cyklos.stage.tankbar.cloud\/fi\/ota-yhteytta\/\",\"name\":\"Ota yhteytt\u00e4 - Cyklos | Finland\",\"isPartOf\":{\"@id\":\"https:\/\/cyklos.stage.tankbar.cloud\/fi\/#website\"},\"datePublished\":\"2018-04-24T07:34:18+00:00\",\"dateModified\":\"2023-04-13T08:40:24+00:00\",\"breadcrumb\":{\"@id\":\"https:\/\/cyklos.stage.tankbar.cloud\/fi\/ota-yhteytta\/#breadcrumb\"},\"inLanguage\":\"fi\",\"potentialAction\":[{\"@type\":\"ReadAction\",\"target\":[\"https:\/\/cyklos.stage.tankbar.cloud\/fi\/ota-yhteytta\/\"]}]},{\"@type\":\"BreadcrumbList\",\"@id\":\"https:\/\/cyklos.stage.tankbar.cloud\/fi\/ota-yhteytta\/#breadcrumb\",\"itemListElement\":[{\"@type\":\"ListItem\",\"position\":1,\"name\":\"Home\",\"item\":\"https:\/\/cyklos.stage.tankbar.cloud\/fi\/\"},{\"@type\":\"ListItem\",\"position\":2,\"name\":\"Ota yhteytt\u00e4\"}]},{\"@type\":\"WebSite\",\"@id\":\"https:\/\/cyklos.stage.tankbar.cloud\/fi\/#website\",\"url\":\"https:\/\/cyklos.stage.tankbar.cloud\/fi\/\",\"name\":\"Cyklos | Finland\",\"description\":\"Tulevaisuuden liikenne alkaa meilt\u00e4!\",\"potentialAction\":[{\"@type\":\"SearchAction\",\"target\":{\"@type\":\"EntryPoint\",\"urlTemplate\":\"https:\/\/cyklos.stage.tankbar.cloud\/fi\/?s={search_term_string}\"},\"query-input\":{\"@type\":\"PropertyValueSpecification\",\"valueRequired\":true,\"valueName\":\"search_term_string\"}}],\"inLanguage\":\"fi\"}]}<\/script>\n<!-- \/ Yoast SEO plugin. -->","yoast_head_json":{"title":"Ota yhteytt\u00e4 - Cyklos | Finland","robots":{"index":"noindex","follow":"follow","max-snippet":"max-snippet:-1","max-image-preview":"max-image-preview:large","max-video-preview":"max-video-preview:-1"},"og_locale":"fi_FI","og_type":"article","og_title":"Ota yhteytt\u00e4 - Cyklos | Finland","og_description":"[vc_row css=&#8221;.vc_custom_1525076611148{padding-top: 60px !important;}&#8221;][vc_column width=&#8221;1\/4&#8243;][\/vc_column][vc_column width=&#8221;1\/2&#8243;][vc_column_text] Ota yhteytt\u00e4 Ota yhteytt\u00e4 niin kerromme puhelimitse tai s\u00e4hk\u00f6postitse lis\u00e4\u00e4 meid\u00e4n tuotteistamme. [&hellip;]","og_url":"https:\/\/cyklos.stage.tankbar.cloud\/fi\/ota-yhteytta\/","og_site_name":"Cyklos | Finland","article_modified_time":"2023-04-13T08:40:24+00:00","twitter_card":"summary_large_image","twitter_misc":{"Arvioitu lukuaika":"1 minuutti"},"schema":{"@context":"https:\/\/schema.org","@graph":[{"@type":"WebPage","@id":"https:\/\/cyklos.stage.tankbar.cloud\/fi\/ota-yhteytta\/","url":"https:\/\/cyklos.stage.tankbar.cloud\/fi\/ota-yhteytta\/","name":"Ota yhteytt\u00e4 - Cyklos | Finland","isPartOf":{"@id":"https:\/\/cyklos.stage.tankbar.cloud\/fi\/#website"},"datePublished":"2018-04-24T07:34:18+00:00","dateModified":"2023-04-13T08:40:24+00:00","breadcrumb":{"@id":"https:\/\/cyklos.stage.tankbar.cloud\/fi\/ota-yhteytta\/#breadcrumb"},"inLanguage":"fi","potentialAction":[{"@type":"ReadAction","target":["https:\/\/cyklos.stage.tankbar.cloud\/fi\/ota-yhteytta\/"]}]},{"@type":"BreadcrumbList","@id":"https:\/\/cyklos.stage.tankbar.cloud\/fi\/ota-yhteytta\/#breadcrumb","itemListElement":[{"@type":"ListItem","position":1,"name":"Home","item":"https:\/\/cyklos.stage.tankbar.cloud\/fi\/"},{"@type":"ListItem","position":2,"name":"Ota yhteytt\u00e4"}]},{"@type":"WebSite","@id":"https:\/\/cyklos.stage.tankbar.cloud\/fi\/#website","url":"https:\/\/cyklos.stage.tankbar.cloud\/fi\/","name":"Cyklos | Finland","description":"Tulevaisuuden liikenne alkaa meilt\u00e4!","potentialAction":[{"@type":"SearchAction","target":{"@type":"EntryPoint","urlTemplate":"https:\/\/cyklos.stage.tankbar.cloud\/fi\/?s={search_term_string}"},"query-input":{"@type":"PropertyValueSpecification","valueRequired":true,"valueName":"search_term_string"}}],"inLanguage":"fi"}]}},"_links":{"self":[{"href":"https:\/\/cyklos.stage.tankbar.cloud\/fi\/wp-json\/wp\/v2\/pages\/359","targetHints":{"allow":["GET"]}}],"collection":[{"href":"https:\/\/cyklos.stage.tankbar.cloud\/fi\/wp-json\/wp\/v2\/pages"}],"about":[{"href":"https:\/\/cyklos.stage.tankbar.cloud\/fi\/wp-json\/wp\/v2\/types\/page"}],"author":[{"embeddable":true,"href":"https:\/\/cyklos.stage.tankbar.cloud\/fi\/wp-json\/wp\/v2\/users\/1"}],"replies":[{"embeddable":true,"href":"https:\/\/cyklos.stage.tankbar.cloud\/fi\/wp-json\/wp\/v2\/comments?post=359"}],"version-history":[{"count":10,"href":"https:\/\/cyklos.stage.tankbar.cloud\/fi\/wp-json\/wp\/v2\/pages\/359\/revisions"}],"predecessor-version":[{"id":33464,"href":"https:\/\/cyklos.stage.tankbar.cloud\/fi\/wp-json\/wp\/v2\/pages\/359\/revisions\/33464"}],"wp:attachment":[{"href":"https:\/\/cyklos.stage.tankbar.cloud\/fi\/wp-json\/wp\/v2\/media?parent=359"}],"curies":[{"name":"wp","href":"https:\/\/api.w.org\/{rel}","templated":true}]}}