{"id":500,"date":"2018-05-07T15:09:45","date_gmt":"2018-05-07T13:09:45","guid":{"rendered":"http:\/\/cyklos.stage.tankbar.cloud\/?page_id=500"},"modified":"2024-05-24T10:24:59","modified_gmt":"2024-05-24T08:24:59","slug":"muotoilu-ja-konsepti","status":"publish","type":"page","link":"https:\/\/cyklos.stage.tankbar.cloud\/fi\/muotoilu-ja-konsepti\/","title":{"rendered":"Design och koncept"},"content":{"rendered":"<div class=\"wpb-content-wrapper\"><p>[vc_row css=&#8221;.vc_custom_1525338423248{margin-bottom: 60px !important;}&#8221;][vc_column width=&#8221;1\/2&#8243;][vc_single_image image=&#8221;25302&#8243; img_size=&#8221;full&#8221;][\/vc_column][vc_column width=&#8221;1\/2&#8243;][vc_column_text]<\/p>\n<h3><strong>Muotoilu<\/strong><\/h3>\n<p>Julkiseen ymp\u00e4rist\u00f6\u00f6n sijoitettavan py\u00f6r\u00e4parkin on oltava pitk\u00e4kestoinen ratkaisu. Usein uutena, raikkaana ja ajanmukaisena pidetty ratkaisu alkaa kymmenen vuoden kuluttua tuntua aikansa el\u00e4neelt\u00e4. T\u00e4m\u00e4n vuoksi on t\u00e4rke\u00e4\u00e4, ett\u00e4 muotoilun kulmakivin\u00e4 ovat ajattomuus ja soveltuvuus erilaisiin ymp\u00e4rist\u00f6ihin. Cyklos k\u00e4ytt\u00e4\u00e4 tuotteissaan voimakkaita ja ajattomia materiaaleja, kuten ter\u00e4st\u00e4, puuta ja lasia. Me tavoittelemme aina oikeita mittasuhteita, harmoniaa, yksinkertaisuutta ja puhtautta. Voimme ylpe\u00e4n\u00e4 sanoa, ett\u00e4 aivan ensimm\u00e4isetkin Cyklos-py\u00f6r\u00e4parkit t\u00e4ytt\u00e4v\u00e4t odotukset edelleen: niiden harmoninen muotoilu ja voimakkaat materiaalit ovat kullakin paikalla toimiva ratkaisu ajan kulumisesta ja s\u00e4iden rasituksesta huolimatta.[\/vc_column_text][\/vc_column][\/vc_row][vc_row css=&#8221;.vc_custom_1529396379219{margin-bottom: 60px !important;}&#8221;][vc_column width=&#8221;1\/2&#8243;][vc_column_text]<\/p>\n<h3><strong>Turvallinen ja turvattu ymp\u00e4rist\u00f6<\/strong><\/h3>\n<p>Cyklos-nimi on mukaelma ruotsinkielisist\u00e4 py\u00f6r\u00e4\u00e4 ja lukkoa tarkoittavista sanoista ja kertoo siit\u00e4, ett\u00e4 turvallisuus \u2013 niin py\u00f6r\u00e4n kuin py\u00f6r\u00e4ilij\u00e4nkin \u2013 on olennainen osa konseptiamme. Py\u00f6r\u00e4katos, jonka py\u00f6r\u00e4v\u00e4li (k\/k-mitta) on pitk\u00e4 eik\u00e4 rakenteessa ole ulompia pylv\u00e4it\u00e4, luo avoimen ja turvallisuutta tarjoavan pys\u00e4k\u00f6intipaikan. Py\u00f6r\u00e4telineiss\u00e4 ja -pollareissa py\u00f6r\u00e4t lukitaan paikalleen rungosta. Py\u00f6r\u00e4tallien, kuten <a href=\"http:\/\/cyklos.stage.tankbar.cloud\/produkt\/link-cykelgarage\/\">LINK<\/a>in ja <a href=\"http:\/\/cyklos.stage.tankbar.cloud\/produkt\/cykelgarage-flow\/\">FLOW<\/a>\u2019n, suuret ja avoimet lasielementit h\u00e4lvent\u00e4v\u00e4t eristyneisyyden tunnetta py\u00f6r\u00e4n pys\u00e4k\u00f6innin aikana. Meille on selv\u00e4\u00e4, ett\u00e4 py\u00f6r\u00e4n viemisen py\u00f6r\u00e4talliin tai katokseen on oltava miellytt\u00e4v\u00e4\u00e4 \u2013 samalla tavalla kuin piknikin sy\u00f6minen kauniilla niityll\u00e4 ilman rumentavan rakennuksen luomaa varjoa.[\/vc_column_text][\/vc_column][vc_column width=&#8221;1\/2&#8243;][vc_single_image image=&#8221;25434&#8243; img_size=&#8221;full&#8221;][\/vc_column][\/vc_row][vc_row][vc_column width=&#8221;1\/2&#8243;][vc_single_image image=&#8221;19192&#8243; img_size=&#8221;full&#8221;][\/vc_column][vc_column width=&#8221;1\/2&#8243;][vc_column_text]<\/p>\n<h3><strong>Edullisin py\u00f6r\u00e4parkki<\/strong><\/h3>\n<p>Pitk\u00e4kestoisuus ja kustannustehokkuus vaikuttavat pitk\u00e4lti kuntien p\u00e4\u00e4t\u00f6ksiin rakentaa julkisia ulkotiloja. Jos torille tai matkakeskukseen tarvitaan py\u00f6r\u00e4parkki kolmeksikymmeneksi vuodeksi \u2013 mik\u00e4 on silloin kustannustehokkainta? Mielest\u00e4mme t\u00e4ss\u00e4 kysymyksess\u00e4 k\u00e4ytt\u00f6suhde on alkuinvestointia merkitt\u00e4v\u00e4mpi tekij\u00e4. Investoinnin pitk\u00e4aikainen arvo on sit\u00e4 suurempi, mit\u00e4 enemm\u00e4n py\u00f6r\u00e4parkilla on k\u00e4ytt\u00e4ji\u00e4. Uskomme, ett\u00e4 nopea, nykyaikainen ja ajattomasti muotoiltu ja suunniteltu py\u00f6r\u00e4parkki kest\u00e4\u00e4 tulevaisuuden py\u00f6r\u00e4trendien muutokset. Sit\u00e4 yksinkertaisesti k\u00e4ytet\u00e4\u00e4n enemm\u00e4n. Ajan kuluessa kustannustaso py\u00f6r\u00e4paikkaa kohden alentuu merkitt\u00e4v\u00e4sti verrattuna sellaiseen py\u00f6r\u00e4parkkiin, jolla k\u00e4ytt\u00e4ji\u00e4 on vain v\u00e4h\u00e4n.[\/vc_column_text][\/vc_column][\/vc_row][vc_row][vc_column width=&#8221;1\/2&#8243;][vc_column_text]<\/p>\n<h3><strong>Py\u00f6rien pys\u00e4k\u00f6inti tulevaisuudessa<\/strong><\/h3>\n<p>Jos me emme uskoisi py\u00f6riin ja py\u00f6r\u00e4ilij\u00f6ihin, emme valmistaisi py\u00f6r\u00e4parkkeja. Polkupy\u00f6r\u00e4n funktio hy\u00f6tykulkuv\u00e4lineen\u00e4 on vahvassa kehitysvaiheessa, varsinkin s\u00e4hk\u00f6py\u00f6rien yleistyess\u00e4. Tulevaisuutta ajatellen py\u00f6r\u00e4telineiden, -katosten, -tallien ja -huoltoasemien tarve kasvaa ja muuttuu py\u00f6rien kehityksen mukana. Hyvi\u00e4 esimerkkej\u00e4 tulevaisuuden huomioimisesta Cykloksella ovat py\u00f6r\u00e4tallit LINK ja FLOW. Ne rakennetaan ilman sis\u00e4puolisia pylv\u00e4it\u00e4 monipuolisiksi ratkaisuiksi, jotka tarjoavat heti joustavuutta ja liikkumistilaa mutta my\u00f6s mahdollisuuden helppoihin muutoksiin tulevaisuudessa, kun telineist\u00e4 ehk\u00e4 halutaan siirty\u00e4 pollareihin, py\u00f6r\u00e4pumpusta huoltoasemaan tai tavallisista telineist\u00e4 kaksikerroksisiin telineisiin.[\/vc_column_text][\/vc_column][vc_column width=&#8221;1\/2&#8243;][vc_single_image image=&#8221;25436&#8243; img_size=&#8221;full&#8221;][\/vc_column][\/vc_row][vc_row][vc_column width=&#8221;2\/3&#8243;][vc_single_image image=&#8221;25353&#8243; img_size=&#8221;full&#8221;][\/vc_column][vc_column width=&#8221;1\/3&#8243;][vc_column_text]<\/p>\n<h3><strong>Yhten\u00e4inen muotokieli<\/strong><\/h3>\n<p>Cykloksen muotokieli on yhten\u00e4inen. T\u00e4m\u00e4n vuoksi py\u00f6r\u00e4tallimme, -telineemme, -katoksemme ja huoltoasemamme on helppo yhdist\u00e4\u00e4 suuremmiksi kokonaisuuksiksi ja yhdistelmiksi. Hieno esimerkki t\u00e4st\u00e4 on Uumajan py\u00f6r\u00e4keskus (valmistui syksyll\u00e4 2018), jossa Cykloksen eri tuotteista on koottu suuri ja yhten\u00e4inen py\u00f6r\u00e4parkkikokonaisuus.[\/vc_column_text][\/vc_column][\/vc_row][vc_row][vc_column width=&#8221;1\/4&#8243;][vc_column_text]<\/p>\n<h3><strong>Joustavuutta ja valinnanvaraa<\/strong><\/h3>\n<p>Jokainen julkinen ulkoalue on ainutlaatuinen, olipa se sitten pieness\u00e4 kunnassa tai suuressa kaupungissa. Cyklos haluaa tarjota mahdollisimman paljon joustavuutta suoraan vakiotuotteissa. Kaikki ratkaisumme perustuvat samaan moduulikonseptiin, ja siksi julkiseen ymp\u00e4rist\u00f6\u00f6n mukautuvan py\u00f6r\u00e4parkin rakentamiseen tarvitaan kalliimpia erikoisratkaisuja vain harvoin. 8, 10, 16 vai 20 py\u00f6r\u00e4paikkaa, muovi- vai viherkatto, py\u00f6r\u00e4v\u00e4li (k\/k) 500, 600 vai 700 mm? Meill\u00e4 on eniten vaihtoehtoja.[\/vc_column_text][\/vc_column][vc_column width=&#8221;3\/4&#8243;][vc_single_image image=&#8221;33357&#8243; img_size=&#8221;large&#8221; css=&#8221;&#8221;][\/vc_column][\/vc_row]<\/p>\n<\/div>","protected":false},"excerpt":{"rendered":"<p>[vc_row css=&#8221;.vc_custom_1525338423248{margin-bottom: 60px !important;}&#8221;][vc_column width=&#8221;1\/2&#8243;][vc_single_image image=&#8221;25302&#8243; img_size=&#8221;full&#8221;][\/vc_column][vc_column width=&#8221;1\/2&#8243;][vc_column_text] Muotoilu Julkiseen ymp\u00e4rist\u00f6\u00f6n sijoitettavan py\u00f6r\u00e4parkin on oltava pitk\u00e4kestoinen ratkaisu. Usein [&hellip;]<\/p>\n","protected":false},"author":1,"featured_media":0,"parent":0,"menu_order":0,"comment_status":"closed","ping_status":"closed","template":"templates\/subpage.php","meta":{"_acf_changed":false,"footnotes":""},"class_list":["post-500","page","type-page","status-publish","hentry"],"acf":[],"yoast_head":"<!-- This site is optimized with the Yoast SEO plugin v27.2 - https:\/\/yoast.com\/product\/yoast-seo-wordpress\/ -->\n<title>Muotoilu ja konsepti py\u00f6r\u00e4pys\u00e4k\u00f6inniss\u00e4 - Cyklos | Suomi<\/title>\n<meta name=\"description\" content=\"Py\u00f6r\u00e4pys\u00e4k\u00f6inti julkisessa ymp\u00e4rist\u00f6ss\u00e4 nostaa vaatimukset koskien muotoilua ja materiaalia. Lue lis\u00e4\u00e4 Cykloksen arvoista ja miten me ty\u00f6skentelemme n\u00e4itten parissa juuri teit\u00e4 varten!\" \/>\n<meta name=\"robots\" content=\"noindex, follow, max-snippet:-1, max-image-preview:large, max-video-preview:-1\" \/>\n<meta property=\"og:locale\" content=\"fi_FI\" \/>\n<meta property=\"og:type\" content=\"article\" \/>\n<meta property=\"og:title\" content=\"Muotoilu ja konsepti py\u00f6r\u00e4pys\u00e4k\u00f6inniss\u00e4 - Cyklos | Suomi\" \/>\n<meta property=\"og:description\" content=\"Py\u00f6r\u00e4pys\u00e4k\u00f6inti julkisessa ymp\u00e4rist\u00f6ss\u00e4 nostaa vaatimukset koskien muotoilua ja materiaalia. Lue lis\u00e4\u00e4 Cykloksen arvoista ja miten me ty\u00f6skentelemme n\u00e4itten parissa juuri teit\u00e4 varten!\" \/>\n<meta property=\"og:url\" content=\"https:\/\/cyklos.stage.tankbar.cloud\/fi\/muotoilu-ja-konsepti\/\" \/>\n<meta property=\"og:site_name\" content=\"Cyklos | Finland\" \/>\n<meta property=\"article:modified_time\" content=\"2024-05-24T08:24:59+00:00\" \/>\n<meta name=\"twitter:card\" content=\"summary_large_image\" \/>\n<meta name=\"twitter:label1\" content=\"Arvioitu lukuaika\" \/>\n\t<meta name=\"twitter:data1\" content=\"4 minuuttia\" \/>\n<script type=\"application\/ld+json\" class=\"yoast-schema-graph\">{\"@context\":\"https:\/\/schema.org\",\"@graph\":[{\"@type\":\"WebPage\",\"@id\":\"https:\/\/cyklos.stage.tankbar.cloud\/fi\/muotoilu-ja-konsepti\/\",\"url\":\"https:\/\/cyklos.stage.tankbar.cloud\/fi\/muotoilu-ja-konsepti\/\",\"name\":\"Muotoilu ja konsepti py\u00f6r\u00e4pys\u00e4k\u00f6inniss\u00e4 - Cyklos | Suomi\",\"isPartOf\":{\"@id\":\"https:\/\/cyklos.stage.tankbar.cloud\/fi\/#website\"},\"datePublished\":\"2018-05-07T13:09:45+00:00\",\"dateModified\":\"2024-05-24T08:24:59+00:00\",\"description\":\"Py\u00f6r\u00e4pys\u00e4k\u00f6inti julkisessa ymp\u00e4rist\u00f6ss\u00e4 nostaa vaatimukset koskien muotoilua ja materiaalia. Lue lis\u00e4\u00e4 Cykloksen arvoista ja miten me ty\u00f6skentelemme n\u00e4itten parissa juuri teit\u00e4 varten!\",\"breadcrumb\":{\"@id\":\"https:\/\/cyklos.stage.tankbar.cloud\/fi\/muotoilu-ja-konsepti\/#breadcrumb\"},\"inLanguage\":\"fi\",\"potentialAction\":[{\"@type\":\"ReadAction\",\"target\":[\"https:\/\/cyklos.stage.tankbar.cloud\/fi\/muotoilu-ja-konsepti\/\"]}]},{\"@type\":\"BreadcrumbList\",\"@id\":\"https:\/\/cyklos.stage.tankbar.cloud\/fi\/muotoilu-ja-konsepti\/#breadcrumb\",\"itemListElement\":[{\"@type\":\"ListItem\",\"position\":1,\"name\":\"Home\",\"item\":\"https:\/\/cyklos.stage.tankbar.cloud\/fi\/\"},{\"@type\":\"ListItem\",\"position\":2,\"name\":\"Design och koncept\"}]},{\"@type\":\"WebSite\",\"@id\":\"https:\/\/cyklos.stage.tankbar.cloud\/fi\/#website\",\"url\":\"https:\/\/cyklos.stage.tankbar.cloud\/fi\/\",\"name\":\"Cyklos | Finland\",\"description\":\"Tulevaisuuden liikenne alkaa meilt\u00e4!\",\"potentialAction\":[{\"@type\":\"SearchAction\",\"target\":{\"@type\":\"EntryPoint\",\"urlTemplate\":\"https:\/\/cyklos.stage.tankbar.cloud\/fi\/?s={search_term_string}\"},\"query-input\":{\"@type\":\"PropertyValueSpecification\",\"valueRequired\":true,\"valueName\":\"search_term_string\"}}],\"inLanguage\":\"fi\"}]}<\/script>\n<!-- \/ Yoast SEO plugin. -->","yoast_head_json":{"title":"Muotoilu ja konsepti py\u00f6r\u00e4pys\u00e4k\u00f6inniss\u00e4 - Cyklos | Suomi","description":"Py\u00f6r\u00e4pys\u00e4k\u00f6inti julkisessa ymp\u00e4rist\u00f6ss\u00e4 nostaa vaatimukset koskien muotoilua ja materiaalia. Lue lis\u00e4\u00e4 Cykloksen arvoista ja miten me ty\u00f6skentelemme n\u00e4itten parissa juuri teit\u00e4 varten!","robots":{"index":"noindex","follow":"follow","max-snippet":"max-snippet:-1","max-image-preview":"max-image-preview:large","max-video-preview":"max-video-preview:-1"},"og_locale":"fi_FI","og_type":"article","og_title":"Muotoilu ja konsepti py\u00f6r\u00e4pys\u00e4k\u00f6inniss\u00e4 - Cyklos | Suomi","og_description":"Py\u00f6r\u00e4pys\u00e4k\u00f6inti julkisessa ymp\u00e4rist\u00f6ss\u00e4 nostaa vaatimukset koskien muotoilua ja materiaalia. Lue lis\u00e4\u00e4 Cykloksen arvoista ja miten me ty\u00f6skentelemme n\u00e4itten parissa juuri teit\u00e4 varten!","og_url":"https:\/\/cyklos.stage.tankbar.cloud\/fi\/muotoilu-ja-konsepti\/","og_site_name":"Cyklos | Finland","article_modified_time":"2024-05-24T08:24:59+00:00","twitter_card":"summary_large_image","twitter_misc":{"Arvioitu lukuaika":"4 minuuttia"},"schema":{"@context":"https:\/\/schema.org","@graph":[{"@type":"WebPage","@id":"https:\/\/cyklos.stage.tankbar.cloud\/fi\/muotoilu-ja-konsepti\/","url":"https:\/\/cyklos.stage.tankbar.cloud\/fi\/muotoilu-ja-konsepti\/","name":"Muotoilu ja konsepti py\u00f6r\u00e4pys\u00e4k\u00f6inniss\u00e4 - Cyklos | Suomi","isPartOf":{"@id":"https:\/\/cyklos.stage.tankbar.cloud\/fi\/#website"},"datePublished":"2018-05-07T13:09:45+00:00","dateModified":"2024-05-24T08:24:59+00:00","description":"Py\u00f6r\u00e4pys\u00e4k\u00f6inti julkisessa ymp\u00e4rist\u00f6ss\u00e4 nostaa vaatimukset koskien muotoilua ja materiaalia. Lue lis\u00e4\u00e4 Cykloksen arvoista ja miten me ty\u00f6skentelemme n\u00e4itten parissa juuri teit\u00e4 varten!","breadcrumb":{"@id":"https:\/\/cyklos.stage.tankbar.cloud\/fi\/muotoilu-ja-konsepti\/#breadcrumb"},"inLanguage":"fi","potentialAction":[{"@type":"ReadAction","target":["https:\/\/cyklos.stage.tankbar.cloud\/fi\/muotoilu-ja-konsepti\/"]}]},{"@type":"BreadcrumbList","@id":"https:\/\/cyklos.stage.tankbar.cloud\/fi\/muotoilu-ja-konsepti\/#breadcrumb","itemListElement":[{"@type":"ListItem","position":1,"name":"Home","item":"https:\/\/cyklos.stage.tankbar.cloud\/fi\/"},{"@type":"ListItem","position":2,"name":"Design och koncept"}]},{"@type":"WebSite","@id":"https:\/\/cyklos.stage.tankbar.cloud\/fi\/#website","url":"https:\/\/cyklos.stage.tankbar.cloud\/fi\/","name":"Cyklos | Finland","description":"Tulevaisuuden liikenne alkaa meilt\u00e4!","potentialAction":[{"@type":"SearchAction","target":{"@type":"EntryPoint","urlTemplate":"https:\/\/cyklos.stage.tankbar.cloud\/fi\/?s={search_term_string}"},"query-input":{"@type":"PropertyValueSpecification","valueRequired":true,"valueName":"search_term_string"}}],"inLanguage":"fi"}]}},"_links":{"self":[{"href":"https:\/\/cyklos.stage.tankbar.cloud\/fi\/wp-json\/wp\/v2\/pages\/500","targetHints":{"allow":["GET"]}}],"collection":[{"href":"https:\/\/cyklos.stage.tankbar.cloud\/fi\/wp-json\/wp\/v2\/pages"}],"about":[{"href":"https:\/\/cyklos.stage.tankbar.cloud\/fi\/wp-json\/wp\/v2\/types\/page"}],"author":[{"embeddable":true,"href":"https:\/\/cyklos.stage.tankbar.cloud\/fi\/wp-json\/wp\/v2\/users\/1"}],"replies":[{"embeddable":true,"href":"https:\/\/cyklos.stage.tankbar.cloud\/fi\/wp-json\/wp\/v2\/comments?post=500"}],"version-history":[{"count":13,"href":"https:\/\/cyklos.stage.tankbar.cloud\/fi\/wp-json\/wp\/v2\/pages\/500\/revisions"}],"predecessor-version":[{"id":33614,"href":"https:\/\/cyklos.stage.tankbar.cloud\/fi\/wp-json\/wp\/v2\/pages\/500\/revisions\/33614"}],"wp:attachment":[{"href":"https:\/\/cyklos.stage.tankbar.cloud\/fi\/wp-json\/wp\/v2\/media?parent=500"}],"curies":[{"name":"wp","href":"https:\/\/api.w.org\/{rel}","templated":true}]}}