{"id":513,"date":"2018-05-07T16:30:28","date_gmt":"2018-05-07T14:30:28","guid":{"rendered":"http:\/\/cyklos.stage.tankbar.cloud\/?page_id=513"},"modified":"2021-12-07T15:26:31","modified_gmt":"2021-12-07T14:26:31","slug":"tietoa-meista","status":"publish","type":"page","link":"https:\/\/cyklos.stage.tankbar.cloud\/fi\/tietoa-meista\/","title":{"rendered":"Tietoa meist\u00e4"},"content":{"rendered":"<div class=\"wpb-content-wrapper\"><p>[vc_row][vc_column][vc_column_text]<\/p>\n<h2 class=\"title-heading-left\">Yrityksen historia<\/h2>\n<p>[\/vc_column_text][\/vc_column][\/vc_row][vc_row css=&#8221;.vc_custom_1525338395751{margin-bottom: 60px !important;}&#8221;][vc_column width=&#8221;1\/2&#8243;][vc_column_text]<em>Sten Toll perusti Cykloksen vuonna 1994 , ja h\u00e4nen visionsa oli luoda uuden ajan py\u00f6r\u00e4pys\u00e4k\u00f6inti. H\u00e4n halusi, ett\u00e4 py\u00f6r\u00e4 voidaan pys\u00e4k\u00f6id\u00e4 yksinkertaisesti, mukavasti ja turvallisesti.<\/em><\/p>\n<p><em>Ensimm\u00e4inen ajatus syntyi siit\u00e4, ett\u00e4 kahden lukkovalmistajan mielest\u00e4 markkinoilla ei ollut hyv\u00e4\u00e4 runkolukituksella varustettua py\u00f6r\u00e4telinett\u00e4. Sten pohti py\u00f6r\u00e4telineiden toimivuutta ja k\u00e4ytt\u00f6varmuutta ja kehitti Cykloksen ensimm\u00e4isen py\u00f6r\u00e4telinemallin, Alfan. Tuloksena oli yksinkertainen ja uniikki tuote.<\/em><\/p>\n<p><em>Nimi Cyklos syntyi yhdist\u00e4m\u00e4ll\u00e4 sanat polkupy\u00f6r\u00e4 ja lukko \u2013 Cykel ja L\u00e5s \u2013 Cyklos.<\/em><\/p>\n<p><em>90-luvun lopulla lanseerattiin ensimm\u00e4iset versiot py\u00f6r\u00e4katoksestamme. Kokemuksen ja tulevaisuuteen suuntautuvien visioiden my\u00f6t\u00e4 olemme jatkaneet kehitt\u00e4m\u00e4ll\u00e4 tuotteita julkiseen ymp\u00e4rist\u00f6\u00f6n.<\/em><\/p>\n<p><em>Nyky\u00e4\u00e4n olemme yksi Pohjoismaitten johtavista julkisten tilojen py\u00f6r\u00e4pys\u00e4k\u00f6inti- ja muiden julkisten py\u00f6r\u00e4tuotteiden toimittajista. Olemme saaneet kunnian toimittaa tuotteita joihinkin Pohjoismaiden kiinnostavimpiin projekteihin, ja ty\u00f6skentelemme edelleen tuotekehityksen ja myynnin parissa.<\/em>[\/vc_column_text][\/vc_column][vc_column width=&#8221;1\/2&#8243;][\/vc_column][\/vc_row]<\/p>\n<\/div>","protected":false},"excerpt":{"rendered":"<p>[vc_row][vc_column][vc_column_text] Yrityksen historia [\/vc_column_text][\/vc_column][\/vc_row][vc_row css=&#8221;.vc_custom_1525338395751{margin-bottom: 60px !important;}&#8221;][vc_column width=&#8221;1\/2&#8243;][vc_column_text]Sten Toll perusti Cykloksen vuonna 1994 , ja h\u00e4nen visionsa oli [&hellip;]<\/p>\n","protected":false},"author":1,"featured_media":0,"parent":0,"menu_order":0,"comment_status":"closed","ping_status":"closed","template":"templates\/subpage.php","meta":{"_acf_changed":false,"footnotes":""},"class_list":["post-513","page","type-page","status-publish","hentry"],"acf":[],"yoast_head":"<!-- This site is optimized with the Yoast SEO plugin v27.2 - https:\/\/yoast.com\/product\/yoast-seo-wordpress\/ -->\n<title>Tietoa meist\u00e4 - Cyklos | Finland<\/title>\n<meta name=\"robots\" content=\"noindex, follow, max-snippet:-1, max-image-preview:large, max-video-preview:-1\" \/>\n<meta property=\"og:locale\" content=\"fi_FI\" \/>\n<meta property=\"og:type\" content=\"article\" \/>\n<meta property=\"og:title\" content=\"Tietoa meist\u00e4 - Cyklos | Finland\" \/>\n<meta property=\"og:description\" content=\"[vc_row][vc_column][vc_column_text] Yrityksen historia [\/vc_column_text][\/vc_column][\/vc_row][vc_row css=&#8221;.vc_custom_1525338395751{margin-bottom: 60px !important;}&#8221;][vc_column width=&#8221;1\/2&#8243;][vc_column_text]Sten Toll perusti Cykloksen vuonna 1994 , ja h\u00e4nen visionsa oli [&hellip;]\" \/>\n<meta property=\"og:url\" content=\"https:\/\/cyklos.stage.tankbar.cloud\/fi\/tietoa-meista\/\" \/>\n<meta property=\"og:site_name\" content=\"Cyklos | Finland\" \/>\n<meta property=\"article:modified_time\" content=\"2021-12-07T14:26:31+00:00\" \/>\n<meta name=\"twitter:card\" content=\"summary_large_image\" \/>\n<meta name=\"twitter:label1\" content=\"Arvioitu lukuaika\" \/>\n\t<meta name=\"twitter:data1\" content=\"1 minuutti\" \/>\n<script type=\"application\/ld+json\" class=\"yoast-schema-graph\">{\"@context\":\"https:\/\/schema.org\",\"@graph\":[{\"@type\":\"WebPage\",\"@id\":\"https:\/\/cyklos.stage.tankbar.cloud\/fi\/tietoa-meista\/\",\"url\":\"https:\/\/cyklos.stage.tankbar.cloud\/fi\/tietoa-meista\/\",\"name\":\"Tietoa meist\u00e4 - Cyklos | Finland\",\"isPartOf\":{\"@id\":\"https:\/\/cyklos.stage.tankbar.cloud\/fi\/#website\"},\"datePublished\":\"2018-05-07T14:30:28+00:00\",\"dateModified\":\"2021-12-07T14:26:31+00:00\",\"breadcrumb\":{\"@id\":\"https:\/\/cyklos.stage.tankbar.cloud\/fi\/tietoa-meista\/#breadcrumb\"},\"inLanguage\":\"fi\",\"potentialAction\":[{\"@type\":\"ReadAction\",\"target\":[\"https:\/\/cyklos.stage.tankbar.cloud\/fi\/tietoa-meista\/\"]}]},{\"@type\":\"BreadcrumbList\",\"@id\":\"https:\/\/cyklos.stage.tankbar.cloud\/fi\/tietoa-meista\/#breadcrumb\",\"itemListElement\":[{\"@type\":\"ListItem\",\"position\":1,\"name\":\"Home\",\"item\":\"https:\/\/cyklos.stage.tankbar.cloud\/fi\/\"},{\"@type\":\"ListItem\",\"position\":2,\"name\":\"Tietoa meist\u00e4\"}]},{\"@type\":\"WebSite\",\"@id\":\"https:\/\/cyklos.stage.tankbar.cloud\/fi\/#website\",\"url\":\"https:\/\/cyklos.stage.tankbar.cloud\/fi\/\",\"name\":\"Cyklos | Finland\",\"description\":\"Tulevaisuuden liikenne alkaa meilt\u00e4!\",\"potentialAction\":[{\"@type\":\"SearchAction\",\"target\":{\"@type\":\"EntryPoint\",\"urlTemplate\":\"https:\/\/cyklos.stage.tankbar.cloud\/fi\/?s={search_term_string}\"},\"query-input\":{\"@type\":\"PropertyValueSpecification\",\"valueRequired\":true,\"valueName\":\"search_term_string\"}}],\"inLanguage\":\"fi\"}]}<\/script>\n<!-- \/ Yoast SEO plugin. -->","yoast_head_json":{"title":"Tietoa meist\u00e4 - Cyklos | Finland","robots":{"index":"noindex","follow":"follow","max-snippet":"max-snippet:-1","max-image-preview":"max-image-preview:large","max-video-preview":"max-video-preview:-1"},"og_locale":"fi_FI","og_type":"article","og_title":"Tietoa meist\u00e4 - Cyklos | Finland","og_description":"[vc_row][vc_column][vc_column_text] Yrityksen historia [\/vc_column_text][\/vc_column][\/vc_row][vc_row css=&#8221;.vc_custom_1525338395751{margin-bottom: 60px !important;}&#8221;][vc_column width=&#8221;1\/2&#8243;][vc_column_text]Sten Toll perusti Cykloksen vuonna 1994 , ja h\u00e4nen visionsa oli [&hellip;]","og_url":"https:\/\/cyklos.stage.tankbar.cloud\/fi\/tietoa-meista\/","og_site_name":"Cyklos | Finland","article_modified_time":"2021-12-07T14:26:31+00:00","twitter_card":"summary_large_image","twitter_misc":{"Arvioitu lukuaika":"1 minuutti"},"schema":{"@context":"https:\/\/schema.org","@graph":[{"@type":"WebPage","@id":"https:\/\/cyklos.stage.tankbar.cloud\/fi\/tietoa-meista\/","url":"https:\/\/cyklos.stage.tankbar.cloud\/fi\/tietoa-meista\/","name":"Tietoa meist\u00e4 - Cyklos | Finland","isPartOf":{"@id":"https:\/\/cyklos.stage.tankbar.cloud\/fi\/#website"},"datePublished":"2018-05-07T14:30:28+00:00","dateModified":"2021-12-07T14:26:31+00:00","breadcrumb":{"@id":"https:\/\/cyklos.stage.tankbar.cloud\/fi\/tietoa-meista\/#breadcrumb"},"inLanguage":"fi","potentialAction":[{"@type":"ReadAction","target":["https:\/\/cyklos.stage.tankbar.cloud\/fi\/tietoa-meista\/"]}]},{"@type":"BreadcrumbList","@id":"https:\/\/cyklos.stage.tankbar.cloud\/fi\/tietoa-meista\/#breadcrumb","itemListElement":[{"@type":"ListItem","position":1,"name":"Home","item":"https:\/\/cyklos.stage.tankbar.cloud\/fi\/"},{"@type":"ListItem","position":2,"name":"Tietoa meist\u00e4"}]},{"@type":"WebSite","@id":"https:\/\/cyklos.stage.tankbar.cloud\/fi\/#website","url":"https:\/\/cyklos.stage.tankbar.cloud\/fi\/","name":"Cyklos | Finland","description":"Tulevaisuuden liikenne alkaa meilt\u00e4!","potentialAction":[{"@type":"SearchAction","target":{"@type":"EntryPoint","urlTemplate":"https:\/\/cyklos.stage.tankbar.cloud\/fi\/?s={search_term_string}"},"query-input":{"@type":"PropertyValueSpecification","valueRequired":true,"valueName":"search_term_string"}}],"inLanguage":"fi"}]}},"_links":{"self":[{"href":"https:\/\/cyklos.stage.tankbar.cloud\/fi\/wp-json\/wp\/v2\/pages\/513","targetHints":{"allow":["GET"]}}],"collection":[{"href":"https:\/\/cyklos.stage.tankbar.cloud\/fi\/wp-json\/wp\/v2\/pages"}],"about":[{"href":"https:\/\/cyklos.stage.tankbar.cloud\/fi\/wp-json\/wp\/v2\/types\/page"}],"author":[{"embeddable":true,"href":"https:\/\/cyklos.stage.tankbar.cloud\/fi\/wp-json\/wp\/v2\/users\/1"}],"replies":[{"embeddable":true,"href":"https:\/\/cyklos.stage.tankbar.cloud\/fi\/wp-json\/wp\/v2\/comments?post=513"}],"version-history":[{"count":10,"href":"https:\/\/cyklos.stage.tankbar.cloud\/fi\/wp-json\/wp\/v2\/pages\/513\/revisions"}],"predecessor-version":[{"id":33003,"href":"https:\/\/cyklos.stage.tankbar.cloud\/fi\/wp-json\/wp\/v2\/pages\/513\/revisions\/33003"}],"wp:attachment":[{"href":"https:\/\/cyklos.stage.tankbar.cloud\/fi\/wp-json\/wp\/v2\/media?parent=513"}],"curies":[{"name":"wp","href":"https:\/\/api.w.org\/{rel}","templated":true}]}}