{"id":556,"date":"2018-05-14T10:23:38","date_gmt":"2018-05-14T08:23:38","guid":{"rendered":"http:\/\/cyklos2018.wpstage01.tankbar.com\/?page_id=556"},"modified":"2022-03-30T08:13:21","modified_gmt":"2022-03-30T06:13:21","slug":"kirjaudu-sisaan-arkkitehtipalveluun","status":"publish","type":"page","link":"https:\/\/cyklos.stage.tankbar.cloud\/fi\/kirjaudu-sisaan-arkkitehtipalveluun\/","title":{"rendered":"Arkkitehtipalvelu &#8211; kirjaudu sis\u00e4\u00e4n"},"content":{"rendered":"<div class=\"wpb-content-wrapper\"><p>[vc_row][vc_column][vc_video link=&#8221;https:\/\/youtu.be\/vE8OceJzrtk&#8221;][\/vc_column][\/vc_row][vc_row][vc_column][vc_column_text]<strong>Rekister\u00f6idy Arkkitehtipalveluun ja saat k\u00e4ytt\u00f6\u00f6si kaikki n\u00e4m\u00e4 palvelut:\u00a0\u00a0<\/strong><\/p>\n<p>Piirustukset, DWG:t ja asennusohjeet.<\/p>\n<p>Kaikki meid\u00e4n kuvamme korkealla resoluutiolla yksityiskohtien tarkistamiseen.<\/p>\n<p>Valmiit tekstipohjat ty\u00f6selostuksiin ja suunnittelua varten.<\/p>\n<p>Render\u00f6innit tuotteista erilaisista kulmista.<\/p>\n<p>Ajankohtaiset hinnastot ja esimerkkitarjoukset.<\/p>\n<p>Yhteystietoja sek\u00e4 lis\u00e4tietoja.[\/vc_column_text][\/vc_column][\/vc_row][vc_row][vc_column][vc_column_text]<\/p>\n<h3 style=\"text-align: left;\">Arkkitehtipalvelu palvelee 24h!<\/h3>\n<p>[\/vc_column_text][\/vc_column][\/vc_row][vc_row][vc_column][vc_column_text]<em>Puuttuuko jotain, anna mielell\u00e4\u00e4n palautetta.<\/em>[\/vc_column_text][\/vc_column][\/vc_row]<\/p>\n<\/div>","protected":false},"excerpt":{"rendered":"<p>[vc_row][vc_column][vc_video link=&#8221;https:\/\/youtu.be\/vE8OceJzrtk&#8221;][\/vc_column][\/vc_row][vc_row][vc_column][vc_column_text]Rekister\u00f6idy Arkkitehtipalveluun ja saat k\u00e4ytt\u00f6\u00f6si kaikki n\u00e4m\u00e4 palvelut:\u00a0\u00a0 Piirustukset, DWG:t ja asennusohjeet. Kaikki meid\u00e4n kuvamme korkealla resoluutiolla [&hellip;]<\/p>\n","protected":false},"author":1,"featured_media":0,"parent":0,"menu_order":0,"comment_status":"closed","ping_status":"closed","template":"templates\/architect-login.php","meta":{"_acf_changed":false,"footnotes":""},"class_list":["post-556","page","type-page","status-publish","hentry"],"acf":[],"yoast_head":"<!-- This site is optimized with the Yoast SEO plugin v27.2 - https:\/\/yoast.com\/product\/yoast-seo-wordpress\/ -->\n<title>Arkkitehtipalvelu - kirjaudu sis\u00e4\u00e4n - Cyklos | Finland<\/title>\n<meta name=\"robots\" content=\"noindex, follow\" \/>\n<meta property=\"og:locale\" content=\"fi_FI\" \/>\n<meta property=\"og:type\" content=\"article\" \/>\n<meta property=\"og:title\" content=\"Arkkitehtipalvelu - kirjaudu sis\u00e4\u00e4n - Cyklos | Finland\" \/>\n<meta property=\"og:description\" content=\"[vc_row][vc_column][vc_video link=&#8221;https:\/\/youtu.be\/vE8OceJzrtk&#8221;][\/vc_column][\/vc_row][vc_row][vc_column][vc_column_text]Rekister\u00f6idy Arkkitehtipalveluun ja saat k\u00e4ytt\u00f6\u00f6si kaikki n\u00e4m\u00e4 palvelut:\u00a0\u00a0 Piirustukset, DWG:t ja asennusohjeet. Kaikki meid\u00e4n kuvamme korkealla resoluutiolla [&hellip;]\" \/>\n<meta property=\"og:url\" content=\"https:\/\/cyklos.stage.tankbar.cloud\/fi\/kirjaudu-sisaan-arkkitehtipalveluun\/\" \/>\n<meta property=\"og:site_name\" content=\"Cyklos | Finland\" \/>\n<meta property=\"article:modified_time\" content=\"2022-03-30T06:13:21+00:00\" \/>\n<meta name=\"twitter:card\" content=\"summary_large_image\" \/>\n<meta name=\"twitter:label1\" content=\"Arvioitu lukuaika\" \/>\n\t<meta name=\"twitter:data1\" content=\"1 minuutti\" \/>\n<script type=\"application\/ld+json\" class=\"yoast-schema-graph\">{\"@context\":\"https:\/\/schema.org\",\"@graph\":[{\"@type\":\"WebPage\",\"@id\":\"https:\/\/cyklos.stage.tankbar.cloud\/fi\/kirjaudu-sisaan-arkkitehtipalveluun\/\",\"url\":\"https:\/\/cyklos.stage.tankbar.cloud\/fi\/kirjaudu-sisaan-arkkitehtipalveluun\/\",\"name\":\"Arkkitehtipalvelu - kirjaudu sis\u00e4\u00e4n - Cyklos | Finland\",\"isPartOf\":{\"@id\":\"https:\/\/cyklos.stage.tankbar.cloud\/fi\/#website\"},\"datePublished\":\"2018-05-14T08:23:38+00:00\",\"dateModified\":\"2022-03-30T06:13:21+00:00\",\"breadcrumb\":{\"@id\":\"https:\/\/cyklos.stage.tankbar.cloud\/fi\/kirjaudu-sisaan-arkkitehtipalveluun\/#breadcrumb\"},\"inLanguage\":\"fi\",\"potentialAction\":[{\"@type\":\"ReadAction\",\"target\":[\"https:\/\/cyklos.stage.tankbar.cloud\/fi\/kirjaudu-sisaan-arkkitehtipalveluun\/\"]}]},{\"@type\":\"BreadcrumbList\",\"@id\":\"https:\/\/cyklos.stage.tankbar.cloud\/fi\/kirjaudu-sisaan-arkkitehtipalveluun\/#breadcrumb\",\"itemListElement\":[{\"@type\":\"ListItem\",\"position\":1,\"name\":\"Home\",\"item\":\"https:\/\/cyklos.stage.tankbar.cloud\/fi\/\"},{\"@type\":\"ListItem\",\"position\":2,\"name\":\"Arkkitehtipalvelu &#8211; kirjaudu sis\u00e4\u00e4n\"}]},{\"@type\":\"WebSite\",\"@id\":\"https:\/\/cyklos.stage.tankbar.cloud\/fi\/#website\",\"url\":\"https:\/\/cyklos.stage.tankbar.cloud\/fi\/\",\"name\":\"Cyklos | Finland\",\"description\":\"Tulevaisuuden liikenne alkaa meilt\u00e4!\",\"potentialAction\":[{\"@type\":\"SearchAction\",\"target\":{\"@type\":\"EntryPoint\",\"urlTemplate\":\"https:\/\/cyklos.stage.tankbar.cloud\/fi\/?s={search_term_string}\"},\"query-input\":{\"@type\":\"PropertyValueSpecification\",\"valueRequired\":true,\"valueName\":\"search_term_string\"}}],\"inLanguage\":\"fi\"}]}<\/script>\n<!-- \/ Yoast SEO plugin. -->","yoast_head_json":{"title":"Arkkitehtipalvelu - kirjaudu sis\u00e4\u00e4n - Cyklos | Finland","robots":{"index":"noindex","follow":"follow"},"og_locale":"fi_FI","og_type":"article","og_title":"Arkkitehtipalvelu - kirjaudu sis\u00e4\u00e4n - Cyklos | Finland","og_description":"[vc_row][vc_column][vc_video link=&#8221;https:\/\/youtu.be\/vE8OceJzrtk&#8221;][\/vc_column][\/vc_row][vc_row][vc_column][vc_column_text]Rekister\u00f6idy Arkkitehtipalveluun ja saat k\u00e4ytt\u00f6\u00f6si kaikki n\u00e4m\u00e4 palvelut:\u00a0\u00a0 Piirustukset, DWG:t ja asennusohjeet. Kaikki meid\u00e4n kuvamme korkealla resoluutiolla [&hellip;]","og_url":"https:\/\/cyklos.stage.tankbar.cloud\/fi\/kirjaudu-sisaan-arkkitehtipalveluun\/","og_site_name":"Cyklos | Finland","article_modified_time":"2022-03-30T06:13:21+00:00","twitter_card":"summary_large_image","twitter_misc":{"Arvioitu lukuaika":"1 minuutti"},"schema":{"@context":"https:\/\/schema.org","@graph":[{"@type":"WebPage","@id":"https:\/\/cyklos.stage.tankbar.cloud\/fi\/kirjaudu-sisaan-arkkitehtipalveluun\/","url":"https:\/\/cyklos.stage.tankbar.cloud\/fi\/kirjaudu-sisaan-arkkitehtipalveluun\/","name":"Arkkitehtipalvelu - kirjaudu sis\u00e4\u00e4n - Cyklos | Finland","isPartOf":{"@id":"https:\/\/cyklos.stage.tankbar.cloud\/fi\/#website"},"datePublished":"2018-05-14T08:23:38+00:00","dateModified":"2022-03-30T06:13:21+00:00","breadcrumb":{"@id":"https:\/\/cyklos.stage.tankbar.cloud\/fi\/kirjaudu-sisaan-arkkitehtipalveluun\/#breadcrumb"},"inLanguage":"fi","potentialAction":[{"@type":"ReadAction","target":["https:\/\/cyklos.stage.tankbar.cloud\/fi\/kirjaudu-sisaan-arkkitehtipalveluun\/"]}]},{"@type":"BreadcrumbList","@id":"https:\/\/cyklos.stage.tankbar.cloud\/fi\/kirjaudu-sisaan-arkkitehtipalveluun\/#breadcrumb","itemListElement":[{"@type":"ListItem","position":1,"name":"Home","item":"https:\/\/cyklos.stage.tankbar.cloud\/fi\/"},{"@type":"ListItem","position":2,"name":"Arkkitehtipalvelu &#8211; kirjaudu sis\u00e4\u00e4n"}]},{"@type":"WebSite","@id":"https:\/\/cyklos.stage.tankbar.cloud\/fi\/#website","url":"https:\/\/cyklos.stage.tankbar.cloud\/fi\/","name":"Cyklos | Finland","description":"Tulevaisuuden liikenne alkaa meilt\u00e4!","potentialAction":[{"@type":"SearchAction","target":{"@type":"EntryPoint","urlTemplate":"https:\/\/cyklos.stage.tankbar.cloud\/fi\/?s={search_term_string}"},"query-input":{"@type":"PropertyValueSpecification","valueRequired":true,"valueName":"search_term_string"}}],"inLanguage":"fi"}]}},"_links":{"self":[{"href":"https:\/\/cyklos.stage.tankbar.cloud\/fi\/wp-json\/wp\/v2\/pages\/556","targetHints":{"allow":["GET"]}}],"collection":[{"href":"https:\/\/cyklos.stage.tankbar.cloud\/fi\/wp-json\/wp\/v2\/pages"}],"about":[{"href":"https:\/\/cyklos.stage.tankbar.cloud\/fi\/wp-json\/wp\/v2\/types\/page"}],"author":[{"embeddable":true,"href":"https:\/\/cyklos.stage.tankbar.cloud\/fi\/wp-json\/wp\/v2\/users\/1"}],"replies":[{"embeddable":true,"href":"https:\/\/cyklos.stage.tankbar.cloud\/fi\/wp-json\/wp\/v2\/comments?post=556"}],"version-history":[{"count":10,"href":"https:\/\/cyklos.stage.tankbar.cloud\/fi\/wp-json\/wp\/v2\/pages\/556\/revisions"}],"predecessor-version":[{"id":33126,"href":"https:\/\/cyklos.stage.tankbar.cloud\/fi\/wp-json\/wp\/v2\/pages\/556\/revisions\/33126"}],"wp:attachment":[{"href":"https:\/\/cyklos.stage.tankbar.cloud\/fi\/wp-json\/wp\/v2\/media?parent=556"}],"curies":[{"name":"wp","href":"https:\/\/api.w.org\/{rel}","templated":true}]}}