{"id":18904,"date":"2018-08-09T11:40:38","date_gmt":"2018-08-09T09:40:38","guid":{"rendered":"https:\/\/cyklos.stage.tankbar.cloud\/fi\/produkt\/import-placeholder-for-67\/"},"modified":"2023-10-30T16:21:34","modified_gmt":"2023-10-30T15:21:34","slug":"pyorateline-beta","status":"publish","type":"product","link":"https:\/\/cyklos.stage.tankbar.cloud\/fi\/produkt\/pyorateline-beta\/","title":{"rendered":"Py\u00f6r\u00e4teline BETA"},"content":{"rendered":"<div class=\"wpb-content-wrapper\"><p>[vc_row][vc_column][vc_column_text]<\/p>\n<h3>Tukeva ja turvallinen<\/h3>\n<ul>\n<li>Telineess\u00e4 on paikka kahdelle polkupy\u00f6r\u00e4lle \u2013 vankka ja kest\u00e4v\u00e4 rakenne.<\/li>\n<li>Py\u00f6r\u00e4ilij\u00e4 lukitsee rungon \u201dsyd\u00e4meen\u201d tai k\u00e4ytt\u00e4\u00e4 telineess\u00e4 olevaa kettinki\u00e4 (lis\u00e4varuste)<\/li>\n<li>Telineen yl\u00e4osassa on pidikkeet kahta py\u00f6r\u00e4\u00e4 varten, py\u00f6r\u00e4t seisovat tukevasti pystyss\u00e4 eiv\u00e4tk\u00e4 hankaudu telinett\u00e4 vasten.<\/li>\n<\/ul>\n<h3>Toiminto<\/h3>\n<ul>\n<li>BETA erottuu muista py\u00f6r\u00e4telineist\u00e4 mm. siten, ett\u00e4 \u201dsyd\u00e4n\u201d muodostaa sopivan et\u00e4isyyden polkupy\u00f6rien v\u00e4lille ja antaa tilaa ilmavampaan sijoittamiseen. Voidaan k\u00e4ytt\u00e4\u00e4 my\u00f6s mopojen lukitukseen kettingin avulla<\/li>\n<\/ul>\n<h3>Sertifioinnit<\/h3>\n<div id=\"attachment_19218\" style=\"width: 278px\" class=\"wp-caption alignnone\"><img loading=\"lazy\" decoding=\"async\" aria-describedby=\"caption-attachment-19218\" class=\"wp-image-19218 size-full\" src=\"https:\/\/cyklos.stage.tankbar.cloud\/fi\/wp-content\/uploads\/sites\/8\/2018\/08\/pohjoismaissa-valmistettu.png\" alt=\"Tuote on valmistettu pohjoismaissa.\" width=\"268\" height=\"22\" \/><p id=\"caption-attachment-19218\" class=\"wp-caption-text\">Tuote on valmistettu pohjoismaissa.<\/p><\/div>\n<h3><img loading=\"lazy\" decoding=\"async\" class=\"alignnone size-full wp-image-1329\" src=\"https:\/\/www.cyklos.se\/wp-content\/uploads\/sites\/8\/2018\/04\/byggvarubedo\u0308mningen.png\" alt=\"\" width=\"400\" height=\"40\" srcset=\"https:\/\/www.cyklos.se\/wp-content\/uploads\/sites\/8\/2018\/04\/byggvarubedo\u0308mningen.png 400w, https:\/\/www.cyklos.se\/wp-content\/uploads\/sites\/8\/2018\/04\/byggvarubedo\u0308mningen-300x30.png 300w\" sizes=\"auto, (max-width: 400px) 100vw, 400px\" \/><\/h3>\n<h3>Design<\/h3>\n<p>SEJ[\/vc_column_text][\/vc_column][\/vc_row]<\/p>\n<\/div>","protected":false},"excerpt":{"rendered":"<p>Py\u00f6r\u00e4telineklassikko, joka takaa varman lukituksen. Polkupy\u00f6r\u00e4 asetetaan telineess\u00e4 olevaan pidikkeeseen tai telineen viereen ja lukitaan \u201dsyd\u00e4meen\u201d tai kettinkiin (lis\u00e4varuste).<br \/>\nKettinkilukitus on helppo ja varma tapa est\u00e4\u00e4 polkupy\u00f6r\u00e4varkauksia.<\/p>\n<div class=\"fusion-li-item-content\"><\/div>\n","protected":false},"featured_media":25206,"comment_status":"closed","ping_status":"closed","template":"","meta":{"_acf_changed":false},"product_brand":[],"product_cat":[283],"product_tag":[],"class_list":{"0":"post-18904","1":"product","2":"type-product","3":"status-publish","4":"has-post-thumbnail","6":"product_cat-pyorateline","7":"pa_forankring-forlangd-for-nedgjutning","8":"pa_forankring-adapter-betongfundament","9":"pa_forankring-sovitin-lyontiankkuri","10":"pa_materiale-kuumasinkitty","11":"pa_materiale-kuumasinkitty-pulverimaalattu-tilaajan-valitsemalla-ral-varilla-vakiovari-musta-ral-9005","13":"first","14":"instock","15":"purchasable","16":"product-type-variable"},"acf":[],"yoast_head":"<!-- This site is optimized with the Yoast SEO plugin v27.2 - https:\/\/yoast.com\/product\/yoast-seo-wordpress\/ -->\n<title>Py\u00f6r\u00e4teline BETA tukevalla pidikkeell\u00e4 ja kettingill\u00e4 | Cyklos - Suomi<\/title>\n<meta name=\"description\" content=\"Py\u00f6r\u00e4teline BETA on runkolukitusteline tukevalla pidikkeell\u00e4 ja kettingill\u00e4. Py\u00f6r\u00e4t seisovat tukevasti pystyss\u00e4 ja siisteiss\u00e4 riveiss\u00e4.\" \/>\n<meta name=\"robots\" content=\"noindex, follow, max-snippet:-1, max-image-preview:large, max-video-preview:-1\" \/>\n<meta property=\"og:locale\" content=\"fi_FI\" \/>\n<meta property=\"og:type\" content=\"article\" \/>\n<meta property=\"og:title\" content=\"Py\u00f6r\u00e4teline BETA tukevalla pidikkeell\u00e4 ja kettingill\u00e4 | Cyklos - Suomi\" \/>\n<meta property=\"og:description\" content=\"Py\u00f6r\u00e4teline BETA on runkolukitusteline tukevalla pidikkeell\u00e4 ja kettingill\u00e4. Py\u00f6r\u00e4t seisovat tukevasti pystyss\u00e4 ja siisteiss\u00e4 riveiss\u00e4.\" \/>\n<meta property=\"og:url\" content=\"https:\/\/cyklos.stage.tankbar.cloud\/fi\/produkt\/pyorateline-beta\/\" \/>\n<meta property=\"og:site_name\" content=\"Cyklos | Finland\" \/>\n<meta property=\"article:modified_time\" content=\"2023-10-30T15:21:34+00:00\" \/>\n<meta property=\"og:image\" content=\"https:\/\/cyklos.stage.tankbar.cloud\/fi\/wp-content\/uploads\/sites\/8\/2018\/09\/pyorateline-beta-kettingilla-8.jpeg\" \/>\n\t<meta property=\"og:image:width\" content=\"2048\" \/>\n\t<meta property=\"og:image:height\" content=\"1152\" \/>\n\t<meta property=\"og:image:type\" content=\"image\/jpeg\" \/>\n<meta name=\"twitter:card\" content=\"summary_large_image\" \/>\n<meta name=\"twitter:label1\" content=\"Arvioitu lukuaika\" \/>\n\t<meta name=\"twitter:data1\" content=\"1 minuutti\" \/>\n<script type=\"application\/ld+json\" class=\"yoast-schema-graph\">{\"@context\":\"https:\/\/schema.org\",\"@graph\":[{\"@type\":\"WebPage\",\"@id\":\"https:\/\/cyklos.stage.tankbar.cloud\/fi\/produkt\/pyorateline-beta\/\",\"url\":\"https:\/\/cyklos.stage.tankbar.cloud\/fi\/produkt\/pyorateline-beta\/\",\"name\":\"Py\u00f6r\u00e4teline BETA tukevalla pidikkeell\u00e4 ja kettingill\u00e4 | Cyklos - Suomi\",\"isPartOf\":{\"@id\":\"https:\/\/cyklos.stage.tankbar.cloud\/fi\/#website\"},\"primaryImageOfPage\":{\"@id\":\"https:\/\/cyklos.stage.tankbar.cloud\/fi\/produkt\/pyorateline-beta\/#primaryimage\"},\"image\":{\"@id\":\"https:\/\/cyklos.stage.tankbar.cloud\/fi\/produkt\/pyorateline-beta\/#primaryimage\"},\"thumbnailUrl\":\"https:\/\/cyklos.stage.tankbar.cloud\/fi\/wp-content\/uploads\/sites\/8\/2018\/09\/pyorateline-beta-kettingilla-8.jpeg\",\"datePublished\":\"2018-08-09T09:40:38+00:00\",\"dateModified\":\"2023-10-30T15:21:34+00:00\",\"description\":\"Py\u00f6r\u00e4teline BETA on runkolukitusteline tukevalla pidikkeell\u00e4 ja kettingill\u00e4. Py\u00f6r\u00e4t seisovat tukevasti pystyss\u00e4 ja siisteiss\u00e4 riveiss\u00e4.\",\"breadcrumb\":{\"@id\":\"https:\/\/cyklos.stage.tankbar.cloud\/fi\/produkt\/pyorateline-beta\/#breadcrumb\"},\"inLanguage\":\"fi\",\"potentialAction\":[{\"@type\":\"ReadAction\",\"target\":[\"https:\/\/cyklos.stage.tankbar.cloud\/fi\/produkt\/pyorateline-beta\/\"]}]},{\"@type\":\"ImageObject\",\"inLanguage\":\"fi\",\"@id\":\"https:\/\/cyklos.stage.tankbar.cloud\/fi\/produkt\/pyorateline-beta\/#primaryimage\",\"url\":\"https:\/\/cyklos.stage.tankbar.cloud\/fi\/wp-content\/uploads\/sites\/8\/2018\/09\/pyorateline-beta-kettingilla-8.jpeg\",\"contentUrl\":\"https:\/\/cyklos.stage.tankbar.cloud\/fi\/wp-content\/uploads\/sites\/8\/2018\/09\/pyorateline-beta-kettingilla-8.jpeg\",\"width\":2048,\"height\":1152,\"caption\":\"Cyklos Beta py\u00f6r\u00e4teline pidikkeill\u00e4 ylh\u00e4\u00e4lt\u00e4 valkoisella pohjalla\"},{\"@type\":\"BreadcrumbList\",\"@id\":\"https:\/\/cyklos.stage.tankbar.cloud\/fi\/produkt\/pyorateline-beta\/#breadcrumb\",\"itemListElement\":[{\"@type\":\"ListItem\",\"position\":1,\"name\":\"Home\",\"item\":\"https:\/\/cyklos.stage.tankbar.cloud\/fi\/\"},{\"@type\":\"ListItem\",\"position\":2,\"name\":\"Tuotteet\",\"item\":\"https:\/\/cyklos.stage.tankbar.cloud\/fi\/shop\/\"},{\"@type\":\"ListItem\",\"position\":3,\"name\":\"Py\u00f6r\u00e4teline BETA\"}]},{\"@type\":\"WebSite\",\"@id\":\"https:\/\/cyklos.stage.tankbar.cloud\/fi\/#website\",\"url\":\"https:\/\/cyklos.stage.tankbar.cloud\/fi\/\",\"name\":\"Cyklos | Finland\",\"description\":\"Tulevaisuuden liikenne alkaa meilt\u00e4!\",\"potentialAction\":[{\"@type\":\"SearchAction\",\"target\":{\"@type\":\"EntryPoint\",\"urlTemplate\":\"https:\/\/cyklos.stage.tankbar.cloud\/fi\/?s={search_term_string}\"},\"query-input\":{\"@type\":\"PropertyValueSpecification\",\"valueRequired\":true,\"valueName\":\"search_term_string\"}}],\"inLanguage\":\"fi\"}]}<\/script>\n<!-- \/ Yoast SEO plugin. -->","yoast_head_json":{"title":"Py\u00f6r\u00e4teline BETA tukevalla pidikkeell\u00e4 ja kettingill\u00e4 | Cyklos - Suomi","description":"Py\u00f6r\u00e4teline BETA on runkolukitusteline tukevalla pidikkeell\u00e4 ja kettingill\u00e4. Py\u00f6r\u00e4t seisovat tukevasti pystyss\u00e4 ja siisteiss\u00e4 riveiss\u00e4.","robots":{"index":"noindex","follow":"follow","max-snippet":"max-snippet:-1","max-image-preview":"max-image-preview:large","max-video-preview":"max-video-preview:-1"},"og_locale":"fi_FI","og_type":"article","og_title":"Py\u00f6r\u00e4teline BETA tukevalla pidikkeell\u00e4 ja kettingill\u00e4 | Cyklos - Suomi","og_description":"Py\u00f6r\u00e4teline BETA on runkolukitusteline tukevalla pidikkeell\u00e4 ja kettingill\u00e4. Py\u00f6r\u00e4t seisovat tukevasti pystyss\u00e4 ja siisteiss\u00e4 riveiss\u00e4.","og_url":"https:\/\/cyklos.stage.tankbar.cloud\/fi\/produkt\/pyorateline-beta\/","og_site_name":"Cyklos | Finland","article_modified_time":"2023-10-30T15:21:34+00:00","og_image":[{"width":2048,"height":1152,"url":"https:\/\/cyklos.stage.tankbar.cloud\/fi\/wp-content\/uploads\/sites\/8\/2018\/09\/pyorateline-beta-kettingilla-8.jpeg","type":"image\/jpeg"}],"twitter_card":"summary_large_image","twitter_misc":{"Arvioitu lukuaika":"1 minuutti"},"schema":{"@context":"https:\/\/schema.org","@graph":[{"@type":"WebPage","@id":"https:\/\/cyklos.stage.tankbar.cloud\/fi\/produkt\/pyorateline-beta\/","url":"https:\/\/cyklos.stage.tankbar.cloud\/fi\/produkt\/pyorateline-beta\/","name":"Py\u00f6r\u00e4teline BETA tukevalla pidikkeell\u00e4 ja kettingill\u00e4 | Cyklos - Suomi","isPartOf":{"@id":"https:\/\/cyklos.stage.tankbar.cloud\/fi\/#website"},"primaryImageOfPage":{"@id":"https:\/\/cyklos.stage.tankbar.cloud\/fi\/produkt\/pyorateline-beta\/#primaryimage"},"image":{"@id":"https:\/\/cyklos.stage.tankbar.cloud\/fi\/produkt\/pyorateline-beta\/#primaryimage"},"thumbnailUrl":"https:\/\/cyklos.stage.tankbar.cloud\/fi\/wp-content\/uploads\/sites\/8\/2018\/09\/pyorateline-beta-kettingilla-8.jpeg","datePublished":"2018-08-09T09:40:38+00:00","dateModified":"2023-10-30T15:21:34+00:00","description":"Py\u00f6r\u00e4teline BETA on runkolukitusteline tukevalla pidikkeell\u00e4 ja kettingill\u00e4. Py\u00f6r\u00e4t seisovat tukevasti pystyss\u00e4 ja siisteiss\u00e4 riveiss\u00e4.","breadcrumb":{"@id":"https:\/\/cyklos.stage.tankbar.cloud\/fi\/produkt\/pyorateline-beta\/#breadcrumb"},"inLanguage":"fi","potentialAction":[{"@type":"ReadAction","target":["https:\/\/cyklos.stage.tankbar.cloud\/fi\/produkt\/pyorateline-beta\/"]}]},{"@type":"ImageObject","inLanguage":"fi","@id":"https:\/\/cyklos.stage.tankbar.cloud\/fi\/produkt\/pyorateline-beta\/#primaryimage","url":"https:\/\/cyklos.stage.tankbar.cloud\/fi\/wp-content\/uploads\/sites\/8\/2018\/09\/pyorateline-beta-kettingilla-8.jpeg","contentUrl":"https:\/\/cyklos.stage.tankbar.cloud\/fi\/wp-content\/uploads\/sites\/8\/2018\/09\/pyorateline-beta-kettingilla-8.jpeg","width":2048,"height":1152,"caption":"Cyklos Beta py\u00f6r\u00e4teline pidikkeill\u00e4 ylh\u00e4\u00e4lt\u00e4 valkoisella pohjalla"},{"@type":"BreadcrumbList","@id":"https:\/\/cyklos.stage.tankbar.cloud\/fi\/produkt\/pyorateline-beta\/#breadcrumb","itemListElement":[{"@type":"ListItem","position":1,"name":"Home","item":"https:\/\/cyklos.stage.tankbar.cloud\/fi\/"},{"@type":"ListItem","position":2,"name":"Tuotteet","item":"https:\/\/cyklos.stage.tankbar.cloud\/fi\/shop\/"},{"@type":"ListItem","position":3,"name":"Py\u00f6r\u00e4teline BETA"}]},{"@type":"WebSite","@id":"https:\/\/cyklos.stage.tankbar.cloud\/fi\/#website","url":"https:\/\/cyklos.stage.tankbar.cloud\/fi\/","name":"Cyklos | Finland","description":"Tulevaisuuden liikenne alkaa meilt\u00e4!","potentialAction":[{"@type":"SearchAction","target":{"@type":"EntryPoint","urlTemplate":"https:\/\/cyklos.stage.tankbar.cloud\/fi\/?s={search_term_string}"},"query-input":{"@type":"PropertyValueSpecification","valueRequired":true,"valueName":"search_term_string"}}],"inLanguage":"fi"}]}},"_links":{"self":[{"href":"https:\/\/cyklos.stage.tankbar.cloud\/fi\/wp-json\/wp\/v2\/product\/18904","targetHints":{"allow":["GET"]}}],"collection":[{"href":"https:\/\/cyklos.stage.tankbar.cloud\/fi\/wp-json\/wp\/v2\/product"}],"about":[{"href":"https:\/\/cyklos.stage.tankbar.cloud\/fi\/wp-json\/wp\/v2\/types\/product"}],"replies":[{"embeddable":true,"href":"https:\/\/cyklos.stage.tankbar.cloud\/fi\/wp-json\/wp\/v2\/comments?post=18904"}],"wp:featuredmedia":[{"embeddable":true,"href":"https:\/\/cyklos.stage.tankbar.cloud\/fi\/wp-json\/wp\/v2\/media\/25206"}],"wp:attachment":[{"href":"https:\/\/cyklos.stage.tankbar.cloud\/fi\/wp-json\/wp\/v2\/media?parent=18904"}],"wp:term":[{"taxonomy":"product_brand","embeddable":true,"href":"https:\/\/cyklos.stage.tankbar.cloud\/fi\/wp-json\/wp\/v2\/product_brand?post=18904"},{"taxonomy":"product_cat","embeddable":true,"href":"https:\/\/cyklos.stage.tankbar.cloud\/fi\/wp-json\/wp\/v2\/product_cat?post=18904"},{"taxonomy":"product_tag","embeddable":true,"href":"https:\/\/cyklos.stage.tankbar.cloud\/fi\/wp-json\/wp\/v2\/product_tag?post=18904"}],"curies":[{"name":"wp","href":"https:\/\/api.w.org\/{rel}","templated":true}]}}