{"id":18905,"date":"2021-08-09T11:55:39","date_gmt":"2021-08-09T09:55:39","guid":{"rendered":"https:\/\/cyklos.stage.tankbar.cloud\/fi\/produkt\/import-placeholder-for-68\/"},"modified":"2023-10-30T16:12:44","modified_gmt":"2023-10-30T15:12:44","slug":"pyorakatos-kappa","status":"publish","type":"product","link":"https:\/\/cyklos.stage.tankbar.cloud\/fi\/produkt\/pyorakatos-kappa\/","title":{"rendered":"Py\u00f6r\u00e4katos KAPPA"},"content":{"rendered":"<h3>Suoja<\/h3>\n<p>Tukeva ja toimiva rakenne, jonka laatu on todettu erinomaiseksi. Yksipuolinen katos, katoksesta l\u00f6ytyy my\u00f6s kaksipuolinen malli nimelt\u00e4\u00e4n YPSILON. Muotoilu sopii hyvin monenlaisiin ymp\u00e4rist\u00f6ihin. L\u00e4pin\u00e4kyv\u00e4 ja UV-kestosuojattu kennomuovi antaa py\u00f6rille hyv\u00e4n suojan vesi- ja lumisateelta. Antaa hyv\u00e4n s\u00e4\u00e4suojan ja on helppok\u00e4ytt\u00f6inen. Tilava ja ilmava kokonaisuus, ei h\u00e4iritsevi\u00e4 tukipilareita katoksen etureunoissa.<\/p>\n<h3>Mahdollisuudet<\/h3>\n<p>T\u00e4h\u00e4n suosittelemme DELTA-telinett\u00e4mme. Yhteensopiva my\u00f6s kaikkien muiden telineidemme sek\u00e4 pollarien kanssa, paitsi kaksikerroksisen. Kaksikerroksisen telineen kanssa suosittelemme <a href=\"https:\/\/cyklos.stage.tankbar.cloud\/fi\/produkt\/pyorakatos-light-saasuojana-polkupyorille-tai-latausasemana-autoille\/\">Cyklos LIGHT-katostamme<\/a>.Ilkivallalta suojaava (LED) valaistus ja betonijalustat voidaan tilata lis\u00e4varusteiksi. Katos voidaan my\u00f6s valmistaa viherkatoksella (maksaruohokatos).<\/p>\n<h3>Sertifioinnit<\/h3>\n<p>Py\u00f6r\u00e4katos KAPPA noudattaa EU:n-rakennustuoteasetuksia.<br \/>\nKatokset ja tallit ovat CE-merkittyj\u00e4 <a href=\"https:\/\/cyklos.stage.tankbar.cloud\/fi\/wp-content\/uploads\/sites\/8\/2018\/11\/10118-01en.pdf\">EN 1090-1:2009 A1:2011<\/a> mukaan.<\/p>\n<p><img loading=\"lazy\" decoding=\"async\" class=\"alignnone wp-image-1318\" src=\"https:\/\/cyklos.stage.tankbar.cloud\/wp-content\/uploads\/2018\/06\/EN-1090-157x300.jpg\" alt=\"\" width=\"76\" height=\"145\" srcset=\"https:\/\/cyklos.stage.tankbar.cloud\/fi\/wp-content\/uploads\/sites\/8\/2018\/06\/EN-1090-157x300.jpg 157w, https:\/\/cyklos.stage.tankbar.cloud\/fi\/wp-content\/uploads\/sites\/8\/2018\/06\/EN-1090.jpg 526w\" sizes=\"auto, (max-width: 76px) 100vw, 76px\" \/>\u00a0<img loading=\"lazy\" decoding=\"async\" class=\" wp-image-1040\" src=\"https:\/\/cyklos.stage.tankbar.cloud\/wp-content\/uploads\/2018\/06\/ce-mark-300x211.jpg\" alt=\"\" width=\"84\" height=\"59\" srcset=\"https:\/\/cyklos.stage.tankbar.cloud\/fi\/wp-content\/uploads\/sites\/8\/2018\/06\/ce-mark-300x211.jpg 300w, https:\/\/cyklos.stage.tankbar.cloud\/fi\/wp-content\/uploads\/sites\/8\/2018\/06\/ce-mark-768x541.jpg 768w, https:\/\/cyklos.stage.tankbar.cloud\/fi\/wp-content\/uploads\/sites\/8\/2018\/06\/ce-mark-1024x722.jpg 1024w, https:\/\/cyklos.stage.tankbar.cloud\/fi\/wp-content\/uploads\/sites\/8\/2018\/06\/ce-mark-600x423.jpg 600w, https:\/\/cyklos.stage.tankbar.cloud\/fi\/wp-content\/uploads\/sites\/8\/2018\/06\/ce-mark.jpg 1192w\" sizes=\"auto, (max-width: 84px) 100vw, 84px\" \/><\/p>\n<p><em>Py\u00f6r\u00e4katos KAPPA on arvioitu SundaHus Milj\u00f6datalla.<br \/>\n<\/em><em>KAPPA on saanut hyv\u00e4ksymisen \u201dByggvarubed\u00f6mningen\u00ae\u201d kautta = ymp\u00e4rist\u00f6sertifikaatti rakennustarvikkeille, kest\u00e4v\u00e4\u00e4n ja pitk\u00e4aikaiseen rakentamiseen.<\/em><\/p>\n<p><img loading=\"lazy\" decoding=\"async\" class=\"alignnone wp-image-1328\" src=\"https:\/\/cyklos.stage.tankbar.cloud\/wp-content\/uploads\/2018\/04\/SundaHus-logo-portrait-RGB-284x300.png\" alt=\"\" width=\"120\" height=\"126\" srcset=\"https:\/\/www.cyklos.se\/wp-content\/uploads\/sites\/8\/2018\/04\/SundaHus-logo-portrait-RGB-284x300.png 284w, https:\/\/www.cyklos.se\/wp-content\/uploads\/sites\/8\/2018\/04\/SundaHus-logo-portrait-RGB.png 492w\" sizes=\"auto, (max-width: 120px) 100vw, 120px\" \/>\u00a0 \u00a0\u00a0<img loading=\"lazy\" decoding=\"async\" class=\"alignnone wp-image-1329\" src=\"https:\/\/cyklos.stage.tankbar.cloud\/wp-content\/uploads\/2018\/04\/byggvarubed\u00f6mningen-300x30.png\" alt=\"\" width=\"190\" height=\"19\" \/><img loading=\"lazy\" decoding=\"async\" class=\"alignnone size-medium wp-image-1329\" src=\"https:\/\/www.cyklos.se\/wp-content\/uploads\/sites\/8\/2018\/04\/byggvarubedo\u0308mningen-300x30.png\" alt=\"\" width=\"300\" height=\"30\" srcset=\"https:\/\/www.cyklos.se\/wp-content\/uploads\/sites\/8\/2018\/04\/byggvarubedo\u0308mningen-300x30.png 300w, https:\/\/www.cyklos.se\/wp-content\/uploads\/sites\/8\/2018\/04\/byggvarubedo\u0308mningen.png 400w\" sizes=\"auto, (max-width: 300px) 100vw, 300px\" \/><\/p>\n<h3>Design<\/h3>\n<p>Cyklos<\/p>\n<p>&nbsp;<\/p>\n<p><strong>Kysymykset, FAQ<\/strong><\/p>\n<p><em><strong>Onko KAPPA kehys valmiiksi asennettu?<\/strong><\/em> &#8211; Kyll\u00e4, kehys ja runko toimitetaan valmiina, mik\u00e4 helpottaa ja nopeuttaa ty\u00f6t\u00e4.<\/p>\n<p><em><strong>Millaisen valaistuksen voin valita katokselleni?<\/strong><\/em> &#8211; Meill\u00e4 on valmis LED-valaisin ratkaisu katoksille, joka on D-merkitty ja IP65. Valaisin antaa miellytt\u00e4v\u00e4n sek\u00e4 rauhallisen vaikutelman valoisalla 4000K valollaan.<\/p>\n<p><em><strong>Mink\u00e4 v\u00e4risen\u00e4 voin saada katoksen?<\/strong><\/em> &#8211; Kuumasinkittyn\u00e4 ja mustana (RAL 9005) on meid\u00e4n vakiov\u00e4rimme. Voimme my\u00f6s toimittaa muissa RAL-s\u00e4vyiss\u00e4, mik\u00e4 nostaa hintaa hieman.<\/p>\n<p><strong>Viherkatos?<\/strong> Esivalmistettu maksaruohokattoa varten, sis. peltipohja ja perforoitu peltireuna sivuilla joka on tarkoitettu 40-50mm paksulle maksaruoholle, katso vieress\u00e4 oleva kuva. Cyklos ei toimita viherkattoa\/maksaruohoa. Max lis\u00e4kuorma 0,5 kN\/m<span class=\"\">\u00b2.<\/span><\/p>\n<p id=\"produkt-saknar-svar\">Puuttuuko teid\u00e4n kysymyksenne? \u2013 Ota yhteytt\u00e4 tai tarkista tietopankista.<\/p>\n","protected":false},"excerpt":{"rendered":"<p>N\u00e4ytt\u00e4v\u00e4 polkupy\u00f6r\u00e4katos jonka valoisuus ja k\u00e4yt\u00e4nn\u00f6llisyys tekev\u00e4t s\u00e4\u00e4suojasta ihanteellisen ratkaisun varsinkin julkisiin pihapiireihin. Ensisijaisesti KAPPA on tarkoitettu suojaamaan polkupy\u00f6ri\u00e4, mutta se toimii suojana my\u00f6s lastenvaunuille ja mopoille. Katoksella on paljon erilaisia mahdollisuuksia kuten modulaarisuus, pintak\u00e4sittelyt ja v\u00e4rivaihtoehdot, py\u00f6r\u00e4telineet, valaistus, maksaruohokatos jne. KAPPA katoksella on yhtena\u0308inen muotoilu ja modulaarisuus kaksipuolisen YPSILON pyo\u0308ra\u0308katoksen kanssa.<\/p>\n<p>&nbsp;<\/p>\n","protected":false},"featured_media":31157,"comment_status":"closed","ping_status":"closed","template":"","meta":{"_acf_changed":false},"product_brand":[],"product_cat":[260],"product_tag":[],"class_list":{"0":"post-18905","1":"product","2":"type-product","3":"status-publish","4":"has-post-thumbnail","6":"product_cat-pyorakatos","7":"pa_forankring-betongfundament","8":"pa_forankring-pris-utan-betongfundament-egen-betongplatta-anvands","9":"pa_materiale-kuumasinkitty","10":"pa_materiale-kuumasinkitty-pulverimaalattu-tilaajan-valitsemalla-ral-varilla-vakiovari-musta-ral-9005","11":"pa_materiale-pulverimaalattu-tilaajan-valitsemalla-ral-varilla-vakiovari-musta-ral-9005","12":"pa_val-av-sektion-101m-passar-cykelstall-c-c-600mm","13":"pa_val-av-sektion-105m-passar-cykelstall-c-c-500mm","14":"pa_val-av-sektion-117m-passar-cykelstall-c-c-700mm","15":"pa_val-av-sektion-125m-passar-cykelstall-c-c-500mm","16":"pa_val-av-sektion-149m-passar-cykelstall-c-c-600mm","17":"pa_val-av-sektion-155m-passar-cykelstall-c-c-500mm","18":"pa_val-av-sektion-173m-passar-cykelstall-c-c-700mm","19":"pa_val-av-sektion-45m-passar-cykelstall-c-c-500mm","20":"pa_val-av-sektion-53m-passar-cykelstall-c-c-600mm","21":"pa_val-av-sektion-55m-passar-cykelstall-c-c-500mm","22":"pa_val-av-sektion-60m-passar-cykelstall-c-c-700mm","23":"pa_val-av-sektion-85m-passar-cykelstall-c-c-500mm","25":"first","26":"instock","27":"purchasable","28":"product-type-variable"},"acf":[],"yoast_head":"<!-- This site is optimized with the Yoast SEO plugin v27.2 - https:\/\/yoast.com\/product\/yoast-seo-wordpress\/ -->\n<title>Py\u00f6r\u00e4katos KAPPA, avoin ja valoisa py\u00f6r\u00e4katos - Cyklos | Suomi<\/title>\n<meta name=\"description\" content=\"Py\u00f6r\u00e4katos KAPPA on avoin ja valoisa py\u00f6r\u00e4katos ilman p\u00e4\u00e4tytolpaa. Py\u00f6r\u00e4katos on suosittu monessa kohteissa jossa laatu ja turvallisuus on t\u00e4rke\u00e4t\u00e4.\" \/>\n<meta name=\"robots\" content=\"noindex, follow, max-snippet:-1, max-image-preview:large, max-video-preview:-1\" \/>\n<meta property=\"og:locale\" content=\"fi_FI\" \/>\n<meta property=\"og:type\" content=\"article\" \/>\n<meta property=\"og:title\" content=\"Py\u00f6r\u00e4katos KAPPA, avoin ja valoisa py\u00f6r\u00e4katos - Cyklos | Suomi\" \/>\n<meta property=\"og:description\" content=\"Py\u00f6r\u00e4katos KAPPA on avoin ja valoisa py\u00f6r\u00e4katos ilman p\u00e4\u00e4tytolpaa. Py\u00f6r\u00e4katos on suosittu monessa kohteissa jossa laatu ja turvallisuus on t\u00e4rke\u00e4t\u00e4.\" \/>\n<meta property=\"og:url\" content=\"https:\/\/cyklos.stage.tankbar.cloud\/fi\/produkt\/pyorakatos-kappa\/\" \/>\n<meta property=\"og:site_name\" content=\"Cyklos | Finland\" \/>\n<meta property=\"article:modified_time\" content=\"2023-10-30T15:12:44+00:00\" \/>\n<meta property=\"og:image\" content=\"https:\/\/cyklos.stage.tankbar.cloud\/fi\/wp-content\/uploads\/sites\/8\/2019\/10\/pyorakatos-yksipuolinen-e1570688933272.jpg\" \/>\n\t<meta property=\"og:image:width\" content=\"1759\" \/>\n\t<meta property=\"og:image:height\" content=\"879\" \/>\n\t<meta property=\"og:image:type\" content=\"image\/jpeg\" \/>\n<meta name=\"twitter:card\" content=\"summary_large_image\" \/>\n<meta name=\"twitter:label1\" content=\"Arvioitu lukuaika\" \/>\n\t<meta name=\"twitter:data1\" content=\"3 minuuttia\" \/>\n<script type=\"application\/ld+json\" class=\"yoast-schema-graph\">{\"@context\":\"https:\/\/schema.org\",\"@graph\":[{\"@type\":\"WebPage\",\"@id\":\"https:\/\/cyklos.stage.tankbar.cloud\/fi\/produkt\/pyorakatos-kappa\/\",\"url\":\"https:\/\/cyklos.stage.tankbar.cloud\/fi\/produkt\/pyorakatos-kappa\/\",\"name\":\"Py\u00f6r\u00e4katos KAPPA, avoin ja valoisa py\u00f6r\u00e4katos - Cyklos | Suomi\",\"isPartOf\":{\"@id\":\"https:\/\/cyklos.stage.tankbar.cloud\/fi\/#website\"},\"primaryImageOfPage\":{\"@id\":\"https:\/\/cyklos.stage.tankbar.cloud\/fi\/produkt\/pyorakatos-kappa\/#primaryimage\"},\"image\":{\"@id\":\"https:\/\/cyklos.stage.tankbar.cloud\/fi\/produkt\/pyorakatos-kappa\/#primaryimage\"},\"thumbnailUrl\":\"https:\/\/cyklos.stage.tankbar.cloud\/fi\/wp-content\/uploads\/sites\/8\/2019\/10\/pyorakatos-yksipuolinen-e1570688933272.jpg\",\"datePublished\":\"2021-08-09T09:55:39+00:00\",\"dateModified\":\"2023-10-30T15:12:44+00:00\",\"description\":\"Py\u00f6r\u00e4katos KAPPA on avoin ja valoisa py\u00f6r\u00e4katos ilman p\u00e4\u00e4tytolpaa. Py\u00f6r\u00e4katos on suosittu monessa kohteissa jossa laatu ja turvallisuus on t\u00e4rke\u00e4t\u00e4.\",\"breadcrumb\":{\"@id\":\"https:\/\/cyklos.stage.tankbar.cloud\/fi\/produkt\/pyorakatos-kappa\/#breadcrumb\"},\"inLanguage\":\"fi\",\"potentialAction\":[{\"@type\":\"ReadAction\",\"target\":[\"https:\/\/cyklos.stage.tankbar.cloud\/fi\/produkt\/pyorakatos-kappa\/\"]}]},{\"@type\":\"ImageObject\",\"inLanguage\":\"fi\",\"@id\":\"https:\/\/cyklos.stage.tankbar.cloud\/fi\/produkt\/pyorakatos-kappa\/#primaryimage\",\"url\":\"https:\/\/cyklos.stage.tankbar.cloud\/fi\/wp-content\/uploads\/sites\/8\/2019\/10\/pyorakatos-yksipuolinen-e1570688933272.jpg\",\"contentUrl\":\"https:\/\/cyklos.stage.tankbar.cloud\/fi\/wp-content\/uploads\/sites\/8\/2019\/10\/pyorakatos-yksipuolinen-e1570688933272.jpg\",\"width\":1759,\"height\":879,\"caption\":\"Py\u00f6r\u00e4katos Kappa julkisessa ymp\u00e4rist\u00f6ss\u00e4, kauppakeskus Saaren pihalla Laajasalossa.\"},{\"@type\":\"BreadcrumbList\",\"@id\":\"https:\/\/cyklos.stage.tankbar.cloud\/fi\/produkt\/pyorakatos-kappa\/#breadcrumb\",\"itemListElement\":[{\"@type\":\"ListItem\",\"position\":1,\"name\":\"Home\",\"item\":\"https:\/\/cyklos.stage.tankbar.cloud\/fi\/\"},{\"@type\":\"ListItem\",\"position\":2,\"name\":\"Tuotteet\",\"item\":\"https:\/\/cyklos.stage.tankbar.cloud\/fi\/shop\/\"},{\"@type\":\"ListItem\",\"position\":3,\"name\":\"Py\u00f6r\u00e4katos KAPPA\"}]},{\"@type\":\"WebSite\",\"@id\":\"https:\/\/cyklos.stage.tankbar.cloud\/fi\/#website\",\"url\":\"https:\/\/cyklos.stage.tankbar.cloud\/fi\/\",\"name\":\"Cyklos | Finland\",\"description\":\"Tulevaisuuden liikenne alkaa meilt\u00e4!\",\"potentialAction\":[{\"@type\":\"SearchAction\",\"target\":{\"@type\":\"EntryPoint\",\"urlTemplate\":\"https:\/\/cyklos.stage.tankbar.cloud\/fi\/?s={search_term_string}\"},\"query-input\":{\"@type\":\"PropertyValueSpecification\",\"valueRequired\":true,\"valueName\":\"search_term_string\"}}],\"inLanguage\":\"fi\"}]}<\/script>\n<!-- \/ Yoast SEO plugin. -->","yoast_head_json":{"title":"Py\u00f6r\u00e4katos KAPPA, avoin ja valoisa py\u00f6r\u00e4katos - Cyklos | Suomi","description":"Py\u00f6r\u00e4katos KAPPA on avoin ja valoisa py\u00f6r\u00e4katos ilman p\u00e4\u00e4tytolpaa. Py\u00f6r\u00e4katos on suosittu monessa kohteissa jossa laatu ja turvallisuus on t\u00e4rke\u00e4t\u00e4.","robots":{"index":"noindex","follow":"follow","max-snippet":"max-snippet:-1","max-image-preview":"max-image-preview:large","max-video-preview":"max-video-preview:-1"},"og_locale":"fi_FI","og_type":"article","og_title":"Py\u00f6r\u00e4katos KAPPA, avoin ja valoisa py\u00f6r\u00e4katos - Cyklos | Suomi","og_description":"Py\u00f6r\u00e4katos KAPPA on avoin ja valoisa py\u00f6r\u00e4katos ilman p\u00e4\u00e4tytolpaa. Py\u00f6r\u00e4katos on suosittu monessa kohteissa jossa laatu ja turvallisuus on t\u00e4rke\u00e4t\u00e4.","og_url":"https:\/\/cyklos.stage.tankbar.cloud\/fi\/produkt\/pyorakatos-kappa\/","og_site_name":"Cyklos | Finland","article_modified_time":"2023-10-30T15:12:44+00:00","og_image":[{"width":1759,"height":879,"url":"https:\/\/cyklos.stage.tankbar.cloud\/fi\/wp-content\/uploads\/sites\/8\/2019\/10\/pyorakatos-yksipuolinen-e1570688933272.jpg","type":"image\/jpeg"}],"twitter_card":"summary_large_image","twitter_misc":{"Arvioitu lukuaika":"3 minuuttia"},"schema":{"@context":"https:\/\/schema.org","@graph":[{"@type":"WebPage","@id":"https:\/\/cyklos.stage.tankbar.cloud\/fi\/produkt\/pyorakatos-kappa\/","url":"https:\/\/cyklos.stage.tankbar.cloud\/fi\/produkt\/pyorakatos-kappa\/","name":"Py\u00f6r\u00e4katos KAPPA, avoin ja valoisa py\u00f6r\u00e4katos - Cyklos | Suomi","isPartOf":{"@id":"https:\/\/cyklos.stage.tankbar.cloud\/fi\/#website"},"primaryImageOfPage":{"@id":"https:\/\/cyklos.stage.tankbar.cloud\/fi\/produkt\/pyorakatos-kappa\/#primaryimage"},"image":{"@id":"https:\/\/cyklos.stage.tankbar.cloud\/fi\/produkt\/pyorakatos-kappa\/#primaryimage"},"thumbnailUrl":"https:\/\/cyklos.stage.tankbar.cloud\/fi\/wp-content\/uploads\/sites\/8\/2019\/10\/pyorakatos-yksipuolinen-e1570688933272.jpg","datePublished":"2021-08-09T09:55:39+00:00","dateModified":"2023-10-30T15:12:44+00:00","description":"Py\u00f6r\u00e4katos KAPPA on avoin ja valoisa py\u00f6r\u00e4katos ilman p\u00e4\u00e4tytolpaa. Py\u00f6r\u00e4katos on suosittu monessa kohteissa jossa laatu ja turvallisuus on t\u00e4rke\u00e4t\u00e4.","breadcrumb":{"@id":"https:\/\/cyklos.stage.tankbar.cloud\/fi\/produkt\/pyorakatos-kappa\/#breadcrumb"},"inLanguage":"fi","potentialAction":[{"@type":"ReadAction","target":["https:\/\/cyklos.stage.tankbar.cloud\/fi\/produkt\/pyorakatos-kappa\/"]}]},{"@type":"ImageObject","inLanguage":"fi","@id":"https:\/\/cyklos.stage.tankbar.cloud\/fi\/produkt\/pyorakatos-kappa\/#primaryimage","url":"https:\/\/cyklos.stage.tankbar.cloud\/fi\/wp-content\/uploads\/sites\/8\/2019\/10\/pyorakatos-yksipuolinen-e1570688933272.jpg","contentUrl":"https:\/\/cyklos.stage.tankbar.cloud\/fi\/wp-content\/uploads\/sites\/8\/2019\/10\/pyorakatos-yksipuolinen-e1570688933272.jpg","width":1759,"height":879,"caption":"Py\u00f6r\u00e4katos Kappa julkisessa ymp\u00e4rist\u00f6ss\u00e4, kauppakeskus Saaren pihalla Laajasalossa."},{"@type":"BreadcrumbList","@id":"https:\/\/cyklos.stage.tankbar.cloud\/fi\/produkt\/pyorakatos-kappa\/#breadcrumb","itemListElement":[{"@type":"ListItem","position":1,"name":"Home","item":"https:\/\/cyklos.stage.tankbar.cloud\/fi\/"},{"@type":"ListItem","position":2,"name":"Tuotteet","item":"https:\/\/cyklos.stage.tankbar.cloud\/fi\/shop\/"},{"@type":"ListItem","position":3,"name":"Py\u00f6r\u00e4katos KAPPA"}]},{"@type":"WebSite","@id":"https:\/\/cyklos.stage.tankbar.cloud\/fi\/#website","url":"https:\/\/cyklos.stage.tankbar.cloud\/fi\/","name":"Cyklos | Finland","description":"Tulevaisuuden liikenne alkaa meilt\u00e4!","potentialAction":[{"@type":"SearchAction","target":{"@type":"EntryPoint","urlTemplate":"https:\/\/cyklos.stage.tankbar.cloud\/fi\/?s={search_term_string}"},"query-input":{"@type":"PropertyValueSpecification","valueRequired":true,"valueName":"search_term_string"}}],"inLanguage":"fi"}]}},"_links":{"self":[{"href":"https:\/\/cyklos.stage.tankbar.cloud\/fi\/wp-json\/wp\/v2\/product\/18905","targetHints":{"allow":["GET"]}}],"collection":[{"href":"https:\/\/cyklos.stage.tankbar.cloud\/fi\/wp-json\/wp\/v2\/product"}],"about":[{"href":"https:\/\/cyklos.stage.tankbar.cloud\/fi\/wp-json\/wp\/v2\/types\/product"}],"replies":[{"embeddable":true,"href":"https:\/\/cyklos.stage.tankbar.cloud\/fi\/wp-json\/wp\/v2\/comments?post=18905"}],"wp:featuredmedia":[{"embeddable":true,"href":"https:\/\/cyklos.stage.tankbar.cloud\/fi\/wp-json\/wp\/v2\/media\/31157"}],"wp:attachment":[{"href":"https:\/\/cyklos.stage.tankbar.cloud\/fi\/wp-json\/wp\/v2\/media?parent=18905"}],"wp:term":[{"taxonomy":"product_brand","embeddable":true,"href":"https:\/\/cyklos.stage.tankbar.cloud\/fi\/wp-json\/wp\/v2\/product_brand?post=18905"},{"taxonomy":"product_cat","embeddable":true,"href":"https:\/\/cyklos.stage.tankbar.cloud\/fi\/wp-json\/wp\/v2\/product_cat?post=18905"},{"taxonomy":"product_tag","embeddable":true,"href":"https:\/\/cyklos.stage.tankbar.cloud\/fi\/wp-json\/wp\/v2\/product_tag?post=18905"}],"curies":[{"name":"wp","href":"https:\/\/api.w.org\/{rel}","templated":true}]}}