{"id":18906,"date":"2018-08-09T10:31:39","date_gmt":"2018-08-09T08:31:39","guid":{"rendered":"https:\/\/cyklos.stage.tankbar.cloud\/fi\/produkt\/import-placeholder-for-69\/"},"modified":"2023-10-30T16:24:44","modified_gmt":"2023-10-30T15:24:44","slug":"julkinen-pyoranpumppu-wave-air","status":"publish","type":"product","link":"https:\/\/cyklos.stage.tankbar.cloud\/fi\/produkt\/julkinen-pyoranpumppu-wave-air\/","title":{"rendered":"WAVE-AIR Julkinen Py\u00f6r\u00e4npumppu"},"content":{"rendered":"<h3>Luotettava\u00a0ja monitoiminen<\/h3>\n<ul>\n<li>Ter\u00e4svahvistettu korkeapaineletku, joka on ilkivallalta suojattu<\/li>\n<li>Monik\u00e4ytt\u00f6suukappale joka sopii kaikkiin venttiilityyppeihin<\/li>\n<li>LED-valaistus (Aut)<\/li>\n<\/ul>\n<h3>Automaattinen<\/h3>\n<ul>\n<li>Pumppu aktivoidaan k\u00e4tev\u00e4sti nappia painamalla<\/li>\n<li>K\u00e4ytt\u00f6aika voidaan s\u00e4\u00e4t\u00e4\u00e4, esiasetettu 15 sekuntiin<\/li>\n<li>Laatukompressori ylipaineventtiilill\u00e4. Pakkasen kest\u00e4vyys -20\u00b0C saakka<\/li>\n<li>Sis\u00e4\u00e4nrakennettu aikaohjattu kompressori johon voi liitt\u00e4\u00e4 230V<\/li>\n<\/ul>\n<h3>Manuaalinen<\/h3>\n<ul>\n<li>Py\u00f6r\u00e4npumppu on varustettu jalkapolkimella (ruostumatonta ter\u00e4st\u00e4), jolla on helppoa pumpata<\/li>\n<li>Valmiina k\u00e4ytett\u00e4v\u00e4ksi heti toimituksen yhteydess\u00e4<\/li>\n<\/ul>\n<h3>Sertifioinnit<\/h3>\n<div id=\"attachment_19218\" style=\"width: 278px\" class=\"wp-caption alignnone\"><img loading=\"lazy\" decoding=\"async\" aria-describedby=\"caption-attachment-19218\" class=\"wp-image-19218 size-full\" src=\"https:\/\/cyklos.stage.tankbar.cloud\/fi\/wp-content\/uploads\/sites\/8\/2018\/08\/pohjoismaissa-valmistettu.png\" alt=\"Tuote on valmistettu pohjoismaissa.\" width=\"268\" height=\"22\" \/><p id=\"caption-attachment-19218\" class=\"wp-caption-text\">Tuote on valmistettu pohjoismaissa.<\/p><\/div>\n<p><img loading=\"lazy\" decoding=\"async\" class=\"alignnone wp-image-1329\" src=\"https:\/\/www.cyklos.se\/wp-content\/uploads\/sites\/8\/2018\/04\/byggvarubedo\u0308mningen.png\" alt=\"\" width=\"250\" height=\"25\" srcset=\"https:\/\/www.cyklos.se\/wp-content\/uploads\/sites\/8\/2018\/04\/byggvarubedo\u0308mningen.png 400w, https:\/\/www.cyklos.se\/wp-content\/uploads\/sites\/8\/2018\/04\/byggvarubedo\u0308mningen-300x30.png 300w\" sizes=\"auto, (max-width: 250px) 100vw, 250px\" \/><\/p>\n<h3>Design<\/h3>\n<ul>\n<li>J Landerholm &amp; P Lund<\/li>\n<\/ul>\n","protected":false},"excerpt":{"rendered":"<p>Py\u00f6r\u00e4npumppu modernilla muotoilulla, jonka tavoitteena on k\u00e4ytt\u00f6varmuus ja tyylikkyys. Tuote on suunniteltu kest\u00e4m\u00e4\u00e4n julkisten ulkoalueiden kovat vaatimukset. WAVE-air l\u00f6ytyy kahtena erilaisena versiona, automaattisena ja manuaalisena. Manuaalinen\u00a0pumppu sis\u00e4lt\u00e4\u00e4 mm. pumppusylinterin joka on suunniteltu pelastushenkil\u00f6kunnan k\u00e4ytt\u00f6\u00f6n jolla voidaan my\u00f6s pumpata ilmatyynyj\u00e4, joilla nostetaan autoja ja seini\u00e4 jne.<\/p>\n","protected":false},"featured_media":25342,"comment_status":"closed","ping_status":"closed","template":"","meta":{"_acf_changed":false},"product_brand":[],"product_cat":[249],"product_tag":[],"class_list":{"0":"post-18906","1":"product","2":"type-product","3":"status-publish","4":"has-post-thumbnail","6":"product_cat-julkiset-pyoranpumput-latauskaapit","7":"pa_forankring-betongfundament","8":"pa_forankring-fastbultning-i-golv","9":"pa_forankring-platsgjuten-betongplatta","10":"pa_forankring-alt-2-nedgjutningsror","11":"pa_funktion-automatisk-wave-air-450004","12":"pa_funktion-manuell-wave-air-450005","13":"pa_materiale-sinkitty-pulverimaalattu-valinnaisella-ral-varilla-vakiovari-on-musta-ral-9005","15":"first","16":"instock","17":"purchasable","18":"product-type-variable"},"acf":[],"yoast_head":"<!-- This site is optimized with the Yoast SEO plugin v27.2 - https:\/\/yoast.com\/product\/yoast-seo-wordpress\/ -->\n<title>WAVE-AIR Julkinen Py\u00f6r\u00e4npumppu | Cyklos - Suomi<\/title>\n<meta name=\"description\" content=\"WAVE-AIR Julkinen py\u00f6r\u00e4npumppu, ilkivaltaa kest\u00e4v\u00e4 kotelo ja letku joka on suunniteltu julkisiin ymp\u00e4rist\u00f6ihin. Automaattinen tai manuaalinen.\" \/>\n<meta name=\"robots\" content=\"noindex, follow, max-snippet:-1, max-image-preview:large, max-video-preview:-1\" \/>\n<meta property=\"og:locale\" content=\"fi_FI\" \/>\n<meta property=\"og:type\" content=\"article\" \/>\n<meta property=\"og:title\" content=\"WAVE-AIR Julkinen Py\u00f6r\u00e4npumppu | Cyklos - Suomi\" \/>\n<meta property=\"og:description\" content=\"WAVE-AIR Julkinen py\u00f6r\u00e4npumppu, ilkivaltaa kest\u00e4v\u00e4 kotelo ja letku joka on suunniteltu julkisiin ymp\u00e4rist\u00f6ihin. Automaattinen tai manuaalinen.\" \/>\n<meta property=\"og:url\" content=\"https:\/\/cyklos.stage.tankbar.cloud\/fi\/produkt\/julkinen-pyoranpumppu-wave-air\/\" \/>\n<meta property=\"og:site_name\" content=\"Cyklos | Finland\" \/>\n<meta property=\"article:modified_time\" content=\"2023-10-30T15:24:44+00:00\" \/>\n<meta property=\"og:image\" content=\"https:\/\/cyklos.stage.tankbar.cloud\/fi\/wp-content\/uploads\/sites\/8\/2018\/09\/cyklos-julkinen-polkupyoranpumppu-wave-air-automaattinen-ILMA-tekstilla-2.jpg\" \/>\n\t<meta property=\"og:image:width\" content=\"1920\" \/>\n\t<meta property=\"og:image:height\" content=\"1440\" \/>\n\t<meta property=\"og:image:type\" content=\"image\/jpeg\" \/>\n<meta name=\"twitter:card\" content=\"summary_large_image\" \/>\n<meta name=\"twitter:label1\" content=\"Arvioitu lukuaika\" \/>\n\t<meta name=\"twitter:data1\" content=\"1 minuutti\" \/>\n<script type=\"application\/ld+json\" class=\"yoast-schema-graph\">{\"@context\":\"https:\/\/schema.org\",\"@graph\":[{\"@type\":\"WebPage\",\"@id\":\"https:\/\/cyklos.stage.tankbar.cloud\/fi\/produkt\/julkinen-pyoranpumppu-wave-air\/\",\"url\":\"https:\/\/cyklos.stage.tankbar.cloud\/fi\/produkt\/julkinen-pyoranpumppu-wave-air\/\",\"name\":\"WAVE-AIR Julkinen Py\u00f6r\u00e4npumppu | Cyklos - Suomi\",\"isPartOf\":{\"@id\":\"https:\/\/cyklos.stage.tankbar.cloud\/fi\/#website\"},\"primaryImageOfPage\":{\"@id\":\"https:\/\/cyklos.stage.tankbar.cloud\/fi\/produkt\/julkinen-pyoranpumppu-wave-air\/#primaryimage\"},\"image\":{\"@id\":\"https:\/\/cyklos.stage.tankbar.cloud\/fi\/produkt\/julkinen-pyoranpumppu-wave-air\/#primaryimage\"},\"thumbnailUrl\":\"https:\/\/cyklos.stage.tankbar.cloud\/fi\/wp-content\/uploads\/sites\/8\/2018\/09\/cyklos-julkinen-polkupyoranpumppu-wave-air-automaattinen-ILMA-tekstilla-2.jpg\",\"datePublished\":\"2018-08-09T08:31:39+00:00\",\"dateModified\":\"2023-10-30T15:24:44+00:00\",\"description\":\"WAVE-AIR Julkinen py\u00f6r\u00e4npumppu, ilkivaltaa kest\u00e4v\u00e4 kotelo ja letku joka on suunniteltu julkisiin ymp\u00e4rist\u00f6ihin. Automaattinen tai manuaalinen.\",\"breadcrumb\":{\"@id\":\"https:\/\/cyklos.stage.tankbar.cloud\/fi\/produkt\/julkinen-pyoranpumppu-wave-air\/#breadcrumb\"},\"inLanguage\":\"fi\",\"potentialAction\":[{\"@type\":\"ReadAction\",\"target\":[\"https:\/\/cyklos.stage.tankbar.cloud\/fi\/produkt\/julkinen-pyoranpumppu-wave-air\/\"]}]},{\"@type\":\"ImageObject\",\"inLanguage\":\"fi\",\"@id\":\"https:\/\/cyklos.stage.tankbar.cloud\/fi\/produkt\/julkinen-pyoranpumppu-wave-air\/#primaryimage\",\"url\":\"https:\/\/cyklos.stage.tankbar.cloud\/fi\/wp-content\/uploads\/sites\/8\/2018\/09\/cyklos-julkinen-polkupyoranpumppu-wave-air-automaattinen-ILMA-tekstilla-2.jpg\",\"contentUrl\":\"https:\/\/cyklos.stage.tankbar.cloud\/fi\/wp-content\/uploads\/sites\/8\/2018\/09\/cyklos-julkinen-polkupyoranpumppu-wave-air-automaattinen-ILMA-tekstilla-2.jpg\",\"width\":1920,\"height\":1440,\"caption\":\"Cyklos WAVE-AIR automaattinen polkupy\u00f6r\u00e4npumppu ja mustalla v\u00e4rityksell\u00e4, ILMA tekstill\u00e4\"},{\"@type\":\"BreadcrumbList\",\"@id\":\"https:\/\/cyklos.stage.tankbar.cloud\/fi\/produkt\/julkinen-pyoranpumppu-wave-air\/#breadcrumb\",\"itemListElement\":[{\"@type\":\"ListItem\",\"position\":1,\"name\":\"Home\",\"item\":\"https:\/\/cyklos.stage.tankbar.cloud\/fi\/\"},{\"@type\":\"ListItem\",\"position\":2,\"name\":\"Tuotteet\",\"item\":\"https:\/\/cyklos.stage.tankbar.cloud\/fi\/shop\/\"},{\"@type\":\"ListItem\",\"position\":3,\"name\":\"WAVE-AIR Julkinen Py\u00f6r\u00e4npumppu\"}]},{\"@type\":\"WebSite\",\"@id\":\"https:\/\/cyklos.stage.tankbar.cloud\/fi\/#website\",\"url\":\"https:\/\/cyklos.stage.tankbar.cloud\/fi\/\",\"name\":\"Cyklos | Finland\",\"description\":\"Tulevaisuuden liikenne alkaa meilt\u00e4!\",\"potentialAction\":[{\"@type\":\"SearchAction\",\"target\":{\"@type\":\"EntryPoint\",\"urlTemplate\":\"https:\/\/cyklos.stage.tankbar.cloud\/fi\/?s={search_term_string}\"},\"query-input\":{\"@type\":\"PropertyValueSpecification\",\"valueRequired\":true,\"valueName\":\"search_term_string\"}}],\"inLanguage\":\"fi\"}]}<\/script>\n<!-- \/ Yoast SEO plugin. -->","yoast_head_json":{"title":"WAVE-AIR Julkinen Py\u00f6r\u00e4npumppu | Cyklos - Suomi","description":"WAVE-AIR Julkinen py\u00f6r\u00e4npumppu, ilkivaltaa kest\u00e4v\u00e4 kotelo ja letku joka on suunniteltu julkisiin ymp\u00e4rist\u00f6ihin. Automaattinen tai manuaalinen.","robots":{"index":"noindex","follow":"follow","max-snippet":"max-snippet:-1","max-image-preview":"max-image-preview:large","max-video-preview":"max-video-preview:-1"},"og_locale":"fi_FI","og_type":"article","og_title":"WAVE-AIR Julkinen Py\u00f6r\u00e4npumppu | Cyklos - Suomi","og_description":"WAVE-AIR Julkinen py\u00f6r\u00e4npumppu, ilkivaltaa kest\u00e4v\u00e4 kotelo ja letku joka on suunniteltu julkisiin ymp\u00e4rist\u00f6ihin. Automaattinen tai manuaalinen.","og_url":"https:\/\/cyklos.stage.tankbar.cloud\/fi\/produkt\/julkinen-pyoranpumppu-wave-air\/","og_site_name":"Cyklos | Finland","article_modified_time":"2023-10-30T15:24:44+00:00","og_image":[{"width":1920,"height":1440,"url":"https:\/\/cyklos.stage.tankbar.cloud\/fi\/wp-content\/uploads\/sites\/8\/2018\/09\/cyklos-julkinen-polkupyoranpumppu-wave-air-automaattinen-ILMA-tekstilla-2.jpg","type":"image\/jpeg"}],"twitter_card":"summary_large_image","twitter_misc":{"Arvioitu lukuaika":"1 minuutti"},"schema":{"@context":"https:\/\/schema.org","@graph":[{"@type":"WebPage","@id":"https:\/\/cyklos.stage.tankbar.cloud\/fi\/produkt\/julkinen-pyoranpumppu-wave-air\/","url":"https:\/\/cyklos.stage.tankbar.cloud\/fi\/produkt\/julkinen-pyoranpumppu-wave-air\/","name":"WAVE-AIR Julkinen Py\u00f6r\u00e4npumppu | Cyklos - Suomi","isPartOf":{"@id":"https:\/\/cyklos.stage.tankbar.cloud\/fi\/#website"},"primaryImageOfPage":{"@id":"https:\/\/cyklos.stage.tankbar.cloud\/fi\/produkt\/julkinen-pyoranpumppu-wave-air\/#primaryimage"},"image":{"@id":"https:\/\/cyklos.stage.tankbar.cloud\/fi\/produkt\/julkinen-pyoranpumppu-wave-air\/#primaryimage"},"thumbnailUrl":"https:\/\/cyklos.stage.tankbar.cloud\/fi\/wp-content\/uploads\/sites\/8\/2018\/09\/cyklos-julkinen-polkupyoranpumppu-wave-air-automaattinen-ILMA-tekstilla-2.jpg","datePublished":"2018-08-09T08:31:39+00:00","dateModified":"2023-10-30T15:24:44+00:00","description":"WAVE-AIR Julkinen py\u00f6r\u00e4npumppu, ilkivaltaa kest\u00e4v\u00e4 kotelo ja letku joka on suunniteltu julkisiin ymp\u00e4rist\u00f6ihin. Automaattinen tai manuaalinen.","breadcrumb":{"@id":"https:\/\/cyklos.stage.tankbar.cloud\/fi\/produkt\/julkinen-pyoranpumppu-wave-air\/#breadcrumb"},"inLanguage":"fi","potentialAction":[{"@type":"ReadAction","target":["https:\/\/cyklos.stage.tankbar.cloud\/fi\/produkt\/julkinen-pyoranpumppu-wave-air\/"]}]},{"@type":"ImageObject","inLanguage":"fi","@id":"https:\/\/cyklos.stage.tankbar.cloud\/fi\/produkt\/julkinen-pyoranpumppu-wave-air\/#primaryimage","url":"https:\/\/cyklos.stage.tankbar.cloud\/fi\/wp-content\/uploads\/sites\/8\/2018\/09\/cyklos-julkinen-polkupyoranpumppu-wave-air-automaattinen-ILMA-tekstilla-2.jpg","contentUrl":"https:\/\/cyklos.stage.tankbar.cloud\/fi\/wp-content\/uploads\/sites\/8\/2018\/09\/cyklos-julkinen-polkupyoranpumppu-wave-air-automaattinen-ILMA-tekstilla-2.jpg","width":1920,"height":1440,"caption":"Cyklos WAVE-AIR automaattinen polkupy\u00f6r\u00e4npumppu ja mustalla v\u00e4rityksell\u00e4, ILMA tekstill\u00e4"},{"@type":"BreadcrumbList","@id":"https:\/\/cyklos.stage.tankbar.cloud\/fi\/produkt\/julkinen-pyoranpumppu-wave-air\/#breadcrumb","itemListElement":[{"@type":"ListItem","position":1,"name":"Home","item":"https:\/\/cyklos.stage.tankbar.cloud\/fi\/"},{"@type":"ListItem","position":2,"name":"Tuotteet","item":"https:\/\/cyklos.stage.tankbar.cloud\/fi\/shop\/"},{"@type":"ListItem","position":3,"name":"WAVE-AIR Julkinen Py\u00f6r\u00e4npumppu"}]},{"@type":"WebSite","@id":"https:\/\/cyklos.stage.tankbar.cloud\/fi\/#website","url":"https:\/\/cyklos.stage.tankbar.cloud\/fi\/","name":"Cyklos | Finland","description":"Tulevaisuuden liikenne alkaa meilt\u00e4!","potentialAction":[{"@type":"SearchAction","target":{"@type":"EntryPoint","urlTemplate":"https:\/\/cyklos.stage.tankbar.cloud\/fi\/?s={search_term_string}"},"query-input":{"@type":"PropertyValueSpecification","valueRequired":true,"valueName":"search_term_string"}}],"inLanguage":"fi"}]}},"_links":{"self":[{"href":"https:\/\/cyklos.stage.tankbar.cloud\/fi\/wp-json\/wp\/v2\/product\/18906","targetHints":{"allow":["GET"]}}],"collection":[{"href":"https:\/\/cyklos.stage.tankbar.cloud\/fi\/wp-json\/wp\/v2\/product"}],"about":[{"href":"https:\/\/cyklos.stage.tankbar.cloud\/fi\/wp-json\/wp\/v2\/types\/product"}],"replies":[{"embeddable":true,"href":"https:\/\/cyklos.stage.tankbar.cloud\/fi\/wp-json\/wp\/v2\/comments?post=18906"}],"wp:featuredmedia":[{"embeddable":true,"href":"https:\/\/cyklos.stage.tankbar.cloud\/fi\/wp-json\/wp\/v2\/media\/25342"}],"wp:attachment":[{"href":"https:\/\/cyklos.stage.tankbar.cloud\/fi\/wp-json\/wp\/v2\/media?parent=18906"}],"wp:term":[{"taxonomy":"product_brand","embeddable":true,"href":"https:\/\/cyklos.stage.tankbar.cloud\/fi\/wp-json\/wp\/v2\/product_brand?post=18906"},{"taxonomy":"product_cat","embeddable":true,"href":"https:\/\/cyklos.stage.tankbar.cloud\/fi\/wp-json\/wp\/v2\/product_cat?post=18906"},{"taxonomy":"product_tag","embeddable":true,"href":"https:\/\/cyklos.stage.tankbar.cloud\/fi\/wp-json\/wp\/v2\/product_tag?post=18906"}],"curies":[{"name":"wp","href":"https:\/\/api.w.org\/{rel}","templated":true}]}}