{"id":18913,"date":"2018-08-09T10:31:42","date_gmt":"2018-08-09T08:31:42","guid":{"rendered":"https:\/\/cyklos.stage.tankbar.cloud\/fi\/produkt\/import-placeholder-for-76\/"},"modified":"2024-06-13T12:45:39","modified_gmt":"2024-06-13T10:45:39","slug":"julkinen-pyoranhuoltopiste-care4bikes","status":"publish","type":"product","link":"https:\/\/cyklos.stage.tankbar.cloud\/fi\/produkt\/julkinen-pyoranhuoltopiste-care4bikes\/","title":{"rendered":"Julkinen Py\u00f6r\u00e4nhuoltopiste CARE4BIKES"},"content":{"rendered":"<h3>Luotettava\u00a0ja yksinkertainen ripustus<\/h3>\n<ul>\n<li>Kaksi kannatinpistett\u00e4 voidaan asettaa kahteen eri korkeuteen ergonomisen ty\u00f6asennon l\u00f6yt\u00e4miseksi.<\/li>\n<li>Py\u00f6r\u00e4huoltoa teht\u00e4ess\u00e4 py\u00f6r\u00e4 ripustetaan pylv\u00e4\u00e4ss\u00e4 oleviin koukkuihin\/pisteisiin.<\/li>\n<li>Huoltopaikkoja on kahdelle py\u00f6r\u00e4lle samanaikaisesti.<\/li>\n<\/ul>\n<h3>Py\u00f6r\u00e4npumppu<\/h3>\n<ul>\n<li>Manuaalinen py\u00f6r\u00e4npumppu on varustettu jalkapolkimella (ruostumatonta ter\u00e4st\u00e4), jolla on helppoa pumpata.<\/li>\n<li>Automaattinen versio toimii nappia painamalla, 230V s\u00e4hk\u00f6liit\u00e4nt\u00e4 (lis\u00e4tietoja <a href=\"https:\/\/cyklos.stage.tankbar.cloud\/fi\/produkt\/julkinen-pyoranpumppu-wave-air\/\">Wave-Air<\/a> tuotteen sivuilla).<\/li>\n<li>Ter\u00e4svahvistettu ja ilkivaltaa kest\u00e4v\u00e4 korkeapaineletku.<\/li>\n<li>Monik\u00e4ytt\u00f6inen suukappale joka sopii kaikkiin tavallisiin venttiilityyppeihin.<\/li>\n<\/ul>\n<h3>Monik\u00e4ytt\u00f6ty\u00f6kalut<\/h3>\n<ul>\n<li>2 kpl monik\u00e4ytt\u00f6ty\u00f6kaluja (ruostumatonta ter\u00e4st\u00e4).<\/li>\n<li>Sis\u00e4lt\u00e4\u00e4 ominaisuudet: <strong>Kiintoavain<\/strong> 8, 9, 10 ja 15 mm.<\/li>\n<li><strong>Kuusiokoloavain<\/strong> 3, 4, 5, 6, ja 8 mm. Ruuvimeisseli 0,8\u00d74 mm<\/li>\n<li>Sis\u00e4lt\u00e4\u00e4 t\u00e4rkeimm\u00e4t ominaisuudet nopealle perushuollolle.<\/li>\n<li>Ty\u00f6kalut ovat kiinnitettyin\u00e4 kest\u00e4v\u00e4\u00e4n 1,5 m ruostumattomaan ter\u00e4svaijeriin. K\u00e4ytt\u00f6 varmistettu siten, ett\u00e4 ty\u00f6kalut vet\u00e4ytyv\u00e4t aina takaisin suojattuun tilaansa.<\/li>\n<\/ul>\n<h3>Sertifioinnit<\/h3>\n<p><img loading=\"lazy\" decoding=\"async\" class=\"alignnone size-full wp-image-19218\" src=\"https:\/\/cyklos.stage.tankbar.cloud\/fi\/wp-content\/uploads\/sites\/8\/2018\/08\/pohjoismaissa-valmistettu.png\" alt=\"\" width=\"268\" height=\"22\" \/><\/p>\n<p>CARE4BIKES on saanut hyv\u00e4ksynn\u00e4n \u201dByggvarubed\u00f6mningen\u00ae\u201d kautta = ymp\u00e4rist\u00f6sertifikaatti rakennustarvikkeille, kest\u00e4v\u00e4\u00e4n ja pitk\u00e4aikaiseen rakentamiseen.<br \/>\n<img loading=\"lazy\" decoding=\"async\" class=\"alignnone wp-image-1329\" src=\"https:\/\/www.cyklos.se\/wp-content\/uploads\/sites\/8\/2018\/04\/byggvarubedo\u0308mningen-300x30.png\" alt=\"\" width=\"250\" height=\"25\" srcset=\"https:\/\/www.cyklos.se\/wp-content\/uploads\/sites\/8\/2018\/04\/byggvarubedo\u0308mningen-300x30.png 300w, https:\/\/www.cyklos.se\/wp-content\/uploads\/sites\/8\/2018\/04\/byggvarubedo\u0308mningen.png 400w\" sizes=\"auto, (max-width: 250px) 100vw, 250px\" \/><\/p>\n<h3>Design<\/h3>\n<ul>\n<li>J Landerholm &amp; P Lund \/ Cycle Spaces<\/li>\n<\/ul>\n","protected":false},"excerpt":{"rendered":"<p>K\u00e4tev\u00e4 polkupy\u00f6rien huoltopiste, joka on varustettu py\u00f6r\u00e4npumpulla sek\u00e4 monik\u00e4ytt\u00f6ty\u00f6kaluilla. Sopiva tuote julkisten rakennusten yhteydess\u00e4, asemanseuduilla, kaupungeissa, kunnissa, taloyhti\u00f6iss\u00e4 tai muissa yrityksiss\u00e4 ja toiminnoissa, joissa halutaan antaa lis\u00e4palveluja py\u00f6r\u00e4ilij\u00f6ille.<\/p>\n<p>Jos py\u00f6r\u00e4nrengas tarvitsee ilmaa tai istuimen asentoa pit\u00e4\u00e4 s\u00e4\u00e4t\u00e4\u00e4, niin CARE4BIKES -pisteest\u00e4 l\u00f6ytyy tarvittavat ty\u00f6kalut. Piste on varustettu k\u00e4sik\u00e4ytt\u00f6isell\u00e4 WAVE-air py\u00f6r\u00e4npumpulla ja kahdella monik\u00e4ytt\u00f6ty\u00f6kalulla (ruostumatonta ter\u00e4st\u00e4), joissa on 9 eri k\u00e4ytt\u00f6vaihtoehtoa. Ty\u00f6kalut ovat ter\u00e4svaijerissa kiinni.<\/p>\n","protected":false},"featured_media":31466,"comment_status":"closed","ping_status":"closed","template":"","meta":{"_acf_changed":false},"product_brand":[],"product_cat":[249],"product_tag":[],"class_list":{"0":"post-18913","1":"product","2":"type-product","3":"status-publish","4":"has-post-thumbnail","6":"product_cat-julkiset-pyoranpumput-latauskaapit","7":"pa_forankring-forberedd-for-nedgjutning","8":"pa_forankring-fastbultning-i-golv","9":"pa_funktion-automatisk-wave-air-450004","10":"pa_funktion-manuell-wave-air-450005","11":"pa_materiale-sinkitty-pulverimaalattu-valinnaisella-ral-varilla-vakiovari-on-musta-ral-9005","13":"first","14":"instock","15":"purchasable","16":"product-type-variable"},"acf":[],"yoast_head":"<!-- This site is optimized with the Yoast SEO plugin v27.2 - https:\/\/yoast.com\/product\/yoast-seo-wordpress\/ -->\n<title>Julkinen Py\u00f6r\u00e4nhuoltopiste pumpulla ja ty\u00f6kauluilla CARE4BIKES<\/title>\n<meta name=\"description\" content=\"Julkinen Py\u00f6r\u00e4nhuoltopiste CARE4BIKES on huoltopiste, jossa yhdistyy pumppu ja ty\u00f6kalut julkisessa ymp\u00e4rist\u00f6ss\u00e4. Sopii hyvin py\u00f6r\u00e4reittien yhteyteen.\" \/>\n<meta name=\"robots\" content=\"noindex, follow, max-snippet:-1, max-image-preview:large, max-video-preview:-1\" \/>\n<meta property=\"og:locale\" content=\"fi_FI\" \/>\n<meta property=\"og:type\" content=\"article\" \/>\n<meta property=\"og:title\" content=\"Julkinen Py\u00f6r\u00e4nhuoltopiste pumpulla ja ty\u00f6kauluilla CARE4BIKES\" \/>\n<meta property=\"og:description\" content=\"Julkinen Py\u00f6r\u00e4nhuoltopiste CARE4BIKES on huoltopiste, jossa yhdistyy pumppu ja ty\u00f6kalut julkisessa ymp\u00e4rist\u00f6ss\u00e4. Sopii hyvin py\u00f6r\u00e4reittien yhteyteen.\" \/>\n<meta property=\"og:url\" content=\"https:\/\/cyklos.stage.tankbar.cloud\/fi\/produkt\/julkinen-pyoranhuoltopiste-care4bikes\/\" \/>\n<meta property=\"og:site_name\" content=\"Cyklos | Finland\" \/>\n<meta property=\"article:modified_time\" content=\"2024-06-13T10:45:39+00:00\" \/>\n<meta property=\"og:image\" content=\"https:\/\/cyklos.stage.tankbar.cloud\/fi\/wp-content\/uploads\/sites\/8\/2018\/08\/pyoranhuoltopiste-cykelpump.jpg\" \/>\n\t<meta property=\"og:image:width\" content=\"1800\" \/>\n\t<meta property=\"og:image:height\" content=\"2504\" \/>\n\t<meta property=\"og:image:type\" content=\"image\/jpeg\" \/>\n<meta name=\"twitter:card\" content=\"summary_large_image\" \/>\n<meta name=\"twitter:label1\" content=\"Arvioitu lukuaika\" \/>\n\t<meta name=\"twitter:data1\" content=\"2 minuuttia\" \/>\n<script type=\"application\/ld+json\" class=\"yoast-schema-graph\">{\"@context\":\"https:\/\/schema.org\",\"@graph\":[{\"@type\":\"WebPage\",\"@id\":\"https:\/\/cyklos.stage.tankbar.cloud\/fi\/produkt\/julkinen-pyoranhuoltopiste-care4bikes\/\",\"url\":\"https:\/\/cyklos.stage.tankbar.cloud\/fi\/produkt\/julkinen-pyoranhuoltopiste-care4bikes\/\",\"name\":\"Julkinen Py\u00f6r\u00e4nhuoltopiste pumpulla ja ty\u00f6kauluilla CARE4BIKES\",\"isPartOf\":{\"@id\":\"https:\/\/cyklos.stage.tankbar.cloud\/fi\/#website\"},\"primaryImageOfPage\":{\"@id\":\"https:\/\/cyklos.stage.tankbar.cloud\/fi\/produkt\/julkinen-pyoranhuoltopiste-care4bikes\/#primaryimage\"},\"image\":{\"@id\":\"https:\/\/cyklos.stage.tankbar.cloud\/fi\/produkt\/julkinen-pyoranhuoltopiste-care4bikes\/#primaryimage\"},\"thumbnailUrl\":\"https:\/\/cyklos.stage.tankbar.cloud\/fi\/wp-content\/uploads\/sites\/8\/2018\/08\/pyoranhuoltopiste-cykelpump.jpg\",\"datePublished\":\"2018-08-09T08:31:42+00:00\",\"dateModified\":\"2024-06-13T10:45:39+00:00\",\"description\":\"Julkinen Py\u00f6r\u00e4nhuoltopiste CARE4BIKES on huoltopiste, jossa yhdistyy pumppu ja ty\u00f6kalut julkisessa ymp\u00e4rist\u00f6ss\u00e4. Sopii hyvin py\u00f6r\u00e4reittien yhteyteen.\",\"breadcrumb\":{\"@id\":\"https:\/\/cyklos.stage.tankbar.cloud\/fi\/produkt\/julkinen-pyoranhuoltopiste-care4bikes\/#breadcrumb\"},\"inLanguage\":\"fi\",\"potentialAction\":[{\"@type\":\"ReadAction\",\"target\":[\"https:\/\/cyklos.stage.tankbar.cloud\/fi\/produkt\/julkinen-pyoranhuoltopiste-care4bikes\/\"]}]},{\"@type\":\"ImageObject\",\"inLanguage\":\"fi\",\"@id\":\"https:\/\/cyklos.stage.tankbar.cloud\/fi\/produkt\/julkinen-pyoranhuoltopiste-care4bikes\/#primaryimage\",\"url\":\"https:\/\/cyklos.stage.tankbar.cloud\/fi\/wp-content\/uploads\/sites\/8\/2018\/08\/pyoranhuoltopiste-cykelpump.jpg\",\"contentUrl\":\"https:\/\/cyklos.stage.tankbar.cloud\/fi\/wp-content\/uploads\/sites\/8\/2018\/08\/pyoranhuoltopiste-cykelpump.jpg\",\"width\":1800,\"height\":2504,\"caption\":\"Julkinen py\u00f6r\u00e4nhuoltopiste ty\u00f6kaluilla, kannatinspisteella ja pumpulla.\"},{\"@type\":\"BreadcrumbList\",\"@id\":\"https:\/\/cyklos.stage.tankbar.cloud\/fi\/produkt\/julkinen-pyoranhuoltopiste-care4bikes\/#breadcrumb\",\"itemListElement\":[{\"@type\":\"ListItem\",\"position\":1,\"name\":\"Home\",\"item\":\"https:\/\/cyklos.stage.tankbar.cloud\/fi\/\"},{\"@type\":\"ListItem\",\"position\":2,\"name\":\"Tuotteet\",\"item\":\"https:\/\/cyklos.stage.tankbar.cloud\/fi\/shop\/\"},{\"@type\":\"ListItem\",\"position\":3,\"name\":\"Julkinen Py\u00f6r\u00e4nhuoltopiste CARE4BIKES\"}]},{\"@type\":\"WebSite\",\"@id\":\"https:\/\/cyklos.stage.tankbar.cloud\/fi\/#website\",\"url\":\"https:\/\/cyklos.stage.tankbar.cloud\/fi\/\",\"name\":\"Cyklos | Finland\",\"description\":\"Tulevaisuuden liikenne alkaa meilt\u00e4!\",\"potentialAction\":[{\"@type\":\"SearchAction\",\"target\":{\"@type\":\"EntryPoint\",\"urlTemplate\":\"https:\/\/cyklos.stage.tankbar.cloud\/fi\/?s={search_term_string}\"},\"query-input\":{\"@type\":\"PropertyValueSpecification\",\"valueRequired\":true,\"valueName\":\"search_term_string\"}}],\"inLanguage\":\"fi\"}]}<\/script>\n<!-- \/ Yoast SEO plugin. -->","yoast_head_json":{"title":"Julkinen Py\u00f6r\u00e4nhuoltopiste pumpulla ja ty\u00f6kauluilla CARE4BIKES","description":"Julkinen Py\u00f6r\u00e4nhuoltopiste CARE4BIKES on huoltopiste, jossa yhdistyy pumppu ja ty\u00f6kalut julkisessa ymp\u00e4rist\u00f6ss\u00e4. Sopii hyvin py\u00f6r\u00e4reittien yhteyteen.","robots":{"index":"noindex","follow":"follow","max-snippet":"max-snippet:-1","max-image-preview":"max-image-preview:large","max-video-preview":"max-video-preview:-1"},"og_locale":"fi_FI","og_type":"article","og_title":"Julkinen Py\u00f6r\u00e4nhuoltopiste pumpulla ja ty\u00f6kauluilla CARE4BIKES","og_description":"Julkinen Py\u00f6r\u00e4nhuoltopiste CARE4BIKES on huoltopiste, jossa yhdistyy pumppu ja ty\u00f6kalut julkisessa ymp\u00e4rist\u00f6ss\u00e4. Sopii hyvin py\u00f6r\u00e4reittien yhteyteen.","og_url":"https:\/\/cyklos.stage.tankbar.cloud\/fi\/produkt\/julkinen-pyoranhuoltopiste-care4bikes\/","og_site_name":"Cyklos | Finland","article_modified_time":"2024-06-13T10:45:39+00:00","og_image":[{"width":1800,"height":2504,"url":"https:\/\/cyklos.stage.tankbar.cloud\/fi\/wp-content\/uploads\/sites\/8\/2018\/08\/pyoranhuoltopiste-cykelpump.jpg","type":"image\/jpeg"}],"twitter_card":"summary_large_image","twitter_misc":{"Arvioitu lukuaika":"2 minuuttia"},"schema":{"@context":"https:\/\/schema.org","@graph":[{"@type":"WebPage","@id":"https:\/\/cyklos.stage.tankbar.cloud\/fi\/produkt\/julkinen-pyoranhuoltopiste-care4bikes\/","url":"https:\/\/cyklos.stage.tankbar.cloud\/fi\/produkt\/julkinen-pyoranhuoltopiste-care4bikes\/","name":"Julkinen Py\u00f6r\u00e4nhuoltopiste pumpulla ja ty\u00f6kauluilla CARE4BIKES","isPartOf":{"@id":"https:\/\/cyklos.stage.tankbar.cloud\/fi\/#website"},"primaryImageOfPage":{"@id":"https:\/\/cyklos.stage.tankbar.cloud\/fi\/produkt\/julkinen-pyoranhuoltopiste-care4bikes\/#primaryimage"},"image":{"@id":"https:\/\/cyklos.stage.tankbar.cloud\/fi\/produkt\/julkinen-pyoranhuoltopiste-care4bikes\/#primaryimage"},"thumbnailUrl":"https:\/\/cyklos.stage.tankbar.cloud\/fi\/wp-content\/uploads\/sites\/8\/2018\/08\/pyoranhuoltopiste-cykelpump.jpg","datePublished":"2018-08-09T08:31:42+00:00","dateModified":"2024-06-13T10:45:39+00:00","description":"Julkinen Py\u00f6r\u00e4nhuoltopiste CARE4BIKES on huoltopiste, jossa yhdistyy pumppu ja ty\u00f6kalut julkisessa ymp\u00e4rist\u00f6ss\u00e4. Sopii hyvin py\u00f6r\u00e4reittien yhteyteen.","breadcrumb":{"@id":"https:\/\/cyklos.stage.tankbar.cloud\/fi\/produkt\/julkinen-pyoranhuoltopiste-care4bikes\/#breadcrumb"},"inLanguage":"fi","potentialAction":[{"@type":"ReadAction","target":["https:\/\/cyklos.stage.tankbar.cloud\/fi\/produkt\/julkinen-pyoranhuoltopiste-care4bikes\/"]}]},{"@type":"ImageObject","inLanguage":"fi","@id":"https:\/\/cyklos.stage.tankbar.cloud\/fi\/produkt\/julkinen-pyoranhuoltopiste-care4bikes\/#primaryimage","url":"https:\/\/cyklos.stage.tankbar.cloud\/fi\/wp-content\/uploads\/sites\/8\/2018\/08\/pyoranhuoltopiste-cykelpump.jpg","contentUrl":"https:\/\/cyklos.stage.tankbar.cloud\/fi\/wp-content\/uploads\/sites\/8\/2018\/08\/pyoranhuoltopiste-cykelpump.jpg","width":1800,"height":2504,"caption":"Julkinen py\u00f6r\u00e4nhuoltopiste ty\u00f6kaluilla, kannatinspisteella ja pumpulla."},{"@type":"BreadcrumbList","@id":"https:\/\/cyklos.stage.tankbar.cloud\/fi\/produkt\/julkinen-pyoranhuoltopiste-care4bikes\/#breadcrumb","itemListElement":[{"@type":"ListItem","position":1,"name":"Home","item":"https:\/\/cyklos.stage.tankbar.cloud\/fi\/"},{"@type":"ListItem","position":2,"name":"Tuotteet","item":"https:\/\/cyklos.stage.tankbar.cloud\/fi\/shop\/"},{"@type":"ListItem","position":3,"name":"Julkinen Py\u00f6r\u00e4nhuoltopiste CARE4BIKES"}]},{"@type":"WebSite","@id":"https:\/\/cyklos.stage.tankbar.cloud\/fi\/#website","url":"https:\/\/cyklos.stage.tankbar.cloud\/fi\/","name":"Cyklos | Finland","description":"Tulevaisuuden liikenne alkaa meilt\u00e4!","potentialAction":[{"@type":"SearchAction","target":{"@type":"EntryPoint","urlTemplate":"https:\/\/cyklos.stage.tankbar.cloud\/fi\/?s={search_term_string}"},"query-input":{"@type":"PropertyValueSpecification","valueRequired":true,"valueName":"search_term_string"}}],"inLanguage":"fi"}]}},"_links":{"self":[{"href":"https:\/\/cyklos.stage.tankbar.cloud\/fi\/wp-json\/wp\/v2\/product\/18913","targetHints":{"allow":["GET"]}}],"collection":[{"href":"https:\/\/cyklos.stage.tankbar.cloud\/fi\/wp-json\/wp\/v2\/product"}],"about":[{"href":"https:\/\/cyklos.stage.tankbar.cloud\/fi\/wp-json\/wp\/v2\/types\/product"}],"replies":[{"embeddable":true,"href":"https:\/\/cyklos.stage.tankbar.cloud\/fi\/wp-json\/wp\/v2\/comments?post=18913"}],"wp:featuredmedia":[{"embeddable":true,"href":"https:\/\/cyklos.stage.tankbar.cloud\/fi\/wp-json\/wp\/v2\/media\/31466"}],"wp:attachment":[{"href":"https:\/\/cyklos.stage.tankbar.cloud\/fi\/wp-json\/wp\/v2\/media?parent=18913"}],"wp:term":[{"taxonomy":"product_brand","embeddable":true,"href":"https:\/\/cyklos.stage.tankbar.cloud\/fi\/wp-json\/wp\/v2\/product_brand?post=18913"},{"taxonomy":"product_cat","embeddable":true,"href":"https:\/\/cyklos.stage.tankbar.cloud\/fi\/wp-json\/wp\/v2\/product_cat?post=18913"},{"taxonomy":"product_tag","embeddable":true,"href":"https:\/\/cyklos.stage.tankbar.cloud\/fi\/wp-json\/wp\/v2\/product_tag?post=18913"}],"curies":[{"name":"wp","href":"https:\/\/api.w.org\/{rel}","templated":true}]}}