{"id":18914,"date":"2018-08-09T11:45:42","date_gmt":"2018-08-09T09:45:42","guid":{"rendered":"https:\/\/cyklos.stage.tankbar.cloud\/fi\/produkt\/import-placeholder-for-77\/"},"modified":"2024-01-11T11:35:56","modified_gmt":"2024-01-11T10:35:56","slug":"huomiota-herattamaton-pyorateline-lux","status":"publish","type":"product","link":"https:\/\/cyklos.stage.tankbar.cloud\/fi\/produkt\/huomiota-herattamaton-pyorateline-lux\/","title":{"rendered":"Py\u00f6r\u00e4telinepollari LUX, huomiota her\u00e4tt\u00e4m\u00e4t\u00f6n"},"content":{"rendered":"<h3>Hienovaraisuus<\/h3>\n<ul>\n<li>Py\u00f6r\u00e4telineess\u00e4 \u2013 pollarissa on paikka kahdelle polkupy\u00f6r\u00e4lle. Voidaan my\u00f6s k\u00e4ytt\u00e4\u00e4 \u201dtavallisena\u201d pylv\u00e4\u00e4n\u00e4.<\/li>\n<li>Tyylikk\u00e4\u00e4sti muotoillut pylv\u00e4\u00e4t, joita voidaan k\u00e4ytt\u00e4\u00e4 polkupy\u00f6rien lukitsemiseen, runkolukitus.<\/li>\n<li>Huomiota her\u00e4tt\u00e4m\u00e4t\u00f6n py\u00f6r\u00e4teline<\/li>\n<\/ul>\n<h3>Valaistus<\/h3>\n<ul>\n<li>Sis\u00e4\u00e4nrakennettu LED-valaistus (vaihdettava), joka valaisee pylv\u00e4\u00e4n ymp\u00e4rill\u00e4. Valaisee muotoilun ja luo turvallisuutta.<br \/>\nLED-valaisin IP65, 1,2w, 350mA, 37V.<\/li>\n<\/ul>\n<h3>Sertifioinnit<\/h3>\n<div id=\"attachment_19218\" style=\"width: 278px\" class=\"wp-caption alignnone\"><img loading=\"lazy\" decoding=\"async\" aria-describedby=\"caption-attachment-19218\" class=\"wp-image-19218 size-full\" src=\"https:\/\/cyklos.stage.tankbar.cloud\/fi\/wp-content\/uploads\/sites\/8\/2018\/08\/pohjoismaissa-valmistettu.png\" alt=\"Tuote on valmistettu pohjoismaissa.\" width=\"268\" height=\"22\" \/><p id=\"caption-attachment-19218\" class=\"wp-caption-text\">Tuote on valmistettu pohjoismaissa.<\/p><\/div>\n<h3><img loading=\"lazy\" decoding=\"async\" class=\"alignnone size-full wp-image-1329\" src=\"https:\/\/www.cyklos.se\/wp-content\/uploads\/sites\/8\/2018\/04\/byggvarubedo\u0308mningen.png\" alt=\"\" width=\"400\" height=\"40\" srcset=\"https:\/\/www.cyklos.se\/wp-content\/uploads\/sites\/8\/2018\/04\/byggvarubedo\u0308mningen.png 400w, https:\/\/www.cyklos.se\/wp-content\/uploads\/sites\/8\/2018\/04\/byggvarubedo\u0308mningen-300x30.png 300w\" sizes=\"auto, (max-width: 400px) 100vw, 400px\" \/><\/h3>\n<h3><img loading=\"lazy\" decoding=\"async\" class=\"alignnone wp-image-1328\" src=\"https:\/\/www.cyklos.se\/wp-content\/uploads\/sites\/8\/2018\/04\/SundaHus-logo-portrait-RGB.png\" alt=\"\" width=\"71\" height=\"75\" srcset=\"https:\/\/www.cyklos.se\/wp-content\/uploads\/sites\/8\/2018\/04\/SundaHus-logo-portrait-RGB.png 492w, https:\/\/www.cyklos.se\/wp-content\/uploads\/sites\/8\/2018\/04\/SundaHus-logo-portrait-RGB-284x300.png 284w\" sizes=\"auto, (max-width: 71px) 100vw, 71px\" \/><\/h3>\n<h3>Design<\/h3>\n<p>SEJ<\/p>\n","protected":false},"excerpt":{"rendered":"<p>LUX on polkupy\u00f6r\u00e4teline ja pollari (pylv\u00e4s) samalla kertaa. Muotoilu on huomiota her\u00e4tt\u00e4m\u00e4t\u00f6n. Telineen\/pylv\u00e4\u00e4n voi saada valaistuksella tai ilman.<br \/>\nSopii hyvin sis\u00e4\u00e4nk\u00e4yntien viereen, toreille, k\u00e4velykaduille tai sellaisiin paikkoihin, miss\u00e4 on tarvetta yksinkertaiseen ja huoltovapaaseen py\u00f6r\u00e4s\u00e4ilytykseen.<\/p>\n","protected":false},"featured_media":25439,"comment_status":"closed","ping_status":"closed","template":"","meta":{"_acf_changed":false},"product_brand":[],"product_cat":[283],"product_tag":[],"class_list":{"0":"post-18914","1":"product","2":"type-product","3":"status-publish","4":"has-post-thumbnail","6":"product_cat-pyorateline","7":"pa_forankring-for-fastbultning-i-markniva","8":"pa_forankring-nedgjutningsror","9":"pa_materiale-kuumasinkitty","10":"pa_materiale-kuumasinkitty-pulverimaalattu-tilaajan-valitsemalla-ral-varilla-vakiovari-musta-ral-9005","12":"first","13":"instock","14":"purchasable","15":"product-type-variable"},"acf":[],"yoast_head":"<!-- This site is optimized with the Yoast SEO plugin v27.2 - https:\/\/yoast.com\/product\/yoast-seo-wordpress\/ -->\n<title>Py\u00f6r\u00e4teline LUX, huomiota her\u00e4tt\u00e4m\u00e4t\u00f6n - Cyklos | Suomi<\/title>\n<meta name=\"description\" content=\"Py\u00f6r\u00e4teline LUX, huomiota her\u00e4tt\u00e4m\u00e4t\u00f6n, valaistuksella tai ilman. Erinomainen ja huomaamaton py\u00f6r\u00e4pys\u00e4k\u00f6inti kun py\u00f6ri\u00e4 ei ole telineiss\u00e4.\" \/>\n<meta name=\"robots\" content=\"noindex, follow, max-snippet:-1, max-image-preview:large, max-video-preview:-1\" \/>\n<meta property=\"og:locale\" content=\"fi_FI\" \/>\n<meta property=\"og:type\" content=\"article\" \/>\n<meta property=\"og:title\" content=\"Py\u00f6r\u00e4teline LUX, huomiota her\u00e4tt\u00e4m\u00e4t\u00f6n - Cyklos | Suomi\" \/>\n<meta property=\"og:description\" content=\"Py\u00f6r\u00e4teline LUX, huomiota her\u00e4tt\u00e4m\u00e4t\u00f6n, valaistuksella tai ilman. Erinomainen ja huomaamaton py\u00f6r\u00e4pys\u00e4k\u00f6inti kun py\u00f6ri\u00e4 ei ole telineiss\u00e4.\" \/>\n<meta property=\"og:url\" content=\"https:\/\/cyklos.stage.tankbar.cloud\/fi\/produkt\/huomiota-herattamaton-pyorateline-lux\/\" \/>\n<meta property=\"og:site_name\" content=\"Cyklos | Finland\" \/>\n<meta property=\"article:modified_time\" content=\"2024-01-11T10:35:56+00:00\" \/>\n<meta property=\"og:image\" content=\"https:\/\/cyklos.stage.tankbar.cloud\/fi\/wp-content\/uploads\/sites\/8\/2018\/08\/Cyklos-LUX-pyorateline-816.jpg\" \/>\n\t<meta property=\"og:image:width\" content=\"1801\" \/>\n\t<meta property=\"og:image:height\" content=\"1200\" \/>\n\t<meta property=\"og:image:type\" content=\"image\/jpeg\" \/>\n<meta name=\"twitter:card\" content=\"summary_large_image\" \/>\n<meta name=\"twitter:label1\" content=\"Arvioitu lukuaika\" \/>\n\t<meta name=\"twitter:data1\" content=\"2 minuuttia\" \/>\n<script type=\"application\/ld+json\" class=\"yoast-schema-graph\">{\"@context\":\"https:\/\/schema.org\",\"@graph\":[{\"@type\":\"WebPage\",\"@id\":\"https:\/\/cyklos.stage.tankbar.cloud\/fi\/produkt\/huomiota-herattamaton-pyorateline-lux\/\",\"url\":\"https:\/\/cyklos.stage.tankbar.cloud\/fi\/produkt\/huomiota-herattamaton-pyorateline-lux\/\",\"name\":\"Py\u00f6r\u00e4teline LUX, huomiota her\u00e4tt\u00e4m\u00e4t\u00f6n - Cyklos | Suomi\",\"isPartOf\":{\"@id\":\"https:\/\/cyklos.stage.tankbar.cloud\/fi\/#website\"},\"primaryImageOfPage\":{\"@id\":\"https:\/\/cyklos.stage.tankbar.cloud\/fi\/produkt\/huomiota-herattamaton-pyorateline-lux\/#primaryimage\"},\"image\":{\"@id\":\"https:\/\/cyklos.stage.tankbar.cloud\/fi\/produkt\/huomiota-herattamaton-pyorateline-lux\/#primaryimage\"},\"thumbnailUrl\":\"https:\/\/cyklos.stage.tankbar.cloud\/fi\/wp-content\/uploads\/sites\/8\/2018\/08\/Cyklos-LUX-pyorateline-816.jpg\",\"datePublished\":\"2018-08-09T09:45:42+00:00\",\"dateModified\":\"2024-01-11T10:35:56+00:00\",\"description\":\"Py\u00f6r\u00e4teline LUX, huomiota her\u00e4tt\u00e4m\u00e4t\u00f6n, valaistuksella tai ilman. Erinomainen ja huomaamaton py\u00f6r\u00e4pys\u00e4k\u00f6inti kun py\u00f6ri\u00e4 ei ole telineiss\u00e4.\",\"breadcrumb\":{\"@id\":\"https:\/\/cyklos.stage.tankbar.cloud\/fi\/produkt\/huomiota-herattamaton-pyorateline-lux\/#breadcrumb\"},\"inLanguage\":\"fi\",\"potentialAction\":[{\"@type\":\"ReadAction\",\"target\":[\"https:\/\/cyklos.stage.tankbar.cloud\/fi\/produkt\/huomiota-herattamaton-pyorateline-lux\/\"]}]},{\"@type\":\"ImageObject\",\"inLanguage\":\"fi\",\"@id\":\"https:\/\/cyklos.stage.tankbar.cloud\/fi\/produkt\/huomiota-herattamaton-pyorateline-lux\/#primaryimage\",\"url\":\"https:\/\/cyklos.stage.tankbar.cloud\/fi\/wp-content\/uploads\/sites\/8\/2018\/08\/Cyklos-LUX-pyorateline-816.jpg\",\"contentUrl\":\"https:\/\/cyklos.stage.tankbar.cloud\/fi\/wp-content\/uploads\/sites\/8\/2018\/08\/Cyklos-LUX-pyorateline-816.jpg\",\"width\":1801,\"height\":1200,\"caption\":\"Py\u00f6r\u00e4telinepollari LUX Cyklokselta, my\u00f6s valaistuksella\"},{\"@type\":\"BreadcrumbList\",\"@id\":\"https:\/\/cyklos.stage.tankbar.cloud\/fi\/produkt\/huomiota-herattamaton-pyorateline-lux\/#breadcrumb\",\"itemListElement\":[{\"@type\":\"ListItem\",\"position\":1,\"name\":\"Home\",\"item\":\"https:\/\/cyklos.stage.tankbar.cloud\/fi\/\"},{\"@type\":\"ListItem\",\"position\":2,\"name\":\"Tuotteet\",\"item\":\"https:\/\/cyklos.stage.tankbar.cloud\/fi\/shop\/\"},{\"@type\":\"ListItem\",\"position\":3,\"name\":\"Py\u00f6r\u00e4telinepollari LUX, huomiota her\u00e4tt\u00e4m\u00e4t\u00f6n\"}]},{\"@type\":\"WebSite\",\"@id\":\"https:\/\/cyklos.stage.tankbar.cloud\/fi\/#website\",\"url\":\"https:\/\/cyklos.stage.tankbar.cloud\/fi\/\",\"name\":\"Cyklos | Finland\",\"description\":\"Tulevaisuuden liikenne alkaa meilt\u00e4!\",\"potentialAction\":[{\"@type\":\"SearchAction\",\"target\":{\"@type\":\"EntryPoint\",\"urlTemplate\":\"https:\/\/cyklos.stage.tankbar.cloud\/fi\/?s={search_term_string}\"},\"query-input\":{\"@type\":\"PropertyValueSpecification\",\"valueRequired\":true,\"valueName\":\"search_term_string\"}}],\"inLanguage\":\"fi\"}]}<\/script>\n<!-- \/ Yoast SEO plugin. -->","yoast_head_json":{"title":"Py\u00f6r\u00e4teline LUX, huomiota her\u00e4tt\u00e4m\u00e4t\u00f6n - Cyklos | Suomi","description":"Py\u00f6r\u00e4teline LUX, huomiota her\u00e4tt\u00e4m\u00e4t\u00f6n, valaistuksella tai ilman. Erinomainen ja huomaamaton py\u00f6r\u00e4pys\u00e4k\u00f6inti kun py\u00f6ri\u00e4 ei ole telineiss\u00e4.","robots":{"index":"noindex","follow":"follow","max-snippet":"max-snippet:-1","max-image-preview":"max-image-preview:large","max-video-preview":"max-video-preview:-1"},"og_locale":"fi_FI","og_type":"article","og_title":"Py\u00f6r\u00e4teline LUX, huomiota her\u00e4tt\u00e4m\u00e4t\u00f6n - Cyklos | Suomi","og_description":"Py\u00f6r\u00e4teline LUX, huomiota her\u00e4tt\u00e4m\u00e4t\u00f6n, valaistuksella tai ilman. Erinomainen ja huomaamaton py\u00f6r\u00e4pys\u00e4k\u00f6inti kun py\u00f6ri\u00e4 ei ole telineiss\u00e4.","og_url":"https:\/\/cyklos.stage.tankbar.cloud\/fi\/produkt\/huomiota-herattamaton-pyorateline-lux\/","og_site_name":"Cyklos | Finland","article_modified_time":"2024-01-11T10:35:56+00:00","og_image":[{"width":1801,"height":1200,"url":"https:\/\/cyklos.stage.tankbar.cloud\/fi\/wp-content\/uploads\/sites\/8\/2018\/08\/Cyklos-LUX-pyorateline-816.jpg","type":"image\/jpeg"}],"twitter_card":"summary_large_image","twitter_misc":{"Arvioitu lukuaika":"2 minuuttia"},"schema":{"@context":"https:\/\/schema.org","@graph":[{"@type":"WebPage","@id":"https:\/\/cyklos.stage.tankbar.cloud\/fi\/produkt\/huomiota-herattamaton-pyorateline-lux\/","url":"https:\/\/cyklos.stage.tankbar.cloud\/fi\/produkt\/huomiota-herattamaton-pyorateline-lux\/","name":"Py\u00f6r\u00e4teline LUX, huomiota her\u00e4tt\u00e4m\u00e4t\u00f6n - Cyklos | Suomi","isPartOf":{"@id":"https:\/\/cyklos.stage.tankbar.cloud\/fi\/#website"},"primaryImageOfPage":{"@id":"https:\/\/cyklos.stage.tankbar.cloud\/fi\/produkt\/huomiota-herattamaton-pyorateline-lux\/#primaryimage"},"image":{"@id":"https:\/\/cyklos.stage.tankbar.cloud\/fi\/produkt\/huomiota-herattamaton-pyorateline-lux\/#primaryimage"},"thumbnailUrl":"https:\/\/cyklos.stage.tankbar.cloud\/fi\/wp-content\/uploads\/sites\/8\/2018\/08\/Cyklos-LUX-pyorateline-816.jpg","datePublished":"2018-08-09T09:45:42+00:00","dateModified":"2024-01-11T10:35:56+00:00","description":"Py\u00f6r\u00e4teline LUX, huomiota her\u00e4tt\u00e4m\u00e4t\u00f6n, valaistuksella tai ilman. Erinomainen ja huomaamaton py\u00f6r\u00e4pys\u00e4k\u00f6inti kun py\u00f6ri\u00e4 ei ole telineiss\u00e4.","breadcrumb":{"@id":"https:\/\/cyklos.stage.tankbar.cloud\/fi\/produkt\/huomiota-herattamaton-pyorateline-lux\/#breadcrumb"},"inLanguage":"fi","potentialAction":[{"@type":"ReadAction","target":["https:\/\/cyklos.stage.tankbar.cloud\/fi\/produkt\/huomiota-herattamaton-pyorateline-lux\/"]}]},{"@type":"ImageObject","inLanguage":"fi","@id":"https:\/\/cyklos.stage.tankbar.cloud\/fi\/produkt\/huomiota-herattamaton-pyorateline-lux\/#primaryimage","url":"https:\/\/cyklos.stage.tankbar.cloud\/fi\/wp-content\/uploads\/sites\/8\/2018\/08\/Cyklos-LUX-pyorateline-816.jpg","contentUrl":"https:\/\/cyklos.stage.tankbar.cloud\/fi\/wp-content\/uploads\/sites\/8\/2018\/08\/Cyklos-LUX-pyorateline-816.jpg","width":1801,"height":1200,"caption":"Py\u00f6r\u00e4telinepollari LUX Cyklokselta, my\u00f6s valaistuksella"},{"@type":"BreadcrumbList","@id":"https:\/\/cyklos.stage.tankbar.cloud\/fi\/produkt\/huomiota-herattamaton-pyorateline-lux\/#breadcrumb","itemListElement":[{"@type":"ListItem","position":1,"name":"Home","item":"https:\/\/cyklos.stage.tankbar.cloud\/fi\/"},{"@type":"ListItem","position":2,"name":"Tuotteet","item":"https:\/\/cyklos.stage.tankbar.cloud\/fi\/shop\/"},{"@type":"ListItem","position":3,"name":"Py\u00f6r\u00e4telinepollari LUX, huomiota her\u00e4tt\u00e4m\u00e4t\u00f6n"}]},{"@type":"WebSite","@id":"https:\/\/cyklos.stage.tankbar.cloud\/fi\/#website","url":"https:\/\/cyklos.stage.tankbar.cloud\/fi\/","name":"Cyklos | Finland","description":"Tulevaisuuden liikenne alkaa meilt\u00e4!","potentialAction":[{"@type":"SearchAction","target":{"@type":"EntryPoint","urlTemplate":"https:\/\/cyklos.stage.tankbar.cloud\/fi\/?s={search_term_string}"},"query-input":{"@type":"PropertyValueSpecification","valueRequired":true,"valueName":"search_term_string"}}],"inLanguage":"fi"}]}},"_links":{"self":[{"href":"https:\/\/cyklos.stage.tankbar.cloud\/fi\/wp-json\/wp\/v2\/product\/18914","targetHints":{"allow":["GET"]}}],"collection":[{"href":"https:\/\/cyklos.stage.tankbar.cloud\/fi\/wp-json\/wp\/v2\/product"}],"about":[{"href":"https:\/\/cyklos.stage.tankbar.cloud\/fi\/wp-json\/wp\/v2\/types\/product"}],"replies":[{"embeddable":true,"href":"https:\/\/cyklos.stage.tankbar.cloud\/fi\/wp-json\/wp\/v2\/comments?post=18914"}],"wp:featuredmedia":[{"embeddable":true,"href":"https:\/\/cyklos.stage.tankbar.cloud\/fi\/wp-json\/wp\/v2\/media\/25439"}],"wp:attachment":[{"href":"https:\/\/cyklos.stage.tankbar.cloud\/fi\/wp-json\/wp\/v2\/media?parent=18914"}],"wp:term":[{"taxonomy":"product_brand","embeddable":true,"href":"https:\/\/cyklos.stage.tankbar.cloud\/fi\/wp-json\/wp\/v2\/product_brand?post=18914"},{"taxonomy":"product_cat","embeddable":true,"href":"https:\/\/cyklos.stage.tankbar.cloud\/fi\/wp-json\/wp\/v2\/product_cat?post=18914"},{"taxonomy":"product_tag","embeddable":true,"href":"https:\/\/cyklos.stage.tankbar.cloud\/fi\/wp-json\/wp\/v2\/product_tag?post=18914"}],"curies":[{"name":"wp","href":"https:\/\/api.w.org\/{rel}","templated":true}]}}