{"id":18915,"date":"2024-01-09T12:15:43","date_gmt":"2024-01-09T11:15:43","guid":{"rendered":"https:\/\/cyklos.stage.tankbar.cloud\/fi\/produkt\/import-placeholder-for-78\/"},"modified":"2024-06-13T12:48:06","modified_gmt":"2024-06-13T10:48:06","slug":"delta-pyorateline-runkolukitusteline","status":"publish","type":"product","link":"https:\/\/cyklos.stage.tankbar.cloud\/fi\/produkt\/delta-pyorateline-runkolukitusteline\/","title":{"rendered":"Runkolukitusteline DELTA"},"content":{"rendered":"<h3><strong><a href=\"https:\/\/cyklos.stage.tankbar.cloud\/fi\/blog\/2018\/02\/23\/delta-pyorateline-perinteista-mallia-parempi\/\">\u201dDELTA polkupy\u00f6r\u00e4telineet perinteist\u00e4 mallia parempi\u201d<\/a><\/strong><\/h3>\n<p>\u201dNiskakadun uudet telineet ovat perinteist\u00e4 eturengastelinett\u00e4 parempia, sill\u00e4 teline tukee rengasta laajemmalta alalta ja antaa kaaren pituuden my\u00f6t\u00e4 mahdollisuuden my\u00f6s runkolukitukseen.\u201d \u2013 Juhana Ven\u00e4l\u00e4inen, puheenjohtaja, py\u00f6r\u00e4ilyj\u00e4rjest\u00f6 Joensuun Polkijat<\/p>\n<h3>K\u00e4ytt\u00e4j\u00e4yst\u00e4v\u00e4llinen py\u00f6r\u00e4teline<\/h3>\n<p>S\u00e4ilytys jonka kaikki osaavat ja tiet\u00e4v\u00e4t. Polkupy\u00f6r\u00e4n eturengas asetetaan kaareen, joka pit\u00e4\u00e4 polkupy\u00f6r\u00e4n tukevasti paikoillaan. Pys\u00e4k\u00f6intipaikan muoto tukee polkupy\u00f6r\u00e4n eturengasta ja est\u00e4\u00e4 sen vioittumisen. Sopii ohuille ja leveille renkaille ja antaa tukevan kiinnityksen py\u00f6r\u00e4nrenkaalle.<\/p>\n<h3>Turvallinen polkupy\u00f6r\u00e4teline<\/h3>\n<p>Ainutlaatuista telineess\u00e4 on, ett\u00e4 py\u00f6r\u00e4ilij\u00e4 voi lukita py\u00f6r\u00e4n rungosta, kun normaalissa telineess\u00e4 voi lukituksen tehd\u00e4 vain renkaasta.<\/p>\n<h3>Takaa j\u00e4rjestyksen<\/h3>\n<p>Telineen ainutlaatuinen muotoilu ja toiminto mahdollistavat hyv\u00e4n j\u00e4rjestyksen s\u00e4ilytyspaikalla.<\/p>\n<h3>Sertifioinnit<\/h3>\n<p>DELTA on saanut hyv\u00e4ksymisen \u201dByggvarubed\u00f6mningen\u00ae\u201d kautta = ymp\u00e4rist\u00f6sertifikaatti rakennustarvikkeille, kest\u00e4v\u00e4\u00e4n ja pitk\u00e4aikaiseen rakentamiseen.<br \/>\n<img loading=\"lazy\" decoding=\"async\" class=\"alignnone size-medium wp-image-1329\" src=\"https:\/\/www.cyklos.se\/wp-content\/uploads\/sites\/8\/2018\/04\/byggvarubedo\u0308mningen-300x30.png\" alt=\"\" width=\"300\" height=\"30\" srcset=\"https:\/\/www.cyklos.se\/wp-content\/uploads\/sites\/8\/2018\/04\/byggvarubedo\u0308mningen-300x30.png 300w, https:\/\/www.cyklos.se\/wp-content\/uploads\/sites\/8\/2018\/04\/byggvarubedo\u0308mningen.png 400w\" sizes=\"auto, (max-width: 300px) 100vw, 300px\" \/><\/p>\n<h3>Design<\/h3>\n<p>SEJ<\/p>\n<p>&nbsp;<\/p>\n<p>&nbsp;<\/p>\n","protected":false},"excerpt":{"rendered":"<p>Py\u00f6r\u00e4teline DELTA on uudenaikainen py\u00f6r\u00e4teline\/runkolukitusteline, k\u00e4tev\u00e4 runkolukittava py\u00f6r\u00e4teline. Py\u00f6r\u00e4telineen muoto tuo j\u00e4rjestyst\u00e4 s\u00e4ilytyspaikalle. Suosittu kouluilla, linja-auto- ja rautatieaseman yhteydess\u00e4, pys\u00e4keill\u00e4 tai muilla polkupy\u00f6r\u00e4ns\u00e4ilytys paikoilla, joissa on tarve intuitiiviseen, nopeaan ja yksinkertaiseen s\u00e4ilytykseen. Yhdista\u0308 erilaiset pyo\u0308ra\u0308telinejaksot haluttuun pituuteen tai py\u00f6r\u00e4m\u00e4\u00e4r\u00e4\u00e4n, esimerkiksi 4, 5 tai 6 paikkainen k\/k 500mm.<\/p>\n","protected":false},"featured_media":25740,"comment_status":"closed","ping_status":"closed","template":"","meta":{"_acf_changed":false},"product_brand":[],"product_cat":[283],"product_tag":[],"class_list":{"0":"post-18915","1":"product","2":"type-product","3":"status-publish","4":"has-post-thumbnail","6":"product_cat-pyorateline","7":"pa_forankring-seinakiinnitys","8":"pa_forankring-sovitin-lyontiankkuri","9":"pa_forankring-vaihtoehto-1-sovitin-betoniperustus","10":"pa_forankring-alt-2-nedgjutningsror","11":"pa_forankring-alt-3-betongfundament-slat-yta-ovan-mark","12":"pa_materiale-kuumasinkitty","13":"pa_materiale-kuumasinkitty-kokonaan-pulverimaalattu-tilaajan-valitsemalla-savylla-vakiovari-musta-ral-9005","14":"pa_materiale-kuumasinkitty-puoliksi-pulverimaalattu-tilaajan-valitsemalla-savylla-vakiovari-musta-ral-9005","15":"pa_uppstallning-seinakiinnitys","16":"pa_uppstallning-vapaasti-seisova-kaksipuolinen","17":"pa_uppstallning-vapaasti-seisova-yksipuolinen","18":"pa_val-av-sektion-4-platser-c-c-500mm-2m","19":"pa_val-av-sektion-4-platser-c-c-600mm-24m","20":"pa_val-av-sektion-4-platser-c-c-700mm-28m","21":"pa_val-av-sektion-5-platser-c-c-600mm-3m","22":"pa_val-av-sektion-5-platser-c-c-500mm-25m","24":"first","25":"instock","26":"purchasable","27":"product-type-variable"},"acf":[],"yoast_head":"<!-- This site is optimized with the Yoast SEO plugin v27.2 - https:\/\/yoast.com\/product\/yoast-seo-wordpress\/ -->\n<title>Runkolukitusteline DELTA py\u00f6r\u00e4teline tukee eturengasta - Cyklos | Suomi<\/title>\n<meta name=\"description\" content=\"Runkolukitusteline DELTA on moderni py\u00f6r\u00e4teline runkolukitusmahdollisuudella, mik\u00e4 takaa hyv\u00e4n j\u00e4rjestyksen. Tyk\u00e4tty malli ja testivoittaja pohjoismaissa.\" \/>\n<meta name=\"robots\" content=\"noindex, follow, max-snippet:-1, max-image-preview:large, max-video-preview:-1\" \/>\n<meta property=\"og:locale\" content=\"fi_FI\" \/>\n<meta property=\"og:type\" content=\"article\" \/>\n<meta property=\"og:title\" content=\"Runkolukitusteline DELTA py\u00f6r\u00e4teline tukee eturengasta - Cyklos | Suomi\" \/>\n<meta property=\"og:description\" content=\"Runkolukitusteline DELTA on moderni py\u00f6r\u00e4teline runkolukitusmahdollisuudella, mik\u00e4 takaa hyv\u00e4n j\u00e4rjestyksen. Tyk\u00e4tty malli ja testivoittaja pohjoismaissa.\" \/>\n<meta property=\"og:url\" content=\"https:\/\/cyklos.stage.tankbar.cloud\/fi\/produkt\/delta-pyorateline-runkolukitusteline\/\" \/>\n<meta property=\"og:site_name\" content=\"Cyklos | Finland\" \/>\n<meta property=\"article:modified_time\" content=\"2024-06-13T10:48:06+00:00\" \/>\n<meta property=\"og:image\" content=\"https:\/\/cyklos.stage.tankbar.cloud\/fi\/wp-content\/uploads\/sites\/8\/2019\/06\/pyorateline-3.jpg\" \/>\n\t<meta property=\"og:image:width\" content=\"1800\" \/>\n\t<meta property=\"og:image:height\" content=\"1200\" \/>\n\t<meta property=\"og:image:type\" content=\"image\/jpeg\" \/>\n<meta name=\"twitter:card\" content=\"summary_large_image\" \/>\n<meta name=\"twitter:label1\" content=\"Arvioitu lukuaika\" \/>\n\t<meta name=\"twitter:data1\" content=\"2 minuuttia\" \/>\n<script type=\"application\/ld+json\" class=\"yoast-schema-graph\">{\"@context\":\"https:\/\/schema.org\",\"@graph\":[{\"@type\":\"WebPage\",\"@id\":\"https:\/\/cyklos.stage.tankbar.cloud\/fi\/produkt\/delta-pyorateline-runkolukitusteline\/\",\"url\":\"https:\/\/cyklos.stage.tankbar.cloud\/fi\/produkt\/delta-pyorateline-runkolukitusteline\/\",\"name\":\"Runkolukitusteline DELTA py\u00f6r\u00e4teline tukee eturengasta - Cyklos | Suomi\",\"isPartOf\":{\"@id\":\"https:\/\/cyklos.stage.tankbar.cloud\/fi\/#website\"},\"primaryImageOfPage\":{\"@id\":\"https:\/\/cyklos.stage.tankbar.cloud\/fi\/produkt\/delta-pyorateline-runkolukitusteline\/#primaryimage\"},\"image\":{\"@id\":\"https:\/\/cyklos.stage.tankbar.cloud\/fi\/produkt\/delta-pyorateline-runkolukitusteline\/#primaryimage\"},\"thumbnailUrl\":\"https:\/\/cyklos.stage.tankbar.cloud\/fi\/wp-content\/uploads\/sites\/8\/2019\/06\/pyorateline-3.jpg\",\"datePublished\":\"2024-01-09T11:15:43+00:00\",\"dateModified\":\"2024-06-13T10:48:06+00:00\",\"description\":\"Runkolukitusteline DELTA on moderni py\u00f6r\u00e4teline runkolukitusmahdollisuudella, mik\u00e4 takaa hyv\u00e4n j\u00e4rjestyksen. Tyk\u00e4tty malli ja testivoittaja pohjoismaissa.\",\"breadcrumb\":{\"@id\":\"https:\/\/cyklos.stage.tankbar.cloud\/fi\/produkt\/delta-pyorateline-runkolukitusteline\/#breadcrumb\"},\"inLanguage\":\"fi\",\"potentialAction\":[{\"@type\":\"ReadAction\",\"target\":[\"https:\/\/cyklos.stage.tankbar.cloud\/fi\/produkt\/delta-pyorateline-runkolukitusteline\/\"]}]},{\"@type\":\"ImageObject\",\"inLanguage\":\"fi\",\"@id\":\"https:\/\/cyklos.stage.tankbar.cloud\/fi\/produkt\/delta-pyorateline-runkolukitusteline\/#primaryimage\",\"url\":\"https:\/\/cyklos.stage.tankbar.cloud\/fi\/wp-content\/uploads\/sites\/8\/2019\/06\/pyorateline-3.jpg\",\"contentUrl\":\"https:\/\/cyklos.stage.tankbar.cloud\/fi\/wp-content\/uploads\/sites\/8\/2019\/06\/pyorateline-3.jpg\",\"width\":1800,\"height\":1200,\"caption\":\"Kaksipuolinen py\u00f6r\u00e4teline runkolukituksella Cyklokselta\"},{\"@type\":\"BreadcrumbList\",\"@id\":\"https:\/\/cyklos.stage.tankbar.cloud\/fi\/produkt\/delta-pyorateline-runkolukitusteline\/#breadcrumb\",\"itemListElement\":[{\"@type\":\"ListItem\",\"position\":1,\"name\":\"Home\",\"item\":\"https:\/\/cyklos.stage.tankbar.cloud\/fi\/\"},{\"@type\":\"ListItem\",\"position\":2,\"name\":\"Tuotteet\",\"item\":\"https:\/\/cyklos.stage.tankbar.cloud\/fi\/shop\/\"},{\"@type\":\"ListItem\",\"position\":3,\"name\":\"Runkolukitusteline DELTA\"}]},{\"@type\":\"WebSite\",\"@id\":\"https:\/\/cyklos.stage.tankbar.cloud\/fi\/#website\",\"url\":\"https:\/\/cyklos.stage.tankbar.cloud\/fi\/\",\"name\":\"Cyklos | Finland\",\"description\":\"Tulevaisuuden liikenne alkaa meilt\u00e4!\",\"potentialAction\":[{\"@type\":\"SearchAction\",\"target\":{\"@type\":\"EntryPoint\",\"urlTemplate\":\"https:\/\/cyklos.stage.tankbar.cloud\/fi\/?s={search_term_string}\"},\"query-input\":{\"@type\":\"PropertyValueSpecification\",\"valueRequired\":true,\"valueName\":\"search_term_string\"}}],\"inLanguage\":\"fi\"}]}<\/script>\n<!-- \/ Yoast SEO plugin. -->","yoast_head_json":{"title":"Runkolukitusteline DELTA py\u00f6r\u00e4teline tukee eturengasta - Cyklos | Suomi","description":"Runkolukitusteline DELTA on moderni py\u00f6r\u00e4teline runkolukitusmahdollisuudella, mik\u00e4 takaa hyv\u00e4n j\u00e4rjestyksen. Tyk\u00e4tty malli ja testivoittaja pohjoismaissa.","robots":{"index":"noindex","follow":"follow","max-snippet":"max-snippet:-1","max-image-preview":"max-image-preview:large","max-video-preview":"max-video-preview:-1"},"og_locale":"fi_FI","og_type":"article","og_title":"Runkolukitusteline DELTA py\u00f6r\u00e4teline tukee eturengasta - Cyklos | Suomi","og_description":"Runkolukitusteline DELTA on moderni py\u00f6r\u00e4teline runkolukitusmahdollisuudella, mik\u00e4 takaa hyv\u00e4n j\u00e4rjestyksen. Tyk\u00e4tty malli ja testivoittaja pohjoismaissa.","og_url":"https:\/\/cyklos.stage.tankbar.cloud\/fi\/produkt\/delta-pyorateline-runkolukitusteline\/","og_site_name":"Cyklos | Finland","article_modified_time":"2024-06-13T10:48:06+00:00","og_image":[{"width":1800,"height":1200,"url":"https:\/\/cyklos.stage.tankbar.cloud\/fi\/wp-content\/uploads\/sites\/8\/2019\/06\/pyorateline-3.jpg","type":"image\/jpeg"}],"twitter_card":"summary_large_image","twitter_misc":{"Arvioitu lukuaika":"2 minuuttia"},"schema":{"@context":"https:\/\/schema.org","@graph":[{"@type":"WebPage","@id":"https:\/\/cyklos.stage.tankbar.cloud\/fi\/produkt\/delta-pyorateline-runkolukitusteline\/","url":"https:\/\/cyklos.stage.tankbar.cloud\/fi\/produkt\/delta-pyorateline-runkolukitusteline\/","name":"Runkolukitusteline DELTA py\u00f6r\u00e4teline tukee eturengasta - Cyklos | Suomi","isPartOf":{"@id":"https:\/\/cyklos.stage.tankbar.cloud\/fi\/#website"},"primaryImageOfPage":{"@id":"https:\/\/cyklos.stage.tankbar.cloud\/fi\/produkt\/delta-pyorateline-runkolukitusteline\/#primaryimage"},"image":{"@id":"https:\/\/cyklos.stage.tankbar.cloud\/fi\/produkt\/delta-pyorateline-runkolukitusteline\/#primaryimage"},"thumbnailUrl":"https:\/\/cyklos.stage.tankbar.cloud\/fi\/wp-content\/uploads\/sites\/8\/2019\/06\/pyorateline-3.jpg","datePublished":"2024-01-09T11:15:43+00:00","dateModified":"2024-06-13T10:48:06+00:00","description":"Runkolukitusteline DELTA on moderni py\u00f6r\u00e4teline runkolukitusmahdollisuudella, mik\u00e4 takaa hyv\u00e4n j\u00e4rjestyksen. Tyk\u00e4tty malli ja testivoittaja pohjoismaissa.","breadcrumb":{"@id":"https:\/\/cyklos.stage.tankbar.cloud\/fi\/produkt\/delta-pyorateline-runkolukitusteline\/#breadcrumb"},"inLanguage":"fi","potentialAction":[{"@type":"ReadAction","target":["https:\/\/cyklos.stage.tankbar.cloud\/fi\/produkt\/delta-pyorateline-runkolukitusteline\/"]}]},{"@type":"ImageObject","inLanguage":"fi","@id":"https:\/\/cyklos.stage.tankbar.cloud\/fi\/produkt\/delta-pyorateline-runkolukitusteline\/#primaryimage","url":"https:\/\/cyklos.stage.tankbar.cloud\/fi\/wp-content\/uploads\/sites\/8\/2019\/06\/pyorateline-3.jpg","contentUrl":"https:\/\/cyklos.stage.tankbar.cloud\/fi\/wp-content\/uploads\/sites\/8\/2019\/06\/pyorateline-3.jpg","width":1800,"height":1200,"caption":"Kaksipuolinen py\u00f6r\u00e4teline runkolukituksella Cyklokselta"},{"@type":"BreadcrumbList","@id":"https:\/\/cyklos.stage.tankbar.cloud\/fi\/produkt\/delta-pyorateline-runkolukitusteline\/#breadcrumb","itemListElement":[{"@type":"ListItem","position":1,"name":"Home","item":"https:\/\/cyklos.stage.tankbar.cloud\/fi\/"},{"@type":"ListItem","position":2,"name":"Tuotteet","item":"https:\/\/cyklos.stage.tankbar.cloud\/fi\/shop\/"},{"@type":"ListItem","position":3,"name":"Runkolukitusteline DELTA"}]},{"@type":"WebSite","@id":"https:\/\/cyklos.stage.tankbar.cloud\/fi\/#website","url":"https:\/\/cyklos.stage.tankbar.cloud\/fi\/","name":"Cyklos | Finland","description":"Tulevaisuuden liikenne alkaa meilt\u00e4!","potentialAction":[{"@type":"SearchAction","target":{"@type":"EntryPoint","urlTemplate":"https:\/\/cyklos.stage.tankbar.cloud\/fi\/?s={search_term_string}"},"query-input":{"@type":"PropertyValueSpecification","valueRequired":true,"valueName":"search_term_string"}}],"inLanguage":"fi"}]}},"_links":{"self":[{"href":"https:\/\/cyklos.stage.tankbar.cloud\/fi\/wp-json\/wp\/v2\/product\/18915","targetHints":{"allow":["GET"]}}],"collection":[{"href":"https:\/\/cyklos.stage.tankbar.cloud\/fi\/wp-json\/wp\/v2\/product"}],"about":[{"href":"https:\/\/cyklos.stage.tankbar.cloud\/fi\/wp-json\/wp\/v2\/types\/product"}],"replies":[{"embeddable":true,"href":"https:\/\/cyklos.stage.tankbar.cloud\/fi\/wp-json\/wp\/v2\/comments?post=18915"}],"wp:featuredmedia":[{"embeddable":true,"href":"https:\/\/cyklos.stage.tankbar.cloud\/fi\/wp-json\/wp\/v2\/media\/25740"}],"wp:attachment":[{"href":"https:\/\/cyklos.stage.tankbar.cloud\/fi\/wp-json\/wp\/v2\/media?parent=18915"}],"wp:term":[{"taxonomy":"product_brand","embeddable":true,"href":"https:\/\/cyklos.stage.tankbar.cloud\/fi\/wp-json\/wp\/v2\/product_brand?post=18915"},{"taxonomy":"product_cat","embeddable":true,"href":"https:\/\/cyklos.stage.tankbar.cloud\/fi\/wp-json\/wp\/v2\/product_cat?post=18915"},{"taxonomy":"product_tag","embeddable":true,"href":"https:\/\/cyklos.stage.tankbar.cloud\/fi\/wp-json\/wp\/v2\/product_tag?post=18915"}],"curies":[{"name":"wp","href":"https:\/\/api.w.org\/{rel}","templated":true}]}}