{"id":18916,"date":"2018-08-09T11:35:43","date_gmt":"2018-08-09T09:35:43","guid":{"rendered":"https:\/\/cyklos.stage.tankbar.cloud\/fi\/produkt\/import-placeholder-for-79\/"},"modified":"2023-10-30T16:15:52","modified_gmt":"2023-10-30T15:15:52","slug":"pyorateline-tavallisille-ja-sahkopyorille-omega","status":"publish","type":"product","link":"https:\/\/cyklos.stage.tankbar.cloud\/fi\/produkt\/pyorateline-tavallisille-ja-sahkopyorille-omega\/","title":{"rendered":"Helppo ja k\u00e4yt\u00e4nn\u00f6llinen py\u00f6r\u00e4teline OMEGA"},"content":{"rendered":"<h3>Turvallinen py\u00f6r\u00e4teline<\/h3>\n<ul>\n<li>Py\u00f6r\u00e4telineess\u00e4 on paikka kahdelle polkupy\u00f6r\u00e4lle, rakenne on vankka ja kest\u00e4v\u00e4.<\/li>\n<li>Lukitus tapahtuu isoon ter\u00e4srenkaaseen, runkolukitus.<\/li>\n<li>Tukeva kumipidike, py\u00f6r\u00e4n asento on vakaa ja saadaan enemm\u00e4n varmuutta s\u00e4ilytt\u00e4miseen.<\/li>\n<li>Molemmat vaihtoehdot antavat eritt\u00e4in hyv\u00e4t runkolukitusmahdollisuudet.<\/li>\n<\/ul>\n<h3>Py\u00f6r\u00e4teline joka luo j\u00e4rjestyst\u00e4<\/h3>\n<ul>\n<li>OMEGA rajoittaa mahdollisuuksia py\u00f6rien v\u00e4\u00e4rinasettamisiin ja takaa n\u00e4in hyv\u00e4n j\u00e4rjestyksen polkupy\u00f6rien s\u00e4ilytysalueella.<\/li>\n<\/ul>\n<h3>Sertifioinnit<\/h3>\n<div id=\"attachment_19218\" style=\"width: 278px\" class=\"wp-caption alignnone\"><img loading=\"lazy\" decoding=\"async\" aria-describedby=\"caption-attachment-19218\" class=\"wp-image-19218 size-full\" src=\"https:\/\/cyklos.stage.tankbar.cloud\/fi\/wp-content\/uploads\/sites\/8\/2018\/08\/pohjoismaissa-valmistettu.png\" alt=\"Tuote on valmistettu pohjoismaissa.\" width=\"268\" height=\"22\" \/><p id=\"caption-attachment-19218\" class=\"wp-caption-text\">Tuote on valmistettu pohjoismaissa.<\/p><\/div>\n<h3><img loading=\"lazy\" decoding=\"async\" class=\"alignnone size-full wp-image-1329\" src=\"https:\/\/www.cyklos.se\/wp-content\/uploads\/sites\/8\/2018\/04\/byggvarubedo\u0308mningen.png\" alt=\"\" width=\"400\" height=\"40\" srcset=\"https:\/\/www.cyklos.se\/wp-content\/uploads\/sites\/8\/2018\/04\/byggvarubedo\u0308mningen.png 400w, https:\/\/www.cyklos.se\/wp-content\/uploads\/sites\/8\/2018\/04\/byggvarubedo\u0308mningen-300x30.png 300w\" sizes=\"auto, (max-width: 400px) 100vw, 400px\" \/><\/h3>\n<h3>Design<\/h3>\n<p>SEJ<\/p>\n","protected":false},"excerpt":{"rendered":"<div class=\"page\" title=\"Page 2\">\n<div class=\"section\">\n<div class=\"layoutArea\">\n<div class=\"column\">\n<p>Helppo ja k\u00e4yt\u00e4nn\u00f6llinen polkupy\u00f6r\u00e4teline, jossa on hyv\u00e4 rungon lukittavuus ja kaksi vaihtoehtoista asennusmahdollisuutta.<\/p>\n<p>Polkupy\u00f6r\u00e4n voi laittaa joko nojaamaan ter\u00e4srenkaaseen tai vaihtoehtoisesti kiinnitt\u00e4\u00e4 renkaassa olevaan kumipidikkeeseen.<br \/>\nMolemmat vaihtoehdot ovat hyvi\u00e4 ja antavat mahdollisuuden lukitukseen samalla kun polkupy\u00f6r\u00e4 saa tarvittavan tuen pysy\u00e4kseen pystyasennossa.<\/p>\n<\/div>\n<\/div>\n<\/div>\n<\/div>\n","protected":false},"featured_media":25310,"comment_status":"closed","ping_status":"closed","template":"","meta":{"_acf_changed":false},"product_brand":[],"product_cat":[283],"product_tag":[],"class_list":{"0":"post-18916","1":"product","2":"type-product","3":"status-publish","4":"has-post-thumbnail","6":"product_cat-pyorateline","7":"pa_forankring-adapter-betongfundament","8":"pa_forankring-sovitin-lyontiankkuri","9":"pa_forankring-nedgjutningsror","10":"pa_materiale-kuumasinkitty","11":"pa_materiale-kuumasinkitty-pulverimaalattu-tilaajan-valitsemalla-savylla-vakiovari-musta-ral-9005","12":"pa_typ-av-omega-300378-cyklos-omega-med-hallare","13":"pa_typ-av-omega-311815-cyklos-omega-utan-hallare","14":"pa_typ-av-omega-313028-cyklos-omega-med-el-utan-hallare","15":"pa_typ-av-omega-313268-cyklos-omega-med-el-med-hallare","17":"first","18":"instock","19":"purchasable","20":"product-type-variable"},"acf":[],"yoast_head":"<!-- This site is optimized with the Yoast SEO plugin v27.2 - https:\/\/yoast.com\/product\/yoast-seo-wordpress\/ -->\n<title>Py\u00f6r\u00e4teline tavallisille py\u00f6rille ja s\u00e4hk\u00f6py\u00f6rille OMEGA - Cyklos | Suomi<\/title>\n<meta name=\"description\" content=\"Vankka ja turvallinen py\u00f6r\u00e4teline s\u00e4hk\u00f6py\u00f6rille ja tavallisille py\u00f6rille hyv\u00e4ll\u00e4 runkolukitusmahdollisuudella. Saatavana kaikissa RAL-s\u00e4vyiss\u00e4.\" \/>\n<meta name=\"robots\" content=\"noindex, follow, max-snippet:-1, max-image-preview:large, max-video-preview:-1\" \/>\n<meta property=\"og:locale\" content=\"fi_FI\" \/>\n<meta property=\"og:type\" content=\"article\" \/>\n<meta property=\"og:title\" content=\"Py\u00f6r\u00e4teline tavallisille py\u00f6rille ja s\u00e4hk\u00f6py\u00f6rille OMEGA - Cyklos | Suomi\" \/>\n<meta property=\"og:description\" content=\"Vankka ja turvallinen py\u00f6r\u00e4teline s\u00e4hk\u00f6py\u00f6rille ja tavallisille py\u00f6rille hyv\u00e4ll\u00e4 runkolukitusmahdollisuudella. Saatavana kaikissa RAL-s\u00e4vyiss\u00e4.\" \/>\n<meta property=\"og:url\" content=\"https:\/\/cyklos.stage.tankbar.cloud\/fi\/produkt\/pyorateline-tavallisille-ja-sahkopyorille-omega\/\" \/>\n<meta property=\"og:site_name\" content=\"Cyklos | Finland\" \/>\n<meta property=\"article:modified_time\" content=\"2023-10-30T15:15:52+00:00\" \/>\n<meta property=\"og:image\" content=\"https:\/\/cyklos.stage.tankbar.cloud\/fi\/wp-content\/uploads\/sites\/8\/2018\/09\/cyklos-pyorateline-runkolukitusteline-omega-renderad-5.jpeg\" \/>\n\t<meta property=\"og:image:width\" content=\"2048\" \/>\n\t<meta property=\"og:image:height\" content=\"1152\" \/>\n\t<meta property=\"og:image:type\" content=\"image\/jpeg\" \/>\n<meta name=\"twitter:card\" content=\"summary_large_image\" \/>\n<meta name=\"twitter:label1\" content=\"Arvioitu lukuaika\" \/>\n\t<meta name=\"twitter:data1\" content=\"1 minuutti\" \/>\n<script type=\"application\/ld+json\" class=\"yoast-schema-graph\">{\"@context\":\"https:\/\/schema.org\",\"@graph\":[{\"@type\":\"WebPage\",\"@id\":\"https:\/\/cyklos.stage.tankbar.cloud\/fi\/produkt\/pyorateline-tavallisille-ja-sahkopyorille-omega\/\",\"url\":\"https:\/\/cyklos.stage.tankbar.cloud\/fi\/produkt\/pyorateline-tavallisille-ja-sahkopyorille-omega\/\",\"name\":\"Py\u00f6r\u00e4teline tavallisille py\u00f6rille ja s\u00e4hk\u00f6py\u00f6rille OMEGA - Cyklos | Suomi\",\"isPartOf\":{\"@id\":\"https:\/\/cyklos.stage.tankbar.cloud\/fi\/#website\"},\"primaryImageOfPage\":{\"@id\":\"https:\/\/cyklos.stage.tankbar.cloud\/fi\/produkt\/pyorateline-tavallisille-ja-sahkopyorille-omega\/#primaryimage\"},\"image\":{\"@id\":\"https:\/\/cyklos.stage.tankbar.cloud\/fi\/produkt\/pyorateline-tavallisille-ja-sahkopyorille-omega\/#primaryimage\"},\"thumbnailUrl\":\"https:\/\/cyklos.stage.tankbar.cloud\/fi\/wp-content\/uploads\/sites\/8\/2018\/09\/cyklos-pyorateline-runkolukitusteline-omega-renderad-5.jpeg\",\"datePublished\":\"2018-08-09T09:35:43+00:00\",\"dateModified\":\"2023-10-30T15:15:52+00:00\",\"description\":\"Vankka ja turvallinen py\u00f6r\u00e4teline s\u00e4hk\u00f6py\u00f6rille ja tavallisille py\u00f6rille hyv\u00e4ll\u00e4 runkolukitusmahdollisuudella. Saatavana kaikissa RAL-s\u00e4vyiss\u00e4.\",\"breadcrumb\":{\"@id\":\"https:\/\/cyklos.stage.tankbar.cloud\/fi\/produkt\/pyorateline-tavallisille-ja-sahkopyorille-omega\/#breadcrumb\"},\"inLanguage\":\"fi\",\"potentialAction\":[{\"@type\":\"ReadAction\",\"target\":[\"https:\/\/cyklos.stage.tankbar.cloud\/fi\/produkt\/pyorateline-tavallisille-ja-sahkopyorille-omega\/\"]}]},{\"@type\":\"ImageObject\",\"inLanguage\":\"fi\",\"@id\":\"https:\/\/cyklos.stage.tankbar.cloud\/fi\/produkt\/pyorateline-tavallisille-ja-sahkopyorille-omega\/#primaryimage\",\"url\":\"https:\/\/cyklos.stage.tankbar.cloud\/fi\/wp-content\/uploads\/sites\/8\/2018\/09\/cyklos-pyorateline-runkolukitusteline-omega-renderad-5.jpeg\",\"contentUrl\":\"https:\/\/cyklos.stage.tankbar.cloud\/fi\/wp-content\/uploads\/sites\/8\/2018\/09\/cyklos-pyorateline-runkolukitusteline-omega-renderad-5.jpeg\",\"width\":2048,\"height\":1152,\"caption\":\"Cyklos py\u00f6r\u00e4teline OMEGA pidikkeell\u00e4 ja mustalla v\u00e4rityksell\u00e4\"},{\"@type\":\"BreadcrumbList\",\"@id\":\"https:\/\/cyklos.stage.tankbar.cloud\/fi\/produkt\/pyorateline-tavallisille-ja-sahkopyorille-omega\/#breadcrumb\",\"itemListElement\":[{\"@type\":\"ListItem\",\"position\":1,\"name\":\"Home\",\"item\":\"https:\/\/cyklos.stage.tankbar.cloud\/fi\/\"},{\"@type\":\"ListItem\",\"position\":2,\"name\":\"Tuotteet\",\"item\":\"https:\/\/cyklos.stage.tankbar.cloud\/fi\/shop\/\"},{\"@type\":\"ListItem\",\"position\":3,\"name\":\"Helppo ja k\u00e4yt\u00e4nn\u00f6llinen py\u00f6r\u00e4teline OMEGA\"}]},{\"@type\":\"WebSite\",\"@id\":\"https:\/\/cyklos.stage.tankbar.cloud\/fi\/#website\",\"url\":\"https:\/\/cyklos.stage.tankbar.cloud\/fi\/\",\"name\":\"Cyklos | Finland\",\"description\":\"Tulevaisuuden liikenne alkaa meilt\u00e4!\",\"potentialAction\":[{\"@type\":\"SearchAction\",\"target\":{\"@type\":\"EntryPoint\",\"urlTemplate\":\"https:\/\/cyklos.stage.tankbar.cloud\/fi\/?s={search_term_string}\"},\"query-input\":{\"@type\":\"PropertyValueSpecification\",\"valueRequired\":true,\"valueName\":\"search_term_string\"}}],\"inLanguage\":\"fi\"}]}<\/script>\n<!-- \/ Yoast SEO plugin. -->","yoast_head_json":{"title":"Py\u00f6r\u00e4teline tavallisille py\u00f6rille ja s\u00e4hk\u00f6py\u00f6rille OMEGA - Cyklos | Suomi","description":"Vankka ja turvallinen py\u00f6r\u00e4teline s\u00e4hk\u00f6py\u00f6rille ja tavallisille py\u00f6rille hyv\u00e4ll\u00e4 runkolukitusmahdollisuudella. Saatavana kaikissa RAL-s\u00e4vyiss\u00e4.","robots":{"index":"noindex","follow":"follow","max-snippet":"max-snippet:-1","max-image-preview":"max-image-preview:large","max-video-preview":"max-video-preview:-1"},"og_locale":"fi_FI","og_type":"article","og_title":"Py\u00f6r\u00e4teline tavallisille py\u00f6rille ja s\u00e4hk\u00f6py\u00f6rille OMEGA - Cyklos | Suomi","og_description":"Vankka ja turvallinen py\u00f6r\u00e4teline s\u00e4hk\u00f6py\u00f6rille ja tavallisille py\u00f6rille hyv\u00e4ll\u00e4 runkolukitusmahdollisuudella. Saatavana kaikissa RAL-s\u00e4vyiss\u00e4.","og_url":"https:\/\/cyklos.stage.tankbar.cloud\/fi\/produkt\/pyorateline-tavallisille-ja-sahkopyorille-omega\/","og_site_name":"Cyklos | Finland","article_modified_time":"2023-10-30T15:15:52+00:00","og_image":[{"width":2048,"height":1152,"url":"https:\/\/cyklos.stage.tankbar.cloud\/fi\/wp-content\/uploads\/sites\/8\/2018\/09\/cyklos-pyorateline-runkolukitusteline-omega-renderad-5.jpeg","type":"image\/jpeg"}],"twitter_card":"summary_large_image","twitter_misc":{"Arvioitu lukuaika":"1 minuutti"},"schema":{"@context":"https:\/\/schema.org","@graph":[{"@type":"WebPage","@id":"https:\/\/cyklos.stage.tankbar.cloud\/fi\/produkt\/pyorateline-tavallisille-ja-sahkopyorille-omega\/","url":"https:\/\/cyklos.stage.tankbar.cloud\/fi\/produkt\/pyorateline-tavallisille-ja-sahkopyorille-omega\/","name":"Py\u00f6r\u00e4teline tavallisille py\u00f6rille ja s\u00e4hk\u00f6py\u00f6rille OMEGA - Cyklos | Suomi","isPartOf":{"@id":"https:\/\/cyklos.stage.tankbar.cloud\/fi\/#website"},"primaryImageOfPage":{"@id":"https:\/\/cyklos.stage.tankbar.cloud\/fi\/produkt\/pyorateline-tavallisille-ja-sahkopyorille-omega\/#primaryimage"},"image":{"@id":"https:\/\/cyklos.stage.tankbar.cloud\/fi\/produkt\/pyorateline-tavallisille-ja-sahkopyorille-omega\/#primaryimage"},"thumbnailUrl":"https:\/\/cyklos.stage.tankbar.cloud\/fi\/wp-content\/uploads\/sites\/8\/2018\/09\/cyklos-pyorateline-runkolukitusteline-omega-renderad-5.jpeg","datePublished":"2018-08-09T09:35:43+00:00","dateModified":"2023-10-30T15:15:52+00:00","description":"Vankka ja turvallinen py\u00f6r\u00e4teline s\u00e4hk\u00f6py\u00f6rille ja tavallisille py\u00f6rille hyv\u00e4ll\u00e4 runkolukitusmahdollisuudella. Saatavana kaikissa RAL-s\u00e4vyiss\u00e4.","breadcrumb":{"@id":"https:\/\/cyklos.stage.tankbar.cloud\/fi\/produkt\/pyorateline-tavallisille-ja-sahkopyorille-omega\/#breadcrumb"},"inLanguage":"fi","potentialAction":[{"@type":"ReadAction","target":["https:\/\/cyklos.stage.tankbar.cloud\/fi\/produkt\/pyorateline-tavallisille-ja-sahkopyorille-omega\/"]}]},{"@type":"ImageObject","inLanguage":"fi","@id":"https:\/\/cyklos.stage.tankbar.cloud\/fi\/produkt\/pyorateline-tavallisille-ja-sahkopyorille-omega\/#primaryimage","url":"https:\/\/cyklos.stage.tankbar.cloud\/fi\/wp-content\/uploads\/sites\/8\/2018\/09\/cyklos-pyorateline-runkolukitusteline-omega-renderad-5.jpeg","contentUrl":"https:\/\/cyklos.stage.tankbar.cloud\/fi\/wp-content\/uploads\/sites\/8\/2018\/09\/cyklos-pyorateline-runkolukitusteline-omega-renderad-5.jpeg","width":2048,"height":1152,"caption":"Cyklos py\u00f6r\u00e4teline OMEGA pidikkeell\u00e4 ja mustalla v\u00e4rityksell\u00e4"},{"@type":"BreadcrumbList","@id":"https:\/\/cyklos.stage.tankbar.cloud\/fi\/produkt\/pyorateline-tavallisille-ja-sahkopyorille-omega\/#breadcrumb","itemListElement":[{"@type":"ListItem","position":1,"name":"Home","item":"https:\/\/cyklos.stage.tankbar.cloud\/fi\/"},{"@type":"ListItem","position":2,"name":"Tuotteet","item":"https:\/\/cyklos.stage.tankbar.cloud\/fi\/shop\/"},{"@type":"ListItem","position":3,"name":"Helppo ja k\u00e4yt\u00e4nn\u00f6llinen py\u00f6r\u00e4teline OMEGA"}]},{"@type":"WebSite","@id":"https:\/\/cyklos.stage.tankbar.cloud\/fi\/#website","url":"https:\/\/cyklos.stage.tankbar.cloud\/fi\/","name":"Cyklos | Finland","description":"Tulevaisuuden liikenne alkaa meilt\u00e4!","potentialAction":[{"@type":"SearchAction","target":{"@type":"EntryPoint","urlTemplate":"https:\/\/cyklos.stage.tankbar.cloud\/fi\/?s={search_term_string}"},"query-input":{"@type":"PropertyValueSpecification","valueRequired":true,"valueName":"search_term_string"}}],"inLanguage":"fi"}]}},"_links":{"self":[{"href":"https:\/\/cyklos.stage.tankbar.cloud\/fi\/wp-json\/wp\/v2\/product\/18916","targetHints":{"allow":["GET"]}}],"collection":[{"href":"https:\/\/cyklos.stage.tankbar.cloud\/fi\/wp-json\/wp\/v2\/product"}],"about":[{"href":"https:\/\/cyklos.stage.tankbar.cloud\/fi\/wp-json\/wp\/v2\/types\/product"}],"replies":[{"embeddable":true,"href":"https:\/\/cyklos.stage.tankbar.cloud\/fi\/wp-json\/wp\/v2\/comments?post=18916"}],"wp:featuredmedia":[{"embeddable":true,"href":"https:\/\/cyklos.stage.tankbar.cloud\/fi\/wp-json\/wp\/v2\/media\/25310"}],"wp:attachment":[{"href":"https:\/\/cyklos.stage.tankbar.cloud\/fi\/wp-json\/wp\/v2\/media?parent=18916"}],"wp:term":[{"taxonomy":"product_brand","embeddable":true,"href":"https:\/\/cyklos.stage.tankbar.cloud\/fi\/wp-json\/wp\/v2\/product_brand?post=18916"},{"taxonomy":"product_cat","embeddable":true,"href":"https:\/\/cyklos.stage.tankbar.cloud\/fi\/wp-json\/wp\/v2\/product_cat?post=18916"},{"taxonomy":"product_tag","embeddable":true,"href":"https:\/\/cyklos.stage.tankbar.cloud\/fi\/wp-json\/wp\/v2\/product_tag?post=18916"}],"curies":[{"name":"wp","href":"https:\/\/api.w.org\/{rel}","templated":true}]}}