{"id":18917,"date":"2018-08-09T12:09:44","date_gmt":"2018-08-09T10:09:44","guid":{"rendered":"https:\/\/cyklos.stage.tankbar.cloud\/fi\/produkt\/import-placeholder-for-80\/"},"modified":"2024-01-11T11:41:53","modified_gmt":"2024-01-11T10:41:53","slug":"pyoraaitaus-delta-luo-jarjestysta-kaupunkiin","status":"publish","type":"product","link":"https:\/\/cyklos.stage.tankbar.cloud\/fi\/produkt\/pyoraaitaus-delta-luo-jarjestysta-kaupunkiin\/","title":{"rendered":"Py\u00f6r\u00e4aitaus DELTA luo j\u00e4rjestyst\u00e4 kaupunkiin"},"content":{"rendered":"<div class=\"post-content\">\n<h3><strong><a href=\"https:\/\/cyklos.stage.tankbar.cloud\/fi\/blog\/2018\/02\/23\/delta-pyorateline-perinteista-mallia-parempi\/\">\u201dDELTA telineet perinteist\u00e4 mallia parempi\u201d<\/a><\/strong><\/h3>\n<p>\u201dNiskakadun uudet telineet ovat perinteist\u00e4 eturengastelinett\u00e4 parempia, sill\u00e4 teline tukee rengasta laajemmalta alalta ja antaa kaaren pituuden my\u00f6t\u00e4 mahdollisuuden my\u00f6s runkolukitukseen.\u201d \u2013 Juhana Ven\u00e4l\u00e4inen, puheenjohtaja, py\u00f6r\u00e4ilyj\u00e4rjest\u00f6 Joensuun Polkijat<\/p>\n<\/div>\n<h3>Selke\u00e4 j\u00e4rjestys<\/h3>\n<p>Py\u00f6r\u00e4aitauksen ainutlaatuinen muotoilu ja toimivuus sek\u00e4 merkitty p\u00e4\u00e4ty luovat py\u00f6r\u00e4parkkiin selke\u00e4n ja hyv\u00e4n j\u00e4rjestyksen.<\/p>\n<h3>Joustava &amp; siirrett\u00e4v\u00e4<\/h3>\n<p>K\/k-mitta \u2013 enemm\u00e4n vaihtoehtoja: 500, 600 ja 700 mm. Kokonaismitta ja paikkojen m\u00e4\u00e4r\u00e4 voidaan mukauttaa DELTA-osien avulla. Kolme eri kiinnitysvaihtoehtoa, mukaan lukien siirrett\u00e4v\u00e4 perusta. Valitse RAL-v\u00e4ri selke\u00e4\u00e4n profilointiin tai sopeuttaaksesi aitauksen ymp\u00e4rist\u00f6\u00f6n.<\/p>\n<h3>K\u00e4ytt\u00e4j\u00e4yst\u00e4v\u00e4llinen<\/h3>\n<p>Intuitiivinen ja helppo parkki, jonka kaikki tunnistavat ja jota kaikki osaavat k\u00e4ytt\u00e4\u00e4. Py\u00f6r\u00e4teline on suunniteltu sek\u00e4 runkolukitukseen ett\u00e4 tukevaan pys\u00e4k\u00f6intiin. Katso lis\u00e4tietoa toiminnoista kohdasta py\u00f6r\u00e4teline DELTA.<\/p>\n<h3>Tukeva ja turvallinen<\/h3>\n<p>Suunniteltu ja rakennettu kest\u00e4m\u00e4\u00e4n vaativia ulko-olosuhteita. Py\u00f6r\u00e4ilij\u00e4 lukitsee py\u00f6r\u00e4ns\u00e4 rungosta ja renkaasta kiinni py\u00f6r\u00e4telineen kaareen.<\/p>\n<h3>Lis\u00e4valinta<\/h3>\n<p>P\u00e4\u00e4tyihin oma kuvio<\/p>\n<h3>Design<\/h3>\n<p>SEJ<\/p>\n<h4><\/h4>\n<p><strong>Kysymykset, FAQ<\/strong><\/p>\n<p><strong>Miten DELTA py\u00f6r\u00e4naitaus kiinnitet\u00e4\u00e4n, perustus?<\/strong> -Perustuksen valinta ja kustannus riippuu siit\u00e4, kuinka paljon t\u00f6it\u00e4 ty\u00f6maalla haluaa tehd\u00e4; kustannus joko tuotteella tai ty\u00f6ll\u00e4. Meid\u00e4n valmiit perustuksemme ovat kalliimmat, mutta helpottavat ja nopeuttavat ty\u00f6t\u00e4 merkitt\u00e4v\u00e4sti.<\/p>\n<p>Puuttuuko teid\u00e4n kysymyksenne? &#8211; Ota yhteytt\u00e4 tai tarkista tietopankista.<\/p>\n","protected":false},"excerpt":{"rendered":"<p>Kaupungeista tulee yh\u00e4 tiiviimpi\u00e4. Entist\u00e4 enemm\u00e4n ajoneuvoja ja kulkuv\u00e4lineit\u00e4 ker\u00e4\u00e4ntyy samoille alueille. Lis\u00e4\u00e4ntynyt py\u00f6r\u00e4ily asettaa vaatimuksia uusille py\u00f6r\u00e4parkeille.<\/p>\n<p>DELTA-py\u00f6r\u00e4aitaus on suunniteltu luomaan kaupunkiin j\u00e4rjestyst\u00e4. Merkityt ja rajaavat p\u00e4\u00e4dyt yhdess\u00e4 DELTA-py\u00f6r\u00e4telineen kanssa tekev\u00e4t py\u00f6r\u00e4parkista selke\u00e4n, turvallisen ja intuitiivisen. Py\u00f6r\u00e4aitaus voidaan sijoittaa jalkak\u00e4yt\u00e4v\u00e4n ulkopuolelle, pys\u00e4k\u00f6intialueelle, autokaistojen v\u00e4liin, k\u00e4velykatujen viereen, pys\u00e4keille, areenoille ja muille paikoille, jossa kaivataan merkitty\u00e4 ja j\u00e4rjestyst\u00e4 luovaa py\u00f6r\u00e4parkkia.<\/p>\n<p>Py\u00f6r\u00e4aitaus kuuluu DELTA-j\u00e4rjestelm\u00e4\u00e4n, mik\u00e4 tekee siit\u00e4 joustavan. Sen voi lis\u00e4ksi rakentaa toivottujen kokonaismittojen mukaan ja k\/k-mittojen mukaan olemassa olevien DELTA-osien pohjalta.<br \/>\nP\u00e4\u00e4tykappaleet my\u00f6s omalla muotoilulla\/suunnittelulla.<\/p>\n","protected":false},"featured_media":31168,"comment_status":"closed","ping_status":"closed","template":"","meta":{"_acf_changed":false},"product_brand":[],"product_cat":[283],"product_tag":[],"class_list":{"0":"post-18917","1":"product","2":"type-product","3":"status-publish","4":"has-post-thumbnail","6":"product_cat-pyorateline","7":"pa_forankring-alt-2-nedgjutningsror","8":"pa_forankring-alt-3-betongfundament-slat-yta-ovan-mark","9":"pa_materiale-kuumasinkitty","10":"pa_materiale-kuumasinkitty-kokonaan-pulverimaalattu-tilaajan-valitsemalla-savylla-vakiovari-musta-ral-9005","11":"pa_materiale-kuumasinkitty-puoliksi-pulverimaalattu-tilaajan-valitsemalla-savylla-vakiovari-musta-ral-9005","12":"pa_val-av-sektion-4-platser-c-c-500mm-2m","13":"pa_val-av-sektion-4-platser-c-c-600mm-24m","14":"pa_val-av-sektion-4-platser-c-c-700mm-28m","15":"pa_val-av-sektion-5-platser-c-c-600mm-3m","16":"pa_val-av-sektion-5-platser-c-c-500mm-25m","18":"first","19":"instock","20":"purchasable","21":"product-type-variable"},"acf":[],"yoast_head":"<!-- This site is optimized with the Yoast SEO plugin v27.2 - https:\/\/yoast.com\/product\/yoast-seo-wordpress\/ -->\n<title>Py\u00f6r\u00e4aitaus DELTA - luo j\u00e4rjestyst\u00e4 kaupunkiin - Cyklos | Suomi<\/title>\n<meta name=\"description\" content=\"Py\u00f6r\u00e4aitaus DELTA luo j\u00e4rjestyst\u00e4 kaupunkiin. Tukevat ja n\u00e4ytt\u00e4v\u00e4t p\u00e4\u00e4tykappaleet tekev\u00e4t py\u00f6r\u00e4ilykokemuksesta turvallisen kaupunkiymp\u00e4rist\u00f6ss\u00e4.\" \/>\n<meta name=\"robots\" content=\"noindex, follow, max-snippet:-1, max-image-preview:large, max-video-preview:-1\" \/>\n<meta property=\"og:locale\" content=\"fi_FI\" \/>\n<meta property=\"og:type\" content=\"article\" \/>\n<meta property=\"og:title\" content=\"Py\u00f6r\u00e4aitaus DELTA - luo j\u00e4rjestyst\u00e4 kaupunkiin - Cyklos | Suomi\" \/>\n<meta property=\"og:description\" content=\"Py\u00f6r\u00e4aitaus DELTA luo j\u00e4rjestyst\u00e4 kaupunkiin. Tukevat ja n\u00e4ytt\u00e4v\u00e4t p\u00e4\u00e4tykappaleet tekev\u00e4t py\u00f6r\u00e4ilykokemuksesta turvallisen kaupunkiymp\u00e4rist\u00f6ss\u00e4.\" \/>\n<meta property=\"og:url\" content=\"https:\/\/cyklos.stage.tankbar.cloud\/fi\/produkt\/pyoraaitaus-delta-luo-jarjestysta-kaupunkiin\/\" \/>\n<meta property=\"og:site_name\" content=\"Cyklos | Finland\" \/>\n<meta property=\"article:modified_time\" content=\"2024-01-11T10:41:53+00:00\" \/>\n<meta property=\"og:image\" content=\"https:\/\/cyklos.stage.tankbar.cloud\/fi\/wp-content\/uploads\/sites\/8\/2019\/10\/pyoraaitaus-kadunvarrelle.jpg\" \/>\n\t<meta property=\"og:image:width\" content=\"1800\" \/>\n\t<meta property=\"og:image:height\" content=\"1200\" \/>\n\t<meta property=\"og:image:type\" content=\"image\/jpeg\" \/>\n<meta name=\"twitter:card\" content=\"summary_large_image\" \/>\n<meta name=\"twitter:label1\" content=\"Arvioitu lukuaika\" \/>\n\t<meta name=\"twitter:data1\" content=\"2 minuuttia\" \/>\n<script type=\"application\/ld+json\" class=\"yoast-schema-graph\">{\"@context\":\"https:\/\/schema.org\",\"@graph\":[{\"@type\":\"WebPage\",\"@id\":\"https:\/\/cyklos.stage.tankbar.cloud\/fi\/produkt\/pyoraaitaus-delta-luo-jarjestysta-kaupunkiin\/\",\"url\":\"https:\/\/cyklos.stage.tankbar.cloud\/fi\/produkt\/pyoraaitaus-delta-luo-jarjestysta-kaupunkiin\/\",\"name\":\"Py\u00f6r\u00e4aitaus DELTA - luo j\u00e4rjestyst\u00e4 kaupunkiin - Cyklos | Suomi\",\"isPartOf\":{\"@id\":\"https:\/\/cyklos.stage.tankbar.cloud\/fi\/#website\"},\"primaryImageOfPage\":{\"@id\":\"https:\/\/cyklos.stage.tankbar.cloud\/fi\/produkt\/pyoraaitaus-delta-luo-jarjestysta-kaupunkiin\/#primaryimage\"},\"image\":{\"@id\":\"https:\/\/cyklos.stage.tankbar.cloud\/fi\/produkt\/pyoraaitaus-delta-luo-jarjestysta-kaupunkiin\/#primaryimage\"},\"thumbnailUrl\":\"https:\/\/cyklos.stage.tankbar.cloud\/fi\/wp-content\/uploads\/sites\/8\/2019\/10\/pyoraaitaus-kadunvarrelle.jpg\",\"datePublished\":\"2018-08-09T10:09:44+00:00\",\"dateModified\":\"2024-01-11T10:41:53+00:00\",\"description\":\"Py\u00f6r\u00e4aitaus DELTA luo j\u00e4rjestyst\u00e4 kaupunkiin. Tukevat ja n\u00e4ytt\u00e4v\u00e4t p\u00e4\u00e4tykappaleet tekev\u00e4t py\u00f6r\u00e4ilykokemuksesta turvallisen kaupunkiymp\u00e4rist\u00f6ss\u00e4.\",\"breadcrumb\":{\"@id\":\"https:\/\/cyklos.stage.tankbar.cloud\/fi\/produkt\/pyoraaitaus-delta-luo-jarjestysta-kaupunkiin\/#breadcrumb\"},\"inLanguage\":\"fi\",\"potentialAction\":[{\"@type\":\"ReadAction\",\"target\":[\"https:\/\/cyklos.stage.tankbar.cloud\/fi\/produkt\/pyoraaitaus-delta-luo-jarjestysta-kaupunkiin\/\"]}]},{\"@type\":\"ImageObject\",\"inLanguage\":\"fi\",\"@id\":\"https:\/\/cyklos.stage.tankbar.cloud\/fi\/produkt\/pyoraaitaus-delta-luo-jarjestysta-kaupunkiin\/#primaryimage\",\"url\":\"https:\/\/cyklos.stage.tankbar.cloud\/fi\/wp-content\/uploads\/sites\/8\/2019\/10\/pyoraaitaus-kadunvarrelle.jpg\",\"contentUrl\":\"https:\/\/cyklos.stage.tankbar.cloud\/fi\/wp-content\/uploads\/sites\/8\/2019\/10\/pyoraaitaus-kadunvarrelle.jpg\",\"width\":1800,\"height\":1200,\"caption\":\"Py\u00f6r\u00e4aitaus DELTA suojaa py\u00f6r\u00e4t kaupungissa ja kaduvarsilla.\"},{\"@type\":\"BreadcrumbList\",\"@id\":\"https:\/\/cyklos.stage.tankbar.cloud\/fi\/produkt\/pyoraaitaus-delta-luo-jarjestysta-kaupunkiin\/#breadcrumb\",\"itemListElement\":[{\"@type\":\"ListItem\",\"position\":1,\"name\":\"Home\",\"item\":\"https:\/\/cyklos.stage.tankbar.cloud\/fi\/\"},{\"@type\":\"ListItem\",\"position\":2,\"name\":\"Tuotteet\",\"item\":\"https:\/\/cyklos.stage.tankbar.cloud\/fi\/shop\/\"},{\"@type\":\"ListItem\",\"position\":3,\"name\":\"Py\u00f6r\u00e4aitaus DELTA luo j\u00e4rjestyst\u00e4 kaupunkiin\"}]},{\"@type\":\"WebSite\",\"@id\":\"https:\/\/cyklos.stage.tankbar.cloud\/fi\/#website\",\"url\":\"https:\/\/cyklos.stage.tankbar.cloud\/fi\/\",\"name\":\"Cyklos | Finland\",\"description\":\"Tulevaisuuden liikenne alkaa meilt\u00e4!\",\"potentialAction\":[{\"@type\":\"SearchAction\",\"target\":{\"@type\":\"EntryPoint\",\"urlTemplate\":\"https:\/\/cyklos.stage.tankbar.cloud\/fi\/?s={search_term_string}\"},\"query-input\":{\"@type\":\"PropertyValueSpecification\",\"valueRequired\":true,\"valueName\":\"search_term_string\"}}],\"inLanguage\":\"fi\"}]}<\/script>\n<!-- \/ Yoast SEO plugin. -->","yoast_head_json":{"title":"Py\u00f6r\u00e4aitaus DELTA - luo j\u00e4rjestyst\u00e4 kaupunkiin - Cyklos | Suomi","description":"Py\u00f6r\u00e4aitaus DELTA luo j\u00e4rjestyst\u00e4 kaupunkiin. Tukevat ja n\u00e4ytt\u00e4v\u00e4t p\u00e4\u00e4tykappaleet tekev\u00e4t py\u00f6r\u00e4ilykokemuksesta turvallisen kaupunkiymp\u00e4rist\u00f6ss\u00e4.","robots":{"index":"noindex","follow":"follow","max-snippet":"max-snippet:-1","max-image-preview":"max-image-preview:large","max-video-preview":"max-video-preview:-1"},"og_locale":"fi_FI","og_type":"article","og_title":"Py\u00f6r\u00e4aitaus DELTA - luo j\u00e4rjestyst\u00e4 kaupunkiin - Cyklos | Suomi","og_description":"Py\u00f6r\u00e4aitaus DELTA luo j\u00e4rjestyst\u00e4 kaupunkiin. Tukevat ja n\u00e4ytt\u00e4v\u00e4t p\u00e4\u00e4tykappaleet tekev\u00e4t py\u00f6r\u00e4ilykokemuksesta turvallisen kaupunkiymp\u00e4rist\u00f6ss\u00e4.","og_url":"https:\/\/cyklos.stage.tankbar.cloud\/fi\/produkt\/pyoraaitaus-delta-luo-jarjestysta-kaupunkiin\/","og_site_name":"Cyklos | Finland","article_modified_time":"2024-01-11T10:41:53+00:00","og_image":[{"width":1800,"height":1200,"url":"https:\/\/cyklos.stage.tankbar.cloud\/fi\/wp-content\/uploads\/sites\/8\/2019\/10\/pyoraaitaus-kadunvarrelle.jpg","type":"image\/jpeg"}],"twitter_card":"summary_large_image","twitter_misc":{"Arvioitu lukuaika":"2 minuuttia"},"schema":{"@context":"https:\/\/schema.org","@graph":[{"@type":"WebPage","@id":"https:\/\/cyklos.stage.tankbar.cloud\/fi\/produkt\/pyoraaitaus-delta-luo-jarjestysta-kaupunkiin\/","url":"https:\/\/cyklos.stage.tankbar.cloud\/fi\/produkt\/pyoraaitaus-delta-luo-jarjestysta-kaupunkiin\/","name":"Py\u00f6r\u00e4aitaus DELTA - luo j\u00e4rjestyst\u00e4 kaupunkiin - Cyklos | Suomi","isPartOf":{"@id":"https:\/\/cyklos.stage.tankbar.cloud\/fi\/#website"},"primaryImageOfPage":{"@id":"https:\/\/cyklos.stage.tankbar.cloud\/fi\/produkt\/pyoraaitaus-delta-luo-jarjestysta-kaupunkiin\/#primaryimage"},"image":{"@id":"https:\/\/cyklos.stage.tankbar.cloud\/fi\/produkt\/pyoraaitaus-delta-luo-jarjestysta-kaupunkiin\/#primaryimage"},"thumbnailUrl":"https:\/\/cyklos.stage.tankbar.cloud\/fi\/wp-content\/uploads\/sites\/8\/2019\/10\/pyoraaitaus-kadunvarrelle.jpg","datePublished":"2018-08-09T10:09:44+00:00","dateModified":"2024-01-11T10:41:53+00:00","description":"Py\u00f6r\u00e4aitaus DELTA luo j\u00e4rjestyst\u00e4 kaupunkiin. Tukevat ja n\u00e4ytt\u00e4v\u00e4t p\u00e4\u00e4tykappaleet tekev\u00e4t py\u00f6r\u00e4ilykokemuksesta turvallisen kaupunkiymp\u00e4rist\u00f6ss\u00e4.","breadcrumb":{"@id":"https:\/\/cyklos.stage.tankbar.cloud\/fi\/produkt\/pyoraaitaus-delta-luo-jarjestysta-kaupunkiin\/#breadcrumb"},"inLanguage":"fi","potentialAction":[{"@type":"ReadAction","target":["https:\/\/cyklos.stage.tankbar.cloud\/fi\/produkt\/pyoraaitaus-delta-luo-jarjestysta-kaupunkiin\/"]}]},{"@type":"ImageObject","inLanguage":"fi","@id":"https:\/\/cyklos.stage.tankbar.cloud\/fi\/produkt\/pyoraaitaus-delta-luo-jarjestysta-kaupunkiin\/#primaryimage","url":"https:\/\/cyklos.stage.tankbar.cloud\/fi\/wp-content\/uploads\/sites\/8\/2019\/10\/pyoraaitaus-kadunvarrelle.jpg","contentUrl":"https:\/\/cyklos.stage.tankbar.cloud\/fi\/wp-content\/uploads\/sites\/8\/2019\/10\/pyoraaitaus-kadunvarrelle.jpg","width":1800,"height":1200,"caption":"Py\u00f6r\u00e4aitaus DELTA suojaa py\u00f6r\u00e4t kaupungissa ja kaduvarsilla."},{"@type":"BreadcrumbList","@id":"https:\/\/cyklos.stage.tankbar.cloud\/fi\/produkt\/pyoraaitaus-delta-luo-jarjestysta-kaupunkiin\/#breadcrumb","itemListElement":[{"@type":"ListItem","position":1,"name":"Home","item":"https:\/\/cyklos.stage.tankbar.cloud\/fi\/"},{"@type":"ListItem","position":2,"name":"Tuotteet","item":"https:\/\/cyklos.stage.tankbar.cloud\/fi\/shop\/"},{"@type":"ListItem","position":3,"name":"Py\u00f6r\u00e4aitaus DELTA luo j\u00e4rjestyst\u00e4 kaupunkiin"}]},{"@type":"WebSite","@id":"https:\/\/cyklos.stage.tankbar.cloud\/fi\/#website","url":"https:\/\/cyklos.stage.tankbar.cloud\/fi\/","name":"Cyklos | Finland","description":"Tulevaisuuden liikenne alkaa meilt\u00e4!","potentialAction":[{"@type":"SearchAction","target":{"@type":"EntryPoint","urlTemplate":"https:\/\/cyklos.stage.tankbar.cloud\/fi\/?s={search_term_string}"},"query-input":{"@type":"PropertyValueSpecification","valueRequired":true,"valueName":"search_term_string"}}],"inLanguage":"fi"}]}},"_links":{"self":[{"href":"https:\/\/cyklos.stage.tankbar.cloud\/fi\/wp-json\/wp\/v2\/product\/18917","targetHints":{"allow":["GET"]}}],"collection":[{"href":"https:\/\/cyklos.stage.tankbar.cloud\/fi\/wp-json\/wp\/v2\/product"}],"about":[{"href":"https:\/\/cyklos.stage.tankbar.cloud\/fi\/wp-json\/wp\/v2\/types\/product"}],"replies":[{"embeddable":true,"href":"https:\/\/cyklos.stage.tankbar.cloud\/fi\/wp-json\/wp\/v2\/comments?post=18917"}],"wp:featuredmedia":[{"embeddable":true,"href":"https:\/\/cyklos.stage.tankbar.cloud\/fi\/wp-json\/wp\/v2\/media\/31168"}],"wp:attachment":[{"href":"https:\/\/cyklos.stage.tankbar.cloud\/fi\/wp-json\/wp\/v2\/media?parent=18917"}],"wp:term":[{"taxonomy":"product_brand","embeddable":true,"href":"https:\/\/cyklos.stage.tankbar.cloud\/fi\/wp-json\/wp\/v2\/product_brand?post=18917"},{"taxonomy":"product_cat","embeddable":true,"href":"https:\/\/cyklos.stage.tankbar.cloud\/fi\/wp-json\/wp\/v2\/product_cat?post=18917"},{"taxonomy":"product_tag","embeddable":true,"href":"https:\/\/cyklos.stage.tankbar.cloud\/fi\/wp-json\/wp\/v2\/product_tag?post=18917"}],"curies":[{"name":"wp","href":"https:\/\/api.w.org\/{rel}","templated":true}]}}