{"id":18918,"date":"2021-08-09T12:00:44","date_gmt":"2021-08-09T10:00:44","guid":{"rendered":"https:\/\/cyklos.stage.tankbar.cloud\/fi\/produkt\/import-placeholder-for-81\/"},"modified":"2023-10-30T16:09:59","modified_gmt":"2023-10-30T15:09:59","slug":"pyoratalli-flow-turvallinen-ja-alykas-pyoransailytystila","status":"publish","type":"product","link":"https:\/\/cyklos.stage.tankbar.cloud\/fi\/produkt\/pyoratalli-flow-turvallinen-ja-alykas-pyoransailytystila\/","title":{"rendered":"Py\u00f6r\u00e4talli FLOW &#8211; turvallinen ja \u00e4lyk\u00e4s py\u00f6r\u00e4n s\u00e4ilytystila"},"content":{"rendered":"<h3>Muotoilu<\/h3>\n<p>Py\u00f6r\u00e4talli, jossa on py\u00f6re\u00e4t kulmat ja lasisein\u00e4t \u2013 nykyaikaista muotoilua, jossa on mukana klassisia piirteit\u00e4. L\u00e4pin\u00e4kyv\u00e4 rakenne suurine lasiosineen sek\u00e4 LED-valot sis\u00e4ll\u00e4 ja ulkona antavat valoisan ja ilmavan ilmeen sek\u00e4 vahvistavat turvallisuudentunnetta. Rakennus parantaa py\u00f6r\u00e4ilyel\u00e4myst\u00e4 laadukkaalla ilmeell\u00e4 ja materiaalivalinnoilla.<br \/>\nPy\u00f6r\u00e4talli neliskulmaisena, katso tuotetta LINK, sama turvallisuus ja avoimuus. Py\u00f6r\u00e4tallin ja py\u00f6r\u00e4hallin yhdistelm\u00e4.<\/p>\n<h3>Toiminta<\/h3>\n<p>Rakenteessa ei ole sis\u00e4tolppia, mik\u00e4 parantaa k\u00e4ytt\u00f6mukavuutta ja k\u00e4ytt\u00e4j\u00e4yst\u00e4v\u00e4llisyytt\u00e4, ei turhia esteit\u00e4 sek\u00e4 avoin tila. K\u00e4tev\u00e4t liukuovet avautuvat automaattisesti kun py\u00f6r\u00e4 talutetaan sis\u00e4\u00e4n. LED-valaistus sis\u00e4\u00e4nrakennettuna (vakiona) katossa tekee tilasta huonemaisen ja parantaa el\u00e4myst\u00e4. Sein\u00e4t ovat kest\u00e4v\u00e4\u00e4 ja helposti puhdistettavaa turvalasia. Py\u00f6r\u00e4tallin ominaisuuksissa on otettu huomioon my\u00f6s tulevaisuuden py\u00f6r\u00e4ily, mm. s\u00e4hk\u00f6py\u00f6r\u00e4t ja tavarapy\u00f6r\u00e4t.<\/p>\n<h3>Mahdollisuudet<\/h3>\n<p>Katosvaihtoehtona voidaan yhdist\u00e4\u00e4 musta PK-muovi ja aurinkokennot. Mahdollisia my\u00f6s savunv\u00e4rinen PK-muovi tai viherkattovalmius (maksaruohokatos). Sis\u00e4katto (valinnainen) vahvistaa huonemaista tunnetta ja laadukasta rakennelmaa.<\/p>\n<p>Suositellaan k\u00e4ytett\u00e4v\u00e4ksi <a href=\"http:\/\/www.cyklos.fi\/produkt\/katokset\/fi\/produkt\/pyoratelineet\/pyorateline-delta\/\">DELTA-py\u00f6r\u00e4telineen<\/a>\u00a0tai <a href=\"https:\/\/cyklos.stage.tankbar.cloud\/fi\/produkt\/kaksikerroksinen-pyorateline-optima\/\">OPTIMA-kaksikerrostelineen<\/a> kanssa, mutta voidaan luonnollisesti yhdist\u00e4\u00e4 my\u00f6s muihin py\u00f6r\u00e4telineisiimme ja pollareihimme. Sis\u00e4\u00e4np\u00e4\u00e4sy matkakortilla tai Thinktrains-ratkaisun kautta. Valitse my\u00f6s CARGO py\u00f6r\u00e4teline tavara- ja laatikkopy\u00f6rille, oma runkolukitusteline juuri niille.<\/p>\n<h3>Design<\/h3>\n<p>Cyklos<\/p>\n<h3>Sertifikaatit<\/h3>\n<p>Py\u00f6r\u00e4katos FLOW noudattaa EU:n-rakennustuoteasetuksia.<br \/>\nKatokset ja tallit ovat CE-merkittyj\u00e4 EN 1090-1:2009 A1:2011 mukaan.<\/p>\n<p><img loading=\"lazy\" decoding=\"async\" class=\"alignnone wp-image-1318\" src=\"http:\/\/cyklos.stage.tankbar.cloud\/wp-content\/uploads\/2018\/06\/EN-1090-157x300.jpg\" alt=\"\" width=\"76\" height=\"145\" srcset=\"https:\/\/cyklos.stage.tankbar.cloud\/fi\/wp-content\/uploads\/sites\/8\/2018\/06\/EN-1090-157x300.jpg 157w, https:\/\/cyklos.stage.tankbar.cloud\/fi\/wp-content\/uploads\/sites\/8\/2018\/06\/EN-1090.jpg 526w\" sizes=\"auto, (max-width: 76px) 100vw, 76px\" \/>\u00a0<img loading=\"lazy\" decoding=\"async\" class=\" wp-image-1040\" src=\"http:\/\/cyklos.stage.tankbar.cloud\/wp-content\/uploads\/2018\/06\/ce-mark-300x211.jpg\" alt=\"\" width=\"84\" height=\"59\" srcset=\"https:\/\/cyklos.stage.tankbar.cloud\/fi\/wp-content\/uploads\/sites\/8\/2018\/06\/ce-mark-300x211.jpg 300w, https:\/\/cyklos.stage.tankbar.cloud\/fi\/wp-content\/uploads\/sites\/8\/2018\/06\/ce-mark-768x541.jpg 768w, https:\/\/cyklos.stage.tankbar.cloud\/fi\/wp-content\/uploads\/sites\/8\/2018\/06\/ce-mark-1024x722.jpg 1024w, https:\/\/cyklos.stage.tankbar.cloud\/fi\/wp-content\/uploads\/sites\/8\/2018\/06\/ce-mark-600x423.jpg 600w, https:\/\/cyklos.stage.tankbar.cloud\/fi\/wp-content\/uploads\/sites\/8\/2018\/06\/ce-mark.jpg 1192w\" sizes=\"auto, (max-width: 84px) 100vw, 84px\" \/><\/p>\n<p><img loading=\"lazy\" decoding=\"async\" class=\"alignnone size-medium wp-image-1329\" src=\"https:\/\/www.cyklos.se\/wp-content\/uploads\/sites\/8\/2018\/04\/byggvarubedo\u0308mningen-300x30.png\" alt=\"\" width=\"300\" height=\"30\" srcset=\"https:\/\/www.cyklos.se\/wp-content\/uploads\/sites\/8\/2018\/04\/byggvarubedo\u0308mningen-300x30.png 300w, https:\/\/www.cyklos.se\/wp-content\/uploads\/sites\/8\/2018\/04\/byggvarubedo\u0308mningen.png 400w\" sizes=\"auto, (max-width: 300px) 100vw, 300px\" \/><\/p>\n","protected":false},"excerpt":{"rendered":"<p>Cyklos FLOW pyo\u0308ra\u0308talli, klassiset muodot kohtaavat modernin muotoilun. Isot lasirakenteet ja py\u00f6re\u00e4t kulmat vangitsevat katseen ja tarjoavat py\u00f6r\u00e4ilij\u00f6ille nopean pys\u00e4k\u00f6innin ilman sis\u00e4tolppia. FLOW on s\u00e4\u00e4lt\u00e4 suojattu rakennus, jota voidaan pident\u00e4\u00e4 moduuleilla haluttuun kokoon. FLOW on askel eteenp\u00e4in py\u00f6r\u00e4varastosta kohti isompaa py\u00f6r\u00e4ilyel\u00e4myst\u00e4 ja py\u00f6r\u00e4ilyinfraa, joka sopii moneen julkiseen ymp\u00e4rist\u00f6\u00f6n.<\/p>\n<p>K\u00e4ytt\u00e4j\u00e4yst\u00e4v\u00e4lliset automaattiset liukuovet mahdollistavat nopean vaihtoajan.<\/p>\n","protected":false},"featured_media":33524,"comment_status":"closed","ping_status":"closed","template":"","meta":{"_acf_changed":false},"product_brand":[],"product_cat":[260],"product_tag":[],"class_list":{"0":"post-18918","1":"product","2":"type-product","3":"status-publish","4":"has-post-thumbnail","6":"product_cat-pyorakatos","7":"pa_bredd-m-art-nro-423001","8":"pa_bredd-8m-art-nro-424001","9":"pa_forankring-pris-utan-betongfundament-egen-betongplatta-anvands","10":"pa_materiale-kuumasinkitty","11":"pa_materiale-kuumasinkitty-pulverimaalattu-tilaajan-valitsemalla-ral-varilla-vakiovari-musta-ral-9005","12":"pa_materiale-pulverimaalattu-tilaajan-valitsemalla-ral-varilla-vakiovari-musta-ral-9005","14":"first","15":"instock","16":"purchasable","17":"product-type-variable"},"acf":[],"yoast_head":"<!-- This site is optimized with the Yoast SEO plugin v27.2 - https:\/\/yoast.com\/product\/yoast-seo-wordpress\/ -->\n<title>Py\u00f6r\u00e4talli FLOW lasiseinill\u00e4 ja automaattisella ovella - Cyklos | Suomi<\/title>\n<meta name=\"description\" content=\"FLOW py\u00f6r\u00e4talli, jossa klassiset muodot kohtaavat modernin muotoilun julkisilla paikoilla. Nopea ja k\u00e4ytt\u00e4j\u00e4yst\u00e4v\u00e4llinen julkisessa liikenteess\u00e4.\" \/>\n<meta name=\"robots\" content=\"noindex, follow, max-snippet:-1, max-image-preview:large, max-video-preview:-1\" \/>\n<meta property=\"og:locale\" content=\"fi_FI\" \/>\n<meta property=\"og:type\" content=\"article\" \/>\n<meta property=\"og:title\" content=\"Py\u00f6r\u00e4talli FLOW lasiseinill\u00e4 ja automaattisella ovella - Cyklos | Suomi\" \/>\n<meta property=\"og:description\" content=\"FLOW py\u00f6r\u00e4talli, jossa klassiset muodot kohtaavat modernin muotoilun julkisilla paikoilla. Nopea ja k\u00e4ytt\u00e4j\u00e4yst\u00e4v\u00e4llinen julkisessa liikenteess\u00e4.\" \/>\n<meta property=\"og:url\" content=\"https:\/\/cyklos.stage.tankbar.cloud\/fi\/produkt\/pyoratalli-flow-turvallinen-ja-alykas-pyoransailytystila\/\" \/>\n<meta property=\"og:site_name\" content=\"Cyklos | Finland\" \/>\n<meta property=\"article:modified_time\" content=\"2023-10-30T15:09:59+00:00\" \/>\n<meta property=\"og:image\" content=\"https:\/\/cyklos.stage.tankbar.cloud\/fi\/wp-content\/uploads\/sites\/8\/2021\/08\/230612_230613_Cyklos_Vaasa-14.jpg\" \/>\n\t<meta property=\"og:image:width\" content=\"1200\" \/>\n\t<meta property=\"og:image:height\" content=\"977\" \/>\n\t<meta property=\"og:image:type\" content=\"image\/jpeg\" \/>\n<meta name=\"twitter:card\" content=\"summary_large_image\" \/>\n<meta name=\"twitter:label1\" content=\"Arvioitu lukuaika\" \/>\n\t<meta name=\"twitter:data1\" content=\"2 minuuttia\" \/>\n<script type=\"application\/ld+json\" class=\"yoast-schema-graph\">{\"@context\":\"https:\/\/schema.org\",\"@graph\":[{\"@type\":\"WebPage\",\"@id\":\"https:\/\/cyklos.stage.tankbar.cloud\/fi\/produkt\/pyoratalli-flow-turvallinen-ja-alykas-pyoransailytystila\/\",\"url\":\"https:\/\/cyklos.stage.tankbar.cloud\/fi\/produkt\/pyoratalli-flow-turvallinen-ja-alykas-pyoransailytystila\/\",\"name\":\"Py\u00f6r\u00e4talli FLOW lasiseinill\u00e4 ja automaattisella ovella - Cyklos | Suomi\",\"isPartOf\":{\"@id\":\"https:\/\/cyklos.stage.tankbar.cloud\/fi\/#website\"},\"primaryImageOfPage\":{\"@id\":\"https:\/\/cyklos.stage.tankbar.cloud\/fi\/produkt\/pyoratalli-flow-turvallinen-ja-alykas-pyoransailytystila\/#primaryimage\"},\"image\":{\"@id\":\"https:\/\/cyklos.stage.tankbar.cloud\/fi\/produkt\/pyoratalli-flow-turvallinen-ja-alykas-pyoransailytystila\/#primaryimage\"},\"thumbnailUrl\":\"https:\/\/www.cyklos.se\/wp-content\/uploads\/sites\/8\/2021\/08\/230612_230613_Cyklos_Vaasa-14.jpg\",\"datePublished\":\"2021-08-09T10:00:44+00:00\",\"dateModified\":\"2023-10-30T15:09:59+00:00\",\"description\":\"FLOW py\u00f6r\u00e4talli, jossa klassiset muodot kohtaavat modernin muotoilun julkisilla paikoilla. Nopea ja k\u00e4ytt\u00e4j\u00e4yst\u00e4v\u00e4llinen julkisessa liikenteess\u00e4.\",\"breadcrumb\":{\"@id\":\"https:\/\/cyklos.stage.tankbar.cloud\/fi\/produkt\/pyoratalli-flow-turvallinen-ja-alykas-pyoransailytystila\/#breadcrumb\"},\"inLanguage\":\"fi\",\"potentialAction\":[{\"@type\":\"ReadAction\",\"target\":[\"https:\/\/cyklos.stage.tankbar.cloud\/fi\/produkt\/pyoratalli-flow-turvallinen-ja-alykas-pyoransailytystila\/\"]}]},{\"@type\":\"ImageObject\",\"inLanguage\":\"fi\",\"@id\":\"https:\/\/cyklos.stage.tankbar.cloud\/fi\/produkt\/pyoratalli-flow-turvallinen-ja-alykas-pyoransailytystila\/#primaryimage\",\"url\":\"https:\/\/www.cyklos.se\/wp-content\/uploads\/sites\/8\/2021\/08\/230612_230613_Cyklos_Vaasa-14.jpg\",\"contentUrl\":\"https:\/\/www.cyklos.se\/wp-content\/uploads\/sites\/8\/2021\/08\/230612_230613_Cyklos_Vaasa-14.jpg\",\"width\":1200,\"height\":977},{\"@type\":\"BreadcrumbList\",\"@id\":\"https:\/\/cyklos.stage.tankbar.cloud\/fi\/produkt\/pyoratalli-flow-turvallinen-ja-alykas-pyoransailytystila\/#breadcrumb\",\"itemListElement\":[{\"@type\":\"ListItem\",\"position\":1,\"name\":\"Home\",\"item\":\"https:\/\/cyklos.stage.tankbar.cloud\/fi\/\"},{\"@type\":\"ListItem\",\"position\":2,\"name\":\"Tuotteet\",\"item\":\"https:\/\/cyklos.stage.tankbar.cloud\/fi\/shop\/\"},{\"@type\":\"ListItem\",\"position\":3,\"name\":\"Py\u00f6r\u00e4talli FLOW &#8211; turvallinen ja \u00e4lyk\u00e4s py\u00f6r\u00e4n s\u00e4ilytystila\"}]},{\"@type\":\"WebSite\",\"@id\":\"https:\/\/cyklos.stage.tankbar.cloud\/fi\/#website\",\"url\":\"https:\/\/cyklos.stage.tankbar.cloud\/fi\/\",\"name\":\"Cyklos | Finland\",\"description\":\"Tulevaisuuden liikenne alkaa meilt\u00e4!\",\"potentialAction\":[{\"@type\":\"SearchAction\",\"target\":{\"@type\":\"EntryPoint\",\"urlTemplate\":\"https:\/\/cyklos.stage.tankbar.cloud\/fi\/?s={search_term_string}\"},\"query-input\":{\"@type\":\"PropertyValueSpecification\",\"valueRequired\":true,\"valueName\":\"search_term_string\"}}],\"inLanguage\":\"fi\"}]}<\/script>\n<!-- \/ Yoast SEO plugin. -->","yoast_head_json":{"title":"Py\u00f6r\u00e4talli FLOW lasiseinill\u00e4 ja automaattisella ovella - Cyklos | Suomi","description":"FLOW py\u00f6r\u00e4talli, jossa klassiset muodot kohtaavat modernin muotoilun julkisilla paikoilla. Nopea ja k\u00e4ytt\u00e4j\u00e4yst\u00e4v\u00e4llinen julkisessa liikenteess\u00e4.","robots":{"index":"noindex","follow":"follow","max-snippet":"max-snippet:-1","max-image-preview":"max-image-preview:large","max-video-preview":"max-video-preview:-1"},"og_locale":"fi_FI","og_type":"article","og_title":"Py\u00f6r\u00e4talli FLOW lasiseinill\u00e4 ja automaattisella ovella - Cyklos | Suomi","og_description":"FLOW py\u00f6r\u00e4talli, jossa klassiset muodot kohtaavat modernin muotoilun julkisilla paikoilla. Nopea ja k\u00e4ytt\u00e4j\u00e4yst\u00e4v\u00e4llinen julkisessa liikenteess\u00e4.","og_url":"https:\/\/cyklos.stage.tankbar.cloud\/fi\/produkt\/pyoratalli-flow-turvallinen-ja-alykas-pyoransailytystila\/","og_site_name":"Cyklos | Finland","article_modified_time":"2023-10-30T15:09:59+00:00","og_image":[{"width":1200,"height":977,"url":"https:\/\/cyklos.stage.tankbar.cloud\/fi\/wp-content\/uploads\/sites\/8\/2021\/08\/230612_230613_Cyklos_Vaasa-14.jpg","type":"image\/jpeg"}],"twitter_card":"summary_large_image","twitter_misc":{"Arvioitu lukuaika":"2 minuuttia"},"schema":{"@context":"https:\/\/schema.org","@graph":[{"@type":"WebPage","@id":"https:\/\/cyklos.stage.tankbar.cloud\/fi\/produkt\/pyoratalli-flow-turvallinen-ja-alykas-pyoransailytystila\/","url":"https:\/\/cyklos.stage.tankbar.cloud\/fi\/produkt\/pyoratalli-flow-turvallinen-ja-alykas-pyoransailytystila\/","name":"Py\u00f6r\u00e4talli FLOW lasiseinill\u00e4 ja automaattisella ovella - Cyklos | Suomi","isPartOf":{"@id":"https:\/\/cyklos.stage.tankbar.cloud\/fi\/#website"},"primaryImageOfPage":{"@id":"https:\/\/cyklos.stage.tankbar.cloud\/fi\/produkt\/pyoratalli-flow-turvallinen-ja-alykas-pyoransailytystila\/#primaryimage"},"image":{"@id":"https:\/\/cyklos.stage.tankbar.cloud\/fi\/produkt\/pyoratalli-flow-turvallinen-ja-alykas-pyoransailytystila\/#primaryimage"},"thumbnailUrl":"https:\/\/www.cyklos.se\/wp-content\/uploads\/sites\/8\/2021\/08\/230612_230613_Cyklos_Vaasa-14.jpg","datePublished":"2021-08-09T10:00:44+00:00","dateModified":"2023-10-30T15:09:59+00:00","description":"FLOW py\u00f6r\u00e4talli, jossa klassiset muodot kohtaavat modernin muotoilun julkisilla paikoilla. Nopea ja k\u00e4ytt\u00e4j\u00e4yst\u00e4v\u00e4llinen julkisessa liikenteess\u00e4.","breadcrumb":{"@id":"https:\/\/cyklos.stage.tankbar.cloud\/fi\/produkt\/pyoratalli-flow-turvallinen-ja-alykas-pyoransailytystila\/#breadcrumb"},"inLanguage":"fi","potentialAction":[{"@type":"ReadAction","target":["https:\/\/cyklos.stage.tankbar.cloud\/fi\/produkt\/pyoratalli-flow-turvallinen-ja-alykas-pyoransailytystila\/"]}]},{"@type":"ImageObject","inLanguage":"fi","@id":"https:\/\/cyklos.stage.tankbar.cloud\/fi\/produkt\/pyoratalli-flow-turvallinen-ja-alykas-pyoransailytystila\/#primaryimage","url":"https:\/\/www.cyklos.se\/wp-content\/uploads\/sites\/8\/2021\/08\/230612_230613_Cyklos_Vaasa-14.jpg","contentUrl":"https:\/\/www.cyklos.se\/wp-content\/uploads\/sites\/8\/2021\/08\/230612_230613_Cyklos_Vaasa-14.jpg","width":1200,"height":977},{"@type":"BreadcrumbList","@id":"https:\/\/cyklos.stage.tankbar.cloud\/fi\/produkt\/pyoratalli-flow-turvallinen-ja-alykas-pyoransailytystila\/#breadcrumb","itemListElement":[{"@type":"ListItem","position":1,"name":"Home","item":"https:\/\/cyklos.stage.tankbar.cloud\/fi\/"},{"@type":"ListItem","position":2,"name":"Tuotteet","item":"https:\/\/cyklos.stage.tankbar.cloud\/fi\/shop\/"},{"@type":"ListItem","position":3,"name":"Py\u00f6r\u00e4talli FLOW &#8211; turvallinen ja \u00e4lyk\u00e4s py\u00f6r\u00e4n s\u00e4ilytystila"}]},{"@type":"WebSite","@id":"https:\/\/cyklos.stage.tankbar.cloud\/fi\/#website","url":"https:\/\/cyklos.stage.tankbar.cloud\/fi\/","name":"Cyklos | Finland","description":"Tulevaisuuden liikenne alkaa meilt\u00e4!","potentialAction":[{"@type":"SearchAction","target":{"@type":"EntryPoint","urlTemplate":"https:\/\/cyklos.stage.tankbar.cloud\/fi\/?s={search_term_string}"},"query-input":{"@type":"PropertyValueSpecification","valueRequired":true,"valueName":"search_term_string"}}],"inLanguage":"fi"}]}},"_links":{"self":[{"href":"https:\/\/cyklos.stage.tankbar.cloud\/fi\/wp-json\/wp\/v2\/product\/18918","targetHints":{"allow":["GET"]}}],"collection":[{"href":"https:\/\/cyklos.stage.tankbar.cloud\/fi\/wp-json\/wp\/v2\/product"}],"about":[{"href":"https:\/\/cyklos.stage.tankbar.cloud\/fi\/wp-json\/wp\/v2\/types\/product"}],"replies":[{"embeddable":true,"href":"https:\/\/cyklos.stage.tankbar.cloud\/fi\/wp-json\/wp\/v2\/comments?post=18918"}],"wp:featuredmedia":[{"embeddable":true,"href":"https:\/\/cyklos.stage.tankbar.cloud\/fi\/wp-json\/wp\/v2\/media\/33524"}],"wp:attachment":[{"href":"https:\/\/cyklos.stage.tankbar.cloud\/fi\/wp-json\/wp\/v2\/media?parent=18918"}],"wp:term":[{"taxonomy":"product_brand","embeddable":true,"href":"https:\/\/cyklos.stage.tankbar.cloud\/fi\/wp-json\/wp\/v2\/product_brand?post=18918"},{"taxonomy":"product_cat","embeddable":true,"href":"https:\/\/cyklos.stage.tankbar.cloud\/fi\/wp-json\/wp\/v2\/product_cat?post=18918"},{"taxonomy":"product_tag","embeddable":true,"href":"https:\/\/cyklos.stage.tankbar.cloud\/fi\/wp-json\/wp\/v2\/product_tag?post=18918"}],"curies":[{"name":"wp","href":"https:\/\/api.w.org\/{rel}","templated":true}]}}