{"id":18919,"date":"2018-08-09T10:31:44","date_gmt":"2018-08-09T08:31:44","guid":{"rendered":"https:\/\/cyklos.stage.tankbar.cloud\/fi\/produkt\/import-placeholder-for-82\/"},"modified":"2023-10-30T16:23:53","modified_gmt":"2023-10-30T15:23:53","slug":"julkinen-huoltopiste-grand","status":"publish","type":"product","link":"https:\/\/cyklos.stage.tankbar.cloud\/fi\/produkt\/julkinen-huoltopiste-grand\/","title":{"rendered":"Huoltopiste GRAND"},"content":{"rendered":"<div class=\"page\" title=\"Page 2\">\n<div class=\"section\">\n<div class=\"layoutArea\">\n<div class=\"column\">\n<h3><strong>Toiminnot<\/strong><\/h3>\n<p>Tehokas pesu vesiletkulla, aktivoidaan nappia painamalla.<br \/>\nVesipiste on suojattu pakkaselta ja saasteelta.<br \/>\nAutomaattinen py\u00f6r\u00e4npumppu, monik\u00e4ytt\u00f6inen suukappale, joka sopii tavallisille venttiilityypeille.<br \/>\nMonik\u00e4ytt\u00f6ty\u00f6kalu sek\u00e4 15mm kiintoavain yksinkertaisia huoltoja varten.<\/p>\n<\/div>\n<h3>Mahdollisuudet<\/h3>\n<p><span style=\"font-size: 16px;\">Kaksi eri vaihtoehtoa, yksi- tai kaksipuolisena, riippuen kohteesta ja py\u00f6r\u00e4ilij\u00f6iden m\u00e4\u00e4r\u00e4st\u00e4. Pumppuun lis\u00e4tt\u00e4viss\u00e4 ilmanpainemittari.<\/span><\/p>\n<\/div>\n<\/div>\n<\/div>\n<h3>Design<\/h3>\n<p>J Landerholm &amp; P Lund<\/p>\n<p>&nbsp;<\/p>\n","protected":false},"excerpt":{"rendered":"<p>Hyv\u00e4 mahdollisuus julkiseen py\u00f6r\u00e4huoltoon on n\u00e4ytt\u00e4nyt kannustavan py\u00f6r\u00e4liikennett\u00e4 \u2013 Huoltopiste GRAND antaa mahdollisuuden py\u00f6r\u00e4n tai pallon pumppaukseen, pesuun, huoltoon ja vesipullon t\u00e4ytt\u00f6\u00f6n.<\/p>\n<p>Toiminnallisuus sek\u00e4 muotoilu tekev\u00e4t siit\u00e4 mieluisan, turvallisen ja helppok\u00e4ytt\u00f6isen py\u00f6r\u00e4ilij\u00e4lle ja se edesauttaa py\u00f6r\u00e4nk\u00e4ytt\u00f6\u00e4 osana matkaketjua.<\/p>\n","protected":false},"featured_media":25410,"comment_status":"closed","ping_status":"closed","template":"","meta":{"_acf_changed":false},"product_brand":[],"product_cat":[249],"product_tag":[],"class_list":{"0":"post-18919","1":"product","2":"type-product","3":"status-publish","4":"has-post-thumbnail","6":"product_cat-julkiset-pyoranpumput-latauskaapit","7":"pa_bredd-450045-cyklos-grand-bredd-3600mm-enkelsidig","8":"pa_bredd-inte-tillgangligt450046-cyklos-grand-bredd-2400mm-dubbelsidig","9":"pa_bredd-450059-cyklos-grand-bredd-900mm-dubbelsidig","10":"pa_forankring-alt-1-nedgjutning","11":"pa_ytbehandling-zinkfosfaterat-pulverlackerat-svart-ral-9005-standard-2","13":"first","14":"instock","15":"purchasable","16":"product-type-variable"},"acf":[],"yoast_head":"<!-- This site is optimized with the Yoast SEO plugin v27.2 - https:\/\/yoast.com\/product\/yoast-seo-wordpress\/ -->\n<title>Huoltopiste GRAND<\/title>\n<meta name=\"description\" content=\"Py\u00f6r\u00e4nhuoltopiste GRAND nostaa py\u00f6r\u00e4nhuollon tasoa julkisessa ymp\u00e4rist\u00f6ss\u00e4. Mahdollisuus pumpata ilmaa, huoltaa, pest\u00e4 sek\u00e4 t\u00e4ytt\u00e4\u00e4 vesipulloa.\" \/>\n<meta name=\"robots\" content=\"noindex, follow, max-snippet:-1, max-image-preview:large, max-video-preview:-1\" \/>\n<meta property=\"og:locale\" content=\"fi_FI\" \/>\n<meta property=\"og:type\" content=\"article\" \/>\n<meta property=\"og:title\" content=\"Huoltopiste GRAND\" \/>\n<meta property=\"og:description\" content=\"Py\u00f6r\u00e4nhuoltopiste GRAND nostaa py\u00f6r\u00e4nhuollon tasoa julkisessa ymp\u00e4rist\u00f6ss\u00e4. Mahdollisuus pumpata ilmaa, huoltaa, pest\u00e4 sek\u00e4 t\u00e4ytt\u00e4\u00e4 vesipulloa.\" \/>\n<meta property=\"og:url\" content=\"https:\/\/cyklos.stage.tankbar.cloud\/fi\/produkt\/julkinen-huoltopiste-grand\/\" \/>\n<meta property=\"og:site_name\" content=\"Cyklos | Finland\" \/>\n<meta property=\"article:modified_time\" content=\"2023-10-30T15:23:53+00:00\" \/>\n<meta property=\"og:image\" content=\"https:\/\/cyklos.stage.tankbar.cloud\/fi\/wp-content\/uploads\/sites\/8\/2018\/10\/pyoranhuoltopiste-grand-kategoria.jpg\" \/>\n\t<meta property=\"og:image:width\" content=\"1801\" \/>\n\t<meta property=\"og:image:height\" content=\"1200\" \/>\n\t<meta property=\"og:image:type\" content=\"image\/jpeg\" \/>\n<meta name=\"twitter:card\" content=\"summary_large_image\" \/>\n<meta name=\"twitter:label1\" content=\"Arvioitu lukuaika\" \/>\n\t<meta name=\"twitter:data1\" content=\"1 minuutti\" \/>\n<script type=\"application\/ld+json\" class=\"yoast-schema-graph\">{\"@context\":\"https:\/\/schema.org\",\"@graph\":[{\"@type\":\"WebPage\",\"@id\":\"https:\/\/cyklos.stage.tankbar.cloud\/fi\/produkt\/julkinen-huoltopiste-grand\/\",\"url\":\"https:\/\/cyklos.stage.tankbar.cloud\/fi\/produkt\/julkinen-huoltopiste-grand\/\",\"name\":\"Huoltopiste GRAND\",\"isPartOf\":{\"@id\":\"https:\/\/cyklos.stage.tankbar.cloud\/fi\/#website\"},\"primaryImageOfPage\":{\"@id\":\"https:\/\/cyklos.stage.tankbar.cloud\/fi\/produkt\/julkinen-huoltopiste-grand\/#primaryimage\"},\"image\":{\"@id\":\"https:\/\/cyklos.stage.tankbar.cloud\/fi\/produkt\/julkinen-huoltopiste-grand\/#primaryimage\"},\"thumbnailUrl\":\"https:\/\/cyklos.stage.tankbar.cloud\/fi\/wp-content\/uploads\/sites\/8\/2018\/10\/pyoranhuoltopiste-grand-kategoria.jpg\",\"datePublished\":\"2018-08-09T08:31:44+00:00\",\"dateModified\":\"2023-10-30T15:23:53+00:00\",\"description\":\"Py\u00f6r\u00e4nhuoltopiste GRAND nostaa py\u00f6r\u00e4nhuollon tasoa julkisessa ymp\u00e4rist\u00f6ss\u00e4. Mahdollisuus pumpata ilmaa, huoltaa, pest\u00e4 sek\u00e4 t\u00e4ytt\u00e4\u00e4 vesipulloa.\",\"breadcrumb\":{\"@id\":\"https:\/\/cyklos.stage.tankbar.cloud\/fi\/produkt\/julkinen-huoltopiste-grand\/#breadcrumb\"},\"inLanguage\":\"fi\",\"potentialAction\":[{\"@type\":\"ReadAction\",\"target\":[\"https:\/\/cyklos.stage.tankbar.cloud\/fi\/produkt\/julkinen-huoltopiste-grand\/\"]}]},{\"@type\":\"ImageObject\",\"inLanguage\":\"fi\",\"@id\":\"https:\/\/cyklos.stage.tankbar.cloud\/fi\/produkt\/julkinen-huoltopiste-grand\/#primaryimage\",\"url\":\"https:\/\/cyklos.stage.tankbar.cloud\/fi\/wp-content\/uploads\/sites\/8\/2018\/10\/pyoranhuoltopiste-grand-kategoria.jpg\",\"contentUrl\":\"https:\/\/cyklos.stage.tankbar.cloud\/fi\/wp-content\/uploads\/sites\/8\/2018\/10\/pyoranhuoltopiste-grand-kategoria.jpg\",\"width\":1801,\"height\":1200,\"caption\":\"jullkinen py\u00f6r\u00e4nhuoltopiste\"},{\"@type\":\"BreadcrumbList\",\"@id\":\"https:\/\/cyklos.stage.tankbar.cloud\/fi\/produkt\/julkinen-huoltopiste-grand\/#breadcrumb\",\"itemListElement\":[{\"@type\":\"ListItem\",\"position\":1,\"name\":\"Home\",\"item\":\"https:\/\/cyklos.stage.tankbar.cloud\/fi\/\"},{\"@type\":\"ListItem\",\"position\":2,\"name\":\"Tuotteet\",\"item\":\"https:\/\/cyklos.stage.tankbar.cloud\/fi\/shop\/\"},{\"@type\":\"ListItem\",\"position\":3,\"name\":\"Huoltopiste GRAND\"}]},{\"@type\":\"WebSite\",\"@id\":\"https:\/\/cyklos.stage.tankbar.cloud\/fi\/#website\",\"url\":\"https:\/\/cyklos.stage.tankbar.cloud\/fi\/\",\"name\":\"Cyklos | Finland\",\"description\":\"Tulevaisuuden liikenne alkaa meilt\u00e4!\",\"potentialAction\":[{\"@type\":\"SearchAction\",\"target\":{\"@type\":\"EntryPoint\",\"urlTemplate\":\"https:\/\/cyklos.stage.tankbar.cloud\/fi\/?s={search_term_string}\"},\"query-input\":{\"@type\":\"PropertyValueSpecification\",\"valueRequired\":true,\"valueName\":\"search_term_string\"}}],\"inLanguage\":\"fi\"}]}<\/script>\n<!-- \/ Yoast SEO plugin. -->","yoast_head_json":{"title":"Huoltopiste GRAND","description":"Py\u00f6r\u00e4nhuoltopiste GRAND nostaa py\u00f6r\u00e4nhuollon tasoa julkisessa ymp\u00e4rist\u00f6ss\u00e4. Mahdollisuus pumpata ilmaa, huoltaa, pest\u00e4 sek\u00e4 t\u00e4ytt\u00e4\u00e4 vesipulloa.","robots":{"index":"noindex","follow":"follow","max-snippet":"max-snippet:-1","max-image-preview":"max-image-preview:large","max-video-preview":"max-video-preview:-1"},"og_locale":"fi_FI","og_type":"article","og_title":"Huoltopiste GRAND","og_description":"Py\u00f6r\u00e4nhuoltopiste GRAND nostaa py\u00f6r\u00e4nhuollon tasoa julkisessa ymp\u00e4rist\u00f6ss\u00e4. Mahdollisuus pumpata ilmaa, huoltaa, pest\u00e4 sek\u00e4 t\u00e4ytt\u00e4\u00e4 vesipulloa.","og_url":"https:\/\/cyklos.stage.tankbar.cloud\/fi\/produkt\/julkinen-huoltopiste-grand\/","og_site_name":"Cyklos | Finland","article_modified_time":"2023-10-30T15:23:53+00:00","og_image":[{"width":1801,"height":1200,"url":"https:\/\/cyklos.stage.tankbar.cloud\/fi\/wp-content\/uploads\/sites\/8\/2018\/10\/pyoranhuoltopiste-grand-kategoria.jpg","type":"image\/jpeg"}],"twitter_card":"summary_large_image","twitter_misc":{"Arvioitu lukuaika":"1 minuutti"},"schema":{"@context":"https:\/\/schema.org","@graph":[{"@type":"WebPage","@id":"https:\/\/cyklos.stage.tankbar.cloud\/fi\/produkt\/julkinen-huoltopiste-grand\/","url":"https:\/\/cyklos.stage.tankbar.cloud\/fi\/produkt\/julkinen-huoltopiste-grand\/","name":"Huoltopiste GRAND","isPartOf":{"@id":"https:\/\/cyklos.stage.tankbar.cloud\/fi\/#website"},"primaryImageOfPage":{"@id":"https:\/\/cyklos.stage.tankbar.cloud\/fi\/produkt\/julkinen-huoltopiste-grand\/#primaryimage"},"image":{"@id":"https:\/\/cyklos.stage.tankbar.cloud\/fi\/produkt\/julkinen-huoltopiste-grand\/#primaryimage"},"thumbnailUrl":"https:\/\/cyklos.stage.tankbar.cloud\/fi\/wp-content\/uploads\/sites\/8\/2018\/10\/pyoranhuoltopiste-grand-kategoria.jpg","datePublished":"2018-08-09T08:31:44+00:00","dateModified":"2023-10-30T15:23:53+00:00","description":"Py\u00f6r\u00e4nhuoltopiste GRAND nostaa py\u00f6r\u00e4nhuollon tasoa julkisessa ymp\u00e4rist\u00f6ss\u00e4. Mahdollisuus pumpata ilmaa, huoltaa, pest\u00e4 sek\u00e4 t\u00e4ytt\u00e4\u00e4 vesipulloa.","breadcrumb":{"@id":"https:\/\/cyklos.stage.tankbar.cloud\/fi\/produkt\/julkinen-huoltopiste-grand\/#breadcrumb"},"inLanguage":"fi","potentialAction":[{"@type":"ReadAction","target":["https:\/\/cyklos.stage.tankbar.cloud\/fi\/produkt\/julkinen-huoltopiste-grand\/"]}]},{"@type":"ImageObject","inLanguage":"fi","@id":"https:\/\/cyklos.stage.tankbar.cloud\/fi\/produkt\/julkinen-huoltopiste-grand\/#primaryimage","url":"https:\/\/cyklos.stage.tankbar.cloud\/fi\/wp-content\/uploads\/sites\/8\/2018\/10\/pyoranhuoltopiste-grand-kategoria.jpg","contentUrl":"https:\/\/cyklos.stage.tankbar.cloud\/fi\/wp-content\/uploads\/sites\/8\/2018\/10\/pyoranhuoltopiste-grand-kategoria.jpg","width":1801,"height":1200,"caption":"jullkinen py\u00f6r\u00e4nhuoltopiste"},{"@type":"BreadcrumbList","@id":"https:\/\/cyklos.stage.tankbar.cloud\/fi\/produkt\/julkinen-huoltopiste-grand\/#breadcrumb","itemListElement":[{"@type":"ListItem","position":1,"name":"Home","item":"https:\/\/cyklos.stage.tankbar.cloud\/fi\/"},{"@type":"ListItem","position":2,"name":"Tuotteet","item":"https:\/\/cyklos.stage.tankbar.cloud\/fi\/shop\/"},{"@type":"ListItem","position":3,"name":"Huoltopiste GRAND"}]},{"@type":"WebSite","@id":"https:\/\/cyklos.stage.tankbar.cloud\/fi\/#website","url":"https:\/\/cyklos.stage.tankbar.cloud\/fi\/","name":"Cyklos | Finland","description":"Tulevaisuuden liikenne alkaa meilt\u00e4!","potentialAction":[{"@type":"SearchAction","target":{"@type":"EntryPoint","urlTemplate":"https:\/\/cyklos.stage.tankbar.cloud\/fi\/?s={search_term_string}"},"query-input":{"@type":"PropertyValueSpecification","valueRequired":true,"valueName":"search_term_string"}}],"inLanguage":"fi"}]}},"_links":{"self":[{"href":"https:\/\/cyklos.stage.tankbar.cloud\/fi\/wp-json\/wp\/v2\/product\/18919","targetHints":{"allow":["GET"]}}],"collection":[{"href":"https:\/\/cyklos.stage.tankbar.cloud\/fi\/wp-json\/wp\/v2\/product"}],"about":[{"href":"https:\/\/cyklos.stage.tankbar.cloud\/fi\/wp-json\/wp\/v2\/types\/product"}],"replies":[{"embeddable":true,"href":"https:\/\/cyklos.stage.tankbar.cloud\/fi\/wp-json\/wp\/v2\/comments?post=18919"}],"wp:featuredmedia":[{"embeddable":true,"href":"https:\/\/cyklos.stage.tankbar.cloud\/fi\/wp-json\/wp\/v2\/media\/25410"}],"wp:attachment":[{"href":"https:\/\/cyklos.stage.tankbar.cloud\/fi\/wp-json\/wp\/v2\/media?parent=18919"}],"wp:term":[{"taxonomy":"product_brand","embeddable":true,"href":"https:\/\/cyklos.stage.tankbar.cloud\/fi\/wp-json\/wp\/v2\/product_brand?post=18919"},{"taxonomy":"product_cat","embeddable":true,"href":"https:\/\/cyklos.stage.tankbar.cloud\/fi\/wp-json\/wp\/v2\/product_cat?post=18919"},{"taxonomy":"product_tag","embeddable":true,"href":"https:\/\/cyklos.stage.tankbar.cloud\/fi\/wp-json\/wp\/v2\/product_tag?post=18919"}],"curies":[{"name":"wp","href":"https:\/\/api.w.org\/{rel}","templated":true}]}}