{"id":18922,"date":"2018-08-09T10:59:45","date_gmt":"2018-08-09T08:59:45","guid":{"rendered":"https:\/\/cyklos.stage.tankbar.cloud\/fi\/produkt\/import-placeholder-for-85\/"},"modified":"2023-10-30T16:10:50","modified_gmt":"2023-10-30T15:10:50","slug":"link-pyoratalli","status":"publish","type":"product","link":"https:\/\/cyklos.stage.tankbar.cloud\/fi\/produkt\/link-pyoratalli\/","title":{"rendered":"LINK Py\u00f6r\u00e4talli lasiseinill\u00e4 ja automaattisella ovella"},"content":{"rendered":"<h3>Muotoilu ja toiminta<\/h3>\n<p>\u2013 Avoin ja l\u00e4pin\u00e4kyv\u00e4 muotoilu lasiseinill\u00e4, kest\u00e4v\u00e4\u00e4 sek\u00e4 helppohoitoista turvalasia.<br \/>\n\u2013 LED-valaistus sis\u00e4puolella, vahvistaa turvallisuuden tunnetta.<br \/>\n\u2013 Rakenteessa ei ole sis\u00e4tolppaa, parantaa k\u00e4ytt\u00f6mukavuutta ja k\u00e4ytt\u00e4j\u00e4yst\u00e4v\u00e4llisyytt\u00e4 sek\u00e4 huomioi esteett\u00f6myyden ja tavarapy\u00f6r\u00e4t.<br \/>\n\u2013 Automaattinen liukuovi.<br \/>\n\u2013 S\u00e4\u00e4tiivis rakennelma.<br \/>\n\u2013 Py\u00f6r\u00e4tallin ja Py\u00f6r\u00e4hallin yhdistelm\u00e4.<\/p>\n<h3>Mahdollisuudet<\/h3>\n<p>\u2013 Katosmateriaalina polykarbonaattia (PK) tai esivalmistettu viherkattoa (maksaruohokatos) varten.<br \/>\n\u2013 Sis\u00e4katos LED-valaistuksella lis\u00e4varusteena.<br \/>\n\u2013 Voidaan yhdist\u00e4\u00e4 aurinkokennolaitteistoon, musta polykarbonaattikatos.<br \/>\n\u2013 Suosittelemme Cykloksen py\u00f6r\u00e4telinett\u00e4\u00a0<a href=\"http:\/\/www.cyklos.fi\/produkt\/pyoratelineet\/pyorateline-delta\/\">DELTA<\/a> jota on my\u00f6s saatavana my\u00f6s s\u00e4hk\u00f6pistokkeilla s\u00e4hk\u00f6avusteisille polkupy\u00f6rille. Meid\u00e4n muut telineemme voidaan my\u00f6s yhdist\u00e4\u00e4 LINK malliin.<br \/>\n\u2013 Sis\u00e4\u00e4np\u00e4\u00e4sy esimerkiksi matkustuskortilla jossa on RFID-tunniste, my\u00f6s muita mahdollisuuksia.<br \/>\n\u2013 Py\u00f6r\u00e4tallin sis\u00e4korkeus (2,8m) on mukautettu kaksikerroksisille py\u00f6r\u00e4telineille.<br \/>\n\u2013 S\u00e4hk\u00f6pistokkeet s\u00e4hk\u00f6py\u00f6rille.<\/p>\n<h3>Sertifikaatit<\/h3>\n<p>Py\u00f6r\u00e4katos LINK noudattaa EU:n-rakennustuoteasetuksia.<br \/>\nKatokset ja tallit ovat CE-merkittyj\u00e4 EN 1090-1:2009 A1:2011 mukaan.<br \/>\nLINK on saanut hyv\u00e4ksymisen \u201dByggvarubed\u00f6mningen\u00ae\u201d kautta = ymp\u00e4rist\u00f6sertifikaatti rakennustarvikkeille, kest\u00e4v\u00e4\u00e4n ja pitk\u00e4aikaiseen rakentamiseen.<\/p>\n<p><img loading=\"lazy\" decoding=\"async\" class=\"alignnone wp-image-1318\" src=\"https:\/\/cyklos.stage.tankbar.cloud\/wp-content\/uploads\/2018\/06\/EN-1090-157x300.jpg\" alt=\"\" width=\"76\" height=\"145\" srcset=\"https:\/\/cyklos.stage.tankbar.cloud\/fi\/wp-content\/uploads\/sites\/8\/2018\/06\/EN-1090-157x300.jpg 157w, https:\/\/cyklos.stage.tankbar.cloud\/fi\/wp-content\/uploads\/sites\/8\/2018\/06\/EN-1090.jpg 526w\" sizes=\"auto, (max-width: 76px) 100vw, 76px\" \/>\u00a0<img loading=\"lazy\" decoding=\"async\" class=\" wp-image-1040\" src=\"https:\/\/cyklos.stage.tankbar.cloud\/wp-content\/uploads\/2018\/06\/ce-mark-300x211.jpg\" alt=\"\" width=\"84\" height=\"59\" srcset=\"https:\/\/cyklos.stage.tankbar.cloud\/fi\/wp-content\/uploads\/sites\/8\/2018\/06\/ce-mark-300x211.jpg 300w, https:\/\/cyklos.stage.tankbar.cloud\/fi\/wp-content\/uploads\/sites\/8\/2018\/06\/ce-mark-768x541.jpg 768w, https:\/\/cyklos.stage.tankbar.cloud\/fi\/wp-content\/uploads\/sites\/8\/2018\/06\/ce-mark-1024x722.jpg 1024w, https:\/\/cyklos.stage.tankbar.cloud\/fi\/wp-content\/uploads\/sites\/8\/2018\/06\/ce-mark-600x423.jpg 600w, https:\/\/cyklos.stage.tankbar.cloud\/fi\/wp-content\/uploads\/sites\/8\/2018\/06\/ce-mark.jpg 1192w\" sizes=\"auto, (max-width: 84px) 100vw, 84px\" \/><img loading=\"lazy\" decoding=\"async\" class=\"alignnone size-medium wp-image-1329\" src=\"https:\/\/www.cyklos.se\/wp-content\/uploads\/sites\/8\/2018\/04\/byggvarubedo\u0308mningen-300x30.png\" alt=\"\" width=\"300\" height=\"30\" srcset=\"https:\/\/www.cyklos.se\/wp-content\/uploads\/sites\/8\/2018\/04\/byggvarubedo\u0308mningen-300x30.png 300w, https:\/\/www.cyklos.se\/wp-content\/uploads\/sites\/8\/2018\/04\/byggvarubedo\u0308mningen.png 400w\" sizes=\"auto, (max-width: 300px) 100vw, 300px\" \/><\/p>\n<h3>Design<\/h3>\n<p>Cyklos<\/p>\n","protected":false},"excerpt":{"rendered":"<p>LINK py\u00f6r\u00e4talli houkuttelee valitsemaan polkupy\u00f6r\u00e4n ennen muita kulkuneuvoja. Rakennus erottuu suoralla, hienolla ja selke\u00e4ll\u00e4 muotoilullaan. Sis\u00e4tilan LED-valaistus, isot lasisein\u00e4t, sek\u00e4 selke\u00e4 kattoprofiili opastavat polkupy\u00f6r\u00e4ilij\u00f6it\u00e4 ja markkinoivat py\u00f6r\u00e4pys\u00e4k\u00f6inti\u00e4 julkisilla paikoilla riippumatta LINK py\u00f6r\u00e4tallin asennuskohteesta. Ilmava sek\u00e4 avoin sis\u00e4tila ilman sis\u00e4tolppia antaa paljon liikkumistilaa sek\u00e4 parantaa k\u00e4ytt\u00e4j\u00e4yst\u00e4v\u00e4llisyytt\u00e4.<\/p>\n<p>Yhdist\u00e4m\u00e4ll\u00e4 LINK py\u00f6r\u00e4talliin runkolukitusteline (esim. <a href=\"http:\/\/cyklos.stage.tankbar.cloud\/produkt\/cykelstall\/delta-cykelstall\/\">DELTA<\/a> tai <a href=\"https:\/\/cyklos.stage.tankbar.cloud\/fi\/produkt\/kaksikerroksinen-pyorateline-optima\/\">2-kerrosteline OPTIMA<\/a>) saadaan turvallinen ja nopea py\u00f6r\u00e4s\u00e4ilytystila. Kuvat sek\u00e4 (ylempi) tuotevideo LINK py\u00f6r\u00e4tallista on syksylt\u00e4 2019, Eskilstunasta, 6,3m x 10,0m talli ja 96 pp OPTIMA 2-kerrosteline paikkaa. Toinen tuotevideo on Kristianstadista, LINK 8,0m x 12,0m ja 100pp OPTIMA 2-kerrosteline paikkaa, tallissa my\u00f6s latauskaapisto sek\u00e4 py\u00f6r\u00e4huoltopiste. Lue lis\u00e4\u00e4 Hankkeet sivuilla.<\/p>\n<p>&nbsp;<\/p>\n","protected":false},"featured_media":31226,"comment_status":"closed","ping_status":"closed","template":"","meta":{"_acf_changed":false},"product_brand":[],"product_cat":[260],"product_tag":[],"class_list":{"0":"post-18922","1":"product","2":"type-product","3":"status-publish","4":"has-post-thumbnail","6":"product_cat-pyorakatos","7":"pa_bredd-6m-art-nr-421701","8":"pa_bredd-8m-art-nr-421702","9":"pa_forankring-pris-utan-betongfundament-egen-betongplatta-anvands","10":"pa_materiale-kuumasinkitty","11":"pa_materiale-kuumasinkitty-pulverimaalattu-tilaajan-valitsemalla-ral-varilla-vakiovari-musta-ral-9005","12":"pa_materiale-pulverimaalattu-tilaajan-valitsemalla-ral-varilla-vakiovari-musta-ral-9005","14":"first","15":"instock","16":"purchasable","17":"product-type-variable"},"acf":[],"yoast_head":"<!-- This site is optimized with the Yoast SEO plugin v27.2 - https:\/\/yoast.com\/product\/yoast-seo-wordpress\/ -->\n<title>Py\u00f6r\u00e4talli lasiseinill\u00e4 ja automaattisella ovella - Cyklos | Suomi<\/title>\n<meta name=\"description\" content=\"LINK py\u00f6r\u00e4talli houkuttelee valitsemaan polkupy\u00f6r\u00e4n ennen muita kulkuneuvoja. Rakennus erottuu suoralla, hienolla ja selke\u00e4ll\u00e4 muotoilullaan.\" \/>\n<meta name=\"robots\" content=\"noindex, follow, max-snippet:-1, max-image-preview:large, max-video-preview:-1\" \/>\n<meta property=\"og:locale\" content=\"fi_FI\" \/>\n<meta property=\"og:type\" content=\"article\" \/>\n<meta property=\"og:title\" content=\"Py\u00f6r\u00e4talli lasiseinill\u00e4 ja automaattisella ovella - Cyklos | Suomi\" \/>\n<meta property=\"og:description\" content=\"LINK py\u00f6r\u00e4talli houkuttelee valitsemaan polkupy\u00f6r\u00e4n ennen muita kulkuneuvoja. Rakennus erottuu suoralla, hienolla ja selke\u00e4ll\u00e4 muotoilullaan.\" \/>\n<meta property=\"og:url\" content=\"https:\/\/cyklos.stage.tankbar.cloud\/fi\/produkt\/link-pyoratalli\/\" \/>\n<meta property=\"og:site_name\" content=\"Cyklos | Finland\" \/>\n<meta property=\"article:modified_time\" content=\"2023-10-30T15:10:50+00:00\" \/>\n<meta property=\"og:image\" content=\"https:\/\/cyklos.stage.tankbar.cloud\/fi\/wp-content\/uploads\/sites\/8\/2018\/08\/pyoratalli-2.jpg\" \/>\n\t<meta property=\"og:image:width\" content=\"1800\" \/>\n\t<meta property=\"og:image:height\" content=\"1200\" \/>\n\t<meta property=\"og:image:type\" content=\"image\/jpeg\" \/>\n<meta name=\"twitter:card\" content=\"summary_large_image\" \/>\n<meta name=\"twitter:label1\" content=\"Arvioitu lukuaika\" \/>\n\t<meta name=\"twitter:data1\" content=\"2 minuuttia\" \/>\n<script type=\"application\/ld+json\" class=\"yoast-schema-graph\">{\"@context\":\"https:\/\/schema.org\",\"@graph\":[{\"@type\":\"WebPage\",\"@id\":\"https:\/\/cyklos.stage.tankbar.cloud\/fi\/produkt\/link-pyoratalli\/\",\"url\":\"https:\/\/cyklos.stage.tankbar.cloud\/fi\/produkt\/link-pyoratalli\/\",\"name\":\"Py\u00f6r\u00e4talli lasiseinill\u00e4 ja automaattisella ovella - Cyklos | Suomi\",\"isPartOf\":{\"@id\":\"https:\/\/cyklos.stage.tankbar.cloud\/fi\/#website\"},\"primaryImageOfPage\":{\"@id\":\"https:\/\/cyklos.stage.tankbar.cloud\/fi\/produkt\/link-pyoratalli\/#primaryimage\"},\"image\":{\"@id\":\"https:\/\/cyklos.stage.tankbar.cloud\/fi\/produkt\/link-pyoratalli\/#primaryimage\"},\"thumbnailUrl\":\"https:\/\/cyklos.stage.tankbar.cloud\/fi\/wp-content\/uploads\/sites\/8\/2018\/08\/pyoratalli-2.jpg\",\"datePublished\":\"2018-08-09T08:59:45+00:00\",\"dateModified\":\"2023-10-30T15:10:50+00:00\",\"description\":\"LINK py\u00f6r\u00e4talli houkuttelee valitsemaan polkupy\u00f6r\u00e4n ennen muita kulkuneuvoja. Rakennus erottuu suoralla, hienolla ja selke\u00e4ll\u00e4 muotoilullaan.\",\"breadcrumb\":{\"@id\":\"https:\/\/cyklos.stage.tankbar.cloud\/fi\/produkt\/link-pyoratalli\/#breadcrumb\"},\"inLanguage\":\"fi\",\"potentialAction\":[{\"@type\":\"ReadAction\",\"target\":[\"https:\/\/cyklos.stage.tankbar.cloud\/fi\/produkt\/link-pyoratalli\/\"]}]},{\"@type\":\"ImageObject\",\"inLanguage\":\"fi\",\"@id\":\"https:\/\/cyklos.stage.tankbar.cloud\/fi\/produkt\/link-pyoratalli\/#primaryimage\",\"url\":\"https:\/\/cyklos.stage.tankbar.cloud\/fi\/wp-content\/uploads\/sites\/8\/2018\/08\/pyoratalli-2.jpg\",\"contentUrl\":\"https:\/\/cyklos.stage.tankbar.cloud\/fi\/wp-content\/uploads\/sites\/8\/2018\/08\/pyoratalli-2.jpg\",\"width\":1800,\"height\":1200,\"caption\":\"Py\u00f6r\u00e4tallin isot lasisein\u00e4t turvalasista tekee tilan valoisaksi ja avaraksi, turvallinen sis\u00e4tila.\"},{\"@type\":\"BreadcrumbList\",\"@id\":\"https:\/\/cyklos.stage.tankbar.cloud\/fi\/produkt\/link-pyoratalli\/#breadcrumb\",\"itemListElement\":[{\"@type\":\"ListItem\",\"position\":1,\"name\":\"Home\",\"item\":\"https:\/\/cyklos.stage.tankbar.cloud\/fi\/\"},{\"@type\":\"ListItem\",\"position\":2,\"name\":\"Tuotteet\",\"item\":\"https:\/\/cyklos.stage.tankbar.cloud\/fi\/shop\/\"},{\"@type\":\"ListItem\",\"position\":3,\"name\":\"LINK Py\u00f6r\u00e4talli lasiseinill\u00e4 ja automaattisella ovella\"}]},{\"@type\":\"WebSite\",\"@id\":\"https:\/\/cyklos.stage.tankbar.cloud\/fi\/#website\",\"url\":\"https:\/\/cyklos.stage.tankbar.cloud\/fi\/\",\"name\":\"Cyklos | Finland\",\"description\":\"Tulevaisuuden liikenne alkaa meilt\u00e4!\",\"potentialAction\":[{\"@type\":\"SearchAction\",\"target\":{\"@type\":\"EntryPoint\",\"urlTemplate\":\"https:\/\/cyklos.stage.tankbar.cloud\/fi\/?s={search_term_string}\"},\"query-input\":{\"@type\":\"PropertyValueSpecification\",\"valueRequired\":true,\"valueName\":\"search_term_string\"}}],\"inLanguage\":\"fi\"}]}<\/script>\n<!-- \/ Yoast SEO plugin. -->","yoast_head_json":{"title":"Py\u00f6r\u00e4talli lasiseinill\u00e4 ja automaattisella ovella - Cyklos | Suomi","description":"LINK py\u00f6r\u00e4talli houkuttelee valitsemaan polkupy\u00f6r\u00e4n ennen muita kulkuneuvoja. Rakennus erottuu suoralla, hienolla ja selke\u00e4ll\u00e4 muotoilullaan.","robots":{"index":"noindex","follow":"follow","max-snippet":"max-snippet:-1","max-image-preview":"max-image-preview:large","max-video-preview":"max-video-preview:-1"},"og_locale":"fi_FI","og_type":"article","og_title":"Py\u00f6r\u00e4talli lasiseinill\u00e4 ja automaattisella ovella - Cyklos | Suomi","og_description":"LINK py\u00f6r\u00e4talli houkuttelee valitsemaan polkupy\u00f6r\u00e4n ennen muita kulkuneuvoja. Rakennus erottuu suoralla, hienolla ja selke\u00e4ll\u00e4 muotoilullaan.","og_url":"https:\/\/cyklos.stage.tankbar.cloud\/fi\/produkt\/link-pyoratalli\/","og_site_name":"Cyklos | Finland","article_modified_time":"2023-10-30T15:10:50+00:00","og_image":[{"width":1800,"height":1200,"url":"https:\/\/cyklos.stage.tankbar.cloud\/fi\/wp-content\/uploads\/sites\/8\/2018\/08\/pyoratalli-2.jpg","type":"image\/jpeg"}],"twitter_card":"summary_large_image","twitter_misc":{"Arvioitu lukuaika":"2 minuuttia"},"schema":{"@context":"https:\/\/schema.org","@graph":[{"@type":"WebPage","@id":"https:\/\/cyklos.stage.tankbar.cloud\/fi\/produkt\/link-pyoratalli\/","url":"https:\/\/cyklos.stage.tankbar.cloud\/fi\/produkt\/link-pyoratalli\/","name":"Py\u00f6r\u00e4talli lasiseinill\u00e4 ja automaattisella ovella - Cyklos | Suomi","isPartOf":{"@id":"https:\/\/cyklos.stage.tankbar.cloud\/fi\/#website"},"primaryImageOfPage":{"@id":"https:\/\/cyklos.stage.tankbar.cloud\/fi\/produkt\/link-pyoratalli\/#primaryimage"},"image":{"@id":"https:\/\/cyklos.stage.tankbar.cloud\/fi\/produkt\/link-pyoratalli\/#primaryimage"},"thumbnailUrl":"https:\/\/cyklos.stage.tankbar.cloud\/fi\/wp-content\/uploads\/sites\/8\/2018\/08\/pyoratalli-2.jpg","datePublished":"2018-08-09T08:59:45+00:00","dateModified":"2023-10-30T15:10:50+00:00","description":"LINK py\u00f6r\u00e4talli houkuttelee valitsemaan polkupy\u00f6r\u00e4n ennen muita kulkuneuvoja. Rakennus erottuu suoralla, hienolla ja selke\u00e4ll\u00e4 muotoilullaan.","breadcrumb":{"@id":"https:\/\/cyklos.stage.tankbar.cloud\/fi\/produkt\/link-pyoratalli\/#breadcrumb"},"inLanguage":"fi","potentialAction":[{"@type":"ReadAction","target":["https:\/\/cyklos.stage.tankbar.cloud\/fi\/produkt\/link-pyoratalli\/"]}]},{"@type":"ImageObject","inLanguage":"fi","@id":"https:\/\/cyklos.stage.tankbar.cloud\/fi\/produkt\/link-pyoratalli\/#primaryimage","url":"https:\/\/cyklos.stage.tankbar.cloud\/fi\/wp-content\/uploads\/sites\/8\/2018\/08\/pyoratalli-2.jpg","contentUrl":"https:\/\/cyklos.stage.tankbar.cloud\/fi\/wp-content\/uploads\/sites\/8\/2018\/08\/pyoratalli-2.jpg","width":1800,"height":1200,"caption":"Py\u00f6r\u00e4tallin isot lasisein\u00e4t turvalasista tekee tilan valoisaksi ja avaraksi, turvallinen sis\u00e4tila."},{"@type":"BreadcrumbList","@id":"https:\/\/cyklos.stage.tankbar.cloud\/fi\/produkt\/link-pyoratalli\/#breadcrumb","itemListElement":[{"@type":"ListItem","position":1,"name":"Home","item":"https:\/\/cyklos.stage.tankbar.cloud\/fi\/"},{"@type":"ListItem","position":2,"name":"Tuotteet","item":"https:\/\/cyklos.stage.tankbar.cloud\/fi\/shop\/"},{"@type":"ListItem","position":3,"name":"LINK Py\u00f6r\u00e4talli lasiseinill\u00e4 ja automaattisella ovella"}]},{"@type":"WebSite","@id":"https:\/\/cyklos.stage.tankbar.cloud\/fi\/#website","url":"https:\/\/cyklos.stage.tankbar.cloud\/fi\/","name":"Cyklos | Finland","description":"Tulevaisuuden liikenne alkaa meilt\u00e4!","potentialAction":[{"@type":"SearchAction","target":{"@type":"EntryPoint","urlTemplate":"https:\/\/cyklos.stage.tankbar.cloud\/fi\/?s={search_term_string}"},"query-input":{"@type":"PropertyValueSpecification","valueRequired":true,"valueName":"search_term_string"}}],"inLanguage":"fi"}]}},"_links":{"self":[{"href":"https:\/\/cyklos.stage.tankbar.cloud\/fi\/wp-json\/wp\/v2\/product\/18922","targetHints":{"allow":["GET"]}}],"collection":[{"href":"https:\/\/cyklos.stage.tankbar.cloud\/fi\/wp-json\/wp\/v2\/product"}],"about":[{"href":"https:\/\/cyklos.stage.tankbar.cloud\/fi\/wp-json\/wp\/v2\/types\/product"}],"replies":[{"embeddable":true,"href":"https:\/\/cyklos.stage.tankbar.cloud\/fi\/wp-json\/wp\/v2\/comments?post=18922"}],"wp:featuredmedia":[{"embeddable":true,"href":"https:\/\/cyklos.stage.tankbar.cloud\/fi\/wp-json\/wp\/v2\/media\/31226"}],"wp:attachment":[{"href":"https:\/\/cyklos.stage.tankbar.cloud\/fi\/wp-json\/wp\/v2\/media?parent=18922"}],"wp:term":[{"taxonomy":"product_brand","embeddable":true,"href":"https:\/\/cyklos.stage.tankbar.cloud\/fi\/wp-json\/wp\/v2\/product_brand?post=18922"},{"taxonomy":"product_cat","embeddable":true,"href":"https:\/\/cyklos.stage.tankbar.cloud\/fi\/wp-json\/wp\/v2\/product_cat?post=18922"},{"taxonomy":"product_tag","embeddable":true,"href":"https:\/\/cyklos.stage.tankbar.cloud\/fi\/wp-json\/wp\/v2\/product_tag?post=18922"}],"curies":[{"name":"wp","href":"https:\/\/api.w.org\/{rel}","templated":true}]}}