{"id":19189,"date":"2018-08-09T12:10:37","date_gmt":"2018-08-09T10:10:37","guid":{"rendered":"https:\/\/cyklos.stage.tankbar.cloud\/fi\/produkt\/import-placeholder-for-1353\/"},"modified":"2023-10-30T16:15:17","modified_gmt":"2023-10-30T15:15:17","slug":"kaksikerroksinen-pyorateline-optima","status":"publish","type":"product","link":"https:\/\/cyklos.stage.tankbar.cloud\/fi\/produkt\/kaksikerroksinen-pyorateline-optima\/","title":{"rendered":"OPTIMA kaksikerroksinen py\u00f6r\u00e4teline"},"content":{"rendered":"<h3>Muotoilu ja toiminta<\/h3>\n<p>OPTIMAlla on kallistusmekanismi tehokkaalla kaasujousella, mik\u00e4 antaa parhaan tuen ja mukavuuden. Rengaskourut erilaisille polkupy\u00f6rille. Ylempi rengaskouru paksusta ter\u00e4ksest\u00e4 runkolukituskaarella, punainen k\u00e4sikahva kiinte\u00e4st\u00e4 alumiiniputkesta helpottaa k\u00e4ytt\u00f6\u00e4. Ylemm\u00e4ll\u00e4 kiskolla on k\u00e4ytt\u00e4j\u00e4yst\u00e4v\u00e4llinen rullatoiminto. S\u00e4hk\u00f6py\u00f6r\u00e4t pys\u00e4k\u00f6id\u00e4\u00e4n alemmalla tasolla. Veloparkki Cyklokselta!<\/p>\n<h3>Mahdollisuudet<\/h3>\n<div class=\"page\" title=\"Page 2\">\n<div class=\"section\">\n<div class=\"layoutArea\">\n<div class=\"column\">\n<p>Kolme erilaista mittaa yksi- ja kaksipuolisena. Valitse k\/k 375mm saadaksesi korkea k\u00e4ytt\u00f6aste tai k\/k 400\/500mm lis\u00e4t\u00e4ksesi k\u00e4ytt\u00f6mukavuutta.<br \/>\nVoidaan asentaa vinoasentoon, 45 tai 60 asteen kulmassa (erikoistilauksesta). Py\u00f6r\u00e4ilij\u00e4lle parhaan turvallisuuden antava runkolukituskaari l\u00f6ytyy jokaiselta py\u00f6r\u00e4paikalta integroituna rakenteeseen. Pulverimaalattuna my\u00f6s halutussa v\u00e4riss\u00e4.<\/p>\n<\/div>\n<\/div>\n<\/div>\n<\/div>\n<h3>Sertifikaatit<\/h3>\n<p><strong>*<\/strong>Sertifioitu FietsParKeur mukaan (Alankomaiden standardi kest\u00e4v\u00e4lle py\u00f6r\u00e4pys\u00e4k\u00f6innille julkisessa ymp\u00e4rist\u00f6ss\u00e4 <a href=\"http:\/\/cyklos.stage.tankbar.cloud\/wp-content\/uploads\/2018\/07\/FietsParKeur-broschyr-eng.pdf\">Fiets Par Keur<\/a>, pdf englanniksi). \u00a0OPTIMA on my\u00f6s hyv\u00e4ksytty Ruotsin Byggvarubed\u00f6mningen sek\u00e4 Sundahus m\u00e4\u00e4ritysten mukaan (lis\u00e4tietoja <a href=\"https:\/\/cyklos.stage.tankbar.cloud\/fi\/tietoa-ja-tekniikka\/\">Suunnitteluapu<\/a> sivulla).<\/p>\n<p><img loading=\"lazy\" decoding=\"async\" class=\" wp-image-1369\" src=\"http:\/\/cyklos.stage.tankbar.cloud\/wp-content\/uploads\/2018\/07\/fietparkeur-logo-300x247.png\" alt=\"\" width=\"104\" height=\"86\" srcset=\"https:\/\/cyklos.stage.tankbar.cloud\/fi\/wp-content\/uploads\/sites\/8\/2018\/07\/fietparkeur-logo-300x247.png 300w, https:\/\/cyklos.stage.tankbar.cloud\/fi\/wp-content\/uploads\/sites\/8\/2018\/07\/fietparkeur-logo.png 532w\" sizes=\"auto, (max-width: 104px) 100vw, 104px\" \/><\/p>\n<p><img loading=\"lazy\" decoding=\"async\" class=\"alignnone size-medium wp-image-1329\" src=\"https:\/\/www.cyklos.se\/wp-content\/uploads\/sites\/8\/2018\/04\/byggvarubedo\u0308mningen-300x30.png\" alt=\"\" width=\"300\" height=\"30\" srcset=\"https:\/\/www.cyklos.se\/wp-content\/uploads\/sites\/8\/2018\/04\/byggvarubedo\u0308mningen-300x30.png 300w, https:\/\/www.cyklos.se\/wp-content\/uploads\/sites\/8\/2018\/04\/byggvarubedo\u0308mningen.png 400w\" sizes=\"auto, (max-width: 300px) 100vw, 300px\" \/><\/p>\n<p><img loading=\"lazy\" decoding=\"async\" class=\"alignnone wp-image-1328\" src=\"https:\/\/www.cyklos.se\/wp-content\/uploads\/sites\/8\/2018\/04\/SundaHus-logo-portrait-RGB-284x300.png\" alt=\"\" width=\"94\" height=\"100\" srcset=\"https:\/\/www.cyklos.se\/wp-content\/uploads\/sites\/8\/2018\/04\/SundaHus-logo-portrait-RGB-284x300.png 284w, https:\/\/www.cyklos.se\/wp-content\/uploads\/sites\/8\/2018\/04\/SundaHus-logo-portrait-RGB.png 492w\" sizes=\"auto, (max-width: 94px) 100vw, 94px\" \/><\/p>\n","protected":false},"excerpt":{"rendered":"<p>Kaksikerroksinen py\u00f6r\u00e4teline OPTIMA on tehokasta polkupy\u00f6r\u00e4ns\u00e4ilytyst\u00e4 parhaimmillaan.<\/p>\n<p>Tuplasti enemm\u00e4n polkupy\u00f6r\u00e4paikkoja samalle pinta-alalle verrattuna tavalliseen telineeseen.<br \/>\nOPTIMA voidaan liitt\u00e4\u00e4 yhteen pitkiin moduuleihin v\u00e4hent\u00e4m\u00e4tt\u00e4 py\u00f6r\u00e4paikkoja. Tehokas kaasujousi ja matala nostokorkeus takaa helpon polkupy\u00f6r\u00e4pys\u00e4k\u00f6innin.<\/p>\n<p>Ennen kuin lis\u00e4\u00e4t tuotteita tarjouskyselyyn, katso mitat OPTIMAn taulukosta.<\/p>\n","protected":false},"featured_media":31220,"comment_status":"closed","ping_status":"closed","template":"","meta":{"_acf_changed":false},"product_brand":[],"product_cat":[283],"product_tag":[],"class_list":{"0":"post-19189","1":"product","2":"type-product","3":"status-publish","4":"has-post-thumbnail","6":"product_cat-pyorateline","7":"pa_materiale-kuumasinkitty","8":"pa_materiale-kuumasinkitty-pulverimaalattu-tilaajan-valitsemalla-ral-varilla-vakiovari-harmaa-ral-7016","9":"pa_utforande-dubbelsidig","10":"pa_utforande-enkelsidig","12":"first","13":"instock","14":"shipping-taxable","15":"purchasable","16":"product-type-variable"},"acf":[],"yoast_head":"<!-- This site is optimized with the Yoast SEO plugin v27.2 - https:\/\/yoast.com\/product\/yoast-seo-wordpress\/ -->\n<title>Kaksikerroksinen Py\u00f6r\u00e4teline OPTIMA | Cyklos - Suomi<\/title>\n<meta name=\"description\" content=\"Kaksikerroksinen py\u00f6r\u00e4teline OPTIMA on tehokasta polkupy\u00f6r\u00e4ns\u00e4ilytyst\u00e4 parhaimmillaan. Tilatehokas py\u00f6r\u00e4teline takaa helpon polkupy\u00f6r\u00e4pys\u00e4k\u00f6innin.\" \/>\n<meta name=\"robots\" content=\"noindex, follow, max-snippet:-1, max-image-preview:large, max-video-preview:-1\" \/>\n<meta property=\"og:locale\" content=\"fi_FI\" \/>\n<meta property=\"og:type\" content=\"article\" \/>\n<meta property=\"og:title\" content=\"Kaksikerroksinen Py\u00f6r\u00e4teline OPTIMA | Cyklos - Suomi\" \/>\n<meta property=\"og:description\" content=\"Kaksikerroksinen py\u00f6r\u00e4teline OPTIMA on tehokasta polkupy\u00f6r\u00e4ns\u00e4ilytyst\u00e4 parhaimmillaan. Tilatehokas py\u00f6r\u00e4teline takaa helpon polkupy\u00f6r\u00e4pys\u00e4k\u00f6innin.\" \/>\n<meta property=\"og:url\" content=\"https:\/\/cyklos.stage.tankbar.cloud\/fi\/produkt\/kaksikerroksinen-pyorateline-optima\/\" \/>\n<meta property=\"og:site_name\" content=\"Cyklos | Finland\" \/>\n<meta property=\"article:modified_time\" content=\"2023-10-30T15:15:17+00:00\" \/>\n<meta property=\"og:image\" content=\"https:\/\/cyklos.stage.tankbar.cloud\/fi\/wp-content\/uploads\/sites\/8\/2018\/08\/pyoratalli-pyorahotelli-kaksikerros-teline.jpg\" \/>\n\t<meta property=\"og:image:width\" content=\"1800\" \/>\n\t<meta property=\"og:image:height\" content=\"1200\" \/>\n\t<meta property=\"og:image:type\" content=\"image\/jpeg\" \/>\n<meta name=\"twitter:card\" content=\"summary_large_image\" \/>\n<meta name=\"twitter:label1\" content=\"Arvioitu lukuaika\" \/>\n\t<meta name=\"twitter:data1\" content=\"2 minuuttia\" \/>\n<script type=\"application\/ld+json\" class=\"yoast-schema-graph\">{\"@context\":\"https:\/\/schema.org\",\"@graph\":[{\"@type\":\"WebPage\",\"@id\":\"https:\/\/cyklos.stage.tankbar.cloud\/fi\/produkt\/kaksikerroksinen-pyorateline-optima\/\",\"url\":\"https:\/\/cyklos.stage.tankbar.cloud\/fi\/produkt\/kaksikerroksinen-pyorateline-optima\/\",\"name\":\"Kaksikerroksinen Py\u00f6r\u00e4teline OPTIMA | Cyklos - Suomi\",\"isPartOf\":{\"@id\":\"https:\/\/cyklos.stage.tankbar.cloud\/fi\/#website\"},\"primaryImageOfPage\":{\"@id\":\"https:\/\/cyklos.stage.tankbar.cloud\/fi\/produkt\/kaksikerroksinen-pyorateline-optima\/#primaryimage\"},\"image\":{\"@id\":\"https:\/\/cyklos.stage.tankbar.cloud\/fi\/produkt\/kaksikerroksinen-pyorateline-optima\/#primaryimage\"},\"thumbnailUrl\":\"https:\/\/cyklos.stage.tankbar.cloud\/fi\/wp-content\/uploads\/sites\/8\/2018\/08\/pyoratalli-pyorahotelli-kaksikerros-teline.jpg\",\"datePublished\":\"2018-08-09T10:10:37+00:00\",\"dateModified\":\"2023-10-30T15:15:17+00:00\",\"description\":\"Kaksikerroksinen py\u00f6r\u00e4teline OPTIMA on tehokasta polkupy\u00f6r\u00e4ns\u00e4ilytyst\u00e4 parhaimmillaan. Tilatehokas py\u00f6r\u00e4teline takaa helpon polkupy\u00f6r\u00e4pys\u00e4k\u00f6innin.\",\"breadcrumb\":{\"@id\":\"https:\/\/cyklos.stage.tankbar.cloud\/fi\/produkt\/kaksikerroksinen-pyorateline-optima\/#breadcrumb\"},\"inLanguage\":\"fi\",\"potentialAction\":[{\"@type\":\"ReadAction\",\"target\":[\"https:\/\/cyklos.stage.tankbar.cloud\/fi\/produkt\/kaksikerroksinen-pyorateline-optima\/\"]}]},{\"@type\":\"ImageObject\",\"inLanguage\":\"fi\",\"@id\":\"https:\/\/cyklos.stage.tankbar.cloud\/fi\/produkt\/kaksikerroksinen-pyorateline-optima\/#primaryimage\",\"url\":\"https:\/\/cyklos.stage.tankbar.cloud\/fi\/wp-content\/uploads\/sites\/8\/2018\/08\/pyoratalli-pyorahotelli-kaksikerros-teline.jpg\",\"contentUrl\":\"https:\/\/cyklos.stage.tankbar.cloud\/fi\/wp-content\/uploads\/sites\/8\/2018\/08\/pyoratalli-pyorahotelli-kaksikerros-teline.jpg\",\"width\":1800,\"height\":1200,\"caption\":\"Avara sis\u00e4tila pelksikatolla ja valaistuksella py\u00f6r\u00e4tallissa, ilman sis\u00e4tolppaa tekee py\u00f6r\u00e4tallista esteet\u00f6n kakilla polkupy\u00f6rill\u00e4.\"},{\"@type\":\"BreadcrumbList\",\"@id\":\"https:\/\/cyklos.stage.tankbar.cloud\/fi\/produkt\/kaksikerroksinen-pyorateline-optima\/#breadcrumb\",\"itemListElement\":[{\"@type\":\"ListItem\",\"position\":1,\"name\":\"Home\",\"item\":\"https:\/\/cyklos.stage.tankbar.cloud\/fi\/\"},{\"@type\":\"ListItem\",\"position\":2,\"name\":\"Tuotteet\",\"item\":\"https:\/\/cyklos.stage.tankbar.cloud\/fi\/shop\/\"},{\"@type\":\"ListItem\",\"position\":3,\"name\":\"OPTIMA kaksikerroksinen py\u00f6r\u00e4teline\"}]},{\"@type\":\"WebSite\",\"@id\":\"https:\/\/cyklos.stage.tankbar.cloud\/fi\/#website\",\"url\":\"https:\/\/cyklos.stage.tankbar.cloud\/fi\/\",\"name\":\"Cyklos | Finland\",\"description\":\"Tulevaisuuden liikenne alkaa meilt\u00e4!\",\"potentialAction\":[{\"@type\":\"SearchAction\",\"target\":{\"@type\":\"EntryPoint\",\"urlTemplate\":\"https:\/\/cyklos.stage.tankbar.cloud\/fi\/?s={search_term_string}\"},\"query-input\":{\"@type\":\"PropertyValueSpecification\",\"valueRequired\":true,\"valueName\":\"search_term_string\"}}],\"inLanguage\":\"fi\"}]}<\/script>\n<!-- \/ Yoast SEO plugin. -->","yoast_head_json":{"title":"Kaksikerroksinen Py\u00f6r\u00e4teline OPTIMA | Cyklos - Suomi","description":"Kaksikerroksinen py\u00f6r\u00e4teline OPTIMA on tehokasta polkupy\u00f6r\u00e4ns\u00e4ilytyst\u00e4 parhaimmillaan. Tilatehokas py\u00f6r\u00e4teline takaa helpon polkupy\u00f6r\u00e4pys\u00e4k\u00f6innin.","robots":{"index":"noindex","follow":"follow","max-snippet":"max-snippet:-1","max-image-preview":"max-image-preview:large","max-video-preview":"max-video-preview:-1"},"og_locale":"fi_FI","og_type":"article","og_title":"Kaksikerroksinen Py\u00f6r\u00e4teline OPTIMA | Cyklos - Suomi","og_description":"Kaksikerroksinen py\u00f6r\u00e4teline OPTIMA on tehokasta polkupy\u00f6r\u00e4ns\u00e4ilytyst\u00e4 parhaimmillaan. Tilatehokas py\u00f6r\u00e4teline takaa helpon polkupy\u00f6r\u00e4pys\u00e4k\u00f6innin.","og_url":"https:\/\/cyklos.stage.tankbar.cloud\/fi\/produkt\/kaksikerroksinen-pyorateline-optima\/","og_site_name":"Cyklos | Finland","article_modified_time":"2023-10-30T15:15:17+00:00","og_image":[{"width":1800,"height":1200,"url":"https:\/\/cyklos.stage.tankbar.cloud\/fi\/wp-content\/uploads\/sites\/8\/2018\/08\/pyoratalli-pyorahotelli-kaksikerros-teline.jpg","type":"image\/jpeg"}],"twitter_card":"summary_large_image","twitter_misc":{"Arvioitu lukuaika":"2 minuuttia"},"schema":{"@context":"https:\/\/schema.org","@graph":[{"@type":"WebPage","@id":"https:\/\/cyklos.stage.tankbar.cloud\/fi\/produkt\/kaksikerroksinen-pyorateline-optima\/","url":"https:\/\/cyklos.stage.tankbar.cloud\/fi\/produkt\/kaksikerroksinen-pyorateline-optima\/","name":"Kaksikerroksinen Py\u00f6r\u00e4teline OPTIMA | Cyklos - Suomi","isPartOf":{"@id":"https:\/\/cyklos.stage.tankbar.cloud\/fi\/#website"},"primaryImageOfPage":{"@id":"https:\/\/cyklos.stage.tankbar.cloud\/fi\/produkt\/kaksikerroksinen-pyorateline-optima\/#primaryimage"},"image":{"@id":"https:\/\/cyklos.stage.tankbar.cloud\/fi\/produkt\/kaksikerroksinen-pyorateline-optima\/#primaryimage"},"thumbnailUrl":"https:\/\/cyklos.stage.tankbar.cloud\/fi\/wp-content\/uploads\/sites\/8\/2018\/08\/pyoratalli-pyorahotelli-kaksikerros-teline.jpg","datePublished":"2018-08-09T10:10:37+00:00","dateModified":"2023-10-30T15:15:17+00:00","description":"Kaksikerroksinen py\u00f6r\u00e4teline OPTIMA on tehokasta polkupy\u00f6r\u00e4ns\u00e4ilytyst\u00e4 parhaimmillaan. Tilatehokas py\u00f6r\u00e4teline takaa helpon polkupy\u00f6r\u00e4pys\u00e4k\u00f6innin.","breadcrumb":{"@id":"https:\/\/cyklos.stage.tankbar.cloud\/fi\/produkt\/kaksikerroksinen-pyorateline-optima\/#breadcrumb"},"inLanguage":"fi","potentialAction":[{"@type":"ReadAction","target":["https:\/\/cyklos.stage.tankbar.cloud\/fi\/produkt\/kaksikerroksinen-pyorateline-optima\/"]}]},{"@type":"ImageObject","inLanguage":"fi","@id":"https:\/\/cyklos.stage.tankbar.cloud\/fi\/produkt\/kaksikerroksinen-pyorateline-optima\/#primaryimage","url":"https:\/\/cyklos.stage.tankbar.cloud\/fi\/wp-content\/uploads\/sites\/8\/2018\/08\/pyoratalli-pyorahotelli-kaksikerros-teline.jpg","contentUrl":"https:\/\/cyklos.stage.tankbar.cloud\/fi\/wp-content\/uploads\/sites\/8\/2018\/08\/pyoratalli-pyorahotelli-kaksikerros-teline.jpg","width":1800,"height":1200,"caption":"Avara sis\u00e4tila pelksikatolla ja valaistuksella py\u00f6r\u00e4tallissa, ilman sis\u00e4tolppaa tekee py\u00f6r\u00e4tallista esteet\u00f6n kakilla polkupy\u00f6rill\u00e4."},{"@type":"BreadcrumbList","@id":"https:\/\/cyklos.stage.tankbar.cloud\/fi\/produkt\/kaksikerroksinen-pyorateline-optima\/#breadcrumb","itemListElement":[{"@type":"ListItem","position":1,"name":"Home","item":"https:\/\/cyklos.stage.tankbar.cloud\/fi\/"},{"@type":"ListItem","position":2,"name":"Tuotteet","item":"https:\/\/cyklos.stage.tankbar.cloud\/fi\/shop\/"},{"@type":"ListItem","position":3,"name":"OPTIMA kaksikerroksinen py\u00f6r\u00e4teline"}]},{"@type":"WebSite","@id":"https:\/\/cyklos.stage.tankbar.cloud\/fi\/#website","url":"https:\/\/cyklos.stage.tankbar.cloud\/fi\/","name":"Cyklos | Finland","description":"Tulevaisuuden liikenne alkaa meilt\u00e4!","potentialAction":[{"@type":"SearchAction","target":{"@type":"EntryPoint","urlTemplate":"https:\/\/cyklos.stage.tankbar.cloud\/fi\/?s={search_term_string}"},"query-input":{"@type":"PropertyValueSpecification","valueRequired":true,"valueName":"search_term_string"}}],"inLanguage":"fi"}]}},"_links":{"self":[{"href":"https:\/\/cyklos.stage.tankbar.cloud\/fi\/wp-json\/wp\/v2\/product\/19189","targetHints":{"allow":["GET"]}}],"collection":[{"href":"https:\/\/cyklos.stage.tankbar.cloud\/fi\/wp-json\/wp\/v2\/product"}],"about":[{"href":"https:\/\/cyklos.stage.tankbar.cloud\/fi\/wp-json\/wp\/v2\/types\/product"}],"replies":[{"embeddable":true,"href":"https:\/\/cyklos.stage.tankbar.cloud\/fi\/wp-json\/wp\/v2\/comments?post=19189"}],"wp:featuredmedia":[{"embeddable":true,"href":"https:\/\/cyklos.stage.tankbar.cloud\/fi\/wp-json\/wp\/v2\/media\/31220"}],"wp:attachment":[{"href":"https:\/\/cyklos.stage.tankbar.cloud\/fi\/wp-json\/wp\/v2\/media?parent=19189"}],"wp:term":[{"taxonomy":"product_brand","embeddable":true,"href":"https:\/\/cyklos.stage.tankbar.cloud\/fi\/wp-json\/wp\/v2\/product_brand?post=19189"},{"taxonomy":"product_cat","embeddable":true,"href":"https:\/\/cyklos.stage.tankbar.cloud\/fi\/wp-json\/wp\/v2\/product_cat?post=19189"},{"taxonomy":"product_tag","embeddable":true,"href":"https:\/\/cyklos.stage.tankbar.cloud\/fi\/wp-json\/wp\/v2\/product_tag?post=19189"}],"curies":[{"name":"wp","href":"https:\/\/api.w.org\/{rel}","templated":true}]}}