{"id":32889,"date":"2021-09-28T11:21:29","date_gmt":"2021-09-28T09:21:29","guid":{"rendered":"https:\/\/cyklos.stage.tankbar.cloud\/fi\/?post_type=product&#038;p=32889"},"modified":"2024-02-07T14:21:59","modified_gmt":"2024-02-07T13:21:59","slug":"kaariteline-prio","status":"publish","type":"product","link":"https:\/\/cyklos.stage.tankbar.cloud\/fi\/produkt\/kaariteline-prio\/","title":{"rendered":"Kaariteline PRIO"},"content":{"rendered":"<h3>Kaariteline PRIO<\/h3>\n<p>Perinteinen kaariteline, jossa on pehme\u00e4 muotokieli ja joka takaa turvallisen runkolukituksen. Py\u00f6r\u00e4 pys\u00e4k\u00f6id\u00e4\u00e4n kaaren sivuun ja py\u00f6r\u00e4n voi lukita rungosta kaikentyyppisill\u00e4 py\u00f6r\u00e4lukoilla.<\/p>\n<h3>Mahdollisuudet<\/h3>\n<p>Intuitiivinen ja helppok\u00e4ytt\u00f6inen py\u00f6r\u00e4teline, johon voi kiinnitt\u00e4\u00e4 erilaisia polkupy\u00f6r\u00e4malleja, jopa taakka- ja laatikkopy\u00f6ri\u00e4. Saatavana kaksi leveytt\u00e4, 300 mm ja 1000 mm. PRIO-py\u00f6r\u00e4teline voidaan yhdist\u00e4\u00e4 kaikkiin muihin py\u00f6r\u00e4telineisiimme ja py\u00f6r\u00e4katoksiimme.<\/p>\n<h3>Sertifioinnit<\/h3>\n<p><img loading=\"lazy\" decoding=\"async\" class=\"\" src=\"https:\/\/cyklos.stage.tankbar.cloud\/wp-content\/uploads\/2018\/04\/byggvarubedo%CC%88mningen-300x30.png\" width=\"230\" height=\"23\" \/><\/p>\n","protected":false},"excerpt":{"rendered":"<p>Perinteinen kaariteline, jossa on pehme\u00e4 muotokieli ja joka takaa turvallisen runkolukituksen. Py\u00f6r\u00e4 pys\u00e4k\u00f6id\u00e4\u00e4n kaaren sivuun ja py\u00f6r\u00e4n voi lukita rungosta kaikentyyppisill\u00e4 py\u00f6r\u00e4lukoilla. Saatavana kaksi leveytt\u00e4, 300 mm ja 1000 mm.<\/p>\n<p>Ota yhteytt\u00e4 <a href=\"mailto:info@cyklos.fi\">info@cyklos.fi<\/a> saadaksesi tarjouksen.<\/p>\n","protected":false},"featured_media":32905,"comment_status":"closed","ping_status":"closed","template":"","meta":{"_acf_changed":false},"product_brand":[],"product_cat":[283],"product_tag":[],"class_list":{"0":"post-32889","1":"product","2":"type-product","3":"status-publish","4":"has-post-thumbnail","6":"product_cat-pyorateline","8":"first","9":"instock","10":"shipping-taxable","11":"product-type-simple"},"acf":[],"yoast_head":"<!-- This site is optimized with the Yoast SEO plugin v27.2 - https:\/\/yoast.com\/product\/yoast-seo-wordpress\/ -->\n<title>Kaariteline PRIO - Cyklos | Finland<\/title>\n<meta name=\"robots\" content=\"noindex, follow, max-snippet:-1, max-image-preview:large, max-video-preview:-1\" \/>\n<meta property=\"og:locale\" content=\"fi_FI\" \/>\n<meta property=\"og:type\" content=\"article\" \/>\n<meta property=\"og:title\" content=\"Kaariteline PRIO - Cyklos | Finland\" \/>\n<meta property=\"og:description\" content=\"Perinteinen kaariteline, jossa on pehme\u00e4 muotokieli ja joka takaa turvallisen runkolukituksen. Py\u00f6r\u00e4 pys\u00e4k\u00f6id\u00e4\u00e4n kaaren sivuun ja py\u00f6r\u00e4n voi lukita rungosta kaikentyyppisill\u00e4 py\u00f6r\u00e4lukoilla. Saatavana kaksi leveytt\u00e4, 300 mm ja 1000 mm.  Ota yhteytt\u00e4 info@cyklos.fi saadaksesi tarjouksen.\" \/>\n<meta property=\"og:url\" content=\"https:\/\/cyklos.stage.tankbar.cloud\/fi\/produkt\/kaariteline-prio\/\" \/>\n<meta property=\"og:site_name\" content=\"Cyklos | Finland\" \/>\n<meta property=\"article:modified_time\" content=\"2024-02-07T13:21:59+00:00\" \/>\n<meta property=\"og:image\" content=\"https:\/\/cyklos.stage.tankbar.cloud\/fi\/wp-content\/uploads\/sites\/8\/2021\/09\/prio-tuotekategoria.jpg\" \/>\n\t<meta property=\"og:image:width\" content=\"2250\" \/>\n\t<meta property=\"og:image:height\" content=\"1200\" \/>\n\t<meta property=\"og:image:type\" content=\"image\/jpeg\" \/>\n<meta name=\"twitter:card\" content=\"summary_large_image\" \/>\n<meta name=\"twitter:label1\" content=\"Arvioitu lukuaika\" \/>\n\t<meta name=\"twitter:data1\" content=\"1 minuutti\" \/>\n<script type=\"application\/ld+json\" class=\"yoast-schema-graph\">{\"@context\":\"https:\/\/schema.org\",\"@graph\":[{\"@type\":\"WebPage\",\"@id\":\"https:\/\/cyklos.stage.tankbar.cloud\/fi\/produkt\/kaariteline-prio\/\",\"url\":\"https:\/\/cyklos.stage.tankbar.cloud\/fi\/produkt\/kaariteline-prio\/\",\"name\":\"Kaariteline PRIO - Cyklos | Finland\",\"isPartOf\":{\"@id\":\"https:\/\/cyklos.stage.tankbar.cloud\/fi\/#website\"},\"primaryImageOfPage\":{\"@id\":\"https:\/\/cyklos.stage.tankbar.cloud\/fi\/produkt\/kaariteline-prio\/#primaryimage\"},\"image\":{\"@id\":\"https:\/\/cyklos.stage.tankbar.cloud\/fi\/produkt\/kaariteline-prio\/#primaryimage\"},\"thumbnailUrl\":\"https:\/\/cyklos.stage.tankbar.cloud\/fi\/wp-content\/uploads\/sites\/8\/2021\/09\/prio-tuotekategoria.jpg\",\"datePublished\":\"2021-09-28T09:21:29+00:00\",\"dateModified\":\"2024-02-07T13:21:59+00:00\",\"breadcrumb\":{\"@id\":\"https:\/\/cyklos.stage.tankbar.cloud\/fi\/produkt\/kaariteline-prio\/#breadcrumb\"},\"inLanguage\":\"fi\",\"potentialAction\":[{\"@type\":\"ReadAction\",\"target\":[\"https:\/\/cyklos.stage.tankbar.cloud\/fi\/produkt\/kaariteline-prio\/\"]}]},{\"@type\":\"ImageObject\",\"inLanguage\":\"fi\",\"@id\":\"https:\/\/cyklos.stage.tankbar.cloud\/fi\/produkt\/kaariteline-prio\/#primaryimage\",\"url\":\"https:\/\/cyklos.stage.tankbar.cloud\/fi\/wp-content\/uploads\/sites\/8\/2021\/09\/prio-tuotekategoria.jpg\",\"contentUrl\":\"https:\/\/cyklos.stage.tankbar.cloud\/fi\/wp-content\/uploads\/sites\/8\/2021\/09\/prio-tuotekategoria.jpg\",\"width\":2250,\"height\":1200,\"caption\":\"Polkupy\u00f6rinen runkolukituskaari, runkolukittavat kaaritelineet Cyklokselta.\"},{\"@type\":\"BreadcrumbList\",\"@id\":\"https:\/\/cyklos.stage.tankbar.cloud\/fi\/produkt\/kaariteline-prio\/#breadcrumb\",\"itemListElement\":[{\"@type\":\"ListItem\",\"position\":1,\"name\":\"Home\",\"item\":\"https:\/\/cyklos.stage.tankbar.cloud\/fi\/\"},{\"@type\":\"ListItem\",\"position\":2,\"name\":\"Tuotteet\",\"item\":\"https:\/\/cyklos.stage.tankbar.cloud\/fi\/shop\/\"},{\"@type\":\"ListItem\",\"position\":3,\"name\":\"Kaariteline PRIO\"}]},{\"@type\":\"WebSite\",\"@id\":\"https:\/\/cyklos.stage.tankbar.cloud\/fi\/#website\",\"url\":\"https:\/\/cyklos.stage.tankbar.cloud\/fi\/\",\"name\":\"Cyklos | Finland\",\"description\":\"Tulevaisuuden liikenne alkaa meilt\u00e4!\",\"potentialAction\":[{\"@type\":\"SearchAction\",\"target\":{\"@type\":\"EntryPoint\",\"urlTemplate\":\"https:\/\/cyklos.stage.tankbar.cloud\/fi\/?s={search_term_string}\"},\"query-input\":{\"@type\":\"PropertyValueSpecification\",\"valueRequired\":true,\"valueName\":\"search_term_string\"}}],\"inLanguage\":\"fi\"}]}<\/script>\n<!-- \/ Yoast SEO plugin. -->","yoast_head_json":{"title":"Kaariteline PRIO - Cyklos | Finland","robots":{"index":"noindex","follow":"follow","max-snippet":"max-snippet:-1","max-image-preview":"max-image-preview:large","max-video-preview":"max-video-preview:-1"},"og_locale":"fi_FI","og_type":"article","og_title":"Kaariteline PRIO - Cyklos | Finland","og_description":"Perinteinen kaariteline, jossa on pehme\u00e4 muotokieli ja joka takaa turvallisen runkolukituksen. Py\u00f6r\u00e4 pys\u00e4k\u00f6id\u00e4\u00e4n kaaren sivuun ja py\u00f6r\u00e4n voi lukita rungosta kaikentyyppisill\u00e4 py\u00f6r\u00e4lukoilla. Saatavana kaksi leveytt\u00e4, 300 mm ja 1000 mm.  Ota yhteytt\u00e4 info@cyklos.fi saadaksesi tarjouksen.","og_url":"https:\/\/cyklos.stage.tankbar.cloud\/fi\/produkt\/kaariteline-prio\/","og_site_name":"Cyklos | Finland","article_modified_time":"2024-02-07T13:21:59+00:00","og_image":[{"width":2250,"height":1200,"url":"https:\/\/cyklos.stage.tankbar.cloud\/fi\/wp-content\/uploads\/sites\/8\/2021\/09\/prio-tuotekategoria.jpg","type":"image\/jpeg"}],"twitter_card":"summary_large_image","twitter_misc":{"Arvioitu lukuaika":"1 minuutti"},"schema":{"@context":"https:\/\/schema.org","@graph":[{"@type":"WebPage","@id":"https:\/\/cyklos.stage.tankbar.cloud\/fi\/produkt\/kaariteline-prio\/","url":"https:\/\/cyklos.stage.tankbar.cloud\/fi\/produkt\/kaariteline-prio\/","name":"Kaariteline PRIO - Cyklos | Finland","isPartOf":{"@id":"https:\/\/cyklos.stage.tankbar.cloud\/fi\/#website"},"primaryImageOfPage":{"@id":"https:\/\/cyklos.stage.tankbar.cloud\/fi\/produkt\/kaariteline-prio\/#primaryimage"},"image":{"@id":"https:\/\/cyklos.stage.tankbar.cloud\/fi\/produkt\/kaariteline-prio\/#primaryimage"},"thumbnailUrl":"https:\/\/cyklos.stage.tankbar.cloud\/fi\/wp-content\/uploads\/sites\/8\/2021\/09\/prio-tuotekategoria.jpg","datePublished":"2021-09-28T09:21:29+00:00","dateModified":"2024-02-07T13:21:59+00:00","breadcrumb":{"@id":"https:\/\/cyklos.stage.tankbar.cloud\/fi\/produkt\/kaariteline-prio\/#breadcrumb"},"inLanguage":"fi","potentialAction":[{"@type":"ReadAction","target":["https:\/\/cyklos.stage.tankbar.cloud\/fi\/produkt\/kaariteline-prio\/"]}]},{"@type":"ImageObject","inLanguage":"fi","@id":"https:\/\/cyklos.stage.tankbar.cloud\/fi\/produkt\/kaariteline-prio\/#primaryimage","url":"https:\/\/cyklos.stage.tankbar.cloud\/fi\/wp-content\/uploads\/sites\/8\/2021\/09\/prio-tuotekategoria.jpg","contentUrl":"https:\/\/cyklos.stage.tankbar.cloud\/fi\/wp-content\/uploads\/sites\/8\/2021\/09\/prio-tuotekategoria.jpg","width":2250,"height":1200,"caption":"Polkupy\u00f6rinen runkolukituskaari, runkolukittavat kaaritelineet Cyklokselta."},{"@type":"BreadcrumbList","@id":"https:\/\/cyklos.stage.tankbar.cloud\/fi\/produkt\/kaariteline-prio\/#breadcrumb","itemListElement":[{"@type":"ListItem","position":1,"name":"Home","item":"https:\/\/cyklos.stage.tankbar.cloud\/fi\/"},{"@type":"ListItem","position":2,"name":"Tuotteet","item":"https:\/\/cyklos.stage.tankbar.cloud\/fi\/shop\/"},{"@type":"ListItem","position":3,"name":"Kaariteline PRIO"}]},{"@type":"WebSite","@id":"https:\/\/cyklos.stage.tankbar.cloud\/fi\/#website","url":"https:\/\/cyklos.stage.tankbar.cloud\/fi\/","name":"Cyklos | Finland","description":"Tulevaisuuden liikenne alkaa meilt\u00e4!","potentialAction":[{"@type":"SearchAction","target":{"@type":"EntryPoint","urlTemplate":"https:\/\/cyklos.stage.tankbar.cloud\/fi\/?s={search_term_string}"},"query-input":{"@type":"PropertyValueSpecification","valueRequired":true,"valueName":"search_term_string"}}],"inLanguage":"fi"}]}},"_links":{"self":[{"href":"https:\/\/cyklos.stage.tankbar.cloud\/fi\/wp-json\/wp\/v2\/product\/32889","targetHints":{"allow":["GET"]}}],"collection":[{"href":"https:\/\/cyklos.stage.tankbar.cloud\/fi\/wp-json\/wp\/v2\/product"}],"about":[{"href":"https:\/\/cyklos.stage.tankbar.cloud\/fi\/wp-json\/wp\/v2\/types\/product"}],"replies":[{"embeddable":true,"href":"https:\/\/cyklos.stage.tankbar.cloud\/fi\/wp-json\/wp\/v2\/comments?post=32889"}],"wp:featuredmedia":[{"embeddable":true,"href":"https:\/\/cyklos.stage.tankbar.cloud\/fi\/wp-json\/wp\/v2\/media\/32905"}],"wp:attachment":[{"href":"https:\/\/cyklos.stage.tankbar.cloud\/fi\/wp-json\/wp\/v2\/media?parent=32889"}],"wp:term":[{"taxonomy":"product_brand","embeddable":true,"href":"https:\/\/cyklos.stage.tankbar.cloud\/fi\/wp-json\/wp\/v2\/product_brand?post=32889"},{"taxonomy":"product_cat","embeddable":true,"href":"https:\/\/cyklos.stage.tankbar.cloud\/fi\/wp-json\/wp\/v2\/product_cat?post=32889"},{"taxonomy":"product_tag","embeddable":true,"href":"https:\/\/cyklos.stage.tankbar.cloud\/fi\/wp-json\/wp\/v2\/product_tag?post=32889"}],"curies":[{"name":"wp","href":"https:\/\/api.w.org\/{rel}","templated":true}]}}