{"id":32890,"date":"2021-09-26T11:04:34","date_gmt":"2021-09-26T09:04:34","guid":{"rendered":"https:\/\/cyklos.stage.tankbar.cloud\/fi\/?post_type=product&#038;p=32890"},"modified":"2024-10-10T15:08:28","modified_gmt":"2024-10-10T13:08:28","slug":"tavarapyoran-runkolukitusteline-cargo","status":"publish","type":"product","link":"https:\/\/cyklos.stage.tankbar.cloud\/fi\/produkt\/tavarapyoran-runkolukitusteline-cargo\/","title":{"rendered":"Tavarapy\u00f6r\u00e4n runkolukitusteline CARGO"},"content":{"rendered":"<h3>Tavarapy\u00f6r\u00e4n runkolukitusteline<\/h3>\n<p>Soveltuu\u202fkaikille\u202ftavarapy\u00f6rille.\u202fN\u00e4kyv\u00e4\u202fpaikka\u202fkahdelle\u202ftavara\u2013 ja\u202flaatikkopy\u00f6r\u00e4lle\u202fomalla\u202frunkolukitustelineell\u00e4.<\/p>\n<h3>Mahdollisuudet<\/h3>\n<p class=\"p1\"><span class=\"TextRun SCXW226320626 BCX0\" lang=\"SV-SE\" xml:lang=\"SV-SE\" data-contrast=\"none\"><span class=\"NormalTextRun SCXW226320626 BCX0\" data-ccp-charstyle=\"normaltextrun\" data-ccp-charstyle-defn=\"{&quot;ObjectId&quot;:&quot;cf47b0ea-dd08-4d11-808c-e7292f0fb6e7|6&quot;,&quot;ClassId&quot;:1073872969,&quot;Properties&quot;:[134233614,&quot;true&quot;,201340122,&quot;1&quot;,469775450,&quot;normaltextrun&quot;,469778129,&quot;normaltextrun&quot;,469778324,&quot;Default Paragraph Font&quot;]}\">CARGO\u202f<\/span><span class=\"NormalTextRun SCXW226320626 BCX0\" data-ccp-charstyle=\"spellingerror\" data-ccp-charstyle-defn=\"{&quot;ObjectId&quot;:&quot;cf47b0ea-dd08-4d11-808c-e7292f0fb6e7|8&quot;,&quot;ClassId&quot;:1073872969,&quot;Properties&quot;:[134233614,&quot;true&quot;,201340122,&quot;1&quot;,469775450,&quot;spellingerror&quot;,469778129,&quot;spellingerror&quot;,469778324,&quot;Default Paragraph Font&quot;]}\">voidaan<\/span><span class=\"NormalTextRun SCXW226320626 BCX0\" data-ccp-charstyle=\"normaltextrun\">\u202f<\/span><span class=\"NormalTextRun SCXW226320626 BCX0\" data-ccp-charstyle=\"spellingerror\">yhdist\u00e4\u00e4<\/span><span class=\"NormalTextRun SCXW226320626 BCX0\" data-ccp-charstyle=\"normaltextrun\">\u202f<a href=\"https:\/\/cyklos.stage.tankbar.cloud\/fi\/produkt\/delta-pyorateline-runkolukitusteline\/\">DELTA\u202f<\/a><\/span><span class=\"NormalTextRun SCXW226320626 BCX0\" data-ccp-charstyle=\"spellingerror\">py\u00f6r\u00e4telineen<\/span><span class=\"NormalTextRun SCXW226320626 BCX0\" data-ccp-charstyle=\"normaltextrun\">\u202f<\/span><span class=\"NormalTextRun SCXW226320626 BCX0\" data-ccp-charstyle=\"spellingerror\">kanssa<\/span><span class=\"NormalTextRun SCXW226320626 BCX0\" data-ccp-charstyle=\"normaltextrun\">\u202f<\/span><span class=\"NormalTextRun SCXW226320626 BCX0\" data-ccp-charstyle=\"spellingerror\">samalle<\/span><span class=\"NormalTextRun SCXW226320626 BCX0\" data-ccp-charstyle=\"normaltextrun\">\u202f<\/span><span class=\"NormalTextRun SCXW226320626 BCX0\" data-ccp-charstyle=\"spellingerror\">pys\u00e4k\u00f6intialueelle<\/span><span class=\"NormalTextRun SCXW226320626 BCX0\" data-ccp-charstyle=\"normaltextrun\">,\u202f<\/span><a href=\"https:\/\/cyklos.stage.tankbar.cloud\/fi\/produkter\/pyorakatos\/\"><span class=\"NormalTextRun SCXW226320626 BCX0\" data-ccp-charstyle=\"spellingerror\">py\u00f6r\u00e4talleissa<\/span><\/a><span class=\"NormalTextRun SCXW226320626 BCX0\" data-ccp-charstyle=\"normaltextrun\">\u202fLINK tai\u202f<\/span><span class=\"NormalTextRun SCXW226320626 BCX0\" data-ccp-charstyle=\"normaltextrun\">FLOW<\/span><span class=\"NormalTextRun SCXW226320626 BCX0\" data-ccp-charstyle=\"normaltextrun\">\u202ftai\u202f<a href=\"https:\/\/cyklos.stage.tankbar.cloud\/fi\/produkt\/kaksipuolinen-pyorakatos-ypsilon\/\">YPSILON <\/a><\/span><span class=\"SpellingError SCXW226320626 BCX0\" data-ccp-charstyle=\"spellingerror\">py\u00f6r\u00e4katoksen<\/span><span class=\"NormalTextRun SCXW226320626 BCX0\" data-ccp-charstyle=\"normaltextrun\">\u202f<\/span><span class=\"SpellingError SCXW226320626 BCX0\" data-ccp-charstyle=\"spellingerror\">alle<\/span><span class=\"NormalTextRun SCXW226320626 BCX0\" data-ccp-charstyle=\"normaltextrun\">.<\/span><span class=\"NormalTextRun SCXW226320626 BCX0\" data-ccp-charstyle=\"eop\" data-ccp-charstyle-defn=\"{&quot;ObjectId&quot;:&quot;cf47b0ea-dd08-4d11-808c-e7292f0fb6e7|7&quot;,&quot;ClassId&quot;:1073872969,&quot;Properties&quot;:[134233614,&quot;true&quot;,201340122,&quot;1&quot;,469775450,&quot;eop&quot;,469778129,&quot;eop&quot;,469778324,&quot;Default Paragraph Font&quot;]}\">\u202f<\/span><\/span><span class=\"EOP SCXW226320626 BCX0\" data-ccp-props=\"{&quot;134233117&quot;:true,&quot;134233118&quot;:true}\">\u00a0<\/span><\/p>\n<h3><strong>Sertifikaatit<\/strong><\/h3>\n<p><img decoding=\"async\" src=\"https:\/\/cyklos.stage.tankbar.cloud\/no\/wp-content\/uploads\/sites\/9\/2018\/04\/byggvarubedo%CC%88mningen-300x30.png\" \/><\/p>\n","protected":false},"excerpt":{"rendered":"<p>Yksinkertainen mutta toimiva kaariteline kaiken tyyppisille erikoispy\u00f6rille. Vapaasti seisovana, py\u00f6r\u00e4talleissa tai py\u00f6r\u00e4katoksen alla. Kaariteline ottaa n\u00e4kyv\u00e4sti tilaa julkisessa ymp\u00e4rist\u00f6ss\u00e4 ja on tarkoitettu nimenomaan tavara- ja laatikkopy\u00f6rille. Runkolukituskaari kahdelle erikoispy\u00f6r\u00e4lle.<\/p>\n","protected":false},"featured_media":32891,"comment_status":"closed","ping_status":"closed","template":"","meta":{"_acf_changed":false},"product_brand":[],"product_cat":[283],"product_tag":[],"class_list":{"0":"post-32890","1":"product","2":"type-product","3":"status-publish","4":"has-post-thumbnail","6":"product_cat-pyorateline","8":"first","9":"instock","10":"shipping-taxable","11":"product-type-simple"},"acf":[],"yoast_head":"<!-- This site is optimized with the Yoast SEO plugin v27.2 - https:\/\/yoast.com\/product\/yoast-seo-wordpress\/ -->\n<title>Tavarapy\u00f6r\u00e4n runkolukitusteline CARGO - Cyklos | Finland<\/title>\n<meta name=\"robots\" content=\"noindex, follow, max-snippet:-1, max-image-preview:large, max-video-preview:-1\" \/>\n<meta property=\"og:locale\" content=\"fi_FI\" \/>\n<meta property=\"og:type\" content=\"article\" \/>\n<meta property=\"og:title\" content=\"Tavarapy\u00f6r\u00e4n runkolukitusteline CARGO - Cyklos | Finland\" \/>\n<meta property=\"og:description\" content=\"Yksinkertainen mutta toimiva kaariteline kaiken tyyppisille erikoispy\u00f6rille. Vapaasti seisovana, py\u00f6r\u00e4talleissa tai py\u00f6r\u00e4katoksen alla. Kaariteline ottaa n\u00e4kyv\u00e4sti tilaa julkisessa ymp\u00e4rist\u00f6ss\u00e4 ja on tarkoitettu nimenomaan tavara- ja laatikkopy\u00f6rille. Runkolukituskaari kahdelle erikoispy\u00f6r\u00e4lle.\" \/>\n<meta property=\"og:url\" content=\"https:\/\/cyklos.stage.tankbar.cloud\/fi\/produkt\/tavarapyoran-runkolukitusteline-cargo\/\" \/>\n<meta property=\"og:site_name\" content=\"Cyklos | Finland\" \/>\n<meta property=\"article:modified_time\" content=\"2024-10-10T13:08:28+00:00\" \/>\n<meta property=\"og:image\" content=\"https:\/\/cyklos.stage.tankbar.cloud\/fi\/wp-content\/uploads\/sites\/8\/2021\/09\/laatikkopyora-pyorapysakointi.jpg\" \/>\n\t<meta property=\"og:image:width\" content=\"1905\" \/>\n\t<meta property=\"og:image:height\" content=\"1200\" \/>\n\t<meta property=\"og:image:type\" content=\"image\/jpeg\" \/>\n<meta name=\"twitter:card\" content=\"summary_large_image\" \/>\n<meta name=\"twitter:label1\" content=\"Arvioitu lukuaika\" \/>\n\t<meta name=\"twitter:data1\" content=\"1 minuutti\" \/>\n<script type=\"application\/ld+json\" class=\"yoast-schema-graph\">{\"@context\":\"https:\/\/schema.org\",\"@graph\":[{\"@type\":\"WebPage\",\"@id\":\"https:\/\/cyklos.stage.tankbar.cloud\/fi\/produkt\/tavarapyoran-runkolukitusteline-cargo\/\",\"url\":\"https:\/\/cyklos.stage.tankbar.cloud\/fi\/produkt\/tavarapyoran-runkolukitusteline-cargo\/\",\"name\":\"Tavarapy\u00f6r\u00e4n runkolukitusteline CARGO - Cyklos | Finland\",\"isPartOf\":{\"@id\":\"https:\/\/cyklos.stage.tankbar.cloud\/fi\/#website\"},\"primaryImageOfPage\":{\"@id\":\"https:\/\/cyklos.stage.tankbar.cloud\/fi\/produkt\/tavarapyoran-runkolukitusteline-cargo\/#primaryimage\"},\"image\":{\"@id\":\"https:\/\/cyklos.stage.tankbar.cloud\/fi\/produkt\/tavarapyoran-runkolukitusteline-cargo\/#primaryimage\"},\"thumbnailUrl\":\"https:\/\/cyklos.stage.tankbar.cloud\/fi\/wp-content\/uploads\/sites\/8\/2021\/09\/laatikkopyora-pyorapysakointi.jpg\",\"datePublished\":\"2021-09-26T09:04:34+00:00\",\"dateModified\":\"2024-10-10T13:08:28+00:00\",\"breadcrumb\":{\"@id\":\"https:\/\/cyklos.stage.tankbar.cloud\/fi\/produkt\/tavarapyoran-runkolukitusteline-cargo\/#breadcrumb\"},\"inLanguage\":\"fi\",\"potentialAction\":[{\"@type\":\"ReadAction\",\"target\":[\"https:\/\/cyklos.stage.tankbar.cloud\/fi\/produkt\/tavarapyoran-runkolukitusteline-cargo\/\"]}]},{\"@type\":\"ImageObject\",\"inLanguage\":\"fi\",\"@id\":\"https:\/\/cyklos.stage.tankbar.cloud\/fi\/produkt\/tavarapyoran-runkolukitusteline-cargo\/#primaryimage\",\"url\":\"https:\/\/cyklos.stage.tankbar.cloud\/fi\/wp-content\/uploads\/sites\/8\/2021\/09\/laatikkopyora-pyorapysakointi.jpg\",\"contentUrl\":\"https:\/\/cyklos.stage.tankbar.cloud\/fi\/wp-content\/uploads\/sites\/8\/2021\/09\/laatikkopyora-pyorapysakointi.jpg\",\"width\":1905,\"height\":1200,\"caption\":\"Laatikkopy\u00f6r\u00e4n runkolukitus\"},{\"@type\":\"BreadcrumbList\",\"@id\":\"https:\/\/cyklos.stage.tankbar.cloud\/fi\/produkt\/tavarapyoran-runkolukitusteline-cargo\/#breadcrumb\",\"itemListElement\":[{\"@type\":\"ListItem\",\"position\":1,\"name\":\"Home\",\"item\":\"https:\/\/cyklos.stage.tankbar.cloud\/fi\/\"},{\"@type\":\"ListItem\",\"position\":2,\"name\":\"Tuotteet\",\"item\":\"https:\/\/cyklos.stage.tankbar.cloud\/fi\/shop\/\"},{\"@type\":\"ListItem\",\"position\":3,\"name\":\"Tavarapy\u00f6r\u00e4n runkolukitusteline CARGO\"}]},{\"@type\":\"WebSite\",\"@id\":\"https:\/\/cyklos.stage.tankbar.cloud\/fi\/#website\",\"url\":\"https:\/\/cyklos.stage.tankbar.cloud\/fi\/\",\"name\":\"Cyklos | Finland\",\"description\":\"Tulevaisuuden liikenne alkaa meilt\u00e4!\",\"potentialAction\":[{\"@type\":\"SearchAction\",\"target\":{\"@type\":\"EntryPoint\",\"urlTemplate\":\"https:\/\/cyklos.stage.tankbar.cloud\/fi\/?s={search_term_string}\"},\"query-input\":{\"@type\":\"PropertyValueSpecification\",\"valueRequired\":true,\"valueName\":\"search_term_string\"}}],\"inLanguage\":\"fi\"}]}<\/script>\n<!-- \/ Yoast SEO plugin. -->","yoast_head_json":{"title":"Tavarapy\u00f6r\u00e4n runkolukitusteline CARGO - Cyklos | Finland","robots":{"index":"noindex","follow":"follow","max-snippet":"max-snippet:-1","max-image-preview":"max-image-preview:large","max-video-preview":"max-video-preview:-1"},"og_locale":"fi_FI","og_type":"article","og_title":"Tavarapy\u00f6r\u00e4n runkolukitusteline CARGO - Cyklos | Finland","og_description":"Yksinkertainen mutta toimiva kaariteline kaiken tyyppisille erikoispy\u00f6rille. Vapaasti seisovana, py\u00f6r\u00e4talleissa tai py\u00f6r\u00e4katoksen alla. Kaariteline ottaa n\u00e4kyv\u00e4sti tilaa julkisessa ymp\u00e4rist\u00f6ss\u00e4 ja on tarkoitettu nimenomaan tavara- ja laatikkopy\u00f6rille. Runkolukituskaari kahdelle erikoispy\u00f6r\u00e4lle.","og_url":"https:\/\/cyklos.stage.tankbar.cloud\/fi\/produkt\/tavarapyoran-runkolukitusteline-cargo\/","og_site_name":"Cyklos | Finland","article_modified_time":"2024-10-10T13:08:28+00:00","og_image":[{"width":1905,"height":1200,"url":"https:\/\/cyklos.stage.tankbar.cloud\/fi\/wp-content\/uploads\/sites\/8\/2021\/09\/laatikkopyora-pyorapysakointi.jpg","type":"image\/jpeg"}],"twitter_card":"summary_large_image","twitter_misc":{"Arvioitu lukuaika":"1 minuutti"},"schema":{"@context":"https:\/\/schema.org","@graph":[{"@type":"WebPage","@id":"https:\/\/cyklos.stage.tankbar.cloud\/fi\/produkt\/tavarapyoran-runkolukitusteline-cargo\/","url":"https:\/\/cyklos.stage.tankbar.cloud\/fi\/produkt\/tavarapyoran-runkolukitusteline-cargo\/","name":"Tavarapy\u00f6r\u00e4n runkolukitusteline CARGO - Cyklos | Finland","isPartOf":{"@id":"https:\/\/cyklos.stage.tankbar.cloud\/fi\/#website"},"primaryImageOfPage":{"@id":"https:\/\/cyklos.stage.tankbar.cloud\/fi\/produkt\/tavarapyoran-runkolukitusteline-cargo\/#primaryimage"},"image":{"@id":"https:\/\/cyklos.stage.tankbar.cloud\/fi\/produkt\/tavarapyoran-runkolukitusteline-cargo\/#primaryimage"},"thumbnailUrl":"https:\/\/cyklos.stage.tankbar.cloud\/fi\/wp-content\/uploads\/sites\/8\/2021\/09\/laatikkopyora-pyorapysakointi.jpg","datePublished":"2021-09-26T09:04:34+00:00","dateModified":"2024-10-10T13:08:28+00:00","breadcrumb":{"@id":"https:\/\/cyklos.stage.tankbar.cloud\/fi\/produkt\/tavarapyoran-runkolukitusteline-cargo\/#breadcrumb"},"inLanguage":"fi","potentialAction":[{"@type":"ReadAction","target":["https:\/\/cyklos.stage.tankbar.cloud\/fi\/produkt\/tavarapyoran-runkolukitusteline-cargo\/"]}]},{"@type":"ImageObject","inLanguage":"fi","@id":"https:\/\/cyklos.stage.tankbar.cloud\/fi\/produkt\/tavarapyoran-runkolukitusteline-cargo\/#primaryimage","url":"https:\/\/cyklos.stage.tankbar.cloud\/fi\/wp-content\/uploads\/sites\/8\/2021\/09\/laatikkopyora-pyorapysakointi.jpg","contentUrl":"https:\/\/cyklos.stage.tankbar.cloud\/fi\/wp-content\/uploads\/sites\/8\/2021\/09\/laatikkopyora-pyorapysakointi.jpg","width":1905,"height":1200,"caption":"Laatikkopy\u00f6r\u00e4n runkolukitus"},{"@type":"BreadcrumbList","@id":"https:\/\/cyklos.stage.tankbar.cloud\/fi\/produkt\/tavarapyoran-runkolukitusteline-cargo\/#breadcrumb","itemListElement":[{"@type":"ListItem","position":1,"name":"Home","item":"https:\/\/cyklos.stage.tankbar.cloud\/fi\/"},{"@type":"ListItem","position":2,"name":"Tuotteet","item":"https:\/\/cyklos.stage.tankbar.cloud\/fi\/shop\/"},{"@type":"ListItem","position":3,"name":"Tavarapy\u00f6r\u00e4n runkolukitusteline CARGO"}]},{"@type":"WebSite","@id":"https:\/\/cyklos.stage.tankbar.cloud\/fi\/#website","url":"https:\/\/cyklos.stage.tankbar.cloud\/fi\/","name":"Cyklos | Finland","description":"Tulevaisuuden liikenne alkaa meilt\u00e4!","potentialAction":[{"@type":"SearchAction","target":{"@type":"EntryPoint","urlTemplate":"https:\/\/cyklos.stage.tankbar.cloud\/fi\/?s={search_term_string}"},"query-input":{"@type":"PropertyValueSpecification","valueRequired":true,"valueName":"search_term_string"}}],"inLanguage":"fi"}]}},"_links":{"self":[{"href":"https:\/\/cyklos.stage.tankbar.cloud\/fi\/wp-json\/wp\/v2\/product\/32890","targetHints":{"allow":["GET"]}}],"collection":[{"href":"https:\/\/cyklos.stage.tankbar.cloud\/fi\/wp-json\/wp\/v2\/product"}],"about":[{"href":"https:\/\/cyklos.stage.tankbar.cloud\/fi\/wp-json\/wp\/v2\/types\/product"}],"replies":[{"embeddable":true,"href":"https:\/\/cyklos.stage.tankbar.cloud\/fi\/wp-json\/wp\/v2\/comments?post=32890"}],"wp:featuredmedia":[{"embeddable":true,"href":"https:\/\/cyklos.stage.tankbar.cloud\/fi\/wp-json\/wp\/v2\/media\/32891"}],"wp:attachment":[{"href":"https:\/\/cyklos.stage.tankbar.cloud\/fi\/wp-json\/wp\/v2\/media?parent=32890"}],"wp:term":[{"taxonomy":"product_brand","embeddable":true,"href":"https:\/\/cyklos.stage.tankbar.cloud\/fi\/wp-json\/wp\/v2\/product_brand?post=32890"},{"taxonomy":"product_cat","embeddable":true,"href":"https:\/\/cyklos.stage.tankbar.cloud\/fi\/wp-json\/wp\/v2\/product_cat?post=32890"},{"taxonomy":"product_tag","embeddable":true,"href":"https:\/\/cyklos.stage.tankbar.cloud\/fi\/wp-json\/wp\/v2\/product_tag?post=32890"}],"curies":[{"name":"wp","href":"https:\/\/api.w.org\/{rel}","templated":true}]}}