{"id":33021,"date":"2022-03-08T08:29:00","date_gmt":"2022-03-08T07:29:00","guid":{"rendered":"https:\/\/cyklos.stage.tankbar.cloud\/fi\/?post_type=product&#038;p=33021"},"modified":"2023-10-30T16:05:40","modified_gmt":"2023-10-30T15:05:40","slug":"yard-pyoratalo","status":"publish","type":"product","link":"https:\/\/cyklos.stage.tankbar.cloud\/fi\/produkt\/yard-pyoratalo\/","title":{"rendered":"YARD-py\u00f6r\u00e4talo"},"content":{"rendered":"<div class=\"wpb-content-wrapper\"><p>[vc_row][vc_column][vc_column_text]<strong>Luo oma YARD<\/strong><\/p>\n<p>Voit luoda oman YARD-py\u00f6r\u00e4pys\u00e4k\u00f6innin piirustusohjelmilla kuten REVIT ja ARCHICAD! YARD on rakennettu eri syvyisist\u00e4, levyisist\u00e4 ja korkuisista moduuleista, ja voit vapaasti valita, mihin osiin tulee sein\u00e4t. Katso lis\u00e4\u00e4 oman py\u00f6r\u00e4pys\u00e4k\u00f6innin suunnittelusta osoitteesta prodlib.com\/cyklos.<\/p>\n<p>YARDin yhteyteen suosittelemme DELTA-py\u00f6r\u00e4telineit\u00e4 tai kaksikerroksisia OPTIMA-py\u00f6r\u00e4telineit\u00e4, mutta py\u00f6r\u00e4pys\u00e4k\u00f6intiin voidaan yhdist\u00e4\u00e4 kaikkia py\u00f6r\u00e4telineit\u00e4mme.<\/p>\n<p><strong>Lis\u00e4valinnat<\/strong><\/p>\n<p>Integroitu LED-valaistus. Valaisimet asennetaan ter\u00e4sprofiilin sis\u00e4puolelle ja suunnataan kohti puisia sivulautoja. Luo l\u00e4mpim\u00e4n ja turvallisen tunteen.<\/p>\n<p>Lis\u00e4varusteena on saatavana kaksi liukuovea osaa kohti. Ovissa on STEP 8 -lukitusmoduuli, joka toimii valinnaisen avausj\u00e4rjestelm\u00e4n kanssa.[\/vc_column_text][\/vc_column][\/vc_row]<\/p>\n<\/div>","protected":false},"excerpt":{"rendered":"<p>YARD-py\u00f6r\u00e4talossa yhdistyy kaikki asiantuntemuksemme py\u00f6r\u00e4pys\u00e4k\u00f6innin alalla. Virtaviivainen pohjoismainen muotokieli, laajat muokkausmahdollisuudet arkkitehdeille ja hyv\u00e4 toimivuus py\u00f6r\u00e4ilij\u00e4lle. YARD toimii erinomaisesti sek\u00e4 yksityisiss\u00e4 ett\u00e4 julkisissa ulkotiloissa.<\/p>\n","protected":false},"featured_media":33352,"comment_status":"closed","ping_status":"closed","template":"","meta":{"_acf_changed":false},"product_brand":[],"product_cat":[260],"product_tag":[],"class_list":{"0":"post-33021","1":"product","2":"type-product","3":"status-publish","4":"has-post-thumbnail","6":"product_cat-pyorakatos","8":"first","9":"instock","10":"shipping-taxable","11":"product-type-simple"},"acf":[],"yoast_head":"<!-- This site is optimized with the Yoast SEO plugin v27.2 - https:\/\/yoast.com\/product\/yoast-seo-wordpress\/ -->\n<title>YARD-py\u00f6r\u00e4talo - Cyklos | Finland<\/title>\n<meta name=\"robots\" content=\"noindex, follow, max-snippet:-1, max-image-preview:large, max-video-preview:-1\" \/>\n<meta property=\"og:locale\" content=\"fi_FI\" \/>\n<meta property=\"og:type\" content=\"article\" \/>\n<meta property=\"og:title\" content=\"YARD-py\u00f6r\u00e4talo - Cyklos | Finland\" \/>\n<meta property=\"og:description\" content=\"YARD-py\u00f6r\u00e4talossa yhdistyy kaikki asiantuntemuksemme py\u00f6r\u00e4pys\u00e4k\u00f6innin alalla. Virtaviivainen pohjoismainen muotokieli, laajat muokkausmahdollisuudet arkkitehdeille ja hyv\u00e4 toimivuus py\u00f6r\u00e4ilij\u00e4lle. YARD toimii erinomaisesti sek\u00e4 yksityisiss\u00e4 ett\u00e4 julkisissa ulkotiloissa.\" \/>\n<meta property=\"og:url\" content=\"https:\/\/cyklos.stage.tankbar.cloud\/fi\/produkt\/yard-pyoratalo\/\" \/>\n<meta property=\"og:site_name\" content=\"Cyklos | Finland\" \/>\n<meta property=\"article:modified_time\" content=\"2023-10-30T15:05:40+00:00\" \/>\n<meta property=\"og:image\" content=\"https:\/\/cyklos.stage.tankbar.cloud\/fi\/wp-content\/uploads\/sites\/8\/2022\/09\/pyoratalli.jpg\" \/>\n\t<meta property=\"og:image:width\" content=\"1800\" \/>\n\t<meta property=\"og:image:height\" content=\"1200\" \/>\n\t<meta property=\"og:image:type\" content=\"image\/jpeg\" \/>\n<meta name=\"twitter:card\" content=\"summary_large_image\" \/>\n<meta name=\"twitter:label1\" content=\"Arvioitu lukuaika\" \/>\n\t<meta name=\"twitter:data1\" content=\"1 minuutti\" \/>\n<script type=\"application\/ld+json\" class=\"yoast-schema-graph\">{\"@context\":\"https:\/\/schema.org\",\"@graph\":[{\"@type\":\"WebPage\",\"@id\":\"https:\/\/cyklos.stage.tankbar.cloud\/fi\/produkt\/yard-pyoratalo\/\",\"url\":\"https:\/\/cyklos.stage.tankbar.cloud\/fi\/produkt\/yard-pyoratalo\/\",\"name\":\"YARD-py\u00f6r\u00e4talo - Cyklos | Finland\",\"isPartOf\":{\"@id\":\"https:\/\/cyklos.stage.tankbar.cloud\/fi\/#website\"},\"primaryImageOfPage\":{\"@id\":\"https:\/\/cyklos.stage.tankbar.cloud\/fi\/produkt\/yard-pyoratalo\/#primaryimage\"},\"image\":{\"@id\":\"https:\/\/cyklos.stage.tankbar.cloud\/fi\/produkt\/yard-pyoratalo\/#primaryimage\"},\"thumbnailUrl\":\"https:\/\/cyklos.stage.tankbar.cloud\/fi\/wp-content\/uploads\/sites\/8\/2022\/09\/pyoratalli.jpg\",\"datePublished\":\"2022-03-08T07:29:00+00:00\",\"dateModified\":\"2023-10-30T15:05:40+00:00\",\"breadcrumb\":{\"@id\":\"https:\/\/cyklos.stage.tankbar.cloud\/fi\/produkt\/yard-pyoratalo\/#breadcrumb\"},\"inLanguage\":\"fi\",\"potentialAction\":[{\"@type\":\"ReadAction\",\"target\":[\"https:\/\/cyklos.stage.tankbar.cloud\/fi\/produkt\/yard-pyoratalo\/\"]}]},{\"@type\":\"ImageObject\",\"inLanguage\":\"fi\",\"@id\":\"https:\/\/cyklos.stage.tankbar.cloud\/fi\/produkt\/yard-pyoratalo\/#primaryimage\",\"url\":\"https:\/\/cyklos.stage.tankbar.cloud\/fi\/wp-content\/uploads\/sites\/8\/2022\/09\/pyoratalli.jpg\",\"contentUrl\":\"https:\/\/cyklos.stage.tankbar.cloud\/fi\/wp-content\/uploads\/sites\/8\/2022\/09\/pyoratalli.jpg\",\"width\":1800,\"height\":1200},{\"@type\":\"BreadcrumbList\",\"@id\":\"https:\/\/cyklos.stage.tankbar.cloud\/fi\/produkt\/yard-pyoratalo\/#breadcrumb\",\"itemListElement\":[{\"@type\":\"ListItem\",\"position\":1,\"name\":\"Home\",\"item\":\"https:\/\/cyklos.stage.tankbar.cloud\/fi\/\"},{\"@type\":\"ListItem\",\"position\":2,\"name\":\"Tuotteet\",\"item\":\"https:\/\/cyklos.stage.tankbar.cloud\/fi\/shop\/\"},{\"@type\":\"ListItem\",\"position\":3,\"name\":\"YARD-py\u00f6r\u00e4talo\"}]},{\"@type\":\"WebSite\",\"@id\":\"https:\/\/cyklos.stage.tankbar.cloud\/fi\/#website\",\"url\":\"https:\/\/cyklos.stage.tankbar.cloud\/fi\/\",\"name\":\"Cyklos | Finland\",\"description\":\"Tulevaisuuden liikenne alkaa meilt\u00e4!\",\"potentialAction\":[{\"@type\":\"SearchAction\",\"target\":{\"@type\":\"EntryPoint\",\"urlTemplate\":\"https:\/\/cyklos.stage.tankbar.cloud\/fi\/?s={search_term_string}\"},\"query-input\":{\"@type\":\"PropertyValueSpecification\",\"valueRequired\":true,\"valueName\":\"search_term_string\"}}],\"inLanguage\":\"fi\"}]}<\/script>\n<!-- \/ Yoast SEO plugin. -->","yoast_head_json":{"title":"YARD-py\u00f6r\u00e4talo - Cyklos | Finland","robots":{"index":"noindex","follow":"follow","max-snippet":"max-snippet:-1","max-image-preview":"max-image-preview:large","max-video-preview":"max-video-preview:-1"},"og_locale":"fi_FI","og_type":"article","og_title":"YARD-py\u00f6r\u00e4talo - Cyklos | Finland","og_description":"YARD-py\u00f6r\u00e4talossa yhdistyy kaikki asiantuntemuksemme py\u00f6r\u00e4pys\u00e4k\u00f6innin alalla. Virtaviivainen pohjoismainen muotokieli, laajat muokkausmahdollisuudet arkkitehdeille ja hyv\u00e4 toimivuus py\u00f6r\u00e4ilij\u00e4lle. YARD toimii erinomaisesti sek\u00e4 yksityisiss\u00e4 ett\u00e4 julkisissa ulkotiloissa.","og_url":"https:\/\/cyklos.stage.tankbar.cloud\/fi\/produkt\/yard-pyoratalo\/","og_site_name":"Cyklos | Finland","article_modified_time":"2023-10-30T15:05:40+00:00","og_image":[{"width":1800,"height":1200,"url":"https:\/\/cyklos.stage.tankbar.cloud\/fi\/wp-content\/uploads\/sites\/8\/2022\/09\/pyoratalli.jpg","type":"image\/jpeg"}],"twitter_card":"summary_large_image","twitter_misc":{"Arvioitu lukuaika":"1 minuutti"},"schema":{"@context":"https:\/\/schema.org","@graph":[{"@type":"WebPage","@id":"https:\/\/cyklos.stage.tankbar.cloud\/fi\/produkt\/yard-pyoratalo\/","url":"https:\/\/cyklos.stage.tankbar.cloud\/fi\/produkt\/yard-pyoratalo\/","name":"YARD-py\u00f6r\u00e4talo - Cyklos | Finland","isPartOf":{"@id":"https:\/\/cyklos.stage.tankbar.cloud\/fi\/#website"},"primaryImageOfPage":{"@id":"https:\/\/cyklos.stage.tankbar.cloud\/fi\/produkt\/yard-pyoratalo\/#primaryimage"},"image":{"@id":"https:\/\/cyklos.stage.tankbar.cloud\/fi\/produkt\/yard-pyoratalo\/#primaryimage"},"thumbnailUrl":"https:\/\/cyklos.stage.tankbar.cloud\/fi\/wp-content\/uploads\/sites\/8\/2022\/09\/pyoratalli.jpg","datePublished":"2022-03-08T07:29:00+00:00","dateModified":"2023-10-30T15:05:40+00:00","breadcrumb":{"@id":"https:\/\/cyklos.stage.tankbar.cloud\/fi\/produkt\/yard-pyoratalo\/#breadcrumb"},"inLanguage":"fi","potentialAction":[{"@type":"ReadAction","target":["https:\/\/cyklos.stage.tankbar.cloud\/fi\/produkt\/yard-pyoratalo\/"]}]},{"@type":"ImageObject","inLanguage":"fi","@id":"https:\/\/cyklos.stage.tankbar.cloud\/fi\/produkt\/yard-pyoratalo\/#primaryimage","url":"https:\/\/cyklos.stage.tankbar.cloud\/fi\/wp-content\/uploads\/sites\/8\/2022\/09\/pyoratalli.jpg","contentUrl":"https:\/\/cyklos.stage.tankbar.cloud\/fi\/wp-content\/uploads\/sites\/8\/2022\/09\/pyoratalli.jpg","width":1800,"height":1200},{"@type":"BreadcrumbList","@id":"https:\/\/cyklos.stage.tankbar.cloud\/fi\/produkt\/yard-pyoratalo\/#breadcrumb","itemListElement":[{"@type":"ListItem","position":1,"name":"Home","item":"https:\/\/cyklos.stage.tankbar.cloud\/fi\/"},{"@type":"ListItem","position":2,"name":"Tuotteet","item":"https:\/\/cyklos.stage.tankbar.cloud\/fi\/shop\/"},{"@type":"ListItem","position":3,"name":"YARD-py\u00f6r\u00e4talo"}]},{"@type":"WebSite","@id":"https:\/\/cyklos.stage.tankbar.cloud\/fi\/#website","url":"https:\/\/cyklos.stage.tankbar.cloud\/fi\/","name":"Cyklos | Finland","description":"Tulevaisuuden liikenne alkaa meilt\u00e4!","potentialAction":[{"@type":"SearchAction","target":{"@type":"EntryPoint","urlTemplate":"https:\/\/cyklos.stage.tankbar.cloud\/fi\/?s={search_term_string}"},"query-input":{"@type":"PropertyValueSpecification","valueRequired":true,"valueName":"search_term_string"}}],"inLanguage":"fi"}]}},"_links":{"self":[{"href":"https:\/\/cyklos.stage.tankbar.cloud\/fi\/wp-json\/wp\/v2\/product\/33021","targetHints":{"allow":["GET"]}}],"collection":[{"href":"https:\/\/cyklos.stage.tankbar.cloud\/fi\/wp-json\/wp\/v2\/product"}],"about":[{"href":"https:\/\/cyklos.stage.tankbar.cloud\/fi\/wp-json\/wp\/v2\/types\/product"}],"replies":[{"embeddable":true,"href":"https:\/\/cyklos.stage.tankbar.cloud\/fi\/wp-json\/wp\/v2\/comments?post=33021"}],"wp:featuredmedia":[{"embeddable":true,"href":"https:\/\/cyklos.stage.tankbar.cloud\/fi\/wp-json\/wp\/v2\/media\/33352"}],"wp:attachment":[{"href":"https:\/\/cyklos.stage.tankbar.cloud\/fi\/wp-json\/wp\/v2\/media?parent=33021"}],"wp:term":[{"taxonomy":"product_brand","embeddable":true,"href":"https:\/\/cyklos.stage.tankbar.cloud\/fi\/wp-json\/wp\/v2\/product_brand?post=33021"},{"taxonomy":"product_cat","embeddable":true,"href":"https:\/\/cyklos.stage.tankbar.cloud\/fi\/wp-json\/wp\/v2\/product_cat?post=33021"},{"taxonomy":"product_tag","embeddable":true,"href":"https:\/\/cyklos.stage.tankbar.cloud\/fi\/wp-json\/wp\/v2\/product_tag?post=33021"}],"curies":[{"name":"wp","href":"https:\/\/api.w.org\/{rel}","templated":true}]}}