{"id":33158,"date":"2022-05-12T10:31:27","date_gmt":"2022-05-12T08:31:27","guid":{"rendered":"https:\/\/cyklos.stage.tankbar.cloud\/fi\/?post_type=product&#038;p=33158"},"modified":"2023-12-04T11:10:59","modified_gmt":"2023-12-04T10:10:59","slug":"pyorakatos-light-saasuojana-polkupyorille","status":"publish","type":"product","link":"https:\/\/cyklos.stage.tankbar.cloud\/fi\/produkt\/pyorakatos-light-saasuojana-polkupyorille\/","title":{"rendered":"Py\u00f6r\u00e4katos LIGHT"},"content":{"rendered":"<div class=\"wpb-content-wrapper\"><p>[vc_row][vc_column][vc_column_text]Katosta voidaan k\u00e4ytt\u00e4\u00e4 s\u00e4\u00e4suojana, py\u00f6r\u00e4katoksena, odotuspaikan suojana tai muihin tarkoituksiin julkisissa ulkotiloissa.<\/p>\n<h3>Suoja<\/h3>\n<ul>\n<li>Moderni ja vahva rakenne, joka asettaa toimivuuden ja muodon etusijalle.<\/li>\n<li>Vankka ja UV-kestosuojattu kest\u00e4v\u00e4, harmaasavun s\u00e4vyinen polykarbonaatti, johtaa ajatuksen lasimaisuuteen sek\u00e4 antaa hyv\u00e4n s\u00e4\u00e4suojan py\u00f6rille ja henkil\u00f6ille, jotka katoksen alle hakeutuvat.<\/li>\n<li>Ilman p\u00e4\u00e4tytolppaa, takaa helpon k\u00e4ytett\u00e4vyyden ja esteett\u00f6m\u00e4n kulun.<\/li>\n<\/ul>\n<h3>Mahdollisuudet<\/h3>\n<ul>\n<li>Voidaan k\u00e4ytt\u00e4\u00e4 yksi- tai kaksipuolisena. Kaksipuolisessa sel\u00e4t vastakkain.<\/li>\n<li>Py\u00f6r\u00e4s\u00e4ilytys: Katos suositellaan k\u00e4ytett\u00e4v\u00e4ksi yhdess\u00e4 DELTA py\u00f6r\u00e4telineen kanssa.<\/li>\n<li>LED-valaistus sis\u00e4\u00e4nrakennettuna runkoon ja valmis betoniperustus l\u00f6ytyv\u00e4t vaihtoehtoina.<\/li>\n<\/ul>\n<h3>Sertifioinnit<\/h3>\n<p><img loading=\"lazy\" decoding=\"async\" class=\"wp-image-19218 size-full\" src=\"https:\/\/cyklos.stage.tankbar.cloud\/fi\/wp-content\/uploads\/sites\/8\/2018\/08\/pohjoismaissa-valmistettu.png\" alt=\"Tuote on valmistettu pohjoismaissa.\" width=\"268\" height=\"22\" \/><\/p>\n<p>Tuote on valmistettu pohjoismaissa. Py\u00f6r\u00e4katos LIGHT noudattaa EU:n-rakennustuoteasetuksia.<br \/>\nKatokset ja tallit ovat CE-merkittyj\u00e4 <a href=\"https:\/\/cyklos.stage.tankbar.cloud\/fi\/wp-content\/uploads\/sites\/8\/2018\/11\/10118-01en.pdf\">EN 1090-1:2009 A1:2011<\/a> mukaan.<\/p>\n<p><img loading=\"lazy\" decoding=\"async\" class=\"alignnone wp-image-1318\" src=\"https:\/\/cyklos.stage.tankbar.cloud\/wp-content\/uploads\/2018\/06\/EN-1090-157x300.jpg\" alt=\"\" width=\"76\" height=\"145\" srcset=\"https:\/\/cyklos.stage.tankbar.cloud\/fi\/wp-content\/uploads\/sites\/8\/2018\/06\/EN-1090-157x300.jpg 157w, https:\/\/cyklos.stage.tankbar.cloud\/fi\/wp-content\/uploads\/sites\/8\/2018\/06\/EN-1090.jpg 526w\" sizes=\"auto, (max-width: 76px) 100vw, 76px\" \/>\u00a0<img loading=\"lazy\" decoding=\"async\" class=\" wp-image-1040\" src=\"https:\/\/cyklos.stage.tankbar.cloud\/wp-content\/uploads\/2018\/06\/ce-mark-300x211.jpg\" alt=\"\" width=\"84\" height=\"59\" srcset=\"https:\/\/cyklos.stage.tankbar.cloud\/fi\/wp-content\/uploads\/sites\/8\/2018\/06\/ce-mark-300x211.jpg 300w, https:\/\/cyklos.stage.tankbar.cloud\/fi\/wp-content\/uploads\/sites\/8\/2018\/06\/ce-mark-768x541.jpg 768w, https:\/\/cyklos.stage.tankbar.cloud\/fi\/wp-content\/uploads\/sites\/8\/2018\/06\/ce-mark-1024x722.jpg 1024w, https:\/\/cyklos.stage.tankbar.cloud\/fi\/wp-content\/uploads\/sites\/8\/2018\/06\/ce-mark-600x423.jpg 600w, https:\/\/cyklos.stage.tankbar.cloud\/fi\/wp-content\/uploads\/sites\/8\/2018\/06\/ce-mark.jpg 1192w\" sizes=\"auto, (max-width: 84px) 100vw, 84px\" \/><\/p>\n<h3><img loading=\"lazy\" decoding=\"async\" class=\"alignnone size-full wp-image-1329\" src=\"https:\/\/www.cyklos.se\/wp-content\/uploads\/sites\/8\/2018\/04\/byggvarubedo\u0308mningen.png\" alt=\"\" width=\"400\" height=\"40\" srcset=\"https:\/\/www.cyklos.se\/wp-content\/uploads\/sites\/8\/2018\/04\/byggvarubedo\u0308mningen.png 400w, https:\/\/www.cyklos.se\/wp-content\/uploads\/sites\/8\/2018\/04\/byggvarubedo\u0308mningen-300x30.png 300w\" sizes=\"auto, (max-width: 400px) 100vw, 400px\" \/><\/h3>\n<h3>Design<\/h3>\n<p>J Linder Cyklos<\/p>\n<p>&nbsp;<\/p>\n<p><strong>Kysymykset, FAQ<\/strong><\/p>\n<p><em><strong>Millaisen valaistuksen voin valita katokselleni?<\/strong><\/em> &#8211; Meill\u00e4 on valmis LED-valaisin ratkaisu katoksille, joka on D-merkitty ja IP65. Valaisin antaa miellytt\u00e4v\u00e4n sek\u00e4 rauhallisen vaikutelman valoisalla 4000K valollaan.<\/p>\n<p><em><strong>Mink\u00e4 v\u00e4risen\u00e4 voin saada katoksen?<\/strong><\/em> &#8211; Kuumasinkittyn\u00e4 ja mustana (RAL 9005) on meid\u00e4n vakiov\u00e4rimme. Voimme my\u00f6s toimittaa muissa RAL-s\u00e4vyiss\u00e4, mik\u00e4 nostaa hintaa hieman. Katso lis\u00e4\u00e4 tuotekuvista, esimerkiksi kaksi eri v\u00e4ris\u00e4vy\u00e4 katoksessa.<\/p>\n<p id=\"produkt-saknar-svar\">Puuttuuko teid\u00e4n kysymyksenne? \u2013 Ota yhteytt\u00e4 tai tarkista tietopankista.<\/p>\n<p>[\/vc_column_text][\/vc_column][\/vc_row]<\/p>\n<\/div>","protected":false},"excerpt":{"rendered":"<p>LIGHT on uuden tyyppinen s\u00e4\u00e4suoja, joka toimii py\u00f6r\u00e4katoksena. Lasimaisuus, kapenevat jalustat sek\u00e4 yksityiskohdat ruostumattomasta ter\u00e4ksest\u00e4 her\u00e4tt\u00e4v\u00e4t ajatuksen nykyaikaisuudesta, joka soveltuu julkisiin ymp\u00e4rist\u00f6ihin ja rakennuksiin kaikkialla pohjoismaissa. Sivun alapuolella lis\u00e4tietoja hankkeista, joista Light l\u00f6ytyy.<\/p>\n","protected":false},"featured_media":31138,"comment_status":"closed","ping_status":"closed","template":"","meta":{"_acf_changed":false},"product_brand":[],"product_cat":[260],"product_tag":[],"class_list":{"0":"post-33158","1":"product","2":"type-product","3":"status-publish","4":"has-post-thumbnail","6":"product_cat-pyorakatos","7":"pa_forankring-betongfundament","8":"pa_forankring-pris-utan-betongfundament-egen-betongplatta-anvands","9":"pa_uppstallning-dubbelsidig","10":"pa_uppstallning-enkelsidig","11":"pa_val-av-sektion-3m-passar-cykelstall-c-c-500-600mm","12":"pa_val-av-sektion-4m-passar-cykelstall-c-c-500","13":"pa_ytbehandling-varmforzinkat-pulverlackerad-i-valfri-ral-farg-standardfarg-svart-ral-9005","14":"pa_ytbehandling-pulverlackerat-i-valfri-ral-farg-standardfarg-svart-ral-9005","16":"first","17":"instock","18":"purchasable","19":"product-type-variable"},"acf":[],"yoast_head":"<!-- This site is optimized with the Yoast SEO plugin v27.2 - https:\/\/yoast.com\/product\/yoast-seo-wordpress\/ -->\n<title>Py\u00f6r\u00e4katos LIGHT s\u00e4\u00e4suojana - Cyklos | Suomi<\/title>\n<meta name=\"description\" content=\"Py\u00f6r\u00e4katos LIGHT on moderni katos suunniteltu s\u00e4\u00e4suojaksi erilaisille k\u00e4ytt\u00f6tarkoituksille tai polkupy\u00f6rille.\" \/>\n<meta name=\"robots\" content=\"noindex, follow, max-snippet:-1, max-image-preview:large, max-video-preview:-1\" \/>\n<meta property=\"og:locale\" content=\"fi_FI\" \/>\n<meta property=\"og:type\" content=\"article\" \/>\n<meta property=\"og:title\" content=\"Py\u00f6r\u00e4katos LIGHT s\u00e4\u00e4suojana - Cyklos | Suomi\" \/>\n<meta property=\"og:description\" content=\"Py\u00f6r\u00e4katos LIGHT on moderni katos suunniteltu s\u00e4\u00e4suojaksi erilaisille k\u00e4ytt\u00f6tarkoituksille tai polkupy\u00f6rille.\" \/>\n<meta property=\"og:url\" content=\"https:\/\/cyklos.stage.tankbar.cloud\/fi\/produkt\/pyorakatos-light-saasuojana-polkupyorille\/\" \/>\n<meta property=\"og:site_name\" content=\"Cyklos | Finland\" \/>\n<meta property=\"article:modified_time\" content=\"2023-12-04T10:10:59+00:00\" \/>\n<meta property=\"og:image\" content=\"https:\/\/cyklos.stage.tankbar.cloud\/fi\/wp-content\/uploads\/sites\/8\/2019\/10\/pyorakatos-laadukas.jpg\" \/>\n\t<meta property=\"og:image:width\" content=\"1785\" \/>\n\t<meta property=\"og:image:height\" content=\"1200\" \/>\n\t<meta property=\"og:image:type\" content=\"image\/jpeg\" \/>\n<meta name=\"twitter:card\" content=\"summary_large_image\" \/>\n<meta name=\"twitter:label1\" content=\"Arvioitu lukuaika\" \/>\n\t<meta name=\"twitter:data1\" content=\"2 minuuttia\" \/>\n<script type=\"application\/ld+json\" class=\"yoast-schema-graph\">{\"@context\":\"https:\/\/schema.org\",\"@graph\":[{\"@type\":\"WebPage\",\"@id\":\"https:\/\/cyklos.stage.tankbar.cloud\/fi\/produkt\/pyorakatos-light-saasuojana-polkupyorille\/\",\"url\":\"https:\/\/cyklos.stage.tankbar.cloud\/fi\/produkt\/pyorakatos-light-saasuojana-polkupyorille\/\",\"name\":\"Py\u00f6r\u00e4katos LIGHT s\u00e4\u00e4suojana - Cyklos | Suomi\",\"isPartOf\":{\"@id\":\"https:\/\/cyklos.stage.tankbar.cloud\/fi\/#website\"},\"primaryImageOfPage\":{\"@id\":\"https:\/\/cyklos.stage.tankbar.cloud\/fi\/produkt\/pyorakatos-light-saasuojana-polkupyorille\/#primaryimage\"},\"image\":{\"@id\":\"https:\/\/cyklos.stage.tankbar.cloud\/fi\/produkt\/pyorakatos-light-saasuojana-polkupyorille\/#primaryimage\"},\"thumbnailUrl\":\"https:\/\/cyklos.stage.tankbar.cloud\/fi\/wp-content\/uploads\/sites\/8\/2019\/10\/pyorakatos-laadukas.jpg\",\"datePublished\":\"2022-05-12T08:31:27+00:00\",\"dateModified\":\"2023-12-04T10:10:59+00:00\",\"description\":\"Py\u00f6r\u00e4katos LIGHT on moderni katos suunniteltu s\u00e4\u00e4suojaksi erilaisille k\u00e4ytt\u00f6tarkoituksille tai polkupy\u00f6rille.\",\"breadcrumb\":{\"@id\":\"https:\/\/cyklos.stage.tankbar.cloud\/fi\/produkt\/pyorakatos-light-saasuojana-polkupyorille\/#breadcrumb\"},\"inLanguage\":\"fi\",\"potentialAction\":[{\"@type\":\"ReadAction\",\"target\":[\"https:\/\/cyklos.stage.tankbar.cloud\/fi\/produkt\/pyorakatos-light-saasuojana-polkupyorille\/\"]}]},{\"@type\":\"ImageObject\",\"inLanguage\":\"fi\",\"@id\":\"https:\/\/cyklos.stage.tankbar.cloud\/fi\/produkt\/pyorakatos-light-saasuojana-polkupyorille\/#primaryimage\",\"url\":\"https:\/\/cyklos.stage.tankbar.cloud\/fi\/wp-content\/uploads\/sites\/8\/2019\/10\/pyorakatos-laadukas.jpg\",\"contentUrl\":\"https:\/\/cyklos.stage.tankbar.cloud\/fi\/wp-content\/uploads\/sites\/8\/2019\/10\/pyorakatos-laadukas.jpg\",\"width\":1785,\"height\":1200,\"caption\":\"Py\u00f6rkatos viimeistetyll\u00e4 muotoilulla\"},{\"@type\":\"BreadcrumbList\",\"@id\":\"https:\/\/cyklos.stage.tankbar.cloud\/fi\/produkt\/pyorakatos-light-saasuojana-polkupyorille\/#breadcrumb\",\"itemListElement\":[{\"@type\":\"ListItem\",\"position\":1,\"name\":\"Home\",\"item\":\"https:\/\/cyklos.stage.tankbar.cloud\/fi\/\"},{\"@type\":\"ListItem\",\"position\":2,\"name\":\"Tuotteet\",\"item\":\"https:\/\/cyklos.stage.tankbar.cloud\/fi\/shop\/\"},{\"@type\":\"ListItem\",\"position\":3,\"name\":\"Py\u00f6r\u00e4katos LIGHT\"}]},{\"@type\":\"WebSite\",\"@id\":\"https:\/\/cyklos.stage.tankbar.cloud\/fi\/#website\",\"url\":\"https:\/\/cyklos.stage.tankbar.cloud\/fi\/\",\"name\":\"Cyklos | Finland\",\"description\":\"Tulevaisuuden liikenne alkaa meilt\u00e4!\",\"potentialAction\":[{\"@type\":\"SearchAction\",\"target\":{\"@type\":\"EntryPoint\",\"urlTemplate\":\"https:\/\/cyklos.stage.tankbar.cloud\/fi\/?s={search_term_string}\"},\"query-input\":{\"@type\":\"PropertyValueSpecification\",\"valueRequired\":true,\"valueName\":\"search_term_string\"}}],\"inLanguage\":\"fi\"}]}<\/script>\n<!-- \/ Yoast SEO plugin. -->","yoast_head_json":{"title":"Py\u00f6r\u00e4katos LIGHT s\u00e4\u00e4suojana - Cyklos | Suomi","description":"Py\u00f6r\u00e4katos LIGHT on moderni katos suunniteltu s\u00e4\u00e4suojaksi erilaisille k\u00e4ytt\u00f6tarkoituksille tai polkupy\u00f6rille.","robots":{"index":"noindex","follow":"follow","max-snippet":"max-snippet:-1","max-image-preview":"max-image-preview:large","max-video-preview":"max-video-preview:-1"},"og_locale":"fi_FI","og_type":"article","og_title":"Py\u00f6r\u00e4katos LIGHT s\u00e4\u00e4suojana - Cyklos | Suomi","og_description":"Py\u00f6r\u00e4katos LIGHT on moderni katos suunniteltu s\u00e4\u00e4suojaksi erilaisille k\u00e4ytt\u00f6tarkoituksille tai polkupy\u00f6rille.","og_url":"https:\/\/cyklos.stage.tankbar.cloud\/fi\/produkt\/pyorakatos-light-saasuojana-polkupyorille\/","og_site_name":"Cyklos | Finland","article_modified_time":"2023-12-04T10:10:59+00:00","og_image":[{"width":1785,"height":1200,"url":"https:\/\/cyklos.stage.tankbar.cloud\/fi\/wp-content\/uploads\/sites\/8\/2019\/10\/pyorakatos-laadukas.jpg","type":"image\/jpeg"}],"twitter_card":"summary_large_image","twitter_misc":{"Arvioitu lukuaika":"2 minuuttia"},"schema":{"@context":"https:\/\/schema.org","@graph":[{"@type":"WebPage","@id":"https:\/\/cyklos.stage.tankbar.cloud\/fi\/produkt\/pyorakatos-light-saasuojana-polkupyorille\/","url":"https:\/\/cyklos.stage.tankbar.cloud\/fi\/produkt\/pyorakatos-light-saasuojana-polkupyorille\/","name":"Py\u00f6r\u00e4katos LIGHT s\u00e4\u00e4suojana - Cyklos | Suomi","isPartOf":{"@id":"https:\/\/cyklos.stage.tankbar.cloud\/fi\/#website"},"primaryImageOfPage":{"@id":"https:\/\/cyklos.stage.tankbar.cloud\/fi\/produkt\/pyorakatos-light-saasuojana-polkupyorille\/#primaryimage"},"image":{"@id":"https:\/\/cyklos.stage.tankbar.cloud\/fi\/produkt\/pyorakatos-light-saasuojana-polkupyorille\/#primaryimage"},"thumbnailUrl":"https:\/\/cyklos.stage.tankbar.cloud\/fi\/wp-content\/uploads\/sites\/8\/2019\/10\/pyorakatos-laadukas.jpg","datePublished":"2022-05-12T08:31:27+00:00","dateModified":"2023-12-04T10:10:59+00:00","description":"Py\u00f6r\u00e4katos LIGHT on moderni katos suunniteltu s\u00e4\u00e4suojaksi erilaisille k\u00e4ytt\u00f6tarkoituksille tai polkupy\u00f6rille.","breadcrumb":{"@id":"https:\/\/cyklos.stage.tankbar.cloud\/fi\/produkt\/pyorakatos-light-saasuojana-polkupyorille\/#breadcrumb"},"inLanguage":"fi","potentialAction":[{"@type":"ReadAction","target":["https:\/\/cyklos.stage.tankbar.cloud\/fi\/produkt\/pyorakatos-light-saasuojana-polkupyorille\/"]}]},{"@type":"ImageObject","inLanguage":"fi","@id":"https:\/\/cyklos.stage.tankbar.cloud\/fi\/produkt\/pyorakatos-light-saasuojana-polkupyorille\/#primaryimage","url":"https:\/\/cyklos.stage.tankbar.cloud\/fi\/wp-content\/uploads\/sites\/8\/2019\/10\/pyorakatos-laadukas.jpg","contentUrl":"https:\/\/cyklos.stage.tankbar.cloud\/fi\/wp-content\/uploads\/sites\/8\/2019\/10\/pyorakatos-laadukas.jpg","width":1785,"height":1200,"caption":"Py\u00f6rkatos viimeistetyll\u00e4 muotoilulla"},{"@type":"BreadcrumbList","@id":"https:\/\/cyklos.stage.tankbar.cloud\/fi\/produkt\/pyorakatos-light-saasuojana-polkupyorille\/#breadcrumb","itemListElement":[{"@type":"ListItem","position":1,"name":"Home","item":"https:\/\/cyklos.stage.tankbar.cloud\/fi\/"},{"@type":"ListItem","position":2,"name":"Tuotteet","item":"https:\/\/cyklos.stage.tankbar.cloud\/fi\/shop\/"},{"@type":"ListItem","position":3,"name":"Py\u00f6r\u00e4katos LIGHT"}]},{"@type":"WebSite","@id":"https:\/\/cyklos.stage.tankbar.cloud\/fi\/#website","url":"https:\/\/cyklos.stage.tankbar.cloud\/fi\/","name":"Cyklos | Finland","description":"Tulevaisuuden liikenne alkaa meilt\u00e4!","potentialAction":[{"@type":"SearchAction","target":{"@type":"EntryPoint","urlTemplate":"https:\/\/cyklos.stage.tankbar.cloud\/fi\/?s={search_term_string}"},"query-input":{"@type":"PropertyValueSpecification","valueRequired":true,"valueName":"search_term_string"}}],"inLanguage":"fi"}]}},"_links":{"self":[{"href":"https:\/\/cyklos.stage.tankbar.cloud\/fi\/wp-json\/wp\/v2\/product\/33158","targetHints":{"allow":["GET"]}}],"collection":[{"href":"https:\/\/cyklos.stage.tankbar.cloud\/fi\/wp-json\/wp\/v2\/product"}],"about":[{"href":"https:\/\/cyklos.stage.tankbar.cloud\/fi\/wp-json\/wp\/v2\/types\/product"}],"replies":[{"embeddable":true,"href":"https:\/\/cyklos.stage.tankbar.cloud\/fi\/wp-json\/wp\/v2\/comments?post=33158"}],"wp:featuredmedia":[{"embeddable":true,"href":"https:\/\/cyklos.stage.tankbar.cloud\/fi\/wp-json\/wp\/v2\/media\/31138"}],"wp:attachment":[{"href":"https:\/\/cyklos.stage.tankbar.cloud\/fi\/wp-json\/wp\/v2\/media?parent=33158"}],"wp:term":[{"taxonomy":"product_brand","embeddable":true,"href":"https:\/\/cyklos.stage.tankbar.cloud\/fi\/wp-json\/wp\/v2\/product_brand?post=33158"},{"taxonomy":"product_cat","embeddable":true,"href":"https:\/\/cyklos.stage.tankbar.cloud\/fi\/wp-json\/wp\/v2\/product_cat?post=33158"},{"taxonomy":"product_tag","embeddable":true,"href":"https:\/\/cyklos.stage.tankbar.cloud\/fi\/wp-json\/wp\/v2\/product_tag?post=33158"}],"curies":[{"name":"wp","href":"https:\/\/api.w.org\/{rel}","templated":true}]}}