{"id":33322,"date":"2022-09-09T09:38:48","date_gmt":"2022-09-09T07:38:48","guid":{"rendered":"https:\/\/cyklos.stage.tankbar.cloud\/fi\/?post_type=product&#038;p=33322"},"modified":"2023-10-30T16:22:04","modified_gmt":"2023-10-30T15:22:04","slug":"ecocharge-latauskaappi","status":"publish","type":"product","link":"https:\/\/cyklos.stage.tankbar.cloud\/fi\/produkt\/ecocharge-latauskaappi\/","title":{"rendered":"ECO CHARGE-latauskaappi"},"content":{"rendered":"<div class=\"wpb-content-wrapper\"><p>[vc_row][vc_column][vc_column_text]<span style=\"vertical-align: inherit;\"><span style=\"vertical-align: inherit;\">[\/vc_column_text][\/vc_column][\/vc_row][vc_row][vc_column][vc_column_text]TEKNISET TIEDOT<br \/>\n\u2013 Kaapin mukana toimitetaan jalusta asennuksen helpottamiseksi.<br \/>\n\u2013 Hyllyt ovat tuulettuvat, jotta akuille saadaan sopiva ymp\u00e4rist\u00f6.<br \/>\n\u2013 S\u00e4hk\u00f6laitteisto, jossa on l\u00e4mp\u00f6tilans\u00e4\u00e4din ja vikavirtasuojakytkin, sijaitsee erillisess\u00e4 tilassa.<br \/>\n\u2013 Jokaisessa lokerossa on s\u00e4hk\u00f6pistorasia.<\/span><\/span><\/p>\n<p>MAHDOLLISUUDET<br \/>\nKaapin mukana tulee useita lukkovaihtoehtoja:<br \/>\n\u2013 Avainlukitus<br \/>\n\u2013 Riippulukko<br \/>\n\u2013 S\u00e4hk\u00f6lukko<br \/>\n\u2013 RFID-lukko[\/vc_column_text][\/vc_column][\/vc_row][vc_row][vc_column][vc_column_text][\/vc_column_text][\/vc_column][\/vc_row]<\/p>\n<\/div>","protected":false},"excerpt":{"rendered":"<p>S\u00e4ilyt\u00e4 ja lataa jopa kahdeksan s\u00e4hk\u00f6polkupy\u00f6r\u00e4n akkua. Kaappi on valmistettu ruostumattomasta ter\u00e4ksest\u00e4, ja siin\u00e4 on termostaattiohjattu l\u00e4mp\u00f6patteri ja automaattinen tyhjennys. S\u00e4hk\u00f6 johdetaan kaappiin alapuolelta ja kiinnitet\u00e4\u00e4n alustaan. Lokerot ovat hyvin ilmastoituja, ja niiss\u00e4 on s\u00e4hk\u00f6pistorasiat laturien liitt\u00e4mist\u00e4 varten.<\/p>\n<p>Ota yhteytt\u00e4 <a href=\"mailto:info@cyklos.fi\">info@cyklos.fi<\/a> saadaksesi tarjouksen.<\/p>\n","protected":false},"featured_media":33324,"comment_status":"closed","ping_status":"closed","template":"","meta":{"_acf_changed":false},"product_brand":[],"product_cat":[249],"product_tag":[],"class_list":{"0":"post-33322","1":"product","2":"type-product","3":"status-publish","4":"has-post-thumbnail","6":"product_cat-julkiset-pyoranpumput-latauskaapit","8":"first","9":"instock","10":"shipping-taxable","11":"product-type-simple"},"acf":[],"yoast_head":"<!-- This site is optimized with the Yoast SEO plugin v27.2 - https:\/\/yoast.com\/product\/yoast-seo-wordpress\/ -->\n<title>ECO CHARGE-latauskaappi - Cyklos | Finland<\/title>\n<meta name=\"robots\" content=\"noindex, follow, max-snippet:-1, max-image-preview:large, max-video-preview:-1\" \/>\n<meta property=\"og:locale\" content=\"fi_FI\" \/>\n<meta property=\"og:type\" content=\"article\" \/>\n<meta property=\"og:title\" content=\"ECO CHARGE-latauskaappi - Cyklos | Finland\" \/>\n<meta property=\"og:description\" content=\"S\u00e4ilyt\u00e4 ja lataa jopa kahdeksan s\u00e4hk\u00f6polkupy\u00f6r\u00e4n akkua. Kaappi on valmistettu ruostumattomasta ter\u00e4ksest\u00e4, ja siin\u00e4 on termostaattiohjattu l\u00e4mp\u00f6patteri ja automaattinen tyhjennys. S\u00e4hk\u00f6 johdetaan kaappiin alapuolelta ja kiinnitet\u00e4\u00e4n alustaan. Lokerot ovat hyvin ilmastoituja, ja niiss\u00e4 on s\u00e4hk\u00f6pistorasiat laturien liitt\u00e4mist\u00e4 varten.  Ota yhteytt\u00e4 info@cyklos.fi saadaksesi tarjouksen.\" \/>\n<meta property=\"og:url\" content=\"https:\/\/cyklos.stage.tankbar.cloud\/fi\/produkt\/ecocharge-latauskaappi\/\" \/>\n<meta property=\"og:site_name\" content=\"Cyklos | Finland\" \/>\n<meta property=\"article:modified_time\" content=\"2023-10-30T15:22:04+00:00\" \/>\n<meta property=\"og:image\" content=\"https:\/\/cyklos.stage.tankbar.cloud\/fi\/wp-content\/uploads\/sites\/8\/2022\/09\/latauskaappi-sahkopyora.jpg\" \/>\n\t<meta property=\"og:image:width\" content=\"1600\" \/>\n\t<meta property=\"og:image:height\" content=\"1200\" \/>\n\t<meta property=\"og:image:type\" content=\"image\/jpeg\" \/>\n<meta name=\"twitter:card\" content=\"summary_large_image\" \/>\n<meta name=\"twitter:label1\" content=\"Arvioitu lukuaika\" \/>\n\t<meta name=\"twitter:data1\" content=\"1 minuutti\" \/>\n<script type=\"application\/ld+json\" class=\"yoast-schema-graph\">{\"@context\":\"https:\/\/schema.org\",\"@graph\":[{\"@type\":\"WebPage\",\"@id\":\"https:\/\/cyklos.stage.tankbar.cloud\/fi\/produkt\/ecocharge-latauskaappi\/\",\"url\":\"https:\/\/cyklos.stage.tankbar.cloud\/fi\/produkt\/ecocharge-latauskaappi\/\",\"name\":\"ECO CHARGE-latauskaappi - Cyklos | Finland\",\"isPartOf\":{\"@id\":\"https:\/\/cyklos.stage.tankbar.cloud\/fi\/#website\"},\"primaryImageOfPage\":{\"@id\":\"https:\/\/cyklos.stage.tankbar.cloud\/fi\/produkt\/ecocharge-latauskaappi\/#primaryimage\"},\"image\":{\"@id\":\"https:\/\/cyklos.stage.tankbar.cloud\/fi\/produkt\/ecocharge-latauskaappi\/#primaryimage\"},\"thumbnailUrl\":\"https:\/\/cyklos.stage.tankbar.cloud\/fi\/wp-content\/uploads\/sites\/8\/2022\/09\/latauskaappi-sahkopyora.jpg\",\"datePublished\":\"2022-09-09T07:38:48+00:00\",\"dateModified\":\"2023-10-30T15:22:04+00:00\",\"breadcrumb\":{\"@id\":\"https:\/\/cyklos.stage.tankbar.cloud\/fi\/produkt\/ecocharge-latauskaappi\/#breadcrumb\"},\"inLanguage\":\"fi\",\"potentialAction\":[{\"@type\":\"ReadAction\",\"target\":[\"https:\/\/cyklos.stage.tankbar.cloud\/fi\/produkt\/ecocharge-latauskaappi\/\"]}]},{\"@type\":\"ImageObject\",\"inLanguage\":\"fi\",\"@id\":\"https:\/\/cyklos.stage.tankbar.cloud\/fi\/produkt\/ecocharge-latauskaappi\/#primaryimage\",\"url\":\"https:\/\/cyklos.stage.tankbar.cloud\/fi\/wp-content\/uploads\/sites\/8\/2022\/09\/latauskaappi-sahkopyora.jpg\",\"contentUrl\":\"https:\/\/cyklos.stage.tankbar.cloud\/fi\/wp-content\/uploads\/sites\/8\/2022\/09\/latauskaappi-sahkopyora.jpg\",\"width\":1600,\"height\":1200},{\"@type\":\"BreadcrumbList\",\"@id\":\"https:\/\/cyklos.stage.tankbar.cloud\/fi\/produkt\/ecocharge-latauskaappi\/#breadcrumb\",\"itemListElement\":[{\"@type\":\"ListItem\",\"position\":1,\"name\":\"Home\",\"item\":\"https:\/\/cyklos.stage.tankbar.cloud\/fi\/\"},{\"@type\":\"ListItem\",\"position\":2,\"name\":\"Tuotteet\",\"item\":\"https:\/\/cyklos.stage.tankbar.cloud\/fi\/shop\/\"},{\"@type\":\"ListItem\",\"position\":3,\"name\":\"ECO CHARGE-latauskaappi\"}]},{\"@type\":\"WebSite\",\"@id\":\"https:\/\/cyklos.stage.tankbar.cloud\/fi\/#website\",\"url\":\"https:\/\/cyklos.stage.tankbar.cloud\/fi\/\",\"name\":\"Cyklos | Finland\",\"description\":\"Tulevaisuuden liikenne alkaa meilt\u00e4!\",\"potentialAction\":[{\"@type\":\"SearchAction\",\"target\":{\"@type\":\"EntryPoint\",\"urlTemplate\":\"https:\/\/cyklos.stage.tankbar.cloud\/fi\/?s={search_term_string}\"},\"query-input\":{\"@type\":\"PropertyValueSpecification\",\"valueRequired\":true,\"valueName\":\"search_term_string\"}}],\"inLanguage\":\"fi\"}]}<\/script>\n<!-- \/ Yoast SEO plugin. -->","yoast_head_json":{"title":"ECO CHARGE-latauskaappi - Cyklos | Finland","robots":{"index":"noindex","follow":"follow","max-snippet":"max-snippet:-1","max-image-preview":"max-image-preview:large","max-video-preview":"max-video-preview:-1"},"og_locale":"fi_FI","og_type":"article","og_title":"ECO CHARGE-latauskaappi - Cyklos | Finland","og_description":"S\u00e4ilyt\u00e4 ja lataa jopa kahdeksan s\u00e4hk\u00f6polkupy\u00f6r\u00e4n akkua. Kaappi on valmistettu ruostumattomasta ter\u00e4ksest\u00e4, ja siin\u00e4 on termostaattiohjattu l\u00e4mp\u00f6patteri ja automaattinen tyhjennys. S\u00e4hk\u00f6 johdetaan kaappiin alapuolelta ja kiinnitet\u00e4\u00e4n alustaan. Lokerot ovat hyvin ilmastoituja, ja niiss\u00e4 on s\u00e4hk\u00f6pistorasiat laturien liitt\u00e4mist\u00e4 varten.  Ota yhteytt\u00e4 info@cyklos.fi saadaksesi tarjouksen.","og_url":"https:\/\/cyklos.stage.tankbar.cloud\/fi\/produkt\/ecocharge-latauskaappi\/","og_site_name":"Cyklos | Finland","article_modified_time":"2023-10-30T15:22:04+00:00","og_image":[{"width":1600,"height":1200,"url":"https:\/\/cyklos.stage.tankbar.cloud\/fi\/wp-content\/uploads\/sites\/8\/2022\/09\/latauskaappi-sahkopyora.jpg","type":"image\/jpeg"}],"twitter_card":"summary_large_image","twitter_misc":{"Arvioitu lukuaika":"1 minuutti"},"schema":{"@context":"https:\/\/schema.org","@graph":[{"@type":"WebPage","@id":"https:\/\/cyklos.stage.tankbar.cloud\/fi\/produkt\/ecocharge-latauskaappi\/","url":"https:\/\/cyklos.stage.tankbar.cloud\/fi\/produkt\/ecocharge-latauskaappi\/","name":"ECO CHARGE-latauskaappi - Cyklos | Finland","isPartOf":{"@id":"https:\/\/cyklos.stage.tankbar.cloud\/fi\/#website"},"primaryImageOfPage":{"@id":"https:\/\/cyklos.stage.tankbar.cloud\/fi\/produkt\/ecocharge-latauskaappi\/#primaryimage"},"image":{"@id":"https:\/\/cyklos.stage.tankbar.cloud\/fi\/produkt\/ecocharge-latauskaappi\/#primaryimage"},"thumbnailUrl":"https:\/\/cyklos.stage.tankbar.cloud\/fi\/wp-content\/uploads\/sites\/8\/2022\/09\/latauskaappi-sahkopyora.jpg","datePublished":"2022-09-09T07:38:48+00:00","dateModified":"2023-10-30T15:22:04+00:00","breadcrumb":{"@id":"https:\/\/cyklos.stage.tankbar.cloud\/fi\/produkt\/ecocharge-latauskaappi\/#breadcrumb"},"inLanguage":"fi","potentialAction":[{"@type":"ReadAction","target":["https:\/\/cyklos.stage.tankbar.cloud\/fi\/produkt\/ecocharge-latauskaappi\/"]}]},{"@type":"ImageObject","inLanguage":"fi","@id":"https:\/\/cyklos.stage.tankbar.cloud\/fi\/produkt\/ecocharge-latauskaappi\/#primaryimage","url":"https:\/\/cyklos.stage.tankbar.cloud\/fi\/wp-content\/uploads\/sites\/8\/2022\/09\/latauskaappi-sahkopyora.jpg","contentUrl":"https:\/\/cyklos.stage.tankbar.cloud\/fi\/wp-content\/uploads\/sites\/8\/2022\/09\/latauskaappi-sahkopyora.jpg","width":1600,"height":1200},{"@type":"BreadcrumbList","@id":"https:\/\/cyklos.stage.tankbar.cloud\/fi\/produkt\/ecocharge-latauskaappi\/#breadcrumb","itemListElement":[{"@type":"ListItem","position":1,"name":"Home","item":"https:\/\/cyklos.stage.tankbar.cloud\/fi\/"},{"@type":"ListItem","position":2,"name":"Tuotteet","item":"https:\/\/cyklos.stage.tankbar.cloud\/fi\/shop\/"},{"@type":"ListItem","position":3,"name":"ECO CHARGE-latauskaappi"}]},{"@type":"WebSite","@id":"https:\/\/cyklos.stage.tankbar.cloud\/fi\/#website","url":"https:\/\/cyklos.stage.tankbar.cloud\/fi\/","name":"Cyklos | Finland","description":"Tulevaisuuden liikenne alkaa meilt\u00e4!","potentialAction":[{"@type":"SearchAction","target":{"@type":"EntryPoint","urlTemplate":"https:\/\/cyklos.stage.tankbar.cloud\/fi\/?s={search_term_string}"},"query-input":{"@type":"PropertyValueSpecification","valueRequired":true,"valueName":"search_term_string"}}],"inLanguage":"fi"}]}},"_links":{"self":[{"href":"https:\/\/cyklos.stage.tankbar.cloud\/fi\/wp-json\/wp\/v2\/product\/33322","targetHints":{"allow":["GET"]}}],"collection":[{"href":"https:\/\/cyklos.stage.tankbar.cloud\/fi\/wp-json\/wp\/v2\/product"}],"about":[{"href":"https:\/\/cyklos.stage.tankbar.cloud\/fi\/wp-json\/wp\/v2\/types\/product"}],"replies":[{"embeddable":true,"href":"https:\/\/cyklos.stage.tankbar.cloud\/fi\/wp-json\/wp\/v2\/comments?post=33322"}],"wp:featuredmedia":[{"embeddable":true,"href":"https:\/\/cyklos.stage.tankbar.cloud\/fi\/wp-json\/wp\/v2\/media\/33324"}],"wp:attachment":[{"href":"https:\/\/cyklos.stage.tankbar.cloud\/fi\/wp-json\/wp\/v2\/media?parent=33322"}],"wp:term":[{"taxonomy":"product_brand","embeddable":true,"href":"https:\/\/cyklos.stage.tankbar.cloud\/fi\/wp-json\/wp\/v2\/product_brand?post=33322"},{"taxonomy":"product_cat","embeddable":true,"href":"https:\/\/cyklos.stage.tankbar.cloud\/fi\/wp-json\/wp\/v2\/product_cat?post=33322"},{"taxonomy":"product_tag","embeddable":true,"href":"https:\/\/cyklos.stage.tankbar.cloud\/fi\/wp-json\/wp\/v2\/product_tag?post=33322"}],"curies":[{"name":"wp","href":"https:\/\/api.w.org\/{rel}","templated":true}]}}