{"id":33329,"date":"2022-09-12T13:51:27","date_gmt":"2022-09-12T11:51:27","guid":{"rendered":"https:\/\/cyklos.stage.tankbar.cloud\/fi\/?post_type=product&#038;p=33329"},"modified":"2023-10-30T16:23:00","modified_gmt":"2023-10-30T15:23:00","slug":"wave-stream-vesiasema","status":"publish","type":"product","link":"https:\/\/cyklos.stage.tankbar.cloud\/fi\/produkt\/wave-stream-vesiasema\/","title":{"rendered":"WAVE STREAM-vesiasema"},"content":{"rendered":"<div class=\"wpb-content-wrapper\"><p>[vc_row][vc_column][vc_column_text]\u2013 WAVE STREAMia k\u00e4ytet\u00e4\u00e4n enint\u00e4\u00e4n 1,5 litran vesipullojen t\u00e4ytt\u00e4miseen<\/p>\n<p>\u2013 Ei tarvitse s\u00e4hk\u00f6\u00e4 ja toimii ymp\u00e4ri vuoden itsest\u00e4\u00e4n tyhjenev\u00e4n venttiilij\u00e4rjestelm\u00e4n avulla<\/p>\n<p>\u2013 Hygieeninen rakenne, jossa vedenpoistoaukko on upotettu kaappiin. El\u00e4imet tai ihmiset eiv\u00e4t voi saastuttaa sit\u00e4, kuten usein tapahtuu perinteisiss\u00e4 juomavesil\u00e4hteiss\u00e4.<\/p>\n<p>\u2013 Sis\u00e4\u00e4nrakennettu vesisulake ja sulkuventtiili, joka est\u00e4\u00e4 veden palaamisen takaisin vesijohtoon. Suojaa tulvien, tukkeutumisen tai ilkivallan (myrkytysyritys\/likaamisyritys) aiheuttamalta saastumiselta.<\/p>\n<p>\u2013 Vesiasema tyhjenee automaattisesti jokaisen aktivoinnin j\u00e4lkeen. Est\u00e4\u00e4 auringon l\u00e4mmitt\u00e4m\u00e4n veden ker\u00e4\u00e4ntymisen kuumina kes\u00e4p\u00e4ivin\u00e4.<\/p>\n<p>\u2013 Jauhemaalattu kaappi on 4 mm:n ter\u00e4st\u00e4, joka on k\u00e4sitelty sinkkipohjamaalilla ja jonka pintakerroksessa on ruostumistenestoluokka C5<\/p>\n<p>\u2013 Kaapin etuosa on kiinnitetty ruostumattomasta ter\u00e4ksest\u00e4 valmistetuilla turvaruuveilla, jotka vaativat erikoisty\u00f6kaluja (mukana)<\/p>\n<p>\u2013 Yhdistet\u00e4\u00e4n vesiputkeen, jossa enint\u00e4\u00e4n 10 baarin paine \u2013 Virtausnopeutta (l\/min) voidaan s\u00e4\u00e4t\u00e4\u00e4 ulkopuolelta kuusiokoloavaimella<\/p>\n<p>\u2013 Mukana on vianetsint\u00e4-, huolto- ja korjausohjeet[\/vc_column_text][\/vc_column][\/vc_row]<\/p>\n<\/div>","protected":false},"excerpt":{"rendered":"<p>Julkinen vesiasema juomapullon t\u00e4ytt\u00e4miseen juomavedell\u00e4, jossa on keskitytty hygieniaan ja k\u00e4ytt\u00f6turvallisuuteen. Toimii t\u00e4ysin ilman s\u00e4hk\u00f6\u00e4 ja siin\u00e4 on ter\u00e4srunko, joka kest\u00e4\u00e4 vaativaa julkista ulkoymp\u00e4rist\u00f6\u00e4. Toimii ymp\u00e4ri vuoden ja voidaan sijoittaa kaupunkiymp\u00e4rist\u00f6ihin ja py\u00f6r\u00e4kaistojen viereen.<\/p>\n<p>Ota yhteytt\u00e4\u00a0<a href=\"mailto:info@cyklos.fi\">info@cyklos.fi<\/a>\u00a0saadaksesi tarjouksen.<\/p>\n","protected":false},"featured_media":33332,"comment_status":"closed","ping_status":"closed","template":"","meta":{"_acf_changed":false},"product_brand":[],"product_cat":[249],"product_tag":[],"class_list":{"0":"post-33329","1":"product","2":"type-product","3":"status-publish","4":"has-post-thumbnail","6":"product_cat-julkiset-pyoranpumput-latauskaapit","8":"first","9":"instock","10":"shipping-taxable","11":"product-type-simple"},"acf":[],"yoast_head":"<!-- This site is optimized with the Yoast SEO plugin v27.2 - https:\/\/yoast.com\/product\/yoast-seo-wordpress\/ -->\n<title>WAVE STREAM-vesiasema - Cyklos | Finland<\/title>\n<meta name=\"robots\" content=\"noindex, follow, max-snippet:-1, max-image-preview:large, max-video-preview:-1\" \/>\n<meta property=\"og:locale\" content=\"fi_FI\" \/>\n<meta property=\"og:type\" content=\"article\" \/>\n<meta property=\"og:title\" content=\"WAVE STREAM-vesiasema - Cyklos | Finland\" \/>\n<meta property=\"og:description\" content=\"Julkinen vesiasema juomapullon t\u00e4ytt\u00e4miseen juomavedell\u00e4, jossa on keskitytty hygieniaan ja k\u00e4ytt\u00f6turvallisuuteen. Toimii t\u00e4ysin ilman s\u00e4hk\u00f6\u00e4 ja siin\u00e4 on ter\u00e4srunko, joka kest\u00e4\u00e4 vaativaa julkista ulkoymp\u00e4rist\u00f6\u00e4. Toimii ymp\u00e4ri vuoden ja voidaan sijoittaa kaupunkiymp\u00e4rist\u00f6ihin ja py\u00f6r\u00e4kaistojen viereen.  Ota yhteytt\u00e4\u00a0info@cyklos.fi\u00a0saadaksesi tarjouksen.\" \/>\n<meta property=\"og:url\" content=\"https:\/\/cyklos.stage.tankbar.cloud\/fi\/produkt\/wave-stream-vesiasema\/\" \/>\n<meta property=\"og:site_name\" content=\"Cyklos | Finland\" \/>\n<meta property=\"article:modified_time\" content=\"2023-10-30T15:23:00+00:00\" \/>\n<meta property=\"og:image\" content=\"https:\/\/cyklos.stage.tankbar.cloud\/fi\/wp-content\/uploads\/sites\/8\/2022\/09\/vesipiste.jpg\" \/>\n\t<meta property=\"og:image:width\" content=\"1800\" \/>\n\t<meta property=\"og:image:height\" content=\"1200\" \/>\n\t<meta property=\"og:image:type\" content=\"image\/jpeg\" \/>\n<meta name=\"twitter:card\" content=\"summary_large_image\" \/>\n<meta name=\"twitter:label1\" content=\"Arvioitu lukuaika\" \/>\n\t<meta name=\"twitter:data1\" content=\"1 minuutti\" \/>\n<script type=\"application\/ld+json\" class=\"yoast-schema-graph\">{\"@context\":\"https:\/\/schema.org\",\"@graph\":[{\"@type\":\"WebPage\",\"@id\":\"https:\/\/cyklos.stage.tankbar.cloud\/fi\/produkt\/wave-stream-vesiasema\/\",\"url\":\"https:\/\/cyklos.stage.tankbar.cloud\/fi\/produkt\/wave-stream-vesiasema\/\",\"name\":\"WAVE STREAM-vesiasema - Cyklos | Finland\",\"isPartOf\":{\"@id\":\"https:\/\/cyklos.stage.tankbar.cloud\/fi\/#website\"},\"primaryImageOfPage\":{\"@id\":\"https:\/\/cyklos.stage.tankbar.cloud\/fi\/produkt\/wave-stream-vesiasema\/#primaryimage\"},\"image\":{\"@id\":\"https:\/\/cyklos.stage.tankbar.cloud\/fi\/produkt\/wave-stream-vesiasema\/#primaryimage\"},\"thumbnailUrl\":\"https:\/\/cyklos.stage.tankbar.cloud\/fi\/wp-content\/uploads\/sites\/8\/2022\/09\/vesipiste.jpg\",\"datePublished\":\"2022-09-12T11:51:27+00:00\",\"dateModified\":\"2023-10-30T15:23:00+00:00\",\"breadcrumb\":{\"@id\":\"https:\/\/cyklos.stage.tankbar.cloud\/fi\/produkt\/wave-stream-vesiasema\/#breadcrumb\"},\"inLanguage\":\"fi\",\"potentialAction\":[{\"@type\":\"ReadAction\",\"target\":[\"https:\/\/cyklos.stage.tankbar.cloud\/fi\/produkt\/wave-stream-vesiasema\/\"]}]},{\"@type\":\"ImageObject\",\"inLanguage\":\"fi\",\"@id\":\"https:\/\/cyklos.stage.tankbar.cloud\/fi\/produkt\/wave-stream-vesiasema\/#primaryimage\",\"url\":\"https:\/\/cyklos.stage.tankbar.cloud\/fi\/wp-content\/uploads\/sites\/8\/2022\/09\/vesipiste.jpg\",\"contentUrl\":\"https:\/\/cyklos.stage.tankbar.cloud\/fi\/wp-content\/uploads\/sites\/8\/2022\/09\/vesipiste.jpg\",\"width\":1800,\"height\":1200},{\"@type\":\"BreadcrumbList\",\"@id\":\"https:\/\/cyklos.stage.tankbar.cloud\/fi\/produkt\/wave-stream-vesiasema\/#breadcrumb\",\"itemListElement\":[{\"@type\":\"ListItem\",\"position\":1,\"name\":\"Home\",\"item\":\"https:\/\/cyklos.stage.tankbar.cloud\/fi\/\"},{\"@type\":\"ListItem\",\"position\":2,\"name\":\"Tuotteet\",\"item\":\"https:\/\/cyklos.stage.tankbar.cloud\/fi\/shop\/\"},{\"@type\":\"ListItem\",\"position\":3,\"name\":\"WAVE STREAM-vesiasema\"}]},{\"@type\":\"WebSite\",\"@id\":\"https:\/\/cyklos.stage.tankbar.cloud\/fi\/#website\",\"url\":\"https:\/\/cyklos.stage.tankbar.cloud\/fi\/\",\"name\":\"Cyklos | Finland\",\"description\":\"Tulevaisuuden liikenne alkaa meilt\u00e4!\",\"potentialAction\":[{\"@type\":\"SearchAction\",\"target\":{\"@type\":\"EntryPoint\",\"urlTemplate\":\"https:\/\/cyklos.stage.tankbar.cloud\/fi\/?s={search_term_string}\"},\"query-input\":{\"@type\":\"PropertyValueSpecification\",\"valueRequired\":true,\"valueName\":\"search_term_string\"}}],\"inLanguage\":\"fi\"}]}<\/script>\n<!-- \/ Yoast SEO plugin. -->","yoast_head_json":{"title":"WAVE STREAM-vesiasema - Cyklos | Finland","robots":{"index":"noindex","follow":"follow","max-snippet":"max-snippet:-1","max-image-preview":"max-image-preview:large","max-video-preview":"max-video-preview:-1"},"og_locale":"fi_FI","og_type":"article","og_title":"WAVE STREAM-vesiasema - Cyklos | Finland","og_description":"Julkinen vesiasema juomapullon t\u00e4ytt\u00e4miseen juomavedell\u00e4, jossa on keskitytty hygieniaan ja k\u00e4ytt\u00f6turvallisuuteen. Toimii t\u00e4ysin ilman s\u00e4hk\u00f6\u00e4 ja siin\u00e4 on ter\u00e4srunko, joka kest\u00e4\u00e4 vaativaa julkista ulkoymp\u00e4rist\u00f6\u00e4. Toimii ymp\u00e4ri vuoden ja voidaan sijoittaa kaupunkiymp\u00e4rist\u00f6ihin ja py\u00f6r\u00e4kaistojen viereen.  Ota yhteytt\u00e4\u00a0info@cyklos.fi\u00a0saadaksesi tarjouksen.","og_url":"https:\/\/cyklos.stage.tankbar.cloud\/fi\/produkt\/wave-stream-vesiasema\/","og_site_name":"Cyklos | Finland","article_modified_time":"2023-10-30T15:23:00+00:00","og_image":[{"width":1800,"height":1200,"url":"https:\/\/cyklos.stage.tankbar.cloud\/fi\/wp-content\/uploads\/sites\/8\/2022\/09\/vesipiste.jpg","type":"image\/jpeg"}],"twitter_card":"summary_large_image","twitter_misc":{"Arvioitu lukuaika":"1 minuutti"},"schema":{"@context":"https:\/\/schema.org","@graph":[{"@type":"WebPage","@id":"https:\/\/cyklos.stage.tankbar.cloud\/fi\/produkt\/wave-stream-vesiasema\/","url":"https:\/\/cyklos.stage.tankbar.cloud\/fi\/produkt\/wave-stream-vesiasema\/","name":"WAVE STREAM-vesiasema - Cyklos | Finland","isPartOf":{"@id":"https:\/\/cyklos.stage.tankbar.cloud\/fi\/#website"},"primaryImageOfPage":{"@id":"https:\/\/cyklos.stage.tankbar.cloud\/fi\/produkt\/wave-stream-vesiasema\/#primaryimage"},"image":{"@id":"https:\/\/cyklos.stage.tankbar.cloud\/fi\/produkt\/wave-stream-vesiasema\/#primaryimage"},"thumbnailUrl":"https:\/\/cyklos.stage.tankbar.cloud\/fi\/wp-content\/uploads\/sites\/8\/2022\/09\/vesipiste.jpg","datePublished":"2022-09-12T11:51:27+00:00","dateModified":"2023-10-30T15:23:00+00:00","breadcrumb":{"@id":"https:\/\/cyklos.stage.tankbar.cloud\/fi\/produkt\/wave-stream-vesiasema\/#breadcrumb"},"inLanguage":"fi","potentialAction":[{"@type":"ReadAction","target":["https:\/\/cyklos.stage.tankbar.cloud\/fi\/produkt\/wave-stream-vesiasema\/"]}]},{"@type":"ImageObject","inLanguage":"fi","@id":"https:\/\/cyklos.stage.tankbar.cloud\/fi\/produkt\/wave-stream-vesiasema\/#primaryimage","url":"https:\/\/cyklos.stage.tankbar.cloud\/fi\/wp-content\/uploads\/sites\/8\/2022\/09\/vesipiste.jpg","contentUrl":"https:\/\/cyklos.stage.tankbar.cloud\/fi\/wp-content\/uploads\/sites\/8\/2022\/09\/vesipiste.jpg","width":1800,"height":1200},{"@type":"BreadcrumbList","@id":"https:\/\/cyklos.stage.tankbar.cloud\/fi\/produkt\/wave-stream-vesiasema\/#breadcrumb","itemListElement":[{"@type":"ListItem","position":1,"name":"Home","item":"https:\/\/cyklos.stage.tankbar.cloud\/fi\/"},{"@type":"ListItem","position":2,"name":"Tuotteet","item":"https:\/\/cyklos.stage.tankbar.cloud\/fi\/shop\/"},{"@type":"ListItem","position":3,"name":"WAVE STREAM-vesiasema"}]},{"@type":"WebSite","@id":"https:\/\/cyklos.stage.tankbar.cloud\/fi\/#website","url":"https:\/\/cyklos.stage.tankbar.cloud\/fi\/","name":"Cyklos | Finland","description":"Tulevaisuuden liikenne alkaa meilt\u00e4!","potentialAction":[{"@type":"SearchAction","target":{"@type":"EntryPoint","urlTemplate":"https:\/\/cyklos.stage.tankbar.cloud\/fi\/?s={search_term_string}"},"query-input":{"@type":"PropertyValueSpecification","valueRequired":true,"valueName":"search_term_string"}}],"inLanguage":"fi"}]}},"_links":{"self":[{"href":"https:\/\/cyklos.stage.tankbar.cloud\/fi\/wp-json\/wp\/v2\/product\/33329","targetHints":{"allow":["GET"]}}],"collection":[{"href":"https:\/\/cyklos.stage.tankbar.cloud\/fi\/wp-json\/wp\/v2\/product"}],"about":[{"href":"https:\/\/cyklos.stage.tankbar.cloud\/fi\/wp-json\/wp\/v2\/types\/product"}],"replies":[{"embeddable":true,"href":"https:\/\/cyklos.stage.tankbar.cloud\/fi\/wp-json\/wp\/v2\/comments?post=33329"}],"wp:featuredmedia":[{"embeddable":true,"href":"https:\/\/cyklos.stage.tankbar.cloud\/fi\/wp-json\/wp\/v2\/media\/33332"}],"wp:attachment":[{"href":"https:\/\/cyklos.stage.tankbar.cloud\/fi\/wp-json\/wp\/v2\/media?parent=33329"}],"wp:term":[{"taxonomy":"product_brand","embeddable":true,"href":"https:\/\/cyklos.stage.tankbar.cloud\/fi\/wp-json\/wp\/v2\/product_brand?post=33329"},{"taxonomy":"product_cat","embeddable":true,"href":"https:\/\/cyklos.stage.tankbar.cloud\/fi\/wp-json\/wp\/v2\/product_cat?post=33329"},{"taxonomy":"product_tag","embeddable":true,"href":"https:\/\/cyklos.stage.tankbar.cloud\/fi\/wp-json\/wp\/v2\/product_tag?post=33329"}],"curies":[{"name":"wp","href":"https:\/\/api.w.org\/{rel}","templated":true}]}}