{"id":33556,"date":"2024-01-11T11:26:47","date_gmt":"2024-01-11T10:26:47","guid":{"rendered":"https:\/\/cyklos.stage.tankbar.cloud\/fi\/?post_type=product&#038;p=33556"},"modified":"2025-04-02T13:57:31","modified_gmt":"2025-04-02T11:57:31","slug":"ventura-kaksikerroksinen-pyorateline","status":"publish","type":"product","link":"https:\/\/cyklos.stage.tankbar.cloud\/fi\/produkt\/ventura-kaksikerroksinen-pyorateline\/","title":{"rendered":"VENTURA kaksikerroksinen py\u00f6r\u00e4teline"},"content":{"rendered":"<h3>Rakenne ja toiminta<\/h3>\n<ul>\n<li>Sopii sek\u00e4 sis\u00e4- ett\u00e4 ulkok\u00e4ytt\u00f6\u00f6n<\/li>\n<li>Eritt\u00e4in vankka ja kest\u00e4v\u00e4<\/li>\n<li>Yl\u00e4telineen kiinnityslaite kiinnitt\u00e4\u00e4 sek\u00e4 rengaskiskon ett\u00e4 polkupy\u00f6r\u00e4n<\/li>\n<li>Kallistusmekanismi kaasujousella<\/li>\n<li>Ergonomiset kahvat<\/li>\n<li>Jatkettava rengaskisko rullilla<\/li>\n<\/ul>\n<h3>Joustavuus<\/h3>\n<ul>\n<li>Eri rengasleveyksille sopivat rengaskiskot, maks. 55 mm.<\/li>\n<li>Yksi- ja kaksipuolinen versio<\/li>\n<li>Maalattavissa halutulla RAL-v\u00e4rill\u00e4 (vakiona harmaa RAL 7016)<\/li>\n<li>Erikokoiset moduulit<\/li>\n<li>Helppo kiinnitt\u00e4\u00e4 maahan<\/li>\n<\/ul>\n<h3>Materiaalit<\/h3>\n<ul>\n<li>Ylemm\u00e4t rengaskiskot: anodisoitu alumiini<\/li>\n<li>Yl\u00e4kahvat: ASA-muovi<\/li>\n<li>Alemmat rengaskiskot ja rengastuet: kuumasinkitty ter\u00e4s NEN-EN-ISO 1461<\/li>\n<\/ul>\n<h3>Sertifikaatit<\/h3>\n<p>Sertifioitu FietsParKeur 2.0 mukaan (Alankomaiden standardi kest\u00e4v\u00e4lle py\u00f6r\u00e4pys\u00e4k\u00f6innille julkisessa ymp\u00e4rist\u00f6ss\u00e4 <a href=\"https:\/\/www.fietsparkeur.nl\/english\">Fiets Par Keur<\/a>).\u00a0 VENTURA on my\u00f6s hyv\u00e4ksytty Ruotsin Byggvarubed\u00f6mningen sek\u00e4 Sundahus m\u00e4\u00e4ritysten mukaan (lis\u00e4tietoja <a href=\"https:\/\/cyklos.stage.tankbar.cloud\/fi\/tietoa-ja-tekniikka\/\">Suunnitteluapu<\/a> sivulla).<\/p>\n<h3>Tuotenumerot<\/h3>\n<p>CYK315995 Cyklos VENTURA cc-mitalla 500 mm (parempi mukavuus)<br \/>\nCYK315996 Cyklos VENTURA cc-mitalla 500 mm kaksipuolinen (parempi mukavuus)<br \/>\nCYK315997 Cyklos VENTURA cc-mitalla 400 mm (vakio)<br \/>\nCYK315998 Cyklos VENTURA cc-mitalla 400 mm kaksipuolinen (vakio)<\/p>\n","protected":false},"excerpt":{"rendered":"<p>Ventura on parannettu versio perinteisist\u00e4 kaksikerroksisista py\u00f6r\u00e4telineist\u00e4, jotka tarjoavat ylivertaisen suorituskyvyn ja turvallisuuden. Teline on korkealaatuinen, mink\u00e4 ansiosta elinkaarikustannukset (LCC) ovat huomattavasti alhaisemmat. Venturan ansiosta samaan tilaan mahtuu tuplasti enemm\u00e4n polkupy\u00f6ri\u00e4 kuin tavalliseen py\u00f6r\u00e4telineeseen. Lis\u00e4ksi useita Ventura-telineit\u00e4 voidaan yhdist\u00e4\u00e4 toisiinsa py\u00f6r\u00e4kapasiteettia menett\u00e4m\u00e4tt\u00e4. Telineess\u00e4 on kest\u00e4v\u00e4 kaasujousi ja nostokorkeus polkupy\u00f6r\u00e4n eturenkaalle on matala, mik\u00e4 tekee pys\u00e4k\u00f6innist\u00e4 helppoa ja k\u00e4tev\u00e4\u00e4. Ventura tarjoaa k\u00e4ytt\u00e4jille optimaalisen pys\u00e4k\u00f6intikokemuksen.<\/p>\n","protected":false},"featured_media":33566,"comment_status":"closed","ping_status":"closed","template":"","meta":{"_acf_changed":false},"product_brand":[],"product_cat":[283],"product_tag":[],"class_list":{"0":"post-33556","1":"product","2":"type-product","3":"status-publish","4":"has-post-thumbnail","6":"product_cat-pyorateline","8":"first","9":"instock","10":"shipping-taxable","11":"product-type-simple"},"acf":[],"yoast_head":"<!-- This site is optimized with the Yoast SEO plugin v27.2 - https:\/\/yoast.com\/product\/yoast-seo-wordpress\/ -->\n<title>VENTURA kaksikerroksinen py\u00f6r\u00e4teline - Cyklos | Finland<\/title>\n<meta name=\"robots\" content=\"noindex, follow, max-snippet:-1, max-image-preview:large, max-video-preview:-1\" \/>\n<meta property=\"og:locale\" content=\"fi_FI\" \/>\n<meta property=\"og:type\" content=\"article\" \/>\n<meta property=\"og:title\" content=\"VENTURA kaksikerroksinen py\u00f6r\u00e4teline - Cyklos | Finland\" \/>\n<meta property=\"og:description\" content=\"Ventura on parannettu versio perinteisist\u00e4 kaksikerroksisista py\u00f6r\u00e4telineist\u00e4, jotka tarjoavat ylivertaisen suorituskyvyn ja turvallisuuden. Teline on korkealaatuinen, mink\u00e4 ansiosta elinkaarikustannukset (LCC) ovat huomattavasti alhaisemmat. Venturan ansiosta samaan tilaan mahtuu tuplasti enemm\u00e4n polkupy\u00f6ri\u00e4 kuin tavalliseen py\u00f6r\u00e4telineeseen. Lis\u00e4ksi useita Ventura-telineit\u00e4 voidaan yhdist\u00e4\u00e4 toisiinsa py\u00f6r\u00e4kapasiteettia menett\u00e4m\u00e4tt\u00e4. Telineess\u00e4 on kest\u00e4v\u00e4 kaasujousi ja nostokorkeus polkupy\u00f6r\u00e4n eturenkaalle on matala, mik\u00e4 tekee pys\u00e4k\u00f6innist\u00e4 helppoa ja k\u00e4tev\u00e4\u00e4. Ventura tarjoaa k\u00e4ytt\u00e4jille optimaalisen pys\u00e4k\u00f6intikokemuksen.\" \/>\n<meta property=\"og:url\" content=\"https:\/\/cyklos.stage.tankbar.cloud\/fi\/produkt\/ventura-kaksikerroksinen-pyorateline\/\" \/>\n<meta property=\"og:site_name\" content=\"Cyklos | Finland\" \/>\n<meta property=\"article:modified_time\" content=\"2025-04-02T11:57:31+00:00\" \/>\n<meta property=\"og:image\" content=\"https:\/\/cyklos.stage.tankbar.cloud\/fi\/wp-content\/uploads\/sites\/8\/2024\/01\/230628_fyrberg_2716-scaled.jpg\" \/>\n\t<meta property=\"og:image:width\" content=\"2560\" \/>\n\t<meta property=\"og:image:height\" content=\"1708\" \/>\n\t<meta property=\"og:image:type\" content=\"image\/jpeg\" \/>\n<meta name=\"twitter:card\" content=\"summary_large_image\" \/>\n<meta name=\"twitter:label1\" content=\"Arvioitu lukuaika\" \/>\n\t<meta name=\"twitter:data1\" content=\"1 minuutti\" \/>\n<script type=\"application\/ld+json\" class=\"yoast-schema-graph\">{\"@context\":\"https:\/\/schema.org\",\"@graph\":[{\"@type\":\"WebPage\",\"@id\":\"https:\/\/cyklos.stage.tankbar.cloud\/fi\/produkt\/ventura-kaksikerroksinen-pyorateline\/\",\"url\":\"https:\/\/cyklos.stage.tankbar.cloud\/fi\/produkt\/ventura-kaksikerroksinen-pyorateline\/\",\"name\":\"VENTURA kaksikerroksinen py\u00f6r\u00e4teline - Cyklos | Finland\",\"isPartOf\":{\"@id\":\"https:\/\/cyklos.stage.tankbar.cloud\/fi\/#website\"},\"primaryImageOfPage\":{\"@id\":\"https:\/\/cyklos.stage.tankbar.cloud\/fi\/produkt\/ventura-kaksikerroksinen-pyorateline\/#primaryimage\"},\"image\":{\"@id\":\"https:\/\/cyklos.stage.tankbar.cloud\/fi\/produkt\/ventura-kaksikerroksinen-pyorateline\/#primaryimage\"},\"thumbnailUrl\":\"https:\/\/www.cyklos.se\/wp-content\/uploads\/sites\/8\/2024\/01\/230628_fyrberg_2716-scaled.jpg\",\"datePublished\":\"2024-01-11T10:26:47+00:00\",\"dateModified\":\"2025-04-02T11:57:31+00:00\",\"breadcrumb\":{\"@id\":\"https:\/\/cyklos.stage.tankbar.cloud\/fi\/produkt\/ventura-kaksikerroksinen-pyorateline\/#breadcrumb\"},\"inLanguage\":\"fi\",\"potentialAction\":[{\"@type\":\"ReadAction\",\"target\":[\"https:\/\/cyklos.stage.tankbar.cloud\/fi\/produkt\/ventura-kaksikerroksinen-pyorateline\/\"]}]},{\"@type\":\"ImageObject\",\"inLanguage\":\"fi\",\"@id\":\"https:\/\/cyklos.stage.tankbar.cloud\/fi\/produkt\/ventura-kaksikerroksinen-pyorateline\/#primaryimage\",\"url\":\"https:\/\/www.cyklos.se\/wp-content\/uploads\/sites\/8\/2024\/01\/230628_fyrberg_2716-scaled.jpg\",\"contentUrl\":\"https:\/\/www.cyklos.se\/wp-content\/uploads\/sites\/8\/2024\/01\/230628_fyrberg_2716-scaled.jpg\",\"width\":2560,\"height\":1708},{\"@type\":\"BreadcrumbList\",\"@id\":\"https:\/\/cyklos.stage.tankbar.cloud\/fi\/produkt\/ventura-kaksikerroksinen-pyorateline\/#breadcrumb\",\"itemListElement\":[{\"@type\":\"ListItem\",\"position\":1,\"name\":\"Home\",\"item\":\"https:\/\/cyklos.stage.tankbar.cloud\/fi\/\"},{\"@type\":\"ListItem\",\"position\":2,\"name\":\"Tuotteet\",\"item\":\"https:\/\/cyklos.stage.tankbar.cloud\/fi\/shop\/\"},{\"@type\":\"ListItem\",\"position\":3,\"name\":\"VENTURA kaksikerroksinen py\u00f6r\u00e4teline\"}]},{\"@type\":\"WebSite\",\"@id\":\"https:\/\/cyklos.stage.tankbar.cloud\/fi\/#website\",\"url\":\"https:\/\/cyklos.stage.tankbar.cloud\/fi\/\",\"name\":\"Cyklos | Finland\",\"description\":\"Tulevaisuuden liikenne alkaa meilt\u00e4!\",\"potentialAction\":[{\"@type\":\"SearchAction\",\"target\":{\"@type\":\"EntryPoint\",\"urlTemplate\":\"https:\/\/cyklos.stage.tankbar.cloud\/fi\/?s={search_term_string}\"},\"query-input\":{\"@type\":\"PropertyValueSpecification\",\"valueRequired\":true,\"valueName\":\"search_term_string\"}}],\"inLanguage\":\"fi\"}]}<\/script>\n<!-- \/ Yoast SEO plugin. -->","yoast_head_json":{"title":"VENTURA kaksikerroksinen py\u00f6r\u00e4teline - Cyklos | Finland","robots":{"index":"noindex","follow":"follow","max-snippet":"max-snippet:-1","max-image-preview":"max-image-preview:large","max-video-preview":"max-video-preview:-1"},"og_locale":"fi_FI","og_type":"article","og_title":"VENTURA kaksikerroksinen py\u00f6r\u00e4teline - Cyklos | Finland","og_description":"Ventura on parannettu versio perinteisist\u00e4 kaksikerroksisista py\u00f6r\u00e4telineist\u00e4, jotka tarjoavat ylivertaisen suorituskyvyn ja turvallisuuden. Teline on korkealaatuinen, mink\u00e4 ansiosta elinkaarikustannukset (LCC) ovat huomattavasti alhaisemmat. Venturan ansiosta samaan tilaan mahtuu tuplasti enemm\u00e4n polkupy\u00f6ri\u00e4 kuin tavalliseen py\u00f6r\u00e4telineeseen. Lis\u00e4ksi useita Ventura-telineit\u00e4 voidaan yhdist\u00e4\u00e4 toisiinsa py\u00f6r\u00e4kapasiteettia menett\u00e4m\u00e4tt\u00e4. Telineess\u00e4 on kest\u00e4v\u00e4 kaasujousi ja nostokorkeus polkupy\u00f6r\u00e4n eturenkaalle on matala, mik\u00e4 tekee pys\u00e4k\u00f6innist\u00e4 helppoa ja k\u00e4tev\u00e4\u00e4. Ventura tarjoaa k\u00e4ytt\u00e4jille optimaalisen pys\u00e4k\u00f6intikokemuksen.","og_url":"https:\/\/cyklos.stage.tankbar.cloud\/fi\/produkt\/ventura-kaksikerroksinen-pyorateline\/","og_site_name":"Cyklos | Finland","article_modified_time":"2025-04-02T11:57:31+00:00","og_image":[{"width":2560,"height":1708,"url":"https:\/\/cyklos.stage.tankbar.cloud\/fi\/wp-content\/uploads\/sites\/8\/2024\/01\/230628_fyrberg_2716-scaled.jpg","type":"image\/jpeg"}],"twitter_card":"summary_large_image","twitter_misc":{"Arvioitu lukuaika":"1 minuutti"},"schema":{"@context":"https:\/\/schema.org","@graph":[{"@type":"WebPage","@id":"https:\/\/cyklos.stage.tankbar.cloud\/fi\/produkt\/ventura-kaksikerroksinen-pyorateline\/","url":"https:\/\/cyklos.stage.tankbar.cloud\/fi\/produkt\/ventura-kaksikerroksinen-pyorateline\/","name":"VENTURA kaksikerroksinen py\u00f6r\u00e4teline - Cyklos | Finland","isPartOf":{"@id":"https:\/\/cyklos.stage.tankbar.cloud\/fi\/#website"},"primaryImageOfPage":{"@id":"https:\/\/cyklos.stage.tankbar.cloud\/fi\/produkt\/ventura-kaksikerroksinen-pyorateline\/#primaryimage"},"image":{"@id":"https:\/\/cyklos.stage.tankbar.cloud\/fi\/produkt\/ventura-kaksikerroksinen-pyorateline\/#primaryimage"},"thumbnailUrl":"https:\/\/www.cyklos.se\/wp-content\/uploads\/sites\/8\/2024\/01\/230628_fyrberg_2716-scaled.jpg","datePublished":"2024-01-11T10:26:47+00:00","dateModified":"2025-04-02T11:57:31+00:00","breadcrumb":{"@id":"https:\/\/cyklos.stage.tankbar.cloud\/fi\/produkt\/ventura-kaksikerroksinen-pyorateline\/#breadcrumb"},"inLanguage":"fi","potentialAction":[{"@type":"ReadAction","target":["https:\/\/cyklos.stage.tankbar.cloud\/fi\/produkt\/ventura-kaksikerroksinen-pyorateline\/"]}]},{"@type":"ImageObject","inLanguage":"fi","@id":"https:\/\/cyklos.stage.tankbar.cloud\/fi\/produkt\/ventura-kaksikerroksinen-pyorateline\/#primaryimage","url":"https:\/\/www.cyklos.se\/wp-content\/uploads\/sites\/8\/2024\/01\/230628_fyrberg_2716-scaled.jpg","contentUrl":"https:\/\/www.cyklos.se\/wp-content\/uploads\/sites\/8\/2024\/01\/230628_fyrberg_2716-scaled.jpg","width":2560,"height":1708},{"@type":"BreadcrumbList","@id":"https:\/\/cyklos.stage.tankbar.cloud\/fi\/produkt\/ventura-kaksikerroksinen-pyorateline\/#breadcrumb","itemListElement":[{"@type":"ListItem","position":1,"name":"Home","item":"https:\/\/cyklos.stage.tankbar.cloud\/fi\/"},{"@type":"ListItem","position":2,"name":"Tuotteet","item":"https:\/\/cyklos.stage.tankbar.cloud\/fi\/shop\/"},{"@type":"ListItem","position":3,"name":"VENTURA kaksikerroksinen py\u00f6r\u00e4teline"}]},{"@type":"WebSite","@id":"https:\/\/cyklos.stage.tankbar.cloud\/fi\/#website","url":"https:\/\/cyklos.stage.tankbar.cloud\/fi\/","name":"Cyklos | Finland","description":"Tulevaisuuden liikenne alkaa meilt\u00e4!","potentialAction":[{"@type":"SearchAction","target":{"@type":"EntryPoint","urlTemplate":"https:\/\/cyklos.stage.tankbar.cloud\/fi\/?s={search_term_string}"},"query-input":{"@type":"PropertyValueSpecification","valueRequired":true,"valueName":"search_term_string"}}],"inLanguage":"fi"}]}},"_links":{"self":[{"href":"https:\/\/cyklos.stage.tankbar.cloud\/fi\/wp-json\/wp\/v2\/product\/33556","targetHints":{"allow":["GET"]}}],"collection":[{"href":"https:\/\/cyklos.stage.tankbar.cloud\/fi\/wp-json\/wp\/v2\/product"}],"about":[{"href":"https:\/\/cyklos.stage.tankbar.cloud\/fi\/wp-json\/wp\/v2\/types\/product"}],"replies":[{"embeddable":true,"href":"https:\/\/cyklos.stage.tankbar.cloud\/fi\/wp-json\/wp\/v2\/comments?post=33556"}],"wp:featuredmedia":[{"embeddable":true,"href":"https:\/\/cyklos.stage.tankbar.cloud\/fi\/wp-json\/wp\/v2\/media\/33566"}],"wp:attachment":[{"href":"https:\/\/cyklos.stage.tankbar.cloud\/fi\/wp-json\/wp\/v2\/media?parent=33556"}],"wp:term":[{"taxonomy":"product_brand","embeddable":true,"href":"https:\/\/cyklos.stage.tankbar.cloud\/fi\/wp-json\/wp\/v2\/product_brand?post=33556"},{"taxonomy":"product_cat","embeddable":true,"href":"https:\/\/cyklos.stage.tankbar.cloud\/fi\/wp-json\/wp\/v2\/product_cat?post=33556"},{"taxonomy":"product_tag","embeddable":true,"href":"https:\/\/cyklos.stage.tankbar.cloud\/fi\/wp-json\/wp\/v2\/product_tag?post=33556"}],"curies":[{"name":"wp","href":"https:\/\/api.w.org\/{rel}","templated":true}]}}