{"id":33670,"date":"2025-03-26T15:42:41","date_gmt":"2025-03-26T14:42:41","guid":{"rendered":"https:\/\/cyklos.stage.tankbar.cloud\/fi\/?post_type=product&#038;p=33670"},"modified":"2025-04-02T13:56:47","modified_gmt":"2025-04-02T11:56:47","slug":"pyorakatos-spin360","status":"publish","type":"product","link":"https:\/\/cyklos.stage.tankbar.cloud\/fi\/produkt\/pyorakatos-spin360\/","title":{"rendered":"Py\u00f6r\u00e4katos SPIN360"},"content":{"rendered":"<h5>Muotoilu ja toiminta<\/h5>\n<p>SPIN360<sup>\u00a9<\/sup> on lukittava ja valaistu py\u00f6r\u00e4katos, joka tarjoaa turvallisen ja varman s\u00e4ilytyksen jopa 12 polkupy\u00f6r\u00e4lle. Py\u00f6riv\u00e4 toiminto yhdistettyn\u00e4 kaasujousiavusteiseen nostovipuun helpottaa py\u00f6rien pys\u00e4k\u00f6inti\u00e4 ja noutoa, samalla kun muotoilu maksimoi tilank\u00e4yt\u00f6n. Py\u00f6r\u00e4t voidaan lukita yksil\u00f6llisesti rungosta lis\u00e4turvallisuuden takaamiseksi. Py\u00f6r\u00e4katos on py\u00f6re\u00e4, ja sen materiaalivalinnat sek\u00e4 viherkatto sulautuvat luonnollisesti ulkoymp\u00e4rist\u00f6\u00f6n.<\/p>\n<h5>Joustavuus<\/h5>\n<p>Py\u00f6r\u00e4katos voidaan sijoittaa eri paikkoihin ilman kiinte\u00e4\u00e4 perustusta, mik\u00e4 tekee siit\u00e4 joustavan vaihtoehdon esivalmistetun perustansa ansiosta. SPIN360\u00a9 on my\u00f6s suunniteltu yhteensopivaksi muiden py\u00f6r\u00e4pys\u00e4k\u00f6intiratkaisujen, kuten py\u00f6r\u00e4tallien ja katosten, kanssa.<\/h5>\n<h5>Kiinnitys ja asennus<\/h5>\n<p>SPIN360<sup>\u00a9<\/sup> voidaan helposti kiinnitt\u00e4\u00e4 esivalmistettuihin betonilohkoihin, mik\u00e4 mahdollistaa nopean ja vaivattoman asennuksen ilman laajamittaisia maansiirtot\u00f6it\u00e4. Py\u00f6r\u00e4katos voidaan my\u00f6s ankkuroida paikalla valettuun betonilaattaan.<\/p>\n<h5>Ymp\u00e4rist\u00f6sertifikaatit<\/h5>\n<p>SPIN360<sup>\u00a9<\/sup>-py\u00f6r\u00e4katos on hyv\u00e4ksytty seuraavien ymp\u00e4rist\u00f6sertifikaattien mukaisesti:<\/p>\n<table style=\"margin-bottom: 1rem;\" width=\"100%\">\n<tbody>\n<tr>\n<td><img loading=\"lazy\" decoding=\"async\" class=\"alignnone size-medium wp-image-7374\" src=\"https:\/\/cyklos.dockerstage01.tankbar.com\/wp-content\/uploads\/2025\/03\/byggvaru-300x84.jpg\" alt=\"\" width=\"150\" height=\"42\" \/><\/td>\n<td><img loading=\"lazy\" decoding=\"async\" class=\"alignnone size-medium wp-image-7375\" src=\"https:\/\/cyklos.dockerstage01.tankbar.com\/wp-content\/uploads\/2025\/03\/sundahus-300x81.jpg\" alt=\"\" width=\"150\" height=\"40\" \/><\/td>\n<\/tr>\n<\/tbody>\n<\/table>\n<p>Rakennusmateriaalien ymp\u00e4rist\u00f6sertifiointi, joka edist\u00e4\u00e4 kest\u00e4v\u00e4\u00e4 ja pitk\u00e4ik\u00e4ist\u00e4 rakentamista.<\/p>\n<h5>Certifieringar<\/h5>\n<table width=\"100%\" cellspacing=\"4px\">\n<tbody>\n<tr>\n<td width=\"50%\">\n<p class=\"p1\"><strong>CE-merkitty EN 1090 -standardin mukaisesti<\/strong><\/p>\n<p class=\"p1\" style=\"margin-right: 1rem\">Tuote t\u00e4ytt\u00e4\u00e4 EU:n turvallisuusvaatimukset kantaville rakenteille.<\/p>\n<p class=\"p1\">\n<\/td>\n<td width=\"50%\">\n<p class=\"p1\"><strong>Hyv\u00e4ksytty EN 13857 -standardin mukaisesti<\/strong><\/p>\n<p class=\"p1\">T\u00e4ytt\u00e4\u00e4 turvallisuuset\u00e4isyysvaatimukset.<\/p>\n<\/td>\n<\/tr>\n<\/tbody>\n<\/table>\n<p><img loading=\"lazy\" decoding=\"async\" class=\"alignnone size-full wp-image-7376\" src=\"https:\/\/cyklos.dockerstage01.tankbar.com\/wp-content\/uploads\/2025\/03\/ce.jpg\" alt=\"\" width=\"42\" height=\"29\" \/><\/p>\n","protected":false},"excerpt":{"rendered":"<p>SPIN360<sup>\u00a9<\/sup> on innovatiivinen ja tilaa s\u00e4\u00e4st\u00e4v\u00e4 py\u00f6r\u00e4katos, jossa on py\u00f6riv\u00e4 toiminto. Se on suunniteltu tarjoamaan turvallinen, suojattu ja tehokas pys\u00e4k\u00f6intiratkaisu jopa 12 py\u00f6r\u00e4lle. Ihanteellinen kaupunkiymp\u00e4rist\u00f6ihin, asuinalueille ja muille julkisille paikoille, joissa tilank\u00e4ytt\u00f6, turvallisuus ja helppok\u00e4ytt\u00f6isyys ovat keskeisi\u00e4 tekij\u00f6it\u00e4. Suunniteltu vaativiin pohjoismaisiin ilmasto-olosuhteisiin, ja kompaktin muotoilunsa sek\u00e4 itsekantavan rakenteensa ansiosta SPIN360<sup>\u00a9<\/sup> on helppo asentaa ja purkaa.<\/p>\n","protected":false},"featured_media":33669,"comment_status":"closed","ping_status":"closed","template":"","meta":{"_acf_changed":false},"product_brand":[],"product_cat":[283],"product_tag":[],"class_list":{"0":"post-33670","1":"product","2":"type-product","3":"status-publish","4":"has-post-thumbnail","6":"product_cat-pyorateline","8":"first","9":"instock","10":"shipping-taxable","11":"product-type-simple"},"acf":[],"yoast_head":"<!-- This site is optimized with the Yoast SEO plugin v27.2 - https:\/\/yoast.com\/product\/yoast-seo-wordpress\/ -->\n<title>Py\u00f6r\u00e4katos SPIN360 - Cyklos | Finland<\/title>\n<meta name=\"robots\" content=\"noindex, follow, max-snippet:-1, max-image-preview:large, max-video-preview:-1\" \/>\n<meta property=\"og:locale\" content=\"fi_FI\" \/>\n<meta property=\"og:type\" content=\"article\" \/>\n<meta property=\"og:title\" content=\"Py\u00f6r\u00e4katos SPIN360 - Cyklos | Finland\" \/>\n<meta property=\"og:description\" content=\"SPIN360\u00a9 on innovatiivinen ja tilaa s\u00e4\u00e4st\u00e4v\u00e4 py\u00f6r\u00e4katos, jossa on py\u00f6riv\u00e4 toiminto. Se on suunniteltu tarjoamaan turvallinen, suojattu ja tehokas pys\u00e4k\u00f6intiratkaisu jopa 12 py\u00f6r\u00e4lle. Ihanteellinen kaupunkiymp\u00e4rist\u00f6ihin, asuinalueille ja muille julkisille paikoille, joissa tilank\u00e4ytt\u00f6, turvallisuus ja helppok\u00e4ytt\u00f6isyys ovat keskeisi\u00e4 tekij\u00f6it\u00e4. Suunniteltu vaativiin pohjoismaisiin ilmasto-olosuhteisiin, ja kompaktin muotoilunsa sek\u00e4 itsekantavan rakenteensa ansiosta SPIN360\u00a9 on helppo asentaa ja purkaa.\" \/>\n<meta property=\"og:url\" content=\"https:\/\/cyklos.stage.tankbar.cloud\/fi\/produkt\/pyorakatos-spin360\/\" \/>\n<meta property=\"og:site_name\" content=\"Cyklos | Finland\" \/>\n<meta property=\"article:modified_time\" content=\"2025-04-02T11:56:47+00:00\" \/>\n<meta property=\"og:image\" content=\"https:\/\/cyklos.stage.tankbar.cloud\/fi\/wp-content\/uploads\/sites\/8\/2025\/03\/SPIN360-03.jpg\" \/>\n\t<meta property=\"og:image:width\" content=\"2500\" \/>\n\t<meta property=\"og:image:height\" content=\"1568\" \/>\n\t<meta property=\"og:image:type\" content=\"image\/jpeg\" \/>\n<meta name=\"twitter:card\" content=\"summary_large_image\" \/>\n<meta name=\"twitter:label1\" content=\"Arvioitu lukuaika\" \/>\n\t<meta name=\"twitter:data1\" content=\"2 minuuttia\" \/>\n<script type=\"application\/ld+json\" class=\"yoast-schema-graph\">{\"@context\":\"https:\/\/schema.org\",\"@graph\":[{\"@type\":\"WebPage\",\"@id\":\"https:\/\/cyklos.stage.tankbar.cloud\/fi\/produkt\/pyorakatos-spin360\/\",\"url\":\"https:\/\/cyklos.stage.tankbar.cloud\/fi\/produkt\/pyorakatos-spin360\/\",\"name\":\"Py\u00f6r\u00e4katos SPIN360 - Cyklos | Finland\",\"isPartOf\":{\"@id\":\"https:\/\/cyklos.stage.tankbar.cloud\/fi\/#website\"},\"primaryImageOfPage\":{\"@id\":\"https:\/\/cyklos.stage.tankbar.cloud\/fi\/produkt\/pyorakatos-spin360\/#primaryimage\"},\"image\":{\"@id\":\"https:\/\/cyklos.stage.tankbar.cloud\/fi\/produkt\/pyorakatos-spin360\/#primaryimage\"},\"thumbnailUrl\":\"https:\/\/cyklos.stage.tankbar.cloud\/fi\/wp-content\/uploads\/sites\/8\/2025\/03\/SPIN360-03.jpg\",\"datePublished\":\"2025-03-26T14:42:41+00:00\",\"dateModified\":\"2025-04-02T11:56:47+00:00\",\"breadcrumb\":{\"@id\":\"https:\/\/cyklos.stage.tankbar.cloud\/fi\/produkt\/pyorakatos-spin360\/#breadcrumb\"},\"inLanguage\":\"fi\",\"potentialAction\":[{\"@type\":\"ReadAction\",\"target\":[\"https:\/\/cyklos.stage.tankbar.cloud\/fi\/produkt\/pyorakatos-spin360\/\"]}]},{\"@type\":\"ImageObject\",\"inLanguage\":\"fi\",\"@id\":\"https:\/\/cyklos.stage.tankbar.cloud\/fi\/produkt\/pyorakatos-spin360\/#primaryimage\",\"url\":\"https:\/\/cyklos.stage.tankbar.cloud\/fi\/wp-content\/uploads\/sites\/8\/2025\/03\/SPIN360-03.jpg\",\"contentUrl\":\"https:\/\/cyklos.stage.tankbar.cloud\/fi\/wp-content\/uploads\/sites\/8\/2025\/03\/SPIN360-03.jpg\",\"width\":2500,\"height\":1568},{\"@type\":\"BreadcrumbList\",\"@id\":\"https:\/\/cyklos.stage.tankbar.cloud\/fi\/produkt\/pyorakatos-spin360\/#breadcrumb\",\"itemListElement\":[{\"@type\":\"ListItem\",\"position\":1,\"name\":\"Home\",\"item\":\"https:\/\/cyklos.stage.tankbar.cloud\/fi\/\"},{\"@type\":\"ListItem\",\"position\":2,\"name\":\"Tuotteet\",\"item\":\"https:\/\/cyklos.stage.tankbar.cloud\/fi\/shop\/\"},{\"@type\":\"ListItem\",\"position\":3,\"name\":\"Py\u00f6r\u00e4katos SPIN360\"}]},{\"@type\":\"WebSite\",\"@id\":\"https:\/\/cyklos.stage.tankbar.cloud\/fi\/#website\",\"url\":\"https:\/\/cyklos.stage.tankbar.cloud\/fi\/\",\"name\":\"Cyklos | Finland\",\"description\":\"Tulevaisuuden liikenne alkaa meilt\u00e4!\",\"potentialAction\":[{\"@type\":\"SearchAction\",\"target\":{\"@type\":\"EntryPoint\",\"urlTemplate\":\"https:\/\/cyklos.stage.tankbar.cloud\/fi\/?s={search_term_string}\"},\"query-input\":{\"@type\":\"PropertyValueSpecification\",\"valueRequired\":true,\"valueName\":\"search_term_string\"}}],\"inLanguage\":\"fi\"}]}<\/script>\n<!-- \/ Yoast SEO plugin. -->","yoast_head_json":{"title":"Py\u00f6r\u00e4katos SPIN360 - Cyklos | Finland","robots":{"index":"noindex","follow":"follow","max-snippet":"max-snippet:-1","max-image-preview":"max-image-preview:large","max-video-preview":"max-video-preview:-1"},"og_locale":"fi_FI","og_type":"article","og_title":"Py\u00f6r\u00e4katos SPIN360 - Cyklos | Finland","og_description":"SPIN360\u00a9 on innovatiivinen ja tilaa s\u00e4\u00e4st\u00e4v\u00e4 py\u00f6r\u00e4katos, jossa on py\u00f6riv\u00e4 toiminto. Se on suunniteltu tarjoamaan turvallinen, suojattu ja tehokas pys\u00e4k\u00f6intiratkaisu jopa 12 py\u00f6r\u00e4lle. Ihanteellinen kaupunkiymp\u00e4rist\u00f6ihin, asuinalueille ja muille julkisille paikoille, joissa tilank\u00e4ytt\u00f6, turvallisuus ja helppok\u00e4ytt\u00f6isyys ovat keskeisi\u00e4 tekij\u00f6it\u00e4. Suunniteltu vaativiin pohjoismaisiin ilmasto-olosuhteisiin, ja kompaktin muotoilunsa sek\u00e4 itsekantavan rakenteensa ansiosta SPIN360\u00a9 on helppo asentaa ja purkaa.","og_url":"https:\/\/cyklos.stage.tankbar.cloud\/fi\/produkt\/pyorakatos-spin360\/","og_site_name":"Cyklos | Finland","article_modified_time":"2025-04-02T11:56:47+00:00","og_image":[{"width":2500,"height":1568,"url":"https:\/\/cyklos.stage.tankbar.cloud\/fi\/wp-content\/uploads\/sites\/8\/2025\/03\/SPIN360-03.jpg","type":"image\/jpeg"}],"twitter_card":"summary_large_image","twitter_misc":{"Arvioitu lukuaika":"2 minuuttia"},"schema":{"@context":"https:\/\/schema.org","@graph":[{"@type":"WebPage","@id":"https:\/\/cyklos.stage.tankbar.cloud\/fi\/produkt\/pyorakatos-spin360\/","url":"https:\/\/cyklos.stage.tankbar.cloud\/fi\/produkt\/pyorakatos-spin360\/","name":"Py\u00f6r\u00e4katos SPIN360 - Cyklos | Finland","isPartOf":{"@id":"https:\/\/cyklos.stage.tankbar.cloud\/fi\/#website"},"primaryImageOfPage":{"@id":"https:\/\/cyklos.stage.tankbar.cloud\/fi\/produkt\/pyorakatos-spin360\/#primaryimage"},"image":{"@id":"https:\/\/cyklos.stage.tankbar.cloud\/fi\/produkt\/pyorakatos-spin360\/#primaryimage"},"thumbnailUrl":"https:\/\/cyklos.stage.tankbar.cloud\/fi\/wp-content\/uploads\/sites\/8\/2025\/03\/SPIN360-03.jpg","datePublished":"2025-03-26T14:42:41+00:00","dateModified":"2025-04-02T11:56:47+00:00","breadcrumb":{"@id":"https:\/\/cyklos.stage.tankbar.cloud\/fi\/produkt\/pyorakatos-spin360\/#breadcrumb"},"inLanguage":"fi","potentialAction":[{"@type":"ReadAction","target":["https:\/\/cyklos.stage.tankbar.cloud\/fi\/produkt\/pyorakatos-spin360\/"]}]},{"@type":"ImageObject","inLanguage":"fi","@id":"https:\/\/cyklos.stage.tankbar.cloud\/fi\/produkt\/pyorakatos-spin360\/#primaryimage","url":"https:\/\/cyklos.stage.tankbar.cloud\/fi\/wp-content\/uploads\/sites\/8\/2025\/03\/SPIN360-03.jpg","contentUrl":"https:\/\/cyklos.stage.tankbar.cloud\/fi\/wp-content\/uploads\/sites\/8\/2025\/03\/SPIN360-03.jpg","width":2500,"height":1568},{"@type":"BreadcrumbList","@id":"https:\/\/cyklos.stage.tankbar.cloud\/fi\/produkt\/pyorakatos-spin360\/#breadcrumb","itemListElement":[{"@type":"ListItem","position":1,"name":"Home","item":"https:\/\/cyklos.stage.tankbar.cloud\/fi\/"},{"@type":"ListItem","position":2,"name":"Tuotteet","item":"https:\/\/cyklos.stage.tankbar.cloud\/fi\/shop\/"},{"@type":"ListItem","position":3,"name":"Py\u00f6r\u00e4katos SPIN360"}]},{"@type":"WebSite","@id":"https:\/\/cyklos.stage.tankbar.cloud\/fi\/#website","url":"https:\/\/cyklos.stage.tankbar.cloud\/fi\/","name":"Cyklos | Finland","description":"Tulevaisuuden liikenne alkaa meilt\u00e4!","potentialAction":[{"@type":"SearchAction","target":{"@type":"EntryPoint","urlTemplate":"https:\/\/cyklos.stage.tankbar.cloud\/fi\/?s={search_term_string}"},"query-input":{"@type":"PropertyValueSpecification","valueRequired":true,"valueName":"search_term_string"}}],"inLanguage":"fi"}]}},"_links":{"self":[{"href":"https:\/\/cyklos.stage.tankbar.cloud\/fi\/wp-json\/wp\/v2\/product\/33670","targetHints":{"allow":["GET"]}}],"collection":[{"href":"https:\/\/cyklos.stage.tankbar.cloud\/fi\/wp-json\/wp\/v2\/product"}],"about":[{"href":"https:\/\/cyklos.stage.tankbar.cloud\/fi\/wp-json\/wp\/v2\/types\/product"}],"replies":[{"embeddable":true,"href":"https:\/\/cyklos.stage.tankbar.cloud\/fi\/wp-json\/wp\/v2\/comments?post=33670"}],"wp:featuredmedia":[{"embeddable":true,"href":"https:\/\/cyklos.stage.tankbar.cloud\/fi\/wp-json\/wp\/v2\/media\/33669"}],"wp:attachment":[{"href":"https:\/\/cyklos.stage.tankbar.cloud\/fi\/wp-json\/wp\/v2\/media?parent=33670"}],"wp:term":[{"taxonomy":"product_brand","embeddable":true,"href":"https:\/\/cyklos.stage.tankbar.cloud\/fi\/wp-json\/wp\/v2\/product_brand?post=33670"},{"taxonomy":"product_cat","embeddable":true,"href":"https:\/\/cyklos.stage.tankbar.cloud\/fi\/wp-json\/wp\/v2\/product_cat?post=33670"},{"taxonomy":"product_tag","embeddable":true,"href":"https:\/\/cyklos.stage.tankbar.cloud\/fi\/wp-json\/wp\/v2\/product_tag?post=33670"}],"curies":[{"name":"wp","href":"https:\/\/api.w.org\/{rel}","templated":true}]}}