{"id":1290,"date":"2018-06-20T14:18:25","date_gmt":"2018-06-20T12:18:25","guid":{"rendered":"http:\/\/cyklos2018.wpstage01.tankbar.com\/?page_id=1290"},"modified":"2018-06-20T14:25:29","modified_gmt":"2018-06-20T12:25:29","slug":"integritetspolicy","status":"publish","type":"page","link":"https:\/\/cyklos.stage.tankbar.cloud\/no\/integritetspolicy\/","title":{"rendered":"Integritetspolicy"},"content":{"rendered":"<h1>Policy avseende integritet och marknadsf\u00f6ring<\/h1>\n<h3>1. Allm\u00e4nt<\/h3>\n<p>1.1 Denna policy avseende integritet och marknadsf\u00f6ring (\u201d Integritetspolicy\u201d) beskriver hur Cyklos AB, org. nr 556830-1880, Skogsborgsv\u00e4gen\u00a016, 647 31 Mariefred, e-mail: <a href=\"mailto:info@cyklos.se\">info@cyklos.se<\/a>, (\u201dCyklos AB\u201d, \u201d vi\u201d) samlar in, anv\u00e4nder, l\u00e4mnar ut och lagrar dina personuppgifter.<\/p>\n<p>1.2 Integritetspolicyn g\u00e4ller Cyklos AB behandling av personuppgifter som samlas in vid anv\u00e4ndning av v\u00e5r webbplats.<\/p>\n<p>1.3 Du ska alltid k\u00e4nna dig trygg n\u00e4r du l\u00e4mnar dina personuppgifter till oss. Vi vill med denna Integritetspolicy visa hur vi s\u00e4kerst\u00e4ller att dina personuppgifter behandlas i enlighet med g\u00e4llande personuppgiftslagstiftning (GDPR).<\/p>\n<h3>2. Personuppgiftsansvarig<\/h3>\n<p>2.1 Cyklos AB \u00e4r personuppgiftsansvarig f\u00f6r v\u00e5r behandling av dina personuppgifter och ansvarar f\u00f6r att s\u00e5dan behandling sker i enlighet med till\u00e4mplig lagstiftning.<\/p>\n<p>2.2 Personuppgiftsbitr\u00e4de<br \/>\nWebbplatsen \u00e4r producerad av\u00a0<a href=\"https:\/\/www.tankbar.com\/\" target=\"_blank\" rel=\"noopener\">webbyr\u00e5n Tankbar<\/a>\u00a0som hostar webbplatsen p\u00e5 sina servrar i Sverige. Personuppgiftsbitr\u00e4det \u00e4ger ej r\u00e4tt att behandla personuppgifter annat \u00e4n f\u00f6r att s\u00e4kerst\u00e4lla tj\u00e4nsten som Personuppgiftsansvarige anlitat dem till.<\/p>\n<p>2.3 Personuppgiftsunderbitr\u00e4den<\/p>\n<ul>\n<li>Mailchimp &#8211; Nyhetsbrev \/ E-postlistor (<a href=\"https:\/\/kb.mailchimp.com\/accounts\/management\/about-the-general-data-protection-regulation\" target=\"_blank\" rel=\"noopener\">https:\/\/kb.mailchimp.com\/accounts\/management\/about-the-general-data-protection-regulation<\/a>)<\/li>\n<\/ul>\n<h3>3. N\u00e4r behandlar vi dina personuppgifter?<\/h3>\n<p>3.1 F\u00f6r att du ska kunna bes\u00f6ka v\u00e5r webbplats m\u00e5ste vi samla in och behandla personuppgifter om dig.<\/p>\n<p>3.2 Cyklos AB samlar in och behandlar personuppgifter om dig n\u00e4r du anv\u00e4nder dig av formul\u00e4ren p\u00e5 v\u00e5r webbplats.<\/p>\n<h3>4. Vilka personuppgifter behandlar vi om dig?<\/h3>\n<p><strong>4.1 F\u00f6r dig som bes\u00f6ker v\u00e5r webbplats<br \/>\n<\/strong>De personuppgifter Cyklos AB samlar in och behandlar om dig i egenskap av bes\u00f6kare av v\u00e5r webbplats \u00e4r:<\/p>\n<ul>\n<li>IP-adress och information om din anv\u00e4ndning av Cyklos AB webbplats<\/li>\n<\/ul>\n<p><strong>4.2 F\u00f6r dig som genomf\u00f6r ett k\u00f6p<br \/>\n<\/strong>De personuppgifter Cyklos AB samlar in och behandlar om dig som genomf\u00f6r ett k\u00f6p \u00e4r:<\/p>\n<ul>\n<li>F\u00f6r- och efternamn<\/li>\n<li>IP-nummer<\/li>\n<li>Adress, postnummer, stad<\/li>\n<li>Mobilnummer<\/li>\n<li>E-post<\/li>\n<li>Ev meddelande<\/li>\n<\/ul>\n<h3>5. Varf\u00f6r behandlar vi uppgifter om dig?<\/h3>\n<p><strong>5.1 F\u00f6r dig som bes\u00f6<\/strong><strong>ker v<\/strong><strong>\u00e5r webbplats<br \/>\n<\/strong>Cyklos AB behandlar dina personuppgifter f\u00f6r olika \u00e4ndam\u00e5l. F\u00f6r dig som bes\u00f6ker v\u00e5r webbplats behandlar vi dina personuppgifter i syfte att:<\/p>\n<ul>\n<li>F\u00e5 en bild av hur du som bes\u00f6kare anv\u00e4nder webbplatsen.<\/li>\n<\/ul>\n<p><strong>5.2 F\u00f6r dig som genomf\u00f6r ett k\u00f6p<br \/>\n<\/strong>Cyklos AB behandlar personuppgifter f\u00f6r dig som fyller i kontaktformul\u00e4r i syfte att:<\/p>\n<ul>\n<li>Fullg\u00f6ra v\u00e5ra f\u00f6rpliktelser gentemot dig som kund, s\u00e5som tillhandah\u00e5llande av support.<\/li>\n<li>M\u00f6jligg\u00f6ra allm\u00e4n kundv\u00e5rd och kundservice, som f\u00f6r att besvara fr\u00e5gor och r\u00e4tta felaktiga uppgifter.<\/li>\n<li>L\u00e4mna information och rikta marknadsf\u00f6ring, per post, e-post, SMS\/MMS samt telefon avseende Cyklos ABs varor och tj\u00e4nster.<\/li>\n<li>Hantera kundf\u00f6rh\u00e5llandet och tillhandah\u00e5lla v\u00e5ra tj\u00e4nster.<\/li>\n<li>F\u00f6lja till\u00e4mplig lagstiftning, till exempel bokf\u00f6ringslagar.<\/li>\n<\/ul>\n<h3>6. De lagliga grunderna f\u00f6r v\u00e5r behandling av dina personuppgifter<\/h3>\n<p>6.1 Cyklos AB baserar behandlingen av dina personuppgifter p\u00e5 ett antal lagliga grunder. Dessa beskrivs i det h\u00e4r avsnittet.<\/p>\n<p>6.2 Vi behandlar bland annat dina personuppgifter f\u00f6r att kunna fullg\u00f6ra avtalet med dig som kund, s\u00e5 som f\u00f6r att kunna fullg\u00f6ra v\u00e5ra \u00e5taganden gentemot dig som kund. Med st\u00f6d av denna lagliga grund behandlar vi uppgifter om dig som kund, ditt beteende p\u00e5 v\u00e5r webbplats, din interaktion med Cyklos AB samt ditt intresse av v\u00e5ra tj\u00e4nster.<\/p>\n<p>6.3 En del av den behandling av personuppgifter som vi utf\u00f6r baserar sig p\u00e5 en s\u00e5 kallad intresseavv\u00e4gning. Detta g\u00e4ller exempelvis den behandling vi utf\u00f6r f\u00f6r att kunna skicka e-post till dig om v\u00e5ra tj\u00e4nster samt f\u00f6r att g\u00f6ra en begr\u00e4nsad segmentering av kunder, t.ex. baserat p\u00e5 statistik fr\u00e5n e-postutskick. Cyklos AB behandlar inte k\u00e4nsliga personuppgifter med st\u00f6d av en intresseavv\u00e4gning och utf\u00f6r ingen behandling som utg\u00f6r profilering med st\u00f6d av en intresseavv\u00e4gning.<\/p>\n<p>6.4 I vissa fall kan Cyklos AB ha en r\u00e4ttslig f\u00f6rpliktelse att behandla dina personuppgifter. Detta g\u00e4ller till exempel f\u00f6r den behandling av personuppgifter som vi utf\u00f6r f\u00f6r att kunna uppfylla bokf\u00f6ringslagens krav.<\/p>\n<h3>7. Sammanst\u00e4llning av v\u00e5r personuppgiftsbehandling<\/h3>\n<p>&nbsp;<\/p>\n<table width=\"100%\">\n<thead>\n<tr>\n<td width=\"120\"><strong>\u00c4ndam\u00e5l<\/strong><\/td>\n<td width=\"120\"><strong>R\u00e4ttslig grund<\/strong><\/td>\n<td width=\"120\"><strong>Kategorier av personuppgifter<\/strong><\/td>\n<td width=\"120\"><strong>Lagringstid<\/strong><\/td>\n<\/tr>\n<\/thead>\n<tbody>\n<tr>\n<td width=\"120\">F\u00f6r att du ska kunna bes\u00f6ka v\u00e5r webbplats.<\/td>\n<td width=\"120\">Fullg\u00f6ra v\u00e5ra \u00e5taganden gentemot dig som kund<\/td>\n<td width=\"120\">\n<ul>\n<li>IP-adress och information om din anv\u00e4ndning av webbplatsen.<\/li>\n<\/ul>\n<\/td>\n<td width=\"120\">S\u00e5 l\u00e4nge det beh\u00f6vs f\u00f6r att fullg\u00f6ra de \u00e4ndam\u00e5l som uppgifterna samlades in f\u00f6r.<\/td>\n<\/tr>\n<tr>\n<td width=\"120\">F\u00f6r att f\u00f6rs\u00e4kra oss om att lagkrav efterlevs, s\u00e5som bokf\u00f6ringslagen.<\/td>\n<td width=\"120\">R\u00e4ttslig f\u00f6rpliktelse<\/td>\n<td width=\"120\">\n<ul>\n<li>Namn, adress, telefonnummer samt e-post<\/li>\n<li>Geografisk information<\/li>\n<li>IP-adress, enhetsinformation, logginformation<\/li>\n<\/ul>\n<\/td>\n<td width=\"120\">S\u00e5 l\u00e4nge vi \u00e4r skyldiga att lagra uppgifterna enligt till\u00e4mplig lag.<\/td>\n<\/tr>\n<tr>\n<td width=\"120\">F\u00f6r att du ska kunna genomf\u00f6ra ett k\u00f6p p\u00e5 v\u00e5r webbplats.<\/td>\n<td width=\"120\">Fullg\u00f6ra v\u00e5ra \u00e5taganden gentemot dig som kund<\/td>\n<td width=\"120\">\n<ul>\n<li>F\u00f6r- och efternamn<\/li>\n<li>IP-nummer<\/li>\n<li>Adress, postnummer, ort<\/li>\n<li>Mobilnummer<\/li>\n<li>E-post<\/li>\n<li>Ditt meddelande<\/li>\n<\/ul>\n<\/td>\n<td width=\"120\">S\u00e5 l\u00e4nge det beh\u00f6vs f\u00f6r att fullg\u00f6ra de \u00e4ndam\u00e5l som uppgifterna samlades in f\u00f6r.<\/td>\n<\/tr>\n<\/tbody>\n<\/table>\n<h3>8. Profilering<\/h3>\n<p>8.1 Cyklos AB kan behandla dina personuppgifter genom profilering om du \u00e4r kund. Om du \u00e4r kund analyseras information om hur du anv\u00e4nder v\u00e5r webb, vilka av v\u00e5ra nyhetsbrev du interagerat med f\u00f6r att tillhandah\u00e5lla dig utskick som vi tror passar dig.<\/p>\n<p>8.2 Du kan n\u00e4rsomhelst inv\u00e4nda mot behandling av personuppgifter genom profilering. Detta g\u00f6r du genom att ringa oss eller genom att kontakta <a href=\"mailto:info@cyklos.se\">info@cyklos.se<\/a>. N\u00e4r Cyklos AB har mottagit din anm\u00e4lan kommer vi att upph\u00f6ra med att behandla dina personuppgifter f\u00f6r detta \u00e4ndam\u00e5l.<\/p>\n<h3>9. Hur l\u00e4nge sparar vi uppgifter om dig?<\/h3>\n<p>9.1 Dina personuppgifter sparas endast s\u00e5 l\u00e4nge som det finns ett behov av att spara dem f\u00f6r att fullg\u00f6ra de \u00e4ndam\u00e5l som uppgifterna samlades in f\u00f6r i enlighet med denna Integritetspolicy. Cyklos AB kan komma att spara uppgifterna l\u00e4ngre om det beh\u00f6vs f\u00f6r att f\u00f6lja lagkrav eller f\u00f6r att bevaka Cyklos ABs r\u00e4ttsliga intressen, t.ex. om det p\u00e5g\u00e5r en juridisk process.<\/p>\n<p>9.2 Cyklos AB sparar uppgifter om kunder i h\u00f6gst 24 m\u00e5nader efter det att kunden senast integrerat med Cyklos AB.<\/p>\n<h3>10. Vem l\u00e4mnar vi ut personuppgifter till?<\/h3>\n<p>10.1 Vi kommer inte att s\u00e4lja eller dela med oss av dina personuppgifter till tredje part om vi inte har ditt tillst\u00e5nd till det.<\/p>\n<h3>11. \u00c4ndring av integritetspolicy<\/h3>\n<p>11.1 Cyklos AB har r\u00e4tt att n\u00e4r som helst \u00e4ndra Integritetspolicyn. Cyklos AB kommer att med rimlig varsel underr\u00e4tta dig vid \u00e4ndringar av Integritetspolicyn.<\/p>\n<h3>12. Skyddet av dina personuppgifter<\/h3>\n<p>12.1 Du ska alltid kunna k\u00e4nna dig trygg n\u00e4r du l\u00e4mnar dina personuppgifter till oss. Cyklos AB har d\u00e4rf\u00f6r vidtagit de s\u00e4kerhets\u00e5tg\u00e4rder som beh\u00f6vs f\u00f6r att skydda dina personuppgifter mot otillb\u00f6rlig \u00e5tkomst, f\u00f6r\u00e4ndring och radering. Exempelvis sparas alla uppgifter om kunder samt Kontoinnehavare i en databas som \u00e4r skyddad genom beh\u00f6righetsstyrning och brandv\u00e4gg.<\/p>\n<h3>13. Dina r\u00e4ttigheter<\/h3>\n<p>13.1 Cyklos AB ansvarar f\u00f6r att dina personuppgifter behandlas i enlighet med g\u00e4llande lagstiftning.<\/p>\n<p>13.2 Cyklos AB kommer p\u00e5 din beg\u00e4ran eller p\u00e5 eget initiativ att r\u00e4tta, avidentifiera, radera eller komplettera uppgifter som uppt\u00e4cks vara felaktiga, ofullst\u00e4ndiga eller missvisande.<\/p>\n<p>13.3 Du har r\u00e4tt att beg\u00e4ra<\/p>\n<ol style=\"list-style-type: lower-alpha;\">\n<li>Tillg\u00e5ng till dina personuppgifter. Det inneb\u00e4r att du har r\u00e4tt att beg\u00e4ra ett registerutdrag \u00f6ver den behandling som vi genomf\u00f6r avseende dina personuppgifter. Du har \u00e4ven r\u00e4tt att f\u00e5 en kopia av de personuppgifter som behandlas. Du har r\u00e4tt att en g\u00e5ng per kalender\u00e5r, genom en skriftligt undertecknad ans\u00f6kan, kostnadsfritt erh\u00e5lla ett registerutdrag om vilka personuppgifter som finns registrerade om dig, \u00e4ndam\u00e5len med behandlingen och till vilka mottagare uppgifterna har l\u00e4mnats eller ska l\u00e4mnas ut. Du har \u00e4ven r\u00e4tt att i registerutdraget f\u00e5 information om var uppgifterna har h\u00e4mtats ifr\u00e5n om personuppgifterna inte har samlats in fr\u00e5n dig, f\u00f6rekomsten av automatiserat beslutsfattande (inklusive profilering) samt den f\u00f6rutsedda period under vilken uppgifterna kommer att lagras eller kriterierna som anv\u00e4nds f\u00f6r att fastst\u00e4lla denna period. Du har vidare r\u00e4tt att i registerutdraget f\u00e5 information om dina \u00f6vriga r\u00e4ttigheter som anges i denna punkt.<\/li>\n<li>R\u00e4ttelse av dina personuppgifter. Vi kommer p\u00e5 din beg\u00e4ran att s\u00e5 snabbt som m\u00f6jligt r\u00e4tta de felaktiga eller ofullst\u00e4ndiga uppgifter vi behandlar om dig.<\/li>\n<li>Radering av dina personuppgifter. Det inneb\u00e4r att du har r\u00e4tt att beg\u00e4ra att dina personuppgifter tas bort om de inte l\u00e4ngre \u00e4r n\u00f6dv\u00e4ndiga f\u00f6r det \u00e4ndam\u00e5l de samlades in f\u00f6r. Det kan dock finnas lagkrav p\u00e5 att vi inte omedelbart f\u00e5r radera dina personuppgifter i exempelvis bokf\u00f6rings- och skattelagstiftning. Vi kommer d\u00e5 att avsluta den behandling som g\u00f6rs f\u00f6r andra \u00e4ndam\u00e5l \u00e4n att f\u00f6lja lagstiftningen.<\/li>\n<li>Begr\u00e4nsning av behandling. Det inneb\u00e4r att dina personuppgifter markeras s\u00e5 att de endast f\u00e5r behandlas f\u00f6r vissa avgr\u00e4nsade \u00e4ndam\u00e5l. Du kan bland annat beg\u00e4ra begr\u00e4nsning n\u00e4r du anser att dina uppgifter \u00e4r felaktiga och du har beg\u00e4rt r\u00e4ttelse enligt punkt 12.3 b). Under tiden uppgifternas korrekthet utreds kommer behandlingen av dem att begr\u00e4nsas.<\/li>\n<\/ol>\n<p>13.4 Cyklos AB kommer att underr\u00e4tta varje mottagare till vilken personuppgifterna har l\u00e4mnats ut enligt punkten 10 ovan om eventuella r\u00e4ttelser eller radering av uppgifter samt begr\u00e4nsning av behandling av uppgifter.<\/p>\n<p>13.5 Du har r\u00e4tt att inv\u00e4nda mot personuppgiftsbehandling som utf\u00f6rs med st\u00f6d av en intresseavv\u00e4gning. Om du inv\u00e4nder mot s\u00e5dan behandling kommer vi enbart att forts\u00e4tta behandlingen om det finns ber\u00e4ttigade sk\u00e4l till behandlingen som v\u00e4ger tyngre \u00e4n dina intressen.<\/p>\n<p>13.6 Om du inte vill att vi behandlar dina personuppgifter f\u00f6r direkt marknadsf\u00f6ring har du alltid r\u00e4tt att inv\u00e4nda mot s\u00e5dan behandling genom att skicka ett mail till <a href=\"mailto:info@cyklos.se\">info@cyklos.se<\/a>. N\u00e4r har vi mottagit din inv\u00e4ndning kommer vi att upph\u00f6ra med att behandla personuppgifterna f\u00f6r s\u00e5dant marknadsf\u00f6rings\u00e4ndam\u00e5l.<\/p>\n<p>13.7 Du har r\u00e4tt att inge eventuella klagom\u00e5l ang\u00e5ende behandling av dina personuppgifter till Datainspektionen.<\/p>\n<h3 id=\"cookies\">14. Cookies<\/h3>\n<p>14.1\u00a0P\u00e5 denna webbplats anv\u00e4nds cookies. Cookies \u00e4r sm\u00e5 textfiler som lagras p\u00e5 din dator och anv\u00e4nds f\u00f6r att f\u00f6lja vad du g\u00f6r p\u00e5 webbplatsen. Det finns tv\u00e5 typer av cookies; permanenta cookies och session cookies.<\/p>\n<p>14.1.1 Permanenta cookies<\/p>\n<p>En permanent cookie ligger kvar p\u00e5 bes\u00f6karens dator under en best\u00e4md tid. P\u00e5 denna webbplats anv\u00e4nds dessa f\u00f6r att f\u00f6rb\u00e4ttra webbplatsen genom att f\u00e5 statistik hur en bes\u00f6kare anv\u00e4nder webbplatsen, till exempel vilka artiklar som l\u00e4ses mest och hur anv\u00e4ndare r\u00f6r sig i navigeringen.<\/p>\n<p>14.1.2 Session cookies<\/p>\n<p>En session cookie lagras tillf\u00e4lligt i datorns minne under tiden en bes\u00f6kare \u00e4r inne p\u00e5 en webbsida. Session cookies f\u00f6rsvinner n\u00e4r du st\u00e4nger din webbl\u00e4sare. P\u00e5 denna webbplats anv\u00e4nds session cookies f\u00f6r att hantera information som du l\u00e4mnar n\u00e4r du anv\u00e4nder denna webbplats tj\u00e4nster.<\/p>\n<p>14.2 Om du inte accepterar att cookies anv\u00e4nds kan du st\u00e4nga av cookies i din webbl\u00e4sares s\u00e4kerhetsinst\u00e4llningar. Du kan \u00e4ven st\u00e4lla in webbl\u00e4saren s\u00e5 att du f\u00e5r en fr\u00e5ga varje g\u00e5ng webbplatsen f\u00f6rs\u00f6ker placera en cookie p\u00e5 din dator. Genom webbl\u00e4saren kan ocks\u00e5 tidigare lagrade cookies raderas, se webbl\u00e4sarens hj\u00e4lpsidor f\u00f6r mer information.<\/p>\n<p>14.3 Post- och telestyrelsen \u00e4r tillsynsmyndighet p\u00e5 omr\u00e5det, l\u00e4s g\u00e4rna mer om cookies p\u00e5 deras webbplats.<\/p>\n<h3 id=\"third-party-cookies\">15. Analysverktyg f\u00f6r webbstatistik<\/h3>\n<p>15.1 Denna webbplats anv\u00e4nder Google Analytics som ett hj\u00e4lpmedel f\u00f6r att f\u00e5 en bild av hur bes\u00f6kare anv\u00e4nder webbplatsen. Analysverktyget anv\u00e4nder cookies och informationen som genereras av dessa genom din anv\u00e4ndning av webbplatsen (inklusive din IP-adress) kommer att vidarebefordras till och lagras av Google p\u00e5 servrar i USA. Denna information anv\u00e4nds i syfte att utv\u00e4rdera bes\u00f6ksstatistik, exempelvis f\u00f6r att f\u00f6rb\u00e4ttra inneh\u00e5ll, navigation och struktur. Google kan ocks\u00e5 \u00f6verf\u00f6ra denna information till tredje parter om det kr\u00e4vs enligt lag eller i de fall en tredje part behandlar informationen f\u00f6r Googles r\u00e4kning. Google kommer inte att koppla samman IP-adresser med andra data som Google innehar.<\/p>\n<p><strong>Google Analytics anv\u00e4nder tre cookies:<\/strong><br \/>\n\u201d_ga\u201d anv\u00e4nds f\u00f6r att urskilja anv\u00e4ndare och g\u00e5r ut efter 2 \u00e5r.<br \/>\n\u201d_gid\u201d anv\u00e4nds f\u00f6r att urskilja anv\u00e4ndare och g\u00e5r ut efter 24 timmar.<br \/>\n\u201d_gat\u201d anv\u00e4nds f\u00f6r att koppla ihop webbsidan med v\u00e5rt konto p\u00e5 Google Analytics och g\u00e5r ut efter 90 dagar.<\/p>\n<p>15.2 Om du inte vill att dina bes\u00f6k p\u00e5 denna webbplats ska visas i statistiken i Google Analytics finns det ett till\u00e4gg som du kan installera i din webbl\u00e4sare. Till\u00e4gget h\u00e4mtar du p\u00e5 Googles webbplats. Du kan ocks\u00e5 neka anv\u00e4ndningen av cookies (se ovan) genom att v\u00e4lja vissa inst\u00e4llningar i webbl\u00e4saren.<\/p>\n<h3>16. Produktion<\/h3>\n<p>16.1 Webbplatsen \u00e4r producerad av <a href=\"https:\/\/www.tankbar.com\" target=\"_blank\" rel=\"noopener\">webbyr\u00e5n Tankbar<\/a>.<\/p>\n<h3>17. Kontaktinformation<\/h3>\n<p>17.1 Tveka inte att kontakta oss om du har n\u00e5gra fr\u00e5gor om denna Integritetspolicy, behandlingen av dina personuppgifter eller om du vill beg\u00e4ra ett registerutdrag. V\u00e5r kontaktinformation hittar du nedan.<\/p>\n","protected":false},"excerpt":{"rendered":"<p>Policy avseende integritet och marknadsf\u00f6ring 1. Allm\u00e4nt 1.1 Denna policy avseende integritet och marknadsf\u00f6ring (\u201d Integritetspolicy\u201d) beskriver hur [&hellip;]<\/p>\n","protected":false},"author":1644,"featured_media":0,"parent":0,"menu_order":0,"comment_status":"closed","ping_status":"closed","template":"templates\/subpage.php","meta":{"_acf_changed":false,"footnotes":""},"class_list":["post-1290","page","type-page","status-publish","hentry"],"acf":[],"yoast_head":"<!-- This site is optimized with the Yoast SEO plugin v27.2 - https:\/\/yoast.com\/product\/yoast-seo-wordpress\/ -->\n<title>Integritetspolicy - Cyklos | Norge<\/title>\n<meta name=\"robots\" content=\"noindex, follow, max-snippet:-1, max-image-preview:large, max-video-preview:-1\" \/>\n<meta property=\"og:locale\" content=\"nb_NO\" \/>\n<meta property=\"og:type\" content=\"article\" \/>\n<meta property=\"og:title\" content=\"Integritetspolicy - Cyklos | Norge\" \/>\n<meta property=\"og:description\" content=\"Policy avseende integritet och marknadsf\u00f6ring 1. Allm\u00e4nt 1.1 Denna policy avseende integritet och marknadsf\u00f6ring (\u201d Integritetspolicy\u201d) beskriver hur [&hellip;]\" \/>\n<meta property=\"og:url\" content=\"https:\/\/cyklos.stage.tankbar.cloud\/no\/integritetspolicy\/\" \/>\n<meta property=\"og:site_name\" content=\"Cyklos | Norge\" \/>\n<meta property=\"article:modified_time\" content=\"2018-06-20T12:25:29+00:00\" \/>\n<meta name=\"twitter:card\" content=\"summary_large_image\" \/>\n<meta name=\"twitter:label1\" content=\"Ansl. lesetid\" \/>\n\t<meta name=\"twitter:data1\" content=\"11 minutter\" \/>\n<script type=\"application\/ld+json\" class=\"yoast-schema-graph\">{\"@context\":\"https:\/\/schema.org\",\"@graph\":[{\"@type\":\"WebPage\",\"@id\":\"https:\/\/cyklos.stage.tankbar.cloud\/no\/integritetspolicy\/\",\"url\":\"https:\/\/cyklos.stage.tankbar.cloud\/no\/integritetspolicy\/\",\"name\":\"Integritetspolicy - Cyklos | Norge\",\"isPartOf\":{\"@id\":\"https:\/\/cyklos.stage.tankbar.cloud\/no\/#website\"},\"datePublished\":\"2018-06-20T12:18:25+00:00\",\"dateModified\":\"2018-06-20T12:25:29+00:00\",\"breadcrumb\":{\"@id\":\"https:\/\/cyklos.stage.tankbar.cloud\/no\/integritetspolicy\/#breadcrumb\"},\"inLanguage\":\"nb-NO\",\"potentialAction\":[{\"@type\":\"ReadAction\",\"target\":[\"https:\/\/cyklos.stage.tankbar.cloud\/no\/integritetspolicy\/\"]}]},{\"@type\":\"BreadcrumbList\",\"@id\":\"https:\/\/cyklos.stage.tankbar.cloud\/no\/integritetspolicy\/#breadcrumb\",\"itemListElement\":[{\"@type\":\"ListItem\",\"position\":1,\"name\":\"Home\",\"item\":\"https:\/\/cyklos.stage.tankbar.cloud\/no\/\"},{\"@type\":\"ListItem\",\"position\":2,\"name\":\"Integritetspolicy\"}]},{\"@type\":\"WebSite\",\"@id\":\"https:\/\/cyklos.stage.tankbar.cloud\/no\/#website\",\"url\":\"https:\/\/cyklos.stage.tankbar.cloud\/no\/\",\"name\":\"Cyklos | Norge\",\"description\":\"Framtidens cykelparkering\",\"potentialAction\":[{\"@type\":\"SearchAction\",\"target\":{\"@type\":\"EntryPoint\",\"urlTemplate\":\"https:\/\/cyklos.stage.tankbar.cloud\/no\/?s={search_term_string}\"},\"query-input\":{\"@type\":\"PropertyValueSpecification\",\"valueRequired\":true,\"valueName\":\"search_term_string\"}}],\"inLanguage\":\"nb-NO\"}]}<\/script>\n<!-- \/ Yoast SEO plugin. -->","yoast_head_json":{"title":"Integritetspolicy - Cyklos | Norge","robots":{"index":"noindex","follow":"follow","max-snippet":"max-snippet:-1","max-image-preview":"max-image-preview:large","max-video-preview":"max-video-preview:-1"},"og_locale":"nb_NO","og_type":"article","og_title":"Integritetspolicy - Cyklos | Norge","og_description":"Policy avseende integritet och marknadsf\u00f6ring 1. Allm\u00e4nt 1.1 Denna policy avseende integritet och marknadsf\u00f6ring (\u201d Integritetspolicy\u201d) beskriver hur [&hellip;]","og_url":"https:\/\/cyklos.stage.tankbar.cloud\/no\/integritetspolicy\/","og_site_name":"Cyklos | Norge","article_modified_time":"2018-06-20T12:25:29+00:00","twitter_card":"summary_large_image","twitter_misc":{"Ansl. lesetid":"11 minutter"},"schema":{"@context":"https:\/\/schema.org","@graph":[{"@type":"WebPage","@id":"https:\/\/cyklos.stage.tankbar.cloud\/no\/integritetspolicy\/","url":"https:\/\/cyklos.stage.tankbar.cloud\/no\/integritetspolicy\/","name":"Integritetspolicy - Cyklos | Norge","isPartOf":{"@id":"https:\/\/cyklos.stage.tankbar.cloud\/no\/#website"},"datePublished":"2018-06-20T12:18:25+00:00","dateModified":"2018-06-20T12:25:29+00:00","breadcrumb":{"@id":"https:\/\/cyklos.stage.tankbar.cloud\/no\/integritetspolicy\/#breadcrumb"},"inLanguage":"nb-NO","potentialAction":[{"@type":"ReadAction","target":["https:\/\/cyklos.stage.tankbar.cloud\/no\/integritetspolicy\/"]}]},{"@type":"BreadcrumbList","@id":"https:\/\/cyklos.stage.tankbar.cloud\/no\/integritetspolicy\/#breadcrumb","itemListElement":[{"@type":"ListItem","position":1,"name":"Home","item":"https:\/\/cyklos.stage.tankbar.cloud\/no\/"},{"@type":"ListItem","position":2,"name":"Integritetspolicy"}]},{"@type":"WebSite","@id":"https:\/\/cyklos.stage.tankbar.cloud\/no\/#website","url":"https:\/\/cyklos.stage.tankbar.cloud\/no\/","name":"Cyklos | Norge","description":"Framtidens cykelparkering","potentialAction":[{"@type":"SearchAction","target":{"@type":"EntryPoint","urlTemplate":"https:\/\/cyklos.stage.tankbar.cloud\/no\/?s={search_term_string}"},"query-input":{"@type":"PropertyValueSpecification","valueRequired":true,"valueName":"search_term_string"}}],"inLanguage":"nb-NO"}]}},"_links":{"self":[{"href":"https:\/\/cyklos.stage.tankbar.cloud\/no\/wp-json\/wp\/v2\/pages\/1290","targetHints":{"allow":["GET"]}}],"collection":[{"href":"https:\/\/cyklos.stage.tankbar.cloud\/no\/wp-json\/wp\/v2\/pages"}],"about":[{"href":"https:\/\/cyklos.stage.tankbar.cloud\/no\/wp-json\/wp\/v2\/types\/page"}],"author":[{"embeddable":true,"href":"https:\/\/cyklos.stage.tankbar.cloud\/no\/wp-json\/wp\/v2\/users\/1644"}],"replies":[{"embeddable":true,"href":"https:\/\/cyklos.stage.tankbar.cloud\/no\/wp-json\/wp\/v2\/comments?post=1290"}],"version-history":[{"count":5,"href":"https:\/\/cyklos.stage.tankbar.cloud\/no\/wp-json\/wp\/v2\/pages\/1290\/revisions"}],"predecessor-version":[{"id":1295,"href":"https:\/\/cyklos.stage.tankbar.cloud\/no\/wp-json\/wp\/v2\/pages\/1290\/revisions\/1295"}],"wp:attachment":[{"href":"https:\/\/cyklos.stage.tankbar.cloud\/no\/wp-json\/wp\/v2\/media?parent=1290"}],"curies":[{"name":"wp","href":"https:\/\/api.w.org\/{rel}","templated":true}]}}