{"id":245,"date":"2018-05-07T15:08:46","date_gmt":"2018-05-07T13:08:46","guid":{"rendered":"http:\/\/cyklos.stage.tankbar.cloud\/?page_id=245"},"modified":"2023-04-13T11:29:53","modified_gmt":"2023-04-13T09:29:53","slug":"kunskap-och-planering","status":"publish","type":"page","link":"https:\/\/cyklos.stage.tankbar.cloud\/no\/kunskap-och-planering\/","title":{"rendered":"Kunnskap og planlegging"},"content":{"rendered":"<div class=\"wpb-content-wrapper\"><p>[vc_row][vc_column][vc_column_text]<\/p>\n<h3 id=\"tw-target-text\" class=\"tw-data-text tw-text-large tw-ta\" dir=\"ltr\" data-placeholder=\"\u00d6vers\u00e4ttning\"><span class=\"Y2IQFc\" lang=\"no\">Digital brosjyre<\/span><\/h3>\n<p>[\/vc_column_text][\/vc_column][\/vc_row][vc_row css=&raquo;.vc_custom_1525338395751{margin-bottom: 60px !important;}&raquo;][vc_column width=&raquo;1\/2&#8243;][vc_column_text]Se hele <a href=\"https:\/\/www.cyklos.se\/wp-content\/uploads\/sites\/9\/2023\/01\/Brosjyre-Cyklos-2023-01-02.pdf\">utvalget av sykkelparkeringer<\/a> fra Cyklos i et praktisk digitalt format. Klikk p\u00e5 koblingen eller bildet av brosjyren for \u00e5 laste den ned til datamaskinen, nettbrettet eller mobilen.[\/vc_column_text][\/vc_column][vc_column width=&raquo;1\/2&#8243;][vc_single_image image=&raquo;4591&#8243; img_size=&raquo;full&raquo; onclick=&raquo;custom_link&raquo; link=&raquo;https:\/\/www.cyklos.se\/wp-content\/uploads\/sites\/9\/2023\/01\/Brosjyre-Cyklos-2023-01-02.pdf&raquo;][\/vc_column][\/vc_row][vc_row][vc_column width=&raquo;2\/3&#8243;][vc_column_text]<\/p>\n<h3 style=\"text-align: left;\">Guider<\/h3>\n<p>[\/vc_column_text][\/vc_column][vc_column width=&raquo;1\/3&#8243;][\/vc_column][\/vc_row][vc_row css=&raquo;.vc_custom_1525338395751{margin-bottom: 60px !important;}&raquo;][vc_column width=&raquo;1\/2&#8243;][vc_column_text]Vi i Cyklos vil gj\u00f8re livet s\u00e5 enkelt som mulig for deg som kunde, uansett om du jobber i kommunen eller i et arkitektfirma. Du sitter kanskje med et problem som har mer \u00e5 gj\u00f8re med selve innkj\u00f8pet eller bestillingen av en sykkelparkering enn spesifikke sp\u00f8rsm\u00e5l om produktene. Det stopper kanskje opp n\u00e5r det gjelder finansiering og innkj\u00f8p? For \u00e5 gj\u00f8re det lett for deg som innkj\u00f8per eller landskapsarkitekt, har vi i Cyklos utarbeidet ulike veiledninger og andre hjelpemidler som du kan ha nytte av. Det kan f.eks. handle om hvordan man p\u00e5 enkleste m\u00e5te s\u00f8ker statlig medfinansiering. V\u00e5re whitepapers er gratis \u00e5 laste ned for alle kunder.<\/p>\n<p><a href=\"\/no\/whitepapers\/sykkelparkeringsguiden\/\">Sykkelparkeringsguiden<\/a> | <a href=\"\/no\/whitepapers\/sykkelhusguiden\/\">Sykkelhusguiden<\/a> | <a href=\"\/no\/whitepapers\/sykkelserviceguiden\/\">Sykkelservicegiden<\/a>[\/vc_column_text][\/vc_column][vc_column width=&raquo;1\/6&#8243;][vc_single_image image=&raquo;4028&#8243; img_size=&raquo;medium&raquo; onclick=&raquo;custom_link&raquo; link=&raquo;https:\/\/cyklos.stage.tankbar.cloud\/no\/whitepapers\/sykkelparkeringsguiden\/&raquo;][\/vc_column][vc_column width=&raquo;1\/6&#8243;][vc_single_image image=&raquo;4176&#8243; img_size=&raquo;medium&raquo; onclick=&raquo;custom_link&raquo; link=&raquo;https:\/\/cyklos.stage.tankbar.cloud\/no\/whitepapers\/sykkelhusguiden\/&raquo;][\/vc_column][vc_column width=&raquo;1\/6&#8243;][vc_single_image image=&raquo;4524&#8243; img_size=&raquo;Medium&raquo; onclick=&raquo;custom_link&raquo; link=&raquo;https:\/\/cyklos.stage.tankbar.cloud\/no\/whitepapers\/sykkelserviceguiden\/&raquo;][\/vc_column][\/vc_row][vc_row][vc_column][vc_column_text]<\/p>\n<h3 data-fontsize=\"15\" data-lineheight=\"20\">Sertifiseringer<\/h3>\n<p>[\/vc_column_text][\/vc_column][\/vc_row][vc_row css=&raquo;.vc_custom_1525338423248{margin-bottom: 60px !important;}&raquo;][vc_column width=&raquo;1\/2&#8243;][vc_single_image image=&raquo;1318&#8243; img_size=&raquo;medium&raquo;][vc_column_text]<\/p>\n<div class=\"page\" title=\"Page 1\">\n<div class=\"layoutArea\">\n<div class=\"column\">\n<div class=\"page\" title=\"Page 1\">\n<div class=\"layoutArea\">\n<div class=\"column\">\n<p>Alle v\u00e5re <a href=\"https:\/\/cyklos.stage.tankbar.cloud\/no\/produkter\/sykkelhus-sykkeltak\/\">sykkeltak og sykkelhotell<\/a> er CE-merket i f\u00f8lge EN 1090-:2009+A1:2011 Revisjonen utf\u00f8res av KIWA Inspecta.<\/p>\n<\/div>\n<\/div>\n<\/div>\n<\/div>\n<\/div>\n<\/div>\n<p>[\/vc_column_text][\/vc_column][vc_column width=&raquo;1\/2&#8243;][vc_single_image image=&raquo;1328&#8243; img_size=&raquo;medium&raquo;][vc_column_text]Mange av v\u00e5re produkter har blitt rangerte av SundaHus. <a href=\"http:\/\/cyklos.stage.tankbar.cloud\/no\/produkt\/cykelstall-delta\/\">Sykkelstativet DELTA<\/a> har f.eks f\u00e5tt rangeringen A. I SundaHus Milj\u00f6data, som er den beste rangeringen av SundaHus sine bed\u00f8mningsklasser.[\/vc_column_text][\/vc_column][\/vc_row][vc_row css=&raquo;.vc_custom_1525338423248{margin-bottom: 60px !important;}&raquo;][vc_column width=&raquo;1\/2&#8243;][vc_single_image image=&raquo;1329&#8243; img_size=&raquo;medium&raquo;][vc_column_text]<em>DELTA er ogs\u00e5 godkjent i henhold til Byggvarubed\u00f6mningen\u00ae, en milj\u00f8sertifisering av byggvarer for b\u00e6rekraftig og langsiktig bygging.<\/em><\/p>\n<div class=\"page\" title=\"Page 1\">\n<div class=\"layoutArea\">\n<div class=\"column\">\n<div class=\"page\" title=\"Page 1\">\n<div class=\"layoutArea\">\n<div class=\"column\">\n<p>&nbsp;<\/p>\n<\/div>\n<\/div>\n<\/div>\n<\/div>\n<\/div>\n<\/div>\n<p>[\/vc_column_text][\/vc_column][\/vc_row][vc_row][vc_column][vc_column_text]<\/p>\n<h3 style=\"text-align: left;\">Generelle sp\u00f8rsm\u00e5l<\/h3>\n<h3><\/h3>\n<p>[\/vc_column_text][\/vc_column][vc_column width=&raquo;1\/2&#8243;][vc_toggle title=&raquo;Hva betyr leveringsvilk\u00e5ret Fritt v\u00e5rt lager?&raquo; size=&raquo;sm&raquo; el_id=&raquo;1527000901182-e4475b23-6cab&raquo;]Fritt v\u00e5rt lager betyr at kunden betaler for kostnadene for frakten, f.eks. transport og emballasje.[\/vc_toggle][vc_toggle title=&raquo;Hvordan fungerer tilbudssystemet?&raquo; size=&raquo;sm&raquo; el_id=&raquo;1527000911620-0ca16384-6d51&#8243;]Det fungerer som et vanlig e-handelssystem. Man legger produkter i \u201dhandlekurven\u201d og sender i vei tilbudsforesp\u00f8rselen n\u00e5r man er forn\u00f8yd. Deretter kommer vi tilbake med et tilbud p\u00e5 det som det foresp\u00f8rres om, til den angitte e-postadressen. Mer utf\u00f8rlig info om hvordan du skal g\u00e5 frem, finnes p\u00e5 Tilbudssiden.[\/vc_toggle][vc_toggle title=&raquo;Hvor lang er en standardsykkel?&raquo; size=&raquo;sm&raquo; el_id=&raquo;1527000911395-1947e9e6-61bf&raquo;]Regn med ca. 1850 mm.[\/vc_toggle][vc_toggle title=&raquo;Hva betyr alle forkortelsene og begrepene?&raquo; size=&raquo;sm&raquo; el_id=&raquo;1527000911053-62132d98-5123&#8243;]lm \u2013 l\u00f8pemeter<br \/>\npl \u2013 plasser<br \/>\nenkeltm \u2013 enkeltmontering (inngang fra \u00e9n side)<br \/>\ndobbeltm \u2013 dobbeltmontering (inngang fra to sider)<br \/>\nVFZ \u2013 varmforsinket<br \/>\nPC \u2013 polykarbonat<br \/>\nRAL \u2013 RAL er et fargesystem for \u00e5 vise ulike farger.<br \/>\n\u00d8 \u2013 diameter<br \/>\nc\/c \u2013 avstanden fra senter til senter<br \/>\nsedum \u2013 latinsk navn for plantene i bergknappslekten<br \/>\nsedumtak \u2013 tak der det vokser sedum[\/vc_toggle][\/vc_column][vc_column width=&raquo;1\/2&#8243;][vc_toggle title=&raquo;Hva er fordelen med varmforsinking sammenliknet med andre rustbeskyttelsesmetoder?&raquo; size=&raquo;sm&raquo; el_id=&raquo;1527000123724-e5a966c8-1648&#8243;]Varmforsinket st\u00e5l er en sv\u00e6rt holdbar og i praksis vedlikeholdsfri overflatebehandling. En sterk korrosjonsbeskyttelse med lang levetid sammenliknet med andre overflatebehandlinger. Mindre skader p\u00e5 varmforsinking har ogs\u00e5 en selvreparerende effekt. Varmforsinkingen kan pulverlakkeres i \u00f8nsket farge.[\/vc_toggle][vc_toggle title=&raquo;Hvor lenge varer det varmforsinkede laget?&raquo; size=&raquo;sm&raquo; el_id=&raquo;1527000905660-844953b4-a00b&raquo;]Det varmforsinkede laget er som standard 70 \u03bcm tykt. Slitasjen i Sverige er generelt 1,5 \u03bcm per \u00e5r. Holdbarheten blir dermed ca. 50 \u00e5r. I noen regioner, f.eks. G\u00f6teborg-omr\u00e5det er slitasjen st\u00f8rre: ca. 3,5 \u03bcm per \u00e5r. Holdbarheten blir da 20\u201325 \u00e5r hvis man velger \u00e5 ha samme tykkelse p\u00e5 varmforsinkingen.[\/vc_toggle][vc_toggle title=&raquo;Hvor store er de prefabrikkerte fundamentene?&raquo; size=&raquo;sm&raquo; el_id=&raquo;1527000909395-14e23474-0196&#8243;]Store fundament som brukes til forankring av sykkeltak og leskur, er 300 mm dype og veier ca. 350 kg.<\/p>\n<p>Sm\u00e5 fundament som brukes til forankring av sykkelstativene DELTA og OMEGA, er 90 mm dype og veier ca. 70 kg.[\/vc_toggle][vc_toggle title=&raquo;Er de prefabrikkerte fundamentene forboret?&raquo; size=&raquo;sm&raquo; el_id=&raquo;1527000904807-f7c9290f-b030&#8243;]Nei, for \u00e5 gj\u00f8re det lettere ved montering, bores og boltes sykkelstativet eller leskuret fast p\u00e5 stedet.[\/vc_toggle][\/vc_column][\/vc_row][vc_row][vc_column css=&raquo;.vc_custom_1529391890654{padding-top: 30px !important;}&raquo;][vc_column_text]<\/p>\n<h3 style=\"text-align: left;\">Generelle sp\u00f8rsm\u00e5l om sykkelstativ<\/h3>\n<p>[\/vc_column_text][\/vc_column][\/vc_row][vc_row][vc_column width=&raquo;1\/2&#8243;][vc_toggle title=&raquo;Hvilket sykkelstativ\/hvilken pullert skal jeg velge?&raquo; size=&raquo;sm&raquo; el_id=&raquo;1527149585557-0fd6d962-131b&raquo;]Valget av sykkelstativ beror b\u00e5de p\u00e5 behovet, forutsetningene og smaken!<\/p>\n<p>Slik pleier vi \u00e5 veilede kundene v\u00e5re:<\/p>\n<p>DELTA \u2013 n\u00e5r du vil ha rammel\u00e5s, mulighet for \u00e5 stille stativet i vinkel hvis du har liten plass eller vil montere i veggen. Gir orden og oversikt p\u00e5 parkeringen. V\u00e5rt aller mest popul\u00e6re sykkelstativ!<\/p>\n<p>BETA \u2013 sykkelpullert, luftig og samtidig mulighet til \u00e5 l\u00e5se fast b\u00e5de sykkel og MC med ekstra l\u00e5sekjetting.<\/p>\n<p>OMEGA \u2013 sykkelpullert, luftig med stor ring til \u00e5 l\u00e5se fast sykkelen i rammen og med l\u00e5sekjetting som tilbeh\u00f8r.<\/p>\n<p>LUX \u2013 n\u00e5r du vil ha en diskr\u00e9 design og mulighet for belysning. Velges ofte ved innganger, p\u00e5 torg og i g\u00e5gater.<\/p>\n<p>XERXES \u2013 n\u00e5r du vil ha plass til mange sykler p\u00e5 liten flate. Stativet velges ofte i sykkellager, men er ogs\u00e5 popul\u00e6rt ute.<\/p>\n<p>ZETA \u2013 n\u00e5r du vil ha en midlertidig sykkelparkering. Lett \u00e5 frakte og lagerf\u00f8re. Vanlig for eksempel p\u00e5 byggeplasser og arrangement.<\/p>\n<p>ROTOFLEX \u2013 n\u00e5r du har lite med gulvflate i sykkellageret og \u00f8nsker \u00e5 kunne henge opp sykler.[\/vc_toggle][vc_toggle title=&raquo;Hvilke sykkelstativ er egnet i sykkellager innend\u00f8rs?&raquo; size=&raquo;sm&raquo; el_id=&raquo;1527149631426-7ea9cd71-3e4c&raquo;]Ofte er det problemer med plass og orden i sykkellager. Hvis du har plass, anbefaler vi DELTA i vegghengt utf\u00f8relse. DELTA gir b\u00e5de orden, kan stilles i vinkel og er verdsatt for sin rammel\u00e5s.<\/p>\n<p>Hvis man vil f\u00e5 inn flere sykler, er XERXES et godt valg, og hvis gulvflaten er begrenset, kan ROTOFLEX l\u00f8se oppbevaringsproblemene ved at syklene henges opp![\/vc_toggle][vc_toggle title=&raquo;Hva er forskjellen mellom et sykkelstativ og en sykkelpullert?&raquo; size=&raquo;sm&raquo; el_id=&raquo;1527149646016-00e2798a-aa78&#8243;]Sykkelpullerten er frittst\u00e5ende mens stativet har sykkelplasser p\u00e5 rad. Et sykkelstativ brukes ofte n\u00e5r syklisten skal parkere i litt lengre tid mens en sykkelpullert ofte brukes ved korttidsparkering.[\/vc_toggle][vc_toggle title=&raquo;Kan man f\u00e5 sykkelstativet\/-pullerten i ulike farger?&raquo; size=&raquo;sm&raquo; el_id=&raquo;1527149673211-b4adccfd-99ab&raquo;]Ja, begge deler kan f\u00e5s i alle RAL-farger. Standardutf\u00f8relsen er i svart RAL 9005.[\/vc_toggle][\/vc_column][vc_column width=&raquo;1\/2&#8243;][vc_toggle title=&raquo;Hva gj\u00f8r man hvis man skal montere sykkelstativ i en helling?&raquo; size=&raquo;sm&raquo; el_id=&raquo;1527149778368-f27cb29b-a991&#8243;]En helling p\u00e5 mer enn 2,5 % er ikke \u00e5 anbefale for sykkelstativ som DELTA. P\u00e5 en lengde p\u00e5 to meter vil da stativet som er lengst nede i bakken, v\u00e6re 5 cm h\u00f8yere enn stativet som er h\u00f8yest opp i bakken.<\/p>\n<p>Hvis hellingen er st\u00f8rre enn 2,5 %, kan man bruke trappemetoden og benytte doble ytterstolper i stedet for midtstolper. Dvs. at hvis man monterer DELTA i en helling, s\u00e5 deler man opp lengre stativ i kortere seksjoner.<\/p>\n<p>P\u00e5 denne m\u00e5ten blir ikke h\u00f8ydeforskjellen per stativ s\u00e5 stor.<\/p>\n<p>Et annet alternativ er \u00e5 overveie \u00e5 bruke en sykkelpullert som BETA eller OMEGA i stedet.[\/vc_toggle][vc_toggle title=&raquo;Kan man kombinere enkeltmontering og dobbeltmontering i samme lengde?&raquo; size=&raquo;sm&raquo; el_id=&raquo;1527150200562-2be64c6a-8b8d&raquo;]Ja, det g\u00e5r, og det f\u00f8rer ikke til ekstra kostnader.[\/vc_toggle][vc_toggle title=&raquo;Hvilket c\/c-m\u00e5l anbefales?&raquo; size=&raquo;sm&raquo; el_id=&raquo;1527150244169-7c524984-91b3&#8243;]Det avhenger av typen sykkelstativ, hvilken plass og hvilken standard som \u00f8nskes. Alt ifra 400 til 700 mm i c\/c-m\u00e5l.[\/vc_toggle][\/vc_column][\/vc_row][vc_row][vc_column css=&raquo;.vc_custom_1529391947528{padding-top: 30px !important;}&raquo;][vc_column_text]<\/p>\n<h3 style=\"text-align: left;\">Generelle sp\u00f8rsm\u00e5l om sykkelstativ<\/h3>\n<p>[\/vc_column_text][\/vc_column][\/vc_row][vc_row][vc_column width=&raquo;1\/2&#8243;][vc_toggle title=&raquo;Hvilket leskur skal jeg velge?&raquo; size=&raquo;sm&raquo; el_id=&raquo;1527150373716-4fee2e85-a07f&raquo;]N\u00e5r syklene skal beskyttes mot sn\u00f8 og regn, anbefales KAPPA hvis de skal kj\u00f8res inn fra \u00e9n retning, og YPSILON hvis de kan kj\u00f8res inn fra to retninger.<\/p>\n<p>Vil du ha et litt mer designet tak, for eksempel til ladestasjoner for elbiler eller venteplasser, b\u00f8r du sjekke taket LIGHT.<\/p>\n<p>Det kan ogs\u00e5 kombineres med solceller \u2013 SUNLIGHT!<\/p>\n<p>Hvis du vil ha vegger i leskuret ditt eller kanskje kunne l\u00e5se hele rommet, er KEEP det beste valget.<\/p>\n<p>Eller s\u00e5 lar man smak og behag avgj\u00f8re saken![\/vc_toggle][vc_toggle title=&raquo;Brukes leskurene bare til sykkelparkeringer?&raquo; size=&raquo;sm&raquo; el_id=&raquo;1527150399628-b0d220d2-6bc5&#8243;]Nei! Leskurene v\u00e5re kan naturligvis beskytte ogs\u00e5 andre produkter, f.eks. barnevogner eller motorsykler. Taket LIGHT brukes for eksempel til ladestasjoner for elbiler, over sittebenker og venteplasser m.m.[\/vc_toggle][\/vc_column][vc_column width=&raquo;1\/2&#8243;][vc_toggle title=&raquo;Har Cyklos noen leverand\u00f8r for sedumtak?&raquo; size=&raquo;sm&raquo; el_id=&raquo;1527150421135-27bc1e9e-9f3c&raquo;]Kontakt oss for \u00e5 f\u00e5 mer info om egnet leverand\u00f8r nettopp i din region.[\/vc_toggle][\/vc_column][\/vc_row]<\/p>\n<\/div>","protected":false},"excerpt":{"rendered":"<p>[vc_row][vc_column][vc_column_text] Digital brosjyre [\/vc_column_text][\/vc_column][\/vc_row][vc_row css=&raquo;.vc_custom_1525338395751{margin-bottom: 60px !important;}&raquo;][vc_column width=&raquo;1\/2&#8243;][vc_column_text]Se hele utvalget av sykkelparkeringer fra Cyklos i et praktisk digitalt [&hellip;]<\/p>\n","protected":false},"author":1644,"featured_media":0,"parent":0,"menu_order":0,"comment_status":"closed","ping_status":"closed","template":"templates\/subpage.php","meta":{"_acf_changed":false,"footnotes":""},"class_list":["post-245","page","type-page","status-publish","hentry"],"acf":[],"yoast_head":"<!-- This site is optimized with the Yoast SEO plugin v27.2 - https:\/\/yoast.com\/product\/yoast-seo-wordpress\/ -->\n<title>Kunnskap og planlegging - Cyklos | Norge<\/title>\n<meta name=\"robots\" content=\"noindex, follow, max-snippet:-1, max-image-preview:large, max-video-preview:-1\" \/>\n<meta property=\"og:locale\" content=\"nb_NO\" \/>\n<meta property=\"og:type\" content=\"article\" \/>\n<meta property=\"og:title\" content=\"Kunnskap og planlegging - Cyklos | Norge\" \/>\n<meta property=\"og:description\" content=\"[vc_row][vc_column][vc_column_text] Digital brosjyre [\/vc_column_text][\/vc_column][\/vc_row][vc_row css=&raquo;.vc_custom_1525338395751{margin-bottom: 60px !important;}&raquo;][vc_column width=&raquo;1\/2&#8243;][vc_column_text]Se hele utvalget av sykkelparkeringer fra Cyklos i et praktisk digitalt [&hellip;]\" \/>\n<meta property=\"og:url\" content=\"https:\/\/cyklos.stage.tankbar.cloud\/no\/kunskap-och-planering\/\" \/>\n<meta property=\"og:site_name\" content=\"Cyklos | Norge\" \/>\n<meta property=\"article:modified_time\" content=\"2023-04-13T09:29:53+00:00\" \/>\n<meta name=\"twitter:card\" content=\"summary_large_image\" \/>\n<meta name=\"twitter:label1\" content=\"Ansl. lesetid\" \/>\n\t<meta name=\"twitter:data1\" content=\"7 minutter\" \/>\n<script type=\"application\/ld+json\" class=\"yoast-schema-graph\">{\"@context\":\"https:\/\/schema.org\",\"@graph\":[{\"@type\":\"WebPage\",\"@id\":\"https:\/\/cyklos.stage.tankbar.cloud\/no\/kunskap-och-planering\/\",\"url\":\"https:\/\/cyklos.stage.tankbar.cloud\/no\/kunskap-och-planering\/\",\"name\":\"Kunnskap og planlegging - Cyklos | Norge\",\"isPartOf\":{\"@id\":\"https:\/\/cyklos.stage.tankbar.cloud\/no\/#website\"},\"datePublished\":\"2018-05-07T13:08:46+00:00\",\"dateModified\":\"2023-04-13T09:29:53+00:00\",\"breadcrumb\":{\"@id\":\"https:\/\/cyklos.stage.tankbar.cloud\/no\/kunskap-och-planering\/#breadcrumb\"},\"inLanguage\":\"nb-NO\",\"potentialAction\":[{\"@type\":\"ReadAction\",\"target\":[\"https:\/\/cyklos.stage.tankbar.cloud\/no\/kunskap-och-planering\/\"]}]},{\"@type\":\"BreadcrumbList\",\"@id\":\"https:\/\/cyklos.stage.tankbar.cloud\/no\/kunskap-och-planering\/#breadcrumb\",\"itemListElement\":[{\"@type\":\"ListItem\",\"position\":1,\"name\":\"Home\",\"item\":\"https:\/\/cyklos.stage.tankbar.cloud\/no\/\"},{\"@type\":\"ListItem\",\"position\":2,\"name\":\"Kunnskap og planlegging\"}]},{\"@type\":\"WebSite\",\"@id\":\"https:\/\/cyklos.stage.tankbar.cloud\/no\/#website\",\"url\":\"https:\/\/cyklos.stage.tankbar.cloud\/no\/\",\"name\":\"Cyklos | Norge\",\"description\":\"Framtidens cykelparkering\",\"potentialAction\":[{\"@type\":\"SearchAction\",\"target\":{\"@type\":\"EntryPoint\",\"urlTemplate\":\"https:\/\/cyklos.stage.tankbar.cloud\/no\/?s={search_term_string}\"},\"query-input\":{\"@type\":\"PropertyValueSpecification\",\"valueRequired\":true,\"valueName\":\"search_term_string\"}}],\"inLanguage\":\"nb-NO\"}]}<\/script>\n<!-- \/ Yoast SEO plugin. -->","yoast_head_json":{"title":"Kunnskap og planlegging - Cyklos | Norge","robots":{"index":"noindex","follow":"follow","max-snippet":"max-snippet:-1","max-image-preview":"max-image-preview:large","max-video-preview":"max-video-preview:-1"},"og_locale":"nb_NO","og_type":"article","og_title":"Kunnskap og planlegging - Cyklos | Norge","og_description":"[vc_row][vc_column][vc_column_text] Digital brosjyre [\/vc_column_text][\/vc_column][\/vc_row][vc_row css=&raquo;.vc_custom_1525338395751{margin-bottom: 60px !important;}&raquo;][vc_column width=&raquo;1\/2&#8243;][vc_column_text]Se hele utvalget av sykkelparkeringer fra Cyklos i et praktisk digitalt [&hellip;]","og_url":"https:\/\/cyklos.stage.tankbar.cloud\/no\/kunskap-och-planering\/","og_site_name":"Cyklos | Norge","article_modified_time":"2023-04-13T09:29:53+00:00","twitter_card":"summary_large_image","twitter_misc":{"Ansl. lesetid":"7 minutter"},"schema":{"@context":"https:\/\/schema.org","@graph":[{"@type":"WebPage","@id":"https:\/\/cyklos.stage.tankbar.cloud\/no\/kunskap-och-planering\/","url":"https:\/\/cyklos.stage.tankbar.cloud\/no\/kunskap-och-planering\/","name":"Kunnskap og planlegging - Cyklos | Norge","isPartOf":{"@id":"https:\/\/cyklos.stage.tankbar.cloud\/no\/#website"},"datePublished":"2018-05-07T13:08:46+00:00","dateModified":"2023-04-13T09:29:53+00:00","breadcrumb":{"@id":"https:\/\/cyklos.stage.tankbar.cloud\/no\/kunskap-och-planering\/#breadcrumb"},"inLanguage":"nb-NO","potentialAction":[{"@type":"ReadAction","target":["https:\/\/cyklos.stage.tankbar.cloud\/no\/kunskap-och-planering\/"]}]},{"@type":"BreadcrumbList","@id":"https:\/\/cyklos.stage.tankbar.cloud\/no\/kunskap-och-planering\/#breadcrumb","itemListElement":[{"@type":"ListItem","position":1,"name":"Home","item":"https:\/\/cyklos.stage.tankbar.cloud\/no\/"},{"@type":"ListItem","position":2,"name":"Kunnskap og planlegging"}]},{"@type":"WebSite","@id":"https:\/\/cyklos.stage.tankbar.cloud\/no\/#website","url":"https:\/\/cyklos.stage.tankbar.cloud\/no\/","name":"Cyklos | Norge","description":"Framtidens cykelparkering","potentialAction":[{"@type":"SearchAction","target":{"@type":"EntryPoint","urlTemplate":"https:\/\/cyklos.stage.tankbar.cloud\/no\/?s={search_term_string}"},"query-input":{"@type":"PropertyValueSpecification","valueRequired":true,"valueName":"search_term_string"}}],"inLanguage":"nb-NO"}]}},"_links":{"self":[{"href":"https:\/\/cyklos.stage.tankbar.cloud\/no\/wp-json\/wp\/v2\/pages\/245","targetHints":{"allow":["GET"]}}],"collection":[{"href":"https:\/\/cyklos.stage.tankbar.cloud\/no\/wp-json\/wp\/v2\/pages"}],"about":[{"href":"https:\/\/cyklos.stage.tankbar.cloud\/no\/wp-json\/wp\/v2\/types\/page"}],"author":[{"embeddable":true,"href":"https:\/\/cyklos.stage.tankbar.cloud\/no\/wp-json\/wp\/v2\/users\/1644"}],"replies":[{"embeddable":true,"href":"https:\/\/cyklos.stage.tankbar.cloud\/no\/wp-json\/wp\/v2\/comments?post=245"}],"version-history":[{"count":13,"href":"https:\/\/cyklos.stage.tankbar.cloud\/no\/wp-json\/wp\/v2\/pages\/245\/revisions"}],"predecessor-version":[{"id":4605,"href":"https:\/\/cyklos.stage.tankbar.cloud\/no\/wp-json\/wp\/v2\/pages\/245\/revisions\/4605"}],"wp:attachment":[{"href":"https:\/\/cyklos.stage.tankbar.cloud\/no\/wp-json\/wp\/v2\/media?parent=245"}],"curies":[{"name":"wp","href":"https:\/\/api.w.org\/{rel}","templated":true}]}}