{"id":300,"date":"2018-04-12T17:11:31","date_gmt":"2018-04-12T15:11:31","guid":{"rendered":"http:\/\/cyklos.stage.tankbar.cloud\/?page_id=300"},"modified":"2025-04-02T14:17:28","modified_gmt":"2025-04-02T12:17:28","slug":"start","status":"publish","type":"page","link":"https:\/\/cyklos.stage.tankbar.cloud\/no\/","title":{"rendered":"Start"},"content":{"rendered":"","protected":false},"excerpt":{"rendered":"","protected":false},"author":1644,"featured_media":0,"parent":0,"menu_order":0,"comment_status":"closed","ping_status":"closed","template":"templates\/homepage.php","meta":{"_acf_changed":false,"footnotes":""},"class_list":["post-300","page","type-page","status-publish","hentry"],"acf":[],"yoast_head":"<!-- This site is optimized with the Yoast SEO plugin v27.2 - https:\/\/yoast.com\/product\/yoast-seo-wordpress\/ -->\n<title>Sykkelstativ, sykkelhus og sykkelservicestasjoner | Cyklos - Sverige<\/title>\n<meta name=\"description\" content=\"Turistinformasjonen, stasjonsomr\u00e5det, torget eller utenfor skolen \u2013 sykkelparkeringen m\u00e5 smelte inn p\u00e5 en naturlig m\u00e5te.\" \/>\n<meta name=\"robots\" content=\"noindex, follow, max-snippet:-1, max-image-preview:large, max-video-preview:-1\" \/>\n<meta property=\"og:locale\" content=\"nb_NO\" \/>\n<meta property=\"og:type\" content=\"article\" \/>\n<meta property=\"og:title\" content=\"Sykkelstativ, sykkelhus og sykkelservicestasjoner | Cyklos - Sverige\" \/>\n<meta property=\"og:description\" content=\"Turistinformasjonen, stasjonsomr\u00e5det, torget eller utenfor skolen \u2013 sykkelparkeringen m\u00e5 smelte inn p\u00e5 en naturlig m\u00e5te.\" \/>\n<meta property=\"og:url\" content=\"https:\/\/cyklos.stage.tankbar.cloud\/no\/\" \/>\n<meta property=\"og:site_name\" content=\"Cyklos | Norge\" \/>\n<meta property=\"article:modified_time\" content=\"2025-04-02T12:17:28+00:00\" \/>\n<meta name=\"twitter:card\" content=\"summary_large_image\" \/>\n<script type=\"application\/ld+json\" class=\"yoast-schema-graph\">{\"@context\":\"https:\/\/schema.org\",\"@graph\":[{\"@type\":\"WebPage\",\"@id\":\"https:\/\/cyklos.stage.tankbar.cloud\/no\/\",\"url\":\"https:\/\/cyklos.stage.tankbar.cloud\/no\/\",\"name\":\"Sykkelstativ, sykkelhus og sykkelservicestasjoner | Cyklos - Sverige\",\"isPartOf\":{\"@id\":\"https:\/\/cyklos.stage.tankbar.cloud\/no\/#website\"},\"datePublished\":\"2018-04-12T15:11:31+00:00\",\"dateModified\":\"2025-04-02T12:17:28+00:00\",\"description\":\"Turistinformasjonen, stasjonsomr\u00e5det, torget eller utenfor skolen \u2013 sykkelparkeringen m\u00e5 smelte inn p\u00e5 en naturlig m\u00e5te.\",\"breadcrumb\":{\"@id\":\"https:\/\/cyklos.stage.tankbar.cloud\/no\/#breadcrumb\"},\"inLanguage\":\"nb-NO\",\"potentialAction\":[{\"@type\":\"ReadAction\",\"target\":[\"https:\/\/cyklos.stage.tankbar.cloud\/no\/\"]}]},{\"@type\":\"BreadcrumbList\",\"@id\":\"https:\/\/cyklos.stage.tankbar.cloud\/no\/#breadcrumb\",\"itemListElement\":[{\"@type\":\"ListItem\",\"position\":1,\"name\":\"Home\",\"item\":\"https:\/\/cyklos.stage.tankbar.cloud\/no\/\"},{\"@type\":\"ListItem\",\"position\":2,\"name\":\"Start\"}]},{\"@type\":\"WebSite\",\"@id\":\"https:\/\/cyklos.stage.tankbar.cloud\/no\/#website\",\"url\":\"https:\/\/cyklos.stage.tankbar.cloud\/no\/\",\"name\":\"Cyklos | Norge\",\"description\":\"Framtidens cykelparkering\",\"potentialAction\":[{\"@type\":\"SearchAction\",\"target\":{\"@type\":\"EntryPoint\",\"urlTemplate\":\"https:\/\/cyklos.stage.tankbar.cloud\/no\/?s={search_term_string}\"},\"query-input\":{\"@type\":\"PropertyValueSpecification\",\"valueRequired\":true,\"valueName\":\"search_term_string\"}}],\"inLanguage\":\"nb-NO\"}]}<\/script>\n<!-- \/ Yoast SEO plugin. -->","yoast_head_json":{"title":"Sykkelstativ, sykkelhus og sykkelservicestasjoner | Cyklos - Sverige","description":"Turistinformasjonen, stasjonsomr\u00e5det, torget eller utenfor skolen \u2013 sykkelparkeringen m\u00e5 smelte inn p\u00e5 en naturlig m\u00e5te.","robots":{"index":"noindex","follow":"follow","max-snippet":"max-snippet:-1","max-image-preview":"max-image-preview:large","max-video-preview":"max-video-preview:-1"},"og_locale":"nb_NO","og_type":"article","og_title":"Sykkelstativ, sykkelhus og sykkelservicestasjoner | Cyklos - Sverige","og_description":"Turistinformasjonen, stasjonsomr\u00e5det, torget eller utenfor skolen \u2013 sykkelparkeringen m\u00e5 smelte inn p\u00e5 en naturlig m\u00e5te.","og_url":"https:\/\/cyklos.stage.tankbar.cloud\/no\/","og_site_name":"Cyklos | Norge","article_modified_time":"2025-04-02T12:17:28+00:00","twitter_card":"summary_large_image","schema":{"@context":"https:\/\/schema.org","@graph":[{"@type":"WebPage","@id":"https:\/\/cyklos.stage.tankbar.cloud\/no\/","url":"https:\/\/cyklos.stage.tankbar.cloud\/no\/","name":"Sykkelstativ, sykkelhus og sykkelservicestasjoner | Cyklos - Sverige","isPartOf":{"@id":"https:\/\/cyklos.stage.tankbar.cloud\/no\/#website"},"datePublished":"2018-04-12T15:11:31+00:00","dateModified":"2025-04-02T12:17:28+00:00","description":"Turistinformasjonen, stasjonsomr\u00e5det, torget eller utenfor skolen \u2013 sykkelparkeringen m\u00e5 smelte inn p\u00e5 en naturlig m\u00e5te.","breadcrumb":{"@id":"https:\/\/cyklos.stage.tankbar.cloud\/no\/#breadcrumb"},"inLanguage":"nb-NO","potentialAction":[{"@type":"ReadAction","target":["https:\/\/cyklos.stage.tankbar.cloud\/no\/"]}]},{"@type":"BreadcrumbList","@id":"https:\/\/cyklos.stage.tankbar.cloud\/no\/#breadcrumb","itemListElement":[{"@type":"ListItem","position":1,"name":"Home","item":"https:\/\/cyklos.stage.tankbar.cloud\/no\/"},{"@type":"ListItem","position":2,"name":"Start"}]},{"@type":"WebSite","@id":"https:\/\/cyklos.stage.tankbar.cloud\/no\/#website","url":"https:\/\/cyklos.stage.tankbar.cloud\/no\/","name":"Cyklos | Norge","description":"Framtidens cykelparkering","potentialAction":[{"@type":"SearchAction","target":{"@type":"EntryPoint","urlTemplate":"https:\/\/cyklos.stage.tankbar.cloud\/no\/?s={search_term_string}"},"query-input":{"@type":"PropertyValueSpecification","valueRequired":true,"valueName":"search_term_string"}}],"inLanguage":"nb-NO"}]}},"_links":{"self":[{"href":"https:\/\/cyklos.stage.tankbar.cloud\/no\/wp-json\/wp\/v2\/pages\/300","targetHints":{"allow":["GET"]}}],"collection":[{"href":"https:\/\/cyklos.stage.tankbar.cloud\/no\/wp-json\/wp\/v2\/pages"}],"about":[{"href":"https:\/\/cyklos.stage.tankbar.cloud\/no\/wp-json\/wp\/v2\/types\/page"}],"author":[{"embeddable":true,"href":"https:\/\/cyklos.stage.tankbar.cloud\/no\/wp-json\/wp\/v2\/users\/1644"}],"replies":[{"embeddable":true,"href":"https:\/\/cyklos.stage.tankbar.cloud\/no\/wp-json\/wp\/v2\/comments?post=300"}],"version-history":[{"count":11,"href":"https:\/\/cyklos.stage.tankbar.cloud\/no\/wp-json\/wp\/v2\/pages\/300\/revisions"}],"predecessor-version":[{"id":4669,"href":"https:\/\/cyklos.stage.tankbar.cloud\/no\/wp-json\/wp\/v2\/pages\/300\/revisions\/4669"}],"wp:attachment":[{"href":"https:\/\/cyklos.stage.tankbar.cloud\/no\/wp-json\/wp\/v2\/media?parent=300"}],"curies":[{"name":"wp","href":"https:\/\/api.w.org\/{rel}","templated":true}]}}