{"id":359,"date":"2018-04-24T09:34:18","date_gmt":"2018-04-24T07:34:18","guid":{"rendered":"http:\/\/cyklos.stage.tankbar.cloud\/?page_id=359"},"modified":"2023-04-13T10:39:23","modified_gmt":"2023-04-13T08:39:23","slug":"kontakt","status":"publish","type":"page","link":"https:\/\/cyklos.stage.tankbar.cloud\/no\/kontakt\/","title":{"rendered":"Kontakt oss for \u00e5 f\u00e5 mer informasjon"},"content":{"rendered":"<div class=\"wpb-content-wrapper\"><p>[vc_row css=&raquo;.vc_custom_1525076611148{padding-top: 60px !important;}&raquo;][vc_column width=&raquo;1\/4&#8243;][\/vc_column][vc_column width=&raquo;1\/2&#8243;][vc_column_text]<\/p>\n<h1 style=\"text-align: center;\">Kontakt oss<\/h1>\n<p>V\u00e6r velkommen til \u00e5 kontakte oss p\u00e5 telefon eller via e-post, s\u00e5 forteller vi mer om produktene v\u00e5re. Vil du komme i kontakt direkte med en spesifikk\u00a0medarbeider, kan du finne kontaktopplysningene\u00a0lenger ned p\u00e5 denne siden.[\/vc_column_text][\/vc_column][vc_column width=&raquo;1\/4&#8243;][\/vc_column][\/vc_row]<\/p>\n<\/div>","protected":false},"excerpt":{"rendered":"<p>[vc_row css=&raquo;.vc_custom_1525076611148{padding-top: 60px !important;}&raquo;][vc_column width=&raquo;1\/4&#8243;][\/vc_column][vc_column width=&raquo;1\/2&#8243;][vc_column_text] Kontakt oss V\u00e6r velkommen til \u00e5 kontakte oss p\u00e5 telefon eller via [&hellip;]<\/p>\n","protected":false},"author":1644,"featured_media":0,"parent":0,"menu_order":0,"comment_status":"closed","ping_status":"closed","template":"templates\/contact.php","meta":{"_acf_changed":false,"footnotes":""},"class_list":["post-359","page","type-page","status-publish","hentry"],"acf":[],"yoast_head":"<!-- This site is optimized with the Yoast SEO plugin v27.2 - https:\/\/yoast.com\/product\/yoast-seo-wordpress\/ -->\n<title>Kontakt oss for \u00e5 f\u00e5 mer informasjon - Cyklos | Norge<\/title>\n<meta name=\"description\" content=\"Sykkelhus? Sykkeltak? Sykkelstativ? V\u00e6r velkommen til \u00e5 kontakte oss p\u00e5 telefon eller via e-post, s\u00e5 forteller vi mer om produktene v\u00e5re.\" \/>\n<meta name=\"robots\" content=\"noindex, follow, max-snippet:-1, max-image-preview:large, max-video-preview:-1\" \/>\n<meta property=\"og:locale\" content=\"nb_NO\" \/>\n<meta property=\"og:type\" content=\"article\" \/>\n<meta property=\"og:title\" content=\"Kontakt oss for \u00e5 f\u00e5 mer informasjon - Cyklos | Norge\" \/>\n<meta property=\"og:description\" content=\"Sykkelhus? Sykkeltak? Sykkelstativ? V\u00e6r velkommen til \u00e5 kontakte oss p\u00e5 telefon eller via e-post, s\u00e5 forteller vi mer om produktene v\u00e5re.\" \/>\n<meta property=\"og:url\" content=\"https:\/\/cyklos.stage.tankbar.cloud\/no\/kontakt\/\" \/>\n<meta property=\"og:site_name\" content=\"Cyklos | Norge\" \/>\n<meta property=\"article:modified_time\" content=\"2023-04-13T08:39:23+00:00\" \/>\n<meta name=\"twitter:card\" content=\"summary_large_image\" \/>\n<meta name=\"twitter:label1\" content=\"Ansl. lesetid\" \/>\n\t<meta name=\"twitter:data1\" content=\"1 minutt\" \/>\n<script type=\"application\/ld+json\" class=\"yoast-schema-graph\">{\"@context\":\"https:\/\/schema.org\",\"@graph\":[{\"@type\":\"WebPage\",\"@id\":\"https:\/\/cyklos.stage.tankbar.cloud\/no\/kontakt\/\",\"url\":\"https:\/\/cyklos.stage.tankbar.cloud\/no\/kontakt\/\",\"name\":\"Kontakt oss for \u00e5 f\u00e5 mer informasjon - Cyklos | Norge\",\"isPartOf\":{\"@id\":\"https:\/\/cyklos.stage.tankbar.cloud\/no\/#website\"},\"datePublished\":\"2018-04-24T07:34:18+00:00\",\"dateModified\":\"2023-04-13T08:39:23+00:00\",\"description\":\"Sykkelhus? Sykkeltak? Sykkelstativ? V\u00e6r velkommen til \u00e5 kontakte oss p\u00e5 telefon eller via e-post, s\u00e5 forteller vi mer om produktene v\u00e5re.\",\"breadcrumb\":{\"@id\":\"https:\/\/cyklos.stage.tankbar.cloud\/no\/kontakt\/#breadcrumb\"},\"inLanguage\":\"nb-NO\",\"potentialAction\":[{\"@type\":\"ReadAction\",\"target\":[\"https:\/\/cyklos.stage.tankbar.cloud\/no\/kontakt\/\"]}]},{\"@type\":\"BreadcrumbList\",\"@id\":\"https:\/\/cyklos.stage.tankbar.cloud\/no\/kontakt\/#breadcrumb\",\"itemListElement\":[{\"@type\":\"ListItem\",\"position\":1,\"name\":\"Home\",\"item\":\"https:\/\/cyklos.stage.tankbar.cloud\/no\/\"},{\"@type\":\"ListItem\",\"position\":2,\"name\":\"Kontakt oss for \u00e5 f\u00e5 mer informasjon\"}]},{\"@type\":\"WebSite\",\"@id\":\"https:\/\/cyklos.stage.tankbar.cloud\/no\/#website\",\"url\":\"https:\/\/cyklos.stage.tankbar.cloud\/no\/\",\"name\":\"Cyklos | Norge\",\"description\":\"Framtidens cykelparkering\",\"potentialAction\":[{\"@type\":\"SearchAction\",\"target\":{\"@type\":\"EntryPoint\",\"urlTemplate\":\"https:\/\/cyklos.stage.tankbar.cloud\/no\/?s={search_term_string}\"},\"query-input\":{\"@type\":\"PropertyValueSpecification\",\"valueRequired\":true,\"valueName\":\"search_term_string\"}}],\"inLanguage\":\"nb-NO\"}]}<\/script>\n<!-- \/ Yoast SEO plugin. -->","yoast_head_json":{"title":"Kontakt oss for \u00e5 f\u00e5 mer informasjon - Cyklos | Norge","description":"Sykkelhus? Sykkeltak? Sykkelstativ? V\u00e6r velkommen til \u00e5 kontakte oss p\u00e5 telefon eller via e-post, s\u00e5 forteller vi mer om produktene v\u00e5re.","robots":{"index":"noindex","follow":"follow","max-snippet":"max-snippet:-1","max-image-preview":"max-image-preview:large","max-video-preview":"max-video-preview:-1"},"og_locale":"nb_NO","og_type":"article","og_title":"Kontakt oss for \u00e5 f\u00e5 mer informasjon - Cyklos | Norge","og_description":"Sykkelhus? Sykkeltak? Sykkelstativ? V\u00e6r velkommen til \u00e5 kontakte oss p\u00e5 telefon eller via e-post, s\u00e5 forteller vi mer om produktene v\u00e5re.","og_url":"https:\/\/cyklos.stage.tankbar.cloud\/no\/kontakt\/","og_site_name":"Cyklos | Norge","article_modified_time":"2023-04-13T08:39:23+00:00","twitter_card":"summary_large_image","twitter_misc":{"Ansl. lesetid":"1 minutt"},"schema":{"@context":"https:\/\/schema.org","@graph":[{"@type":"WebPage","@id":"https:\/\/cyklos.stage.tankbar.cloud\/no\/kontakt\/","url":"https:\/\/cyklos.stage.tankbar.cloud\/no\/kontakt\/","name":"Kontakt oss for \u00e5 f\u00e5 mer informasjon - Cyklos | Norge","isPartOf":{"@id":"https:\/\/cyklos.stage.tankbar.cloud\/no\/#website"},"datePublished":"2018-04-24T07:34:18+00:00","dateModified":"2023-04-13T08:39:23+00:00","description":"Sykkelhus? Sykkeltak? Sykkelstativ? V\u00e6r velkommen til \u00e5 kontakte oss p\u00e5 telefon eller via e-post, s\u00e5 forteller vi mer om produktene v\u00e5re.","breadcrumb":{"@id":"https:\/\/cyklos.stage.tankbar.cloud\/no\/kontakt\/#breadcrumb"},"inLanguage":"nb-NO","potentialAction":[{"@type":"ReadAction","target":["https:\/\/cyklos.stage.tankbar.cloud\/no\/kontakt\/"]}]},{"@type":"BreadcrumbList","@id":"https:\/\/cyklos.stage.tankbar.cloud\/no\/kontakt\/#breadcrumb","itemListElement":[{"@type":"ListItem","position":1,"name":"Home","item":"https:\/\/cyklos.stage.tankbar.cloud\/no\/"},{"@type":"ListItem","position":2,"name":"Kontakt oss for \u00e5 f\u00e5 mer informasjon"}]},{"@type":"WebSite","@id":"https:\/\/cyklos.stage.tankbar.cloud\/no\/#website","url":"https:\/\/cyklos.stage.tankbar.cloud\/no\/","name":"Cyklos | Norge","description":"Framtidens cykelparkering","potentialAction":[{"@type":"SearchAction","target":{"@type":"EntryPoint","urlTemplate":"https:\/\/cyklos.stage.tankbar.cloud\/no\/?s={search_term_string}"},"query-input":{"@type":"PropertyValueSpecification","valueRequired":true,"valueName":"search_term_string"}}],"inLanguage":"nb-NO"}]}},"_links":{"self":[{"href":"https:\/\/cyklos.stage.tankbar.cloud\/no\/wp-json\/wp\/v2\/pages\/359","targetHints":{"allow":["GET"]}}],"collection":[{"href":"https:\/\/cyklos.stage.tankbar.cloud\/no\/wp-json\/wp\/v2\/pages"}],"about":[{"href":"https:\/\/cyklos.stage.tankbar.cloud\/no\/wp-json\/wp\/v2\/types\/page"}],"author":[{"embeddable":true,"href":"https:\/\/cyklos.stage.tankbar.cloud\/no\/wp-json\/wp\/v2\/users\/1644"}],"replies":[{"embeddable":true,"href":"https:\/\/cyklos.stage.tankbar.cloud\/no\/wp-json\/wp\/v2\/comments?post=359"}],"version-history":[{"count":11,"href":"https:\/\/cyklos.stage.tankbar.cloud\/no\/wp-json\/wp\/v2\/pages\/359\/revisions"}],"predecessor-version":[{"id":4603,"href":"https:\/\/cyklos.stage.tankbar.cloud\/no\/wp-json\/wp\/v2\/pages\/359\/revisions\/4603"}],"wp:attachment":[{"href":"https:\/\/cyklos.stage.tankbar.cloud\/no\/wp-json\/wp\/v2\/media?parent=359"}],"curies":[{"name":"wp","href":"https:\/\/api.w.org\/{rel}","templated":true}]}}