{"id":500,"date":"2018-05-07T15:09:45","date_gmt":"2018-05-07T13:09:45","guid":{"rendered":"http:\/\/cyklos.stage.tankbar.cloud\/?page_id=500"},"modified":"2022-03-22T15:17:32","modified_gmt":"2022-03-22T14:17:32","slug":"design-och-koncept","status":"publish","type":"page","link":"https:\/\/cyklos.stage.tankbar.cloud\/no\/design-och-koncept\/","title":{"rendered":"Design og konsept"},"content":{"rendered":"<div class=\"wpb-content-wrapper\"><p>[vc_row css=&raquo;.vc_custom_1525338423248{margin-bottom: 60px !important;}&raquo;][vc_column width=&raquo;1\/2&#8243;][vc_single_image image=&raquo;1060&#8243; img_size=&raquo;full&raquo;][\/vc_column][vc_column width=&raquo;1\/2&#8243;][vc_column_text]<\/p>\n<h3><strong>Design<\/strong><\/h3>\n<p>En sykkelparkering i offentlige uterom skal st\u00e5 lenge. Det som anses nytt og moderne i dag, kan v\u00e6re foreldet om ti \u00e5r. Derfor er det viktig at designen b\u00e6rer preg av tidl\u00f8shet og at den fungerer i mange ulike milj\u00f8er. Vi jobber med kraftige og tidl\u00f8se materialer som st\u00e5l, tre og glass. Vi har fokus p\u00e5 proporsjoner, harmonier, enkelhet og renhet. Cyklos kan stolt si at v\u00e5re aller f\u00f8rste sykkelparkeringer fortsatt fungerer med sine kraftige materialer og harmonerer i uterommene de st\u00e5r i, ogs\u00e5 n\u00e5r tidens tann har gjort sitt.[\/vc_column_text][\/vc_column][\/vc_row][vc_row css=&raquo;.vc_custom_1529396379219{margin-bottom: 60px !important;}&raquo;][vc_column width=&raquo;1\/2&#8243;][vc_column_text]<\/p>\n<h3><strong>Sikkerhet og trygghet i sykkelmilj\u00f8et<\/strong><\/h3>\n<p>Cyklos er en sammensl\u00e5ing av ordene sykkel og l\u00e5s \u2013 tryggheten og sikkerheten for b\u00e5de sykkelen og syklisten er alts\u00e5 en sv\u00e6rt viktig del av konseptet. En sykkelparkering med tak uten ytterstolper og lange s\/s-m\u00e5l (avstanden mellom syklene) skaper en \u00e5pen og trygg plass. Sykkelstativene og sykkelp\u00e5lene er utformet for \u00e5 kunne l\u00e5se fast sykkelen i rammen. I v\u00e5re sykkelgarasjer, som\u00a0<a href=\"https:\/\/cyklos.stage.tankbar.cloud\/no\/produkt\/sykkelhus-link-stilrene-design\/\">LINK<\/a>\u00a0og\u00a0<a href=\"https:\/\/cyklos.stage.tankbar.cloud\/no\/produkt\/sykkelhus-flow\/\">FLOW<\/a>, jobber vi med \u00e5pne og store glasspartier for at syklisten blir sett n\u00e5r de parkerer sykkelen. For oss er det en selvf\u00f8lge at man skal kunne plassere sykkelen i en sykkelgarasje, sykkelhus eller <a href=\"https:\/\/cyklos.stage.tankbar.cloud\/no\/produkter\/sykkelhus-sykkeltak\/\">et sykkelstativ med tak<\/a>\u00a0uten \u00e5 f\u00f8le ubehag, og at man skal kunne ha en piknik p\u00e5 plenen ved siden av uten \u00e5 m\u00e5tte se inn i en utrivelig bygning.[\/vc_column_text][\/vc_column][vc_column width=&raquo;1\/2&#8243;][vc_single_image image=&raquo;4203&#8243; img_size=&raquo;full&raquo;][\/vc_column][\/vc_row][vc_row][vc_column width=&raquo;1\/2&#8243;][vc_single_image image=&raquo;3485&#8243; img_size=&raquo;full&raquo;][vc_single_image image=&raquo;3328&#8243; img_size=&raquo;Medium&raquo;][\/vc_column][vc_column width=&raquo;1\/2&#8243;][vc_column_text]<\/p>\n<h3><strong>Den billigste sykkelparkeringen<\/strong><\/h3>\n<p>N\u00e5r kommunene skal lage utemilj\u00f8er, prioriterer de langsiktighet og kostnadseffektivitet. Hvis et torg eller en turistinformasjon skal ha en sykkelparkering i tretti \u00e5r \u2013 hva er det mest kostnadseffektive i dette perspektivet? Her tror vi at det er viktig \u00e5 se mer p\u00e5 faktorer som utnyttelsesgrad enn den selve investeringskostnaden. Jo flere som bruker sykkelparkeringen, desto bedre blir investeringen over tid. Vi tror at en sykkelparkering som er rask, moderne og har en b\u00e6rekraftig form og funksjon, vil kunne henge med p\u00e5 de fremtidige sykkeltrendene. Den vil ganske enkelt bli brukt mer. Over tid blir kostnaden for hver sykkelplass betydelig mindre sammenlignet med en sykkelparkering som f\u00e5 vil bruke.[\/vc_column_text][\/vc_column][\/vc_row][vc_row][vc_column width=&raquo;1\/2&#8243;][vc_column_text]<\/p>\n<h3><strong>Fremtidens sykkelparkering<\/strong><\/h3>\n<p>Hvis vi i Cyklos ikke trodde p\u00e5 sykkelen og syklisten, ville vi ikke ha laget sykkelparkeringer. Sykkelen som transportmiddel er under sterk utvikling, og da ikke minst elsykkelen. Om vi ser fremover vil behovet for sykkelstativer, sykkeltak, sykkelgarasjer, sykkelhus og sykkelservicestasjoner b\u00e5de \u00f8ke og endres i takt med sykkelens utvikling. Et eksempel p\u00e5 hvordan vi retter blikket fremover, er sykkelgarasjene LINK og FLOW. Vi bygger dem uten innerstolper for at de skal v\u00e6re fleksible, ikke bare for \u00f8kt smidighet og bevegelighet, men ogs\u00e5 for at det i fremtiden skal bli lettere \u00e5 strukturere om i sykkelgarasjen \u2013 for eksempel om man vil g\u00e5 fra b\u00f8yle til sykkelp\u00e5le for elsykler, fra sykkelpumpe til sykkelservicestasjon eller fra vanlige sykkelstativer til toetasjes stativer.[\/vc_column_text][\/vc_column][vc_column width=&raquo;1\/2&#8243;][vc_single_image image=&raquo;770&#8243; img_size=&raquo;full&raquo;][vc_single_image image=&raquo;632&#8243; img_size=&raquo;Medium&raquo;][\/vc_column][\/vc_row][vc_row][vc_column width=&raquo;2\/3&#8243;][vc_single_image image=&raquo;1217&#8243; img_size=&raquo;normal&raquo;][vc_single_image image=&raquo;873&#8243; img_size=&raquo;large&raquo;][\/vc_column][vc_column width=&raquo;1\/3&#8243;][vc_column_text]<\/p>\n<h3><strong>Gjennomg\u00e5ende formspr\u00e5k<\/strong><\/h3>\n<p>Cyklos har et gjennomg\u00e5ende formspr\u00e5k. Derfor kan v\u00e5re sykkelgarasjer, sykkelstativer, sykkeltak og servicestasjoner fint kombineres i st\u00f8rre enheter og sammenhenger. Et godt eksempel er\u00a0<a href=\"https:\/\/cyklos.stage.tankbar.cloud\/no\/reference-project\/oppvarmet-sykkelhus-flow-i-umea\/\">\u201dSykkelstativet\u201d i Ume\u00e5 <\/a>der mange av v\u00e5re produkter forenes til en stor sykkelparkering med et enhetlig uttrykk.[\/vc_column_text][vc_single_image image=&raquo;632&#8243; img_size=&raquo;Medium&raquo;][\/vc_column][\/vc_row][vc_row][vc_column width=&raquo;1\/4&#8243;][vc_column_text]<\/p>\n<h3><strong>Fleksibilitet og valgbarhet<\/strong><\/h3>\n<p>Alle offentlige uterom er unike, uansett om det er snakk om mindre kommuner eller st\u00f8rre byer. Vi i Cyklos jobber hardt for \u00e5 oppn\u00e5 den beste fleksibiliteten allerede i standardsortimentet. Vi har et modulprinsipp som er gjennomg\u00e5ende i alle l\u00f8sningene. Det inneb\u00e6rer at man sjelden trenger kostbare spesiall\u00f8sninger for at sykkelparkeringen skal passe inn i det offentlige uterommet. 8, 10, 16 eller 20 sykkelplasser, plast- eller sedumtak, CC-m\u00e5l 500, 600 eller 700 p\u00e5 b\u00f8ylen? Vi har de fleste variasjoner.[\/vc_column_text][\/vc_column][vc_column width=&raquo;3\/4&#8243;][vc_single_image image=&raquo;4199&#8243; img_size=&raquo;large&raquo;][\/vc_column][\/vc_row]<\/p>\n<\/div>","protected":false},"excerpt":{"rendered":"<p>[vc_row css=&raquo;.vc_custom_1525338423248{margin-bottom: 60px !important;}&raquo;][vc_column width=&raquo;1\/2&#8243;][vc_single_image image=&raquo;1060&#8243; img_size=&raquo;full&raquo;][\/vc_column][vc_column width=&raquo;1\/2&#8243;][vc_column_text] Design En sykkelparkering i offentlige uterom skal st\u00e5 lenge. Det [&hellip;]<\/p>\n","protected":false},"author":1644,"featured_media":0,"parent":0,"menu_order":0,"comment_status":"closed","ping_status":"closed","template":"templates\/subpage.php","meta":{"_acf_changed":false,"footnotes":""},"class_list":["post-500","page","type-page","status-publish","hentry"],"acf":[],"yoast_head":"<!-- This site is optimized with the Yoast SEO plugin v27.2 - https:\/\/yoast.com\/product\/yoast-seo-wordpress\/ -->\n<title>Nordisk sykkelparkering med fokus p\u00e5 design, materialer og b\u00e6rekraft<\/title>\n<meta name=\"description\" content=\"Cyklos jobber med kraftige og tidl\u00f8se materialer som st\u00e5l, tre og glass. Vi har fokus p\u00e5 proporsjoner, harmonier, enkelhet og renhet.\" \/>\n<meta name=\"robots\" content=\"noindex, follow, max-snippet:-1, max-image-preview:large, max-video-preview:-1\" \/>\n<meta property=\"og:locale\" content=\"nb_NO\" \/>\n<meta property=\"og:type\" content=\"article\" \/>\n<meta property=\"og:title\" content=\"Nordisk sykkelparkering med fokus p\u00e5 design, materialer og b\u00e6rekraft\" \/>\n<meta property=\"og:description\" content=\"Cyklos jobber med kraftige og tidl\u00f8se materialer som st\u00e5l, tre og glass. Vi har fokus p\u00e5 proporsjoner, harmonier, enkelhet og renhet.\" \/>\n<meta property=\"og:url\" content=\"https:\/\/cyklos.stage.tankbar.cloud\/no\/design-och-koncept\/\" \/>\n<meta property=\"og:site_name\" content=\"Cyklos | Norge\" \/>\n<meta property=\"article:modified_time\" content=\"2022-03-22T14:17:32+00:00\" \/>\n<meta name=\"twitter:card\" content=\"summary_large_image\" \/>\n<meta name=\"twitter:label1\" content=\"Ansl. lesetid\" \/>\n\t<meta name=\"twitter:data1\" content=\"4 minutter\" \/>\n<script type=\"application\/ld+json\" class=\"yoast-schema-graph\">{\"@context\":\"https:\/\/schema.org\",\"@graph\":[{\"@type\":\"WebPage\",\"@id\":\"https:\/\/cyklos.stage.tankbar.cloud\/no\/design-och-koncept\/\",\"url\":\"https:\/\/cyklos.stage.tankbar.cloud\/no\/design-och-koncept\/\",\"name\":\"Nordisk sykkelparkering med fokus p\u00e5 design, materialer og b\u00e6rekraft\",\"isPartOf\":{\"@id\":\"https:\/\/cyklos.stage.tankbar.cloud\/no\/#website\"},\"datePublished\":\"2018-05-07T13:09:45+00:00\",\"dateModified\":\"2022-03-22T14:17:32+00:00\",\"description\":\"Cyklos jobber med kraftige og tidl\u00f8se materialer som st\u00e5l, tre og glass. Vi har fokus p\u00e5 proporsjoner, harmonier, enkelhet og renhet.\",\"breadcrumb\":{\"@id\":\"https:\/\/cyklos.stage.tankbar.cloud\/no\/design-och-koncept\/#breadcrumb\"},\"inLanguage\":\"nb-NO\",\"potentialAction\":[{\"@type\":\"ReadAction\",\"target\":[\"https:\/\/cyklos.stage.tankbar.cloud\/no\/design-och-koncept\/\"]}]},{\"@type\":\"BreadcrumbList\",\"@id\":\"https:\/\/cyklos.stage.tankbar.cloud\/no\/design-och-koncept\/#breadcrumb\",\"itemListElement\":[{\"@type\":\"ListItem\",\"position\":1,\"name\":\"Home\",\"item\":\"https:\/\/cyklos.stage.tankbar.cloud\/no\/\"},{\"@type\":\"ListItem\",\"position\":2,\"name\":\"Design og konsept\"}]},{\"@type\":\"WebSite\",\"@id\":\"https:\/\/cyklos.stage.tankbar.cloud\/no\/#website\",\"url\":\"https:\/\/cyklos.stage.tankbar.cloud\/no\/\",\"name\":\"Cyklos | Norge\",\"description\":\"Framtidens cykelparkering\",\"potentialAction\":[{\"@type\":\"SearchAction\",\"target\":{\"@type\":\"EntryPoint\",\"urlTemplate\":\"https:\/\/cyklos.stage.tankbar.cloud\/no\/?s={search_term_string}\"},\"query-input\":{\"@type\":\"PropertyValueSpecification\",\"valueRequired\":true,\"valueName\":\"search_term_string\"}}],\"inLanguage\":\"nb-NO\"}]}<\/script>\n<!-- \/ Yoast SEO plugin. -->","yoast_head_json":{"title":"Nordisk sykkelparkering med fokus p\u00e5 design, materialer og b\u00e6rekraft","description":"Cyklos jobber med kraftige og tidl\u00f8se materialer som st\u00e5l, tre og glass. Vi har fokus p\u00e5 proporsjoner, harmonier, enkelhet og renhet.","robots":{"index":"noindex","follow":"follow","max-snippet":"max-snippet:-1","max-image-preview":"max-image-preview:large","max-video-preview":"max-video-preview:-1"},"og_locale":"nb_NO","og_type":"article","og_title":"Nordisk sykkelparkering med fokus p\u00e5 design, materialer og b\u00e6rekraft","og_description":"Cyklos jobber med kraftige og tidl\u00f8se materialer som st\u00e5l, tre og glass. Vi har fokus p\u00e5 proporsjoner, harmonier, enkelhet og renhet.","og_url":"https:\/\/cyklos.stage.tankbar.cloud\/no\/design-och-koncept\/","og_site_name":"Cyklos | Norge","article_modified_time":"2022-03-22T14:17:32+00:00","twitter_card":"summary_large_image","twitter_misc":{"Ansl. lesetid":"4 minutter"},"schema":{"@context":"https:\/\/schema.org","@graph":[{"@type":"WebPage","@id":"https:\/\/cyklos.stage.tankbar.cloud\/no\/design-och-koncept\/","url":"https:\/\/cyklos.stage.tankbar.cloud\/no\/design-och-koncept\/","name":"Nordisk sykkelparkering med fokus p\u00e5 design, materialer og b\u00e6rekraft","isPartOf":{"@id":"https:\/\/cyklos.stage.tankbar.cloud\/no\/#website"},"datePublished":"2018-05-07T13:09:45+00:00","dateModified":"2022-03-22T14:17:32+00:00","description":"Cyklos jobber med kraftige og tidl\u00f8se materialer som st\u00e5l, tre og glass. Vi har fokus p\u00e5 proporsjoner, harmonier, enkelhet og renhet.","breadcrumb":{"@id":"https:\/\/cyklos.stage.tankbar.cloud\/no\/design-och-koncept\/#breadcrumb"},"inLanguage":"nb-NO","potentialAction":[{"@type":"ReadAction","target":["https:\/\/cyklos.stage.tankbar.cloud\/no\/design-och-koncept\/"]}]},{"@type":"BreadcrumbList","@id":"https:\/\/cyklos.stage.tankbar.cloud\/no\/design-och-koncept\/#breadcrumb","itemListElement":[{"@type":"ListItem","position":1,"name":"Home","item":"https:\/\/cyklos.stage.tankbar.cloud\/no\/"},{"@type":"ListItem","position":2,"name":"Design og konsept"}]},{"@type":"WebSite","@id":"https:\/\/cyklos.stage.tankbar.cloud\/no\/#website","url":"https:\/\/cyklos.stage.tankbar.cloud\/no\/","name":"Cyklos | Norge","description":"Framtidens cykelparkering","potentialAction":[{"@type":"SearchAction","target":{"@type":"EntryPoint","urlTemplate":"https:\/\/cyklos.stage.tankbar.cloud\/no\/?s={search_term_string}"},"query-input":{"@type":"PropertyValueSpecification","valueRequired":true,"valueName":"search_term_string"}}],"inLanguage":"nb-NO"}]}},"_links":{"self":[{"href":"https:\/\/cyklos.stage.tankbar.cloud\/no\/wp-json\/wp\/v2\/pages\/500","targetHints":{"allow":["GET"]}}],"collection":[{"href":"https:\/\/cyklos.stage.tankbar.cloud\/no\/wp-json\/wp\/v2\/pages"}],"about":[{"href":"https:\/\/cyklos.stage.tankbar.cloud\/no\/wp-json\/wp\/v2\/types\/page"}],"author":[{"embeddable":true,"href":"https:\/\/cyklos.stage.tankbar.cloud\/no\/wp-json\/wp\/v2\/users\/1644"}],"replies":[{"embeddable":true,"href":"https:\/\/cyklos.stage.tankbar.cloud\/no\/wp-json\/wp\/v2\/comments?post=500"}],"version-history":[{"count":11,"href":"https:\/\/cyklos.stage.tankbar.cloud\/no\/wp-json\/wp\/v2\/pages\/500\/revisions"}],"predecessor-version":[{"id":4471,"href":"https:\/\/cyklos.stage.tankbar.cloud\/no\/wp-json\/wp\/v2\/pages\/500\/revisions\/4471"}],"wp:attachment":[{"href":"https:\/\/cyklos.stage.tankbar.cloud\/no\/wp-json\/wp\/v2\/media?parent=500"}],"curies":[{"name":"wp","href":"https:\/\/api.w.org\/{rel}","templated":true}]}}