{"id":513,"date":"2018-05-07T16:30:28","date_gmt":"2018-05-07T14:30:28","guid":{"rendered":"http:\/\/cyklos.stage.tankbar.cloud\/?page_id=513"},"modified":"2020-10-12T11:14:36","modified_gmt":"2020-10-12T09:14:36","slug":"om-oss","status":"publish","type":"page","link":"https:\/\/cyklos.stage.tankbar.cloud\/no\/om-oss\/","title":{"rendered":"Om oss"},"content":{"rendered":"<div class=\"wpb-content-wrapper\"><p>[vc_row][vc_column][vc_column_text]<\/p>\n<h2 style=\"text-align: center;\">Historien om Cyklos<\/h2>\n<p>[\/vc_column_text][\/vc_column][\/vc_row][vc_row css=&raquo;.vc_custom_1525338395751{margin-bottom: 60px !important;}&raquo;][vc_column width=&raquo;1\/2&#8243;][vc_column_text]<em>Sten Toll grunnla Cyklos i 1994 med visjonen om \u00e5 skape den nye tidens sykkelparkering. \u00c5 kunne parkere sykkelen p\u00e5 en enkel og bekvem, men sikker m\u00e5te.\u00a0<\/em>\u00a0<em>De f\u00f8rste tankene kom ved at to l\u00e5sekonstrukt\u00f8rer syntes at det manglet gode sykkelstativ med rammel\u00e5sing. Sten tok id\u00e9ene videre og utviklet konsept for funksjonelle og sikre sykkelstativ og skapte Alfa, det f\u00f8rste produktet til Cyklos. Et b\u00e5de enkelt og unikt produkt.<\/em>\u00a0<em>Navnet Cyklos oppstod ved en kombinasjon av ordene sykkel og l\u00e5s \u2013 Cyklos.<\/em>\u00a0<em>P\u00e5 slutten av 90-tallet ble s\u00e5 de f\u00f8rste versjonene av v\u00e5re sykkeltak lansert. Med erfaring og fremtidsvisjon har vi fortsatt \u00e5 utvikle produkter for offentlige sykkelmilj\u00f8er.<\/em>\u00a0<em>I dag er vi en av de ledende svenske leverand\u00f8rene av sykkelparkering og andre produkter for offentlige sykkelmilj\u00f8er. Vi har hatt gleden av \u00e5 levere til noen av de mest interessante prosjektene i Norden og jobber daglig med utvikling og salg. Fremdeles med Stens visjon og i hans \u00e5nd om \u00e5 gj\u00f8re det sv\u00e6rt enkelt.<\/em>[\/vc_column_text][\/vc_column][vc_column width=&raquo;1\/2&#8243;][\/vc_column][\/vc_row]<\/p>\n<\/div>","protected":false},"excerpt":{"rendered":"<p>[vc_row][vc_column][vc_column_text] Historien om Cyklos [\/vc_column_text][\/vc_column][\/vc_row][vc_row css=&raquo;.vc_custom_1525338395751{margin-bottom: 60px !important;}&raquo;][vc_column width=&raquo;1\/2&#8243;][vc_column_text]Sten Toll grunnla Cyklos i 1994 med visjonen om \u00e5 [&hellip;]<\/p>\n","protected":false},"author":1644,"featured_media":0,"parent":0,"menu_order":0,"comment_status":"closed","ping_status":"closed","template":"templates\/subpage.php","meta":{"_acf_changed":false,"footnotes":""},"class_list":["post-513","page","type-page","status-publish","hentry"],"acf":[],"yoast_head":"<!-- This site is optimized with the Yoast SEO plugin v27.2 - https:\/\/yoast.com\/product\/yoast-seo-wordpress\/ -->\n<title>Om oss - Cyklos | Norge<\/title>\n<meta name=\"robots\" content=\"noindex, follow, max-snippet:-1, max-image-preview:large, max-video-preview:-1\" \/>\n<meta property=\"og:locale\" content=\"nb_NO\" \/>\n<meta property=\"og:type\" content=\"article\" \/>\n<meta property=\"og:title\" content=\"Om oss - Cyklos | Norge\" \/>\n<meta property=\"og:description\" content=\"[vc_row][vc_column][vc_column_text] Historien om Cyklos [\/vc_column_text][\/vc_column][\/vc_row][vc_row css=&raquo;.vc_custom_1525338395751{margin-bottom: 60px !important;}&raquo;][vc_column width=&raquo;1\/2&#8243;][vc_column_text]Sten Toll grunnla Cyklos i 1994 med visjonen om \u00e5 [&hellip;]\" \/>\n<meta property=\"og:url\" content=\"https:\/\/cyklos.stage.tankbar.cloud\/no\/om-oss\/\" \/>\n<meta property=\"og:site_name\" content=\"Cyklos | Norge\" \/>\n<meta property=\"article:modified_time\" content=\"2020-10-12T09:14:36+00:00\" \/>\n<meta name=\"twitter:card\" content=\"summary_large_image\" \/>\n<meta name=\"twitter:label1\" content=\"Ansl. lesetid\" \/>\n\t<meta name=\"twitter:data1\" content=\"1 minutt\" \/>\n<script type=\"application\/ld+json\" class=\"yoast-schema-graph\">{\"@context\":\"https:\/\/schema.org\",\"@graph\":[{\"@type\":\"WebPage\",\"@id\":\"https:\/\/cyklos.stage.tankbar.cloud\/no\/om-oss\/\",\"url\":\"https:\/\/cyklos.stage.tankbar.cloud\/no\/om-oss\/\",\"name\":\"Om oss - Cyklos | Norge\",\"isPartOf\":{\"@id\":\"https:\/\/cyklos.stage.tankbar.cloud\/no\/#website\"},\"datePublished\":\"2018-05-07T14:30:28+00:00\",\"dateModified\":\"2020-10-12T09:14:36+00:00\",\"breadcrumb\":{\"@id\":\"https:\/\/cyklos.stage.tankbar.cloud\/no\/om-oss\/#breadcrumb\"},\"inLanguage\":\"nb-NO\",\"potentialAction\":[{\"@type\":\"ReadAction\",\"target\":[\"https:\/\/cyklos.stage.tankbar.cloud\/no\/om-oss\/\"]}]},{\"@type\":\"BreadcrumbList\",\"@id\":\"https:\/\/cyklos.stage.tankbar.cloud\/no\/om-oss\/#breadcrumb\",\"itemListElement\":[{\"@type\":\"ListItem\",\"position\":1,\"name\":\"Home\",\"item\":\"https:\/\/cyklos.stage.tankbar.cloud\/no\/\"},{\"@type\":\"ListItem\",\"position\":2,\"name\":\"Om oss\"}]},{\"@type\":\"WebSite\",\"@id\":\"https:\/\/cyklos.stage.tankbar.cloud\/no\/#website\",\"url\":\"https:\/\/cyklos.stage.tankbar.cloud\/no\/\",\"name\":\"Cyklos | Norge\",\"description\":\"Framtidens cykelparkering\",\"potentialAction\":[{\"@type\":\"SearchAction\",\"target\":{\"@type\":\"EntryPoint\",\"urlTemplate\":\"https:\/\/cyklos.stage.tankbar.cloud\/no\/?s={search_term_string}\"},\"query-input\":{\"@type\":\"PropertyValueSpecification\",\"valueRequired\":true,\"valueName\":\"search_term_string\"}}],\"inLanguage\":\"nb-NO\"}]}<\/script>\n<!-- \/ Yoast SEO plugin. -->","yoast_head_json":{"title":"Om oss - Cyklos | Norge","robots":{"index":"noindex","follow":"follow","max-snippet":"max-snippet:-1","max-image-preview":"max-image-preview:large","max-video-preview":"max-video-preview:-1"},"og_locale":"nb_NO","og_type":"article","og_title":"Om oss - Cyklos | Norge","og_description":"[vc_row][vc_column][vc_column_text] Historien om Cyklos [\/vc_column_text][\/vc_column][\/vc_row][vc_row css=&raquo;.vc_custom_1525338395751{margin-bottom: 60px !important;}&raquo;][vc_column width=&raquo;1\/2&#8243;][vc_column_text]Sten Toll grunnla Cyklos i 1994 med visjonen om \u00e5 [&hellip;]","og_url":"https:\/\/cyklos.stage.tankbar.cloud\/no\/om-oss\/","og_site_name":"Cyklos | Norge","article_modified_time":"2020-10-12T09:14:36+00:00","twitter_card":"summary_large_image","twitter_misc":{"Ansl. lesetid":"1 minutt"},"schema":{"@context":"https:\/\/schema.org","@graph":[{"@type":"WebPage","@id":"https:\/\/cyklos.stage.tankbar.cloud\/no\/om-oss\/","url":"https:\/\/cyklos.stage.tankbar.cloud\/no\/om-oss\/","name":"Om oss - Cyklos | Norge","isPartOf":{"@id":"https:\/\/cyklos.stage.tankbar.cloud\/no\/#website"},"datePublished":"2018-05-07T14:30:28+00:00","dateModified":"2020-10-12T09:14:36+00:00","breadcrumb":{"@id":"https:\/\/cyklos.stage.tankbar.cloud\/no\/om-oss\/#breadcrumb"},"inLanguage":"nb-NO","potentialAction":[{"@type":"ReadAction","target":["https:\/\/cyklos.stage.tankbar.cloud\/no\/om-oss\/"]}]},{"@type":"BreadcrumbList","@id":"https:\/\/cyklos.stage.tankbar.cloud\/no\/om-oss\/#breadcrumb","itemListElement":[{"@type":"ListItem","position":1,"name":"Home","item":"https:\/\/cyklos.stage.tankbar.cloud\/no\/"},{"@type":"ListItem","position":2,"name":"Om oss"}]},{"@type":"WebSite","@id":"https:\/\/cyklos.stage.tankbar.cloud\/no\/#website","url":"https:\/\/cyklos.stage.tankbar.cloud\/no\/","name":"Cyklos | Norge","description":"Framtidens cykelparkering","potentialAction":[{"@type":"SearchAction","target":{"@type":"EntryPoint","urlTemplate":"https:\/\/cyklos.stage.tankbar.cloud\/no\/?s={search_term_string}"},"query-input":{"@type":"PropertyValueSpecification","valueRequired":true,"valueName":"search_term_string"}}],"inLanguage":"nb-NO"}]}},"_links":{"self":[{"href":"https:\/\/cyklos.stage.tankbar.cloud\/no\/wp-json\/wp\/v2\/pages\/513","targetHints":{"allow":["GET"]}}],"collection":[{"href":"https:\/\/cyklos.stage.tankbar.cloud\/no\/wp-json\/wp\/v2\/pages"}],"about":[{"href":"https:\/\/cyklos.stage.tankbar.cloud\/no\/wp-json\/wp\/v2\/types\/page"}],"author":[{"embeddable":true,"href":"https:\/\/cyklos.stage.tankbar.cloud\/no\/wp-json\/wp\/v2\/users\/1644"}],"replies":[{"embeddable":true,"href":"https:\/\/cyklos.stage.tankbar.cloud\/no\/wp-json\/wp\/v2\/comments?post=513"}],"version-history":[{"count":14,"href":"https:\/\/cyklos.stage.tankbar.cloud\/no\/wp-json\/wp\/v2\/pages\/513\/revisions"}],"predecessor-version":[{"id":4238,"href":"https:\/\/cyklos.stage.tankbar.cloud\/no\/wp-json\/wp\/v2\/pages\/513\/revisions\/4238"}],"wp:attachment":[{"href":"https:\/\/cyklos.stage.tankbar.cloud\/no\/wp-json\/wp\/v2\/media?parent=513"}],"curies":[{"name":"wp","href":"https:\/\/api.w.org\/{rel}","templated":true}]}}