{"id":556,"date":"2018-05-14T10:23:38","date_gmt":"2018-05-14T08:23:38","guid":{"rendered":"http:\/\/cyklos2018.wpstage01.tankbar.com\/?page_id=556"},"modified":"2020-12-15T14:18:57","modified_gmt":"2020-12-15T13:18:57","slug":"arkitektinnloggning","status":"publish","type":"page","link":"https:\/\/cyklos.stage.tankbar.cloud\/no\/arkitektinnloggning\/","title":{"rendered":"Arkitektinnloggning"},"content":{"rendered":"<div class=\"wpb-content-wrapper\"><p>[vc_row][vc_column][vc_video link=&raquo;https:\/\/youtu.be\/Qex1C82tIsE&raquo; title=&raquo;Se hva som er inkludert i Arkitekttjenesten&raquo;][\/vc_column][\/vc_row][vc_row][vc_column][vc_column_text]<strong>Registrer deg og f\u00e5 tilgang til alt dette:<\/strong><\/p>\n<ul>\n<li>Tegninger, BIM, DWG:er og monteringsanvisninger.<\/li>\n<li>H\u00f8yoppl\u00f8ste bilder. Zoom inn p\u00e5 detaljer.<\/li>\n<li>Ferdig materialbeskrivelse for anskaffelser.<\/li>\n<li>Aktuelle priser og eksempel p\u00e5 tillbud.<\/li>\n<\/ul>\n<p>[\/vc_column_text][\/vc_column][\/vc_row][vc_row][vc_column][vc_column_text]<\/p>\n<h3 style=\"text-align: left\">Arkitekttjenesten koster ingenting!<\/h3>\n<p>[\/vc_column_text][\/vc_column][\/vc_row]<\/p>\n<\/div>","protected":false},"excerpt":{"rendered":"<p>[vc_row][vc_column][vc_video link=&raquo;https:\/\/youtu.be\/Qex1C82tIsE&raquo; title=&raquo;Se hva som er inkludert i Arkitekttjenesten&raquo;][\/vc_column][\/vc_row][vc_row][vc_column][vc_column_text]Registrer deg og f\u00e5 tilgang til alt dette: Tegninger, BIM, [&hellip;]<\/p>\n","protected":false},"author":1644,"featured_media":0,"parent":0,"menu_order":0,"comment_status":"closed","ping_status":"closed","template":"templates\/architect-login.php","meta":{"_acf_changed":false,"footnotes":""},"class_list":["post-556","page","type-page","status-publish","hentry"],"acf":[],"yoast_head":"<!-- This site is optimized with the Yoast SEO plugin v27.2 - https:\/\/yoast.com\/product\/yoast-seo-wordpress\/ -->\n<title>Arkitektinnloggning - Cyklos | Norge<\/title>\n<meta name=\"robots\" content=\"noindex, follow\" \/>\n<meta property=\"og:locale\" content=\"nb_NO\" \/>\n<meta property=\"og:type\" content=\"article\" \/>\n<meta property=\"og:title\" content=\"Arkitektinnloggning - Cyklos | Norge\" \/>\n<meta property=\"og:description\" content=\"[vc_row][vc_column][vc_video link=&raquo;https:\/\/youtu.be\/Qex1C82tIsE&raquo; title=&raquo;Se hva som er inkludert i Arkitekttjenesten&raquo;][\/vc_column][\/vc_row][vc_row][vc_column][vc_column_text]Registrer deg og f\u00e5 tilgang til alt dette: Tegninger, BIM, [&hellip;]\" \/>\n<meta property=\"og:url\" content=\"https:\/\/cyklos.stage.tankbar.cloud\/no\/arkitektinnloggning\/\" \/>\n<meta property=\"og:site_name\" content=\"Cyklos | Norge\" \/>\n<meta property=\"article:modified_time\" content=\"2020-12-15T13:18:57+00:00\" \/>\n<meta name=\"twitter:card\" content=\"summary_large_image\" \/>\n<script type=\"application\/ld+json\" class=\"yoast-schema-graph\">{\"@context\":\"https:\/\/schema.org\",\"@graph\":[{\"@type\":\"WebPage\",\"@id\":\"https:\/\/cyklos.stage.tankbar.cloud\/no\/arkitektinnloggning\/\",\"url\":\"https:\/\/cyklos.stage.tankbar.cloud\/no\/arkitektinnloggning\/\",\"name\":\"Arkitektinnloggning - Cyklos | Norge\",\"isPartOf\":{\"@id\":\"https:\/\/cyklos.stage.tankbar.cloud\/no\/#website\"},\"datePublished\":\"2018-05-14T08:23:38+00:00\",\"dateModified\":\"2020-12-15T13:18:57+00:00\",\"breadcrumb\":{\"@id\":\"https:\/\/cyklos.stage.tankbar.cloud\/no\/arkitektinnloggning\/#breadcrumb\"},\"inLanguage\":\"nb-NO\",\"potentialAction\":[{\"@type\":\"ReadAction\",\"target\":[\"https:\/\/cyklos.stage.tankbar.cloud\/no\/arkitektinnloggning\/\"]}]},{\"@type\":\"BreadcrumbList\",\"@id\":\"https:\/\/cyklos.stage.tankbar.cloud\/no\/arkitektinnloggning\/#breadcrumb\",\"itemListElement\":[{\"@type\":\"ListItem\",\"position\":1,\"name\":\"Home\",\"item\":\"https:\/\/cyklos.stage.tankbar.cloud\/no\/\"},{\"@type\":\"ListItem\",\"position\":2,\"name\":\"Arkitektinnloggning\"}]},{\"@type\":\"WebSite\",\"@id\":\"https:\/\/cyklos.stage.tankbar.cloud\/no\/#website\",\"url\":\"https:\/\/cyklos.stage.tankbar.cloud\/no\/\",\"name\":\"Cyklos | Norge\",\"description\":\"Framtidens cykelparkering\",\"potentialAction\":[{\"@type\":\"SearchAction\",\"target\":{\"@type\":\"EntryPoint\",\"urlTemplate\":\"https:\/\/cyklos.stage.tankbar.cloud\/no\/?s={search_term_string}\"},\"query-input\":{\"@type\":\"PropertyValueSpecification\",\"valueRequired\":true,\"valueName\":\"search_term_string\"}}],\"inLanguage\":\"nb-NO\"}]}<\/script>\n<!-- \/ Yoast SEO plugin. -->","yoast_head_json":{"title":"Arkitektinnloggning - Cyklos | Norge","robots":{"index":"noindex","follow":"follow"},"og_locale":"nb_NO","og_type":"article","og_title":"Arkitektinnloggning - Cyklos | Norge","og_description":"[vc_row][vc_column][vc_video link=&raquo;https:\/\/youtu.be\/Qex1C82tIsE&raquo; title=&raquo;Se hva som er inkludert i Arkitekttjenesten&raquo;][\/vc_column][\/vc_row][vc_row][vc_column][vc_column_text]Registrer deg og f\u00e5 tilgang til alt dette: Tegninger, BIM, [&hellip;]","og_url":"https:\/\/cyklos.stage.tankbar.cloud\/no\/arkitektinnloggning\/","og_site_name":"Cyklos | Norge","article_modified_time":"2020-12-15T13:18:57+00:00","twitter_card":"summary_large_image","schema":{"@context":"https:\/\/schema.org","@graph":[{"@type":"WebPage","@id":"https:\/\/cyklos.stage.tankbar.cloud\/no\/arkitektinnloggning\/","url":"https:\/\/cyklos.stage.tankbar.cloud\/no\/arkitektinnloggning\/","name":"Arkitektinnloggning - Cyklos | Norge","isPartOf":{"@id":"https:\/\/cyklos.stage.tankbar.cloud\/no\/#website"},"datePublished":"2018-05-14T08:23:38+00:00","dateModified":"2020-12-15T13:18:57+00:00","breadcrumb":{"@id":"https:\/\/cyklos.stage.tankbar.cloud\/no\/arkitektinnloggning\/#breadcrumb"},"inLanguage":"nb-NO","potentialAction":[{"@type":"ReadAction","target":["https:\/\/cyklos.stage.tankbar.cloud\/no\/arkitektinnloggning\/"]}]},{"@type":"BreadcrumbList","@id":"https:\/\/cyklos.stage.tankbar.cloud\/no\/arkitektinnloggning\/#breadcrumb","itemListElement":[{"@type":"ListItem","position":1,"name":"Home","item":"https:\/\/cyklos.stage.tankbar.cloud\/no\/"},{"@type":"ListItem","position":2,"name":"Arkitektinnloggning"}]},{"@type":"WebSite","@id":"https:\/\/cyklos.stage.tankbar.cloud\/no\/#website","url":"https:\/\/cyklos.stage.tankbar.cloud\/no\/","name":"Cyklos | Norge","description":"Framtidens cykelparkering","potentialAction":[{"@type":"SearchAction","target":{"@type":"EntryPoint","urlTemplate":"https:\/\/cyklos.stage.tankbar.cloud\/no\/?s={search_term_string}"},"query-input":{"@type":"PropertyValueSpecification","valueRequired":true,"valueName":"search_term_string"}}],"inLanguage":"nb-NO"}]}},"_links":{"self":[{"href":"https:\/\/cyklos.stage.tankbar.cloud\/no\/wp-json\/wp\/v2\/pages\/556","targetHints":{"allow":["GET"]}}],"collection":[{"href":"https:\/\/cyklos.stage.tankbar.cloud\/no\/wp-json\/wp\/v2\/pages"}],"about":[{"href":"https:\/\/cyklos.stage.tankbar.cloud\/no\/wp-json\/wp\/v2\/types\/page"}],"author":[{"embeddable":true,"href":"https:\/\/cyklos.stage.tankbar.cloud\/no\/wp-json\/wp\/v2\/users\/1644"}],"replies":[{"embeddable":true,"href":"https:\/\/cyklos.stage.tankbar.cloud\/no\/wp-json\/wp\/v2\/comments?post=556"}],"version-history":[{"count":11,"href":"https:\/\/cyklos.stage.tankbar.cloud\/no\/wp-json\/wp\/v2\/pages\/556\/revisions"}],"predecessor-version":[{"id":4287,"href":"https:\/\/cyklos.stage.tankbar.cloud\/no\/wp-json\/wp\/v2\/pages\/556\/revisions\/4287"}],"wp:attachment":[{"href":"https:\/\/cyklos.stage.tankbar.cloud\/no\/wp-json\/wp\/v2\/media?parent=556"}],"curies":[{"name":"wp","href":"https:\/\/api.w.org\/{rel}","templated":true}]}}