{"id":1447,"date":"2018-07-13T13:46:30","date_gmt":"2018-07-13T11:46:30","guid":{"rendered":"http:\/\/cyklos.stage.tankbar.cloud\/no\/no\/produkt\/leskur-light\/"},"modified":"2023-10-31T10:43:49","modified_gmt":"2023-10-31T09:43:49","slug":"leskur-light","status":"publish","type":"product","link":"https:\/\/cyklos.stage.tankbar.cloud\/no\/produkt\/leskur-light\/","title":{"rendered":"Leskur LIGHT"},"content":{"rendered":"<h4>Beskyttelse<\/h4>\n<p>Moderne og robust konstruksjon, som setter funksjon og form i f\u00f8rste rekke. Solid og UV-bestandig polykarbonat (PC) i gr\u00e5 r\u00f8yk, som skaper en f\u00f8lelse av glass og gir god v\u00e6rbeskyttelse b\u00e5de for sykkel, elbil og personene som oppholder seg under taket.<\/p>\n<h4>Muligheter<\/h4>\n<p class=\"p1\">F\u00e5s i b\u00e5de enkelt- og dobbeltsidig utf\u00f8relse. I dobbeltsidig utf\u00f8relse monteres takene rygg mot rygg. Anbefales i kombinasjon med sykkelstativet <a href=\"https:\/\/cyklos.stage.tankbar.cloud\/no\/produkt\/sykkelstativ-delta\/\">DELTA.<\/a><\/p>\n<h4>Sertifiseringer<\/h4>\n<p><img loading=\"lazy\" decoding=\"async\" class=\"alignnone wp-image-1318\" src=\"https:\/\/www.cyklos.se\/wp-content\/uploads\/sites\/9\/2018\/06\/EN-1090-157x300.jpg\" alt=\"\" width=\"58\" height=\"111\" srcset=\"https:\/\/www.cyklos.se\/wp-content\/uploads\/sites\/9\/2018\/06\/EN-1090-157x300.jpg 157w, https:\/\/www.cyklos.se\/wp-content\/uploads\/sites\/9\/2018\/06\/EN-1090.jpg 526w\" sizes=\"auto, (max-width: 58px) 100vw, 58px\" \/>\u00a0 \u00a0<img loading=\"lazy\" decoding=\"async\" class=\" wp-image-1040\" src=\"https:\/\/www.cyklos.se\/wp-content\/uploads\/sites\/9\/2018\/06\/ce-mark-300x211.jpg\" alt=\"\" width=\"92\" height=\"65\" srcset=\"https:\/\/www.cyklos.se\/wp-content\/uploads\/sites\/9\/2018\/06\/ce-mark-300x211.jpg 300w, https:\/\/www.cyklos.se\/wp-content\/uploads\/sites\/9\/2018\/06\/ce-mark-768x541.jpg 768w, https:\/\/www.cyklos.se\/wp-content\/uploads\/sites\/9\/2018\/06\/ce-mark-1024x722.jpg 1024w, https:\/\/www.cyklos.se\/wp-content\/uploads\/sites\/9\/2018\/06\/ce-mark-600x423.jpg 600w, https:\/\/www.cyklos.se\/wp-content\/uploads\/sites\/9\/2018\/06\/ce-mark.jpg 1192w\" sizes=\"auto, (max-width: 92px) 100vw, 92px\" \/><\/p>\n<h4><img loading=\"lazy\" decoding=\"async\" class=\"alignnone wp-image-1329\" src=\"https:\/\/www.cyklos.se\/wp-content\/uploads\/sites\/9\/2018\/04\/byggvarubedo\u0308mningen.png\" alt=\"\" width=\"270\" height=\"27\" srcset=\"https:\/\/www.cyklos.se\/wp-content\/uploads\/sites\/9\/2018\/04\/byggvarubedo\u0308mningen.png 400w, https:\/\/www.cyklos.se\/wp-content\/uploads\/sites\/9\/2018\/04\/byggvarubedo\u0308mningen-300x30.png 300w\" sizes=\"auto, (max-width: 270px) 100vw, 270px\" \/><\/h4>\n<h4>Design<\/h4>\n<p>J Linder Cyklos<\/p>\n<h4>Vanlige sp\u00f8rsm\u00e5l<\/h4>\n<p>Hvilken belysning kan jeg velge til taket mitt? &#8211; Det finnes b\u00e5de LED-list og LED-armatur Luzern 605 mm.LED-armatur Luzern er mer gedigen og har en kraftigere kvalitet. Imidlertid gir LED-listen godt lys. Det avhenger litt av hva slags niv\u00e5 man \u00f8nsker.<\/p>\n<p>Hvilken farge kan jeg velge til taket mitt? &#8211; Varmforsinket og svart (RAL 9005) er v\u00e5re standardfarger. Vi kan levere leskur i alle RAL-farger, men da blir det en kostnad for stativet.<\/p>\n<p id=\"produkt-saknar-svar\">Har du ikke f\u00e5tt svar p\u00e5 sp\u00f8rsm\u00e5let ditt? &#8211; <a href=\"http:\/\/www.cyklos.no\/kontakt-oss\/\" target=\"_blank\" rel=\"noopener noreferrer\"><u>Kontakt oss<\/u><\/a> eller sjekke inn <a href=\"http:\/\/www.cyklos.no\/kunnskapsbank\/\"><u>kunnskapsbanken<\/u>.<\/a><\/p>\n","protected":false},"excerpt":{"rendered":"<p>LIGHT er en ny type leskur utviklet b\u00e5de som sykkeltak og som tak over ladestasjoner. F\u00f8lelsen av glass, ben som smalner, detaljer i rustfritt m.m. skaper et moderne uttrykk tilpasset offentlige milj\u00f8er og eiendommer i hele Norden.<\/p>\n<p>&nbsp;<\/p>\n","protected":false},"featured_media":3469,"comment_status":"closed","ping_status":"closed","template":"","meta":{"_acf_changed":false},"product_brand":[],"product_cat":[257],"product_tag":[],"class_list":{"0":"post-1447","1":"product","2":"type-product","3":"status-publish","4":"has-post-thumbnail","6":"product_cat-sykkelhus-sykkeltak","7":"pa_forankring-betongfundament","8":"pa_forankring-plasstopt-betongplate","9":"pa_uppstallning-dobbeltsidet","10":"pa_uppstallning-enkeltsidet","11":"pa_valg-av-seksjon-3m-til-sykkelstativ-c-c-500-600mm","12":"pa_valg-av-seksjon-3m-hoy-sykkelstativ-2-nivaer","13":"pa_valg-av-seksjon-4m-til-sykkelstativ-c-c-500","15":"first","16":"instock","17":"purchasable","18":"product-type-variable"},"acf":[],"yoast_head":"<!-- This site is optimized with the Yoast SEO plugin v27.2 - https:\/\/yoast.com\/product\/yoast-seo-wordpress\/ -->\n<title>Leskur LIGHT - Cyklos | Norge<\/title>\n<meta name=\"description\" content=\"Leskuret kan brukes over sykkelstativ, sittebenker, venteplasser eller p\u00e5 andre steder i offentlige utemilj\u00f8er.\" \/>\n<meta name=\"robots\" content=\"noindex, follow, max-snippet:-1, max-image-preview:large, max-video-preview:-1\" \/>\n<meta property=\"og:locale\" content=\"nb_NO\" \/>\n<meta property=\"og:type\" content=\"article\" \/>\n<meta property=\"og:title\" content=\"Leskur LIGHT - Cyklos | Norge\" \/>\n<meta property=\"og:description\" content=\"Leskuret kan brukes over sykkelstativ, sittebenker, venteplasser eller p\u00e5 andre steder i offentlige utemilj\u00f8er.\" \/>\n<meta property=\"og:url\" content=\"https:\/\/cyklos.stage.tankbar.cloud\/no\/produkt\/leskur-light\/\" \/>\n<meta property=\"og:site_name\" content=\"Cyklos | Norge\" \/>\n<meta property=\"article:modified_time\" content=\"2023-10-31T09:43:49+00:00\" \/>\n<meta property=\"og:image\" content=\"https:\/\/cyklos.stage.tankbar.cloud\/no\/wp-content\/uploads\/sites\/9\/2018\/07\/leskur-kvalitet.jpg\" \/>\n\t<meta property=\"og:image:width\" content=\"1785\" \/>\n\t<meta property=\"og:image:height\" content=\"1200\" \/>\n\t<meta property=\"og:image:type\" content=\"image\/jpeg\" \/>\n<meta name=\"twitter:card\" content=\"summary_large_image\" \/>\n<meta name=\"twitter:label1\" content=\"Ansl. lesetid\" \/>\n\t<meta name=\"twitter:data1\" content=\"2 minutter\" \/>\n<script type=\"application\/ld+json\" class=\"yoast-schema-graph\">{\"@context\":\"https:\/\/schema.org\",\"@graph\":[{\"@type\":\"WebPage\",\"@id\":\"https:\/\/cyklos.stage.tankbar.cloud\/no\/produkt\/leskur-light\/\",\"url\":\"https:\/\/cyklos.stage.tankbar.cloud\/no\/produkt\/leskur-light\/\",\"name\":\"Leskur LIGHT - Cyklos | Norge\",\"isPartOf\":{\"@id\":\"https:\/\/cyklos.stage.tankbar.cloud\/no\/#website\"},\"primaryImageOfPage\":{\"@id\":\"https:\/\/cyklos.stage.tankbar.cloud\/no\/produkt\/leskur-light\/#primaryimage\"},\"image\":{\"@id\":\"https:\/\/cyklos.stage.tankbar.cloud\/no\/produkt\/leskur-light\/#primaryimage\"},\"thumbnailUrl\":\"https:\/\/www.cyklos.se\/wp-content\/uploads\/sites\/9\/2018\/07\/leskur-kvalitet.jpg\",\"datePublished\":\"2018-07-13T11:46:30+00:00\",\"dateModified\":\"2023-10-31T09:43:49+00:00\",\"description\":\"Leskuret kan brukes over sykkelstativ, sittebenker, venteplasser eller p\u00e5 andre steder i offentlige utemilj\u00f8er.\",\"breadcrumb\":{\"@id\":\"https:\/\/cyklos.stage.tankbar.cloud\/no\/produkt\/leskur-light\/#breadcrumb\"},\"inLanguage\":\"nb-NO\",\"potentialAction\":[{\"@type\":\"ReadAction\",\"target\":[\"https:\/\/cyklos.stage.tankbar.cloud\/no\/produkt\/leskur-light\/\"]}]},{\"@type\":\"ImageObject\",\"inLanguage\":\"nb-NO\",\"@id\":\"https:\/\/cyklos.stage.tankbar.cloud\/no\/produkt\/leskur-light\/#primaryimage\",\"url\":\"https:\/\/www.cyklos.se\/wp-content\/uploads\/sites\/9\/2018\/07\/leskur-kvalitet.jpg\",\"contentUrl\":\"https:\/\/www.cyklos.se\/wp-content\/uploads\/sites\/9\/2018\/07\/leskur-kvalitet.jpg\",\"width\":1785,\"height\":1200},{\"@type\":\"BreadcrumbList\",\"@id\":\"https:\/\/cyklos.stage.tankbar.cloud\/no\/produkt\/leskur-light\/#breadcrumb\",\"itemListElement\":[{\"@type\":\"ListItem\",\"position\":1,\"name\":\"Home\",\"item\":\"https:\/\/cyklos.stage.tankbar.cloud\/no\/\"},{\"@type\":\"ListItem\",\"position\":2,\"name\":\"Produkter\",\"item\":\"https:\/\/cyklos.stage.tankbar.cloud\/no\/shop\/\"},{\"@type\":\"ListItem\",\"position\":3,\"name\":\"Leskur LIGHT\"}]},{\"@type\":\"WebSite\",\"@id\":\"https:\/\/cyklos.stage.tankbar.cloud\/no\/#website\",\"url\":\"https:\/\/cyklos.stage.tankbar.cloud\/no\/\",\"name\":\"Cyklos | Norge\",\"description\":\"Framtidens cykelparkering\",\"potentialAction\":[{\"@type\":\"SearchAction\",\"target\":{\"@type\":\"EntryPoint\",\"urlTemplate\":\"https:\/\/cyklos.stage.tankbar.cloud\/no\/?s={search_term_string}\"},\"query-input\":{\"@type\":\"PropertyValueSpecification\",\"valueRequired\":true,\"valueName\":\"search_term_string\"}}],\"inLanguage\":\"nb-NO\"}]}<\/script>\n<!-- \/ Yoast SEO plugin. -->","yoast_head_json":{"title":"Leskur LIGHT - Cyklos | Norge","description":"Leskuret kan brukes over sykkelstativ, sittebenker, venteplasser eller p\u00e5 andre steder i offentlige utemilj\u00f8er.","robots":{"index":"noindex","follow":"follow","max-snippet":"max-snippet:-1","max-image-preview":"max-image-preview:large","max-video-preview":"max-video-preview:-1"},"og_locale":"nb_NO","og_type":"article","og_title":"Leskur LIGHT - Cyklos | Norge","og_description":"Leskuret kan brukes over sykkelstativ, sittebenker, venteplasser eller p\u00e5 andre steder i offentlige utemilj\u00f8er.","og_url":"https:\/\/cyklos.stage.tankbar.cloud\/no\/produkt\/leskur-light\/","og_site_name":"Cyklos | Norge","article_modified_time":"2023-10-31T09:43:49+00:00","og_image":[{"width":1785,"height":1200,"url":"https:\/\/cyklos.stage.tankbar.cloud\/no\/wp-content\/uploads\/sites\/9\/2018\/07\/leskur-kvalitet.jpg","type":"image\/jpeg"}],"twitter_card":"summary_large_image","twitter_misc":{"Ansl. lesetid":"2 minutter"},"schema":{"@context":"https:\/\/schema.org","@graph":[{"@type":"WebPage","@id":"https:\/\/cyklos.stage.tankbar.cloud\/no\/produkt\/leskur-light\/","url":"https:\/\/cyklos.stage.tankbar.cloud\/no\/produkt\/leskur-light\/","name":"Leskur LIGHT - Cyklos | Norge","isPartOf":{"@id":"https:\/\/cyklos.stage.tankbar.cloud\/no\/#website"},"primaryImageOfPage":{"@id":"https:\/\/cyklos.stage.tankbar.cloud\/no\/produkt\/leskur-light\/#primaryimage"},"image":{"@id":"https:\/\/cyklos.stage.tankbar.cloud\/no\/produkt\/leskur-light\/#primaryimage"},"thumbnailUrl":"https:\/\/www.cyklos.se\/wp-content\/uploads\/sites\/9\/2018\/07\/leskur-kvalitet.jpg","datePublished":"2018-07-13T11:46:30+00:00","dateModified":"2023-10-31T09:43:49+00:00","description":"Leskuret kan brukes over sykkelstativ, sittebenker, venteplasser eller p\u00e5 andre steder i offentlige utemilj\u00f8er.","breadcrumb":{"@id":"https:\/\/cyklos.stage.tankbar.cloud\/no\/produkt\/leskur-light\/#breadcrumb"},"inLanguage":"nb-NO","potentialAction":[{"@type":"ReadAction","target":["https:\/\/cyklos.stage.tankbar.cloud\/no\/produkt\/leskur-light\/"]}]},{"@type":"ImageObject","inLanguage":"nb-NO","@id":"https:\/\/cyklos.stage.tankbar.cloud\/no\/produkt\/leskur-light\/#primaryimage","url":"https:\/\/www.cyklos.se\/wp-content\/uploads\/sites\/9\/2018\/07\/leskur-kvalitet.jpg","contentUrl":"https:\/\/www.cyklos.se\/wp-content\/uploads\/sites\/9\/2018\/07\/leskur-kvalitet.jpg","width":1785,"height":1200},{"@type":"BreadcrumbList","@id":"https:\/\/cyklos.stage.tankbar.cloud\/no\/produkt\/leskur-light\/#breadcrumb","itemListElement":[{"@type":"ListItem","position":1,"name":"Home","item":"https:\/\/cyklos.stage.tankbar.cloud\/no\/"},{"@type":"ListItem","position":2,"name":"Produkter","item":"https:\/\/cyklos.stage.tankbar.cloud\/no\/shop\/"},{"@type":"ListItem","position":3,"name":"Leskur LIGHT"}]},{"@type":"WebSite","@id":"https:\/\/cyklos.stage.tankbar.cloud\/no\/#website","url":"https:\/\/cyklos.stage.tankbar.cloud\/no\/","name":"Cyklos | Norge","description":"Framtidens cykelparkering","potentialAction":[{"@type":"SearchAction","target":{"@type":"EntryPoint","urlTemplate":"https:\/\/cyklos.stage.tankbar.cloud\/no\/?s={search_term_string}"},"query-input":{"@type":"PropertyValueSpecification","valueRequired":true,"valueName":"search_term_string"}}],"inLanguage":"nb-NO"}]}},"_links":{"self":[{"href":"https:\/\/cyklos.stage.tankbar.cloud\/no\/wp-json\/wp\/v2\/product\/1447","targetHints":{"allow":["GET"]}}],"collection":[{"href":"https:\/\/cyklos.stage.tankbar.cloud\/no\/wp-json\/wp\/v2\/product"}],"about":[{"href":"https:\/\/cyklos.stage.tankbar.cloud\/no\/wp-json\/wp\/v2\/types\/product"}],"replies":[{"embeddable":true,"href":"https:\/\/cyklos.stage.tankbar.cloud\/no\/wp-json\/wp\/v2\/comments?post=1447"}],"wp:featuredmedia":[{"embeddable":true,"href":"https:\/\/cyklos.stage.tankbar.cloud\/no\/wp-json\/wp\/v2\/media\/3469"}],"wp:attachment":[{"href":"https:\/\/cyklos.stage.tankbar.cloud\/no\/wp-json\/wp\/v2\/media?parent=1447"}],"wp:term":[{"taxonomy":"product_brand","embeddable":true,"href":"https:\/\/cyklos.stage.tankbar.cloud\/no\/wp-json\/wp\/v2\/product_brand?post=1447"},{"taxonomy":"product_cat","embeddable":true,"href":"https:\/\/cyklos.stage.tankbar.cloud\/no\/wp-json\/wp\/v2\/product_cat?post=1447"},{"taxonomy":"product_tag","embeddable":true,"href":"https:\/\/cyklos.stage.tankbar.cloud\/no\/wp-json\/wp\/v2\/product_tag?post=1447"}],"curies":[{"name":"wp","href":"https:\/\/api.w.org\/{rel}","templated":true}]}}