{"id":1497,"date":"2018-08-13T13:47:02","date_gmt":"2018-08-13T11:47:02","guid":{"rendered":"http:\/\/cyklos.stage.tankbar.cloud\/no\/no\/produkt\/sykkelstativ-delta\/"},"modified":"2023-10-31T10:52:36","modified_gmt":"2023-10-31T09:52:36","slug":"sykkelstativ-delta","status":"publish","type":"product","link":"https:\/\/cyklos.stage.tankbar.cloud\/no\/produkt\/sykkelstativ-delta\/","title":{"rendered":"Sykkelstativ DELTA med rammel\u00e5sing"},"content":{"rendered":"<h3><strong>Brukervennlig<\/strong><\/h3>\n<p>En parkering som alle kan og kjenner igjen. Forhjulet p\u00e5 sykkelen kj\u00f8res inn i b\u00f8ylen, og sykkelen st\u00e5r st\u00f8tt p\u00e5 plass. Parkeringen gir sykkelen st\u00f8tte for \u00e5 motvirke \u00f8delagt og skjevt forhjul. Passer til b\u00e5de smale og brede dekk og gir godt grep for sykkeldekket.<\/p>\n<h3><strong>Sikker<\/strong><\/h3>\n<p>Det unike er at syklisten til forskjell fra standardstativ kan l\u00e5se fast sykkelen i sykkelrammen og b\u00f8ylen p\u00e5 stativet.<\/p>\n<h3><strong>Orden og oversikt<\/strong><\/h3>\n<p>Den unike utformingen og funksjonen skaper god orden p\u00e5 sykkelparkeringen.<\/p>\n<h3><strong>Sertifiseringer<\/strong><\/h3>\n<p><em>Sykkelstativ DELTA har f\u00e5tt vurderingen A i SundaHus Milj\u00f6data, som er den beste av de 5 vurderingsklassene til SundaHus.<\/em><\/p>\n<p><em>DELTA er ogs\u00e5 godkjent i henhold til Byggvarubed\u00f6mningen\u00ae, en milj\u00f8sertifisering av byggvarer for b\u00e6rekraftig og langsiktig bygging.<\/em><\/p>\n<p><img loading=\"lazy\" decoding=\"async\" class=\"alignnone wp-image-1328\" src=\"https:\/\/www.cyklos.se\/wp-content\/uploads\/sites\/9\/2018\/04\/SundaHus-logo-portrait-RGB-284x300.png\" alt=\"\" width=\"88\" height=\"93\" srcset=\"https:\/\/www.cyklos.se\/wp-content\/uploads\/sites\/9\/2018\/04\/SundaHus-logo-portrait-RGB-284x300.png 284w, https:\/\/www.cyklos.se\/wp-content\/uploads\/sites\/9\/2018\/04\/SundaHus-logo-portrait-RGB.png 492w\" sizes=\"auto, (max-width: 88px) 100vw, 88px\" \/><\/p>\n<p><img loading=\"lazy\" decoding=\"async\" class=\"alignnone wp-image-1329\" src=\"https:\/\/www.cyklos.se\/wp-content\/uploads\/sites\/9\/2018\/04\/byggvarubedo\u0308mningen-300x30.png\" alt=\"\" width=\"160\" height=\"16\" srcset=\"https:\/\/www.cyklos.se\/wp-content\/uploads\/sites\/9\/2018\/04\/byggvarubedo\u0308mningen-300x30.png 300w, https:\/\/www.cyklos.se\/wp-content\/uploads\/sites\/9\/2018\/04\/byggvarubedo\u0308mningen.png 400w\" sizes=\"auto, (max-width: 160px) 100vw, 160px\" \/><\/p>\n<h3><strong>Design<\/strong><\/h3>\n<p>S-E Johansson<\/p>\n<p>&nbsp;<\/p>\n<p>&nbsp;<\/p>\n<p id=\"produkt-saknar-svar\">\n","protected":false},"excerpt":{"rendered":"<p>DELTA er et moderne sykkelstativ med god rammel\u00e5sing. Utformingen av sykkelstativet skaper god orden p\u00e5 parkeringen samtidig som syklisten kan l\u00e5se fast sykkelen sin i rammen. Popul\u00e6rt ved reisesentre, holdeplasser, skole, flerbrukshall eller andre sykkelparkeringer der det kreves en intuitiv, rask og enkel parkering. Plassbesparende ved vinkelmontering.<\/p>\n","protected":false},"featured_media":3332,"comment_status":"closed","ping_status":"closed","template":"","meta":{"_acf_changed":false},"product_brand":[],"product_cat":[261],"product_tag":[],"class_list":{"0":"post-1497","1":"product","2":"type-product","3":"status-publish","4":"has-post-thumbnail","6":"product_cat-sykkelstativ-sykkelpullert","7":"pa_forankring-alt-1-adapter-betongfundament","8":"pa_forankring-alt-2-nedstopingsror","9":"pa_forankring-alt-3-betongfundament-glatt-overflate-over-bakken","10":"pa_uppstallning-fristaende-dobbeltsidet","11":"pa_uppstallning-fristaende-enkeltsidet","12":"pa_uppstallning-veggmontering","13":"pa_valg-av-seksjon-4-plasser-c-c-500mm-2m","14":"pa_valg-av-seksjon-4-plasser-c-c-600mm-24m","15":"pa_valg-av-seksjon-4-plasser-c-c-700mm-28m","16":"pa_valg-av-seksjon-5-plasser-c-c-500mm-25m","17":"pa_valg-av-seksjon-5-plasser-c-c-600mm-3m","19":"first","20":"instock","21":"purchasable","22":"product-type-variable"},"acf":[],"yoast_head":"<!-- This site is optimized with the Yoast SEO plugin v27.2 - https:\/\/yoast.com\/product\/yoast-seo-wordpress\/ -->\n<title>Sykkelstativ DELTA med rammel\u00e5sing - Cyklos | Norge<\/title>\n<meta name=\"description\" content=\"DELTA sykkelstativ er popul\u00e6rt ved reisesentre, holdeplasser eller andre sykkelparkeringer der det kreves en intuitiv, rask og enkel parkering.\" \/>\n<meta name=\"robots\" content=\"noindex, follow, max-snippet:-1, max-image-preview:large, max-video-preview:-1\" \/>\n<meta property=\"og:locale\" content=\"nb_NO\" \/>\n<meta property=\"og:type\" content=\"article\" \/>\n<meta property=\"og:title\" content=\"Sykkelstativ DELTA med rammel\u00e5sing - Cyklos | Norge\" \/>\n<meta property=\"og:description\" content=\"DELTA sykkelstativ er popul\u00e6rt ved reisesentre, holdeplasser eller andre sykkelparkeringer der det kreves en intuitiv, rask og enkel parkering.\" \/>\n<meta property=\"og:url\" content=\"https:\/\/cyklos.stage.tankbar.cloud\/no\/produkt\/sykkelstativ-delta\/\" \/>\n<meta property=\"og:site_name\" content=\"Cyklos | Norge\" \/>\n<meta property=\"article:modified_time\" content=\"2023-10-31T09:52:36+00:00\" \/>\n<meta property=\"og:image\" content=\"https:\/\/cyklos.stage.tankbar.cloud\/no\/wp-content\/uploads\/sites\/9\/2018\/08\/sykkelstativ-rammelasning-4.jpg\" \/>\n\t<meta property=\"og:image:width\" content=\"1800\" \/>\n\t<meta property=\"og:image:height\" content=\"1200\" \/>\n\t<meta property=\"og:image:type\" content=\"image\/jpeg\" \/>\n<meta name=\"twitter:card\" content=\"summary_large_image\" \/>\n<meta name=\"twitter:label1\" content=\"Ansl. lesetid\" \/>\n\t<meta name=\"twitter:data1\" content=\"2 minutter\" \/>\n<script type=\"application\/ld+json\" class=\"yoast-schema-graph\">{\"@context\":\"https:\/\/schema.org\",\"@graph\":[{\"@type\":\"WebPage\",\"@id\":\"https:\/\/cyklos.stage.tankbar.cloud\/no\/produkt\/sykkelstativ-delta\/\",\"url\":\"https:\/\/cyklos.stage.tankbar.cloud\/no\/produkt\/sykkelstativ-delta\/\",\"name\":\"Sykkelstativ DELTA med rammel\u00e5sing - Cyklos | Norge\",\"isPartOf\":{\"@id\":\"https:\/\/cyklos.stage.tankbar.cloud\/no\/#website\"},\"primaryImageOfPage\":{\"@id\":\"https:\/\/cyklos.stage.tankbar.cloud\/no\/produkt\/sykkelstativ-delta\/#primaryimage\"},\"image\":{\"@id\":\"https:\/\/cyklos.stage.tankbar.cloud\/no\/produkt\/sykkelstativ-delta\/#primaryimage\"},\"thumbnailUrl\":\"https:\/\/www.cyklos.se\/wp-content\/uploads\/sites\/9\/2018\/08\/sykkelstativ-rammelasning-4.jpg\",\"datePublished\":\"2018-08-13T11:47:02+00:00\",\"dateModified\":\"2023-10-31T09:52:36+00:00\",\"description\":\"DELTA sykkelstativ er popul\u00e6rt ved reisesentre, holdeplasser eller andre sykkelparkeringer der det kreves en intuitiv, rask og enkel parkering.\",\"breadcrumb\":{\"@id\":\"https:\/\/cyklos.stage.tankbar.cloud\/no\/produkt\/sykkelstativ-delta\/#breadcrumb\"},\"inLanguage\":\"nb-NO\",\"potentialAction\":[{\"@type\":\"ReadAction\",\"target\":[\"https:\/\/cyklos.stage.tankbar.cloud\/no\/produkt\/sykkelstativ-delta\/\"]}]},{\"@type\":\"ImageObject\",\"inLanguage\":\"nb-NO\",\"@id\":\"https:\/\/cyklos.stage.tankbar.cloud\/no\/produkt\/sykkelstativ-delta\/#primaryimage\",\"url\":\"https:\/\/www.cyklos.se\/wp-content\/uploads\/sites\/9\/2018\/08\/sykkelstativ-rammelasning-4.jpg\",\"contentUrl\":\"https:\/\/www.cyklos.se\/wp-content\/uploads\/sites\/9\/2018\/08\/sykkelstativ-rammelasning-4.jpg\",\"width\":1800,\"height\":1200,\"caption\":\"Sykkelstativ med god rammel\u00e5sing\"},{\"@type\":\"BreadcrumbList\",\"@id\":\"https:\/\/cyklos.stage.tankbar.cloud\/no\/produkt\/sykkelstativ-delta\/#breadcrumb\",\"itemListElement\":[{\"@type\":\"ListItem\",\"position\":1,\"name\":\"Home\",\"item\":\"https:\/\/cyklos.stage.tankbar.cloud\/no\/\"},{\"@type\":\"ListItem\",\"position\":2,\"name\":\"Produkter\",\"item\":\"https:\/\/cyklos.stage.tankbar.cloud\/no\/shop\/\"},{\"@type\":\"ListItem\",\"position\":3,\"name\":\"Sykkelstativ DELTA med rammel\u00e5sing\"}]},{\"@type\":\"WebSite\",\"@id\":\"https:\/\/cyklos.stage.tankbar.cloud\/no\/#website\",\"url\":\"https:\/\/cyklos.stage.tankbar.cloud\/no\/\",\"name\":\"Cyklos | Norge\",\"description\":\"Framtidens cykelparkering\",\"potentialAction\":[{\"@type\":\"SearchAction\",\"target\":{\"@type\":\"EntryPoint\",\"urlTemplate\":\"https:\/\/cyklos.stage.tankbar.cloud\/no\/?s={search_term_string}\"},\"query-input\":{\"@type\":\"PropertyValueSpecification\",\"valueRequired\":true,\"valueName\":\"search_term_string\"}}],\"inLanguage\":\"nb-NO\"}]}<\/script>\n<!-- \/ Yoast SEO plugin. -->","yoast_head_json":{"title":"Sykkelstativ DELTA med rammel\u00e5sing - Cyklos | Norge","description":"DELTA sykkelstativ er popul\u00e6rt ved reisesentre, holdeplasser eller andre sykkelparkeringer der det kreves en intuitiv, rask og enkel parkering.","robots":{"index":"noindex","follow":"follow","max-snippet":"max-snippet:-1","max-image-preview":"max-image-preview:large","max-video-preview":"max-video-preview:-1"},"og_locale":"nb_NO","og_type":"article","og_title":"Sykkelstativ DELTA med rammel\u00e5sing - Cyklos | Norge","og_description":"DELTA sykkelstativ er popul\u00e6rt ved reisesentre, holdeplasser eller andre sykkelparkeringer der det kreves en intuitiv, rask og enkel parkering.","og_url":"https:\/\/cyklos.stage.tankbar.cloud\/no\/produkt\/sykkelstativ-delta\/","og_site_name":"Cyklos | Norge","article_modified_time":"2023-10-31T09:52:36+00:00","og_image":[{"width":1800,"height":1200,"url":"https:\/\/cyklos.stage.tankbar.cloud\/no\/wp-content\/uploads\/sites\/9\/2018\/08\/sykkelstativ-rammelasning-4.jpg","type":"image\/jpeg"}],"twitter_card":"summary_large_image","twitter_misc":{"Ansl. lesetid":"2 minutter"},"schema":{"@context":"https:\/\/schema.org","@graph":[{"@type":"WebPage","@id":"https:\/\/cyklos.stage.tankbar.cloud\/no\/produkt\/sykkelstativ-delta\/","url":"https:\/\/cyklos.stage.tankbar.cloud\/no\/produkt\/sykkelstativ-delta\/","name":"Sykkelstativ DELTA med rammel\u00e5sing - Cyklos | Norge","isPartOf":{"@id":"https:\/\/cyklos.stage.tankbar.cloud\/no\/#website"},"primaryImageOfPage":{"@id":"https:\/\/cyklos.stage.tankbar.cloud\/no\/produkt\/sykkelstativ-delta\/#primaryimage"},"image":{"@id":"https:\/\/cyklos.stage.tankbar.cloud\/no\/produkt\/sykkelstativ-delta\/#primaryimage"},"thumbnailUrl":"https:\/\/www.cyklos.se\/wp-content\/uploads\/sites\/9\/2018\/08\/sykkelstativ-rammelasning-4.jpg","datePublished":"2018-08-13T11:47:02+00:00","dateModified":"2023-10-31T09:52:36+00:00","description":"DELTA sykkelstativ er popul\u00e6rt ved reisesentre, holdeplasser eller andre sykkelparkeringer der det kreves en intuitiv, rask og enkel parkering.","breadcrumb":{"@id":"https:\/\/cyklos.stage.tankbar.cloud\/no\/produkt\/sykkelstativ-delta\/#breadcrumb"},"inLanguage":"nb-NO","potentialAction":[{"@type":"ReadAction","target":["https:\/\/cyklos.stage.tankbar.cloud\/no\/produkt\/sykkelstativ-delta\/"]}]},{"@type":"ImageObject","inLanguage":"nb-NO","@id":"https:\/\/cyklos.stage.tankbar.cloud\/no\/produkt\/sykkelstativ-delta\/#primaryimage","url":"https:\/\/www.cyklos.se\/wp-content\/uploads\/sites\/9\/2018\/08\/sykkelstativ-rammelasning-4.jpg","contentUrl":"https:\/\/www.cyklos.se\/wp-content\/uploads\/sites\/9\/2018\/08\/sykkelstativ-rammelasning-4.jpg","width":1800,"height":1200,"caption":"Sykkelstativ med god rammel\u00e5sing"},{"@type":"BreadcrumbList","@id":"https:\/\/cyklos.stage.tankbar.cloud\/no\/produkt\/sykkelstativ-delta\/#breadcrumb","itemListElement":[{"@type":"ListItem","position":1,"name":"Home","item":"https:\/\/cyklos.stage.tankbar.cloud\/no\/"},{"@type":"ListItem","position":2,"name":"Produkter","item":"https:\/\/cyklos.stage.tankbar.cloud\/no\/shop\/"},{"@type":"ListItem","position":3,"name":"Sykkelstativ DELTA med rammel\u00e5sing"}]},{"@type":"WebSite","@id":"https:\/\/cyklos.stage.tankbar.cloud\/no\/#website","url":"https:\/\/cyklos.stage.tankbar.cloud\/no\/","name":"Cyklos | Norge","description":"Framtidens cykelparkering","potentialAction":[{"@type":"SearchAction","target":{"@type":"EntryPoint","urlTemplate":"https:\/\/cyklos.stage.tankbar.cloud\/no\/?s={search_term_string}"},"query-input":{"@type":"PropertyValueSpecification","valueRequired":true,"valueName":"search_term_string"}}],"inLanguage":"nb-NO"}]}},"_links":{"self":[{"href":"https:\/\/cyklos.stage.tankbar.cloud\/no\/wp-json\/wp\/v2\/product\/1497","targetHints":{"allow":["GET"]}}],"collection":[{"href":"https:\/\/cyklos.stage.tankbar.cloud\/no\/wp-json\/wp\/v2\/product"}],"about":[{"href":"https:\/\/cyklos.stage.tankbar.cloud\/no\/wp-json\/wp\/v2\/types\/product"}],"replies":[{"embeddable":true,"href":"https:\/\/cyklos.stage.tankbar.cloud\/no\/wp-json\/wp\/v2\/comments?post=1497"}],"wp:featuredmedia":[{"embeddable":true,"href":"https:\/\/cyklos.stage.tankbar.cloud\/no\/wp-json\/wp\/v2\/media\/3332"}],"wp:attachment":[{"href":"https:\/\/cyklos.stage.tankbar.cloud\/no\/wp-json\/wp\/v2\/media?parent=1497"}],"wp:term":[{"taxonomy":"product_brand","embeddable":true,"href":"https:\/\/cyklos.stage.tankbar.cloud\/no\/wp-json\/wp\/v2\/product_brand?post=1497"},{"taxonomy":"product_cat","embeddable":true,"href":"https:\/\/cyklos.stage.tankbar.cloud\/no\/wp-json\/wp\/v2\/product_cat?post=1497"},{"taxonomy":"product_tag","embeddable":true,"href":"https:\/\/cyklos.stage.tankbar.cloud\/no\/wp-json\/wp\/v2\/product_tag?post=1497"}],"curies":[{"name":"wp","href":"https:\/\/api.w.org\/{rel}","templated":true}]}}