{"id":1498,"date":"2018-07-13T13:47:02","date_gmt":"2018-07-13T11:47:02","guid":{"rendered":"http:\/\/cyklos.stage.tankbar.cloud\/no\/no\/produkt\/offentlig-sykkelservicestasjon-grand\/"},"modified":"2023-10-31T11:01:24","modified_gmt":"2023-10-31T10:01:24","slug":"offentlig-sykkelservicestasjon-grand","status":"publish","type":"product","link":"https:\/\/cyklos.stage.tankbar.cloud\/no\/produkt\/offentlig-sykkelservicestasjon-grand\/","title":{"rendered":"Offentlig sykkelservicestasjon GRAND"},"content":{"rendered":"<h3><strong>Funksjoner<\/strong><\/h3>\n<p>Spyleh\u00e5ndtak for effektiv rengj\u00f8ring av sykkelen. Aktiveres med et enkelt knappetrykk. P\u00e5fylling av vannflaske \u2013 beskyttet mot frost og forurensning. Automatisk pumpe for sykkeldekk, munnstykket passer til alle vanlige ventiltyper. Multiverkt\u00f8y samt 15 mm fastn\u00f8kkel for enklere reparasjoner. Verkt\u00f8yene er festet med st\u00e5lvaier og utstyrt med balansevekt for \u00e5 sikre at de f\u00f8res tilbake til det beskyttede rommet. Opphengsanordning for \u00e5 lette ved reparasjon. Integrert LED-belysning.<\/p>\n<h3><strong>Muligheter og eksrautstyr<\/strong><\/h3>\n<p>Finnes i to varianter, enkelt- og dobbeltsidig, avhengig av plass og sykkeltrafikk. Kompletteres med kart over omr\u00e5det. Servicestasjonen kan f\u00e5s med logo eller symbol. For mindre serviceenheter se ogs\u00e5 WAVE AIR og CARE4BIKES.<\/p>\n<h3><strong>Design<\/strong><\/h3>\n<p>J Landerholm &amp; P Lund<\/p>\n<p>&nbsp;<\/p>\n","protected":false},"excerpt":{"rendered":"<p>God offentlig sykkelservice har vist seg \u00e5 fremme sykkelpendlingen. Sykkelservicestasjonen GRAND l\u00f8fter sykkelservicen til et nytt niv\u00e5. Her er det mulighet for \u00e5 pumpe, rengj\u00f8re, mekke og fylle vannflasken.<\/p>\n<p>Funksjonene og formen skaper en innbydende og tiltalende plass for \u00e5 gi syklisten en trygg og enkel reise og dermed forutsetninger for \u00e5 gj\u00f8re sykkelen til f\u00f8rstevalget for pendling. Kan kompletteres med kart over omr\u00e5det.<\/p>\n","protected":false},"featured_media":3979,"comment_status":"closed","ping_status":"closed","template":"","meta":{"_acf_changed":false},"product_brand":[],"product_cat":[278],"product_tag":[],"class_list":{"0":"post-1498","1":"product","2":"type-product","3":"status-publish","4":"has-post-thumbnail","6":"product_cat-sykkelservicestasjon-sykkelpumpe-ladeskap","7":"pa_bredde-450045-cyklos-grand-bredde-3600-mm-enkeltsidig","8":"pa_bredde-450046-cyklos-grand-bredde-2400-mm-dobbeltsidig","9":"pa_bredde-450059-cyklos-grand-bredde-900mm-dubbeltsidig","10":"pa_forankring-nedstoping","12":"first","13":"instock","14":"purchasable","15":"product-type-variable"},"acf":[],"yoast_head":"<!-- This site is optimized with the Yoast SEO plugin v27.2 - https:\/\/yoast.com\/product\/yoast-seo-wordpress\/ -->\n<title>Offentlig sykkelservicestasjon GRAND - Cyklos | Norge<\/title>\n<meta name=\"description\" content=\"Sykkelservicestasjonen GRAND l\u00f8fter sykkelservicen til et nytt niv\u00e5. Her er det mulighet for \u00e5 pumpe, rengj\u00f8re, mekke og fylle vannflasken.\" \/>\n<meta name=\"robots\" content=\"noindex, follow, max-snippet:-1, max-image-preview:large, max-video-preview:-1\" \/>\n<meta property=\"og:locale\" content=\"nb_NO\" \/>\n<meta property=\"og:type\" content=\"article\" \/>\n<meta property=\"og:title\" content=\"Offentlig sykkelservicestasjon GRAND - Cyklos | Norge\" \/>\n<meta property=\"og:description\" content=\"Sykkelservicestasjonen GRAND l\u00f8fter sykkelservicen til et nytt niv\u00e5. Her er det mulighet for \u00e5 pumpe, rengj\u00f8re, mekke og fylle vannflasken.\" \/>\n<meta property=\"og:url\" content=\"https:\/\/cyklos.stage.tankbar.cloud\/no\/produkt\/offentlig-sykkelservicestasjon-grand\/\" \/>\n<meta property=\"og:site_name\" content=\"Cyklos | Norge\" \/>\n<meta property=\"article:modified_time\" content=\"2023-10-31T10:01:24+00:00\" \/>\n<meta property=\"og:image\" content=\"https:\/\/cyklos.stage.tankbar.cloud\/no\/wp-content\/uploads\/sites\/9\/2019\/10\/sykkelservicestasjon-grand-kategori.jpg\" \/>\n\t<meta property=\"og:image:width\" content=\"1801\" \/>\n\t<meta property=\"og:image:height\" content=\"1200\" \/>\n\t<meta property=\"og:image:type\" content=\"image\/jpeg\" \/>\n<meta name=\"twitter:card\" content=\"summary_large_image\" \/>\n<meta name=\"twitter:label1\" content=\"Ansl. lesetid\" \/>\n\t<meta name=\"twitter:data1\" content=\"1 minutt\" \/>\n<script type=\"application\/ld+json\" class=\"yoast-schema-graph\">{\"@context\":\"https:\/\/schema.org\",\"@graph\":[{\"@type\":\"WebPage\",\"@id\":\"https:\/\/cyklos.stage.tankbar.cloud\/no\/produkt\/offentlig-sykkelservicestasjon-grand\/\",\"url\":\"https:\/\/cyklos.stage.tankbar.cloud\/no\/produkt\/offentlig-sykkelservicestasjon-grand\/\",\"name\":\"Offentlig sykkelservicestasjon GRAND - Cyklos | Norge\",\"isPartOf\":{\"@id\":\"https:\/\/cyklos.stage.tankbar.cloud\/no\/#website\"},\"primaryImageOfPage\":{\"@id\":\"https:\/\/cyklos.stage.tankbar.cloud\/no\/produkt\/offentlig-sykkelservicestasjon-grand\/#primaryimage\"},\"image\":{\"@id\":\"https:\/\/cyklos.stage.tankbar.cloud\/no\/produkt\/offentlig-sykkelservicestasjon-grand\/#primaryimage\"},\"thumbnailUrl\":\"https:\/\/www.cyklos.se\/wp-content\/uploads\/sites\/9\/2019\/10\/sykkelservicestasjon-grand-kategori.jpg\",\"datePublished\":\"2018-07-13T11:47:02+00:00\",\"dateModified\":\"2023-10-31T10:01:24+00:00\",\"description\":\"Sykkelservicestasjonen GRAND l\u00f8fter sykkelservicen til et nytt niv\u00e5. Her er det mulighet for \u00e5 pumpe, rengj\u00f8re, mekke og fylle vannflasken.\",\"breadcrumb\":{\"@id\":\"https:\/\/cyklos.stage.tankbar.cloud\/no\/produkt\/offentlig-sykkelservicestasjon-grand\/#breadcrumb\"},\"inLanguage\":\"nb-NO\",\"potentialAction\":[{\"@type\":\"ReadAction\",\"target\":[\"https:\/\/cyklos.stage.tankbar.cloud\/no\/produkt\/offentlig-sykkelservicestasjon-grand\/\"]}]},{\"@type\":\"ImageObject\",\"inLanguage\":\"nb-NO\",\"@id\":\"https:\/\/cyklos.stage.tankbar.cloud\/no\/produkt\/offentlig-sykkelservicestasjon-grand\/#primaryimage\",\"url\":\"https:\/\/www.cyklos.se\/wp-content\/uploads\/sites\/9\/2019\/10\/sykkelservicestasjon-grand-kategori.jpg\",\"contentUrl\":\"https:\/\/www.cyklos.se\/wp-content\/uploads\/sites\/9\/2019\/10\/sykkelservicestasjon-grand-kategori.jpg\",\"width\":1801,\"height\":1200},{\"@type\":\"BreadcrumbList\",\"@id\":\"https:\/\/cyklos.stage.tankbar.cloud\/no\/produkt\/offentlig-sykkelservicestasjon-grand\/#breadcrumb\",\"itemListElement\":[{\"@type\":\"ListItem\",\"position\":1,\"name\":\"Home\",\"item\":\"https:\/\/cyklos.stage.tankbar.cloud\/no\/\"},{\"@type\":\"ListItem\",\"position\":2,\"name\":\"Produkter\",\"item\":\"https:\/\/cyklos.stage.tankbar.cloud\/no\/shop\/\"},{\"@type\":\"ListItem\",\"position\":3,\"name\":\"Offentlig sykkelservicestasjon GRAND\"}]},{\"@type\":\"WebSite\",\"@id\":\"https:\/\/cyklos.stage.tankbar.cloud\/no\/#website\",\"url\":\"https:\/\/cyklos.stage.tankbar.cloud\/no\/\",\"name\":\"Cyklos | Norge\",\"description\":\"Framtidens cykelparkering\",\"potentialAction\":[{\"@type\":\"SearchAction\",\"target\":{\"@type\":\"EntryPoint\",\"urlTemplate\":\"https:\/\/cyklos.stage.tankbar.cloud\/no\/?s={search_term_string}\"},\"query-input\":{\"@type\":\"PropertyValueSpecification\",\"valueRequired\":true,\"valueName\":\"search_term_string\"}}],\"inLanguage\":\"nb-NO\"}]}<\/script>\n<!-- \/ Yoast SEO plugin. -->","yoast_head_json":{"title":"Offentlig sykkelservicestasjon GRAND - Cyklos | Norge","description":"Sykkelservicestasjonen GRAND l\u00f8fter sykkelservicen til et nytt niv\u00e5. Her er det mulighet for \u00e5 pumpe, rengj\u00f8re, mekke og fylle vannflasken.","robots":{"index":"noindex","follow":"follow","max-snippet":"max-snippet:-1","max-image-preview":"max-image-preview:large","max-video-preview":"max-video-preview:-1"},"og_locale":"nb_NO","og_type":"article","og_title":"Offentlig sykkelservicestasjon GRAND - Cyklos | Norge","og_description":"Sykkelservicestasjonen GRAND l\u00f8fter sykkelservicen til et nytt niv\u00e5. Her er det mulighet for \u00e5 pumpe, rengj\u00f8re, mekke og fylle vannflasken.","og_url":"https:\/\/cyklos.stage.tankbar.cloud\/no\/produkt\/offentlig-sykkelservicestasjon-grand\/","og_site_name":"Cyklos | Norge","article_modified_time":"2023-10-31T10:01:24+00:00","og_image":[{"width":1801,"height":1200,"url":"https:\/\/cyklos.stage.tankbar.cloud\/no\/wp-content\/uploads\/sites\/9\/2019\/10\/sykkelservicestasjon-grand-kategori.jpg","type":"image\/jpeg"}],"twitter_card":"summary_large_image","twitter_misc":{"Ansl. lesetid":"1 minutt"},"schema":{"@context":"https:\/\/schema.org","@graph":[{"@type":"WebPage","@id":"https:\/\/cyklos.stage.tankbar.cloud\/no\/produkt\/offentlig-sykkelservicestasjon-grand\/","url":"https:\/\/cyklos.stage.tankbar.cloud\/no\/produkt\/offentlig-sykkelservicestasjon-grand\/","name":"Offentlig sykkelservicestasjon GRAND - Cyklos | Norge","isPartOf":{"@id":"https:\/\/cyklos.stage.tankbar.cloud\/no\/#website"},"primaryImageOfPage":{"@id":"https:\/\/cyklos.stage.tankbar.cloud\/no\/produkt\/offentlig-sykkelservicestasjon-grand\/#primaryimage"},"image":{"@id":"https:\/\/cyklos.stage.tankbar.cloud\/no\/produkt\/offentlig-sykkelservicestasjon-grand\/#primaryimage"},"thumbnailUrl":"https:\/\/www.cyklos.se\/wp-content\/uploads\/sites\/9\/2019\/10\/sykkelservicestasjon-grand-kategori.jpg","datePublished":"2018-07-13T11:47:02+00:00","dateModified":"2023-10-31T10:01:24+00:00","description":"Sykkelservicestasjonen GRAND l\u00f8fter sykkelservicen til et nytt niv\u00e5. Her er det mulighet for \u00e5 pumpe, rengj\u00f8re, mekke og fylle vannflasken.","breadcrumb":{"@id":"https:\/\/cyklos.stage.tankbar.cloud\/no\/produkt\/offentlig-sykkelservicestasjon-grand\/#breadcrumb"},"inLanguage":"nb-NO","potentialAction":[{"@type":"ReadAction","target":["https:\/\/cyklos.stage.tankbar.cloud\/no\/produkt\/offentlig-sykkelservicestasjon-grand\/"]}]},{"@type":"ImageObject","inLanguage":"nb-NO","@id":"https:\/\/cyklos.stage.tankbar.cloud\/no\/produkt\/offentlig-sykkelservicestasjon-grand\/#primaryimage","url":"https:\/\/www.cyklos.se\/wp-content\/uploads\/sites\/9\/2019\/10\/sykkelservicestasjon-grand-kategori.jpg","contentUrl":"https:\/\/www.cyklos.se\/wp-content\/uploads\/sites\/9\/2019\/10\/sykkelservicestasjon-grand-kategori.jpg","width":1801,"height":1200},{"@type":"BreadcrumbList","@id":"https:\/\/cyklos.stage.tankbar.cloud\/no\/produkt\/offentlig-sykkelservicestasjon-grand\/#breadcrumb","itemListElement":[{"@type":"ListItem","position":1,"name":"Home","item":"https:\/\/cyklos.stage.tankbar.cloud\/no\/"},{"@type":"ListItem","position":2,"name":"Produkter","item":"https:\/\/cyklos.stage.tankbar.cloud\/no\/shop\/"},{"@type":"ListItem","position":3,"name":"Offentlig sykkelservicestasjon GRAND"}]},{"@type":"WebSite","@id":"https:\/\/cyklos.stage.tankbar.cloud\/no\/#website","url":"https:\/\/cyklos.stage.tankbar.cloud\/no\/","name":"Cyklos | Norge","description":"Framtidens cykelparkering","potentialAction":[{"@type":"SearchAction","target":{"@type":"EntryPoint","urlTemplate":"https:\/\/cyklos.stage.tankbar.cloud\/no\/?s={search_term_string}"},"query-input":{"@type":"PropertyValueSpecification","valueRequired":true,"valueName":"search_term_string"}}],"inLanguage":"nb-NO"}]}},"_links":{"self":[{"href":"https:\/\/cyklos.stage.tankbar.cloud\/no\/wp-json\/wp\/v2\/product\/1498","targetHints":{"allow":["GET"]}}],"collection":[{"href":"https:\/\/cyklos.stage.tankbar.cloud\/no\/wp-json\/wp\/v2\/product"}],"about":[{"href":"https:\/\/cyklos.stage.tankbar.cloud\/no\/wp-json\/wp\/v2\/types\/product"}],"replies":[{"embeddable":true,"href":"https:\/\/cyklos.stage.tankbar.cloud\/no\/wp-json\/wp\/v2\/comments?post=1498"}],"wp:featuredmedia":[{"embeddable":true,"href":"https:\/\/cyklos.stage.tankbar.cloud\/no\/wp-json\/wp\/v2\/media\/3979"}],"wp:attachment":[{"href":"https:\/\/cyklos.stage.tankbar.cloud\/no\/wp-json\/wp\/v2\/media?parent=1498"}],"wp:term":[{"taxonomy":"product_brand","embeddable":true,"href":"https:\/\/cyklos.stage.tankbar.cloud\/no\/wp-json\/wp\/v2\/product_brand?post=1498"},{"taxonomy":"product_cat","embeddable":true,"href":"https:\/\/cyklos.stage.tankbar.cloud\/no\/wp-json\/wp\/v2\/product_cat?post=1498"},{"taxonomy":"product_tag","embeddable":true,"href":"https:\/\/cyklos.stage.tankbar.cloud\/no\/wp-json\/wp\/v2\/product_tag?post=1498"}],"curies":[{"name":"wp","href":"https:\/\/api.w.org\/{rel}","templated":true}]}}