{"id":1499,"date":"2018-07-13T13:47:02","date_gmt":"2018-07-13T11:47:02","guid":{"rendered":"http:\/\/cyklos.stage.tankbar.cloud\/no\/no\/produkt\/sykkelgarasje-flow\/"},"modified":"2023-10-31T11:04:14","modified_gmt":"2023-10-31T10:04:14","slug":"sykkelhotell-flow","status":"publish","type":"product","link":"https:\/\/cyklos.stage.tankbar.cloud\/no\/produkt\/sykkelhotell-flow\/","title":{"rendered":"Sykkelhotell FLOW"},"content":{"rendered":"<h3><strong>Form<\/strong><\/h3>\n<p>Sykkelhotell med runde hj\u00f8rner og vegger helt i glass \u2013 moderne design med et klassisk snitt. Transparent konstruksjon med store glasspartier sammen med innvendig og utvendig LED-belysning gir en lys og luftig atmosf\u00e6re samtidig som den styrker f\u00f8lelsen av trygghet og sikkerhet.<\/p>\n<h3><strong>Funksjon<\/strong><\/h3>\n<p>Bygning uten innvendige stolper gir h\u00f8y tilgjengelighet og brukervennlighet. Smidige skyved\u00f8rer som \u00e5pnes enkelt og automatisk n\u00e5r man f\u00f8rer inn sykkelen. Vegger av personsikkert glass \u2013 robuste og lette \u00e5 rengj\u00f8re.<\/p>\n<h3><strong>Muligheter<\/strong><\/h3>\n<p>Leveres som standard med tak i r\u00f8ykfarget polykarbonat. Finnes ogs\u00e5 i metall eller forberedt for sedumtak. Kan kombineres med solcelleanlegg p\u00e5 taket. Innertak forsterke romf\u00f8lelsen. Anbefales med Cyklos\u2019 sykkelstativ DELTA eller OPTIMA, men kan naturligvis ogs\u00e5 kombineres med v\u00e5re andre sykkelstativ og pullerter. Kan kople adgang med kollektivtrafikkort eller liknende via l\u00f8sningen til Thinktrain.<\/p>\n<h3><strong>Design<\/strong><\/h3>\n<p>Cyklos<\/p>\n<h3>Sertifiseringer<\/h3>\n<p><img loading=\"lazy\" decoding=\"async\" class=\"alignnone size-medium wp-image-1329\" src=\"https:\/\/www.cyklos.se\/wp-content\/uploads\/sites\/9\/2018\/04\/byggvarubedo\u0308mningen-300x30.png\" alt=\"\" width=\"300\" height=\"30\" srcset=\"https:\/\/www.cyklos.se\/wp-content\/uploads\/sites\/9\/2018\/04\/byggvarubedo\u0308mningen-300x30.png 300w, https:\/\/www.cyklos.se\/wp-content\/uploads\/sites\/9\/2018\/04\/byggvarubedo\u0308mningen.png 400w\" sizes=\"auto, (max-width: 300px) 100vw, 300px\" \/><\/p>\n<p><img loading=\"lazy\" decoding=\"async\" class=\"alignnone size-full wp-image-4171\" src=\"https:\/\/www.cyklos.se\/wp-content\/uploads\/sites\/9\/2018\/09\/Certifieringar-fo\u0308r-LINK-cykelgarage-e1575293587463.png\" alt=\"\" width=\"153\" height=\"177\" \/><\/p>\n<p><img loading=\"lazy\" decoding=\"async\" class=\" wp-image-1040\" src=\"https:\/\/www.cyklos.se\/wp-content\/uploads\/sites\/9\/2018\/06\/ce-mark.jpg\" alt=\"\" width=\"109\" height=\"77\" srcset=\"https:\/\/www.cyklos.se\/wp-content\/uploads\/sites\/9\/2018\/06\/ce-mark.jpg 1192w, https:\/\/www.cyklos.se\/wp-content\/uploads\/sites\/9\/2018\/06\/ce-mark-300x211.jpg 300w, https:\/\/www.cyklos.se\/wp-content\/uploads\/sites\/9\/2018\/06\/ce-mark-768x541.jpg 768w, https:\/\/www.cyklos.se\/wp-content\/uploads\/sites\/9\/2018\/06\/ce-mark-1024x722.jpg 1024w, https:\/\/www.cyklos.se\/wp-content\/uploads\/sites\/9\/2018\/06\/ce-mark-600x423.jpg 600w\" sizes=\"auto, (max-width: 109px) 100vw, 109px\" \/><\/p>\n","protected":false},"excerpt":{"rendered":"<p>Cyklos FLOW er et sykkelhotell der klassiske former m\u00f8ter moderne design i det offentlige milj\u00f8et. Med sine store glasspartier og runde former er den et blikkfang samtidig som den gir syklisten et smidig parkeringstilbud med sv\u00e6rt god funksjon og brukervennlighet.<\/p>\n<p>Svenskprodusert sykkelhotell som bygger videre p\u00e5 prinsippet i Cyklos\u2019 tidligere leskur \u2013 med god tilgjengelighet uten stolper eller andre hinder inni konstruksjonen. Automatisk skyved\u00f8r kombinert med robust og intuitivt sykkelstativ (f. eks. DELTA og OPTIMA) skaper rask og pendlervennlig sykkelparkering.<\/p>\n<p>&nbsp;<\/p>\n","protected":false},"featured_media":4203,"comment_status":"closed","ping_status":"closed","template":"","meta":{"_acf_changed":false},"product_brand":[],"product_cat":[257],"product_tag":[],"class_list":{"0":"post-1499","1":"product","2":"type-product","3":"status-publish","4":"has-post-thumbnail","6":"product_cat-sykkelhus-sykkeltak","7":"pa_bredde-6m-art-nr-423001","8":"pa_bredde-8m-art-nr-424001","9":"pa_forankring-betongfundament","10":"pa_forankring-plasstopt-betongplate","12":"first","13":"instock","14":"purchasable","15":"product-type-variable"},"acf":[],"yoast_head":"<!-- This site is optimized with the Yoast SEO plugin v27.2 - https:\/\/yoast.com\/product\/yoast-seo-wordpress\/ -->\n<title>Sykkelhotell FLOW - Cyklos | Norge<\/title>\n<meta name=\"description\" content=\"Med sine store glasspartier og runde former er sykkelhotell FLOW et blikkfang samtidig som den gir syklisten et smidig parkeringstilbud.\" \/>\n<meta name=\"robots\" content=\"noindex, follow, max-snippet:-1, max-image-preview:large, max-video-preview:-1\" \/>\n<meta property=\"og:locale\" content=\"nb_NO\" \/>\n<meta property=\"og:type\" content=\"article\" \/>\n<meta property=\"og:title\" content=\"Sykkelhotell FLOW - Cyklos | Norge\" \/>\n<meta property=\"og:description\" content=\"Med sine store glasspartier og runde former er sykkelhotell FLOW et blikkfang samtidig som den gir syklisten et smidig parkeringstilbud.\" \/>\n<meta property=\"og:url\" content=\"https:\/\/cyklos.stage.tankbar.cloud\/no\/produkt\/sykkelhotell-flow\/\" \/>\n<meta property=\"og:site_name\" content=\"Cyklos | Norge\" \/>\n<meta property=\"article:modified_time\" content=\"2023-10-31T10:04:14+00:00\" \/>\n<meta property=\"og:image\" content=\"https:\/\/cyklos.stage.tankbar.cloud\/no\/wp-content\/uploads\/sites\/9\/2018\/07\/sykkelhus-flow.jpg\" \/>\n\t<meta property=\"og:image:width\" content=\"1799\" \/>\n\t<meta property=\"og:image:height\" content=\"1200\" \/>\n\t<meta property=\"og:image:type\" content=\"image\/jpeg\" \/>\n<meta name=\"twitter:card\" content=\"summary_large_image\" \/>\n<meta name=\"twitter:label1\" content=\"Ansl. lesetid\" \/>\n\t<meta name=\"twitter:data1\" content=\"2 minutter\" \/>\n<script type=\"application\/ld+json\" class=\"yoast-schema-graph\">{\"@context\":\"https:\/\/schema.org\",\"@graph\":[{\"@type\":\"WebPage\",\"@id\":\"https:\/\/cyklos.stage.tankbar.cloud\/no\/produkt\/sykkelhotell-flow\/\",\"url\":\"https:\/\/cyklos.stage.tankbar.cloud\/no\/produkt\/sykkelhotell-flow\/\",\"name\":\"Sykkelhotell FLOW - Cyklos | Norge\",\"isPartOf\":{\"@id\":\"https:\/\/cyklos.stage.tankbar.cloud\/no\/#website\"},\"primaryImageOfPage\":{\"@id\":\"https:\/\/cyklos.stage.tankbar.cloud\/no\/produkt\/sykkelhotell-flow\/#primaryimage\"},\"image\":{\"@id\":\"https:\/\/cyklos.stage.tankbar.cloud\/no\/produkt\/sykkelhotell-flow\/#primaryimage\"},\"thumbnailUrl\":\"https:\/\/www.cyklos.se\/wp-content\/uploads\/sites\/9\/2018\/07\/sykkelhus-flow.jpg\",\"datePublished\":\"2018-07-13T11:47:02+00:00\",\"dateModified\":\"2023-10-31T10:04:14+00:00\",\"description\":\"Med sine store glasspartier og runde former er sykkelhotell FLOW et blikkfang samtidig som den gir syklisten et smidig parkeringstilbud.\",\"breadcrumb\":{\"@id\":\"https:\/\/cyklos.stage.tankbar.cloud\/no\/produkt\/sykkelhotell-flow\/#breadcrumb\"},\"inLanguage\":\"nb-NO\",\"potentialAction\":[{\"@type\":\"ReadAction\",\"target\":[\"https:\/\/cyklos.stage.tankbar.cloud\/no\/produkt\/sykkelhotell-flow\/\"]}]},{\"@type\":\"ImageObject\",\"inLanguage\":\"nb-NO\",\"@id\":\"https:\/\/cyklos.stage.tankbar.cloud\/no\/produkt\/sykkelhotell-flow\/#primaryimage\",\"url\":\"https:\/\/www.cyklos.se\/wp-content\/uploads\/sites\/9\/2018\/07\/sykkelhus-flow.jpg\",\"contentUrl\":\"https:\/\/www.cyklos.se\/wp-content\/uploads\/sites\/9\/2018\/07\/sykkelhus-flow.jpg\",\"width\":1799,\"height\":1200},{\"@type\":\"BreadcrumbList\",\"@id\":\"https:\/\/cyklos.stage.tankbar.cloud\/no\/produkt\/sykkelhotell-flow\/#breadcrumb\",\"itemListElement\":[{\"@type\":\"ListItem\",\"position\":1,\"name\":\"Home\",\"item\":\"https:\/\/cyklos.stage.tankbar.cloud\/no\/\"},{\"@type\":\"ListItem\",\"position\":2,\"name\":\"Produkter\",\"item\":\"https:\/\/cyklos.stage.tankbar.cloud\/no\/shop\/\"},{\"@type\":\"ListItem\",\"position\":3,\"name\":\"Sykkelhotell FLOW\"}]},{\"@type\":\"WebSite\",\"@id\":\"https:\/\/cyklos.stage.tankbar.cloud\/no\/#website\",\"url\":\"https:\/\/cyklos.stage.tankbar.cloud\/no\/\",\"name\":\"Cyklos | Norge\",\"description\":\"Framtidens cykelparkering\",\"potentialAction\":[{\"@type\":\"SearchAction\",\"target\":{\"@type\":\"EntryPoint\",\"urlTemplate\":\"https:\/\/cyklos.stage.tankbar.cloud\/no\/?s={search_term_string}\"},\"query-input\":{\"@type\":\"PropertyValueSpecification\",\"valueRequired\":true,\"valueName\":\"search_term_string\"}}],\"inLanguage\":\"nb-NO\"}]}<\/script>\n<!-- \/ Yoast SEO plugin. -->","yoast_head_json":{"title":"Sykkelhotell FLOW - Cyklos | Norge","description":"Med sine store glasspartier og runde former er sykkelhotell FLOW et blikkfang samtidig som den gir syklisten et smidig parkeringstilbud.","robots":{"index":"noindex","follow":"follow","max-snippet":"max-snippet:-1","max-image-preview":"max-image-preview:large","max-video-preview":"max-video-preview:-1"},"og_locale":"nb_NO","og_type":"article","og_title":"Sykkelhotell FLOW - Cyklos | Norge","og_description":"Med sine store glasspartier og runde former er sykkelhotell FLOW et blikkfang samtidig som den gir syklisten et smidig parkeringstilbud.","og_url":"https:\/\/cyklos.stage.tankbar.cloud\/no\/produkt\/sykkelhotell-flow\/","og_site_name":"Cyklos | Norge","article_modified_time":"2023-10-31T10:04:14+00:00","og_image":[{"width":1799,"height":1200,"url":"https:\/\/cyklos.stage.tankbar.cloud\/no\/wp-content\/uploads\/sites\/9\/2018\/07\/sykkelhus-flow.jpg","type":"image\/jpeg"}],"twitter_card":"summary_large_image","twitter_misc":{"Ansl. lesetid":"2 minutter"},"schema":{"@context":"https:\/\/schema.org","@graph":[{"@type":"WebPage","@id":"https:\/\/cyklos.stage.tankbar.cloud\/no\/produkt\/sykkelhotell-flow\/","url":"https:\/\/cyklos.stage.tankbar.cloud\/no\/produkt\/sykkelhotell-flow\/","name":"Sykkelhotell FLOW - Cyklos | Norge","isPartOf":{"@id":"https:\/\/cyklos.stage.tankbar.cloud\/no\/#website"},"primaryImageOfPage":{"@id":"https:\/\/cyklos.stage.tankbar.cloud\/no\/produkt\/sykkelhotell-flow\/#primaryimage"},"image":{"@id":"https:\/\/cyklos.stage.tankbar.cloud\/no\/produkt\/sykkelhotell-flow\/#primaryimage"},"thumbnailUrl":"https:\/\/www.cyklos.se\/wp-content\/uploads\/sites\/9\/2018\/07\/sykkelhus-flow.jpg","datePublished":"2018-07-13T11:47:02+00:00","dateModified":"2023-10-31T10:04:14+00:00","description":"Med sine store glasspartier og runde former er sykkelhotell FLOW et blikkfang samtidig som den gir syklisten et smidig parkeringstilbud.","breadcrumb":{"@id":"https:\/\/cyklos.stage.tankbar.cloud\/no\/produkt\/sykkelhotell-flow\/#breadcrumb"},"inLanguage":"nb-NO","potentialAction":[{"@type":"ReadAction","target":["https:\/\/cyklos.stage.tankbar.cloud\/no\/produkt\/sykkelhotell-flow\/"]}]},{"@type":"ImageObject","inLanguage":"nb-NO","@id":"https:\/\/cyklos.stage.tankbar.cloud\/no\/produkt\/sykkelhotell-flow\/#primaryimage","url":"https:\/\/www.cyklos.se\/wp-content\/uploads\/sites\/9\/2018\/07\/sykkelhus-flow.jpg","contentUrl":"https:\/\/www.cyklos.se\/wp-content\/uploads\/sites\/9\/2018\/07\/sykkelhus-flow.jpg","width":1799,"height":1200},{"@type":"BreadcrumbList","@id":"https:\/\/cyklos.stage.tankbar.cloud\/no\/produkt\/sykkelhotell-flow\/#breadcrumb","itemListElement":[{"@type":"ListItem","position":1,"name":"Home","item":"https:\/\/cyklos.stage.tankbar.cloud\/no\/"},{"@type":"ListItem","position":2,"name":"Produkter","item":"https:\/\/cyklos.stage.tankbar.cloud\/no\/shop\/"},{"@type":"ListItem","position":3,"name":"Sykkelhotell FLOW"}]},{"@type":"WebSite","@id":"https:\/\/cyklos.stage.tankbar.cloud\/no\/#website","url":"https:\/\/cyklos.stage.tankbar.cloud\/no\/","name":"Cyklos | Norge","description":"Framtidens cykelparkering","potentialAction":[{"@type":"SearchAction","target":{"@type":"EntryPoint","urlTemplate":"https:\/\/cyklos.stage.tankbar.cloud\/no\/?s={search_term_string}"},"query-input":{"@type":"PropertyValueSpecification","valueRequired":true,"valueName":"search_term_string"}}],"inLanguage":"nb-NO"}]}},"_links":{"self":[{"href":"https:\/\/cyklos.stage.tankbar.cloud\/no\/wp-json\/wp\/v2\/product\/1499","targetHints":{"allow":["GET"]}}],"collection":[{"href":"https:\/\/cyklos.stage.tankbar.cloud\/no\/wp-json\/wp\/v2\/product"}],"about":[{"href":"https:\/\/cyklos.stage.tankbar.cloud\/no\/wp-json\/wp\/v2\/types\/product"}],"replies":[{"embeddable":true,"href":"https:\/\/cyklos.stage.tankbar.cloud\/no\/wp-json\/wp\/v2\/comments?post=1499"}],"wp:featuredmedia":[{"embeddable":true,"href":"https:\/\/cyklos.stage.tankbar.cloud\/no\/wp-json\/wp\/v2\/media\/4203"}],"wp:attachment":[{"href":"https:\/\/cyklos.stage.tankbar.cloud\/no\/wp-json\/wp\/v2\/media?parent=1499"}],"wp:term":[{"taxonomy":"product_brand","embeddable":true,"href":"https:\/\/cyklos.stage.tankbar.cloud\/no\/wp-json\/wp\/v2\/product_brand?post=1499"},{"taxonomy":"product_cat","embeddable":true,"href":"https:\/\/cyklos.stage.tankbar.cloud\/no\/wp-json\/wp\/v2\/product_cat?post=1499"},{"taxonomy":"product_tag","embeddable":true,"href":"https:\/\/cyklos.stage.tankbar.cloud\/no\/wp-json\/wp\/v2\/product_tag?post=1499"}],"curies":[{"name":"wp","href":"https:\/\/api.w.org\/{rel}","templated":true}]}}