{"id":1500,"date":"2018-07-13T13:47:02","date_gmt":"2018-07-13T11:47:02","guid":{"rendered":"http:\/\/cyklos.stage.tankbar.cloud\/no\/no\/produkt\/sykkelhage-delta\/"},"modified":"2023-10-31T10:54:01","modified_gmt":"2023-10-31T09:54:01","slug":"sykkelhage-delta","status":"publish","type":"product","link":"https:\/\/cyklos.stage.tankbar.cloud\/no\/produkt\/sykkelhage-delta\/","title":{"rendered":"Sykkelhage DELTA skaper tydelig og god orden"},"content":{"rendered":"<div class=\"wpb-content-wrapper\"><p>[vc_row][vc_column][vc_column_text]<\/p>\n<h3><strong>Tydelig orden<\/strong><\/h3>\n<p>Sykkelhagenes unike utforming og funksjon med en markert gavl skaper tydelig og god orden rundt sykkelparkeringen.<\/p>\n<h3><strong>Fleksibel og mobil<\/strong><\/h3>\n<p>C\/c-m\u00e5l \u2013 flere valgmuligheter: 500, 600 og 700 mm. Totalm\u00e5l og antall plasser kan tilpasses med alle DELTA-seksjoner. Tre ulike forankringsalternativ, inkl. mobile fundament. Velg RAL-farge for tydelig profilering eller tilpasning til det omkringliggende milj\u00f8et.<\/p>\n<h3><strong>Brukervennlig<\/strong><\/h3>\n<p>Intuitiv og enkel parkering som alle kan og kjenner igjen. Sykkelstativet er utformet med b\u00e5de rammel\u00e5sing og st\u00f8 oppstilling. Se mer info om funksjonen under sykkelstativet DELTA.<\/p>\n<h3><strong>Robust og sikker<\/strong><\/h3>\n<p>Designet og bygd for \u00e5 t\u00e5le krevende utemilj\u00f8er. Syklisten l\u00e5ser fast sykkelens ramme og hjul i b\u00f8ylen p\u00e5 sykkelstativet.<\/p>\n<h3>Tilvalg<\/h3>\n<p>Man kan f\u00e5 med eget motiv p\u00e5 gavlene.<\/p>\n<h3><strong>Design<\/strong><\/h3>\n<p>SE Johansson[\/vc_column_text][\/vc_column][\/vc_row]<\/p>\n<\/div>","protected":false},"excerpt":{"rendered":"<p>Byen blir stadig mer fortettet. Flere kj\u00f8ret\u00f8y og transportmidler deler den samme flaten. \u00d8kt sykkelbruk stiller krav til nye plasser for sykkelparkering.<\/p>\n<p>DELTA sykkelhage er utviklet for \u00e5 skape orden i byen. Med de markerende og avskjermende gavlene kombinert med DELTA sykkelstativ blir sykkelparkeringen tydelig, sikker og intuitiv. Sykkelhagen kan plasseres utenfor fortauet, p\u00e5 en bilparkering, mellom bilenes kj\u00f8refelt, i g\u00e5gater, p\u00e5 holdeplasser, arenaer eller andre steder der man \u00f8nsker en markert sykkelparkering med god orden.<\/p>\n<p>Sykkelhagen inng\u00e5r i DELTA-systemet, noe som gj\u00f8r at den er sv\u00e6rt fleksibel og kan bygges med \u00f8nsket totalm\u00e5l og c\/c-m\u00e5l ut ifra de DELTA-seksjonene som finnes.<\/p>\n","protected":false},"featured_media":3485,"comment_status":"closed","ping_status":"closed","template":"","meta":{"_acf_changed":false},"product_brand":[],"product_cat":[261],"product_tag":[],"class_list":{"0":"post-1500","1":"product","2":"type-product","3":"status-publish","4":"has-post-thumbnail","6":"product_cat-sykkelstativ-sykkelpullert","7":"pa_forankring-alt-1-adapter-betongfundament","8":"pa_forankring-alt-2-nedstopingsror","9":"pa_forankring-alt-3-betongfundament-glatt-overflate-over-bakke-mobilt","10":"pa_valg-av-seksjon-4-plasser-c-c-500mm-2m","11":"pa_valg-av-seksjon-4-plasser-c-c-600mm-24m","12":"pa_valg-av-seksjon-4-plasser-c-c-700mm-28m","13":"pa_valg-av-seksjon-5-plasser-c-c-500mm-25m","14":"pa_valg-av-seksjon-5-plasser-c-c-600mm-3m","16":"first","17":"instock","18":"purchasable","19":"product-type-variable"},"acf":[],"yoast_head":"<!-- This site is optimized with the Yoast SEO plugin v27.2 - https:\/\/yoast.com\/product\/yoast-seo-wordpress\/ -->\n<title>Sykkelhage DELTA skaper tydelig og god orden - Cyklos | Norge<\/title>\n<meta name=\"description\" content=\"Sykkelhagenes unike utforming og funksjon med en markert gavl skaper tydelig og god orden rundt sykkelparkeringen.\" \/>\n<meta name=\"robots\" content=\"noindex, follow, max-snippet:-1, max-image-preview:large, max-video-preview:-1\" \/>\n<meta property=\"og:locale\" content=\"nb_NO\" \/>\n<meta property=\"og:type\" content=\"article\" \/>\n<meta property=\"og:title\" content=\"Sykkelhage DELTA skaper tydelig og god orden - Cyklos | Norge\" \/>\n<meta property=\"og:description\" content=\"Sykkelhagenes unike utforming og funksjon med en markert gavl skaper tydelig og god orden rundt sykkelparkeringen.\" \/>\n<meta property=\"og:url\" content=\"https:\/\/cyklos.stage.tankbar.cloud\/no\/produkt\/sykkelhage-delta\/\" \/>\n<meta property=\"og:site_name\" content=\"Cyklos | Norge\" \/>\n<meta property=\"article:modified_time\" content=\"2023-10-31T09:54:01+00:00\" \/>\n<meta property=\"og:image\" content=\"https:\/\/cyklos.stage.tankbar.cloud\/no\/wp-content\/uploads\/sites\/9\/2018\/07\/Sykkelhage-for-gator.jpg\" \/>\n\t<meta property=\"og:image:width\" content=\"1800\" \/>\n\t<meta property=\"og:image:height\" content=\"1200\" \/>\n\t<meta property=\"og:image:type\" content=\"image\/jpeg\" \/>\n<meta name=\"twitter:card\" content=\"summary_large_image\" \/>\n<meta name=\"twitter:label1\" content=\"Ansl. lesetid\" \/>\n\t<meta name=\"twitter:data1\" content=\"1 minutt\" \/>\n<script type=\"application\/ld+json\" class=\"yoast-schema-graph\">{\"@context\":\"https:\/\/schema.org\",\"@graph\":[{\"@type\":\"WebPage\",\"@id\":\"https:\/\/cyklos.stage.tankbar.cloud\/no\/produkt\/sykkelhage-delta\/\",\"url\":\"https:\/\/cyklos.stage.tankbar.cloud\/no\/produkt\/sykkelhage-delta\/\",\"name\":\"Sykkelhage DELTA skaper tydelig og god orden - Cyklos | Norge\",\"isPartOf\":{\"@id\":\"https:\/\/cyklos.stage.tankbar.cloud\/no\/#website\"},\"primaryImageOfPage\":{\"@id\":\"https:\/\/cyklos.stage.tankbar.cloud\/no\/produkt\/sykkelhage-delta\/#primaryimage\"},\"image\":{\"@id\":\"https:\/\/cyklos.stage.tankbar.cloud\/no\/produkt\/sykkelhage-delta\/#primaryimage\"},\"thumbnailUrl\":\"https:\/\/www.cyklos.se\/wp-content\/uploads\/sites\/9\/2018\/07\/Sykkelhage-for-gator.jpg\",\"datePublished\":\"2018-07-13T11:47:02+00:00\",\"dateModified\":\"2023-10-31T09:54:01+00:00\",\"description\":\"Sykkelhagenes unike utforming og funksjon med en markert gavl skaper tydelig og god orden rundt sykkelparkeringen.\",\"breadcrumb\":{\"@id\":\"https:\/\/cyklos.stage.tankbar.cloud\/no\/produkt\/sykkelhage-delta\/#breadcrumb\"},\"inLanguage\":\"nb-NO\",\"potentialAction\":[{\"@type\":\"ReadAction\",\"target\":[\"https:\/\/cyklos.stage.tankbar.cloud\/no\/produkt\/sykkelhage-delta\/\"]}]},{\"@type\":\"ImageObject\",\"inLanguage\":\"nb-NO\",\"@id\":\"https:\/\/cyklos.stage.tankbar.cloud\/no\/produkt\/sykkelhage-delta\/#primaryimage\",\"url\":\"https:\/\/www.cyklos.se\/wp-content\/uploads\/sites\/9\/2018\/07\/Sykkelhage-for-gator.jpg\",\"contentUrl\":\"https:\/\/www.cyklos.se\/wp-content\/uploads\/sites\/9\/2018\/07\/Sykkelhage-for-gator.jpg\",\"width\":1800,\"height\":1200},{\"@type\":\"BreadcrumbList\",\"@id\":\"https:\/\/cyklos.stage.tankbar.cloud\/no\/produkt\/sykkelhage-delta\/#breadcrumb\",\"itemListElement\":[{\"@type\":\"ListItem\",\"position\":1,\"name\":\"Home\",\"item\":\"https:\/\/cyklos.stage.tankbar.cloud\/no\/\"},{\"@type\":\"ListItem\",\"position\":2,\"name\":\"Produkter\",\"item\":\"https:\/\/cyklos.stage.tankbar.cloud\/no\/shop\/\"},{\"@type\":\"ListItem\",\"position\":3,\"name\":\"Sykkelhage DELTA skaper tydelig og god orden\"}]},{\"@type\":\"WebSite\",\"@id\":\"https:\/\/cyklos.stage.tankbar.cloud\/no\/#website\",\"url\":\"https:\/\/cyklos.stage.tankbar.cloud\/no\/\",\"name\":\"Cyklos | Norge\",\"description\":\"Framtidens cykelparkering\",\"potentialAction\":[{\"@type\":\"SearchAction\",\"target\":{\"@type\":\"EntryPoint\",\"urlTemplate\":\"https:\/\/cyklos.stage.tankbar.cloud\/no\/?s={search_term_string}\"},\"query-input\":{\"@type\":\"PropertyValueSpecification\",\"valueRequired\":true,\"valueName\":\"search_term_string\"}}],\"inLanguage\":\"nb-NO\"}]}<\/script>\n<!-- \/ Yoast SEO plugin. -->","yoast_head_json":{"title":"Sykkelhage DELTA skaper tydelig og god orden - Cyklos | Norge","description":"Sykkelhagenes unike utforming og funksjon med en markert gavl skaper tydelig og god orden rundt sykkelparkeringen.","robots":{"index":"noindex","follow":"follow","max-snippet":"max-snippet:-1","max-image-preview":"max-image-preview:large","max-video-preview":"max-video-preview:-1"},"og_locale":"nb_NO","og_type":"article","og_title":"Sykkelhage DELTA skaper tydelig og god orden - Cyklos | Norge","og_description":"Sykkelhagenes unike utforming og funksjon med en markert gavl skaper tydelig og god orden rundt sykkelparkeringen.","og_url":"https:\/\/cyklos.stage.tankbar.cloud\/no\/produkt\/sykkelhage-delta\/","og_site_name":"Cyklos | Norge","article_modified_time":"2023-10-31T09:54:01+00:00","og_image":[{"width":1800,"height":1200,"url":"https:\/\/cyklos.stage.tankbar.cloud\/no\/wp-content\/uploads\/sites\/9\/2018\/07\/Sykkelhage-for-gator.jpg","type":"image\/jpeg"}],"twitter_card":"summary_large_image","twitter_misc":{"Ansl. lesetid":"1 minutt"},"schema":{"@context":"https:\/\/schema.org","@graph":[{"@type":"WebPage","@id":"https:\/\/cyklos.stage.tankbar.cloud\/no\/produkt\/sykkelhage-delta\/","url":"https:\/\/cyklos.stage.tankbar.cloud\/no\/produkt\/sykkelhage-delta\/","name":"Sykkelhage DELTA skaper tydelig og god orden - Cyklos | Norge","isPartOf":{"@id":"https:\/\/cyklos.stage.tankbar.cloud\/no\/#website"},"primaryImageOfPage":{"@id":"https:\/\/cyklos.stage.tankbar.cloud\/no\/produkt\/sykkelhage-delta\/#primaryimage"},"image":{"@id":"https:\/\/cyklos.stage.tankbar.cloud\/no\/produkt\/sykkelhage-delta\/#primaryimage"},"thumbnailUrl":"https:\/\/www.cyklos.se\/wp-content\/uploads\/sites\/9\/2018\/07\/Sykkelhage-for-gator.jpg","datePublished":"2018-07-13T11:47:02+00:00","dateModified":"2023-10-31T09:54:01+00:00","description":"Sykkelhagenes unike utforming og funksjon med en markert gavl skaper tydelig og god orden rundt sykkelparkeringen.","breadcrumb":{"@id":"https:\/\/cyklos.stage.tankbar.cloud\/no\/produkt\/sykkelhage-delta\/#breadcrumb"},"inLanguage":"nb-NO","potentialAction":[{"@type":"ReadAction","target":["https:\/\/cyklos.stage.tankbar.cloud\/no\/produkt\/sykkelhage-delta\/"]}]},{"@type":"ImageObject","inLanguage":"nb-NO","@id":"https:\/\/cyklos.stage.tankbar.cloud\/no\/produkt\/sykkelhage-delta\/#primaryimage","url":"https:\/\/www.cyklos.se\/wp-content\/uploads\/sites\/9\/2018\/07\/Sykkelhage-for-gator.jpg","contentUrl":"https:\/\/www.cyklos.se\/wp-content\/uploads\/sites\/9\/2018\/07\/Sykkelhage-for-gator.jpg","width":1800,"height":1200},{"@type":"BreadcrumbList","@id":"https:\/\/cyklos.stage.tankbar.cloud\/no\/produkt\/sykkelhage-delta\/#breadcrumb","itemListElement":[{"@type":"ListItem","position":1,"name":"Home","item":"https:\/\/cyklos.stage.tankbar.cloud\/no\/"},{"@type":"ListItem","position":2,"name":"Produkter","item":"https:\/\/cyklos.stage.tankbar.cloud\/no\/shop\/"},{"@type":"ListItem","position":3,"name":"Sykkelhage DELTA skaper tydelig og god orden"}]},{"@type":"WebSite","@id":"https:\/\/cyklos.stage.tankbar.cloud\/no\/#website","url":"https:\/\/cyklos.stage.tankbar.cloud\/no\/","name":"Cyklos | Norge","description":"Framtidens cykelparkering","potentialAction":[{"@type":"SearchAction","target":{"@type":"EntryPoint","urlTemplate":"https:\/\/cyklos.stage.tankbar.cloud\/no\/?s={search_term_string}"},"query-input":{"@type":"PropertyValueSpecification","valueRequired":true,"valueName":"search_term_string"}}],"inLanguage":"nb-NO"}]}},"_links":{"self":[{"href":"https:\/\/cyklos.stage.tankbar.cloud\/no\/wp-json\/wp\/v2\/product\/1500","targetHints":{"allow":["GET"]}}],"collection":[{"href":"https:\/\/cyklos.stage.tankbar.cloud\/no\/wp-json\/wp\/v2\/product"}],"about":[{"href":"https:\/\/cyklos.stage.tankbar.cloud\/no\/wp-json\/wp\/v2\/types\/product"}],"replies":[{"embeddable":true,"href":"https:\/\/cyklos.stage.tankbar.cloud\/no\/wp-json\/wp\/v2\/comments?post=1500"}],"wp:featuredmedia":[{"embeddable":true,"href":"https:\/\/cyklos.stage.tankbar.cloud\/no\/wp-json\/wp\/v2\/media\/3485"}],"wp:attachment":[{"href":"https:\/\/cyklos.stage.tankbar.cloud\/no\/wp-json\/wp\/v2\/media?parent=1500"}],"wp:term":[{"taxonomy":"product_brand","embeddable":true,"href":"https:\/\/cyklos.stage.tankbar.cloud\/no\/wp-json\/wp\/v2\/product_brand?post=1500"},{"taxonomy":"product_cat","embeddable":true,"href":"https:\/\/cyklos.stage.tankbar.cloud\/no\/wp-json\/wp\/v2\/product_cat?post=1500"},{"taxonomy":"product_tag","embeddable":true,"href":"https:\/\/cyklos.stage.tankbar.cloud\/no\/wp-json\/wp\/v2\/product_tag?post=1500"}],"curies":[{"name":"wp","href":"https:\/\/api.w.org\/{rel}","templated":true}]}}