{"id":1501,"date":"2018-08-13T11:47:02","date_gmt":"2018-08-13T09:47:02","guid":{"rendered":"http:\/\/cyklos.stage.tankbar.cloud\/no\/no\/produkt\/diskre-sykkelpullert-lux\/"},"modified":"2023-10-31T10:50:52","modified_gmt":"2023-10-31T09:50:52","slug":"diskre-sykkelpullert-lux","status":"publish","type":"product","link":"https:\/\/cyklos.stage.tankbar.cloud\/no\/produkt\/diskre-sykkelpullert-lux\/","title":{"rendered":"Diskr\u00e9 sykkelpullert LUX"},"content":{"rendered":"<h3><strong>Diskresjon<\/strong><\/h3>\n<p>Sykkelpullert med plass for to sykler. Kan brukes som \u201dvanlig\u201d pullert. Et diskr\u00e9 formspr\u00e5k med mulighet for fastl\u00e5sing av syklene.<\/p>\n<h3><strong>Lys<\/strong><\/h3>\n<p>Integrert og utskiftbar LED-belysning som skaper et skinn rundt pullerten. Lys for design, trygghet og sikkerhet. LED-belysning IP65, 1,2 W, 350 mA, 37 V.<\/p>\n<h3><strong>Design<\/strong><\/h3>\n<p>SEJ<\/p>\n<h4>Forankring<\/h4>\n<p>Alt. 1 \u2013 Nedst\u00f8pingsr\u00f8r<br \/>\nAlt. 2 \u2013 For fastbolting p\u00e5 bakkeniv\u00e5<\/p>\n<h4>Materiale<\/h4>\n<p>Alt 1 &#8211; Varmforsinket<br \/>\nAlt 2 &#8211; Varmforsinket og pulverlakkert i valgfri RAL-farge. Standardfarge svart RAL 9005.<\/p>\n<h4>Sertifiseringer<\/h4>\n<p><img loading=\"lazy\" decoding=\"async\" class=\"alignnone wp-image-1329\" src=\"https:\/\/www.cyklos.se\/wp-content\/uploads\/sites\/9\/2018\/04\/byggvarubedo\u0308mningen.png\" alt=\"\" width=\"200\" height=\"20\" srcset=\"https:\/\/www.cyklos.se\/wp-content\/uploads\/sites\/9\/2018\/04\/byggvarubedo\u0308mningen.png 400w, https:\/\/www.cyklos.se\/wp-content\/uploads\/sites\/9\/2018\/04\/byggvarubedo\u0308mningen-300x30.png 300w\" sizes=\"auto, (max-width: 200px) 100vw, 200px\" \/><\/p>\n<p><img loading=\"lazy\" decoding=\"async\" class=\"alignnone size-full wp-image-1330\" src=\"https:\/\/www.cyklos.se\/wp-content\/uploads\/sites\/9\/2018\/06\/svensktillverkat-572f3164cd3a4b264325f528a8be3992-2.png\" alt=\"\" width=\"186\" height=\"18\" \/><\/p>\n<p><img loading=\"lazy\" decoding=\"async\" class=\"alignnone wp-image-1328\" src=\"https:\/\/www.cyklos.se\/wp-content\/uploads\/sites\/9\/2018\/04\/SundaHus-logo-portrait-RGB.png\" alt=\"\" width=\"71\" height=\"75\" srcset=\"https:\/\/www.cyklos.se\/wp-content\/uploads\/sites\/9\/2018\/04\/SundaHus-logo-portrait-RGB.png 492w, https:\/\/www.cyklos.se\/wp-content\/uploads\/sites\/9\/2018\/04\/SundaHus-logo-portrait-RGB-284x300.png 284w\" sizes=\"auto, (max-width: 71px) 100vw, 71px\" \/><\/p>\n","protected":false},"excerpt":{"rendered":"<p>Den diskr\u00e9 sykkelpullerten LUX har en diskr\u00e9 design og kan f\u00e5s med eller uten belysning. Passer godt inn ved innganger, p\u00e5 torg, i g\u00e5gater eller p\u00e5 andre steder.<\/p>\n","protected":false},"featured_media":2253,"comment_status":"closed","ping_status":"closed","template":"","meta":{"_acf_changed":false},"product_brand":[],"product_cat":[261],"product_tag":[],"class_list":{"0":"post-1501","1":"product","2":"type-product","3":"status-publish","4":"has-post-thumbnail","6":"product_cat-sykkelstativ-sykkelpullert","7":"pa_forankring-for-fastbolting-pa-bakkeniva","8":"pa_forankring-nedstopingsror","10":"first","11":"instock","12":"purchasable","13":"product-type-variable"},"acf":[],"yoast_head":"<!-- This site is optimized with the Yoast SEO plugin v27.2 - https:\/\/yoast.com\/product\/yoast-seo-wordpress\/ -->\n<title>Diskr\u00e9 sykkelpullert LUX - Cyklos | Norge<\/title>\n<meta name=\"description\" content=\"Sykkelpullert med plass for to sykler. Kan brukes som \u201dvanlig\u201d pullert. Et diskr\u00e9 formspr\u00e5k med mulighet for fastl\u00e5sing av syklene.\" \/>\n<meta name=\"robots\" content=\"noindex, follow, max-snippet:-1, max-image-preview:large, max-video-preview:-1\" \/>\n<meta property=\"og:locale\" content=\"nb_NO\" \/>\n<meta property=\"og:type\" content=\"article\" \/>\n<meta property=\"og:title\" content=\"Diskr\u00e9 sykkelpullert LUX - Cyklos | Norge\" \/>\n<meta property=\"og:description\" content=\"Sykkelpullert med plass for to sykler. Kan brukes som \u201dvanlig\u201d pullert. Et diskr\u00e9 formspr\u00e5k med mulighet for fastl\u00e5sing av syklene.\" \/>\n<meta property=\"og:url\" content=\"https:\/\/cyklos.stage.tankbar.cloud\/no\/produkt\/diskre-sykkelpullert-lux\/\" \/>\n<meta property=\"og:site_name\" content=\"Cyklos | Norge\" \/>\n<meta property=\"article:modified_time\" content=\"2023-10-31T09:50:52+00:00\" \/>\n<meta property=\"og:image\" content=\"https:\/\/cyklos.stage.tankbar.cloud\/no\/wp-content\/uploads\/sites\/9\/2018\/08\/sykkelpullert-lux-for-offentlige-milj\u00f8-2.pg_.jpg\" \/>\n\t<meta property=\"og:image:width\" content=\"1801\" \/>\n\t<meta property=\"og:image:height\" content=\"1200\" \/>\n\t<meta property=\"og:image:type\" content=\"image\/jpeg\" \/>\n<meta name=\"twitter:card\" content=\"summary_large_image\" \/>\n<meta name=\"twitter:label1\" content=\"Ansl. lesetid\" \/>\n\t<meta name=\"twitter:data1\" content=\"2 minutter\" \/>\n<script type=\"application\/ld+json\" class=\"yoast-schema-graph\">{\"@context\":\"https:\/\/schema.org\",\"@graph\":[{\"@type\":\"WebPage\",\"@id\":\"https:\/\/cyklos.stage.tankbar.cloud\/no\/produkt\/diskre-sykkelpullert-lux\/\",\"url\":\"https:\/\/cyklos.stage.tankbar.cloud\/no\/produkt\/diskre-sykkelpullert-lux\/\",\"name\":\"Diskr\u00e9 sykkelpullert LUX - Cyklos | Norge\",\"isPartOf\":{\"@id\":\"https:\/\/cyklos.stage.tankbar.cloud\/no\/#website\"},\"primaryImageOfPage\":{\"@id\":\"https:\/\/cyklos.stage.tankbar.cloud\/no\/produkt\/diskre-sykkelpullert-lux\/#primaryimage\"},\"image\":{\"@id\":\"https:\/\/cyklos.stage.tankbar.cloud\/no\/produkt\/diskre-sykkelpullert-lux\/#primaryimage\"},\"thumbnailUrl\":\"https:\/\/www.cyklos.se\/wp-content\/uploads\/sites\/9\/2018\/08\/sykkelpullert-lux-for-offentlige-milj\u00f8-2.pg_.jpg\",\"datePublished\":\"2018-08-13T09:47:02+00:00\",\"dateModified\":\"2023-10-31T09:50:52+00:00\",\"description\":\"Sykkelpullert med plass for to sykler. Kan brukes som \u201dvanlig\u201d pullert. Et diskr\u00e9 formspr\u00e5k med mulighet for fastl\u00e5sing av syklene.\",\"breadcrumb\":{\"@id\":\"https:\/\/cyklos.stage.tankbar.cloud\/no\/produkt\/diskre-sykkelpullert-lux\/#breadcrumb\"},\"inLanguage\":\"nb-NO\",\"potentialAction\":[{\"@type\":\"ReadAction\",\"target\":[\"https:\/\/cyklos.stage.tankbar.cloud\/no\/produkt\/diskre-sykkelpullert-lux\/\"]}]},{\"@type\":\"ImageObject\",\"inLanguage\":\"nb-NO\",\"@id\":\"https:\/\/cyklos.stage.tankbar.cloud\/no\/produkt\/diskre-sykkelpullert-lux\/#primaryimage\",\"url\":\"https:\/\/www.cyklos.se\/wp-content\/uploads\/sites\/9\/2018\/08\/sykkelpullert-lux-for-offentlige-milj\u00f8-2.pg_.jpg\",\"contentUrl\":\"https:\/\/www.cyklos.se\/wp-content\/uploads\/sites\/9\/2018\/08\/sykkelpullert-lux-for-offentlige-milj\u00f8-2.pg_.jpg\",\"width\":1801,\"height\":1200,\"caption\":\"Sykkelpullert med plass for to sykler. Et diskr\u00e9 formspr\u00e5k med mulighet for fastl\u00e5sing av syklene.\"},{\"@type\":\"BreadcrumbList\",\"@id\":\"https:\/\/cyklos.stage.tankbar.cloud\/no\/produkt\/diskre-sykkelpullert-lux\/#breadcrumb\",\"itemListElement\":[{\"@type\":\"ListItem\",\"position\":1,\"name\":\"Home\",\"item\":\"https:\/\/cyklos.stage.tankbar.cloud\/no\/\"},{\"@type\":\"ListItem\",\"position\":2,\"name\":\"Produkter\",\"item\":\"https:\/\/cyklos.stage.tankbar.cloud\/no\/shop\/\"},{\"@type\":\"ListItem\",\"position\":3,\"name\":\"Diskr\u00e9 sykkelpullert LUX\"}]},{\"@type\":\"WebSite\",\"@id\":\"https:\/\/cyklos.stage.tankbar.cloud\/no\/#website\",\"url\":\"https:\/\/cyklos.stage.tankbar.cloud\/no\/\",\"name\":\"Cyklos | Norge\",\"description\":\"Framtidens cykelparkering\",\"potentialAction\":[{\"@type\":\"SearchAction\",\"target\":{\"@type\":\"EntryPoint\",\"urlTemplate\":\"https:\/\/cyklos.stage.tankbar.cloud\/no\/?s={search_term_string}\"},\"query-input\":{\"@type\":\"PropertyValueSpecification\",\"valueRequired\":true,\"valueName\":\"search_term_string\"}}],\"inLanguage\":\"nb-NO\"}]}<\/script>\n<!-- \/ Yoast SEO plugin. -->","yoast_head_json":{"title":"Diskr\u00e9 sykkelpullert LUX - Cyklos | Norge","description":"Sykkelpullert med plass for to sykler. Kan brukes som \u201dvanlig\u201d pullert. Et diskr\u00e9 formspr\u00e5k med mulighet for fastl\u00e5sing av syklene.","robots":{"index":"noindex","follow":"follow","max-snippet":"max-snippet:-1","max-image-preview":"max-image-preview:large","max-video-preview":"max-video-preview:-1"},"og_locale":"nb_NO","og_type":"article","og_title":"Diskr\u00e9 sykkelpullert LUX - Cyklos | Norge","og_description":"Sykkelpullert med plass for to sykler. Kan brukes som \u201dvanlig\u201d pullert. Et diskr\u00e9 formspr\u00e5k med mulighet for fastl\u00e5sing av syklene.","og_url":"https:\/\/cyklos.stage.tankbar.cloud\/no\/produkt\/diskre-sykkelpullert-lux\/","og_site_name":"Cyklos | Norge","article_modified_time":"2023-10-31T09:50:52+00:00","og_image":[{"width":1801,"height":1200,"url":"https:\/\/cyklos.stage.tankbar.cloud\/no\/wp-content\/uploads\/sites\/9\/2018\/08\/sykkelpullert-lux-for-offentlige-milj\u00f8-2.pg_.jpg","type":"image\/jpeg"}],"twitter_card":"summary_large_image","twitter_misc":{"Ansl. lesetid":"2 minutter"},"schema":{"@context":"https:\/\/schema.org","@graph":[{"@type":"WebPage","@id":"https:\/\/cyklos.stage.tankbar.cloud\/no\/produkt\/diskre-sykkelpullert-lux\/","url":"https:\/\/cyklos.stage.tankbar.cloud\/no\/produkt\/diskre-sykkelpullert-lux\/","name":"Diskr\u00e9 sykkelpullert LUX - Cyklos | Norge","isPartOf":{"@id":"https:\/\/cyklos.stage.tankbar.cloud\/no\/#website"},"primaryImageOfPage":{"@id":"https:\/\/cyklos.stage.tankbar.cloud\/no\/produkt\/diskre-sykkelpullert-lux\/#primaryimage"},"image":{"@id":"https:\/\/cyklos.stage.tankbar.cloud\/no\/produkt\/diskre-sykkelpullert-lux\/#primaryimage"},"thumbnailUrl":"https:\/\/www.cyklos.se\/wp-content\/uploads\/sites\/9\/2018\/08\/sykkelpullert-lux-for-offentlige-milj\u00f8-2.pg_.jpg","datePublished":"2018-08-13T09:47:02+00:00","dateModified":"2023-10-31T09:50:52+00:00","description":"Sykkelpullert med plass for to sykler. Kan brukes som \u201dvanlig\u201d pullert. Et diskr\u00e9 formspr\u00e5k med mulighet for fastl\u00e5sing av syklene.","breadcrumb":{"@id":"https:\/\/cyklos.stage.tankbar.cloud\/no\/produkt\/diskre-sykkelpullert-lux\/#breadcrumb"},"inLanguage":"nb-NO","potentialAction":[{"@type":"ReadAction","target":["https:\/\/cyklos.stage.tankbar.cloud\/no\/produkt\/diskre-sykkelpullert-lux\/"]}]},{"@type":"ImageObject","inLanguage":"nb-NO","@id":"https:\/\/cyklos.stage.tankbar.cloud\/no\/produkt\/diskre-sykkelpullert-lux\/#primaryimage","url":"https:\/\/www.cyklos.se\/wp-content\/uploads\/sites\/9\/2018\/08\/sykkelpullert-lux-for-offentlige-milj\u00f8-2.pg_.jpg","contentUrl":"https:\/\/www.cyklos.se\/wp-content\/uploads\/sites\/9\/2018\/08\/sykkelpullert-lux-for-offentlige-milj\u00f8-2.pg_.jpg","width":1801,"height":1200,"caption":"Sykkelpullert med plass for to sykler. Et diskr\u00e9 formspr\u00e5k med mulighet for fastl\u00e5sing av syklene."},{"@type":"BreadcrumbList","@id":"https:\/\/cyklos.stage.tankbar.cloud\/no\/produkt\/diskre-sykkelpullert-lux\/#breadcrumb","itemListElement":[{"@type":"ListItem","position":1,"name":"Home","item":"https:\/\/cyklos.stage.tankbar.cloud\/no\/"},{"@type":"ListItem","position":2,"name":"Produkter","item":"https:\/\/cyklos.stage.tankbar.cloud\/no\/shop\/"},{"@type":"ListItem","position":3,"name":"Diskr\u00e9 sykkelpullert LUX"}]},{"@type":"WebSite","@id":"https:\/\/cyklos.stage.tankbar.cloud\/no\/#website","url":"https:\/\/cyklos.stage.tankbar.cloud\/no\/","name":"Cyklos | Norge","description":"Framtidens cykelparkering","potentialAction":[{"@type":"SearchAction","target":{"@type":"EntryPoint","urlTemplate":"https:\/\/cyklos.stage.tankbar.cloud\/no\/?s={search_term_string}"},"query-input":{"@type":"PropertyValueSpecification","valueRequired":true,"valueName":"search_term_string"}}],"inLanguage":"nb-NO"}]}},"_links":{"self":[{"href":"https:\/\/cyklos.stage.tankbar.cloud\/no\/wp-json\/wp\/v2\/product\/1501","targetHints":{"allow":["GET"]}}],"collection":[{"href":"https:\/\/cyklos.stage.tankbar.cloud\/no\/wp-json\/wp\/v2\/product"}],"about":[{"href":"https:\/\/cyklos.stage.tankbar.cloud\/no\/wp-json\/wp\/v2\/types\/product"}],"replies":[{"embeddable":true,"href":"https:\/\/cyklos.stage.tankbar.cloud\/no\/wp-json\/wp\/v2\/comments?post=1501"}],"wp:featuredmedia":[{"embeddable":true,"href":"https:\/\/cyklos.stage.tankbar.cloud\/no\/wp-json\/wp\/v2\/media\/2253"}],"wp:attachment":[{"href":"https:\/\/cyklos.stage.tankbar.cloud\/no\/wp-json\/wp\/v2\/media?parent=1501"}],"wp:term":[{"taxonomy":"product_brand","embeddable":true,"href":"https:\/\/cyklos.stage.tankbar.cloud\/no\/wp-json\/wp\/v2\/product_brand?post=1501"},{"taxonomy":"product_cat","embeddable":true,"href":"https:\/\/cyklos.stage.tankbar.cloud\/no\/wp-json\/wp\/v2\/product_cat?post=1501"},{"taxonomy":"product_tag","embeddable":true,"href":"https:\/\/cyklos.stage.tankbar.cloud\/no\/wp-json\/wp\/v2\/product_tag?post=1501"}],"curies":[{"name":"wp","href":"https:\/\/api.w.org\/{rel}","templated":true}]}}