{"id":1502,"date":"2018-07-13T13:47:02","date_gmt":"2018-07-13T11:47:02","guid":{"rendered":"http:\/\/cyklos.stage.tankbar.cloud\/no\/no\/produkt\/offentlig-sykkelpumpe-wave-air\/"},"modified":"2023-10-31T11:02:21","modified_gmt":"2023-10-31T10:02:21","slug":"offentlig-sykkelpumpe-wave-air","status":"publish","type":"product","link":"https:\/\/cyklos.stage.tankbar.cloud\/no\/produkt\/offentlig-sykkelpumpe-wave-air\/","title":{"rendered":"Offentlig sykkelpumpe WAVE-AIR"},"content":{"rendered":"<h3><strong>Sikker og universell offentlig sykkelpumpe<\/strong><\/h3>\n<ul>\n<li>St\u00e5lforsterket og h\u00e6rverkssikker h\u00f8ytrykksslange<\/li>\n<li>Multimunnstykke som passer til alle gjengse ventiltyper<\/li>\n<li>LED-belysning (Aut)<\/li>\n<\/ul>\n<h3><strong>Automatisk<\/strong><\/h3>\n<ul>\n<li>Sykkelpumpen aktiveres enkelt og greit via trykknapp<\/li>\n<li>Timerrel\u00e9, kan stilles inn, forh\u00e5ndsinnstilt p\u00e5 15 sekunder<\/li>\n<li>Kvalitetskompressor med overtrykksventil. Frostsikker til -20 \u00b0C<\/li>\n<li>Innebygd timerstyrt kompressor for tilkopling direkte til 230 V tilf\u00f8rsel<\/li>\n<\/ul>\n<h3><strong>Manuell<\/strong><\/h3>\n<ul>\n<li>Sykkelpumpe med fotpedal i rustfritt st\u00e5l \u2013 enkel \u00e5 pumpe med<\/li>\n<li>Klar til bruk direkte ved levering<\/li>\n<\/ul>\n<h3>Sertifiseringer<\/h3>\n<h3><strong><img loading=\"lazy\" decoding=\"async\" class=\"alignnone wp-image-1329\" src=\"https:\/\/www.cyklos.se\/wp-content\/uploads\/sites\/9\/2018\/04\/byggvarubedo\u0308mningen.png\" alt=\"\" width=\"210\" height=\"21\" srcset=\"https:\/\/www.cyklos.se\/wp-content\/uploads\/sites\/9\/2018\/04\/byggvarubedo\u0308mningen.png 400w, https:\/\/www.cyklos.se\/wp-content\/uploads\/sites\/9\/2018\/04\/byggvarubedo\u0308mningen-300x30.png 300w\" sizes=\"auto, (max-width: 210px) 100vw, 210px\" \/><\/strong><\/h3>\n<h3><strong>Design<\/strong><\/h3>\n<ul>\n<li>J Landerholm &amp; P Lund<\/li>\n<\/ul>\n<p>&nbsp;<\/p>\n<p>&nbsp;<\/p>\n","protected":false},"excerpt":{"rendered":"<p>Offentlig sykkelpumpe med moderne design med fokus p\u00e5 driftssikkerhet og eleganse. Konstruert for \u00e5 t\u00e5le det krevende offentlige utemilj\u00f8et. WAVE-AIR f\u00e5s i to versjoner, automatisk og manuell. Den manuelle sykkelpumpen best\u00e5r bl.a. av en pumpesylinder som er spesialutviklet for brannmenn og utrykningspersonell for \u00e5 pumpe opp luftputer ved l\u00f8ft av biler, vegger osv.<\/p>\n","protected":false},"featured_media":829,"comment_status":"closed","ping_status":"closed","template":"","meta":{"_acf_changed":false},"product_brand":[],"product_cat":[278],"product_tag":[],"class_list":{"0":"post-1502","1":"product","2":"type-product","3":"status-publish","4":"has-post-thumbnail","6":"product_cat-sykkelservicestasjon-sykkelpumpe-ladeskap","7":"pa_funktion-wave-air-automatisk-450004","8":"pa_funktion-wave-air-manuell-450005","10":"first","11":"instock","12":"purchasable","13":"product-type-variable"},"acf":[],"yoast_head":"<!-- This site is optimized with the Yoast SEO plugin v27.2 - https:\/\/yoast.com\/product\/yoast-seo-wordpress\/ -->\n<title>Offentlig sykkelpumpe WAVE-AIR - Cyklos | Norge<\/title>\n<meta name=\"description\" content=\"Offentlig sykkelpumpe med moderne design med fokus p\u00e5 driftssikkerhet og eleganse. Konstruert for \u00e5 t\u00e5le det krevende offentlige utemilj\u00f8et.\" \/>\n<meta name=\"robots\" content=\"noindex, follow, max-snippet:-1, max-image-preview:large, max-video-preview:-1\" \/>\n<meta property=\"og:locale\" content=\"nb_NO\" \/>\n<meta property=\"og:type\" content=\"article\" \/>\n<meta property=\"og:title\" content=\"Offentlig sykkelpumpe WAVE-AIR - Cyklos | Norge\" \/>\n<meta property=\"og:description\" content=\"Offentlig sykkelpumpe med moderne design med fokus p\u00e5 driftssikkerhet og eleganse. Konstruert for \u00e5 t\u00e5le det krevende offentlige utemilj\u00f8et.\" \/>\n<meta property=\"og:url\" content=\"https:\/\/cyklos.stage.tankbar.cloud\/no\/produkt\/offentlig-sykkelpumpe-wave-air\/\" \/>\n<meta property=\"og:site_name\" content=\"Cyklos | Norge\" \/>\n<meta property=\"article:modified_time\" content=\"2023-10-31T10:02:21+00:00\" \/>\n<meta property=\"og:image\" content=\"https:\/\/cyklos.stage.tankbar.cloud\/no\/wp-content\/uploads\/sites\/9\/2018\/04\/Cyklos-WAVE-air-Automatisk-2.jpg\" \/>\n\t<meta property=\"og:image:width\" content=\"2200\" \/>\n\t<meta property=\"og:image:height\" content=\"768\" \/>\n\t<meta property=\"og:image:type\" content=\"image\/jpeg\" \/>\n<meta name=\"twitter:card\" content=\"summary_large_image\" \/>\n<meta name=\"twitter:label1\" content=\"Ansl. lesetid\" \/>\n\t<meta name=\"twitter:data1\" content=\"1 minutt\" \/>\n<script type=\"application\/ld+json\" class=\"yoast-schema-graph\">{\"@context\":\"https:\/\/schema.org\",\"@graph\":[{\"@type\":\"WebPage\",\"@id\":\"https:\/\/cyklos.stage.tankbar.cloud\/no\/produkt\/offentlig-sykkelpumpe-wave-air\/\",\"url\":\"https:\/\/cyklos.stage.tankbar.cloud\/no\/produkt\/offentlig-sykkelpumpe-wave-air\/\",\"name\":\"Offentlig sykkelpumpe WAVE-AIR - Cyklos | Norge\",\"isPartOf\":{\"@id\":\"https:\/\/cyklos.stage.tankbar.cloud\/no\/#website\"},\"primaryImageOfPage\":{\"@id\":\"https:\/\/cyklos.stage.tankbar.cloud\/no\/produkt\/offentlig-sykkelpumpe-wave-air\/#primaryimage\"},\"image\":{\"@id\":\"https:\/\/cyklos.stage.tankbar.cloud\/no\/produkt\/offentlig-sykkelpumpe-wave-air\/#primaryimage\"},\"thumbnailUrl\":\"https:\/\/www.cyklos.se\/wp-content\/uploads\/sites\/9\/2018\/04\/Cyklos-WAVE-air-Automatisk-2.jpg\",\"datePublished\":\"2018-07-13T11:47:02+00:00\",\"dateModified\":\"2023-10-31T10:02:21+00:00\",\"description\":\"Offentlig sykkelpumpe med moderne design med fokus p\u00e5 driftssikkerhet og eleganse. Konstruert for \u00e5 t\u00e5le det krevende offentlige utemilj\u00f8et.\",\"breadcrumb\":{\"@id\":\"https:\/\/cyklos.stage.tankbar.cloud\/no\/produkt\/offentlig-sykkelpumpe-wave-air\/#breadcrumb\"},\"inLanguage\":\"nb-NO\",\"potentialAction\":[{\"@type\":\"ReadAction\",\"target\":[\"https:\/\/cyklos.stage.tankbar.cloud\/no\/produkt\/offentlig-sykkelpumpe-wave-air\/\"]}]},{\"@type\":\"ImageObject\",\"inLanguage\":\"nb-NO\",\"@id\":\"https:\/\/cyklos.stage.tankbar.cloud\/no\/produkt\/offentlig-sykkelpumpe-wave-air\/#primaryimage\",\"url\":\"https:\/\/www.cyklos.se\/wp-content\/uploads\/sites\/9\/2018\/04\/Cyklos-WAVE-air-Automatisk-2.jpg\",\"contentUrl\":\"https:\/\/www.cyklos.se\/wp-content\/uploads\/sites\/9\/2018\/04\/Cyklos-WAVE-air-Automatisk-2.jpg\",\"width\":2200,\"height\":768,\"caption\":\"Offentlig sykkelpumpe med fotpedal i rustfritt st\u00e5l \u2013 enkel \u00e5 pumpe med.\"},{\"@type\":\"BreadcrumbList\",\"@id\":\"https:\/\/cyklos.stage.tankbar.cloud\/no\/produkt\/offentlig-sykkelpumpe-wave-air\/#breadcrumb\",\"itemListElement\":[{\"@type\":\"ListItem\",\"position\":1,\"name\":\"Home\",\"item\":\"https:\/\/cyklos.stage.tankbar.cloud\/no\/\"},{\"@type\":\"ListItem\",\"position\":2,\"name\":\"Produkter\",\"item\":\"https:\/\/cyklos.stage.tankbar.cloud\/no\/shop\/\"},{\"@type\":\"ListItem\",\"position\":3,\"name\":\"Offentlig sykkelpumpe WAVE-AIR\"}]},{\"@type\":\"WebSite\",\"@id\":\"https:\/\/cyklos.stage.tankbar.cloud\/no\/#website\",\"url\":\"https:\/\/cyklos.stage.tankbar.cloud\/no\/\",\"name\":\"Cyklos | Norge\",\"description\":\"Framtidens cykelparkering\",\"potentialAction\":[{\"@type\":\"SearchAction\",\"target\":{\"@type\":\"EntryPoint\",\"urlTemplate\":\"https:\/\/cyklos.stage.tankbar.cloud\/no\/?s={search_term_string}\"},\"query-input\":{\"@type\":\"PropertyValueSpecification\",\"valueRequired\":true,\"valueName\":\"search_term_string\"}}],\"inLanguage\":\"nb-NO\"}]}<\/script>\n<!-- \/ Yoast SEO plugin. -->","yoast_head_json":{"title":"Offentlig sykkelpumpe WAVE-AIR - Cyklos | Norge","description":"Offentlig sykkelpumpe med moderne design med fokus p\u00e5 driftssikkerhet og eleganse. Konstruert for \u00e5 t\u00e5le det krevende offentlige utemilj\u00f8et.","robots":{"index":"noindex","follow":"follow","max-snippet":"max-snippet:-1","max-image-preview":"max-image-preview:large","max-video-preview":"max-video-preview:-1"},"og_locale":"nb_NO","og_type":"article","og_title":"Offentlig sykkelpumpe WAVE-AIR - Cyklos | Norge","og_description":"Offentlig sykkelpumpe med moderne design med fokus p\u00e5 driftssikkerhet og eleganse. Konstruert for \u00e5 t\u00e5le det krevende offentlige utemilj\u00f8et.","og_url":"https:\/\/cyklos.stage.tankbar.cloud\/no\/produkt\/offentlig-sykkelpumpe-wave-air\/","og_site_name":"Cyklos | Norge","article_modified_time":"2023-10-31T10:02:21+00:00","og_image":[{"width":2200,"height":768,"url":"https:\/\/cyklos.stage.tankbar.cloud\/no\/wp-content\/uploads\/sites\/9\/2018\/04\/Cyklos-WAVE-air-Automatisk-2.jpg","type":"image\/jpeg"}],"twitter_card":"summary_large_image","twitter_misc":{"Ansl. lesetid":"1 minutt"},"schema":{"@context":"https:\/\/schema.org","@graph":[{"@type":"WebPage","@id":"https:\/\/cyklos.stage.tankbar.cloud\/no\/produkt\/offentlig-sykkelpumpe-wave-air\/","url":"https:\/\/cyklos.stage.tankbar.cloud\/no\/produkt\/offentlig-sykkelpumpe-wave-air\/","name":"Offentlig sykkelpumpe WAVE-AIR - Cyklos | Norge","isPartOf":{"@id":"https:\/\/cyklos.stage.tankbar.cloud\/no\/#website"},"primaryImageOfPage":{"@id":"https:\/\/cyklos.stage.tankbar.cloud\/no\/produkt\/offentlig-sykkelpumpe-wave-air\/#primaryimage"},"image":{"@id":"https:\/\/cyklos.stage.tankbar.cloud\/no\/produkt\/offentlig-sykkelpumpe-wave-air\/#primaryimage"},"thumbnailUrl":"https:\/\/www.cyklos.se\/wp-content\/uploads\/sites\/9\/2018\/04\/Cyklos-WAVE-air-Automatisk-2.jpg","datePublished":"2018-07-13T11:47:02+00:00","dateModified":"2023-10-31T10:02:21+00:00","description":"Offentlig sykkelpumpe med moderne design med fokus p\u00e5 driftssikkerhet og eleganse. Konstruert for \u00e5 t\u00e5le det krevende offentlige utemilj\u00f8et.","breadcrumb":{"@id":"https:\/\/cyklos.stage.tankbar.cloud\/no\/produkt\/offentlig-sykkelpumpe-wave-air\/#breadcrumb"},"inLanguage":"nb-NO","potentialAction":[{"@type":"ReadAction","target":["https:\/\/cyklos.stage.tankbar.cloud\/no\/produkt\/offentlig-sykkelpumpe-wave-air\/"]}]},{"@type":"ImageObject","inLanguage":"nb-NO","@id":"https:\/\/cyklos.stage.tankbar.cloud\/no\/produkt\/offentlig-sykkelpumpe-wave-air\/#primaryimage","url":"https:\/\/www.cyklos.se\/wp-content\/uploads\/sites\/9\/2018\/04\/Cyklos-WAVE-air-Automatisk-2.jpg","contentUrl":"https:\/\/www.cyklos.se\/wp-content\/uploads\/sites\/9\/2018\/04\/Cyklos-WAVE-air-Automatisk-2.jpg","width":2200,"height":768,"caption":"Offentlig sykkelpumpe med fotpedal i rustfritt st\u00e5l \u2013 enkel \u00e5 pumpe med."},{"@type":"BreadcrumbList","@id":"https:\/\/cyklos.stage.tankbar.cloud\/no\/produkt\/offentlig-sykkelpumpe-wave-air\/#breadcrumb","itemListElement":[{"@type":"ListItem","position":1,"name":"Home","item":"https:\/\/cyklos.stage.tankbar.cloud\/no\/"},{"@type":"ListItem","position":2,"name":"Produkter","item":"https:\/\/cyklos.stage.tankbar.cloud\/no\/shop\/"},{"@type":"ListItem","position":3,"name":"Offentlig sykkelpumpe WAVE-AIR"}]},{"@type":"WebSite","@id":"https:\/\/cyklos.stage.tankbar.cloud\/no\/#website","url":"https:\/\/cyklos.stage.tankbar.cloud\/no\/","name":"Cyklos | Norge","description":"Framtidens cykelparkering","potentialAction":[{"@type":"SearchAction","target":{"@type":"EntryPoint","urlTemplate":"https:\/\/cyklos.stage.tankbar.cloud\/no\/?s={search_term_string}"},"query-input":{"@type":"PropertyValueSpecification","valueRequired":true,"valueName":"search_term_string"}}],"inLanguage":"nb-NO"}]}},"_links":{"self":[{"href":"https:\/\/cyklos.stage.tankbar.cloud\/no\/wp-json\/wp\/v2\/product\/1502","targetHints":{"allow":["GET"]}}],"collection":[{"href":"https:\/\/cyklos.stage.tankbar.cloud\/no\/wp-json\/wp\/v2\/product"}],"about":[{"href":"https:\/\/cyklos.stage.tankbar.cloud\/no\/wp-json\/wp\/v2\/types\/product"}],"replies":[{"embeddable":true,"href":"https:\/\/cyklos.stage.tankbar.cloud\/no\/wp-json\/wp\/v2\/comments?post=1502"}],"wp:featuredmedia":[{"embeddable":true,"href":"https:\/\/cyklos.stage.tankbar.cloud\/no\/wp-json\/wp\/v2\/media\/829"}],"wp:attachment":[{"href":"https:\/\/cyklos.stage.tankbar.cloud\/no\/wp-json\/wp\/v2\/media?parent=1502"}],"wp:term":[{"taxonomy":"product_brand","embeddable":true,"href":"https:\/\/cyklos.stage.tankbar.cloud\/no\/wp-json\/wp\/v2\/product_brand?post=1502"},{"taxonomy":"product_cat","embeddable":true,"href":"https:\/\/cyklos.stage.tankbar.cloud\/no\/wp-json\/wp\/v2\/product_cat?post=1502"},{"taxonomy":"product_tag","embeddable":true,"href":"https:\/\/cyklos.stage.tankbar.cloud\/no\/wp-json\/wp\/v2\/product_tag?post=1502"}],"curies":[{"name":"wp","href":"https:\/\/api.w.org\/{rel}","templated":true}]}}