{"id":1503,"date":"2018-07-13T13:47:02","date_gmt":"2018-07-13T11:47:02","guid":{"rendered":"http:\/\/cyklos.stage.tankbar.cloud\/no\/no\/produkt\/offentlig-servicestasjon-care4bikes\/"},"modified":"2024-06-13T12:35:30","modified_gmt":"2024-06-13T10:35:30","slug":"offentlig-servicestasjon-care4bikes","status":"publish","type":"product","link":"https:\/\/cyklos.stage.tankbar.cloud\/no\/produkt\/offentlig-servicestasjon-care4bikes\/","title":{"rendered":"Offentlig servicestasjon CARE4BIKES"},"content":{"rendered":"<h3><strong>Sikker og enkel opphengning<\/strong><\/h3>\n<ul>\n<li>De to armene kan settes p\u00e5 to ulike niv\u00e5er for \u00e5 gi god komfort og ergonomi i riktig arbeidsh\u00f8yde for voksne og barn.<\/li>\n<li>Sykkelen henges opp i stolpen ved behov for service.<\/li>\n<li>Plass for service p\u00e5 2 sykler samtidig.<\/li>\n<\/ul>\n<h3><strong>Manuell sykkelpumpe<\/strong><\/h3>\n<ul>\n<li>Sykkelpumpe med fotpedal i rustfritt st\u00e5l \u2013 enkel \u00e5 pumpe med.<\/li>\n<li>Automatisk sykkelpumpe som et alternativ.<\/li>\n<li>St\u00e5lforsterket og h\u00e6rverkssikker h\u00f8ytrykksslange.<\/li>\n<li>Multimunnstykke som passer til alle gjengse ventiltyper.<\/li>\n<\/ul>\n<h3><strong>Multiverkt\u00f8y<\/strong><\/h3>\n<ul>\n<li>2 multiverkt\u00f8y i rustfritt st\u00e5l<\/li>\n<li>Inneholder: Skiften\u00f8kkel 8, 9, 10 mm. Sekskantn\u00f8kkel 3, 4, 5, 6, og 8 mm. Skrujern 0,8 x 4 mm<\/li>\n<li>Verkt\u00f8yet er montert i en robust 1,5 m rustfri st\u00e5lvaier med balansevekt. Sikrer at verkt\u00f8yet alltid f\u00f8res tilbake i det beskyttede rommet.<\/li>\n<\/ul>\n<h3><strong>Sertifisering<\/strong><\/h3>\n<p><em>CARE4BIKES er godkjent i henhold til Byggvarubed\u00f6mningen\u00ae, en milj\u00f8sertifisering av byggvarer for b\u00e6rekraftig og langsiktig bygging.<\/em><\/p>\n<p><img loading=\"lazy\" decoding=\"async\" class=\"alignnone wp-image-1329\" src=\"https:\/\/www.cyklos.se\/wp-content\/uploads\/sites\/9\/2018\/04\/byggvarubedo\u0308mningen-300x30.png\" alt=\"\" width=\"160\" height=\"16\" srcset=\"https:\/\/www.cyklos.se\/wp-content\/uploads\/sites\/9\/2018\/04\/byggvarubedo\u0308mningen-300x30.png 300w, https:\/\/www.cyklos.se\/wp-content\/uploads\/sites\/9\/2018\/04\/byggvarubedo\u0308mningen.png 400w\" sizes=\"auto, (max-width: 160px) 100vw, 160px\" \/><\/p>\n<p>&nbsp;<\/p>\n<p>&nbsp;<\/p>\n","protected":false},"excerpt":{"rendered":"<p>En servicestasjon med b\u00e5de sykkelpumpe og multiverkt\u00f8y for sykler i offentlig utemilj\u00f8. Passer i byer, kommuner, borettslag eller andre foretak og virksomheter som vil gi ekstra service til syklisten. Hvis dekkene m\u00e5 ha luft eller setet justeres, har CARE4BIKES det verkt\u00f8yet som er n\u00f8dvendig. Den inneholder b\u00e5de den manuelle sykkelpumpen WAVE-AIR med fotpedal samt to multiverkt\u00f8y i rustfritt st\u00e5l med ni ulike muligheter.<\/p>\n","protected":false},"featured_media":4101,"comment_status":"closed","ping_status":"closed","template":"","meta":{"_acf_changed":false},"product_brand":[],"product_cat":[278],"product_tag":[],"class_list":{"0":"post-1503","1":"product","2":"type-product","3":"status-publish","4":"has-post-thumbnail","6":"product_cat-sykkelservicestasjon-sykkelpumpe-ladeskap","7":"pa_forankring-modul-for-nedstoping-fas-som-ekstrautstyr","9":"first","10":"instock","11":"purchasable","12":"product-type-variable"},"acf":[],"yoast_head":"<!-- This site is optimized with the Yoast SEO plugin v27.2 - https:\/\/yoast.com\/product\/yoast-seo-wordpress\/ -->\n<title>Offentlig servicestasjon CARE4BIKES - Cyklos | Norge<\/title>\n<meta name=\"description\" content=\"Servicestasjon med b\u00e5de sykkelpumpe og multiverkt\u00f8y for sykler i offentlig utemilj\u00f8. Passer i byer, kommuner, borettslag eller andre foretak.\" \/>\n<meta name=\"robots\" content=\"noindex, follow, max-snippet:-1, max-image-preview:large, max-video-preview:-1\" \/>\n<meta property=\"og:locale\" content=\"nb_NO\" \/>\n<meta property=\"og:type\" content=\"article\" \/>\n<meta property=\"og:title\" content=\"Offentlig servicestasjon CARE4BIKES - Cyklos | Norge\" \/>\n<meta property=\"og:description\" content=\"Servicestasjon med b\u00e5de sykkelpumpe og multiverkt\u00f8y for sykler i offentlig utemilj\u00f8. Passer i byer, kommuner, borettslag eller andre foretak.\" \/>\n<meta property=\"og:url\" content=\"https:\/\/cyklos.stage.tankbar.cloud\/no\/produkt\/offentlig-servicestasjon-care4bikes\/\" \/>\n<meta property=\"og:site_name\" content=\"Cyklos | Norge\" \/>\n<meta property=\"article:modified_time\" content=\"2024-06-13T10:35:30+00:00\" \/>\n<meta property=\"og:image\" content=\"https:\/\/cyklos.stage.tankbar.cloud\/no\/wp-content\/uploads\/sites\/9\/2020\/02\/care4bikes-sykkelservicestasjon.jpg\" \/>\n\t<meta property=\"og:image:width\" content=\"1750\" \/>\n\t<meta property=\"og:image:height\" content=\"1200\" \/>\n\t<meta property=\"og:image:type\" content=\"image\/jpeg\" \/>\n<meta name=\"twitter:card\" content=\"summary_large_image\" \/>\n<meta name=\"twitter:label1\" content=\"Ansl. lesetid\" \/>\n\t<meta name=\"twitter:data1\" content=\"2 minutter\" \/>\n<script type=\"application\/ld+json\" class=\"yoast-schema-graph\">{\"@context\":\"https:\/\/schema.org\",\"@graph\":[{\"@type\":\"WebPage\",\"@id\":\"https:\/\/cyklos.stage.tankbar.cloud\/no\/produkt\/offentlig-servicestasjon-care4bikes\/\",\"url\":\"https:\/\/cyklos.stage.tankbar.cloud\/no\/produkt\/offentlig-servicestasjon-care4bikes\/\",\"name\":\"Offentlig servicestasjon CARE4BIKES - Cyklos | Norge\",\"isPartOf\":{\"@id\":\"https:\/\/cyklos.stage.tankbar.cloud\/no\/#website\"},\"primaryImageOfPage\":{\"@id\":\"https:\/\/cyklos.stage.tankbar.cloud\/no\/produkt\/offentlig-servicestasjon-care4bikes\/#primaryimage\"},\"image\":{\"@id\":\"https:\/\/cyklos.stage.tankbar.cloud\/no\/produkt\/offentlig-servicestasjon-care4bikes\/#primaryimage\"},\"thumbnailUrl\":\"https:\/\/www.cyklos.se\/wp-content\/uploads\/sites\/9\/2020\/02\/care4bikes-sykkelservicestasjon.jpg\",\"datePublished\":\"2018-07-13T11:47:02+00:00\",\"dateModified\":\"2024-06-13T10:35:30+00:00\",\"description\":\"Servicestasjon med b\u00e5de sykkelpumpe og multiverkt\u00f8y for sykler i offentlig utemilj\u00f8. Passer i byer, kommuner, borettslag eller andre foretak.\",\"breadcrumb\":{\"@id\":\"https:\/\/cyklos.stage.tankbar.cloud\/no\/produkt\/offentlig-servicestasjon-care4bikes\/#breadcrumb\"},\"inLanguage\":\"nb-NO\",\"potentialAction\":[{\"@type\":\"ReadAction\",\"target\":[\"https:\/\/cyklos.stage.tankbar.cloud\/no\/produkt\/offentlig-servicestasjon-care4bikes\/\"]}]},{\"@type\":\"ImageObject\",\"inLanguage\":\"nb-NO\",\"@id\":\"https:\/\/cyklos.stage.tankbar.cloud\/no\/produkt\/offentlig-servicestasjon-care4bikes\/#primaryimage\",\"url\":\"https:\/\/www.cyklos.se\/wp-content\/uploads\/sites\/9\/2020\/02\/care4bikes-sykkelservicestasjon.jpg\",\"contentUrl\":\"https:\/\/www.cyklos.se\/wp-content\/uploads\/sites\/9\/2020\/02\/care4bikes-sykkelservicestasjon.jpg\",\"width\":1750,\"height\":1200},{\"@type\":\"BreadcrumbList\",\"@id\":\"https:\/\/cyklos.stage.tankbar.cloud\/no\/produkt\/offentlig-servicestasjon-care4bikes\/#breadcrumb\",\"itemListElement\":[{\"@type\":\"ListItem\",\"position\":1,\"name\":\"Home\",\"item\":\"https:\/\/cyklos.stage.tankbar.cloud\/no\/\"},{\"@type\":\"ListItem\",\"position\":2,\"name\":\"Produkter\",\"item\":\"https:\/\/cyklos.stage.tankbar.cloud\/no\/shop\/\"},{\"@type\":\"ListItem\",\"position\":3,\"name\":\"Offentlig servicestasjon CARE4BIKES\"}]},{\"@type\":\"WebSite\",\"@id\":\"https:\/\/cyklos.stage.tankbar.cloud\/no\/#website\",\"url\":\"https:\/\/cyklos.stage.tankbar.cloud\/no\/\",\"name\":\"Cyklos | Norge\",\"description\":\"Framtidens cykelparkering\",\"potentialAction\":[{\"@type\":\"SearchAction\",\"target\":{\"@type\":\"EntryPoint\",\"urlTemplate\":\"https:\/\/cyklos.stage.tankbar.cloud\/no\/?s={search_term_string}\"},\"query-input\":{\"@type\":\"PropertyValueSpecification\",\"valueRequired\":true,\"valueName\":\"search_term_string\"}}],\"inLanguage\":\"nb-NO\"}]}<\/script>\n<!-- \/ Yoast SEO plugin. -->","yoast_head_json":{"title":"Offentlig servicestasjon CARE4BIKES - Cyklos | Norge","description":"Servicestasjon med b\u00e5de sykkelpumpe og multiverkt\u00f8y for sykler i offentlig utemilj\u00f8. Passer i byer, kommuner, borettslag eller andre foretak.","robots":{"index":"noindex","follow":"follow","max-snippet":"max-snippet:-1","max-image-preview":"max-image-preview:large","max-video-preview":"max-video-preview:-1"},"og_locale":"nb_NO","og_type":"article","og_title":"Offentlig servicestasjon CARE4BIKES - Cyklos | Norge","og_description":"Servicestasjon med b\u00e5de sykkelpumpe og multiverkt\u00f8y for sykler i offentlig utemilj\u00f8. Passer i byer, kommuner, borettslag eller andre foretak.","og_url":"https:\/\/cyklos.stage.tankbar.cloud\/no\/produkt\/offentlig-servicestasjon-care4bikes\/","og_site_name":"Cyklos | Norge","article_modified_time":"2024-06-13T10:35:30+00:00","og_image":[{"width":1750,"height":1200,"url":"https:\/\/cyklos.stage.tankbar.cloud\/no\/wp-content\/uploads\/sites\/9\/2020\/02\/care4bikes-sykkelservicestasjon.jpg","type":"image\/jpeg"}],"twitter_card":"summary_large_image","twitter_misc":{"Ansl. lesetid":"2 minutter"},"schema":{"@context":"https:\/\/schema.org","@graph":[{"@type":"WebPage","@id":"https:\/\/cyklos.stage.tankbar.cloud\/no\/produkt\/offentlig-servicestasjon-care4bikes\/","url":"https:\/\/cyklos.stage.tankbar.cloud\/no\/produkt\/offentlig-servicestasjon-care4bikes\/","name":"Offentlig servicestasjon CARE4BIKES - Cyklos | Norge","isPartOf":{"@id":"https:\/\/cyklos.stage.tankbar.cloud\/no\/#website"},"primaryImageOfPage":{"@id":"https:\/\/cyklos.stage.tankbar.cloud\/no\/produkt\/offentlig-servicestasjon-care4bikes\/#primaryimage"},"image":{"@id":"https:\/\/cyklos.stage.tankbar.cloud\/no\/produkt\/offentlig-servicestasjon-care4bikes\/#primaryimage"},"thumbnailUrl":"https:\/\/www.cyklos.se\/wp-content\/uploads\/sites\/9\/2020\/02\/care4bikes-sykkelservicestasjon.jpg","datePublished":"2018-07-13T11:47:02+00:00","dateModified":"2024-06-13T10:35:30+00:00","description":"Servicestasjon med b\u00e5de sykkelpumpe og multiverkt\u00f8y for sykler i offentlig utemilj\u00f8. Passer i byer, kommuner, borettslag eller andre foretak.","breadcrumb":{"@id":"https:\/\/cyklos.stage.tankbar.cloud\/no\/produkt\/offentlig-servicestasjon-care4bikes\/#breadcrumb"},"inLanguage":"nb-NO","potentialAction":[{"@type":"ReadAction","target":["https:\/\/cyklos.stage.tankbar.cloud\/no\/produkt\/offentlig-servicestasjon-care4bikes\/"]}]},{"@type":"ImageObject","inLanguage":"nb-NO","@id":"https:\/\/cyklos.stage.tankbar.cloud\/no\/produkt\/offentlig-servicestasjon-care4bikes\/#primaryimage","url":"https:\/\/www.cyklos.se\/wp-content\/uploads\/sites\/9\/2020\/02\/care4bikes-sykkelservicestasjon.jpg","contentUrl":"https:\/\/www.cyklos.se\/wp-content\/uploads\/sites\/9\/2020\/02\/care4bikes-sykkelservicestasjon.jpg","width":1750,"height":1200},{"@type":"BreadcrumbList","@id":"https:\/\/cyklos.stage.tankbar.cloud\/no\/produkt\/offentlig-servicestasjon-care4bikes\/#breadcrumb","itemListElement":[{"@type":"ListItem","position":1,"name":"Home","item":"https:\/\/cyklos.stage.tankbar.cloud\/no\/"},{"@type":"ListItem","position":2,"name":"Produkter","item":"https:\/\/cyklos.stage.tankbar.cloud\/no\/shop\/"},{"@type":"ListItem","position":3,"name":"Offentlig servicestasjon CARE4BIKES"}]},{"@type":"WebSite","@id":"https:\/\/cyklos.stage.tankbar.cloud\/no\/#website","url":"https:\/\/cyklos.stage.tankbar.cloud\/no\/","name":"Cyklos | Norge","description":"Framtidens cykelparkering","potentialAction":[{"@type":"SearchAction","target":{"@type":"EntryPoint","urlTemplate":"https:\/\/cyklos.stage.tankbar.cloud\/no\/?s={search_term_string}"},"query-input":{"@type":"PropertyValueSpecification","valueRequired":true,"valueName":"search_term_string"}}],"inLanguage":"nb-NO"}]}},"_links":{"self":[{"href":"https:\/\/cyklos.stage.tankbar.cloud\/no\/wp-json\/wp\/v2\/product\/1503","targetHints":{"allow":["GET"]}}],"collection":[{"href":"https:\/\/cyklos.stage.tankbar.cloud\/no\/wp-json\/wp\/v2\/product"}],"about":[{"href":"https:\/\/cyklos.stage.tankbar.cloud\/no\/wp-json\/wp\/v2\/types\/product"}],"replies":[{"embeddable":true,"href":"https:\/\/cyklos.stage.tankbar.cloud\/no\/wp-json\/wp\/v2\/comments?post=1503"}],"wp:featuredmedia":[{"embeddable":true,"href":"https:\/\/cyklos.stage.tankbar.cloud\/no\/wp-json\/wp\/v2\/media\/4101"}],"wp:attachment":[{"href":"https:\/\/cyklos.stage.tankbar.cloud\/no\/wp-json\/wp\/v2\/media?parent=1503"}],"wp:term":[{"taxonomy":"product_brand","embeddable":true,"href":"https:\/\/cyklos.stage.tankbar.cloud\/no\/wp-json\/wp\/v2\/product_brand?post=1503"},{"taxonomy":"product_cat","embeddable":true,"href":"https:\/\/cyklos.stage.tankbar.cloud\/no\/wp-json\/wp\/v2\/product_cat?post=1503"},{"taxonomy":"product_tag","embeddable":true,"href":"https:\/\/cyklos.stage.tankbar.cloud\/no\/wp-json\/wp\/v2\/product_tag?post=1503"}],"curies":[{"name":"wp","href":"https:\/\/api.w.org\/{rel}","templated":true}]}}