{"id":1504,"date":"2018-07-13T13:47:02","date_gmt":"2018-07-13T11:47:02","guid":{"rendered":"http:\/\/cyklos.stage.tankbar.cloud\/no\/no\/produkt\/sykkeltak-kappa\/"},"modified":"2023-10-31T10:45:00","modified_gmt":"2023-10-31T09:45:00","slug":"sykkeltak-kappa","status":"publish","type":"product","link":"https:\/\/cyklos.stage.tankbar.cloud\/no\/produkt\/sykkeltak-kappa\/","title":{"rendered":"Sykkeltak KAPPA"},"content":{"rendered":"<h3><strong>Beskyttelse<\/strong><\/h3>\n<p>En stabil og p\u00e5litelig konstruksjon, godt utpr\u00f8vd funksjons- og kvalitetsmessig samt designet for \u00e5 gli inn i mange ulike milj\u00f8er. Transparent og UV-bestandig kanalplast som gir syklene god beskyttelse mot regn og sn\u00f8. Et godt sykkeltak for syklene uten \u00e5 hindre syklistenes fremkommelighet i og med den luftige konstruksjonen uten ytterstolpe.<\/p>\n<h3><strong>Muligheter<\/strong><\/h3>\n<p>Anbefales med sykkelstativet DELTA, men kan kombineres med alle v\u00e5re andre sykkelstativ og sykkelpullerter unntatt toetasjesstativer. For toetasjesstativer anbefales <a href=\"https:\/\/cyklos.stage.tankbar.cloud\/no\/produkt\/leskur-light\/\">sykkeltaket LIGHT<\/a>. H\u00e6rverkssikker belysning (LED) og tilpasset betongfundament f\u00e5s som ekstrautstyr. Kanalplasten p\u00e5 taket kan byttes ut med metall eller forberedt for sedum.<\/p>\n<h3>Sertifiseringer<\/h3>\n<h3><img loading=\"lazy\" decoding=\"async\" class=\"alignnone wp-image-1318\" style=\"font-size: 16px;\" src=\"https:\/\/www.cyklos.se\/wp-content\/uploads\/sites\/9\/2018\/06\/EN-1090-157x300.jpg\" alt=\"\" width=\"58\" height=\"111\" srcset=\"https:\/\/www.cyklos.se\/wp-content\/uploads\/sites\/9\/2018\/06\/EN-1090-157x300.jpg 157w, https:\/\/www.cyklos.se\/wp-content\/uploads\/sites\/9\/2018\/06\/EN-1090.jpg 526w\" sizes=\"auto, (max-width: 58px) 100vw, 58px\" \/>\u00a0 \u00a0<img loading=\"lazy\" decoding=\"async\" class=\" wp-image-1040\" src=\"https:\/\/www.cyklos.se\/wp-content\/uploads\/sites\/9\/2018\/06\/ce-mark-300x211.jpg\" alt=\"\" width=\"90\" height=\"63\" srcset=\"https:\/\/www.cyklos.se\/wp-content\/uploads\/sites\/9\/2018\/06\/ce-mark-300x211.jpg 300w, https:\/\/www.cyklos.se\/wp-content\/uploads\/sites\/9\/2018\/06\/ce-mark-768x541.jpg 768w, https:\/\/www.cyklos.se\/wp-content\/uploads\/sites\/9\/2018\/06\/ce-mark-1024x722.jpg 1024w, https:\/\/www.cyklos.se\/wp-content\/uploads\/sites\/9\/2018\/06\/ce-mark-600x423.jpg 600w, https:\/\/www.cyklos.se\/wp-content\/uploads\/sites\/9\/2018\/06\/ce-mark.jpg 1192w\" sizes=\"auto, (max-width: 90px) 100vw, 90px\" \/>\u00a0 <img loading=\"lazy\" decoding=\"async\" class=\"alignnone wp-image-1328\" src=\"https:\/\/www.cyklos.se\/wp-content\/uploads\/sites\/9\/2018\/04\/SundaHus-logo-portrait-RGB-284x300.png\" alt=\"\" width=\"85\" height=\"90\" srcset=\"https:\/\/www.cyklos.se\/wp-content\/uploads\/sites\/9\/2018\/04\/SundaHus-logo-portrait-RGB-284x300.png 284w, https:\/\/www.cyklos.se\/wp-content\/uploads\/sites\/9\/2018\/04\/SundaHus-logo-portrait-RGB.png 492w\" sizes=\"auto, (max-width: 85px) 100vw, 85px\" \/>\u00a0 \u00a0<img loading=\"lazy\" decoding=\"async\" class=\"alignnone wp-image-1329\" src=\"https:\/\/www.cyklos.se\/wp-content\/uploads\/sites\/9\/2018\/04\/byggvarubedo\u0308mningen-300x30.png\" alt=\"\" width=\"180\" height=\"18\" srcset=\"https:\/\/www.cyklos.se\/wp-content\/uploads\/sites\/9\/2018\/04\/byggvarubedo\u0308mningen-300x30.png 300w, https:\/\/www.cyklos.se\/wp-content\/uploads\/sites\/9\/2018\/04\/byggvarubedo\u0308mningen.png 400w\" sizes=\"auto, (max-width: 180px) 100vw, 180px\" \/><\/h3>\n<p id=\"produkt-saknar-svar\">\n","protected":false},"excerpt":{"rendered":"<p>Med markerende takramme, godt lysinnslipp og hensiktsmessig funksjon har sykkeltaket KAPPA blitt et popul\u00e6rt innslag i det offentlige rommet. F\u00f8rst og fremst for \u00e5 beskytte sykler, men ogs\u00e5 for andre form\u00e5l, f.eks. barnevogner, motorsykler osv.<\/p>\n","protected":false},"featured_media":3503,"comment_status":"closed","ping_status":"closed","template":"","meta":{"_acf_changed":false},"product_brand":[],"product_cat":[257],"product_tag":[],"class_list":{"0":"post-1504","1":"product","2":"type-product","3":"status-publish","4":"has-post-thumbnail","6":"product_cat-sykkelhus-sykkeltak","7":"pa_forankring-betongplate","8":"pa_forankring-plasstopt-betongplate","9":"pa_valg-av-seksjon-10-1-cc600","10":"pa_valg-av-seksjon-10-5-cc500","11":"pa_valg-av-seksjon-11-7-cc700","12":"pa_valg-av-seksjon-12-5-cc500","13":"pa_valg-av-seksjon-14-9-cc600","14":"pa_valg-av-seksjon-15-5-cc500","15":"pa_valg-av-seksjon-17-3-cc700","16":"pa_valg-av-seksjon-4-5m-cc500","17":"pa_valg-av-seksjon-5-3-cc600","18":"pa_valg-av-seksjon-5-5m-cc500","19":"pa_valg-av-seksjon-6-0-cc700","20":"pa_valg-av-seksjon-8-5-cc500","22":"first","23":"instock","24":"purchasable","25":"product-type-variable"},"acf":[],"yoast_head":"<!-- This site is optimized with the Yoast SEO plugin v27.2 - https:\/\/yoast.com\/product\/yoast-seo-wordpress\/ -->\n<title>Sykkeltak KAPPA - Cyklos | Norge<\/title>\n<meta name=\"description\" content=\"Med markerende takramme, godt lysinnslipp og hensiktsmessig funksjon har sykkeltaket KAPPA blitt et popul\u00e6rt innslag i det offentlige rommet.\" \/>\n<meta name=\"robots\" content=\"noindex, follow, max-snippet:-1, max-image-preview:large, max-video-preview:-1\" \/>\n<meta property=\"og:locale\" content=\"nb_NO\" \/>\n<meta property=\"og:type\" content=\"article\" \/>\n<meta property=\"og:title\" content=\"Sykkeltak KAPPA - Cyklos | Norge\" \/>\n<meta property=\"og:description\" content=\"Med markerende takramme, godt lysinnslipp og hensiktsmessig funksjon har sykkeltaket KAPPA blitt et popul\u00e6rt innslag i det offentlige rommet.\" \/>\n<meta property=\"og:url\" content=\"https:\/\/cyklos.stage.tankbar.cloud\/no\/produkt\/sykkeltak-kappa\/\" \/>\n<meta property=\"og:site_name\" content=\"Cyklos | Norge\" \/>\n<meta property=\"article:modified_time\" content=\"2023-10-31T09:45:00+00:00\" \/>\n<meta property=\"og:image\" content=\"https:\/\/cyklos.stage.tankbar.cloud\/no\/wp-content\/uploads\/sites\/9\/2019\/10\/sykkeltak-enkelsidet.jpg\" \/>\n\t<meta property=\"og:image:width\" content=\"1833\" \/>\n\t<meta property=\"og:image:height\" content=\"1200\" \/>\n\t<meta property=\"og:image:type\" content=\"image\/jpeg\" \/>\n<meta name=\"twitter:card\" content=\"summary_large_image\" \/>\n<meta name=\"twitter:label1\" content=\"Ansl. lesetid\" \/>\n\t<meta name=\"twitter:data1\" content=\"2 minutter\" \/>\n<script type=\"application\/ld+json\" class=\"yoast-schema-graph\">{\"@context\":\"https:\/\/schema.org\",\"@graph\":[{\"@type\":\"WebPage\",\"@id\":\"https:\/\/cyklos.stage.tankbar.cloud\/no\/produkt\/sykkeltak-kappa\/\",\"url\":\"https:\/\/cyklos.stage.tankbar.cloud\/no\/produkt\/sykkeltak-kappa\/\",\"name\":\"Sykkeltak KAPPA - Cyklos | Norge\",\"isPartOf\":{\"@id\":\"https:\/\/cyklos.stage.tankbar.cloud\/no\/#website\"},\"primaryImageOfPage\":{\"@id\":\"https:\/\/cyklos.stage.tankbar.cloud\/no\/produkt\/sykkeltak-kappa\/#primaryimage\"},\"image\":{\"@id\":\"https:\/\/cyklos.stage.tankbar.cloud\/no\/produkt\/sykkeltak-kappa\/#primaryimage\"},\"thumbnailUrl\":\"https:\/\/www.cyklos.se\/wp-content\/uploads\/sites\/9\/2019\/10\/sykkeltak-enkelsidet.jpg\",\"datePublished\":\"2018-07-13T11:47:02+00:00\",\"dateModified\":\"2023-10-31T09:45:00+00:00\",\"description\":\"Med markerende takramme, godt lysinnslipp og hensiktsmessig funksjon har sykkeltaket KAPPA blitt et popul\u00e6rt innslag i det offentlige rommet.\",\"breadcrumb\":{\"@id\":\"https:\/\/cyklos.stage.tankbar.cloud\/no\/produkt\/sykkeltak-kappa\/#breadcrumb\"},\"inLanguage\":\"nb-NO\",\"potentialAction\":[{\"@type\":\"ReadAction\",\"target\":[\"https:\/\/cyklos.stage.tankbar.cloud\/no\/produkt\/sykkeltak-kappa\/\"]}]},{\"@type\":\"ImageObject\",\"inLanguage\":\"nb-NO\",\"@id\":\"https:\/\/cyklos.stage.tankbar.cloud\/no\/produkt\/sykkeltak-kappa\/#primaryimage\",\"url\":\"https:\/\/www.cyklos.se\/wp-content\/uploads\/sites\/9\/2019\/10\/sykkeltak-enkelsidet.jpg\",\"contentUrl\":\"https:\/\/www.cyklos.se\/wp-content\/uploads\/sites\/9\/2019\/10\/sykkeltak-enkelsidet.jpg\",\"width\":1833,\"height\":1200},{\"@type\":\"BreadcrumbList\",\"@id\":\"https:\/\/cyklos.stage.tankbar.cloud\/no\/produkt\/sykkeltak-kappa\/#breadcrumb\",\"itemListElement\":[{\"@type\":\"ListItem\",\"position\":1,\"name\":\"Home\",\"item\":\"https:\/\/cyklos.stage.tankbar.cloud\/no\/\"},{\"@type\":\"ListItem\",\"position\":2,\"name\":\"Produkter\",\"item\":\"https:\/\/cyklos.stage.tankbar.cloud\/no\/shop\/\"},{\"@type\":\"ListItem\",\"position\":3,\"name\":\"Sykkeltak KAPPA\"}]},{\"@type\":\"WebSite\",\"@id\":\"https:\/\/cyklos.stage.tankbar.cloud\/no\/#website\",\"url\":\"https:\/\/cyklos.stage.tankbar.cloud\/no\/\",\"name\":\"Cyklos | Norge\",\"description\":\"Framtidens cykelparkering\",\"potentialAction\":[{\"@type\":\"SearchAction\",\"target\":{\"@type\":\"EntryPoint\",\"urlTemplate\":\"https:\/\/cyklos.stage.tankbar.cloud\/no\/?s={search_term_string}\"},\"query-input\":{\"@type\":\"PropertyValueSpecification\",\"valueRequired\":true,\"valueName\":\"search_term_string\"}}],\"inLanguage\":\"nb-NO\"}]}<\/script>\n<!-- \/ Yoast SEO plugin. -->","yoast_head_json":{"title":"Sykkeltak KAPPA - Cyklos | Norge","description":"Med markerende takramme, godt lysinnslipp og hensiktsmessig funksjon har sykkeltaket KAPPA blitt et popul\u00e6rt innslag i det offentlige rommet.","robots":{"index":"noindex","follow":"follow","max-snippet":"max-snippet:-1","max-image-preview":"max-image-preview:large","max-video-preview":"max-video-preview:-1"},"og_locale":"nb_NO","og_type":"article","og_title":"Sykkeltak KAPPA - Cyklos | Norge","og_description":"Med markerende takramme, godt lysinnslipp og hensiktsmessig funksjon har sykkeltaket KAPPA blitt et popul\u00e6rt innslag i det offentlige rommet.","og_url":"https:\/\/cyklos.stage.tankbar.cloud\/no\/produkt\/sykkeltak-kappa\/","og_site_name":"Cyklos | Norge","article_modified_time":"2023-10-31T09:45:00+00:00","og_image":[{"width":1833,"height":1200,"url":"https:\/\/cyklos.stage.tankbar.cloud\/no\/wp-content\/uploads\/sites\/9\/2019\/10\/sykkeltak-enkelsidet.jpg","type":"image\/jpeg"}],"twitter_card":"summary_large_image","twitter_misc":{"Ansl. lesetid":"2 minutter"},"schema":{"@context":"https:\/\/schema.org","@graph":[{"@type":"WebPage","@id":"https:\/\/cyklos.stage.tankbar.cloud\/no\/produkt\/sykkeltak-kappa\/","url":"https:\/\/cyklos.stage.tankbar.cloud\/no\/produkt\/sykkeltak-kappa\/","name":"Sykkeltak KAPPA - Cyklos | Norge","isPartOf":{"@id":"https:\/\/cyklos.stage.tankbar.cloud\/no\/#website"},"primaryImageOfPage":{"@id":"https:\/\/cyklos.stage.tankbar.cloud\/no\/produkt\/sykkeltak-kappa\/#primaryimage"},"image":{"@id":"https:\/\/cyklos.stage.tankbar.cloud\/no\/produkt\/sykkeltak-kappa\/#primaryimage"},"thumbnailUrl":"https:\/\/www.cyklos.se\/wp-content\/uploads\/sites\/9\/2019\/10\/sykkeltak-enkelsidet.jpg","datePublished":"2018-07-13T11:47:02+00:00","dateModified":"2023-10-31T09:45:00+00:00","description":"Med markerende takramme, godt lysinnslipp og hensiktsmessig funksjon har sykkeltaket KAPPA blitt et popul\u00e6rt innslag i det offentlige rommet.","breadcrumb":{"@id":"https:\/\/cyklos.stage.tankbar.cloud\/no\/produkt\/sykkeltak-kappa\/#breadcrumb"},"inLanguage":"nb-NO","potentialAction":[{"@type":"ReadAction","target":["https:\/\/cyklos.stage.tankbar.cloud\/no\/produkt\/sykkeltak-kappa\/"]}]},{"@type":"ImageObject","inLanguage":"nb-NO","@id":"https:\/\/cyklos.stage.tankbar.cloud\/no\/produkt\/sykkeltak-kappa\/#primaryimage","url":"https:\/\/www.cyklos.se\/wp-content\/uploads\/sites\/9\/2019\/10\/sykkeltak-enkelsidet.jpg","contentUrl":"https:\/\/www.cyklos.se\/wp-content\/uploads\/sites\/9\/2019\/10\/sykkeltak-enkelsidet.jpg","width":1833,"height":1200},{"@type":"BreadcrumbList","@id":"https:\/\/cyklos.stage.tankbar.cloud\/no\/produkt\/sykkeltak-kappa\/#breadcrumb","itemListElement":[{"@type":"ListItem","position":1,"name":"Home","item":"https:\/\/cyklos.stage.tankbar.cloud\/no\/"},{"@type":"ListItem","position":2,"name":"Produkter","item":"https:\/\/cyklos.stage.tankbar.cloud\/no\/shop\/"},{"@type":"ListItem","position":3,"name":"Sykkeltak KAPPA"}]},{"@type":"WebSite","@id":"https:\/\/cyklos.stage.tankbar.cloud\/no\/#website","url":"https:\/\/cyklos.stage.tankbar.cloud\/no\/","name":"Cyklos | Norge","description":"Framtidens cykelparkering","potentialAction":[{"@type":"SearchAction","target":{"@type":"EntryPoint","urlTemplate":"https:\/\/cyklos.stage.tankbar.cloud\/no\/?s={search_term_string}"},"query-input":{"@type":"PropertyValueSpecification","valueRequired":true,"valueName":"search_term_string"}}],"inLanguage":"nb-NO"}]}},"_links":{"self":[{"href":"https:\/\/cyklos.stage.tankbar.cloud\/no\/wp-json\/wp\/v2\/product\/1504","targetHints":{"allow":["GET"]}}],"collection":[{"href":"https:\/\/cyklos.stage.tankbar.cloud\/no\/wp-json\/wp\/v2\/product"}],"about":[{"href":"https:\/\/cyklos.stage.tankbar.cloud\/no\/wp-json\/wp\/v2\/types\/product"}],"replies":[{"embeddable":true,"href":"https:\/\/cyklos.stage.tankbar.cloud\/no\/wp-json\/wp\/v2\/comments?post=1504"}],"wp:featuredmedia":[{"embeddable":true,"href":"https:\/\/cyklos.stage.tankbar.cloud\/no\/wp-json\/wp\/v2\/media\/3503"}],"wp:attachment":[{"href":"https:\/\/cyklos.stage.tankbar.cloud\/no\/wp-json\/wp\/v2\/media?parent=1504"}],"wp:term":[{"taxonomy":"product_brand","embeddable":true,"href":"https:\/\/cyklos.stage.tankbar.cloud\/no\/wp-json\/wp\/v2\/product_brand?post=1504"},{"taxonomy":"product_cat","embeddable":true,"href":"https:\/\/cyklos.stage.tankbar.cloud\/no\/wp-json\/wp\/v2\/product_cat?post=1504"},{"taxonomy":"product_tag","embeddable":true,"href":"https:\/\/cyklos.stage.tankbar.cloud\/no\/wp-json\/wp\/v2\/product_tag?post=1504"}],"curies":[{"name":"wp","href":"https:\/\/api.w.org\/{rel}","templated":true}]}}