{"id":1505,"date":"2018-07-13T13:47:02","date_gmt":"2018-07-13T11:47:02","guid":{"rendered":"http:\/\/cyklos.stage.tankbar.cloud\/no\/no\/produkt\/dobbeltsidig-sykkeltak-ypsilon\/"},"modified":"2024-01-16T15:11:43","modified_gmt":"2024-01-16T14:11:43","slug":"dobbeltsidig-sykkeltak-ypsilon","status":"publish","type":"product","link":"https:\/\/cyklos.stage.tankbar.cloud\/no\/produkt\/dobbeltsidig-sykkeltak-ypsilon\/","title":{"rendered":"Dobbeltsidig sykkeltak YPSILON"},"content":{"rendered":"<h3><strong>Beskyttelse<\/strong><\/h3>\n<p>En stabil og p\u00e5litelig konstruksjon, godt utpr\u00f8vd funksjons- og kvalitetsmessig samt designet for \u00e5 gli inn i mange ulike milj\u00f8er. Transparent og UV-bestandig kanalplast som gir syklene god beskyttelse mot regn og sn\u00f8. Et godt leskur\/sykkeltak for syklene uten \u00e5 hindre syklistenes fremkommelighet i og med den luftige konstruksjonen uten ytterstolpe.<\/p>\n<h3><strong>Muligheter<\/strong><\/h3>\n<p>Anbefales med sykkelstativet DELTA eller sykkelpullerten BETA, men kan kombineres med alle v\u00e5re andre sykkelstativ og sykkelpullerter unntatt toetasjesstativer. For toetasjesstativer anbefales\u00a0<a href=\"https:\/\/cyklos.stage.tankbar.cloud\/no\/produkt\/leskur-light\/\">sykkeltaket LIGHT<\/a>. H\u00e6rverkssikker belysning (LED) og tilpasset betongfundament f\u00e5s som ekstrautstyr.<\/p>\n<h3><strong>Sertifiseringer<\/strong><\/h3>\n<p><img loading=\"lazy\" decoding=\"async\" class=\"alignnone wp-image-1318\" src=\"https:\/\/www.cyklos.se\/wp-content\/uploads\/sites\/9\/2018\/06\/EN-1090-157x300.jpg\" alt=\"\" width=\"58\" height=\"111\" srcset=\"https:\/\/www.cyklos.se\/wp-content\/uploads\/sites\/9\/2018\/06\/EN-1090-157x300.jpg 157w, https:\/\/www.cyklos.se\/wp-content\/uploads\/sites\/9\/2018\/06\/EN-1090.jpg 526w\" sizes=\"auto, (max-width: 58px) 100vw, 58px\" \/><img loading=\"lazy\" decoding=\"async\" class=\" wp-image-1040\" src=\"https:\/\/www.cyklos.se\/wp-content\/uploads\/sites\/9\/2018\/06\/ce-mark-300x211.jpg\" alt=\"\" width=\"88\" height=\"62\" srcset=\"https:\/\/www.cyklos.se\/wp-content\/uploads\/sites\/9\/2018\/06\/ce-mark-300x211.jpg 300w, https:\/\/www.cyklos.se\/wp-content\/uploads\/sites\/9\/2018\/06\/ce-mark-768x541.jpg 768w, https:\/\/www.cyklos.se\/wp-content\/uploads\/sites\/9\/2018\/06\/ce-mark-1024x722.jpg 1024w, https:\/\/www.cyklos.se\/wp-content\/uploads\/sites\/9\/2018\/06\/ce-mark-600x423.jpg 600w, https:\/\/www.cyklos.se\/wp-content\/uploads\/sites\/9\/2018\/06\/ce-mark.jpg 1192w\" sizes=\"auto, (max-width: 88px) 100vw, 88px\" \/><\/p>\n<h3><strong>Design<\/strong><\/h3>\n<p>S Toll &amp; S-E Johansson<\/p>\n<h4>Vanlige sp\u00f8rsm\u00e5l<\/h4>\n<p>Er takrammen p\u00e5 YPSILON ferdigmontert? &#8211; Ja, ramme og plasttak leveres ferdigmontert for \u00e5 lette monteringen p\u00e5 stedet.<\/p>\n<p>Kan man f\u00e5 YPSILON med sedum- eller metalltak? &#8211; Nei. I standardutf\u00f8relsen har KAPPA et tak av polykarbonat.<\/p>\n<p>Hvilken belysning kan jeg velge til taket mitt? &#8211; Det finnes b\u00e5de LED-list og LED-armatur Luzern 605 mm.LED-armatur Luzern er mer gedigen og har en kraftigere kvalitet. Imidlertid gir LED-listen godt lys. Det avhenger litt av hva slags niv\u00e5 man \u00f8nsker.<\/p>\n<p>Hvilken farge kan jeg velge til taket mitt? &#8211; Varmforsinket og svart (RAL 9005) er v\u00e5re standardfarger. Vi kan levere leskur i alle RAL-farger, men da blir det en kostnad for stativet.<\/p>\n<p id=\"produkt-saknar-svar\">Har du ikke f\u00e5tt svar p\u00e5 sp\u00f8rsm\u00e5let ditt? &#8211; <a href=\"http:\/\/www.cyklos.no\/kontakt-oss\/\" target=\"_blank\" rel=\"noopener noreferrer\"><u>Kontakt oss<\/u><\/a> eller sjekke inn <a href=\"http:\/\/www.cyklos.no\/kunnskapsbank\/\"><u>kunnskapsbanken<\/u>.<\/a><\/p>\n<p>&nbsp;<\/p>\n","protected":false},"excerpt":{"rendered":"<p>YPSILON sykkeltak er den dobbeltsidige versjonen av KAPPA. Det samme gode lysinnslippet og den samme rasjonelle utformingen, men som effektiv dobbeltparkering. Ofte med DELTA sykkelstativ, men ogs\u00e5 popul\u00e6r med sykkelpullerter som BETA og OMEGA.<\/p>\n","protected":false},"featured_media":2086,"comment_status":"closed","ping_status":"closed","template":"","meta":{"_acf_changed":false},"product_brand":[],"product_cat":[257],"product_tag":[],"class_list":{"0":"post-1505","1":"product","2":"type-product","3":"status-publish","4":"has-post-thumbnail","6":"product_cat-sykkelhus-sykkeltak","7":"pa_forankring-alt-1-betongfundament","8":"pa_forankring-alt-2-betongplate","9":"pa_valg-av-seksjon-10-1-cc600","10":"pa_valg-av-seksjon-10-5-cc500","11":"pa_valg-av-seksjon-11-7-cc700","12":"pa_valg-av-seksjon-12-5-cc500","13":"pa_valg-av-seksjon-14-9-cc600","14":"pa_valg-av-seksjon-15-5-cc500","15":"pa_valg-av-seksjon-17-3-cc700","16":"pa_valg-av-seksjon-4-5m-cc500","17":"pa_valg-av-seksjon-5-3-cc600","18":"pa_valg-av-seksjon-5-5m-cc500","19":"pa_valg-av-seksjon-6-0-cc700","20":"pa_valg-av-seksjon-8-5-cc500","22":"first","23":"instock","24":"purchasable","25":"product-type-variable"},"acf":[],"yoast_head":"<!-- This site is optimized with the Yoast SEO plugin v27.2 - https:\/\/yoast.com\/product\/yoast-seo-wordpress\/ -->\n<title>Dobbeltsidig sykkeltak YPSILON - Cyklos | Norge<\/title>\n<meta name=\"description\" content=\"Dobbeltsidig sykkeltak YPSILON har en stabil konstruksjon, godt utpr\u00f8vd funksjons- og kvalitetsmessig samt designet for \u00e5 gli inn i mange ulike milj\u00f8er.\" \/>\n<meta name=\"robots\" content=\"noindex, follow, max-snippet:-1, max-image-preview:large, max-video-preview:-1\" \/>\n<meta property=\"og:locale\" content=\"nb_NO\" \/>\n<meta property=\"og:type\" content=\"article\" \/>\n<meta property=\"og:title\" content=\"Dobbeltsidig sykkeltak YPSILON - Cyklos | Norge\" \/>\n<meta property=\"og:description\" content=\"Dobbeltsidig sykkeltak YPSILON har en stabil konstruksjon, godt utpr\u00f8vd funksjons- og kvalitetsmessig samt designet for \u00e5 gli inn i mange ulike milj\u00f8er.\" \/>\n<meta property=\"og:url\" content=\"https:\/\/cyklos.stage.tankbar.cloud\/no\/produkt\/dobbeltsidig-sykkeltak-ypsilon\/\" \/>\n<meta property=\"og:site_name\" content=\"Cyklos | Norge\" \/>\n<meta property=\"article:modified_time\" content=\"2024-01-16T14:11:43+00:00\" \/>\n<meta property=\"og:image\" content=\"https:\/\/cyklos.stage.tankbar.cloud\/no\/wp-content\/uploads\/sites\/9\/2018\/07\/DSC0931-kategoribild.jpg\" \/>\n\t<meta property=\"og:image:width\" content=\"1701\" \/>\n\t<meta property=\"og:image:height\" content=\"1134\" \/>\n\t<meta property=\"og:image:type\" content=\"image\/jpeg\" \/>\n<meta name=\"twitter:card\" content=\"summary_large_image\" \/>\n<meta name=\"twitter:label1\" content=\"Ansl. lesetid\" \/>\n\t<meta name=\"twitter:data1\" content=\"2 minutter\" \/>\n<script type=\"application\/ld+json\" class=\"yoast-schema-graph\">{\"@context\":\"https:\/\/schema.org\",\"@graph\":[{\"@type\":\"WebPage\",\"@id\":\"https:\/\/cyklos.stage.tankbar.cloud\/no\/produkt\/dobbeltsidig-sykkeltak-ypsilon\/\",\"url\":\"https:\/\/cyklos.stage.tankbar.cloud\/no\/produkt\/dobbeltsidig-sykkeltak-ypsilon\/\",\"name\":\"Dobbeltsidig sykkeltak YPSILON - Cyklos | Norge\",\"isPartOf\":{\"@id\":\"https:\/\/cyklos.stage.tankbar.cloud\/no\/#website\"},\"primaryImageOfPage\":{\"@id\":\"https:\/\/cyklos.stage.tankbar.cloud\/no\/produkt\/dobbeltsidig-sykkeltak-ypsilon\/#primaryimage\"},\"image\":{\"@id\":\"https:\/\/cyklos.stage.tankbar.cloud\/no\/produkt\/dobbeltsidig-sykkeltak-ypsilon\/#primaryimage\"},\"thumbnailUrl\":\"https:\/\/www.cyklos.se\/wp-content\/uploads\/sites\/9\/2018\/07\/DSC0931-kategoribild.jpg\",\"datePublished\":\"2018-07-13T11:47:02+00:00\",\"dateModified\":\"2024-01-16T14:11:43+00:00\",\"description\":\"Dobbeltsidig sykkeltak YPSILON har en stabil konstruksjon, godt utpr\u00f8vd funksjons- og kvalitetsmessig samt designet for \u00e5 gli inn i mange ulike milj\u00f8er.\",\"breadcrumb\":{\"@id\":\"https:\/\/cyklos.stage.tankbar.cloud\/no\/produkt\/dobbeltsidig-sykkeltak-ypsilon\/#breadcrumb\"},\"inLanguage\":\"nb-NO\",\"potentialAction\":[{\"@type\":\"ReadAction\",\"target\":[\"https:\/\/cyklos.stage.tankbar.cloud\/no\/produkt\/dobbeltsidig-sykkeltak-ypsilon\/\"]}]},{\"@type\":\"ImageObject\",\"inLanguage\":\"nb-NO\",\"@id\":\"https:\/\/cyklos.stage.tankbar.cloud\/no\/produkt\/dobbeltsidig-sykkeltak-ypsilon\/#primaryimage\",\"url\":\"https:\/\/www.cyklos.se\/wp-content\/uploads\/sites\/9\/2018\/07\/DSC0931-kategoribild.jpg\",\"contentUrl\":\"https:\/\/www.cyklos.se\/wp-content\/uploads\/sites\/9\/2018\/07\/DSC0931-kategoribild.jpg\",\"width\":1701,\"height\":1134,\"caption\":\"Dobbeltsidig sykkeltak YPSILON\"},{\"@type\":\"BreadcrumbList\",\"@id\":\"https:\/\/cyklos.stage.tankbar.cloud\/no\/produkt\/dobbeltsidig-sykkeltak-ypsilon\/#breadcrumb\",\"itemListElement\":[{\"@type\":\"ListItem\",\"position\":1,\"name\":\"Home\",\"item\":\"https:\/\/cyklos.stage.tankbar.cloud\/no\/\"},{\"@type\":\"ListItem\",\"position\":2,\"name\":\"Produkter\",\"item\":\"https:\/\/cyklos.stage.tankbar.cloud\/no\/shop\/\"},{\"@type\":\"ListItem\",\"position\":3,\"name\":\"Dobbeltsidig sykkeltak YPSILON\"}]},{\"@type\":\"WebSite\",\"@id\":\"https:\/\/cyklos.stage.tankbar.cloud\/no\/#website\",\"url\":\"https:\/\/cyklos.stage.tankbar.cloud\/no\/\",\"name\":\"Cyklos | Norge\",\"description\":\"Framtidens cykelparkering\",\"potentialAction\":[{\"@type\":\"SearchAction\",\"target\":{\"@type\":\"EntryPoint\",\"urlTemplate\":\"https:\/\/cyklos.stage.tankbar.cloud\/no\/?s={search_term_string}\"},\"query-input\":{\"@type\":\"PropertyValueSpecification\",\"valueRequired\":true,\"valueName\":\"search_term_string\"}}],\"inLanguage\":\"nb-NO\"}]}<\/script>\n<!-- \/ Yoast SEO plugin. -->","yoast_head_json":{"title":"Dobbeltsidig sykkeltak YPSILON - Cyklos | Norge","description":"Dobbeltsidig sykkeltak YPSILON har en stabil konstruksjon, godt utpr\u00f8vd funksjons- og kvalitetsmessig samt designet for \u00e5 gli inn i mange ulike milj\u00f8er.","robots":{"index":"noindex","follow":"follow","max-snippet":"max-snippet:-1","max-image-preview":"max-image-preview:large","max-video-preview":"max-video-preview:-1"},"og_locale":"nb_NO","og_type":"article","og_title":"Dobbeltsidig sykkeltak YPSILON - Cyklos | Norge","og_description":"Dobbeltsidig sykkeltak YPSILON har en stabil konstruksjon, godt utpr\u00f8vd funksjons- og kvalitetsmessig samt designet for \u00e5 gli inn i mange ulike milj\u00f8er.","og_url":"https:\/\/cyklos.stage.tankbar.cloud\/no\/produkt\/dobbeltsidig-sykkeltak-ypsilon\/","og_site_name":"Cyklos | Norge","article_modified_time":"2024-01-16T14:11:43+00:00","og_image":[{"width":1701,"height":1134,"url":"https:\/\/cyklos.stage.tankbar.cloud\/no\/wp-content\/uploads\/sites\/9\/2018\/07\/DSC0931-kategoribild.jpg","type":"image\/jpeg"}],"twitter_card":"summary_large_image","twitter_misc":{"Ansl. lesetid":"2 minutter"},"schema":{"@context":"https:\/\/schema.org","@graph":[{"@type":"WebPage","@id":"https:\/\/cyklos.stage.tankbar.cloud\/no\/produkt\/dobbeltsidig-sykkeltak-ypsilon\/","url":"https:\/\/cyklos.stage.tankbar.cloud\/no\/produkt\/dobbeltsidig-sykkeltak-ypsilon\/","name":"Dobbeltsidig sykkeltak YPSILON - Cyklos | Norge","isPartOf":{"@id":"https:\/\/cyklos.stage.tankbar.cloud\/no\/#website"},"primaryImageOfPage":{"@id":"https:\/\/cyklos.stage.tankbar.cloud\/no\/produkt\/dobbeltsidig-sykkeltak-ypsilon\/#primaryimage"},"image":{"@id":"https:\/\/cyklos.stage.tankbar.cloud\/no\/produkt\/dobbeltsidig-sykkeltak-ypsilon\/#primaryimage"},"thumbnailUrl":"https:\/\/www.cyklos.se\/wp-content\/uploads\/sites\/9\/2018\/07\/DSC0931-kategoribild.jpg","datePublished":"2018-07-13T11:47:02+00:00","dateModified":"2024-01-16T14:11:43+00:00","description":"Dobbeltsidig sykkeltak YPSILON har en stabil konstruksjon, godt utpr\u00f8vd funksjons- og kvalitetsmessig samt designet for \u00e5 gli inn i mange ulike milj\u00f8er.","breadcrumb":{"@id":"https:\/\/cyklos.stage.tankbar.cloud\/no\/produkt\/dobbeltsidig-sykkeltak-ypsilon\/#breadcrumb"},"inLanguage":"nb-NO","potentialAction":[{"@type":"ReadAction","target":["https:\/\/cyklos.stage.tankbar.cloud\/no\/produkt\/dobbeltsidig-sykkeltak-ypsilon\/"]}]},{"@type":"ImageObject","inLanguage":"nb-NO","@id":"https:\/\/cyklos.stage.tankbar.cloud\/no\/produkt\/dobbeltsidig-sykkeltak-ypsilon\/#primaryimage","url":"https:\/\/www.cyklos.se\/wp-content\/uploads\/sites\/9\/2018\/07\/DSC0931-kategoribild.jpg","contentUrl":"https:\/\/www.cyklos.se\/wp-content\/uploads\/sites\/9\/2018\/07\/DSC0931-kategoribild.jpg","width":1701,"height":1134,"caption":"Dobbeltsidig sykkeltak YPSILON"},{"@type":"BreadcrumbList","@id":"https:\/\/cyklos.stage.tankbar.cloud\/no\/produkt\/dobbeltsidig-sykkeltak-ypsilon\/#breadcrumb","itemListElement":[{"@type":"ListItem","position":1,"name":"Home","item":"https:\/\/cyklos.stage.tankbar.cloud\/no\/"},{"@type":"ListItem","position":2,"name":"Produkter","item":"https:\/\/cyklos.stage.tankbar.cloud\/no\/shop\/"},{"@type":"ListItem","position":3,"name":"Dobbeltsidig sykkeltak YPSILON"}]},{"@type":"WebSite","@id":"https:\/\/cyklos.stage.tankbar.cloud\/no\/#website","url":"https:\/\/cyklos.stage.tankbar.cloud\/no\/","name":"Cyklos | Norge","description":"Framtidens cykelparkering","potentialAction":[{"@type":"SearchAction","target":{"@type":"EntryPoint","urlTemplate":"https:\/\/cyklos.stage.tankbar.cloud\/no\/?s={search_term_string}"},"query-input":{"@type":"PropertyValueSpecification","valueRequired":true,"valueName":"search_term_string"}}],"inLanguage":"nb-NO"}]}},"_links":{"self":[{"href":"https:\/\/cyklos.stage.tankbar.cloud\/no\/wp-json\/wp\/v2\/product\/1505","targetHints":{"allow":["GET"]}}],"collection":[{"href":"https:\/\/cyklos.stage.tankbar.cloud\/no\/wp-json\/wp\/v2\/product"}],"about":[{"href":"https:\/\/cyklos.stage.tankbar.cloud\/no\/wp-json\/wp\/v2\/types\/product"}],"replies":[{"embeddable":true,"href":"https:\/\/cyklos.stage.tankbar.cloud\/no\/wp-json\/wp\/v2\/comments?post=1505"}],"wp:featuredmedia":[{"embeddable":true,"href":"https:\/\/cyklos.stage.tankbar.cloud\/no\/wp-json\/wp\/v2\/media\/2086"}],"wp:attachment":[{"href":"https:\/\/cyklos.stage.tankbar.cloud\/no\/wp-json\/wp\/v2\/media?parent=1505"}],"wp:term":[{"taxonomy":"product_brand","embeddable":true,"href":"https:\/\/cyklos.stage.tankbar.cloud\/no\/wp-json\/wp\/v2\/product_brand?post=1505"},{"taxonomy":"product_cat","embeddable":true,"href":"https:\/\/cyklos.stage.tankbar.cloud\/no\/wp-json\/wp\/v2\/product_cat?post=1505"},{"taxonomy":"product_tag","embeddable":true,"href":"https:\/\/cyklos.stage.tankbar.cloud\/no\/wp-json\/wp\/v2\/product_tag?post=1505"}],"curies":[{"name":"wp","href":"https:\/\/api.w.org\/{rel}","templated":true}]}}