{"id":1508,"date":"2018-07-13T13:47:17","date_gmt":"2018-07-13T11:47:17","guid":{"rendered":"http:\/\/cyklos.stage.tankbar.cloud\/no\/no\/produkt\/klassisk-sykkelpullert-beta\/"},"modified":"2023-10-31T10:56:22","modified_gmt":"2023-10-31T09:56:22","slug":"klassisk-sykkelpullert-beta","status":"publish","type":"product","link":"https:\/\/cyklos.stage.tankbar.cloud\/no\/produkt\/klassisk-sykkelpullert-beta\/","title":{"rendered":"Klassisk sykkelpullert BETA"},"content":{"rendered":"<p>&nbsp;<\/p>\n<h4>Stabil og sikker<\/h4>\n<p>Sykkelpullert med plass til to sykler \u2013 en robust og st\u00f8 konstruksjon. Syklisten l\u00e5ser fast rammen i \u201dhjertet\u201d eller med den fastmonterte kjettingen (ekstrautstyr) for sikker fastl\u00e5sing av syklene. I stativets hjerteformede \u00f8vre del er sykkelholderne montert for stabil oppstilling av syklene.<\/p>\n<h4>Funksjon<\/h4>\n<p>BETA skiller seg fra andre sykkelpullerter blant annet ved at \u201dhjertet\u201d skaper et naturlig mellomrom mellom syklene og gir en luftigere parkering. L\u00e5sekjettingen (ekstrautstyr) gir en unik l\u00e5sing av sykkelen. Kan brukes til parkering av MC\/moped. Da bare med kjetting med hver sin pullert ved siden av som monteres langsmed motorsykkelen\/mopeden.<\/p>\n<h4>Design<\/h4>\n<p>Sten Toll<\/p>\n<h4>Forankring<\/h4>\n<p>Alternativ 1 \u2013 Forlenget for nedst\u00f8ping ca. 300 mm<\/p>\n<h4>Materiale<\/h4>\n<p>Alt 1. \u2013 Varmforsinket.<br \/>\nAlt 2. \u2013 Varmforsinket + pulverlakkert i valgfri RAL-farge. Standardfarge svart RAL 9005.<\/p>\n<p>Sykkelholder i \u201dLagopur\u201d, halvhard fleksibel st\u00f8peplast. Kjetting montert med svart krympeplast. Godkjent av Svensk Brand- og S\u00e4kerhetscertifiering AB.<\/p>\n<h4>Sertifiseringer<\/h4>\n<p><img loading=\"lazy\" decoding=\"async\" class=\"alignnone wp-image-1329\" src=\"https:\/\/www.cyklos.se\/wp-content\/uploads\/sites\/9\/2018\/04\/byggvarubedo\u0308mningen.png\" alt=\"\" width=\"230\" height=\"23\" srcset=\"https:\/\/www.cyklos.se\/wp-content\/uploads\/sites\/9\/2018\/04\/byggvarubedo\u0308mningen.png 400w, https:\/\/www.cyklos.se\/wp-content\/uploads\/sites\/9\/2018\/04\/byggvarubedo\u0308mningen-300x30.png 300w\" sizes=\"auto, (max-width: 230px) 100vw, 230px\" \/><\/p>\n<p><img loading=\"lazy\" decoding=\"async\" class=\"alignnone size-full wp-image-1330\" src=\"https:\/\/www.cyklos.se\/wp-content\/uploads\/sites\/9\/2018\/06\/svensktillverkat-572f3164cd3a4b264325f528a8be3992-2.png\" alt=\"\" width=\"186\" height=\"18\" \/><\/p>\n","protected":false},"excerpt":{"rendered":"<p>En klassiker som sykkelstativ og sykkelpullert med ekstra sikkerhet. Sykkelen stilles i holderen eller ved siden av med fastl\u00e5sing i \u201dhjertet\u201d eller l\u00e5sekjettingen (ekstrautstyr). Den \u00f8kte sikkerheten med kjettingen er ofte sv\u00e6rt popul\u00e6r blant syklister og er en enkel og sikker m\u00e5te \u00e5 beskytte seg mot sykkeltyveri p\u00e5.<\/p>\n","protected":false},"featured_media":2230,"comment_status":"closed","ping_status":"closed","template":"","meta":{"_acf_changed":false},"product_brand":[],"product_cat":[261],"product_tag":[],"class_list":{"0":"post-1508","1":"product","2":"type-product","3":"status-publish","4":"has-post-thumbnail","6":"product_cat-sykkelstativ-sykkelpullert","7":"pa_forankring-adapter-betongfundament","8":"pa_forankring-forlenget-for-nedstoping","10":"first","11":"instock","12":"purchasable","13":"product-type-variable"},"acf":[],"yoast_head":"<!-- This site is optimized with the Yoast SEO plugin v27.2 - https:\/\/yoast.com\/product\/yoast-seo-wordpress\/ -->\n<title>Klassisk sykkelpullert BETA - Cyklos | Norge<\/title>\n<meta name=\"description\" content=\"En klassiker som sykkelstativ og sykkelpullert med ekstra sikkerhet. Sykkelen stilles i holderen eller ved siden av med fastl\u00e5sing i \u201dhjertet\u201d.\" \/>\n<meta name=\"robots\" content=\"noindex, follow, max-snippet:-1, max-image-preview:large, max-video-preview:-1\" \/>\n<meta property=\"og:locale\" content=\"nb_NO\" \/>\n<meta property=\"og:type\" content=\"article\" \/>\n<meta property=\"og:title\" content=\"Klassisk sykkelpullert BETA - Cyklos | Norge\" \/>\n<meta property=\"og:description\" content=\"En klassiker som sykkelstativ og sykkelpullert med ekstra sikkerhet. Sykkelen stilles i holderen eller ved siden av med fastl\u00e5sing i \u201dhjertet\u201d.\" \/>\n<meta property=\"og:url\" content=\"https:\/\/cyklos.stage.tankbar.cloud\/no\/produkt\/klassisk-sykkelpullert-beta\/\" \/>\n<meta property=\"og:site_name\" content=\"Cyklos | Norge\" \/>\n<meta property=\"article:modified_time\" content=\"2023-10-31T09:56:22+00:00\" \/>\n<meta property=\"og:image\" content=\"https:\/\/cyklos.stage.tankbar.cloud\/no\/wp-content\/uploads\/sites\/9\/2018\/09\/cyklos-beta-sykkelpullert-4.jpeg\" \/>\n\t<meta property=\"og:image:width\" content=\"2048\" \/>\n\t<meta property=\"og:image:height\" content=\"1152\" \/>\n\t<meta property=\"og:image:type\" content=\"image\/jpeg\" \/>\n<meta name=\"twitter:card\" content=\"summary_large_image\" \/>\n<meta name=\"twitter:label1\" content=\"Ansl. lesetid\" \/>\n\t<meta name=\"twitter:data1\" content=\"2 minutter\" \/>\n<script type=\"application\/ld+json\" class=\"yoast-schema-graph\">{\"@context\":\"https:\/\/schema.org\",\"@graph\":[{\"@type\":\"WebPage\",\"@id\":\"https:\/\/cyklos.stage.tankbar.cloud\/no\/produkt\/klassisk-sykkelpullert-beta\/\",\"url\":\"https:\/\/cyklos.stage.tankbar.cloud\/no\/produkt\/klassisk-sykkelpullert-beta\/\",\"name\":\"Klassisk sykkelpullert BETA - Cyklos | Norge\",\"isPartOf\":{\"@id\":\"https:\/\/cyklos.stage.tankbar.cloud\/no\/#website\"},\"primaryImageOfPage\":{\"@id\":\"https:\/\/cyklos.stage.tankbar.cloud\/no\/produkt\/klassisk-sykkelpullert-beta\/#primaryimage\"},\"image\":{\"@id\":\"https:\/\/cyklos.stage.tankbar.cloud\/no\/produkt\/klassisk-sykkelpullert-beta\/#primaryimage\"},\"thumbnailUrl\":\"https:\/\/www.cyklos.se\/wp-content\/uploads\/sites\/9\/2018\/09\/cyklos-beta-sykkelpullert-4.jpeg\",\"datePublished\":\"2018-07-13T11:47:17+00:00\",\"dateModified\":\"2023-10-31T09:56:22+00:00\",\"description\":\"En klassiker som sykkelstativ og sykkelpullert med ekstra sikkerhet. Sykkelen stilles i holderen eller ved siden av med fastl\u00e5sing i \u201dhjertet\u201d.\",\"breadcrumb\":{\"@id\":\"https:\/\/cyklos.stage.tankbar.cloud\/no\/produkt\/klassisk-sykkelpullert-beta\/#breadcrumb\"},\"inLanguage\":\"nb-NO\",\"potentialAction\":[{\"@type\":\"ReadAction\",\"target\":[\"https:\/\/cyklos.stage.tankbar.cloud\/no\/produkt\/klassisk-sykkelpullert-beta\/\"]}]},{\"@type\":\"ImageObject\",\"inLanguage\":\"nb-NO\",\"@id\":\"https:\/\/cyklos.stage.tankbar.cloud\/no\/produkt\/klassisk-sykkelpullert-beta\/#primaryimage\",\"url\":\"https:\/\/www.cyklos.se\/wp-content\/uploads\/sites\/9\/2018\/09\/cyklos-beta-sykkelpullert-4.jpeg\",\"contentUrl\":\"https:\/\/www.cyklos.se\/wp-content\/uploads\/sites\/9\/2018\/09\/cyklos-beta-sykkelpullert-4.jpeg\",\"width\":2048,\"height\":1152,\"caption\":\"Sykkelstativ og sykkelpullert med ekstra sikkerhet. Sykkelen stilles i holderen eller ved siden av med fastl\u00e5sing i \u201dhjertet\u201d eller l\u00e5sekjettingen.\"},{\"@type\":\"BreadcrumbList\",\"@id\":\"https:\/\/cyklos.stage.tankbar.cloud\/no\/produkt\/klassisk-sykkelpullert-beta\/#breadcrumb\",\"itemListElement\":[{\"@type\":\"ListItem\",\"position\":1,\"name\":\"Home\",\"item\":\"https:\/\/cyklos.stage.tankbar.cloud\/no\/\"},{\"@type\":\"ListItem\",\"position\":2,\"name\":\"Produkter\",\"item\":\"https:\/\/cyklos.stage.tankbar.cloud\/no\/shop\/\"},{\"@type\":\"ListItem\",\"position\":3,\"name\":\"Klassisk sykkelpullert BETA\"}]},{\"@type\":\"WebSite\",\"@id\":\"https:\/\/cyklos.stage.tankbar.cloud\/no\/#website\",\"url\":\"https:\/\/cyklos.stage.tankbar.cloud\/no\/\",\"name\":\"Cyklos | Norge\",\"description\":\"Framtidens cykelparkering\",\"potentialAction\":[{\"@type\":\"SearchAction\",\"target\":{\"@type\":\"EntryPoint\",\"urlTemplate\":\"https:\/\/cyklos.stage.tankbar.cloud\/no\/?s={search_term_string}\"},\"query-input\":{\"@type\":\"PropertyValueSpecification\",\"valueRequired\":true,\"valueName\":\"search_term_string\"}}],\"inLanguage\":\"nb-NO\"}]}<\/script>\n<!-- \/ Yoast SEO plugin. -->","yoast_head_json":{"title":"Klassisk sykkelpullert BETA - Cyklos | Norge","description":"En klassiker som sykkelstativ og sykkelpullert med ekstra sikkerhet. Sykkelen stilles i holderen eller ved siden av med fastl\u00e5sing i \u201dhjertet\u201d.","robots":{"index":"noindex","follow":"follow","max-snippet":"max-snippet:-1","max-image-preview":"max-image-preview:large","max-video-preview":"max-video-preview:-1"},"og_locale":"nb_NO","og_type":"article","og_title":"Klassisk sykkelpullert BETA - Cyklos | Norge","og_description":"En klassiker som sykkelstativ og sykkelpullert med ekstra sikkerhet. Sykkelen stilles i holderen eller ved siden av med fastl\u00e5sing i \u201dhjertet\u201d.","og_url":"https:\/\/cyklos.stage.tankbar.cloud\/no\/produkt\/klassisk-sykkelpullert-beta\/","og_site_name":"Cyklos | Norge","article_modified_time":"2023-10-31T09:56:22+00:00","og_image":[{"width":2048,"height":1152,"url":"https:\/\/cyklos.stage.tankbar.cloud\/no\/wp-content\/uploads\/sites\/9\/2018\/09\/cyklos-beta-sykkelpullert-4.jpeg","type":"image\/jpeg"}],"twitter_card":"summary_large_image","twitter_misc":{"Ansl. lesetid":"2 minutter"},"schema":{"@context":"https:\/\/schema.org","@graph":[{"@type":"WebPage","@id":"https:\/\/cyklos.stage.tankbar.cloud\/no\/produkt\/klassisk-sykkelpullert-beta\/","url":"https:\/\/cyklos.stage.tankbar.cloud\/no\/produkt\/klassisk-sykkelpullert-beta\/","name":"Klassisk sykkelpullert BETA - Cyklos | Norge","isPartOf":{"@id":"https:\/\/cyklos.stage.tankbar.cloud\/no\/#website"},"primaryImageOfPage":{"@id":"https:\/\/cyklos.stage.tankbar.cloud\/no\/produkt\/klassisk-sykkelpullert-beta\/#primaryimage"},"image":{"@id":"https:\/\/cyklos.stage.tankbar.cloud\/no\/produkt\/klassisk-sykkelpullert-beta\/#primaryimage"},"thumbnailUrl":"https:\/\/www.cyklos.se\/wp-content\/uploads\/sites\/9\/2018\/09\/cyklos-beta-sykkelpullert-4.jpeg","datePublished":"2018-07-13T11:47:17+00:00","dateModified":"2023-10-31T09:56:22+00:00","description":"En klassiker som sykkelstativ og sykkelpullert med ekstra sikkerhet. Sykkelen stilles i holderen eller ved siden av med fastl\u00e5sing i \u201dhjertet\u201d.","breadcrumb":{"@id":"https:\/\/cyklos.stage.tankbar.cloud\/no\/produkt\/klassisk-sykkelpullert-beta\/#breadcrumb"},"inLanguage":"nb-NO","potentialAction":[{"@type":"ReadAction","target":["https:\/\/cyklos.stage.tankbar.cloud\/no\/produkt\/klassisk-sykkelpullert-beta\/"]}]},{"@type":"ImageObject","inLanguage":"nb-NO","@id":"https:\/\/cyklos.stage.tankbar.cloud\/no\/produkt\/klassisk-sykkelpullert-beta\/#primaryimage","url":"https:\/\/www.cyklos.se\/wp-content\/uploads\/sites\/9\/2018\/09\/cyklos-beta-sykkelpullert-4.jpeg","contentUrl":"https:\/\/www.cyklos.se\/wp-content\/uploads\/sites\/9\/2018\/09\/cyklos-beta-sykkelpullert-4.jpeg","width":2048,"height":1152,"caption":"Sykkelstativ og sykkelpullert med ekstra sikkerhet. Sykkelen stilles i holderen eller ved siden av med fastl\u00e5sing i \u201dhjertet\u201d eller l\u00e5sekjettingen."},{"@type":"BreadcrumbList","@id":"https:\/\/cyklos.stage.tankbar.cloud\/no\/produkt\/klassisk-sykkelpullert-beta\/#breadcrumb","itemListElement":[{"@type":"ListItem","position":1,"name":"Home","item":"https:\/\/cyklos.stage.tankbar.cloud\/no\/"},{"@type":"ListItem","position":2,"name":"Produkter","item":"https:\/\/cyklos.stage.tankbar.cloud\/no\/shop\/"},{"@type":"ListItem","position":3,"name":"Klassisk sykkelpullert BETA"}]},{"@type":"WebSite","@id":"https:\/\/cyklos.stage.tankbar.cloud\/no\/#website","url":"https:\/\/cyklos.stage.tankbar.cloud\/no\/","name":"Cyklos | Norge","description":"Framtidens cykelparkering","potentialAction":[{"@type":"SearchAction","target":{"@type":"EntryPoint","urlTemplate":"https:\/\/cyklos.stage.tankbar.cloud\/no\/?s={search_term_string}"},"query-input":{"@type":"PropertyValueSpecification","valueRequired":true,"valueName":"search_term_string"}}],"inLanguage":"nb-NO"}]}},"_links":{"self":[{"href":"https:\/\/cyklos.stage.tankbar.cloud\/no\/wp-json\/wp\/v2\/product\/1508","targetHints":{"allow":["GET"]}}],"collection":[{"href":"https:\/\/cyklos.stage.tankbar.cloud\/no\/wp-json\/wp\/v2\/product"}],"about":[{"href":"https:\/\/cyklos.stage.tankbar.cloud\/no\/wp-json\/wp\/v2\/types\/product"}],"replies":[{"embeddable":true,"href":"https:\/\/cyklos.stage.tankbar.cloud\/no\/wp-json\/wp\/v2\/comments?post=1508"}],"wp:featuredmedia":[{"embeddable":true,"href":"https:\/\/cyklos.stage.tankbar.cloud\/no\/wp-json\/wp\/v2\/media\/2230"}],"wp:attachment":[{"href":"https:\/\/cyklos.stage.tankbar.cloud\/no\/wp-json\/wp\/v2\/media?parent=1508"}],"wp:term":[{"taxonomy":"product_brand","embeddable":true,"href":"https:\/\/cyklos.stage.tankbar.cloud\/no\/wp-json\/wp\/v2\/product_brand?post=1508"},{"taxonomy":"product_cat","embeddable":true,"href":"https:\/\/cyklos.stage.tankbar.cloud\/no\/wp-json\/wp\/v2\/product_cat?post=1508"},{"taxonomy":"product_tag","embeddable":true,"href":"https:\/\/cyklos.stage.tankbar.cloud\/no\/wp-json\/wp\/v2\/product_tag?post=1508"}],"curies":[{"name":"wp","href":"https:\/\/api.w.org\/{rel}","templated":true}]}}