{"id":1509,"date":"2018-07-13T13:47:17","date_gmt":"2018-07-13T11:47:17","guid":{"rendered":"http:\/\/cyklos.stage.tankbar.cloud\/no\/no\/produkt\/robust-sykkelpullert-omega\/"},"modified":"2023-10-31T10:49:43","modified_gmt":"2023-10-31T09:49:43","slug":"robust-sykkelpullert-omega","status":"publish","type":"product","link":"https:\/\/cyklos.stage.tankbar.cloud\/no\/produkt\/robust-sykkelpullert-omega\/","title":{"rendered":"Robust sykkelpullert OMEGA"},"content":{"rendered":"<h4>Sikker sykkelpullert<\/h4>\n<p>Sykkelpullert med plass til to sykler med en robust og st\u00f8 konstruksjon. Fastl\u00e5sing i den store ringen. Som alternativ kan gummiholder (og l\u00e5sekjetting, se Beta) monteres i stativets ring for stabil oppstilling og ytterligere \u00f8kt sikkerhet for syklene. Begge alternativene gir sv\u00e6rt gode l\u00e5semuligheter i rammen.<\/p>\n<h4>Sykkelpullert som skaper orden<\/h4>\n<p>OMEGA gir f\u00e5 alternativ til plassering av sykkelen og skaper dermed en velordnet sykkelparkering.<\/p>\n<h4>Sertifiseringer<\/h4>\n<p><img loading=\"lazy\" decoding=\"async\" class=\"alignnone wp-image-1330 size-full\" src=\"https:\/\/www.cyklos.se\/wp-content\/uploads\/sites\/9\/2018\/06\/svensktillverkat-572f3164cd3a4b264325f528a8be3992-2.png\" alt=\"\" width=\"186\" height=\"18\" \/><\/p>\n<h4><img loading=\"lazy\" decoding=\"async\" class=\"alignnone wp-image-1329\" src=\"https:\/\/www.cyklos.se\/wp-content\/uploads\/sites\/9\/2018\/04\/byggvarubedo\u0308mningen.png\" alt=\"\" width=\"200\" height=\"20\" srcset=\"https:\/\/www.cyklos.se\/wp-content\/uploads\/sites\/9\/2018\/04\/byggvarubedo\u0308mningen.png 400w, https:\/\/www.cyklos.se\/wp-content\/uploads\/sites\/9\/2018\/04\/byggvarubedo\u0308mningen-300x30.png 300w\" sizes=\"auto, (max-width: 200px) 100vw, 200px\" \/><\/h4>\n<h4>Design<\/h4>\n<p>Sten Toll<\/p>\n<h4>Vanlige sp\u00f8rsm\u00e5l<\/h4>\n<p>Kan man f\u00e5 sykkelpullert OMEGA i ulike farger? &#8211; Ja, begge deler kan f\u00e5s i alle RAL-farger. Standardutf\u00f8relsen er i svart RAL 9005.<\/p>\n<p>Hvor store er de prefabrikkerte fundamentene? &#8211; Sm\u00e5 fundament som brukes til forankring av sykkelstativ OMEGA, er 90 mm dype og veier 70 kg.<\/p>\n<p>Er de prefabrikkerte fundamentene forboret? &#8211; Nei, for \u00e5 gj\u00f8re det lettere ved montering, bores og boltes sykkelstativet eller leskuret fast p\u00e5 stedet.<\/p>\n<p id=\"produkt-saknar-svar\">Har du ikke f\u00e5tt svar p\u00e5 sp\u00f8rsm\u00e5let ditt? &#8211; <a href=\"http:\/\/www.cyklos.no\/kontakt-oss\/\" target=\"_blank\" rel=\"noopener noreferrer\"><u>Kontakt oss<\/u><\/a> eller sjekke inn <a href=\"http:\/\/www.cyklos.no\/kunnskapsbank\/\"><u>kunnskapsbanken<\/u>.<\/a><\/p>\n<p id=\"produkt-saknar-svar\">\n","protected":false},"excerpt":{"rendered":"<p>Enkelt og rasjonelt sykkelstativ og sykkelpullert med god rammel\u00e5sing og to valgmuligheter ved parkering. Enten stilles sykkelen langsmed og heller mot ringen eller i gummiholderen med ringen p\u00e5 tvers. Begge alternativene gir sv\u00e6rt gode muligheter for \u00e5 l\u00e5se fast rammen samtidig som syklene har god st\u00f8tte for \u00e5 st\u00e5 rett.<\/p>\n","protected":false},"featured_media":875,"comment_status":"closed","ping_status":"closed","template":"","meta":{"_acf_changed":false},"product_brand":[],"product_cat":[261],"product_tag":[],"class_list":{"0":"post-1509","1":"product","2":"type-product","3":"status-publish","4":"has-post-thumbnail","6":"product_cat-sykkelstativ-sykkelpullert","7":"pa_forankring-alt-1-adapter-betongfundament","8":"pa_forankring-alt-2-nedstopingsror","9":"pa_typ-av-omega-300377-cyklos-omega-med-holder","10":"pa_typ-av-omega-311815-cyklos-omega-uten-holder","11":"pa_typ-av-omega-313028-cyklos-omega-med-strom-utan-holder","12":"pa_typ-av-omega-313268-cyklos-omega-med-strom-og-holder","14":"first","15":"instock","16":"purchasable","17":"product-type-variable"},"acf":[],"yoast_head":"<!-- This site is optimized with the Yoast SEO plugin v27.2 - https:\/\/yoast.com\/product\/yoast-seo-wordpress\/ -->\n<title>Robust sykkelpullert OMEGA - Cyklos | Norge<\/title>\n<meta name=\"description\" content=\"Sykkelpullert med to stikkontakter for samtidig lading av to elsykler. Stikkontaktene kan ogs\u00e5 f\u00e5s med l\u00e5s\/n\u00f8kkel. Gode l\u00e5semuligheter i rammen.\" \/>\n<meta name=\"robots\" content=\"noindex, follow, max-snippet:-1, max-image-preview:large, max-video-preview:-1\" \/>\n<meta property=\"og:locale\" content=\"nb_NO\" \/>\n<meta property=\"og:type\" content=\"article\" \/>\n<meta property=\"og:title\" content=\"Robust sykkelpullert OMEGA - Cyklos | Norge\" \/>\n<meta property=\"og:description\" content=\"Sykkelpullert med to stikkontakter for samtidig lading av to elsykler. Stikkontaktene kan ogs\u00e5 f\u00e5s med l\u00e5s\/n\u00f8kkel. Gode l\u00e5semuligheter i rammen.\" \/>\n<meta property=\"og:url\" content=\"https:\/\/cyklos.stage.tankbar.cloud\/no\/produkt\/robust-sykkelpullert-omega\/\" \/>\n<meta property=\"og:site_name\" content=\"Cyklos | Norge\" \/>\n<meta property=\"article:modified_time\" content=\"2023-10-31T09:49:43+00:00\" \/>\n<meta property=\"og:image\" content=\"https:\/\/cyklos.stage.tankbar.cloud\/no\/wp-content\/uploads\/sites\/9\/2018\/04\/Omega.61_preview.jpeg\" \/>\n\t<meta property=\"og:image:width\" content=\"2048\" \/>\n\t<meta property=\"og:image:height\" content=\"1152\" \/>\n\t<meta property=\"og:image:type\" content=\"image\/jpeg\" \/>\n<meta name=\"twitter:card\" content=\"summary_large_image\" \/>\n<meta name=\"twitter:label1\" content=\"Ansl. lesetid\" \/>\n\t<meta name=\"twitter:data1\" content=\"2 minutter\" \/>\n<script type=\"application\/ld+json\" class=\"yoast-schema-graph\">{\"@context\":\"https:\/\/schema.org\",\"@graph\":[{\"@type\":\"WebPage\",\"@id\":\"https:\/\/cyklos.stage.tankbar.cloud\/no\/produkt\/robust-sykkelpullert-omega\/\",\"url\":\"https:\/\/cyklos.stage.tankbar.cloud\/no\/produkt\/robust-sykkelpullert-omega\/\",\"name\":\"Robust sykkelpullert OMEGA - Cyklos | Norge\",\"isPartOf\":{\"@id\":\"https:\/\/cyklos.stage.tankbar.cloud\/no\/#website\"},\"primaryImageOfPage\":{\"@id\":\"https:\/\/cyklos.stage.tankbar.cloud\/no\/produkt\/robust-sykkelpullert-omega\/#primaryimage\"},\"image\":{\"@id\":\"https:\/\/cyklos.stage.tankbar.cloud\/no\/produkt\/robust-sykkelpullert-omega\/#primaryimage\"},\"thumbnailUrl\":\"https:\/\/www.cyklos.se\/wp-content\/uploads\/sites\/9\/2018\/04\/Omega.61_preview.jpeg\",\"datePublished\":\"2018-07-13T11:47:17+00:00\",\"dateModified\":\"2023-10-31T09:49:43+00:00\",\"description\":\"Sykkelpullert med to stikkontakter for samtidig lading av to elsykler. Stikkontaktene kan ogs\u00e5 f\u00e5s med l\u00e5s\/n\u00f8kkel. Gode l\u00e5semuligheter i rammen.\",\"breadcrumb\":{\"@id\":\"https:\/\/cyklos.stage.tankbar.cloud\/no\/produkt\/robust-sykkelpullert-omega\/#breadcrumb\"},\"inLanguage\":\"nb-NO\",\"potentialAction\":[{\"@type\":\"ReadAction\",\"target\":[\"https:\/\/cyklos.stage.tankbar.cloud\/no\/produkt\/robust-sykkelpullert-omega\/\"]}]},{\"@type\":\"ImageObject\",\"inLanguage\":\"nb-NO\",\"@id\":\"https:\/\/cyklos.stage.tankbar.cloud\/no\/produkt\/robust-sykkelpullert-omega\/#primaryimage\",\"url\":\"https:\/\/www.cyklos.se\/wp-content\/uploads\/sites\/9\/2018\/04\/Omega.61_preview.jpeg\",\"contentUrl\":\"https:\/\/www.cyklos.se\/wp-content\/uploads\/sites\/9\/2018\/04\/Omega.61_preview.jpeg\",\"width\":2048,\"height\":1152,\"caption\":\"Sykkelpullert med plass til to sykler med en robust og st\u00f8 konstruksjon. Fastl\u00e5sing i den store ringen.\"},{\"@type\":\"BreadcrumbList\",\"@id\":\"https:\/\/cyklos.stage.tankbar.cloud\/no\/produkt\/robust-sykkelpullert-omega\/#breadcrumb\",\"itemListElement\":[{\"@type\":\"ListItem\",\"position\":1,\"name\":\"Home\",\"item\":\"https:\/\/cyklos.stage.tankbar.cloud\/no\/\"},{\"@type\":\"ListItem\",\"position\":2,\"name\":\"Produkter\",\"item\":\"https:\/\/cyklos.stage.tankbar.cloud\/no\/shop\/\"},{\"@type\":\"ListItem\",\"position\":3,\"name\":\"Robust sykkelpullert OMEGA\"}]},{\"@type\":\"WebSite\",\"@id\":\"https:\/\/cyklos.stage.tankbar.cloud\/no\/#website\",\"url\":\"https:\/\/cyklos.stage.tankbar.cloud\/no\/\",\"name\":\"Cyklos | Norge\",\"description\":\"Framtidens cykelparkering\",\"potentialAction\":[{\"@type\":\"SearchAction\",\"target\":{\"@type\":\"EntryPoint\",\"urlTemplate\":\"https:\/\/cyklos.stage.tankbar.cloud\/no\/?s={search_term_string}\"},\"query-input\":{\"@type\":\"PropertyValueSpecification\",\"valueRequired\":true,\"valueName\":\"search_term_string\"}}],\"inLanguage\":\"nb-NO\"}]}<\/script>\n<!-- \/ Yoast SEO plugin. -->","yoast_head_json":{"title":"Robust sykkelpullert OMEGA - Cyklos | Norge","description":"Sykkelpullert med to stikkontakter for samtidig lading av to elsykler. Stikkontaktene kan ogs\u00e5 f\u00e5s med l\u00e5s\/n\u00f8kkel. Gode l\u00e5semuligheter i rammen.","robots":{"index":"noindex","follow":"follow","max-snippet":"max-snippet:-1","max-image-preview":"max-image-preview:large","max-video-preview":"max-video-preview:-1"},"og_locale":"nb_NO","og_type":"article","og_title":"Robust sykkelpullert OMEGA - Cyklos | Norge","og_description":"Sykkelpullert med to stikkontakter for samtidig lading av to elsykler. Stikkontaktene kan ogs\u00e5 f\u00e5s med l\u00e5s\/n\u00f8kkel. Gode l\u00e5semuligheter i rammen.","og_url":"https:\/\/cyklos.stage.tankbar.cloud\/no\/produkt\/robust-sykkelpullert-omega\/","og_site_name":"Cyklos | Norge","article_modified_time":"2023-10-31T09:49:43+00:00","og_image":[{"width":2048,"height":1152,"url":"https:\/\/cyklos.stage.tankbar.cloud\/no\/wp-content\/uploads\/sites\/9\/2018\/04\/Omega.61_preview.jpeg","type":"image\/jpeg"}],"twitter_card":"summary_large_image","twitter_misc":{"Ansl. lesetid":"2 minutter"},"schema":{"@context":"https:\/\/schema.org","@graph":[{"@type":"WebPage","@id":"https:\/\/cyklos.stage.tankbar.cloud\/no\/produkt\/robust-sykkelpullert-omega\/","url":"https:\/\/cyklos.stage.tankbar.cloud\/no\/produkt\/robust-sykkelpullert-omega\/","name":"Robust sykkelpullert OMEGA - Cyklos | Norge","isPartOf":{"@id":"https:\/\/cyklos.stage.tankbar.cloud\/no\/#website"},"primaryImageOfPage":{"@id":"https:\/\/cyklos.stage.tankbar.cloud\/no\/produkt\/robust-sykkelpullert-omega\/#primaryimage"},"image":{"@id":"https:\/\/cyklos.stage.tankbar.cloud\/no\/produkt\/robust-sykkelpullert-omega\/#primaryimage"},"thumbnailUrl":"https:\/\/www.cyklos.se\/wp-content\/uploads\/sites\/9\/2018\/04\/Omega.61_preview.jpeg","datePublished":"2018-07-13T11:47:17+00:00","dateModified":"2023-10-31T09:49:43+00:00","description":"Sykkelpullert med to stikkontakter for samtidig lading av to elsykler. Stikkontaktene kan ogs\u00e5 f\u00e5s med l\u00e5s\/n\u00f8kkel. Gode l\u00e5semuligheter i rammen.","breadcrumb":{"@id":"https:\/\/cyklos.stage.tankbar.cloud\/no\/produkt\/robust-sykkelpullert-omega\/#breadcrumb"},"inLanguage":"nb-NO","potentialAction":[{"@type":"ReadAction","target":["https:\/\/cyklos.stage.tankbar.cloud\/no\/produkt\/robust-sykkelpullert-omega\/"]}]},{"@type":"ImageObject","inLanguage":"nb-NO","@id":"https:\/\/cyklos.stage.tankbar.cloud\/no\/produkt\/robust-sykkelpullert-omega\/#primaryimage","url":"https:\/\/www.cyklos.se\/wp-content\/uploads\/sites\/9\/2018\/04\/Omega.61_preview.jpeg","contentUrl":"https:\/\/www.cyklos.se\/wp-content\/uploads\/sites\/9\/2018\/04\/Omega.61_preview.jpeg","width":2048,"height":1152,"caption":"Sykkelpullert med plass til to sykler med en robust og st\u00f8 konstruksjon. Fastl\u00e5sing i den store ringen."},{"@type":"BreadcrumbList","@id":"https:\/\/cyklos.stage.tankbar.cloud\/no\/produkt\/robust-sykkelpullert-omega\/#breadcrumb","itemListElement":[{"@type":"ListItem","position":1,"name":"Home","item":"https:\/\/cyklos.stage.tankbar.cloud\/no\/"},{"@type":"ListItem","position":2,"name":"Produkter","item":"https:\/\/cyklos.stage.tankbar.cloud\/no\/shop\/"},{"@type":"ListItem","position":3,"name":"Robust sykkelpullert OMEGA"}]},{"@type":"WebSite","@id":"https:\/\/cyklos.stage.tankbar.cloud\/no\/#website","url":"https:\/\/cyklos.stage.tankbar.cloud\/no\/","name":"Cyklos | Norge","description":"Framtidens cykelparkering","potentialAction":[{"@type":"SearchAction","target":{"@type":"EntryPoint","urlTemplate":"https:\/\/cyklos.stage.tankbar.cloud\/no\/?s={search_term_string}"},"query-input":{"@type":"PropertyValueSpecification","valueRequired":true,"valueName":"search_term_string"}}],"inLanguage":"nb-NO"}]}},"_links":{"self":[{"href":"https:\/\/cyklos.stage.tankbar.cloud\/no\/wp-json\/wp\/v2\/product\/1509","targetHints":{"allow":["GET"]}}],"collection":[{"href":"https:\/\/cyklos.stage.tankbar.cloud\/no\/wp-json\/wp\/v2\/product"}],"about":[{"href":"https:\/\/cyklos.stage.tankbar.cloud\/no\/wp-json\/wp\/v2\/types\/product"}],"replies":[{"embeddable":true,"href":"https:\/\/cyklos.stage.tankbar.cloud\/no\/wp-json\/wp\/v2\/comments?post=1509"}],"wp:featuredmedia":[{"embeddable":true,"href":"https:\/\/cyklos.stage.tankbar.cloud\/no\/wp-json\/wp\/v2\/media\/875"}],"wp:attachment":[{"href":"https:\/\/cyklos.stage.tankbar.cloud\/no\/wp-json\/wp\/v2\/media?parent=1509"}],"wp:term":[{"taxonomy":"product_brand","embeddable":true,"href":"https:\/\/cyklos.stage.tankbar.cloud\/no\/wp-json\/wp\/v2\/product_brand?post=1509"},{"taxonomy":"product_cat","embeddable":true,"href":"https:\/\/cyklos.stage.tankbar.cloud\/no\/wp-json\/wp\/v2\/product_cat?post=1509"},{"taxonomy":"product_tag","embeddable":true,"href":"https:\/\/cyklos.stage.tankbar.cloud\/no\/wp-json\/wp\/v2\/product_tag?post=1509"}],"curies":[{"name":"wp","href":"https:\/\/api.w.org\/{rel}","templated":true}]}}