{"id":2847,"date":"2018-09-20T16:38:36","date_gmt":"2018-09-20T14:38:36","guid":{"rendered":"https:\/\/cyklos.stage.tankbar.cloud\/no\/?post_type=product&#038;p=2847"},"modified":"2023-10-31T10:48:45","modified_gmt":"2023-10-31T09:48:45","slug":"optima","status":"publish","type":"product","link":"https:\/\/cyklos.stage.tankbar.cloud\/no\/produkt\/optima\/","title":{"rendered":"OPTIMA"},"content":{"rendered":"<div class=\"page\" title=\"Page 2\">\n<div class=\"section\">\n<div class=\"layoutArea\">\n<div class=\"column\">\n<p><strong>FORM OG FUNKSJON<\/strong><\/p>\n<p>&#8211; Maksimal flateeffektivitet.<\/p>\n<p>&#8211; Fokus pa\u030a komfort og funksjon.<\/p>\n<p>&#8211; Fungerer ba\u030ade innen- og utend\u00f8rs.<\/p>\n<p>&#8211; Sertifisert i henhold til \u201dFietsParKeur\u201d (nederlandsk standard for b\u00e6rekraftig sykkelparkering i offentlige utend\u00f8rsmilj\u00f8er).<\/p>\n<p>&#8211; Velpr\u00f8vd og testet sta\u030alkonstruksjon.<br \/>\n&#8211; Tiltmekanisme med kraftig gassfj\u00e6r for best mulig st\u00f8tte og komfort. &#8211; Hjulrenner for de fleste hjulbredder.<br \/>\n&#8211; \u00d8vre hjulrenne i tykt sta\u030al montert med sikkerhetsfeste.<br \/>\n&#8211; Ha\u030andtak av solid rund aluminium med signalr\u00f8d lakkering.<br \/>\n&#8211; \u00d8vre skinne med tilpasset rullefunksjon for brukervennlig uttrekk.<\/p>\n<p><strong>MULIGHETER<\/strong><\/p>\n<p>&#8211; Tilgjengelig i tre forskjellige dimensjoner i ba\u030ade enkelt- og dobbeltsidig versjon. Velg c\/c 375 mm mellom b\u00f8ylene for maksimal utnyttelsesgrad eller c\/c 400\/500 mm for \u00f8kt komfort.<\/p>\n<p>&#8211; Kan stilles i vinkel pa\u030a 45 eller 60 grader (spesialbestilling).<br \/>\n&#8211; B\u00f8yle for rammela\u030asing for st\u00f8rst mulig sikkerhet og trygghet for syklisten. &#8211; Ogsa\u030a tilgjengelig i pulverlakkert versjon i valgfri farge.<\/p>\n<h3><strong>Sertifiseringer<\/strong><\/h3>\n<p><em>OPTIMA er godkjent i henhold til SundaHus.<\/em><\/p>\n<p><em>OPTIMA er ogs\u00e5 godkjent i henhold til Byggvarubed\u00f6mningen\u00ae, en milj\u00f8sertifisering av byggvarer for b\u00e6rekraftig og langsiktig bygging.<\/em><\/p>\n<p><img loading=\"lazy\" decoding=\"async\" class=\"alignnone wp-image-1328\" src=\"https:\/\/www.cyklos.se\/wp-content\/uploads\/sites\/9\/2018\/04\/SundaHus-logo-portrait-RGB-284x300.png\" sizes=\"auto, (max-width: 88px) 100vw, 88px\" srcset=\"https:\/\/www.cyklos.se\/wp-content\/uploads\/sites\/9\/2018\/04\/SundaHus-logo-portrait-RGB-284x300.png 284w, https:\/\/www.cyklos.se\/wp-content\/uploads\/sites\/9\/2018\/04\/SundaHus-logo-portrait-RGB.png 492w\" alt=\"\" width=\"88\" height=\"93\" \/><\/p>\n<p><img loading=\"lazy\" decoding=\"async\" class=\"alignnone wp-image-1329\" src=\"https:\/\/www.cyklos.se\/wp-content\/uploads\/sites\/9\/2018\/04\/byggvarubedo%CC%88mningen-300x30.png\" sizes=\"auto, (max-width: 160px) 100vw, 160px\" srcset=\"https:\/\/www.cyklos.se\/wp-content\/uploads\/sites\/9\/2018\/04\/byggvarubedo\u0308mningen-300x30.png 300w, https:\/\/www.cyklos.se\/wp-content\/uploads\/sites\/9\/2018\/04\/byggvarubedo\u0308mningen.png 400w\" alt=\"\" width=\"160\" height=\"16\" \/><\/p>\n<p><img loading=\"lazy\" decoding=\"async\" class=\" wp-image-1369\" src=\"https:\/\/www.cyklos.se\/wp-content\/uploads\/sites\/9\/2018\/07\/fietparkeur-logo.png\" alt=\"\" width=\"79\" height=\"65\" srcset=\"https:\/\/www.cyklos.se\/wp-content\/uploads\/sites\/9\/2018\/07\/fietparkeur-logo.png 532w, https:\/\/www.cyklos.se\/wp-content\/uploads\/sites\/9\/2018\/07\/fietparkeur-logo-300x247.png 300w\" sizes=\"auto, (max-width: 79px) 100vw, 79px\" \/><\/p>\n<\/div>\n<\/div>\n<\/div>\n<\/div>\n","protected":false},"excerpt":{"rendered":"<div class=\"page\" title=\"Page 2\">\n<div class=\"section\">\n<div class=\"layoutArea\">\n<div class=\"column\">\n<p>Toetasjesstativet Optima er optimal sykkelparkering pa\u030a sitt beste. Dobbelt sa\u030a mange sykler fa\u030ar plass pa\u030a samme flate som et vanlig sykkelstativ. OPTIMA kan kobles sammen i lange seksjoner uten at sykkelparkeringsplasser ga\u030ar tapt. Den kraftige gassfj\u00e6ren og den lave l\u00f8fteh\u00f8yden pa\u030a forhjulet gj\u00f8r det enkelt a\u030a parkere.<\/p>\n<\/div>\n<\/div>\n<\/div>\n<\/div>\n","protected":false},"featured_media":3962,"comment_status":"closed","ping_status":"closed","template":"","meta":{"_acf_changed":false},"product_brand":[],"product_cat":[261],"product_tag":[],"class_list":{"0":"post-2847","1":"product","2":"type-product","3":"status-publish","4":"has-post-thumbnail","6":"product_cat-sykkelstativ-sykkelpullert","7":"pa_utforelse-dubbelsidig","8":"pa_utforelse-enkelsidig","10":"first","11":"instock","12":"shipping-taxable","13":"purchasable","14":"product-type-variable"},"acf":[],"yoast_head":"<!-- This site is optimized with the Yoast SEO plugin v27.2 - https:\/\/yoast.com\/product\/yoast-seo-wordpress\/ -->\n<title>OPTIMA - Cyklos | Norge<\/title>\n<meta name=\"robots\" content=\"noindex, follow, max-snippet:-1, max-image-preview:large, max-video-preview:-1\" \/>\n<meta property=\"og:locale\" content=\"nb_NO\" \/>\n<meta property=\"og:type\" content=\"article\" \/>\n<meta property=\"og:title\" content=\"OPTIMA - Cyklos | Norge\" \/>\n<meta property=\"og:description\" content=\"Toetasjesstativet Optima er optimal sykkelparkering pa\u030a sitt beste. Dobbelt sa\u030a mange sykler fa\u030ar plass pa\u030a samme flate som et vanlig sykkelstativ. OPTIMA kan kobles sammen i lange seksjoner uten at sykkelparkeringsplasser ga\u030ar tapt. Den kraftige gassfj\u00e6ren og den lave l\u00f8fteh\u00f8yden pa\u030a forhjulet gj\u00f8r det enkelt a\u030a parkere.\" \/>\n<meta property=\"og:url\" content=\"https:\/\/cyklos.stage.tankbar.cloud\/no\/produkt\/optima\/\" \/>\n<meta property=\"og:site_name\" content=\"Cyklos | Norge\" \/>\n<meta property=\"article:modified_time\" content=\"2023-10-31T09:48:45+00:00\" \/>\n<meta property=\"og:image\" content=\"https:\/\/cyklos.stage.tankbar.cloud\/no\/wp-content\/uploads\/sites\/9\/2019\/10\/2-etasjes-stativ-optima-2.jpg\" \/>\n\t<meta property=\"og:image:width\" content=\"1800\" \/>\n\t<meta property=\"og:image:height\" content=\"1200\" \/>\n\t<meta property=\"og:image:type\" content=\"image\/jpeg\" \/>\n<meta name=\"twitter:card\" content=\"summary_large_image\" \/>\n<meta name=\"twitter:label1\" content=\"Ansl. lesetid\" \/>\n\t<meta name=\"twitter:data1\" content=\"2 minutter\" \/>\n<script type=\"application\/ld+json\" class=\"yoast-schema-graph\">{\"@context\":\"https:\/\/schema.org\",\"@graph\":[{\"@type\":\"WebPage\",\"@id\":\"https:\/\/cyklos.stage.tankbar.cloud\/no\/produkt\/optima\/\",\"url\":\"https:\/\/cyklos.stage.tankbar.cloud\/no\/produkt\/optima\/\",\"name\":\"OPTIMA - Cyklos | Norge\",\"isPartOf\":{\"@id\":\"https:\/\/cyklos.stage.tankbar.cloud\/no\/#website\"},\"primaryImageOfPage\":{\"@id\":\"https:\/\/cyklos.stage.tankbar.cloud\/no\/produkt\/optima\/#primaryimage\"},\"image\":{\"@id\":\"https:\/\/cyklos.stage.tankbar.cloud\/no\/produkt\/optima\/#primaryimage\"},\"thumbnailUrl\":\"https:\/\/www.cyklos.se\/wp-content\/uploads\/sites\/9\/2019\/10\/2-etasjes-stativ-optima-2.jpg\",\"datePublished\":\"2018-09-20T14:38:36+00:00\",\"dateModified\":\"2023-10-31T09:48:45+00:00\",\"breadcrumb\":{\"@id\":\"https:\/\/cyklos.stage.tankbar.cloud\/no\/produkt\/optima\/#breadcrumb\"},\"inLanguage\":\"nb-NO\",\"potentialAction\":[{\"@type\":\"ReadAction\",\"target\":[\"https:\/\/cyklos.stage.tankbar.cloud\/no\/produkt\/optima\/\"]}]},{\"@type\":\"ImageObject\",\"inLanguage\":\"nb-NO\",\"@id\":\"https:\/\/cyklos.stage.tankbar.cloud\/no\/produkt\/optima\/#primaryimage\",\"url\":\"https:\/\/www.cyklos.se\/wp-content\/uploads\/sites\/9\/2019\/10\/2-etasjes-stativ-optima-2.jpg\",\"contentUrl\":\"https:\/\/www.cyklos.se\/wp-content\/uploads\/sites\/9\/2019\/10\/2-etasjes-stativ-optima-2.jpg\",\"width\":1800,\"height\":1200},{\"@type\":\"BreadcrumbList\",\"@id\":\"https:\/\/cyklos.stage.tankbar.cloud\/no\/produkt\/optima\/#breadcrumb\",\"itemListElement\":[{\"@type\":\"ListItem\",\"position\":1,\"name\":\"Home\",\"item\":\"https:\/\/cyklos.stage.tankbar.cloud\/no\/\"},{\"@type\":\"ListItem\",\"position\":2,\"name\":\"Produkter\",\"item\":\"https:\/\/cyklos.stage.tankbar.cloud\/no\/shop\/\"},{\"@type\":\"ListItem\",\"position\":3,\"name\":\"OPTIMA\"}]},{\"@type\":\"WebSite\",\"@id\":\"https:\/\/cyklos.stage.tankbar.cloud\/no\/#website\",\"url\":\"https:\/\/cyklos.stage.tankbar.cloud\/no\/\",\"name\":\"Cyklos | Norge\",\"description\":\"Framtidens cykelparkering\",\"potentialAction\":[{\"@type\":\"SearchAction\",\"target\":{\"@type\":\"EntryPoint\",\"urlTemplate\":\"https:\/\/cyklos.stage.tankbar.cloud\/no\/?s={search_term_string}\"},\"query-input\":{\"@type\":\"PropertyValueSpecification\",\"valueRequired\":true,\"valueName\":\"search_term_string\"}}],\"inLanguage\":\"nb-NO\"}]}<\/script>\n<!-- \/ Yoast SEO plugin. -->","yoast_head_json":{"title":"OPTIMA - Cyklos | Norge","robots":{"index":"noindex","follow":"follow","max-snippet":"max-snippet:-1","max-image-preview":"max-image-preview:large","max-video-preview":"max-video-preview:-1"},"og_locale":"nb_NO","og_type":"article","og_title":"OPTIMA - Cyklos | Norge","og_description":"Toetasjesstativet Optima er optimal sykkelparkering pa\u030a sitt beste. Dobbelt sa\u030a mange sykler fa\u030ar plass pa\u030a samme flate som et vanlig sykkelstativ. OPTIMA kan kobles sammen i lange seksjoner uten at sykkelparkeringsplasser ga\u030ar tapt. Den kraftige gassfj\u00e6ren og den lave l\u00f8fteh\u00f8yden pa\u030a forhjulet gj\u00f8r det enkelt a\u030a parkere.","og_url":"https:\/\/cyklos.stage.tankbar.cloud\/no\/produkt\/optima\/","og_site_name":"Cyklos | Norge","article_modified_time":"2023-10-31T09:48:45+00:00","og_image":[{"width":1800,"height":1200,"url":"https:\/\/cyklos.stage.tankbar.cloud\/no\/wp-content\/uploads\/sites\/9\/2019\/10\/2-etasjes-stativ-optima-2.jpg","type":"image\/jpeg"}],"twitter_card":"summary_large_image","twitter_misc":{"Ansl. lesetid":"2 minutter"},"schema":{"@context":"https:\/\/schema.org","@graph":[{"@type":"WebPage","@id":"https:\/\/cyklos.stage.tankbar.cloud\/no\/produkt\/optima\/","url":"https:\/\/cyklos.stage.tankbar.cloud\/no\/produkt\/optima\/","name":"OPTIMA - Cyklos | Norge","isPartOf":{"@id":"https:\/\/cyklos.stage.tankbar.cloud\/no\/#website"},"primaryImageOfPage":{"@id":"https:\/\/cyklos.stage.tankbar.cloud\/no\/produkt\/optima\/#primaryimage"},"image":{"@id":"https:\/\/cyklos.stage.tankbar.cloud\/no\/produkt\/optima\/#primaryimage"},"thumbnailUrl":"https:\/\/www.cyklos.se\/wp-content\/uploads\/sites\/9\/2019\/10\/2-etasjes-stativ-optima-2.jpg","datePublished":"2018-09-20T14:38:36+00:00","dateModified":"2023-10-31T09:48:45+00:00","breadcrumb":{"@id":"https:\/\/cyklos.stage.tankbar.cloud\/no\/produkt\/optima\/#breadcrumb"},"inLanguage":"nb-NO","potentialAction":[{"@type":"ReadAction","target":["https:\/\/cyklos.stage.tankbar.cloud\/no\/produkt\/optima\/"]}]},{"@type":"ImageObject","inLanguage":"nb-NO","@id":"https:\/\/cyklos.stage.tankbar.cloud\/no\/produkt\/optima\/#primaryimage","url":"https:\/\/www.cyklos.se\/wp-content\/uploads\/sites\/9\/2019\/10\/2-etasjes-stativ-optima-2.jpg","contentUrl":"https:\/\/www.cyklos.se\/wp-content\/uploads\/sites\/9\/2019\/10\/2-etasjes-stativ-optima-2.jpg","width":1800,"height":1200},{"@type":"BreadcrumbList","@id":"https:\/\/cyklos.stage.tankbar.cloud\/no\/produkt\/optima\/#breadcrumb","itemListElement":[{"@type":"ListItem","position":1,"name":"Home","item":"https:\/\/cyklos.stage.tankbar.cloud\/no\/"},{"@type":"ListItem","position":2,"name":"Produkter","item":"https:\/\/cyklos.stage.tankbar.cloud\/no\/shop\/"},{"@type":"ListItem","position":3,"name":"OPTIMA"}]},{"@type":"WebSite","@id":"https:\/\/cyklos.stage.tankbar.cloud\/no\/#website","url":"https:\/\/cyklos.stage.tankbar.cloud\/no\/","name":"Cyklos | Norge","description":"Framtidens cykelparkering","potentialAction":[{"@type":"SearchAction","target":{"@type":"EntryPoint","urlTemplate":"https:\/\/cyklos.stage.tankbar.cloud\/no\/?s={search_term_string}"},"query-input":{"@type":"PropertyValueSpecification","valueRequired":true,"valueName":"search_term_string"}}],"inLanguage":"nb-NO"}]}},"_links":{"self":[{"href":"https:\/\/cyklos.stage.tankbar.cloud\/no\/wp-json\/wp\/v2\/product\/2847","targetHints":{"allow":["GET"]}}],"collection":[{"href":"https:\/\/cyklos.stage.tankbar.cloud\/no\/wp-json\/wp\/v2\/product"}],"about":[{"href":"https:\/\/cyklos.stage.tankbar.cloud\/no\/wp-json\/wp\/v2\/types\/product"}],"replies":[{"embeddable":true,"href":"https:\/\/cyklos.stage.tankbar.cloud\/no\/wp-json\/wp\/v2\/comments?post=2847"}],"wp:featuredmedia":[{"embeddable":true,"href":"https:\/\/cyklos.stage.tankbar.cloud\/no\/wp-json\/wp\/v2\/media\/3962"}],"wp:attachment":[{"href":"https:\/\/cyklos.stage.tankbar.cloud\/no\/wp-json\/wp\/v2\/media?parent=2847"}],"wp:term":[{"taxonomy":"product_brand","embeddable":true,"href":"https:\/\/cyklos.stage.tankbar.cloud\/no\/wp-json\/wp\/v2\/product_brand?post=2847"},{"taxonomy":"product_cat","embeddable":true,"href":"https:\/\/cyklos.stage.tankbar.cloud\/no\/wp-json\/wp\/v2\/product_cat?post=2847"},{"taxonomy":"product_tag","embeddable":true,"href":"https:\/\/cyklos.stage.tankbar.cloud\/no\/wp-json\/wp\/v2\/product_tag?post=2847"}],"curies":[{"name":"wp","href":"https:\/\/api.w.org\/{rel}","templated":true}]}}