{"id":4528,"date":"2022-09-09T17:30:29","date_gmt":"2022-09-09T15:30:29","guid":{"rendered":"https:\/\/cyklos.stage.tankbar.cloud\/no\/?post_type=product&#038;p=4528"},"modified":"2023-10-31T10:58:13","modified_gmt":"2023-10-31T09:58:13","slug":"eco-charge-ladeskap","status":"publish","type":"product","link":"https:\/\/cyklos.stage.tankbar.cloud\/no\/produkt\/eco-charge-ladeskap\/","title":{"rendered":"ECO CHARGE ladeskap"},"content":{"rendered":"<div class=\"wpb-content-wrapper\"><p>[vc_row][vc_column][vc_column_text]SPESIFIKASJONER<br \/>\n\u2013 Skapet leveres med sokkel for \u00e5 lette installasjonen.<br \/>\n\u2013 Hyllene er ventilert for \u00e5 sikre riktig milj\u00f8 for batteriene.<br \/>\n\u2013 Den elektriske installasjonen med temperaturkontroll samt jordfeilbryter er plassert i et eget rom.<br \/>\nHvert rom er utstyrt med stikkontakt.<\/p>\n<p>MULIGHETER<br \/>\nSkapet leveres med flere forskjellige l\u00e5sealternativer:<br \/>\n\u2013 N\u00f8kkell\u00e5sing<br \/>\n\u2013 Klinke for hengel\u00e5s<br \/>\n\u2013 Elkodela\u030as<br \/>\n\u2013 RFID-la\u030as[\/vc_column_text][\/vc_column][\/vc_row]<\/p>\n<\/div>","protected":false},"excerpt":{"rendered":"<p>Oppbevaring og lading av opptil \u00e5tte el-sykkelbatterier. Skapet er bygd i rustfritt st\u00e5l med termostatstyrt varmeelement og automatisk drenering. Str\u00f8mkabelen trekkes inn i skapet nedenfra og festes i underlaget. Rommene i skapet er godt ventilert, og de er utstyrt med stikkontakter for tilkobling av ladere.<\/p>\n<p>Kontakt oss p\u00e5 <a href=\"mailto:info@cyklos.no\">info@cyklos.no<\/a> for et tilbud<\/p>\n","protected":false},"featured_media":4539,"comment_status":"closed","ping_status":"closed","template":"","meta":{"_acf_changed":false},"product_brand":[],"product_cat":[278],"product_tag":[],"class_list":{"0":"post-4528","1":"product","2":"type-product","3":"status-publish","4":"has-post-thumbnail","6":"product_cat-sykkelservicestasjon-sykkelpumpe-ladeskap","8":"first","9":"instock","10":"shipping-taxable","11":"product-type-simple"},"acf":[],"yoast_head":"<!-- This site is optimized with the Yoast SEO plugin v27.2 - https:\/\/yoast.com\/product\/yoast-seo-wordpress\/ -->\n<title>ECO CHARGE ladeskap - Cyklos | Norge<\/title>\n<meta name=\"robots\" content=\"noindex, follow, max-snippet:-1, max-image-preview:large, max-video-preview:-1\" \/>\n<meta property=\"og:locale\" content=\"nb_NO\" \/>\n<meta property=\"og:type\" content=\"article\" \/>\n<meta property=\"og:title\" content=\"ECO CHARGE ladeskap - Cyklos | Norge\" \/>\n<meta property=\"og:description\" content=\"Oppbevaring og lading av opptil \u00e5tte el-sykkelbatterier. Skapet er bygd i rustfritt st\u00e5l med termostatstyrt varmeelement og automatisk drenering. Str\u00f8mkabelen trekkes inn i skapet nedenfra og festes i underlaget. Rommene i skapet er godt ventilert, og de er utstyrt med stikkontakter for tilkobling av ladere.  Kontakt oss p\u00e5 info@cyklos.no for et tilbud\" \/>\n<meta property=\"og:url\" content=\"https:\/\/cyklos.stage.tankbar.cloud\/no\/produkt\/eco-charge-ladeskap\/\" \/>\n<meta property=\"og:site_name\" content=\"Cyklos | Norge\" \/>\n<meta property=\"article:modified_time\" content=\"2023-10-31T09:58:13+00:00\" \/>\n<meta property=\"og:image\" content=\"https:\/\/cyklos.stage.tankbar.cloud\/no\/wp-content\/uploads\/sites\/9\/2022\/09\/ladeskap-elsykkel.jpg\" \/>\n\t<meta property=\"og:image:width\" content=\"1600\" \/>\n\t<meta property=\"og:image:height\" content=\"1200\" \/>\n\t<meta property=\"og:image:type\" content=\"image\/jpeg\" \/>\n<meta name=\"twitter:card\" content=\"summary_large_image\" \/>\n<meta name=\"twitter:label1\" content=\"Ansl. lesetid\" \/>\n\t<meta name=\"twitter:data1\" content=\"1 minutt\" \/>\n<script type=\"application\/ld+json\" class=\"yoast-schema-graph\">{\"@context\":\"https:\/\/schema.org\",\"@graph\":[{\"@type\":\"WebPage\",\"@id\":\"https:\/\/cyklos.stage.tankbar.cloud\/no\/produkt\/eco-charge-ladeskap\/\",\"url\":\"https:\/\/cyklos.stage.tankbar.cloud\/no\/produkt\/eco-charge-ladeskap\/\",\"name\":\"ECO CHARGE ladeskap - Cyklos | Norge\",\"isPartOf\":{\"@id\":\"https:\/\/cyklos.stage.tankbar.cloud\/no\/#website\"},\"primaryImageOfPage\":{\"@id\":\"https:\/\/cyklos.stage.tankbar.cloud\/no\/produkt\/eco-charge-ladeskap\/#primaryimage\"},\"image\":{\"@id\":\"https:\/\/cyklos.stage.tankbar.cloud\/no\/produkt\/eco-charge-ladeskap\/#primaryimage\"},\"thumbnailUrl\":\"https:\/\/www.cyklos.se\/wp-content\/uploads\/sites\/9\/2022\/09\/ladeskap-elsykkel.jpg\",\"datePublished\":\"2022-09-09T15:30:29+00:00\",\"dateModified\":\"2023-10-31T09:58:13+00:00\",\"breadcrumb\":{\"@id\":\"https:\/\/cyklos.stage.tankbar.cloud\/no\/produkt\/eco-charge-ladeskap\/#breadcrumb\"},\"inLanguage\":\"nb-NO\",\"potentialAction\":[{\"@type\":\"ReadAction\",\"target\":[\"https:\/\/cyklos.stage.tankbar.cloud\/no\/produkt\/eco-charge-ladeskap\/\"]}]},{\"@type\":\"ImageObject\",\"inLanguage\":\"nb-NO\",\"@id\":\"https:\/\/cyklos.stage.tankbar.cloud\/no\/produkt\/eco-charge-ladeskap\/#primaryimage\",\"url\":\"https:\/\/www.cyklos.se\/wp-content\/uploads\/sites\/9\/2022\/09\/ladeskap-elsykkel.jpg\",\"contentUrl\":\"https:\/\/www.cyklos.se\/wp-content\/uploads\/sites\/9\/2022\/09\/ladeskap-elsykkel.jpg\",\"width\":1600,\"height\":1200},{\"@type\":\"BreadcrumbList\",\"@id\":\"https:\/\/cyklos.stage.tankbar.cloud\/no\/produkt\/eco-charge-ladeskap\/#breadcrumb\",\"itemListElement\":[{\"@type\":\"ListItem\",\"position\":1,\"name\":\"Home\",\"item\":\"https:\/\/cyklos.stage.tankbar.cloud\/no\/\"},{\"@type\":\"ListItem\",\"position\":2,\"name\":\"Produkter\",\"item\":\"https:\/\/cyklos.stage.tankbar.cloud\/no\/shop\/\"},{\"@type\":\"ListItem\",\"position\":3,\"name\":\"ECO CHARGE ladeskap\"}]},{\"@type\":\"WebSite\",\"@id\":\"https:\/\/cyklos.stage.tankbar.cloud\/no\/#website\",\"url\":\"https:\/\/cyklos.stage.tankbar.cloud\/no\/\",\"name\":\"Cyklos | Norge\",\"description\":\"Framtidens cykelparkering\",\"potentialAction\":[{\"@type\":\"SearchAction\",\"target\":{\"@type\":\"EntryPoint\",\"urlTemplate\":\"https:\/\/cyklos.stage.tankbar.cloud\/no\/?s={search_term_string}\"},\"query-input\":{\"@type\":\"PropertyValueSpecification\",\"valueRequired\":true,\"valueName\":\"search_term_string\"}}],\"inLanguage\":\"nb-NO\"}]}<\/script>\n<!-- \/ Yoast SEO plugin. -->","yoast_head_json":{"title":"ECO CHARGE ladeskap - Cyklos | Norge","robots":{"index":"noindex","follow":"follow","max-snippet":"max-snippet:-1","max-image-preview":"max-image-preview:large","max-video-preview":"max-video-preview:-1"},"og_locale":"nb_NO","og_type":"article","og_title":"ECO CHARGE ladeskap - Cyklos | Norge","og_description":"Oppbevaring og lading av opptil \u00e5tte el-sykkelbatterier. Skapet er bygd i rustfritt st\u00e5l med termostatstyrt varmeelement og automatisk drenering. Str\u00f8mkabelen trekkes inn i skapet nedenfra og festes i underlaget. Rommene i skapet er godt ventilert, og de er utstyrt med stikkontakter for tilkobling av ladere.  Kontakt oss p\u00e5 info@cyklos.no for et tilbud","og_url":"https:\/\/cyklos.stage.tankbar.cloud\/no\/produkt\/eco-charge-ladeskap\/","og_site_name":"Cyklos | Norge","article_modified_time":"2023-10-31T09:58:13+00:00","og_image":[{"width":1600,"height":1200,"url":"https:\/\/cyklos.stage.tankbar.cloud\/no\/wp-content\/uploads\/sites\/9\/2022\/09\/ladeskap-elsykkel.jpg","type":"image\/jpeg"}],"twitter_card":"summary_large_image","twitter_misc":{"Ansl. lesetid":"1 minutt"},"schema":{"@context":"https:\/\/schema.org","@graph":[{"@type":"WebPage","@id":"https:\/\/cyklos.stage.tankbar.cloud\/no\/produkt\/eco-charge-ladeskap\/","url":"https:\/\/cyklos.stage.tankbar.cloud\/no\/produkt\/eco-charge-ladeskap\/","name":"ECO CHARGE ladeskap - Cyklos | Norge","isPartOf":{"@id":"https:\/\/cyklos.stage.tankbar.cloud\/no\/#website"},"primaryImageOfPage":{"@id":"https:\/\/cyklos.stage.tankbar.cloud\/no\/produkt\/eco-charge-ladeskap\/#primaryimage"},"image":{"@id":"https:\/\/cyklos.stage.tankbar.cloud\/no\/produkt\/eco-charge-ladeskap\/#primaryimage"},"thumbnailUrl":"https:\/\/www.cyklos.se\/wp-content\/uploads\/sites\/9\/2022\/09\/ladeskap-elsykkel.jpg","datePublished":"2022-09-09T15:30:29+00:00","dateModified":"2023-10-31T09:58:13+00:00","breadcrumb":{"@id":"https:\/\/cyklos.stage.tankbar.cloud\/no\/produkt\/eco-charge-ladeskap\/#breadcrumb"},"inLanguage":"nb-NO","potentialAction":[{"@type":"ReadAction","target":["https:\/\/cyklos.stage.tankbar.cloud\/no\/produkt\/eco-charge-ladeskap\/"]}]},{"@type":"ImageObject","inLanguage":"nb-NO","@id":"https:\/\/cyklos.stage.tankbar.cloud\/no\/produkt\/eco-charge-ladeskap\/#primaryimage","url":"https:\/\/www.cyklos.se\/wp-content\/uploads\/sites\/9\/2022\/09\/ladeskap-elsykkel.jpg","contentUrl":"https:\/\/www.cyklos.se\/wp-content\/uploads\/sites\/9\/2022\/09\/ladeskap-elsykkel.jpg","width":1600,"height":1200},{"@type":"BreadcrumbList","@id":"https:\/\/cyklos.stage.tankbar.cloud\/no\/produkt\/eco-charge-ladeskap\/#breadcrumb","itemListElement":[{"@type":"ListItem","position":1,"name":"Home","item":"https:\/\/cyklos.stage.tankbar.cloud\/no\/"},{"@type":"ListItem","position":2,"name":"Produkter","item":"https:\/\/cyklos.stage.tankbar.cloud\/no\/shop\/"},{"@type":"ListItem","position":3,"name":"ECO CHARGE ladeskap"}]},{"@type":"WebSite","@id":"https:\/\/cyklos.stage.tankbar.cloud\/no\/#website","url":"https:\/\/cyklos.stage.tankbar.cloud\/no\/","name":"Cyklos | Norge","description":"Framtidens cykelparkering","potentialAction":[{"@type":"SearchAction","target":{"@type":"EntryPoint","urlTemplate":"https:\/\/cyklos.stage.tankbar.cloud\/no\/?s={search_term_string}"},"query-input":{"@type":"PropertyValueSpecification","valueRequired":true,"valueName":"search_term_string"}}],"inLanguage":"nb-NO"}]}},"_links":{"self":[{"href":"https:\/\/cyklos.stage.tankbar.cloud\/no\/wp-json\/wp\/v2\/product\/4528","targetHints":{"allow":["GET"]}}],"collection":[{"href":"https:\/\/cyklos.stage.tankbar.cloud\/no\/wp-json\/wp\/v2\/product"}],"about":[{"href":"https:\/\/cyklos.stage.tankbar.cloud\/no\/wp-json\/wp\/v2\/types\/product"}],"replies":[{"embeddable":true,"href":"https:\/\/cyklos.stage.tankbar.cloud\/no\/wp-json\/wp\/v2\/comments?post=4528"}],"wp:featuredmedia":[{"embeddable":true,"href":"https:\/\/cyklos.stage.tankbar.cloud\/no\/wp-json\/wp\/v2\/media\/4539"}],"wp:attachment":[{"href":"https:\/\/cyklos.stage.tankbar.cloud\/no\/wp-json\/wp\/v2\/media?parent=4528"}],"wp:term":[{"taxonomy":"product_brand","embeddable":true,"href":"https:\/\/cyklos.stage.tankbar.cloud\/no\/wp-json\/wp\/v2\/product_brand?post=4528"},{"taxonomy":"product_cat","embeddable":true,"href":"https:\/\/cyklos.stage.tankbar.cloud\/no\/wp-json\/wp\/v2\/product_cat?post=4528"},{"taxonomy":"product_tag","embeddable":true,"href":"https:\/\/cyklos.stage.tankbar.cloud\/no\/wp-json\/wp\/v2\/product_tag?post=4528"}],"curies":[{"name":"wp","href":"https:\/\/api.w.org\/{rel}","templated":true}]}}