{"id":4532,"date":"2022-09-08T10:01:26","date_gmt":"2022-09-08T08:01:26","guid":{"rendered":"https:\/\/cyklos.stage.tankbar.cloud\/no\/?post_type=product&#038;p=4532"},"modified":"2024-02-07T15:20:03","modified_gmt":"2024-02-07T14:20:03","slug":"sykkelbue-prio","status":"publish","type":"product","link":"https:\/\/cyklos.stage.tankbar.cloud\/no\/produkt\/sykkelbue-prio\/","title":{"rendered":"Sykkelbue PRIO"},"content":{"rendered":"<div class=\"wpb-content-wrapper\"><p>[vc_row][vc_column][vc_column_text]<\/p>\n<h3>Sykkelbue PRIO<\/h3>\n<p>Klassisk sykkelbue med mykt formspr\u00e5k som gir sikker rammel\u00e5sing. Sykkelen parkeres parallelt med buen, og rammen kan l\u00e5ses med en hvilken som helst type sykkell\u00e5s.<\/p>\n<h3>Muligheter<\/h3>\n<p>Intuitivt og brukervennlig sykkelstativ der sykkelparkering kan foretas med forskjellige sykkelmodeller, inkludert laste- og kassesykler. Tilgjengelig i to bredder, 300 mm og 1000 mm. PRIO kan kombineres med alle v\u00e5re andre sykkelstativer og sykkeltak.<\/p>\n<h3><strong>Sertifiseringer<\/strong><\/h3>\n<p><img decoding=\"async\" src=\"https:\/\/cyklos.stage.tankbar.cloud\/wp-content\/uploads\/2018\/04\/byggvarubedo%CC%88mningen-300x30.png\" \/><\/p>\n<h4>Vanlige sp\u00f8rsm\u00e5l<\/h4>\n<p><strong>Kan du f\u00e5 lastesykkelbue PRIO i forskjellige farger?<\/strong>\u00a0\u2013 Ja, det er mulig \u00e5 f\u00e5 i alle RAL-farger. Standardutf\u00f8relsen er i svart RAL 9005.<\/p>\n<p>Fikk du ikke svar p\u00e5 sp\u00f8rsm\u00e5let ditt? \u2014 <a href=\"https:\/\/cyklos.stage.tankbar.cloud\/no\/kontakt\/\">Kontakt oss<\/a> eller sjekk i <a href=\"https:\/\/cyklos.stage.tankbar.cloud\/no\/kunskap-och-planering\/\">kunnskapsbanken.<\/a>[\/vc_column_text][\/vc_column][\/vc_row]<\/p>\n<\/div>","protected":false},"excerpt":{"rendered":"<p>Klassisk sykkelbue med mykt formspr\u00e5k som gir sikker rammel\u00e5sing. Sykkelen parkeres parallelt med buen, og rammen kan l\u00e5ses med en hvilken som helst type sykkell\u00e5s. Tilgjengelig i to bredder, 300 mm og 1000 mm.<\/p>\n<h6>Kontakt oss p\u00e5 <a href=\"mailto:info@cyklos.no\">info@cyklos.no<\/a> for et tilbud<\/h6>\n","protected":false},"featured_media":4412,"comment_status":"closed","ping_status":"closed","template":"","meta":{"_acf_changed":false},"product_brand":[],"product_cat":[261],"product_tag":[],"class_list":{"0":"post-4532","1":"product","2":"type-product","3":"status-publish","4":"has-post-thumbnail","6":"product_cat-sykkelstativ-sykkelpullert","8":"first","9":"instock","10":"shipping-taxable","11":"product-type-simple"},"acf":[],"yoast_head":"<!-- This site is optimized with the Yoast SEO plugin v27.2 - https:\/\/yoast.com\/product\/yoast-seo-wordpress\/ -->\n<title>Sykkelbue PRIO - Cyklos | Norge<\/title>\n<meta name=\"robots\" content=\"noindex, follow, max-snippet:-1, max-image-preview:large, max-video-preview:-1\" \/>\n<meta property=\"og:locale\" content=\"nb_NO\" \/>\n<meta property=\"og:type\" content=\"article\" \/>\n<meta property=\"og:title\" content=\"Sykkelbue PRIO - Cyklos | Norge\" \/>\n<meta property=\"og:description\" content=\"Klassisk sykkelbue med mykt formspr\u00e5k som gir sikker rammel\u00e5sing. Sykkelen parkeres parallelt med buen, og rammen kan l\u00e5ses med en hvilken som helst type sykkell\u00e5s. Tilgjengelig i to bredder, 300 mm og 1000 mm. Kontakt oss p\u00e5 info@cyklos.no for et tilbud\" \/>\n<meta property=\"og:url\" content=\"https:\/\/cyklos.stage.tankbar.cloud\/no\/produkt\/sykkelbue-prio\/\" \/>\n<meta property=\"og:site_name\" content=\"Cyklos | Norge\" \/>\n<meta property=\"article:modified_time\" content=\"2024-02-07T14:20:03+00:00\" \/>\n<meta property=\"og:image\" content=\"https:\/\/cyklos.stage.tankbar.cloud\/no\/wp-content\/uploads\/sites\/9\/2021\/11\/prio-produktkategori.jpg\" \/>\n\t<meta property=\"og:image:width\" content=\"2250\" \/>\n\t<meta property=\"og:image:height\" content=\"1200\" \/>\n\t<meta property=\"og:image:type\" content=\"image\/jpeg\" \/>\n<meta name=\"twitter:card\" content=\"summary_large_image\" \/>\n<meta name=\"twitter:label1\" content=\"Ansl. lesetid\" \/>\n\t<meta name=\"twitter:data1\" content=\"1 minutt\" \/>\n<script type=\"application\/ld+json\" class=\"yoast-schema-graph\">{\"@context\":\"https:\/\/schema.org\",\"@graph\":[{\"@type\":\"WebPage\",\"@id\":\"https:\/\/cyklos.stage.tankbar.cloud\/no\/produkt\/sykkelbue-prio\/\",\"url\":\"https:\/\/cyklos.stage.tankbar.cloud\/no\/produkt\/sykkelbue-prio\/\",\"name\":\"Sykkelbue PRIO - Cyklos | Norge\",\"isPartOf\":{\"@id\":\"https:\/\/cyklos.stage.tankbar.cloud\/no\/#website\"},\"primaryImageOfPage\":{\"@id\":\"https:\/\/cyklos.stage.tankbar.cloud\/no\/produkt\/sykkelbue-prio\/#primaryimage\"},\"image\":{\"@id\":\"https:\/\/cyklos.stage.tankbar.cloud\/no\/produkt\/sykkelbue-prio\/#primaryimage\"},\"thumbnailUrl\":\"https:\/\/www.cyklos.se\/wp-content\/uploads\/sites\/9\/2021\/11\/prio-produktkategori.jpg\",\"datePublished\":\"2022-09-08T08:01:26+00:00\",\"dateModified\":\"2024-02-07T14:20:03+00:00\",\"breadcrumb\":{\"@id\":\"https:\/\/cyklos.stage.tankbar.cloud\/no\/produkt\/sykkelbue-prio\/#breadcrumb\"},\"inLanguage\":\"nb-NO\",\"potentialAction\":[{\"@type\":\"ReadAction\",\"target\":[\"https:\/\/cyklos.stage.tankbar.cloud\/no\/produkt\/sykkelbue-prio\/\"]}]},{\"@type\":\"ImageObject\",\"inLanguage\":\"nb-NO\",\"@id\":\"https:\/\/cyklos.stage.tankbar.cloud\/no\/produkt\/sykkelbue-prio\/#primaryimage\",\"url\":\"https:\/\/www.cyklos.se\/wp-content\/uploads\/sites\/9\/2021\/11\/prio-produktkategori.jpg\",\"contentUrl\":\"https:\/\/www.cyklos.se\/wp-content\/uploads\/sites\/9\/2021\/11\/prio-produktkategori.jpg\",\"width\":2250,\"height\":1200},{\"@type\":\"BreadcrumbList\",\"@id\":\"https:\/\/cyklos.stage.tankbar.cloud\/no\/produkt\/sykkelbue-prio\/#breadcrumb\",\"itemListElement\":[{\"@type\":\"ListItem\",\"position\":1,\"name\":\"Home\",\"item\":\"https:\/\/cyklos.stage.tankbar.cloud\/no\/\"},{\"@type\":\"ListItem\",\"position\":2,\"name\":\"Produkter\",\"item\":\"https:\/\/cyklos.stage.tankbar.cloud\/no\/shop\/\"},{\"@type\":\"ListItem\",\"position\":3,\"name\":\"Sykkelbue PRIO\"}]},{\"@type\":\"WebSite\",\"@id\":\"https:\/\/cyklos.stage.tankbar.cloud\/no\/#website\",\"url\":\"https:\/\/cyklos.stage.tankbar.cloud\/no\/\",\"name\":\"Cyklos | Norge\",\"description\":\"Framtidens cykelparkering\",\"potentialAction\":[{\"@type\":\"SearchAction\",\"target\":{\"@type\":\"EntryPoint\",\"urlTemplate\":\"https:\/\/cyklos.stage.tankbar.cloud\/no\/?s={search_term_string}\"},\"query-input\":{\"@type\":\"PropertyValueSpecification\",\"valueRequired\":true,\"valueName\":\"search_term_string\"}}],\"inLanguage\":\"nb-NO\"}]}<\/script>\n<!-- \/ Yoast SEO plugin. -->","yoast_head_json":{"title":"Sykkelbue PRIO - Cyklos | Norge","robots":{"index":"noindex","follow":"follow","max-snippet":"max-snippet:-1","max-image-preview":"max-image-preview:large","max-video-preview":"max-video-preview:-1"},"og_locale":"nb_NO","og_type":"article","og_title":"Sykkelbue PRIO - Cyklos | Norge","og_description":"Klassisk sykkelbue med mykt formspr\u00e5k som gir sikker rammel\u00e5sing. Sykkelen parkeres parallelt med buen, og rammen kan l\u00e5ses med en hvilken som helst type sykkell\u00e5s. Tilgjengelig i to bredder, 300 mm og 1000 mm. Kontakt oss p\u00e5 info@cyklos.no for et tilbud","og_url":"https:\/\/cyklos.stage.tankbar.cloud\/no\/produkt\/sykkelbue-prio\/","og_site_name":"Cyklos | Norge","article_modified_time":"2024-02-07T14:20:03+00:00","og_image":[{"width":2250,"height":1200,"url":"https:\/\/cyklos.stage.tankbar.cloud\/no\/wp-content\/uploads\/sites\/9\/2021\/11\/prio-produktkategori.jpg","type":"image\/jpeg"}],"twitter_card":"summary_large_image","twitter_misc":{"Ansl. lesetid":"1 minutt"},"schema":{"@context":"https:\/\/schema.org","@graph":[{"@type":"WebPage","@id":"https:\/\/cyklos.stage.tankbar.cloud\/no\/produkt\/sykkelbue-prio\/","url":"https:\/\/cyklos.stage.tankbar.cloud\/no\/produkt\/sykkelbue-prio\/","name":"Sykkelbue PRIO - Cyklos | Norge","isPartOf":{"@id":"https:\/\/cyklos.stage.tankbar.cloud\/no\/#website"},"primaryImageOfPage":{"@id":"https:\/\/cyklos.stage.tankbar.cloud\/no\/produkt\/sykkelbue-prio\/#primaryimage"},"image":{"@id":"https:\/\/cyklos.stage.tankbar.cloud\/no\/produkt\/sykkelbue-prio\/#primaryimage"},"thumbnailUrl":"https:\/\/www.cyklos.se\/wp-content\/uploads\/sites\/9\/2021\/11\/prio-produktkategori.jpg","datePublished":"2022-09-08T08:01:26+00:00","dateModified":"2024-02-07T14:20:03+00:00","breadcrumb":{"@id":"https:\/\/cyklos.stage.tankbar.cloud\/no\/produkt\/sykkelbue-prio\/#breadcrumb"},"inLanguage":"nb-NO","potentialAction":[{"@type":"ReadAction","target":["https:\/\/cyklos.stage.tankbar.cloud\/no\/produkt\/sykkelbue-prio\/"]}]},{"@type":"ImageObject","inLanguage":"nb-NO","@id":"https:\/\/cyklos.stage.tankbar.cloud\/no\/produkt\/sykkelbue-prio\/#primaryimage","url":"https:\/\/www.cyklos.se\/wp-content\/uploads\/sites\/9\/2021\/11\/prio-produktkategori.jpg","contentUrl":"https:\/\/www.cyklos.se\/wp-content\/uploads\/sites\/9\/2021\/11\/prio-produktkategori.jpg","width":2250,"height":1200},{"@type":"BreadcrumbList","@id":"https:\/\/cyklos.stage.tankbar.cloud\/no\/produkt\/sykkelbue-prio\/#breadcrumb","itemListElement":[{"@type":"ListItem","position":1,"name":"Home","item":"https:\/\/cyklos.stage.tankbar.cloud\/no\/"},{"@type":"ListItem","position":2,"name":"Produkter","item":"https:\/\/cyklos.stage.tankbar.cloud\/no\/shop\/"},{"@type":"ListItem","position":3,"name":"Sykkelbue PRIO"}]},{"@type":"WebSite","@id":"https:\/\/cyklos.stage.tankbar.cloud\/no\/#website","url":"https:\/\/cyklos.stage.tankbar.cloud\/no\/","name":"Cyklos | Norge","description":"Framtidens cykelparkering","potentialAction":[{"@type":"SearchAction","target":{"@type":"EntryPoint","urlTemplate":"https:\/\/cyklos.stage.tankbar.cloud\/no\/?s={search_term_string}"},"query-input":{"@type":"PropertyValueSpecification","valueRequired":true,"valueName":"search_term_string"}}],"inLanguage":"nb-NO"}]}},"_links":{"self":[{"href":"https:\/\/cyklos.stage.tankbar.cloud\/no\/wp-json\/wp\/v2\/product\/4532","targetHints":{"allow":["GET"]}}],"collection":[{"href":"https:\/\/cyklos.stage.tankbar.cloud\/no\/wp-json\/wp\/v2\/product"}],"about":[{"href":"https:\/\/cyklos.stage.tankbar.cloud\/no\/wp-json\/wp\/v2\/types\/product"}],"replies":[{"embeddable":true,"href":"https:\/\/cyklos.stage.tankbar.cloud\/no\/wp-json\/wp\/v2\/comments?post=4532"}],"wp:featuredmedia":[{"embeddable":true,"href":"https:\/\/cyklos.stage.tankbar.cloud\/no\/wp-json\/wp\/v2\/media\/4412"}],"wp:attachment":[{"href":"https:\/\/cyklos.stage.tankbar.cloud\/no\/wp-json\/wp\/v2\/media?parent=4532"}],"wp:term":[{"taxonomy":"product_brand","embeddable":true,"href":"https:\/\/cyklos.stage.tankbar.cloud\/no\/wp-json\/wp\/v2\/product_brand?post=4532"},{"taxonomy":"product_cat","embeddable":true,"href":"https:\/\/cyklos.stage.tankbar.cloud\/no\/wp-json\/wp\/v2\/product_cat?post=4532"},{"taxonomy":"product_tag","embeddable":true,"href":"https:\/\/cyklos.stage.tankbar.cloud\/no\/wp-json\/wp\/v2\/product_tag?post=4532"}],"curies":[{"name":"wp","href":"https:\/\/api.w.org\/{rel}","templated":true}]}}