{"id":4536,"date":"2022-09-12T09:03:21","date_gmt":"2022-09-12T07:03:21","guid":{"rendered":"https:\/\/cyklos.stage.tankbar.cloud\/no\/?post_type=product&#038;p=4536"},"modified":"2023-10-31T10:59:49","modified_gmt":"2023-10-31T09:59:49","slug":"vannstasjon-wave-stream","status":"publish","type":"product","link":"https:\/\/cyklos.stage.tankbar.cloud\/no\/produkt\/vannstasjon-wave-stream\/","title":{"rendered":"Vannstasjon WAVE STREAM"},"content":{"rendered":"<div class=\"wpb-content-wrapper\"><p>[vc_row][vc_column][vc_column_text]<\/p>\n<p>\u2013 WAVE STREAM brukes til \u00e5 fylle medbrakte vannflasker p\u00e5 opptil 1,5 liter<\/p>\n<p>\u2013 Trenger ikke str\u00f8m og fungerer hele \u00e5ret ved hjelp av et selvdrenerende ventilsystem<\/p>\n<p>\u2013 Hygienisk konstruksjon der vannuttaket er innfelt i skapet. Kan ikke bli forurenset av dyr eller mennesker, noe som ofte er tilfelle p\u00e5 klassiske drikkevannsfontener.<\/p>\n<p>\u2013 Innebygd vannsikring og tilbakeslagsventil som hindrer at vann suges tilbake i ledningsnettet. Beskytter mot forurensning som f\u00f8lge av oversv\u00f8mmelse, tilstopping eller h\u00e6rverk (fors\u00f8k p\u00e5 forgiftning\/forurensning).<\/p>\n<p>\u2013 Vannstasjonen t\u00f8mmes automatisk etter hver aktivering. Forhindrer ansamling av soloppvarmet vann p\u00e5 varme sommerdager.<\/p>\n<p>\u2013 Pulverlakkert skap i 4 mm st\u00e5l, som er behandlet med sinkprimer og har et overflatelag i korrosjonsklasse C5<\/p>\n<p>\u2013 Skapfronten er festet med rustfrie sikkerhetsskruer som krever spesialverkt\u00f8y (inkludert).<\/p>\n<p>\u2013 Kobles til vannledning med trykk p\u00e5 opptil 10 bar \u2013 str\u00f8mningshastigheten (l\/min) kan justeres fra utsiden med en unbrakon\u00f8kkel<\/p>\n<p>\u2013 Anvisninger for feils\u00f8king, service og reparasjon er inkludert[\/vc_column_text][\/vc_column][\/vc_row]<\/p>\n<\/div>","protected":false},"excerpt":{"rendered":"<p>Offentlig vannstasjon for p\u00e5fylling av drikkevann i vannflasker, med fokus p\u00e5 hygiene og driftssikkerhet. Drives helt uten str\u00f8m og er konstruert med et st\u00e5lchassis for \u00e5 t\u00e5le det t\u00f8ffe offentlige utemilj\u00f8et. Fungerer hele \u00e5ret og kan plasseres i urbane milj\u00f8er og ved siden av sykkelfelt.<\/p>\n<h6>Kontakt oss p\u00e5\u00a0<a href=\"mailto:info@cyklos.no\">info@cyklos.no<\/a> for et tilbud.<\/h6>\n","protected":false},"featured_media":4544,"comment_status":"closed","ping_status":"closed","template":"","meta":{"_acf_changed":false},"product_brand":[],"product_cat":[278],"product_tag":[],"class_list":{"0":"post-4536","1":"product","2":"type-product","3":"status-publish","4":"has-post-thumbnail","6":"product_cat-sykkelservicestasjon-sykkelpumpe-ladeskap","8":"first","9":"instock","10":"shipping-taxable","11":"product-type-simple"},"acf":[],"yoast_head":"<!-- This site is optimized with the Yoast SEO plugin v27.2 - https:\/\/yoast.com\/product\/yoast-seo-wordpress\/ -->\n<title>Vannstasjon WAVE STREAM - Cyklos | Norge<\/title>\n<meta name=\"robots\" content=\"noindex, follow, max-snippet:-1, max-image-preview:large, max-video-preview:-1\" \/>\n<meta property=\"og:locale\" content=\"nb_NO\" \/>\n<meta property=\"og:type\" content=\"article\" \/>\n<meta property=\"og:title\" content=\"Vannstasjon WAVE STREAM - Cyklos | Norge\" \/>\n<meta property=\"og:description\" content=\"Offentlig vannstasjon for p\u00e5fylling av drikkevann i vannflasker, med fokus p\u00e5 hygiene og driftssikkerhet. Drives helt uten str\u00f8m og er konstruert med et st\u00e5lchassis for \u00e5 t\u00e5le det t\u00f8ffe offentlige utemilj\u00f8et. Fungerer hele \u00e5ret og kan plasseres i urbane milj\u00f8er og ved siden av sykkelfelt. Kontakt oss p\u00e5\u00a0info@cyklos.no for et tilbud.\" \/>\n<meta property=\"og:url\" content=\"https:\/\/cyklos.stage.tankbar.cloud\/no\/produkt\/vannstasjon-wave-stream\/\" \/>\n<meta property=\"og:site_name\" content=\"Cyklos | Norge\" \/>\n<meta property=\"article:modified_time\" content=\"2023-10-31T09:59:49+00:00\" \/>\n<meta property=\"og:image\" content=\"https:\/\/cyklos.stage.tankbar.cloud\/no\/wp-content\/uploads\/sites\/9\/2022\/09\/vannstasjon-offentlig-miljo.jpg\" \/>\n\t<meta property=\"og:image:width\" content=\"1859\" \/>\n\t<meta property=\"og:image:height\" content=\"1200\" \/>\n\t<meta property=\"og:image:type\" content=\"image\/jpeg\" \/>\n<meta name=\"twitter:card\" content=\"summary_large_image\" \/>\n<meta name=\"twitter:label1\" content=\"Ansl. lesetid\" \/>\n\t<meta name=\"twitter:data1\" content=\"1 minutt\" \/>\n<script type=\"application\/ld+json\" class=\"yoast-schema-graph\">{\"@context\":\"https:\/\/schema.org\",\"@graph\":[{\"@type\":\"WebPage\",\"@id\":\"https:\/\/cyklos.stage.tankbar.cloud\/no\/produkt\/vannstasjon-wave-stream\/\",\"url\":\"https:\/\/cyklos.stage.tankbar.cloud\/no\/produkt\/vannstasjon-wave-stream\/\",\"name\":\"Vannstasjon WAVE STREAM - Cyklos | Norge\",\"isPartOf\":{\"@id\":\"https:\/\/cyklos.stage.tankbar.cloud\/no\/#website\"},\"primaryImageOfPage\":{\"@id\":\"https:\/\/cyklos.stage.tankbar.cloud\/no\/produkt\/vannstasjon-wave-stream\/#primaryimage\"},\"image\":{\"@id\":\"https:\/\/cyklos.stage.tankbar.cloud\/no\/produkt\/vannstasjon-wave-stream\/#primaryimage\"},\"thumbnailUrl\":\"https:\/\/www.cyklos.se\/wp-content\/uploads\/sites\/9\/2022\/09\/vannstasjon-offentlig-miljo.jpg\",\"datePublished\":\"2022-09-12T07:03:21+00:00\",\"dateModified\":\"2023-10-31T09:59:49+00:00\",\"breadcrumb\":{\"@id\":\"https:\/\/cyklos.stage.tankbar.cloud\/no\/produkt\/vannstasjon-wave-stream\/#breadcrumb\"},\"inLanguage\":\"nb-NO\",\"potentialAction\":[{\"@type\":\"ReadAction\",\"target\":[\"https:\/\/cyklos.stage.tankbar.cloud\/no\/produkt\/vannstasjon-wave-stream\/\"]}]},{\"@type\":\"ImageObject\",\"inLanguage\":\"nb-NO\",\"@id\":\"https:\/\/cyklos.stage.tankbar.cloud\/no\/produkt\/vannstasjon-wave-stream\/#primaryimage\",\"url\":\"https:\/\/www.cyklos.se\/wp-content\/uploads\/sites\/9\/2022\/09\/vannstasjon-offentlig-miljo.jpg\",\"contentUrl\":\"https:\/\/www.cyklos.se\/wp-content\/uploads\/sites\/9\/2022\/09\/vannstasjon-offentlig-miljo.jpg\",\"width\":1859,\"height\":1200},{\"@type\":\"BreadcrumbList\",\"@id\":\"https:\/\/cyklos.stage.tankbar.cloud\/no\/produkt\/vannstasjon-wave-stream\/#breadcrumb\",\"itemListElement\":[{\"@type\":\"ListItem\",\"position\":1,\"name\":\"Home\",\"item\":\"https:\/\/cyklos.stage.tankbar.cloud\/no\/\"},{\"@type\":\"ListItem\",\"position\":2,\"name\":\"Produkter\",\"item\":\"https:\/\/cyklos.stage.tankbar.cloud\/no\/shop\/\"},{\"@type\":\"ListItem\",\"position\":3,\"name\":\"Vannstasjon WAVE STREAM\"}]},{\"@type\":\"WebSite\",\"@id\":\"https:\/\/cyklos.stage.tankbar.cloud\/no\/#website\",\"url\":\"https:\/\/cyklos.stage.tankbar.cloud\/no\/\",\"name\":\"Cyklos | Norge\",\"description\":\"Framtidens cykelparkering\",\"potentialAction\":[{\"@type\":\"SearchAction\",\"target\":{\"@type\":\"EntryPoint\",\"urlTemplate\":\"https:\/\/cyklos.stage.tankbar.cloud\/no\/?s={search_term_string}\"},\"query-input\":{\"@type\":\"PropertyValueSpecification\",\"valueRequired\":true,\"valueName\":\"search_term_string\"}}],\"inLanguage\":\"nb-NO\"}]}<\/script>\n<!-- \/ Yoast SEO plugin. -->","yoast_head_json":{"title":"Vannstasjon WAVE STREAM - Cyklos | Norge","robots":{"index":"noindex","follow":"follow","max-snippet":"max-snippet:-1","max-image-preview":"max-image-preview:large","max-video-preview":"max-video-preview:-1"},"og_locale":"nb_NO","og_type":"article","og_title":"Vannstasjon WAVE STREAM - Cyklos | Norge","og_description":"Offentlig vannstasjon for p\u00e5fylling av drikkevann i vannflasker, med fokus p\u00e5 hygiene og driftssikkerhet. Drives helt uten str\u00f8m og er konstruert med et st\u00e5lchassis for \u00e5 t\u00e5le det t\u00f8ffe offentlige utemilj\u00f8et. Fungerer hele \u00e5ret og kan plasseres i urbane milj\u00f8er og ved siden av sykkelfelt. Kontakt oss p\u00e5\u00a0info@cyklos.no for et tilbud.","og_url":"https:\/\/cyklos.stage.tankbar.cloud\/no\/produkt\/vannstasjon-wave-stream\/","og_site_name":"Cyklos | Norge","article_modified_time":"2023-10-31T09:59:49+00:00","og_image":[{"width":1859,"height":1200,"url":"https:\/\/cyklos.stage.tankbar.cloud\/no\/wp-content\/uploads\/sites\/9\/2022\/09\/vannstasjon-offentlig-miljo.jpg","type":"image\/jpeg"}],"twitter_card":"summary_large_image","twitter_misc":{"Ansl. lesetid":"1 minutt"},"schema":{"@context":"https:\/\/schema.org","@graph":[{"@type":"WebPage","@id":"https:\/\/cyklos.stage.tankbar.cloud\/no\/produkt\/vannstasjon-wave-stream\/","url":"https:\/\/cyklos.stage.tankbar.cloud\/no\/produkt\/vannstasjon-wave-stream\/","name":"Vannstasjon WAVE STREAM - Cyklos | Norge","isPartOf":{"@id":"https:\/\/cyklos.stage.tankbar.cloud\/no\/#website"},"primaryImageOfPage":{"@id":"https:\/\/cyklos.stage.tankbar.cloud\/no\/produkt\/vannstasjon-wave-stream\/#primaryimage"},"image":{"@id":"https:\/\/cyklos.stage.tankbar.cloud\/no\/produkt\/vannstasjon-wave-stream\/#primaryimage"},"thumbnailUrl":"https:\/\/www.cyklos.se\/wp-content\/uploads\/sites\/9\/2022\/09\/vannstasjon-offentlig-miljo.jpg","datePublished":"2022-09-12T07:03:21+00:00","dateModified":"2023-10-31T09:59:49+00:00","breadcrumb":{"@id":"https:\/\/cyklos.stage.tankbar.cloud\/no\/produkt\/vannstasjon-wave-stream\/#breadcrumb"},"inLanguage":"nb-NO","potentialAction":[{"@type":"ReadAction","target":["https:\/\/cyklos.stage.tankbar.cloud\/no\/produkt\/vannstasjon-wave-stream\/"]}]},{"@type":"ImageObject","inLanguage":"nb-NO","@id":"https:\/\/cyklos.stage.tankbar.cloud\/no\/produkt\/vannstasjon-wave-stream\/#primaryimage","url":"https:\/\/www.cyklos.se\/wp-content\/uploads\/sites\/9\/2022\/09\/vannstasjon-offentlig-miljo.jpg","contentUrl":"https:\/\/www.cyklos.se\/wp-content\/uploads\/sites\/9\/2022\/09\/vannstasjon-offentlig-miljo.jpg","width":1859,"height":1200},{"@type":"BreadcrumbList","@id":"https:\/\/cyklos.stage.tankbar.cloud\/no\/produkt\/vannstasjon-wave-stream\/#breadcrumb","itemListElement":[{"@type":"ListItem","position":1,"name":"Home","item":"https:\/\/cyklos.stage.tankbar.cloud\/no\/"},{"@type":"ListItem","position":2,"name":"Produkter","item":"https:\/\/cyklos.stage.tankbar.cloud\/no\/shop\/"},{"@type":"ListItem","position":3,"name":"Vannstasjon WAVE STREAM"}]},{"@type":"WebSite","@id":"https:\/\/cyklos.stage.tankbar.cloud\/no\/#website","url":"https:\/\/cyklos.stage.tankbar.cloud\/no\/","name":"Cyklos | Norge","description":"Framtidens cykelparkering","potentialAction":[{"@type":"SearchAction","target":{"@type":"EntryPoint","urlTemplate":"https:\/\/cyklos.stage.tankbar.cloud\/no\/?s={search_term_string}"},"query-input":{"@type":"PropertyValueSpecification","valueRequired":true,"valueName":"search_term_string"}}],"inLanguage":"nb-NO"}]}},"_links":{"self":[{"href":"https:\/\/cyklos.stage.tankbar.cloud\/no\/wp-json\/wp\/v2\/product\/4536","targetHints":{"allow":["GET"]}}],"collection":[{"href":"https:\/\/cyklos.stage.tankbar.cloud\/no\/wp-json\/wp\/v2\/product"}],"about":[{"href":"https:\/\/cyklos.stage.tankbar.cloud\/no\/wp-json\/wp\/v2\/types\/product"}],"replies":[{"embeddable":true,"href":"https:\/\/cyklos.stage.tankbar.cloud\/no\/wp-json\/wp\/v2\/comments?post=4536"}],"wp:featuredmedia":[{"embeddable":true,"href":"https:\/\/cyklos.stage.tankbar.cloud\/no\/wp-json\/wp\/v2\/media\/4544"}],"wp:attachment":[{"href":"https:\/\/cyklos.stage.tankbar.cloud\/no\/wp-json\/wp\/v2\/media?parent=4536"}],"wp:term":[{"taxonomy":"product_brand","embeddable":true,"href":"https:\/\/cyklos.stage.tankbar.cloud\/no\/wp-json\/wp\/v2\/product_brand?post=4536"},{"taxonomy":"product_cat","embeddable":true,"href":"https:\/\/cyklos.stage.tankbar.cloud\/no\/wp-json\/wp\/v2\/product_cat?post=4536"},{"taxonomy":"product_tag","embeddable":true,"href":"https:\/\/cyklos.stage.tankbar.cloud\/no\/wp-json\/wp\/v2\/product_tag?post=4536"}],"curies":[{"name":"wp","href":"https:\/\/api.w.org\/{rel}","templated":true}]}}